{"id":40885,"date":"2020-05-12T10:14:36","date_gmt":"2020-05-12T09:14:36","guid":{"rendered":"https:\/\/ellebicalzature.it\/politica-de-privacidad\/"},"modified":"2020-05-12T10:14:36","modified_gmt":"2020-05-12T09:14:36","slug":"politica-de-privacidad","status":"publish","type":"page","link":"https:\/\/ellebicalzature.it\/es\/politica-de-privacidad\/","title":{"rendered":"Pol\u00edtica de Privacidad"},"content":{"rendered":"<p>En esta p\u00e1gina se describen las modalidades de gesti\u00f3n del sitio web www.ellebicalzature.it en relaci\u00f3n con el tratamiento de los datos personales de los usuarios que lo consultan. Se trata de una informaci\u00f3n sobre el tratamiento de datos personales que tambi\u00e9n se proporciona de conformidad con el art. 13 del RGPD 679\/2016 (en adelante, Reglamento Europeo de Privacidad) para los usuarios que utilizan los servicios de nuestro sitio web. La informaci\u00f3n se proporciona solo para este sitio y no para otros sitios web que el usuario pueda consultar a trav\u00e9s de enlaces.   <\/p>\n<p>RESPONSABLE DEL TRATAMIENTO<\/p>\n<p>El Responsable del tratamiento de los datos personales es Ellebi calzature con sede en Via Antonietta De Pace 25\/39, correo electr\u00f3nico: info@ellebicalzature.it<\/p>\n<p>DATOS DE NAVEGACI\u00d3N<\/p>\n<p>Los sistemas inform\u00e1ticos y los procedimientos de software utilizados para el funcionamiento de este sitio web adquieren, durante su funcionamiento normal, algunos datos personales cuya transmisi\u00f3n est\u00e1 impl\u00edcita en el uso de los protocolos de comunicaci\u00f3n de Internet. Se trata de informaci\u00f3n que no se recopila para ser asociada a interesados identificados, pero que por su propia naturaleza podr\u00eda, a trav\u00e9s de procesamientos y asociaciones con datos en poder de terceros, permitir la identificaci\u00f3n de los usuarios. Esta categor\u00eda de datos incluye las direcciones IP o los nombres de dominio de los ordenadores utilizados por los usuarios que se conectan al sitio, las direcciones en notaci\u00f3n URI (Identificador Uniforme de Recursos) de los recursos solicitados, la hora de la solicitud, el m\u00e9todo utilizado para enviar la solicitud al servidor, el tama\u00f1o del archivo obtenido en respuesta, el c\u00f3digo num\u00e9rico que indica el estado de la respuesta dada por el servidor y otros par\u00e1metros relacionados con el sistema operativo y el entorno inform\u00e1tico del usuario. Estos datos se utilizan con el \u00fanico fin de obtener informaci\u00f3n estad\u00edstica an\u00f3nima sobre el uso del sitio y para comprobar su correcto funcionamiento, y se eliminan inmediatamente despu\u00e9s del procesamiento. Los datos podr\u00edan utilizarse para determinar la responsabilidad en caso de posibles delitos inform\u00e1ticos contra el sitio.    <\/p>\n<p>FINALIDADES DEL TRATAMIENTO<\/p>\n<p>Las finalidades del tratamiento se refieren a:<\/p>\n<ul>\n<li>&#8211; creaci\u00f3n de una cuenta (nombre, apellidos, raz\u00f3n social, fecha de nacimiento, correo electr\u00f3nico, n\u00famero de identificaci\u00f3n fiscal, c\u00f3digo fiscal, n\u00famero de tel\u00e9fono y\/o m\u00f3vil)<\/li>\n<li>&#8211; compra y datos relacionados para el env\u00edo<\/li>\n<li>&#8211; posibles contactos del usuario<\/li>\n<li>&#8211; suscripci\u00f3n al bolet\u00edn marcando la casilla correspondiente<\/li>\n<li>&#8211; recibir ofertas especiales de nuestros socios marcando la casilla correspondiente.<\/li>\n<\/ul>\n<p>Los datos introducidos se utilizan para responder a las solicitudes de los usuarios y, en su caso, para volver a contactarlos.<\/p>\n<p>LUGAR DEL TRATAMIENTO<\/p>\n<p>Los tratamientos relacionados con los servicios web de este sitio tienen lugar en la misma empresa.<\/p>\n<p>MODALIDAD DE TRATAMIENTO DE LOS DATOS<\/p>\n<p>Los datos personales recogidos se tratan con herramientas inform\u00e1ticas automatizadas. Se observan medidas de seguridad adecuadas para prevenir la p\u00e9rdida de datos, usos il\u00edcitos o incorrectos y accesos no autorizados. <\/p>\n<p>FACULTAD DE PROPORCIONAR LOS DATOS<\/p>\n<p>Aparte de lo especificado para los datos de navegaci\u00f3n, el usuario es libre de proporcionar los datos personales indicados en los diferentes campos. La provisi\u00f3n de datos es obligatoria en los formularios con asterisco (*), con el fin de poder proporcionarle los servicios y las solicitudes. En cualquier caso, la falta de provisi\u00f3n de los mismos puede resultar en la imposibilidad de obtener lo deseado.  <\/p>\n<p>BASE JUR\u00cdDICA<\/p>\n<p>Para las finalidades descritas anteriormente, las bases jur\u00eddicas se fundamentan en el consentimiento expreso del interesado para el tratamiento de sus datos personales para uno o m\u00e1s fines espec\u00edficos (creaci\u00f3n de una cuenta; suscripci\u00f3n al bolet\u00edn; recepci\u00f3n de ofertas especiales de nuestros socios); el tratamiento es necesario para la ejecuci\u00f3n de un contrato del que el interesado es parte o para la ejecuci\u00f3n de medidas precontractuales adoptadas a petici\u00f3n del mismo (compra y datos relacionados para el env\u00edo)<\/p>\n<p>COMUNICACI\u00d3N Y DIFUSI\u00d3N DE LOS DATOS<\/p>\n<p>Los datos personales proporcionados por el usuario no ser\u00e1n difundidos. Sus datos no ser\u00e1n transferidos fuera de la UE. Los datos personales podr\u00e1n ser comunicados y tratados por los sujetos designados de la estructura, con la debida autorizaci\u00f3n, y por terceros en calidad de responsables externos del tratamiento o titulares aut\u00f3nomos del tratamiento que prestan servicios instrumentales para satisfacer la solicitud del usuario (por una obligaci\u00f3n legal y la base jur\u00eddica recae en el inter\u00e9s leg\u00edtimo del responsable del tratamiento). La lista actualizada est\u00e1 disponible en la sede legal de la empresa.  <\/p>\n<p>ELABORACI\u00d3N DE PERFILES Y DIFUSI\u00d3N DE LOS DATOS<\/p>\n<p>Sus datos personales no est\u00e1n sujetos a ning\u00fan proceso de toma de decisiones totalmente automatizado, incluida la elaboraci\u00f3n de perfiles.<\/p>\n<p>COOKIES<\/p>\n<p>Por cookies se entiende un elemento textual que se inserta en el disco duro de un ordenador solo despu\u00e9s de la autorizaci\u00f3n. Las cookies tienen la funci\u00f3n de recordar el estado del usuario y, por lo tanto, facilitar la navegaci\u00f3n. <\/p>\n<p>Estas pueden habilitarse directamente en el navegador que se est\u00e1 utilizando (Internet Explorer, Google Chrome, Mozilla Firefox, Safari, etc.). Para ello, es necesario acceder a la secci\u00f3n de herramientas del propio navegador y hacer clic en la subsecci\u00f3n de privacidad. La habilitaci\u00f3n de las cookies permite al usuario ser reconocido inmediatamente en nuestro sitio en cada visita posterior a la primera, y por lo tanto una navegaci\u00f3n m\u00e1s f\u00e1cil y fluida dentro del sitio, adem\u00e1s de la posibilidad de disfrutar de un servicio personalizado.  <\/p>\n<p>DERECHOS DE LOS INTERESADOS<\/p>\n<p>Los sujetos a los que se refieren los datos personales tienen derecho en cualquier momento a revocar su consentimiento; a solicitar el acceso a los datos personales y la rectificaci\u00f3n o la cancelaci\u00f3n de los mismos o la limitaci\u00f3n del tratamiento de los datos personales que les conciernen y a oponerse a su tratamiento, adem\u00e1s del derecho a la portabilidad de los datos y las solicitudes de derecho al olvido; a presentar una reclamaci\u00f3n ante la Autoridad Garante para la protecci\u00f3n de los datos personales italiana. Las solicitudes deben dirigirse al Responsable del Tratamiento de los datos especificados anteriormente, mediante el env\u00edo de un correo electr\u00f3nico a la siguiente direcci\u00f3n: info@ellebicalzature.it <\/p>\n<p>CONDICIONES APLICABLES AL CONSENTIMIENTO DE LOS MENORES EN RELACI\u00d3N CON LOS SERVICIOS DE LA SOCIEDAD<\/p>\n<p>DE LA INFORMACI\u00d3N<\/p>\n<p>Si usted es un usuario menor de 14 a\u00f1os, es necesario, para los fines de recopilaci\u00f3n de sus datos, que el consentimiento sea prestado o autorizado por el titular de la responsabilidad parental.<\/p>\n<p>PER\u00cdODO DE CONSERVACI\u00d3N DE LOS DATOS<\/p>\n<p>Sus datos se conservar\u00e1n durante un per\u00edodo m\u00e1ximo relativo al cumplimiento de su solicitud y posteriormente durante un per\u00edodo compatible con las obligaciones fiscales para la finalidad de compra.<\/p>\n<p>MODIFICACIONES A LA POL\u00cdTICA DE PRIVACIDAD<\/p>\n<p>El responsable se reserva el derecho de modificar esta pol\u00edtica de privacidad en cualquier momento y a su discreci\u00f3n; el usuario est\u00e1 obligado a verificar las posibles modificaciones.<\/p>\n","protected":false},"excerpt":{"rendered":"<p>En esta p\u00e1gina se describen las modalidades de gesti\u00f3n del sitio web www.ellebicalzature.it en relaci\u00f3n con el tratamiento de los<\/p>\n","protected":false},"author":4154,"featured_media":0,"parent":0,"menu_order":0,"comment_status":"closed","ping_status":"closed","template":"","meta":{"_monsterinsights_skip_tracking":false,"_monsterinsights_sitenote_active":false,"_monsterinsights_sitenote_note":"","_monsterinsights_sitenote_category":0,"footnotes":""},"class_list":["post-40885","page","type-page","status-publish","hentry"],"yoast_head":"<!-- This site is optimized with the Yoast SEO plugin v27.3 - https:\/\/yoast.com\/product\/yoast-seo-wordpress\/ -->\n<title>Pol\u00edtica de Privacidad | Ellebi<\/title>\n<meta name=\"robots\" content=\"index, follow, max-snippet:-1, max-image-preview:large, max-video-preview:-1\" \/>\n<link rel=\"canonical\" href=\"https:\/\/ellebicalzature.it\/es\/politica-de-privacidad\/\" \/>\n<meta property=\"og:locale\" content=\"es_ES\" \/>\n<meta property=\"og:type\" content=\"article\" \/>\n<meta property=\"og:title\" content=\"Pol\u00edtica de Privacidad | Ellebi\" \/>\n<meta property=\"og:description\" content=\"En esta p\u00e1gina se describen las modalidades de gesti\u00f3n del sitio web www.ellebicalzature.it en relaci\u00f3n con el tratamiento de los\" \/>\n<meta property=\"og:url\" content=\"https:\/\/ellebicalzature.it\/es\/politica-de-privacidad\/\" \/>\n<meta property=\"og:site_name\" content=\"Ellebi\" \/>\n<meta property=\"article:publisher\" content=\"https:\/\/www.facebook.com\/ellebisandaliartigianaligallipoli\/\" \/>\n<meta name=\"twitter:card\" content=\"summary_large_image\" \/>\n<meta name=\"twitter:label1\" content=\"Tiempo de lectura\" \/>\n\t<meta name=\"twitter:data1\" content=\"6 minutos\" \/>\n<script type=\"application\/ld+json\" class=\"yoast-schema-graph\">{\"@context\":\"https:\\\/\\\/schema.org\",\"@graph\":[{\"@type\":\"WebPage\",\"@id\":\"https:\\\/\\\/ellebicalzature.it\\\/es\\\/politica-de-privacidad\\\/\",\"url\":\"https:\\\/\\\/ellebicalzature.it\\\/es\\\/politica-de-privacidad\\\/\",\"name\":\"Pol\u00edtica de Privacidad | Ellebi\",\"isPartOf\":{\"@id\":\"https:\\\/\\\/ellebicalzature.it\\\/es\\\/#website\"},\"datePublished\":\"2020-05-12T09:14:36+00:00\",\"breadcrumb\":{\"@id\":\"https:\\\/\\\/ellebicalzature.it\\\/es\\\/politica-de-privacidad\\\/#breadcrumb\"},\"inLanguage\":\"es\",\"potentialAction\":[{\"@type\":\"ReadAction\",\"target\":[\"https:\\\/\\\/ellebicalzature.it\\\/es\\\/politica-de-privacidad\\\/\"]}]},{\"@type\":\"BreadcrumbList\",\"@id\":\"https:\\\/\\\/ellebicalzature.it\\\/es\\\/politica-de-privacidad\\\/#breadcrumb\",\"itemListElement\":[{\"@type\":\"ListItem\",\"position\":1,\"name\":\"Home\",\"item\":\"https:\\\/\\\/ellebicalzature.it\\\/es\\\/\"},{\"@type\":\"ListItem\",\"position\":2,\"name\":\"Pol\u00edtica de Privacidad\"}]},{\"@type\":\"WebSite\",\"@id\":\"https:\\\/\\\/ellebicalzature.it\\\/es\\\/#website\",\"url\":\"https:\\\/\\\/ellebicalzature.it\\\/es\\\/\",\"name\":\"Elleb\u00ec\",\"description\":\"Calzature e accessori Gallipoli\",\"publisher\":{\"@id\":\"https:\\\/\\\/ellebicalzature.it\\\/es\\\/#organization\"},\"alternateName\":\"Elleb\u00ec | Calzature Gallipoli\",\"potentialAction\":[{\"@type\":\"SearchAction\",\"target\":{\"@type\":\"EntryPoint\",\"urlTemplate\":\"https:\\\/\\\/ellebicalzature.it\\\/es\\\/?s={search_term_string}\"},\"query-input\":{\"@type\":\"PropertyValueSpecification\",\"valueRequired\":true,\"valueName\":\"search_term_string\"}}],\"inLanguage\":\"es\"},{\"@type\":\"Organization\",\"@id\":\"https:\\\/\\\/ellebicalzature.it\\\/es\\\/#organization\",\"name\":\"Ellebi\",\"url\":\"https:\\\/\\\/ellebicalzature.it\\\/es\\\/\",\"logo\":{\"@type\":\"ImageObject\",\"inLanguage\":\"es\",\"@id\":\"https:\\\/\\\/ellebicalzature.it\\\/es\\\/#\\\/schema\\\/logo\\\/image\\\/\",\"url\":\"https:\\\/\\\/ellebicalzature.it\\\/wp-content\\\/uploads\\\/2024\\\/04\\\/logo-ellebi.png\",\"contentUrl\":\"https:\\\/\\\/ellebicalzature.it\\\/wp-content\\\/uploads\\\/2024\\\/04\\\/logo-ellebi.png\",\"width\":221,\"height\":131,\"caption\":\"Ellebi\"},\"image\":{\"@id\":\"https:\\\/\\\/ellebicalzature.it\\\/es\\\/#\\\/schema\\\/logo\\\/image\\\/\"},\"sameAs\":[\"https:\\\/\\\/www.facebook.com\\\/ellebisandaliartigianaligallipoli\\\/\",\"https:\\\/\\\/www.instagram.com\\\/ellebicalzature\\\/?hl=it\"]}]}<\/script>\n<!-- \/ Yoast SEO plugin. -->","yoast_head_json":{"title":"Pol\u00edtica de Privacidad | Ellebi","robots":{"index":"index","follow":"follow","max-snippet":"max-snippet:-1","max-image-preview":"max-image-preview:large","max-video-preview":"max-video-preview:-1"},"canonical":"https:\/\/ellebicalzature.it\/es\/politica-de-privacidad\/","og_locale":"es_ES","og_type":"article","og_title":"Pol\u00edtica de Privacidad | Ellebi","og_description":"En esta p\u00e1gina se describen las modalidades de gesti\u00f3n del sitio web www.ellebicalzature.it en relaci\u00f3n con el tratamiento de los","og_url":"https:\/\/ellebicalzature.it\/es\/politica-de-privacidad\/","og_site_name":"Ellebi","article_publisher":"https:\/\/www.facebook.com\/ellebisandaliartigianaligallipoli\/","twitter_card":"summary_large_image","twitter_misc":{"Tiempo de lectura":"6 minutos"},"schema":{"@context":"https:\/\/schema.org","@graph":[{"@type":"WebPage","@id":"https:\/\/ellebicalzature.it\/es\/politica-de-privacidad\/","url":"https:\/\/ellebicalzature.it\/es\/politica-de-privacidad\/","name":"Pol\u00edtica de Privacidad | Ellebi","isPartOf":{"@id":"https:\/\/ellebicalzature.it\/es\/#website"},"datePublished":"2020-05-12T09:14:36+00:00","breadcrumb":{"@id":"https:\/\/ellebicalzature.it\/es\/politica-de-privacidad\/#breadcrumb"},"inLanguage":"es","potentialAction":[{"@type":"ReadAction","target":["https:\/\/ellebicalzature.it\/es\/politica-de-privacidad\/"]}]},{"@type":"BreadcrumbList","@id":"https:\/\/ellebicalzature.it\/es\/politica-de-privacidad\/#breadcrumb","itemListElement":[{"@type":"ListItem","position":1,"name":"Home","item":"https:\/\/ellebicalzature.it\/es\/"},{"@type":"ListItem","position":2,"name":"Pol\u00edtica de Privacidad"}]},{"@type":"WebSite","@id":"https:\/\/ellebicalzature.it\/es\/#website","url":"https:\/\/ellebicalzature.it\/es\/","name":"Elleb\u00ec","description":"Calzature e accessori Gallipoli","publisher":{"@id":"https:\/\/ellebicalzature.it\/es\/#organization"},"alternateName":"Elleb\u00ec | Calzature Gallipoli","potentialAction":[{"@type":"SearchAction","target":{"@type":"EntryPoint","urlTemplate":"https:\/\/ellebicalzature.it\/es\/?s={search_term_string}"},"query-input":{"@type":"PropertyValueSpecification","valueRequired":true,"valueName":"search_term_string"}}],"inLanguage":"es"},{"@type":"Organization","@id":"https:\/\/ellebicalzature.it\/es\/#organization","name":"Ellebi","url":"https:\/\/ellebicalzature.it\/es\/","logo":{"@type":"ImageObject","inLanguage":"es","@id":"https:\/\/ellebicalzature.it\/es\/#\/schema\/logo\/image\/","url":"https:\/\/ellebicalzature.it\/wp-content\/uploads\/2024\/04\/logo-ellebi.png","contentUrl":"https:\/\/ellebicalzature.it\/wp-content\/uploads\/2024\/04\/logo-ellebi.png","width":221,"height":131,"caption":"Ellebi"},"image":{"@id":"https:\/\/ellebicalzature.it\/es\/#\/schema\/logo\/image\/"},"sameAs":["https:\/\/www.facebook.com\/ellebisandaliartigianaligallipoli\/","https:\/\/www.instagram.com\/ellebicalzature\/?hl=it"]}]}},"_links":{"self":[{"href":"https:\/\/ellebicalzature.it\/es\/wp-json\/wp\/v2\/pages\/40885","targetHints":{"allow":["GET"]}}],"collection":[{"href":"https:\/\/ellebicalzature.it\/es\/wp-json\/wp\/v2\/pages"}],"about":[{"href":"https:\/\/ellebicalzature.it\/es\/wp-json\/wp\/v2\/types\/page"}],"author":[{"embeddable":true,"href":"https:\/\/ellebicalzature.it\/es\/wp-json\/wp\/v2\/users\/4154"}],"replies":[{"embeddable":true,"href":"https:\/\/ellebicalzature.it\/es\/wp-json\/wp\/v2\/comments?post=40885"}],"version-history":[{"count":0,"href":"https:\/\/ellebicalzature.it\/es\/wp-json\/wp\/v2\/pages\/40885\/revisions"}],"wp:attachment":[{"href":"https:\/\/ellebicalzature.it\/es\/wp-json\/wp\/v2\/media?parent=40885"}],"curies":[{"name":"wp","href":"https:\/\/api.w.org\/{rel}","templated":true}]}}