{"id":41320,"date":"2025-09-27T09:49:41","date_gmt":"2025-09-27T08:49:41","guid":{"rendered":"https:\/\/ellebicalzature.it\/product\/bolso-tipo-saco-de-piel\/"},"modified":"2026-03-19T12:03:30","modified_gmt":"2026-03-19T11:03:30","slug":"bolso-tipo-saco-de-piel","status":"publish","type":"product","link":"https:\/\/ellebicalzature.it\/es\/product\/bolso-tipo-saco-de-piel\/","title":{"rendered":"Bolso tipo saco de piel"},"content":{"rendered":"<p>Bolso tipo saco de piel, con cierre de cord\u00f3n y detalles met\u00e1licos.<\/p>\n","protected":false},"excerpt":{"rendered":"<p>Descubra el encanto atemporal del bolso tipo saco de piel, un accesorio que combina practicidad y refinamiento. Su dise\u00f1o ic\u00f3nico se enriquece con el cierre de cord\u00f3n, que aporta un toque moderno y din\u00e1mico, adem\u00e1s de garantizar seguridad y comodidad. La bandolera de cadena embellece la silueta con detalles elegantes y brillantes, haci\u00e9ndolo perfecto tanto para el d\u00eda como para la noche.  <\/p>\n<p>Compacto pero espacioso, el bolso es ideal para acompa\u00f1arle en su d\u00eda a d\u00eda, combinando estilo, funcionalidad y versatilidad. Un complemento imprescindible en el armario de quien busca un accesorio distintivo y siempre actual. <\/p>\n","protected":false},"featured_media":69718,"comment_status":"open","ping_status":"closed","template":"","meta":{"_monsterinsights_skip_tracking":false,"_monsterinsights_sitenote_active":false,"_monsterinsights_sitenote_note":"","_monsterinsights_sitenote_category":0},"product_brand":[],"product_cat":[1186,1201],"product_tag":[1477,1478],"class_list":{"0":"post-41320","1":"product","2":"type-product","3":"status-publish","4":"has-post-thumbnail","6":"product_cat-bolsos-en-piel-lisa","7":"product_cat-bolsos-y-mochilas-artesanales","8":"product_tag-bolso-artesanal-de-piel","9":"product_tag-bolso-de-piel-para-mujer","10":"pa_colore-azul","11":"pa_colore-azul-royal","12":"pa_colore-beige","13":"pa_colore-blanco","14":"pa_colore-coral","15":"pa_colore-cuero","16":"pa_colore-lila","17":"pa_colore-mostaza","18":"pa_colore-negro","19":"pa_colore-oro","20":"pa_colore-plata","21":"pa_colore-rosa-palo","23":"first","24":"instock","25":"taxable","26":"shipping-taxable","27":"purchasable","28":"product-type-variable"},"yoast_head":"<!-- This site is optimized with the Yoast SEO plugin v27.3 - https:\/\/yoast.com\/product\/yoast-seo-wordpress\/ -->\n<title>Bolso tipo saco de piel | Ellebi<\/title>\n<meta name=\"description\" content=\"Bolso tipo saco de piel con cierre de cord\u00f3n y bandolera de cadena. Elegante, pr\u00e1ctico y perfecto para cualquier ocasi\u00f3n.\" \/>\n<meta name=\"robots\" content=\"index, follow, max-snippet:-1, max-image-preview:large, max-video-preview:-1\" \/>\n<link rel=\"canonical\" href=\"https:\/\/ellebicalzature.it\/es\/product\/bolso-tipo-saco-de-piel\/\" \/>\n<meta property=\"og:locale\" content=\"es_ES\" \/>\n<meta property=\"og:type\" content=\"article\" \/>\n<meta property=\"og:title\" content=\"Bolso tipo saco de piel | Ellebi\" \/>\n<meta property=\"og:description\" content=\"Bolso tipo saco de piel con cierre de cord\u00f3n y bandolera de cadena. Elegante, pr\u00e1ctico y perfecto para cualquier ocasi\u00f3n.\" \/>\n<meta property=\"og:url\" content=\"https:\/\/ellebicalzature.it\/es\/product\/bolso-tipo-saco-de-piel\/\" \/>\n<meta property=\"og:site_name\" content=\"Ellebi\" \/>\n<meta property=\"article:publisher\" content=\"https:\/\/www.facebook.com\/ellebisandaliartigianaligallipoli\/\" \/>\n<meta property=\"article:modified_time\" content=\"2026-03-19T11:03:30+00:00\" \/>\n<meta property=\"og:image\" content=\"https:\/\/ellebicalzature.it\/wp-content\/uploads\/2025\/09\/immagine_1766940696.webp\" \/>\n\t<meta property=\"og:image:width\" content=\"2232\" \/>\n\t<meta property=\"og:image:height\" content=\"2527\" \/>\n\t<meta property=\"og:image:type\" content=\"image\/webp\" \/>\n<meta name=\"twitter:card\" content=\"summary_large_image\" \/>\n<script type=\"application\/ld+json\" class=\"yoast-schema-graph\">{\"@context\":\"https:\\\/\\\/schema.org\",\"@graph\":[{\"@type\":\"WebPage\",\"@id\":\"https:\\\/\\\/ellebicalzature.it\\\/es\\\/product\\\/bolso-tipo-saco-de-piel\\\/\",\"url\":\"https:\\\/\\\/ellebicalzature.it\\\/es\\\/product\\\/bolso-tipo-saco-de-piel\\\/\",\"name\":\"Bolso tipo saco de piel | Ellebi\",\"isPartOf\":{\"@id\":\"https:\\\/\\\/ellebicalzature.it\\\/es\\\/#website\"},\"primaryImageOfPage\":{\"@id\":\"https:\\\/\\\/ellebicalzature.it\\\/es\\\/product\\\/bolso-tipo-saco-de-piel\\\/#primaryimage\"},\"image\":{\"@id\":\"https:\\\/\\\/ellebicalzature.it\\\/es\\\/product\\\/bolso-tipo-saco-de-piel\\\/#primaryimage\"},\"thumbnailUrl\":\"https:\\\/\\\/ellebicalzature.it\\\/wp-content\\\/uploads\\\/2025\\\/09\\\/immagine_1766940696.webp\",\"datePublished\":\"2025-09-27T08:49:41+00:00\",\"dateModified\":\"2026-03-19T11:03:30+00:00\",\"description\":\"Bolso tipo saco de piel con cierre de cord\u00f3n y bandolera de cadena. Elegante, pr\u00e1ctico y perfecto para cualquier ocasi\u00f3n.\",\"breadcrumb\":{\"@id\":\"https:\\\/\\\/ellebicalzature.it\\\/es\\\/product\\\/bolso-tipo-saco-de-piel\\\/#breadcrumb\"},\"inLanguage\":\"es\",\"potentialAction\":[{\"@type\":\"ReadAction\",\"target\":[\"https:\\\/\\\/ellebicalzature.it\\\/es\\\/product\\\/bolso-tipo-saco-de-piel\\\/\"]}]},{\"@type\":\"ImageObject\",\"inLanguage\":\"es\",\"@id\":\"https:\\\/\\\/ellebicalzature.it\\\/es\\\/product\\\/bolso-tipo-saco-de-piel\\\/#primaryimage\",\"url\":\"https:\\\/\\\/ellebicalzature.it\\\/wp-content\\\/uploads\\\/2025\\\/09\\\/immagine_1766940696.webp\",\"contentUrl\":\"https:\\\/\\\/ellebicalzature.it\\\/wp-content\\\/uploads\\\/2025\\\/09\\\/immagine_1766940696.webp\",\"width\":2232,\"height\":2527},{\"@type\":\"BreadcrumbList\",\"@id\":\"https:\\\/\\\/ellebicalzature.it\\\/es\\\/product\\\/bolso-tipo-saco-de-piel\\\/#breadcrumb\",\"itemListElement\":[{\"@type\":\"ListItem\",\"position\":1,\"name\":\"Home\",\"item\":\"https:\\\/\\\/ellebicalzature.it\\\/es\\\/\"},{\"@type\":\"ListItem\",\"position\":2,\"name\":\"Tienda\",\"item\":\"https:\\\/\\\/ellebicalzature.it\\\/es\\\/tienda\\\/\"},{\"@type\":\"ListItem\",\"position\":3,\"name\":\"Bolso tipo saco de piel\"}]},{\"@type\":\"WebSite\",\"@id\":\"https:\\\/\\\/ellebicalzature.it\\\/es\\\/#website\",\"url\":\"https:\\\/\\\/ellebicalzature.it\\\/es\\\/\",\"name\":\"Elleb\u00ec\",\"description\":\"Calzature e accessori Gallipoli\",\"publisher\":{\"@id\":\"https:\\\/\\\/ellebicalzature.it\\\/es\\\/#organization\"},\"alternateName\":\"Elleb\u00ec | Calzature Gallipoli\",\"potentialAction\":[{\"@type\":\"SearchAction\",\"target\":{\"@type\":\"EntryPoint\",\"urlTemplate\":\"https:\\\/\\\/ellebicalzature.it\\\/es\\\/?s={search_term_string}\"},\"query-input\":{\"@type\":\"PropertyValueSpecification\",\"valueRequired\":true,\"valueName\":\"search_term_string\"}}],\"inLanguage\":\"es\"},{\"@type\":\"Organization\",\"@id\":\"https:\\\/\\\/ellebicalzature.it\\\/es\\\/#organization\",\"name\":\"Ellebi\",\"url\":\"https:\\\/\\\/ellebicalzature.it\\\/es\\\/\",\"logo\":{\"@type\":\"ImageObject\",\"inLanguage\":\"es\",\"@id\":\"https:\\\/\\\/ellebicalzature.it\\\/es\\\/#\\\/schema\\\/logo\\\/image\\\/\",\"url\":\"https:\\\/\\\/ellebicalzature.it\\\/wp-content\\\/uploads\\\/2024\\\/04\\\/logo-ellebi.png\",\"contentUrl\":\"https:\\\/\\\/ellebicalzature.it\\\/wp-content\\\/uploads\\\/2024\\\/04\\\/logo-ellebi.png\",\"width\":221,\"height\":131,\"caption\":\"Ellebi\"},\"image\":{\"@id\":\"https:\\\/\\\/ellebicalzature.it\\\/es\\\/#\\\/schema\\\/logo\\\/image\\\/\"},\"sameAs\":[\"https:\\\/\\\/www.facebook.com\\\/ellebisandaliartigianaligallipoli\\\/\",\"https:\\\/\\\/www.instagram.com\\\/ellebicalzature\\\/?hl=it\"]}]}<\/script>\n<!-- \/ Yoast SEO plugin. -->","yoast_head_json":{"title":"Bolso tipo saco de piel | Ellebi","description":"Bolso tipo saco de piel con cierre de cord\u00f3n y bandolera de cadena. Elegante, pr\u00e1ctico y perfecto para cualquier ocasi\u00f3n.","robots":{"index":"index","follow":"follow","max-snippet":"max-snippet:-1","max-image-preview":"max-image-preview:large","max-video-preview":"max-video-preview:-1"},"canonical":"https:\/\/ellebicalzature.it\/es\/product\/bolso-tipo-saco-de-piel\/","og_locale":"es_ES","og_type":"article","og_title":"Bolso tipo saco de piel | Ellebi","og_description":"Bolso tipo saco de piel con cierre de cord\u00f3n y bandolera de cadena. Elegante, pr\u00e1ctico y perfecto para cualquier ocasi\u00f3n.","og_url":"https:\/\/ellebicalzature.it\/es\/product\/bolso-tipo-saco-de-piel\/","og_site_name":"Ellebi","article_publisher":"https:\/\/www.facebook.com\/ellebisandaliartigianaligallipoli\/","article_modified_time":"2026-03-19T11:03:30+00:00","og_image":[{"width":2232,"height":2527,"url":"https:\/\/ellebicalzature.it\/wp-content\/uploads\/2025\/09\/immagine_1766940696.webp","type":"image\/webp"}],"twitter_card":"summary_large_image","schema":{"@context":"https:\/\/schema.org","@graph":[{"@type":"WebPage","@id":"https:\/\/ellebicalzature.it\/es\/product\/bolso-tipo-saco-de-piel\/","url":"https:\/\/ellebicalzature.it\/es\/product\/bolso-tipo-saco-de-piel\/","name":"Bolso tipo saco de piel | Ellebi","isPartOf":{"@id":"https:\/\/ellebicalzature.it\/es\/#website"},"primaryImageOfPage":{"@id":"https:\/\/ellebicalzature.it\/es\/product\/bolso-tipo-saco-de-piel\/#primaryimage"},"image":{"@id":"https:\/\/ellebicalzature.it\/es\/product\/bolso-tipo-saco-de-piel\/#primaryimage"},"thumbnailUrl":"https:\/\/ellebicalzature.it\/wp-content\/uploads\/2025\/09\/immagine_1766940696.webp","datePublished":"2025-09-27T08:49:41+00:00","dateModified":"2026-03-19T11:03:30+00:00","description":"Bolso tipo saco de piel con cierre de cord\u00f3n y bandolera de cadena. Elegante, pr\u00e1ctico y perfecto para cualquier ocasi\u00f3n.","breadcrumb":{"@id":"https:\/\/ellebicalzature.it\/es\/product\/bolso-tipo-saco-de-piel\/#breadcrumb"},"inLanguage":"es","potentialAction":[{"@type":"ReadAction","target":["https:\/\/ellebicalzature.it\/es\/product\/bolso-tipo-saco-de-piel\/"]}]},{"@type":"ImageObject","inLanguage":"es","@id":"https:\/\/ellebicalzature.it\/es\/product\/bolso-tipo-saco-de-piel\/#primaryimage","url":"https:\/\/ellebicalzature.it\/wp-content\/uploads\/2025\/09\/immagine_1766940696.webp","contentUrl":"https:\/\/ellebicalzature.it\/wp-content\/uploads\/2025\/09\/immagine_1766940696.webp","width":2232,"height":2527},{"@type":"BreadcrumbList","@id":"https:\/\/ellebicalzature.it\/es\/product\/bolso-tipo-saco-de-piel\/#breadcrumb","itemListElement":[{"@type":"ListItem","position":1,"name":"Home","item":"https:\/\/ellebicalzature.it\/es\/"},{"@type":"ListItem","position":2,"name":"Tienda","item":"https:\/\/ellebicalzature.it\/es\/tienda\/"},{"@type":"ListItem","position":3,"name":"Bolso tipo saco de piel"}]},{"@type":"WebSite","@id":"https:\/\/ellebicalzature.it\/es\/#website","url":"https:\/\/ellebicalzature.it\/es\/","name":"Elleb\u00ec","description":"Calzature e accessori Gallipoli","publisher":{"@id":"https:\/\/ellebicalzature.it\/es\/#organization"},"alternateName":"Elleb\u00ec | Calzature Gallipoli","potentialAction":[{"@type":"SearchAction","target":{"@type":"EntryPoint","urlTemplate":"https:\/\/ellebicalzature.it\/es\/?s={search_term_string}"},"query-input":{"@type":"PropertyValueSpecification","valueRequired":true,"valueName":"search_term_string"}}],"inLanguage":"es"},{"@type":"Organization","@id":"https:\/\/ellebicalzature.it\/es\/#organization","name":"Ellebi","url":"https:\/\/ellebicalzature.it\/es\/","logo":{"@type":"ImageObject","inLanguage":"es","@id":"https:\/\/ellebicalzature.it\/es\/#\/schema\/logo\/image\/","url":"https:\/\/ellebicalzature.it\/wp-content\/uploads\/2024\/04\/logo-ellebi.png","contentUrl":"https:\/\/ellebicalzature.it\/wp-content\/uploads\/2024\/04\/logo-ellebi.png","width":221,"height":131,"caption":"Ellebi"},"image":{"@id":"https:\/\/ellebicalzature.it\/es\/#\/schema\/logo\/image\/"},"sameAs":["https:\/\/www.facebook.com\/ellebisandaliartigianaligallipoli\/","https:\/\/www.instagram.com\/ellebicalzature\/?hl=it"]}]}},"_links":{"self":[{"href":"https:\/\/ellebicalzature.it\/es\/wp-json\/wp\/v2\/product\/41320","targetHints":{"allow":["GET"]}}],"collection":[{"href":"https:\/\/ellebicalzature.it\/es\/wp-json\/wp\/v2\/product"}],"about":[{"href":"https:\/\/ellebicalzature.it\/es\/wp-json\/wp\/v2\/types\/product"}],"replies":[{"embeddable":true,"href":"https:\/\/ellebicalzature.it\/es\/wp-json\/wp\/v2\/comments?post=41320"}],"version-history":[{"count":1,"href":"https:\/\/ellebicalzature.it\/es\/wp-json\/wp\/v2\/product\/41320\/revisions"}],"predecessor-version":[{"id":41342,"href":"https:\/\/ellebicalzature.it\/es\/wp-json\/wp\/v2\/product\/41320\/revisions\/41342"}],"wp:featuredmedia":[{"embeddable":true,"href":"https:\/\/ellebicalzature.it\/es\/wp-json\/wp\/v2\/media\/69718"}],"wp:attachment":[{"href":"https:\/\/ellebicalzature.it\/es\/wp-json\/wp\/v2\/media?parent=41320"}],"wp:term":[{"taxonomy":"product_brand","embeddable":true,"href":"https:\/\/ellebicalzature.it\/es\/wp-json\/wp\/v2\/product_brand?post=41320"},{"taxonomy":"product_cat","embeddable":true,"href":"https:\/\/ellebicalzature.it\/es\/wp-json\/wp\/v2\/product_cat?post=41320"},{"taxonomy":"product_tag","embeddable":true,"href":"https:\/\/ellebicalzature.it\/es\/wp-json\/wp\/v2\/product_tag?post=41320"}],"curies":[{"name":"wp","href":"https:\/\/api.w.org\/{rel}","templated":true}]}}