{"id":41622,"date":"2025-09-23T18:22:24","date_gmt":"2025-09-23T17:22:24","guid":{"rendered":"https:\/\/ellebicalzature.it\/product\/bolso-de-piel-con-asa-rigida\/"},"modified":"2026-03-19T12:11:01","modified_gmt":"2026-03-19T11:11:01","slug":"bolso-de-piel-con-asa-rigida","status":"publish","type":"product","link":"https:\/\/ellebicalzature.it\/es\/product\/bolso-de-piel-con-asa-rigida\/","title":{"rendered":"Bolso de piel con asa r\u00edgida"},"content":{"rendered":"<p>Bolso de piel con un dise\u00f1o atemporal, provisto de asa r\u00edgida y bandolera ajustable. Pr\u00e1ctico y refinado, es perfecto para llevar tanto en la mano como al hombro, ideal para cualquier ocasi\u00f3n. <\/p>\n","protected":false},"excerpt":{"rendered":"<p>Este bolso de piel une elegancia y practicidad en un dise\u00f1o imperecedero. Realizado con pieles de primera calidad, se distingue por su estructura compacta pero espaciosa, ideal para acompa\u00f1arle tanto en las jornadas de trabajo como en las salidas nocturnas. <\/p>\n<p>El asa r\u00edgida lo hace c\u00f3modo para llevar en la mano, mientras que la bandolera ajustable y extra\u00edble ofrece la posibilidad de llevarlo al hombro o cruzado, adapt\u00e1ndose con versatilidad a cada necesidad. El cierre de solapa le confiere un toque refinado, manteniendo seguros sus efectos personales. <\/p>\n<p>En el interior, el espacio est\u00e1 bien organizado para guardar lo esencial, sin renunciar al estilo. Las l\u00edneas depuradas y los detalles cuidados lo convierten en un accesorio atemporal. <\/p>\n","protected":false},"featured_media":69769,"comment_status":"open","ping_status":"closed","template":"","meta":{"_monsterinsights_skip_tracking":false,"_monsterinsights_sitenote_active":false,"_monsterinsights_sitenote_note":"","_monsterinsights_sitenote_category":0},"product_brand":[],"product_cat":[1186,1201],"product_tag":[1477,1478],"class_list":{"0":"post-41622","1":"product","2":"type-product","3":"status-publish","4":"has-post-thumbnail","6":"product_cat-bolsos-en-piel-lisa","7":"product_cat-bolsos-y-mochilas-artesanales","8":"product_tag-bolso-artesanal-de-piel","9":"product_tag-bolso-de-piel-para-mujer","10":"pa_colore-cuero","11":"pa_colore-marron","12":"pa_colore-marron-oscuro","13":"pa_colore-negro","14":"pa_colore-rojo","16":"first","17":"instock","18":"taxable","19":"shipping-taxable","20":"purchasable","21":"product-type-variable"},"yoast_head":"<!-- This site is optimized with the Yoast SEO plugin v27.3 - https:\/\/yoast.com\/product\/yoast-seo-wordpress\/ -->\n<title>Bolso de piel con asa r\u00edgida | Ellebi<\/title>\n<meta name=\"description\" content=\"Elegante bolso de piel con asa r\u00edgida y bandolera extra\u00edble, confeccionado en piel por artesanos salentinos con materiales de primera calidad\" \/>\n<meta name=\"robots\" content=\"index, follow, max-snippet:-1, max-image-preview:large, max-video-preview:-1\" \/>\n<link rel=\"canonical\" href=\"https:\/\/ellebicalzature.it\/es\/product\/bolso-de-piel-con-asa-rigida\/\" \/>\n<meta property=\"og:locale\" content=\"es_ES\" \/>\n<meta property=\"og:type\" content=\"article\" \/>\n<meta property=\"og:title\" content=\"Bolso de piel con asa r\u00edgida | Ellebi\" \/>\n<meta property=\"og:description\" content=\"Elegante bolso de piel con asa r\u00edgida y bandolera extra\u00edble, confeccionado en piel por artesanos salentinos con materiales de primera calidad\" \/>\n<meta property=\"og:url\" content=\"https:\/\/ellebicalzature.it\/es\/product\/bolso-de-piel-con-asa-rigida\/\" \/>\n<meta property=\"og:site_name\" content=\"Ellebi\" \/>\n<meta property=\"article:publisher\" content=\"https:\/\/www.facebook.com\/ellebisandaliartigianaligallipoli\/\" \/>\n<meta property=\"article:modified_time\" content=\"2026-03-19T11:11:01+00:00\" \/>\n<meta property=\"og:image\" content=\"https:\/\/ellebicalzature.it\/wp-content\/uploads\/2025\/09\/immagine_1766943031-1-1.webp\" \/>\n\t<meta property=\"og:image:width\" content=\"2304\" \/>\n\t<meta property=\"og:image:height\" content=\"2560\" \/>\n\t<meta property=\"og:image:type\" content=\"image\/webp\" \/>\n<meta name=\"twitter:card\" content=\"summary_large_image\" \/>\n<script type=\"application\/ld+json\" class=\"yoast-schema-graph\">{\"@context\":\"https:\\\/\\\/schema.org\",\"@graph\":[{\"@type\":\"WebPage\",\"@id\":\"https:\\\/\\\/ellebicalzature.it\\\/es\\\/product\\\/bolso-de-piel-con-asa-rigida\\\/\",\"url\":\"https:\\\/\\\/ellebicalzature.it\\\/es\\\/product\\\/bolso-de-piel-con-asa-rigida\\\/\",\"name\":\"Bolso de piel con asa r\u00edgida | Ellebi\",\"isPartOf\":{\"@id\":\"https:\\\/\\\/ellebicalzature.it\\\/es\\\/#website\"},\"primaryImageOfPage\":{\"@id\":\"https:\\\/\\\/ellebicalzature.it\\\/es\\\/product\\\/bolso-de-piel-con-asa-rigida\\\/#primaryimage\"},\"image\":{\"@id\":\"https:\\\/\\\/ellebicalzature.it\\\/es\\\/product\\\/bolso-de-piel-con-asa-rigida\\\/#primaryimage\"},\"thumbnailUrl\":\"https:\\\/\\\/ellebicalzature.it\\\/wp-content\\\/uploads\\\/2025\\\/09\\\/immagine_1766943031-1-1.webp\",\"datePublished\":\"2025-09-23T17:22:24+00:00\",\"dateModified\":\"2026-03-19T11:11:01+00:00\",\"description\":\"Elegante bolso de piel con asa r\u00edgida y bandolera extra\u00edble, confeccionado en piel por artesanos salentinos con materiales de primera calidad\",\"breadcrumb\":{\"@id\":\"https:\\\/\\\/ellebicalzature.it\\\/es\\\/product\\\/bolso-de-piel-con-asa-rigida\\\/#breadcrumb\"},\"inLanguage\":\"es\",\"potentialAction\":[{\"@type\":\"ReadAction\",\"target\":[\"https:\\\/\\\/ellebicalzature.it\\\/es\\\/product\\\/bolso-de-piel-con-asa-rigida\\\/\"]}]},{\"@type\":\"ImageObject\",\"inLanguage\":\"es\",\"@id\":\"https:\\\/\\\/ellebicalzature.it\\\/es\\\/product\\\/bolso-de-piel-con-asa-rigida\\\/#primaryimage\",\"url\":\"https:\\\/\\\/ellebicalzature.it\\\/wp-content\\\/uploads\\\/2025\\\/09\\\/immagine_1766943031-1-1.webp\",\"contentUrl\":\"https:\\\/\\\/ellebicalzature.it\\\/wp-content\\\/uploads\\\/2025\\\/09\\\/immagine_1766943031-1-1.webp\",\"width\":2304,\"height\":2560},{\"@type\":\"BreadcrumbList\",\"@id\":\"https:\\\/\\\/ellebicalzature.it\\\/es\\\/product\\\/bolso-de-piel-con-asa-rigida\\\/#breadcrumb\",\"itemListElement\":[{\"@type\":\"ListItem\",\"position\":1,\"name\":\"Home\",\"item\":\"https:\\\/\\\/ellebicalzature.it\\\/es\\\/\"},{\"@type\":\"ListItem\",\"position\":2,\"name\":\"Tienda\",\"item\":\"https:\\\/\\\/ellebicalzature.it\\\/es\\\/tienda\\\/\"},{\"@type\":\"ListItem\",\"position\":3,\"name\":\"Bolso de piel con asa r\u00edgida\"}]},{\"@type\":\"WebSite\",\"@id\":\"https:\\\/\\\/ellebicalzature.it\\\/es\\\/#website\",\"url\":\"https:\\\/\\\/ellebicalzature.it\\\/es\\\/\",\"name\":\"Elleb\u00ec\",\"description\":\"Calzature e accessori Gallipoli\",\"publisher\":{\"@id\":\"https:\\\/\\\/ellebicalzature.it\\\/es\\\/#organization\"},\"alternateName\":\"Elleb\u00ec | Calzature Gallipoli\",\"potentialAction\":[{\"@type\":\"SearchAction\",\"target\":{\"@type\":\"EntryPoint\",\"urlTemplate\":\"https:\\\/\\\/ellebicalzature.it\\\/es\\\/?s={search_term_string}\"},\"query-input\":{\"@type\":\"PropertyValueSpecification\",\"valueRequired\":true,\"valueName\":\"search_term_string\"}}],\"inLanguage\":\"es\"},{\"@type\":\"Organization\",\"@id\":\"https:\\\/\\\/ellebicalzature.it\\\/es\\\/#organization\",\"name\":\"Ellebi\",\"url\":\"https:\\\/\\\/ellebicalzature.it\\\/es\\\/\",\"logo\":{\"@type\":\"ImageObject\",\"inLanguage\":\"es\",\"@id\":\"https:\\\/\\\/ellebicalzature.it\\\/es\\\/#\\\/schema\\\/logo\\\/image\\\/\",\"url\":\"https:\\\/\\\/ellebicalzature.it\\\/wp-content\\\/uploads\\\/2024\\\/04\\\/logo-ellebi.png\",\"contentUrl\":\"https:\\\/\\\/ellebicalzature.it\\\/wp-content\\\/uploads\\\/2024\\\/04\\\/logo-ellebi.png\",\"width\":221,\"height\":131,\"caption\":\"Ellebi\"},\"image\":{\"@id\":\"https:\\\/\\\/ellebicalzature.it\\\/es\\\/#\\\/schema\\\/logo\\\/image\\\/\"},\"sameAs\":[\"https:\\\/\\\/www.facebook.com\\\/ellebisandaliartigianaligallipoli\\\/\",\"https:\\\/\\\/www.instagram.com\\\/ellebicalzature\\\/?hl=it\"]}]}<\/script>\n<!-- \/ Yoast SEO plugin. -->","yoast_head_json":{"title":"Bolso de piel con asa r\u00edgida | Ellebi","description":"Elegante bolso de piel con asa r\u00edgida y bandolera extra\u00edble, confeccionado en piel por artesanos salentinos con materiales de primera calidad","robots":{"index":"index","follow":"follow","max-snippet":"max-snippet:-1","max-image-preview":"max-image-preview:large","max-video-preview":"max-video-preview:-1"},"canonical":"https:\/\/ellebicalzature.it\/es\/product\/bolso-de-piel-con-asa-rigida\/","og_locale":"es_ES","og_type":"article","og_title":"Bolso de piel con asa r\u00edgida | Ellebi","og_description":"Elegante bolso de piel con asa r\u00edgida y bandolera extra\u00edble, confeccionado en piel por artesanos salentinos con materiales de primera calidad","og_url":"https:\/\/ellebicalzature.it\/es\/product\/bolso-de-piel-con-asa-rigida\/","og_site_name":"Ellebi","article_publisher":"https:\/\/www.facebook.com\/ellebisandaliartigianaligallipoli\/","article_modified_time":"2026-03-19T11:11:01+00:00","og_image":[{"width":2304,"height":2560,"url":"https:\/\/ellebicalzature.it\/wp-content\/uploads\/2025\/09\/immagine_1766943031-1-1.webp","type":"image\/webp"}],"twitter_card":"summary_large_image","schema":{"@context":"https:\/\/schema.org","@graph":[{"@type":"WebPage","@id":"https:\/\/ellebicalzature.it\/es\/product\/bolso-de-piel-con-asa-rigida\/","url":"https:\/\/ellebicalzature.it\/es\/product\/bolso-de-piel-con-asa-rigida\/","name":"Bolso de piel con asa r\u00edgida | Ellebi","isPartOf":{"@id":"https:\/\/ellebicalzature.it\/es\/#website"},"primaryImageOfPage":{"@id":"https:\/\/ellebicalzature.it\/es\/product\/bolso-de-piel-con-asa-rigida\/#primaryimage"},"image":{"@id":"https:\/\/ellebicalzature.it\/es\/product\/bolso-de-piel-con-asa-rigida\/#primaryimage"},"thumbnailUrl":"https:\/\/ellebicalzature.it\/wp-content\/uploads\/2025\/09\/immagine_1766943031-1-1.webp","datePublished":"2025-09-23T17:22:24+00:00","dateModified":"2026-03-19T11:11:01+00:00","description":"Elegante bolso de piel con asa r\u00edgida y bandolera extra\u00edble, confeccionado en piel por artesanos salentinos con materiales de primera calidad","breadcrumb":{"@id":"https:\/\/ellebicalzature.it\/es\/product\/bolso-de-piel-con-asa-rigida\/#breadcrumb"},"inLanguage":"es","potentialAction":[{"@type":"ReadAction","target":["https:\/\/ellebicalzature.it\/es\/product\/bolso-de-piel-con-asa-rigida\/"]}]},{"@type":"ImageObject","inLanguage":"es","@id":"https:\/\/ellebicalzature.it\/es\/product\/bolso-de-piel-con-asa-rigida\/#primaryimage","url":"https:\/\/ellebicalzature.it\/wp-content\/uploads\/2025\/09\/immagine_1766943031-1-1.webp","contentUrl":"https:\/\/ellebicalzature.it\/wp-content\/uploads\/2025\/09\/immagine_1766943031-1-1.webp","width":2304,"height":2560},{"@type":"BreadcrumbList","@id":"https:\/\/ellebicalzature.it\/es\/product\/bolso-de-piel-con-asa-rigida\/#breadcrumb","itemListElement":[{"@type":"ListItem","position":1,"name":"Home","item":"https:\/\/ellebicalzature.it\/es\/"},{"@type":"ListItem","position":2,"name":"Tienda","item":"https:\/\/ellebicalzature.it\/es\/tienda\/"},{"@type":"ListItem","position":3,"name":"Bolso de piel con asa r\u00edgida"}]},{"@type":"WebSite","@id":"https:\/\/ellebicalzature.it\/es\/#website","url":"https:\/\/ellebicalzature.it\/es\/","name":"Elleb\u00ec","description":"Calzature e accessori Gallipoli","publisher":{"@id":"https:\/\/ellebicalzature.it\/es\/#organization"},"alternateName":"Elleb\u00ec | Calzature Gallipoli","potentialAction":[{"@type":"SearchAction","target":{"@type":"EntryPoint","urlTemplate":"https:\/\/ellebicalzature.it\/es\/?s={search_term_string}"},"query-input":{"@type":"PropertyValueSpecification","valueRequired":true,"valueName":"search_term_string"}}],"inLanguage":"es"},{"@type":"Organization","@id":"https:\/\/ellebicalzature.it\/es\/#organization","name":"Ellebi","url":"https:\/\/ellebicalzature.it\/es\/","logo":{"@type":"ImageObject","inLanguage":"es","@id":"https:\/\/ellebicalzature.it\/es\/#\/schema\/logo\/image\/","url":"https:\/\/ellebicalzature.it\/wp-content\/uploads\/2024\/04\/logo-ellebi.png","contentUrl":"https:\/\/ellebicalzature.it\/wp-content\/uploads\/2024\/04\/logo-ellebi.png","width":221,"height":131,"caption":"Ellebi"},"image":{"@id":"https:\/\/ellebicalzature.it\/es\/#\/schema\/logo\/image\/"},"sameAs":["https:\/\/www.facebook.com\/ellebisandaliartigianaligallipoli\/","https:\/\/www.instagram.com\/ellebicalzature\/?hl=it"]}]}},"_links":{"self":[{"href":"https:\/\/ellebicalzature.it\/es\/wp-json\/wp\/v2\/product\/41622","targetHints":{"allow":["GET"]}}],"collection":[{"href":"https:\/\/ellebicalzature.it\/es\/wp-json\/wp\/v2\/product"}],"about":[{"href":"https:\/\/ellebicalzature.it\/es\/wp-json\/wp\/v2\/types\/product"}],"replies":[{"embeddable":true,"href":"https:\/\/ellebicalzature.it\/es\/wp-json\/wp\/v2\/comments?post=41622"}],"version-history":[{"count":1,"href":"https:\/\/ellebicalzature.it\/es\/wp-json\/wp\/v2\/product\/41622\/revisions"}],"predecessor-version":[{"id":72876,"href":"https:\/\/ellebicalzature.it\/es\/wp-json\/wp\/v2\/product\/41622\/revisions\/72876"}],"wp:featuredmedia":[{"embeddable":true,"href":"https:\/\/ellebicalzature.it\/es\/wp-json\/wp\/v2\/media\/69769"}],"wp:attachment":[{"href":"https:\/\/ellebicalzature.it\/es\/wp-json\/wp\/v2\/media?parent=41622"}],"wp:term":[{"taxonomy":"product_brand","embeddable":true,"href":"https:\/\/ellebicalzature.it\/es\/wp-json\/wp\/v2\/product_brand?post=41622"},{"taxonomy":"product_cat","embeddable":true,"href":"https:\/\/ellebicalzature.it\/es\/wp-json\/wp\/v2\/product_cat?post=41622"},{"taxonomy":"product_tag","embeddable":true,"href":"https:\/\/ellebicalzature.it\/es\/wp-json\/wp\/v2\/product_tag?post=41622"}],"curies":[{"name":"wp","href":"https:\/\/api.w.org\/{rel}","templated":true}]}}