{"id":41968,"date":"2025-09-22T18:55:09","date_gmt":"2025-09-22T17:55:09","guid":{"rendered":"https:\/\/ellebicalzature.it\/product\/mochila-convertible-de-piel-con-bandolera\/"},"modified":"2026-03-19T12:13:37","modified_gmt":"2026-03-19T11:13:37","slug":"mochila-convertible-de-piel-con-bandolera","status":"publish","type":"product","link":"https:\/\/ellebicalzature.it\/es\/product\/mochila-convertible-de-piel-con-bandolera\/","title":{"rendered":"Mochila convertible de piel con bandolera"},"content":{"rendered":"<p>Mochila de piel, transformable en bolso de hombro gracias a las correas ajustables. Equipada con varios compartimentos con cierre de cremallera, es pr\u00e1ctica y espaciosa, perfecta para el uso diario y ocasiones especiales. <\/p>\n","protected":false},"excerpt":{"rendered":"<p>Esta mochila de piel combina elegancia, practicidad y versatilidad en un solo accesorio. Fabricada con piel de calidad, est\u00e1 dise\u00f1ada para quienes desean un compa\u00f1ero fiable y a la vez refinado. Su caracter\u00edstica principal es la transformaci\u00f3n: gracias a las correas ajustables se puede llevar como una mochila cl\u00e1sica o como un c\u00f3modo bolso de hombro, adapt\u00e1ndose f\u00e1cilmente a cualquier necesidad y ocasi\u00f3n.  <\/p>\n<p>El dise\u00f1o se enriquece con una pr\u00e1ctica solapa frontal con cierre de cremallera que le aporta car\u00e1cter y al mismo tiempo funcionalidad. El interior espacioso y bien organizado ofrece todo el espacio necesario para llevar documentos, accesorios, tabletas y mucho m\u00e1s, haci\u00e9ndola ideal no solo para el tiempo libre, sino tambi\u00e9n para el trabajo y los viajes. <\/p>\n<p>Su amplio tama\u00f1o la convierte en una aliada perfecta para quienes no quieren renunciar al estilo y la comodidad, sin compromisos.<\/p>\n","protected":false},"featured_media":69814,"comment_status":"open","ping_status":"closed","template":"","meta":{"_monsterinsights_skip_tracking":false,"_monsterinsights_sitenote_active":false,"_monsterinsights_sitenote_note":"","_monsterinsights_sitenote_category":0},"product_brand":[],"product_cat":[1201,1208],"product_tag":[],"class_list":{"0":"post-41968","1":"product","2":"type-product","3":"status-publish","4":"has-post-thumbnail","6":"product_cat-bolsos-y-mochilas-artesanales","7":"product_cat-mochilas-artesanales","8":"pa_colore-azul","9":"pa_colore-beige","10":"pa_colore-celeste","11":"pa_colore-cuero","12":"pa_colore-gris","13":"pa_colore-marron-oscuro","14":"pa_colore-mostaza","15":"pa_colore-naranja","16":"pa_colore-negro","17":"pa_colore-rosa-palo","18":"pa_colore-tortola","19":"pa_colore-vaquero","20":"pa_colore-verde-lima","22":"first","23":"instock","24":"taxable","25":"shipping-taxable","26":"purchasable","27":"product-type-variable"},"yoast_head":"<!-- This site is optimized with the Yoast SEO plugin v27.3 - https:\/\/yoast.com\/product\/yoast-seo-wordpress\/ -->\n<title>Mochila convertible de piel con bandolera | Ellebi<\/title>\n<meta name=\"description\" content=\"Mochila de piel transformable en bolso de hombro con correas ajustables, espaciosa y vers\u00e1til, ideal para el trabajo, viajes y tiempo libre.\" \/>\n<meta name=\"robots\" content=\"index, follow, max-snippet:-1, max-image-preview:large, max-video-preview:-1\" \/>\n<link rel=\"canonical\" href=\"https:\/\/ellebicalzature.it\/es\/product\/mochila-convertible-de-piel-con-bandolera\/\" \/>\n<meta property=\"og:locale\" content=\"es_ES\" \/>\n<meta property=\"og:type\" content=\"article\" \/>\n<meta property=\"og:title\" content=\"Mochila convertible de piel con bandolera | Ellebi\" \/>\n<meta property=\"og:description\" content=\"Mochila de piel transformable en bolso de hombro con correas ajustables, espaciosa y vers\u00e1til, ideal para el trabajo, viajes y tiempo libre.\" \/>\n<meta property=\"og:url\" content=\"https:\/\/ellebicalzature.it\/es\/product\/mochila-convertible-de-piel-con-bandolera\/\" \/>\n<meta property=\"og:site_name\" content=\"Ellebi\" \/>\n<meta property=\"article:publisher\" content=\"https:\/\/www.facebook.com\/ellebisandaliartigianaligallipoli\/\" \/>\n<meta property=\"article:modified_time\" content=\"2026-03-19T11:13:37+00:00\" \/>\n<meta property=\"og:image\" content=\"https:\/\/ellebicalzature.it\/wp-content\/uploads\/2025\/09\/immagine_1766944907.webp\" \/>\n\t<meta property=\"og:image:width\" content=\"2100\" \/>\n\t<meta property=\"og:image:height\" content=\"2560\" \/>\n\t<meta property=\"og:image:type\" content=\"image\/webp\" \/>\n<meta name=\"twitter:card\" content=\"summary_large_image\" \/>\n<script type=\"application\/ld+json\" class=\"yoast-schema-graph\">{\"@context\":\"https:\\\/\\\/schema.org\",\"@graph\":[{\"@type\":\"WebPage\",\"@id\":\"https:\\\/\\\/ellebicalzature.it\\\/es\\\/product\\\/mochila-convertible-de-piel-con-bandolera\\\/\",\"url\":\"https:\\\/\\\/ellebicalzature.it\\\/es\\\/product\\\/mochila-convertible-de-piel-con-bandolera\\\/\",\"name\":\"Mochila convertible de piel con bandolera | Ellebi\",\"isPartOf\":{\"@id\":\"https:\\\/\\\/ellebicalzature.it\\\/es\\\/#website\"},\"primaryImageOfPage\":{\"@id\":\"https:\\\/\\\/ellebicalzature.it\\\/es\\\/product\\\/mochila-convertible-de-piel-con-bandolera\\\/#primaryimage\"},\"image\":{\"@id\":\"https:\\\/\\\/ellebicalzature.it\\\/es\\\/product\\\/mochila-convertible-de-piel-con-bandolera\\\/#primaryimage\"},\"thumbnailUrl\":\"https:\\\/\\\/ellebicalzature.it\\\/wp-content\\\/uploads\\\/2025\\\/09\\\/immagine_1766944907.webp\",\"datePublished\":\"2025-09-22T17:55:09+00:00\",\"dateModified\":\"2026-03-19T11:13:37+00:00\",\"description\":\"Mochila de piel transformable en bolso de hombro con correas ajustables, espaciosa y vers\u00e1til, ideal para el trabajo, viajes y tiempo libre.\",\"breadcrumb\":{\"@id\":\"https:\\\/\\\/ellebicalzature.it\\\/es\\\/product\\\/mochila-convertible-de-piel-con-bandolera\\\/#breadcrumb\"},\"inLanguage\":\"es\",\"potentialAction\":[{\"@type\":\"ReadAction\",\"target\":[\"https:\\\/\\\/ellebicalzature.it\\\/es\\\/product\\\/mochila-convertible-de-piel-con-bandolera\\\/\"]}]},{\"@type\":\"ImageObject\",\"inLanguage\":\"es\",\"@id\":\"https:\\\/\\\/ellebicalzature.it\\\/es\\\/product\\\/mochila-convertible-de-piel-con-bandolera\\\/#primaryimage\",\"url\":\"https:\\\/\\\/ellebicalzature.it\\\/wp-content\\\/uploads\\\/2025\\\/09\\\/immagine_1766944907.webp\",\"contentUrl\":\"https:\\\/\\\/ellebicalzature.it\\\/wp-content\\\/uploads\\\/2025\\\/09\\\/immagine_1766944907.webp\",\"width\":2100,\"height\":2560},{\"@type\":\"BreadcrumbList\",\"@id\":\"https:\\\/\\\/ellebicalzature.it\\\/es\\\/product\\\/mochila-convertible-de-piel-con-bandolera\\\/#breadcrumb\",\"itemListElement\":[{\"@type\":\"ListItem\",\"position\":1,\"name\":\"Home\",\"item\":\"https:\\\/\\\/ellebicalzature.it\\\/es\\\/\"},{\"@type\":\"ListItem\",\"position\":2,\"name\":\"Tienda\",\"item\":\"https:\\\/\\\/ellebicalzature.it\\\/es\\\/tienda\\\/\"},{\"@type\":\"ListItem\",\"position\":3,\"name\":\"Mochila convertible de piel con bandolera\"}]},{\"@type\":\"WebSite\",\"@id\":\"https:\\\/\\\/ellebicalzature.it\\\/es\\\/#website\",\"url\":\"https:\\\/\\\/ellebicalzature.it\\\/es\\\/\",\"name\":\"Elleb\u00ec\",\"description\":\"Calzature e accessori Gallipoli\",\"publisher\":{\"@id\":\"https:\\\/\\\/ellebicalzature.it\\\/es\\\/#organization\"},\"alternateName\":\"Elleb\u00ec | Calzature Gallipoli\",\"potentialAction\":[{\"@type\":\"SearchAction\",\"target\":{\"@type\":\"EntryPoint\",\"urlTemplate\":\"https:\\\/\\\/ellebicalzature.it\\\/es\\\/?s={search_term_string}\"},\"query-input\":{\"@type\":\"PropertyValueSpecification\",\"valueRequired\":true,\"valueName\":\"search_term_string\"}}],\"inLanguage\":\"es\"},{\"@type\":\"Organization\",\"@id\":\"https:\\\/\\\/ellebicalzature.it\\\/es\\\/#organization\",\"name\":\"Ellebi\",\"url\":\"https:\\\/\\\/ellebicalzature.it\\\/es\\\/\",\"logo\":{\"@type\":\"ImageObject\",\"inLanguage\":\"es\",\"@id\":\"https:\\\/\\\/ellebicalzature.it\\\/es\\\/#\\\/schema\\\/logo\\\/image\\\/\",\"url\":\"https:\\\/\\\/ellebicalzature.it\\\/wp-content\\\/uploads\\\/2024\\\/04\\\/logo-ellebi.png\",\"contentUrl\":\"https:\\\/\\\/ellebicalzature.it\\\/wp-content\\\/uploads\\\/2024\\\/04\\\/logo-ellebi.png\",\"width\":221,\"height\":131,\"caption\":\"Ellebi\"},\"image\":{\"@id\":\"https:\\\/\\\/ellebicalzature.it\\\/es\\\/#\\\/schema\\\/logo\\\/image\\\/\"},\"sameAs\":[\"https:\\\/\\\/www.facebook.com\\\/ellebisandaliartigianaligallipoli\\\/\",\"https:\\\/\\\/www.instagram.com\\\/ellebicalzature\\\/?hl=it\"]}]}<\/script>\n<!-- \/ Yoast SEO plugin. -->","yoast_head_json":{"title":"Mochila convertible de piel con bandolera | Ellebi","description":"Mochila de piel transformable en bolso de hombro con correas ajustables, espaciosa y vers\u00e1til, ideal para el trabajo, viajes y tiempo libre.","robots":{"index":"index","follow":"follow","max-snippet":"max-snippet:-1","max-image-preview":"max-image-preview:large","max-video-preview":"max-video-preview:-1"},"canonical":"https:\/\/ellebicalzature.it\/es\/product\/mochila-convertible-de-piel-con-bandolera\/","og_locale":"es_ES","og_type":"article","og_title":"Mochila convertible de piel con bandolera | Ellebi","og_description":"Mochila de piel transformable en bolso de hombro con correas ajustables, espaciosa y vers\u00e1til, ideal para el trabajo, viajes y tiempo libre.","og_url":"https:\/\/ellebicalzature.it\/es\/product\/mochila-convertible-de-piel-con-bandolera\/","og_site_name":"Ellebi","article_publisher":"https:\/\/www.facebook.com\/ellebisandaliartigianaligallipoli\/","article_modified_time":"2026-03-19T11:13:37+00:00","og_image":[{"width":2100,"height":2560,"url":"https:\/\/ellebicalzature.it\/wp-content\/uploads\/2025\/09\/immagine_1766944907.webp","type":"image\/webp"}],"twitter_card":"summary_large_image","schema":{"@context":"https:\/\/schema.org","@graph":[{"@type":"WebPage","@id":"https:\/\/ellebicalzature.it\/es\/product\/mochila-convertible-de-piel-con-bandolera\/","url":"https:\/\/ellebicalzature.it\/es\/product\/mochila-convertible-de-piel-con-bandolera\/","name":"Mochila convertible de piel con bandolera | Ellebi","isPartOf":{"@id":"https:\/\/ellebicalzature.it\/es\/#website"},"primaryImageOfPage":{"@id":"https:\/\/ellebicalzature.it\/es\/product\/mochila-convertible-de-piel-con-bandolera\/#primaryimage"},"image":{"@id":"https:\/\/ellebicalzature.it\/es\/product\/mochila-convertible-de-piel-con-bandolera\/#primaryimage"},"thumbnailUrl":"https:\/\/ellebicalzature.it\/wp-content\/uploads\/2025\/09\/immagine_1766944907.webp","datePublished":"2025-09-22T17:55:09+00:00","dateModified":"2026-03-19T11:13:37+00:00","description":"Mochila de piel transformable en bolso de hombro con correas ajustables, espaciosa y vers\u00e1til, ideal para el trabajo, viajes y tiempo libre.","breadcrumb":{"@id":"https:\/\/ellebicalzature.it\/es\/product\/mochila-convertible-de-piel-con-bandolera\/#breadcrumb"},"inLanguage":"es","potentialAction":[{"@type":"ReadAction","target":["https:\/\/ellebicalzature.it\/es\/product\/mochila-convertible-de-piel-con-bandolera\/"]}]},{"@type":"ImageObject","inLanguage":"es","@id":"https:\/\/ellebicalzature.it\/es\/product\/mochila-convertible-de-piel-con-bandolera\/#primaryimage","url":"https:\/\/ellebicalzature.it\/wp-content\/uploads\/2025\/09\/immagine_1766944907.webp","contentUrl":"https:\/\/ellebicalzature.it\/wp-content\/uploads\/2025\/09\/immagine_1766944907.webp","width":2100,"height":2560},{"@type":"BreadcrumbList","@id":"https:\/\/ellebicalzature.it\/es\/product\/mochila-convertible-de-piel-con-bandolera\/#breadcrumb","itemListElement":[{"@type":"ListItem","position":1,"name":"Home","item":"https:\/\/ellebicalzature.it\/es\/"},{"@type":"ListItem","position":2,"name":"Tienda","item":"https:\/\/ellebicalzature.it\/es\/tienda\/"},{"@type":"ListItem","position":3,"name":"Mochila convertible de piel con bandolera"}]},{"@type":"WebSite","@id":"https:\/\/ellebicalzature.it\/es\/#website","url":"https:\/\/ellebicalzature.it\/es\/","name":"Elleb\u00ec","description":"Calzature e accessori Gallipoli","publisher":{"@id":"https:\/\/ellebicalzature.it\/es\/#organization"},"alternateName":"Elleb\u00ec | Calzature Gallipoli","potentialAction":[{"@type":"SearchAction","target":{"@type":"EntryPoint","urlTemplate":"https:\/\/ellebicalzature.it\/es\/?s={search_term_string}"},"query-input":{"@type":"PropertyValueSpecification","valueRequired":true,"valueName":"search_term_string"}}],"inLanguage":"es"},{"@type":"Organization","@id":"https:\/\/ellebicalzature.it\/es\/#organization","name":"Ellebi","url":"https:\/\/ellebicalzature.it\/es\/","logo":{"@type":"ImageObject","inLanguage":"es","@id":"https:\/\/ellebicalzature.it\/es\/#\/schema\/logo\/image\/","url":"https:\/\/ellebicalzature.it\/wp-content\/uploads\/2024\/04\/logo-ellebi.png","contentUrl":"https:\/\/ellebicalzature.it\/wp-content\/uploads\/2024\/04\/logo-ellebi.png","width":221,"height":131,"caption":"Ellebi"},"image":{"@id":"https:\/\/ellebicalzature.it\/es\/#\/schema\/logo\/image\/"},"sameAs":["https:\/\/www.facebook.com\/ellebisandaliartigianaligallipoli\/","https:\/\/www.instagram.com\/ellebicalzature\/?hl=it"]}]}},"_links":{"self":[{"href":"https:\/\/ellebicalzature.it\/es\/wp-json\/wp\/v2\/product\/41968","targetHints":{"allow":["GET"]}}],"collection":[{"href":"https:\/\/ellebicalzature.it\/es\/wp-json\/wp\/v2\/product"}],"about":[{"href":"https:\/\/ellebicalzature.it\/es\/wp-json\/wp\/v2\/types\/product"}],"replies":[{"embeddable":true,"href":"https:\/\/ellebicalzature.it\/es\/wp-json\/wp\/v2\/comments?post=41968"}],"version-history":[{"count":1,"href":"https:\/\/ellebicalzature.it\/es\/wp-json\/wp\/v2\/product\/41968\/revisions"}],"predecessor-version":[{"id":41982,"href":"https:\/\/ellebicalzature.it\/es\/wp-json\/wp\/v2\/product\/41968\/revisions\/41982"}],"wp:featuredmedia":[{"embeddable":true,"href":"https:\/\/ellebicalzature.it\/es\/wp-json\/wp\/v2\/media\/69814"}],"wp:attachment":[{"href":"https:\/\/ellebicalzature.it\/es\/wp-json\/wp\/v2\/media?parent=41968"}],"wp:term":[{"taxonomy":"product_brand","embeddable":true,"href":"https:\/\/ellebicalzature.it\/es\/wp-json\/wp\/v2\/product_brand?post=41968"},{"taxonomy":"product_cat","embeddable":true,"href":"https:\/\/ellebicalzature.it\/es\/wp-json\/wp\/v2\/product_cat?post=41968"},{"taxonomy":"product_tag","embeddable":true,"href":"https:\/\/ellebicalzature.it\/es\/wp-json\/wp\/v2\/product_tag?post=41968"}],"curies":[{"name":"wp","href":"https:\/\/api.w.org\/{rel}","templated":true}]}}