{"id":42189,"date":"2025-09-18T17:16:51","date_gmt":"2025-09-18T16:16:51","guid":{"rendered":"https:\/\/ellebicalzature.it\/product\/bolso-de-mano-artesanal-trenzado\/"},"modified":"2026-03-19T12:18:51","modified_gmt":"2026-03-19T11:18:51","slug":"bolso-de-mano-artesanal-trenzado","status":"publish","type":"product","link":"https:\/\/ellebicalzature.it\/es\/product\/bolso-de-mano-artesanal-trenzado\/","title":{"rendered":"Bolso de mano artesanal trenzado"},"content":{"rendered":"<p>Bolso de mano de piel trenzada, realizado artesanalmente y acabado con esmero en los detalles. Refinado y vers\u00e1til, ideal para llevar en la mano o utilizar con bandolera. <\/p>\n","protected":false},"excerpt":{"rendered":"<p>Bolso de mano artesanal de piel suave que combina artesan\u00eda y dise\u00f1o atemporal. La parte frontal se caracteriza por un refinado trabajo trenzado, que aporta textura y personalidad, mientras que la parte trasera de piel lisa ofrece un toque de sobria elegancia. <\/p>\n<p>El interior est\u00e1 completamente forrado, pensado para custodiar de la mejor manera sus objetos personales y el pr\u00e1ctico cierre con cremallera garantiza seguridad y funcionalidad. En la parte trasera hay un bolsillo con cremallera adicional, perfecto para tener a mano los accesorios m\u00e1s utilizados. <\/p>\n<p>Dotado de bandolera ajustable, este bolso de mano puede utilizarse en la mano, al hombro o con bandolera, transform\u00e1ndose en un accesorio vers\u00e1til adecuado tanto para el d\u00eda como para la noche.<\/p>\n","protected":false},"featured_media":69852,"comment_status":"open","ping_status":"closed","template":"","meta":{"_monsterinsights_skip_tracking":false,"_monsterinsights_sitenote_active":false,"_monsterinsights_sitenote_note":"","_monsterinsights_sitenote_category":0},"product_brand":[],"product_cat":[1201,1189],"product_tag":[1609],"class_list":{"0":"post-42189","1":"product","2":"type-product","3":"status-publish","4":"has-post-thumbnail","6":"product_cat-bolsos-y-mochilas-artesanales","7":"product_cat-rinoneras-y-carteras-artesanales","8":"product_tag-clutch-artesanal","9":"pa_colore-cuero","10":"pa_colore-marron-oscuro","11":"pa_colore-naranja-2","12":"pa_colore-negro","13":"pa_colore-tortola","14":"pa_colore-verde","15":"pa_colore-vino","17":"first","18":"instock","19":"taxable","20":"shipping-taxable","21":"purchasable","22":"product-type-variable"},"yoast_head":"<!-- This site is optimized with the Yoast SEO plugin v27.3 - https:\/\/yoast.com\/product\/yoast-seo-wordpress\/ -->\n<title>Bolso de mano artesanal trenzado | Ellebi<\/title>\n<meta name=\"description\" content=\"Bolso de mano de piel con parte frontal trenzada y trasera lisa, forrado y con bandolera ajustable. Realizado a mano por artesanos salentinos.\" \/>\n<meta name=\"robots\" content=\"index, follow, max-snippet:-1, max-image-preview:large, max-video-preview:-1\" \/>\n<link rel=\"canonical\" href=\"https:\/\/ellebicalzature.it\/es\/product\/bolso-de-mano-artesanal-trenzado\/\" \/>\n<meta property=\"og:locale\" content=\"es_ES\" \/>\n<meta property=\"og:type\" content=\"article\" \/>\n<meta property=\"og:title\" content=\"Bolso de mano artesanal trenzado | Ellebi\" \/>\n<meta property=\"og:description\" content=\"Bolso de mano de piel con parte frontal trenzada y trasera lisa, forrado y con bandolera ajustable. Realizado a mano por artesanos salentinos.\" \/>\n<meta property=\"og:url\" content=\"https:\/\/ellebicalzature.it\/es\/product\/bolso-de-mano-artesanal-trenzado\/\" \/>\n<meta property=\"og:site_name\" content=\"Ellebi\" \/>\n<meta property=\"article:publisher\" content=\"https:\/\/www.facebook.com\/ellebisandaliartigianaligallipoli\/\" \/>\n<meta property=\"article:modified_time\" content=\"2026-03-19T11:18:51+00:00\" \/>\n<meta property=\"og:image\" content=\"https:\/\/ellebicalzature.it\/wp-content\/uploads\/2025\/09\/immagine_1767000168-1.webp\" \/>\n\t<meta property=\"og:image:width\" content=\"2404\" \/>\n\t<meta property=\"og:image:height\" content=\"2560\" \/>\n\t<meta property=\"og:image:type\" content=\"image\/webp\" \/>\n<meta name=\"twitter:card\" content=\"summary_large_image\" \/>\n<script type=\"application\/ld+json\" class=\"yoast-schema-graph\">{\"@context\":\"https:\\\/\\\/schema.org\",\"@graph\":[{\"@type\":\"WebPage\",\"@id\":\"https:\\\/\\\/ellebicalzature.it\\\/es\\\/product\\\/bolso-de-mano-artesanal-trenzado\\\/\",\"url\":\"https:\\\/\\\/ellebicalzature.it\\\/es\\\/product\\\/bolso-de-mano-artesanal-trenzado\\\/\",\"name\":\"Bolso de mano artesanal trenzado | Ellebi\",\"isPartOf\":{\"@id\":\"https:\\\/\\\/ellebicalzature.it\\\/es\\\/#website\"},\"primaryImageOfPage\":{\"@id\":\"https:\\\/\\\/ellebicalzature.it\\\/es\\\/product\\\/bolso-de-mano-artesanal-trenzado\\\/#primaryimage\"},\"image\":{\"@id\":\"https:\\\/\\\/ellebicalzature.it\\\/es\\\/product\\\/bolso-de-mano-artesanal-trenzado\\\/#primaryimage\"},\"thumbnailUrl\":\"https:\\\/\\\/ellebicalzature.it\\\/wp-content\\\/uploads\\\/2025\\\/09\\\/immagine_1767000168-1.webp\",\"datePublished\":\"2025-09-18T16:16:51+00:00\",\"dateModified\":\"2026-03-19T11:18:51+00:00\",\"description\":\"Bolso de mano de piel con parte frontal trenzada y trasera lisa, forrado y con bandolera ajustable. Realizado a mano por artesanos salentinos.\",\"breadcrumb\":{\"@id\":\"https:\\\/\\\/ellebicalzature.it\\\/es\\\/product\\\/bolso-de-mano-artesanal-trenzado\\\/#breadcrumb\"},\"inLanguage\":\"es\",\"potentialAction\":[{\"@type\":\"ReadAction\",\"target\":[\"https:\\\/\\\/ellebicalzature.it\\\/es\\\/product\\\/bolso-de-mano-artesanal-trenzado\\\/\"]}]},{\"@type\":\"ImageObject\",\"inLanguage\":\"es\",\"@id\":\"https:\\\/\\\/ellebicalzature.it\\\/es\\\/product\\\/bolso-de-mano-artesanal-trenzado\\\/#primaryimage\",\"url\":\"https:\\\/\\\/ellebicalzature.it\\\/wp-content\\\/uploads\\\/2025\\\/09\\\/immagine_1767000168-1.webp\",\"contentUrl\":\"https:\\\/\\\/ellebicalzature.it\\\/wp-content\\\/uploads\\\/2025\\\/09\\\/immagine_1767000168-1.webp\",\"width\":2404,\"height\":2560},{\"@type\":\"BreadcrumbList\",\"@id\":\"https:\\\/\\\/ellebicalzature.it\\\/es\\\/product\\\/bolso-de-mano-artesanal-trenzado\\\/#breadcrumb\",\"itemListElement\":[{\"@type\":\"ListItem\",\"position\":1,\"name\":\"Home\",\"item\":\"https:\\\/\\\/ellebicalzature.it\\\/es\\\/\"},{\"@type\":\"ListItem\",\"position\":2,\"name\":\"Tienda\",\"item\":\"https:\\\/\\\/ellebicalzature.it\\\/es\\\/tienda\\\/\"},{\"@type\":\"ListItem\",\"position\":3,\"name\":\"Bolso de mano artesanal trenzado\"}]},{\"@type\":\"WebSite\",\"@id\":\"https:\\\/\\\/ellebicalzature.it\\\/es\\\/#website\",\"url\":\"https:\\\/\\\/ellebicalzature.it\\\/es\\\/\",\"name\":\"Elleb\u00ec\",\"description\":\"Calzature e accessori Gallipoli\",\"publisher\":{\"@id\":\"https:\\\/\\\/ellebicalzature.it\\\/es\\\/#organization\"},\"alternateName\":\"Elleb\u00ec | Calzature Gallipoli\",\"potentialAction\":[{\"@type\":\"SearchAction\",\"target\":{\"@type\":\"EntryPoint\",\"urlTemplate\":\"https:\\\/\\\/ellebicalzature.it\\\/es\\\/?s={search_term_string}\"},\"query-input\":{\"@type\":\"PropertyValueSpecification\",\"valueRequired\":true,\"valueName\":\"search_term_string\"}}],\"inLanguage\":\"es\"},{\"@type\":\"Organization\",\"@id\":\"https:\\\/\\\/ellebicalzature.it\\\/es\\\/#organization\",\"name\":\"Ellebi\",\"url\":\"https:\\\/\\\/ellebicalzature.it\\\/es\\\/\",\"logo\":{\"@type\":\"ImageObject\",\"inLanguage\":\"es\",\"@id\":\"https:\\\/\\\/ellebicalzature.it\\\/es\\\/#\\\/schema\\\/logo\\\/image\\\/\",\"url\":\"https:\\\/\\\/ellebicalzature.it\\\/wp-content\\\/uploads\\\/2024\\\/04\\\/logo-ellebi.png\",\"contentUrl\":\"https:\\\/\\\/ellebicalzature.it\\\/wp-content\\\/uploads\\\/2024\\\/04\\\/logo-ellebi.png\",\"width\":221,\"height\":131,\"caption\":\"Ellebi\"},\"image\":{\"@id\":\"https:\\\/\\\/ellebicalzature.it\\\/es\\\/#\\\/schema\\\/logo\\\/image\\\/\"},\"sameAs\":[\"https:\\\/\\\/www.facebook.com\\\/ellebisandaliartigianaligallipoli\\\/\",\"https:\\\/\\\/www.instagram.com\\\/ellebicalzature\\\/?hl=it\"]}]}<\/script>\n<!-- \/ Yoast SEO plugin. -->","yoast_head_json":{"title":"Bolso de mano artesanal trenzado | Ellebi","description":"Bolso de mano de piel con parte frontal trenzada y trasera lisa, forrado y con bandolera ajustable. Realizado a mano por artesanos salentinos.","robots":{"index":"index","follow":"follow","max-snippet":"max-snippet:-1","max-image-preview":"max-image-preview:large","max-video-preview":"max-video-preview:-1"},"canonical":"https:\/\/ellebicalzature.it\/es\/product\/bolso-de-mano-artesanal-trenzado\/","og_locale":"es_ES","og_type":"article","og_title":"Bolso de mano artesanal trenzado | Ellebi","og_description":"Bolso de mano de piel con parte frontal trenzada y trasera lisa, forrado y con bandolera ajustable. Realizado a mano por artesanos salentinos.","og_url":"https:\/\/ellebicalzature.it\/es\/product\/bolso-de-mano-artesanal-trenzado\/","og_site_name":"Ellebi","article_publisher":"https:\/\/www.facebook.com\/ellebisandaliartigianaligallipoli\/","article_modified_time":"2026-03-19T11:18:51+00:00","og_image":[{"width":2404,"height":2560,"url":"https:\/\/ellebicalzature.it\/wp-content\/uploads\/2025\/09\/immagine_1767000168-1.webp","type":"image\/webp"}],"twitter_card":"summary_large_image","schema":{"@context":"https:\/\/schema.org","@graph":[{"@type":"WebPage","@id":"https:\/\/ellebicalzature.it\/es\/product\/bolso-de-mano-artesanal-trenzado\/","url":"https:\/\/ellebicalzature.it\/es\/product\/bolso-de-mano-artesanal-trenzado\/","name":"Bolso de mano artesanal trenzado | Ellebi","isPartOf":{"@id":"https:\/\/ellebicalzature.it\/es\/#website"},"primaryImageOfPage":{"@id":"https:\/\/ellebicalzature.it\/es\/product\/bolso-de-mano-artesanal-trenzado\/#primaryimage"},"image":{"@id":"https:\/\/ellebicalzature.it\/es\/product\/bolso-de-mano-artesanal-trenzado\/#primaryimage"},"thumbnailUrl":"https:\/\/ellebicalzature.it\/wp-content\/uploads\/2025\/09\/immagine_1767000168-1.webp","datePublished":"2025-09-18T16:16:51+00:00","dateModified":"2026-03-19T11:18:51+00:00","description":"Bolso de mano de piel con parte frontal trenzada y trasera lisa, forrado y con bandolera ajustable. Realizado a mano por artesanos salentinos.","breadcrumb":{"@id":"https:\/\/ellebicalzature.it\/es\/product\/bolso-de-mano-artesanal-trenzado\/#breadcrumb"},"inLanguage":"es","potentialAction":[{"@type":"ReadAction","target":["https:\/\/ellebicalzature.it\/es\/product\/bolso-de-mano-artesanal-trenzado\/"]}]},{"@type":"ImageObject","inLanguage":"es","@id":"https:\/\/ellebicalzature.it\/es\/product\/bolso-de-mano-artesanal-trenzado\/#primaryimage","url":"https:\/\/ellebicalzature.it\/wp-content\/uploads\/2025\/09\/immagine_1767000168-1.webp","contentUrl":"https:\/\/ellebicalzature.it\/wp-content\/uploads\/2025\/09\/immagine_1767000168-1.webp","width":2404,"height":2560},{"@type":"BreadcrumbList","@id":"https:\/\/ellebicalzature.it\/es\/product\/bolso-de-mano-artesanal-trenzado\/#breadcrumb","itemListElement":[{"@type":"ListItem","position":1,"name":"Home","item":"https:\/\/ellebicalzature.it\/es\/"},{"@type":"ListItem","position":2,"name":"Tienda","item":"https:\/\/ellebicalzature.it\/es\/tienda\/"},{"@type":"ListItem","position":3,"name":"Bolso de mano artesanal trenzado"}]},{"@type":"WebSite","@id":"https:\/\/ellebicalzature.it\/es\/#website","url":"https:\/\/ellebicalzature.it\/es\/","name":"Elleb\u00ec","description":"Calzature e accessori Gallipoli","publisher":{"@id":"https:\/\/ellebicalzature.it\/es\/#organization"},"alternateName":"Elleb\u00ec | Calzature Gallipoli","potentialAction":[{"@type":"SearchAction","target":{"@type":"EntryPoint","urlTemplate":"https:\/\/ellebicalzature.it\/es\/?s={search_term_string}"},"query-input":{"@type":"PropertyValueSpecification","valueRequired":true,"valueName":"search_term_string"}}],"inLanguage":"es"},{"@type":"Organization","@id":"https:\/\/ellebicalzature.it\/es\/#organization","name":"Ellebi","url":"https:\/\/ellebicalzature.it\/es\/","logo":{"@type":"ImageObject","inLanguage":"es","@id":"https:\/\/ellebicalzature.it\/es\/#\/schema\/logo\/image\/","url":"https:\/\/ellebicalzature.it\/wp-content\/uploads\/2024\/04\/logo-ellebi.png","contentUrl":"https:\/\/ellebicalzature.it\/wp-content\/uploads\/2024\/04\/logo-ellebi.png","width":221,"height":131,"caption":"Ellebi"},"image":{"@id":"https:\/\/ellebicalzature.it\/es\/#\/schema\/logo\/image\/"},"sameAs":["https:\/\/www.facebook.com\/ellebisandaliartigianaligallipoli\/","https:\/\/www.instagram.com\/ellebicalzature\/?hl=it"]}]}},"_links":{"self":[{"href":"https:\/\/ellebicalzature.it\/es\/wp-json\/wp\/v2\/product\/42189","targetHints":{"allow":["GET"]}}],"collection":[{"href":"https:\/\/ellebicalzature.it\/es\/wp-json\/wp\/v2\/product"}],"about":[{"href":"https:\/\/ellebicalzature.it\/es\/wp-json\/wp\/v2\/types\/product"}],"replies":[{"embeddable":true,"href":"https:\/\/ellebicalzature.it\/es\/wp-json\/wp\/v2\/comments?post=42189"}],"version-history":[{"count":1,"href":"https:\/\/ellebicalzature.it\/es\/wp-json\/wp\/v2\/product\/42189\/revisions"}],"predecessor-version":[{"id":73075,"href":"https:\/\/ellebicalzature.it\/es\/wp-json\/wp\/v2\/product\/42189\/revisions\/73075"}],"wp:featuredmedia":[{"embeddable":true,"href":"https:\/\/ellebicalzature.it\/es\/wp-json\/wp\/v2\/media\/69852"}],"wp:attachment":[{"href":"https:\/\/ellebicalzature.it\/es\/wp-json\/wp\/v2\/media?parent=42189"}],"wp:term":[{"taxonomy":"product_brand","embeddable":true,"href":"https:\/\/ellebicalzature.it\/es\/wp-json\/wp\/v2\/product_brand?post=42189"},{"taxonomy":"product_cat","embeddable":true,"href":"https:\/\/ellebicalzature.it\/es\/wp-json\/wp\/v2\/product_cat?post=42189"},{"taxonomy":"product_tag","embeddable":true,"href":"https:\/\/ellebicalzature.it\/es\/wp-json\/wp\/v2\/product_tag?post=42189"}],"curies":[{"name":"wp","href":"https:\/\/api.w.org\/{rel}","templated":true}]}}