{"id":57712,"date":"2021-10-31T18:15:21","date_gmt":"2021-10-31T18:15:21","guid":{"rendered":"https:\/\/ellebicalzature.it\/product\/sandalias-de-cuero-para-hombre-con-separador-de-dedos\/"},"modified":"2026-03-19T14:14:33","modified_gmt":"2026-03-19T13:14:33","slug":"sandalias-de-cuero-para-hombre-con-separador-de-dedos","status":"publish","type":"product","link":"https:\/\/ellebicalzature.it\/es\/product\/sandalias-de-cuero-para-hombre-con-separador-de-dedos\/","title":{"rendered":"Sandalias de cuero para hombre con separador de dedos"},"content":{"rendered":"<p>Sandalias artesanales para hombre con separador de dedos en cuero acoplado, m\u00e1s suaves porque no tienen los bordes del corte. Parte superior en piel de vaca suave. <\/p>\n","protected":false},"excerpt":{"rendered":"<p>Sandalias artesanales para hombre con separador de dedos en cuero acoplado, m\u00e1s suaves porque no tienen los bordes del corte. Parte superior en piel de vaca suave, plantilla anat\u00f3mica de cuero y suela de goma r\u00edgida.<br \/>\nCalzado hecho a mano por artesanos de Salento. <\/p>\n","protected":false},"featured_media":70553,"comment_status":"closed","ping_status":"closed","template":"","meta":{"_monsterinsights_skip_tracking":false,"_monsterinsights_sitenote_active":false,"_monsterinsights_sitenote_note":"","_monsterinsights_sitenote_category":0},"product_brand":[],"product_cat":[1184,1194],"product_tag":[1832],"class_list":{"0":"post-57712","1":"product","2":"type-product","3":"status-publish","4":"has-post-thumbnail","6":"product_cat-calzado-artesanal-hombre","7":"product_cat-chanclas-artesanales-hombre","8":"product_tag-zapatillas-artesanales-para-hombre-2","9":"pa_colore-marron-oscuro","10":"pa_taglia-1381","11":"pa_taglia-1379","12":"pa_taglia-1378","13":"pa_taglia-1377","14":"pa_taglia-1376","15":"pa_taglia-1374","16":"pa_taglia-1373","17":"pa_taglia-1372","18":"pa_taglia-1831","20":"first","21":"instock","22":"purchasable","23":"product-type-variable"},"yoast_head":"<!-- This site is optimized with the Yoast SEO plugin v27.3 - https:\/\/yoast.com\/product\/yoast-seo-wordpress\/ -->\n<title>Sandalias artesanales de cuero para hombre con separador de dedos<\/title>\n<meta name=\"description\" content=\"Sandalias artesanales para hombre con separador de dedos en cuero acoplado, m\u00e1s suaves porque no tienen los bordes del corte. Parte superior en piel de vaca suave.\" \/>\n<meta name=\"robots\" content=\"index, follow, max-snippet:-1, max-image-preview:large, max-video-preview:-1\" \/>\n<link rel=\"canonical\" href=\"https:\/\/ellebicalzature.it\/es\/product\/sandalias-de-cuero-para-hombre-con-separador-de-dedos\/\" \/>\n<meta property=\"og:locale\" content=\"es_ES\" \/>\n<meta property=\"og:type\" content=\"article\" \/>\n<meta property=\"og:title\" content=\"Sandalias artesanales de cuero para hombre con separador de dedos\" \/>\n<meta property=\"og:description\" content=\"Sandalias artesanales para hombre con separador de dedos en cuero acoplado, m\u00e1s suaves porque no tienen los bordes del corte. Parte superior en piel de vaca suave.\" \/>\n<meta property=\"og:url\" content=\"https:\/\/ellebicalzature.it\/es\/product\/sandalias-de-cuero-para-hombre-con-separador-de-dedos\/\" \/>\n<meta property=\"og:site_name\" content=\"Ellebi\" \/>\n<meta property=\"article:publisher\" content=\"https:\/\/www.facebook.com\/ellebisandaliartigianaligallipoli\/\" \/>\n<meta property=\"article:modified_time\" content=\"2026-03-19T13:14:33+00:00\" \/>\n<meta property=\"og:image\" content=\"https:\/\/ellebicalzature.it\/wp-content\/uploads\/2021\/10\/immagine_1767441928.webp\" \/>\n\t<meta property=\"og:image:width\" content=\"1682\" \/>\n\t<meta property=\"og:image:height\" content=\"1552\" \/>\n\t<meta property=\"og:image:type\" content=\"image\/webp\" \/>\n<meta name=\"twitter:card\" content=\"summary_large_image\" \/>\n<script type=\"application\/ld+json\" class=\"yoast-schema-graph\">{\"@context\":\"https:\\\/\\\/schema.org\",\"@graph\":[{\"@type\":\"WebPage\",\"@id\":\"https:\\\/\\\/ellebicalzature.it\\\/es\\\/product\\\/sandalias-de-cuero-para-hombre-con-separador-de-dedos\\\/\",\"url\":\"https:\\\/\\\/ellebicalzature.it\\\/es\\\/product\\\/sandalias-de-cuero-para-hombre-con-separador-de-dedos\\\/\",\"name\":\"Sandalias artesanales de cuero para hombre con separador de dedos\",\"isPartOf\":{\"@id\":\"https:\\\/\\\/ellebicalzature.it\\\/es\\\/#website\"},\"primaryImageOfPage\":{\"@id\":\"https:\\\/\\\/ellebicalzature.it\\\/es\\\/product\\\/sandalias-de-cuero-para-hombre-con-separador-de-dedos\\\/#primaryimage\"},\"image\":{\"@id\":\"https:\\\/\\\/ellebicalzature.it\\\/es\\\/product\\\/sandalias-de-cuero-para-hombre-con-separador-de-dedos\\\/#primaryimage\"},\"thumbnailUrl\":\"https:\\\/\\\/ellebicalzature.it\\\/wp-content\\\/uploads\\\/2021\\\/10\\\/immagine_1767441928.webp\",\"datePublished\":\"2021-10-31T18:15:21+00:00\",\"dateModified\":\"2026-03-19T13:14:33+00:00\",\"description\":\"Sandalias artesanales para hombre con separador de dedos en cuero acoplado, m\u00e1s suaves porque no tienen los bordes del corte. Parte superior en piel de vaca suave.\",\"breadcrumb\":{\"@id\":\"https:\\\/\\\/ellebicalzature.it\\\/es\\\/product\\\/sandalias-de-cuero-para-hombre-con-separador-de-dedos\\\/#breadcrumb\"},\"inLanguage\":\"es\",\"potentialAction\":[{\"@type\":\"ReadAction\",\"target\":[\"https:\\\/\\\/ellebicalzature.it\\\/es\\\/product\\\/sandalias-de-cuero-para-hombre-con-separador-de-dedos\\\/\"]}]},{\"@type\":\"ImageObject\",\"inLanguage\":\"es\",\"@id\":\"https:\\\/\\\/ellebicalzature.it\\\/es\\\/product\\\/sandalias-de-cuero-para-hombre-con-separador-de-dedos\\\/#primaryimage\",\"url\":\"https:\\\/\\\/ellebicalzature.it\\\/wp-content\\\/uploads\\\/2021\\\/10\\\/immagine_1767441928.webp\",\"contentUrl\":\"https:\\\/\\\/ellebicalzature.it\\\/wp-content\\\/uploads\\\/2021\\\/10\\\/immagine_1767441928.webp\",\"width\":1682,\"height\":1552},{\"@type\":\"BreadcrumbList\",\"@id\":\"https:\\\/\\\/ellebicalzature.it\\\/es\\\/product\\\/sandalias-de-cuero-para-hombre-con-separador-de-dedos\\\/#breadcrumb\",\"itemListElement\":[{\"@type\":\"ListItem\",\"position\":1,\"name\":\"Home\",\"item\":\"https:\\\/\\\/ellebicalzature.it\\\/es\\\/\"},{\"@type\":\"ListItem\",\"position\":2,\"name\":\"Tienda\",\"item\":\"https:\\\/\\\/ellebicalzature.it\\\/es\\\/tienda\\\/\"},{\"@type\":\"ListItem\",\"position\":3,\"name\":\"Sandalias de cuero para hombre con separador de dedos\"}]},{\"@type\":\"WebSite\",\"@id\":\"https:\\\/\\\/ellebicalzature.it\\\/es\\\/#website\",\"url\":\"https:\\\/\\\/ellebicalzature.it\\\/es\\\/\",\"name\":\"Elleb\u00ec\",\"description\":\"Calzature e accessori Gallipoli\",\"publisher\":{\"@id\":\"https:\\\/\\\/ellebicalzature.it\\\/es\\\/#organization\"},\"alternateName\":\"Elleb\u00ec | Calzature Gallipoli\",\"potentialAction\":[{\"@type\":\"SearchAction\",\"target\":{\"@type\":\"EntryPoint\",\"urlTemplate\":\"https:\\\/\\\/ellebicalzature.it\\\/es\\\/?s={search_term_string}\"},\"query-input\":{\"@type\":\"PropertyValueSpecification\",\"valueRequired\":true,\"valueName\":\"search_term_string\"}}],\"inLanguage\":\"es\"},{\"@type\":\"Organization\",\"@id\":\"https:\\\/\\\/ellebicalzature.it\\\/es\\\/#organization\",\"name\":\"Ellebi\",\"url\":\"https:\\\/\\\/ellebicalzature.it\\\/es\\\/\",\"logo\":{\"@type\":\"ImageObject\",\"inLanguage\":\"es\",\"@id\":\"https:\\\/\\\/ellebicalzature.it\\\/es\\\/#\\\/schema\\\/logo\\\/image\\\/\",\"url\":\"https:\\\/\\\/ellebicalzature.it\\\/wp-content\\\/uploads\\\/2024\\\/04\\\/logo-ellebi.png\",\"contentUrl\":\"https:\\\/\\\/ellebicalzature.it\\\/wp-content\\\/uploads\\\/2024\\\/04\\\/logo-ellebi.png\",\"width\":221,\"height\":131,\"caption\":\"Ellebi\"},\"image\":{\"@id\":\"https:\\\/\\\/ellebicalzature.it\\\/es\\\/#\\\/schema\\\/logo\\\/image\\\/\"},\"sameAs\":[\"https:\\\/\\\/www.facebook.com\\\/ellebisandaliartigianaligallipoli\\\/\",\"https:\\\/\\\/www.instagram.com\\\/ellebicalzature\\\/?hl=it\"]}]}<\/script>\n<!-- \/ Yoast SEO plugin. -->","yoast_head_json":{"title":"Sandalias artesanales de cuero para hombre con separador de dedos","description":"Sandalias artesanales para hombre con separador de dedos en cuero acoplado, m\u00e1s suaves porque no tienen los bordes del corte. Parte superior en piel de vaca suave.","robots":{"index":"index","follow":"follow","max-snippet":"max-snippet:-1","max-image-preview":"max-image-preview:large","max-video-preview":"max-video-preview:-1"},"canonical":"https:\/\/ellebicalzature.it\/es\/product\/sandalias-de-cuero-para-hombre-con-separador-de-dedos\/","og_locale":"es_ES","og_type":"article","og_title":"Sandalias artesanales de cuero para hombre con separador de dedos","og_description":"Sandalias artesanales para hombre con separador de dedos en cuero acoplado, m\u00e1s suaves porque no tienen los bordes del corte. Parte superior en piel de vaca suave.","og_url":"https:\/\/ellebicalzature.it\/es\/product\/sandalias-de-cuero-para-hombre-con-separador-de-dedos\/","og_site_name":"Ellebi","article_publisher":"https:\/\/www.facebook.com\/ellebisandaliartigianaligallipoli\/","article_modified_time":"2026-03-19T13:14:33+00:00","og_image":[{"width":1682,"height":1552,"url":"https:\/\/ellebicalzature.it\/wp-content\/uploads\/2021\/10\/immagine_1767441928.webp","type":"image\/webp"}],"twitter_card":"summary_large_image","schema":{"@context":"https:\/\/schema.org","@graph":[{"@type":"WebPage","@id":"https:\/\/ellebicalzature.it\/es\/product\/sandalias-de-cuero-para-hombre-con-separador-de-dedos\/","url":"https:\/\/ellebicalzature.it\/es\/product\/sandalias-de-cuero-para-hombre-con-separador-de-dedos\/","name":"Sandalias artesanales de cuero para hombre con separador de dedos","isPartOf":{"@id":"https:\/\/ellebicalzature.it\/es\/#website"},"primaryImageOfPage":{"@id":"https:\/\/ellebicalzature.it\/es\/product\/sandalias-de-cuero-para-hombre-con-separador-de-dedos\/#primaryimage"},"image":{"@id":"https:\/\/ellebicalzature.it\/es\/product\/sandalias-de-cuero-para-hombre-con-separador-de-dedos\/#primaryimage"},"thumbnailUrl":"https:\/\/ellebicalzature.it\/wp-content\/uploads\/2021\/10\/immagine_1767441928.webp","datePublished":"2021-10-31T18:15:21+00:00","dateModified":"2026-03-19T13:14:33+00:00","description":"Sandalias artesanales para hombre con separador de dedos en cuero acoplado, m\u00e1s suaves porque no tienen los bordes del corte. Parte superior en piel de vaca suave.","breadcrumb":{"@id":"https:\/\/ellebicalzature.it\/es\/product\/sandalias-de-cuero-para-hombre-con-separador-de-dedos\/#breadcrumb"},"inLanguage":"es","potentialAction":[{"@type":"ReadAction","target":["https:\/\/ellebicalzature.it\/es\/product\/sandalias-de-cuero-para-hombre-con-separador-de-dedos\/"]}]},{"@type":"ImageObject","inLanguage":"es","@id":"https:\/\/ellebicalzature.it\/es\/product\/sandalias-de-cuero-para-hombre-con-separador-de-dedos\/#primaryimage","url":"https:\/\/ellebicalzature.it\/wp-content\/uploads\/2021\/10\/immagine_1767441928.webp","contentUrl":"https:\/\/ellebicalzature.it\/wp-content\/uploads\/2021\/10\/immagine_1767441928.webp","width":1682,"height":1552},{"@type":"BreadcrumbList","@id":"https:\/\/ellebicalzature.it\/es\/product\/sandalias-de-cuero-para-hombre-con-separador-de-dedos\/#breadcrumb","itemListElement":[{"@type":"ListItem","position":1,"name":"Home","item":"https:\/\/ellebicalzature.it\/es\/"},{"@type":"ListItem","position":2,"name":"Tienda","item":"https:\/\/ellebicalzature.it\/es\/tienda\/"},{"@type":"ListItem","position":3,"name":"Sandalias de cuero para hombre con separador de dedos"}]},{"@type":"WebSite","@id":"https:\/\/ellebicalzature.it\/es\/#website","url":"https:\/\/ellebicalzature.it\/es\/","name":"Elleb\u00ec","description":"Calzature e accessori Gallipoli","publisher":{"@id":"https:\/\/ellebicalzature.it\/es\/#organization"},"alternateName":"Elleb\u00ec | Calzature Gallipoli","potentialAction":[{"@type":"SearchAction","target":{"@type":"EntryPoint","urlTemplate":"https:\/\/ellebicalzature.it\/es\/?s={search_term_string}"},"query-input":{"@type":"PropertyValueSpecification","valueRequired":true,"valueName":"search_term_string"}}],"inLanguage":"es"},{"@type":"Organization","@id":"https:\/\/ellebicalzature.it\/es\/#organization","name":"Ellebi","url":"https:\/\/ellebicalzature.it\/es\/","logo":{"@type":"ImageObject","inLanguage":"es","@id":"https:\/\/ellebicalzature.it\/es\/#\/schema\/logo\/image\/","url":"https:\/\/ellebicalzature.it\/wp-content\/uploads\/2024\/04\/logo-ellebi.png","contentUrl":"https:\/\/ellebicalzature.it\/wp-content\/uploads\/2024\/04\/logo-ellebi.png","width":221,"height":131,"caption":"Ellebi"},"image":{"@id":"https:\/\/ellebicalzature.it\/es\/#\/schema\/logo\/image\/"},"sameAs":["https:\/\/www.facebook.com\/ellebisandaliartigianaligallipoli\/","https:\/\/www.instagram.com\/ellebicalzature\/?hl=it"]}]}},"_links":{"self":[{"href":"https:\/\/ellebicalzature.it\/es\/wp-json\/wp\/v2\/product\/57712","targetHints":{"allow":["GET"]}}],"collection":[{"href":"https:\/\/ellebicalzature.it\/es\/wp-json\/wp\/v2\/product"}],"about":[{"href":"https:\/\/ellebicalzature.it\/es\/wp-json\/wp\/v2\/types\/product"}],"replies":[{"embeddable":true,"href":"https:\/\/ellebicalzature.it\/es\/wp-json\/wp\/v2\/comments?post=57712"}],"version-history":[{"count":1,"href":"https:\/\/ellebicalzature.it\/es\/wp-json\/wp\/v2\/product\/57712\/revisions"}],"predecessor-version":[{"id":74392,"href":"https:\/\/ellebicalzature.it\/es\/wp-json\/wp\/v2\/product\/57712\/revisions\/74392"}],"wp:featuredmedia":[{"embeddable":true,"href":"https:\/\/ellebicalzature.it\/es\/wp-json\/wp\/v2\/media\/70553"}],"wp:attachment":[{"href":"https:\/\/ellebicalzature.it\/es\/wp-json\/wp\/v2\/media?parent=57712"}],"wp:term":[{"taxonomy":"product_brand","embeddable":true,"href":"https:\/\/ellebicalzature.it\/es\/wp-json\/wp\/v2\/product_brand?post=57712"},{"taxonomy":"product_cat","embeddable":true,"href":"https:\/\/ellebicalzature.it\/es\/wp-json\/wp\/v2\/product_cat?post=57712"},{"taxonomy":"product_tag","embeddable":true,"href":"https:\/\/ellebicalzature.it\/es\/wp-json\/wp\/v2\/product_tag?post=57712"}],"curies":[{"name":"wp","href":"https:\/\/api.w.org\/{rel}","templated":true}]}}