{"id":61546,"date":"2020-11-23T11:53:17","date_gmt":"2020-11-23T11:53:17","guid":{"rendered":"https:\/\/ellebicalzature.it\/product\/sandalias-para-ninos-monacale-clasico\/"},"modified":"2026-03-19T16:48:33","modified_gmt":"2026-03-19T15:48:33","slug":"sandalias-para-ninos-monacale-clasico","status":"publish","type":"product","link":"https:\/\/ellebicalzature.it\/es\/product\/sandalias-para-ninos-monacale-clasico\/","title":{"rendered":"Sandalias para ni\u00f1os Monacale cl\u00e1sico"},"content":{"rendered":"<p><strong>Sandalias<\/strong> <strong>artesanales<\/strong> para <strong>ni\u00f1os<\/strong><strong>,<\/strong> modelo <strong>monacale<\/strong> con dos bandas en piel de becerro suave y correa en el tal\u00f3n. Calzado tanto para ni\u00f1a como para ni\u00f1o.<br \/>\nProducto fabricado por artesanos italianos, que utilizan materiales de primera calidad. <\/p>\n","protected":false},"excerpt":{"rendered":"<p><strong>Sandalias<\/strong> <strong>artesanales<\/strong> para <strong>ni\u00f1os<\/strong><strong>,<\/strong> modelo <strong>monacale<\/strong> con dos bandas en piel de becerro suave y correa en el tal\u00f3n. Calzado tanto para ni\u00f1a como para ni\u00f1o. <\/p>\n","protected":false},"featured_media":70725,"comment_status":"closed","ping_status":"closed","template":"","meta":{"_monsterinsights_skip_tracking":false,"_monsterinsights_sitenote_active":false,"_monsterinsights_sitenote_note":"","_monsterinsights_sitenote_category":0},"product_brand":[],"product_cat":[1180,1173],"product_tag":[2381],"class_list":{"0":"post-61546","1":"product","2":"type-product","3":"status-publish","4":"has-post-thumbnail","6":"product_cat-calzado-artesanal-nino","7":"product_cat-sandalias","8":"product_tag-sandalia-para-nino-nina-monacale-clasico","9":"pa_colore-azul","10":"pa_colore-marron-oscuro","11":"pa_taglia-1941","12":"pa_taglia-1936","13":"pa_taglia-1939","14":"pa_taglia-1940","15":"pa_taglia-1937","16":"pa_taglia-1938","17":"pa_taglia-1931","18":"pa_taglia-1932","19":"pa_taglia-1933","20":"pa_taglia-1934","21":"pa_taglia-1935","22":"pa_taglia-1930","23":"pa_taglia-1770","24":"pa_taglia-1769","26":"first","27":"instock","28":"purchasable","29":"product-type-variable"},"yoast_head":"<!-- This site is optimized with the Yoast SEO plugin v27.3 - https:\/\/yoast.com\/product\/yoast-seo-wordpress\/ -->\n<title>Sandalias para ni\u00f1os Monacale cl\u00e1sico<\/title>\n<meta name=\"description\" content=\"Sandalias artesanales para ni\u00f1os, modelo monacale con dos bandas en piel de becerro suave y correa en el tal\u00f3n. Calzado tanto para ni\u00f1a como para ni\u00f1o.\" \/>\n<meta name=\"robots\" content=\"index, follow, max-snippet:-1, max-image-preview:large, max-video-preview:-1\" \/>\n<link rel=\"canonical\" href=\"https:\/\/ellebicalzature.it\/es\/product\/sandalias-para-ninos-monacale-clasico\/\" \/>\n<meta property=\"og:locale\" content=\"es_ES\" \/>\n<meta property=\"og:type\" content=\"article\" \/>\n<meta property=\"og:title\" content=\"Sandalias para ni\u00f1os Monacale cl\u00e1sico\" \/>\n<meta property=\"og:description\" content=\"Sandalias artesanales para ni\u00f1os, modelo monacale con dos bandas en piel de becerro suave y correa en el tal\u00f3n. Calzado tanto para ni\u00f1a como para ni\u00f1o.\" \/>\n<meta property=\"og:url\" content=\"https:\/\/ellebicalzature.it\/es\/product\/sandalias-para-ninos-monacale-clasico\/\" \/>\n<meta property=\"og:site_name\" content=\"Ellebi\" \/>\n<meta property=\"article:publisher\" content=\"https:\/\/www.facebook.com\/ellebisandaliartigianaligallipoli\/\" \/>\n<meta property=\"article:modified_time\" content=\"2026-03-19T15:48:33+00:00\" \/>\n<meta property=\"og:image\" content=\"https:\/\/ellebicalzature.it\/wp-content\/uploads\/2020\/11\/immagine_1767522957.webp\" \/>\n\t<meta property=\"og:image:width\" content=\"1835\" \/>\n\t<meta property=\"og:image:height\" content=\"1800\" \/>\n\t<meta property=\"og:image:type\" content=\"image\/webp\" \/>\n<meta name=\"twitter:card\" content=\"summary_large_image\" \/>\n<script type=\"application\/ld+json\" class=\"yoast-schema-graph\">{\"@context\":\"https:\\\/\\\/schema.org\",\"@graph\":[{\"@type\":\"WebPage\",\"@id\":\"https:\\\/\\\/ellebicalzature.it\\\/es\\\/product\\\/sandalias-para-ninos-monacale-clasico\\\/\",\"url\":\"https:\\\/\\\/ellebicalzature.it\\\/es\\\/product\\\/sandalias-para-ninos-monacale-clasico\\\/\",\"name\":\"Sandalias para ni\u00f1os Monacale cl\u00e1sico\",\"isPartOf\":{\"@id\":\"https:\\\/\\\/ellebicalzature.it\\\/es\\\/#website\"},\"primaryImageOfPage\":{\"@id\":\"https:\\\/\\\/ellebicalzature.it\\\/es\\\/product\\\/sandalias-para-ninos-monacale-clasico\\\/#primaryimage\"},\"image\":{\"@id\":\"https:\\\/\\\/ellebicalzature.it\\\/es\\\/product\\\/sandalias-para-ninos-monacale-clasico\\\/#primaryimage\"},\"thumbnailUrl\":\"https:\\\/\\\/ellebicalzature.it\\\/wp-content\\\/uploads\\\/2020\\\/11\\\/immagine_1767522957.webp\",\"datePublished\":\"2020-11-23T11:53:17+00:00\",\"dateModified\":\"2026-03-19T15:48:33+00:00\",\"description\":\"Sandalias artesanales para ni\u00f1os, modelo monacale con dos bandas en piel de becerro suave y correa en el tal\u00f3n. Calzado tanto para ni\u00f1a como para ni\u00f1o.\",\"breadcrumb\":{\"@id\":\"https:\\\/\\\/ellebicalzature.it\\\/es\\\/product\\\/sandalias-para-ninos-monacale-clasico\\\/#breadcrumb\"},\"inLanguage\":\"es\",\"potentialAction\":[{\"@type\":\"ReadAction\",\"target\":[\"https:\\\/\\\/ellebicalzature.it\\\/es\\\/product\\\/sandalias-para-ninos-monacale-clasico\\\/\"]}]},{\"@type\":\"ImageObject\",\"inLanguage\":\"es\",\"@id\":\"https:\\\/\\\/ellebicalzature.it\\\/es\\\/product\\\/sandalias-para-ninos-monacale-clasico\\\/#primaryimage\",\"url\":\"https:\\\/\\\/ellebicalzature.it\\\/wp-content\\\/uploads\\\/2020\\\/11\\\/immagine_1767522957.webp\",\"contentUrl\":\"https:\\\/\\\/ellebicalzature.it\\\/wp-content\\\/uploads\\\/2020\\\/11\\\/immagine_1767522957.webp\",\"width\":1835,\"height\":1800},{\"@type\":\"BreadcrumbList\",\"@id\":\"https:\\\/\\\/ellebicalzature.it\\\/es\\\/product\\\/sandalias-para-ninos-monacale-clasico\\\/#breadcrumb\",\"itemListElement\":[{\"@type\":\"ListItem\",\"position\":1,\"name\":\"Home\",\"item\":\"https:\\\/\\\/ellebicalzature.it\\\/es\\\/\"},{\"@type\":\"ListItem\",\"position\":2,\"name\":\"Tienda\",\"item\":\"https:\\\/\\\/ellebicalzature.it\\\/es\\\/tienda\\\/\"},{\"@type\":\"ListItem\",\"position\":3,\"name\":\"Sandalias para ni\u00f1os Monacale cl\u00e1sico\"}]},{\"@type\":\"WebSite\",\"@id\":\"https:\\\/\\\/ellebicalzature.it\\\/es\\\/#website\",\"url\":\"https:\\\/\\\/ellebicalzature.it\\\/es\\\/\",\"name\":\"Elleb\u00ec\",\"description\":\"Calzature e accessori Gallipoli\",\"publisher\":{\"@id\":\"https:\\\/\\\/ellebicalzature.it\\\/es\\\/#organization\"},\"alternateName\":\"Elleb\u00ec | Calzature Gallipoli\",\"potentialAction\":[{\"@type\":\"SearchAction\",\"target\":{\"@type\":\"EntryPoint\",\"urlTemplate\":\"https:\\\/\\\/ellebicalzature.it\\\/es\\\/?s={search_term_string}\"},\"query-input\":{\"@type\":\"PropertyValueSpecification\",\"valueRequired\":true,\"valueName\":\"search_term_string\"}}],\"inLanguage\":\"es\"},{\"@type\":\"Organization\",\"@id\":\"https:\\\/\\\/ellebicalzature.it\\\/es\\\/#organization\",\"name\":\"Ellebi\",\"url\":\"https:\\\/\\\/ellebicalzature.it\\\/es\\\/\",\"logo\":{\"@type\":\"ImageObject\",\"inLanguage\":\"es\",\"@id\":\"https:\\\/\\\/ellebicalzature.it\\\/es\\\/#\\\/schema\\\/logo\\\/image\\\/\",\"url\":\"https:\\\/\\\/ellebicalzature.it\\\/wp-content\\\/uploads\\\/2024\\\/04\\\/logo-ellebi.png\",\"contentUrl\":\"https:\\\/\\\/ellebicalzature.it\\\/wp-content\\\/uploads\\\/2024\\\/04\\\/logo-ellebi.png\",\"width\":221,\"height\":131,\"caption\":\"Ellebi\"},\"image\":{\"@id\":\"https:\\\/\\\/ellebicalzature.it\\\/es\\\/#\\\/schema\\\/logo\\\/image\\\/\"},\"sameAs\":[\"https:\\\/\\\/www.facebook.com\\\/ellebisandaliartigianaligallipoli\\\/\",\"https:\\\/\\\/www.instagram.com\\\/ellebicalzature\\\/?hl=it\"]}]}<\/script>\n<!-- \/ Yoast SEO plugin. -->","yoast_head_json":{"title":"Sandalias para ni\u00f1os Monacale cl\u00e1sico","description":"Sandalias artesanales para ni\u00f1os, modelo monacale con dos bandas en piel de becerro suave y correa en el tal\u00f3n. Calzado tanto para ni\u00f1a como para ni\u00f1o.","robots":{"index":"index","follow":"follow","max-snippet":"max-snippet:-1","max-image-preview":"max-image-preview:large","max-video-preview":"max-video-preview:-1"},"canonical":"https:\/\/ellebicalzature.it\/es\/product\/sandalias-para-ninos-monacale-clasico\/","og_locale":"es_ES","og_type":"article","og_title":"Sandalias para ni\u00f1os Monacale cl\u00e1sico","og_description":"Sandalias artesanales para ni\u00f1os, modelo monacale con dos bandas en piel de becerro suave y correa en el tal\u00f3n. Calzado tanto para ni\u00f1a como para ni\u00f1o.","og_url":"https:\/\/ellebicalzature.it\/es\/product\/sandalias-para-ninos-monacale-clasico\/","og_site_name":"Ellebi","article_publisher":"https:\/\/www.facebook.com\/ellebisandaliartigianaligallipoli\/","article_modified_time":"2026-03-19T15:48:33+00:00","og_image":[{"width":1835,"height":1800,"url":"https:\/\/ellebicalzature.it\/wp-content\/uploads\/2020\/11\/immagine_1767522957.webp","type":"image\/webp"}],"twitter_card":"summary_large_image","schema":{"@context":"https:\/\/schema.org","@graph":[{"@type":"WebPage","@id":"https:\/\/ellebicalzature.it\/es\/product\/sandalias-para-ninos-monacale-clasico\/","url":"https:\/\/ellebicalzature.it\/es\/product\/sandalias-para-ninos-monacale-clasico\/","name":"Sandalias para ni\u00f1os Monacale cl\u00e1sico","isPartOf":{"@id":"https:\/\/ellebicalzature.it\/es\/#website"},"primaryImageOfPage":{"@id":"https:\/\/ellebicalzature.it\/es\/product\/sandalias-para-ninos-monacale-clasico\/#primaryimage"},"image":{"@id":"https:\/\/ellebicalzature.it\/es\/product\/sandalias-para-ninos-monacale-clasico\/#primaryimage"},"thumbnailUrl":"https:\/\/ellebicalzature.it\/wp-content\/uploads\/2020\/11\/immagine_1767522957.webp","datePublished":"2020-11-23T11:53:17+00:00","dateModified":"2026-03-19T15:48:33+00:00","description":"Sandalias artesanales para ni\u00f1os, modelo monacale con dos bandas en piel de becerro suave y correa en el tal\u00f3n. Calzado tanto para ni\u00f1a como para ni\u00f1o.","breadcrumb":{"@id":"https:\/\/ellebicalzature.it\/es\/product\/sandalias-para-ninos-monacale-clasico\/#breadcrumb"},"inLanguage":"es","potentialAction":[{"@type":"ReadAction","target":["https:\/\/ellebicalzature.it\/es\/product\/sandalias-para-ninos-monacale-clasico\/"]}]},{"@type":"ImageObject","inLanguage":"es","@id":"https:\/\/ellebicalzature.it\/es\/product\/sandalias-para-ninos-monacale-clasico\/#primaryimage","url":"https:\/\/ellebicalzature.it\/wp-content\/uploads\/2020\/11\/immagine_1767522957.webp","contentUrl":"https:\/\/ellebicalzature.it\/wp-content\/uploads\/2020\/11\/immagine_1767522957.webp","width":1835,"height":1800},{"@type":"BreadcrumbList","@id":"https:\/\/ellebicalzature.it\/es\/product\/sandalias-para-ninos-monacale-clasico\/#breadcrumb","itemListElement":[{"@type":"ListItem","position":1,"name":"Home","item":"https:\/\/ellebicalzature.it\/es\/"},{"@type":"ListItem","position":2,"name":"Tienda","item":"https:\/\/ellebicalzature.it\/es\/tienda\/"},{"@type":"ListItem","position":3,"name":"Sandalias para ni\u00f1os Monacale cl\u00e1sico"}]},{"@type":"WebSite","@id":"https:\/\/ellebicalzature.it\/es\/#website","url":"https:\/\/ellebicalzature.it\/es\/","name":"Elleb\u00ec","description":"Calzature e accessori Gallipoli","publisher":{"@id":"https:\/\/ellebicalzature.it\/es\/#organization"},"alternateName":"Elleb\u00ec | Calzature Gallipoli","potentialAction":[{"@type":"SearchAction","target":{"@type":"EntryPoint","urlTemplate":"https:\/\/ellebicalzature.it\/es\/?s={search_term_string}"},"query-input":{"@type":"PropertyValueSpecification","valueRequired":true,"valueName":"search_term_string"}}],"inLanguage":"es"},{"@type":"Organization","@id":"https:\/\/ellebicalzature.it\/es\/#organization","name":"Ellebi","url":"https:\/\/ellebicalzature.it\/es\/","logo":{"@type":"ImageObject","inLanguage":"es","@id":"https:\/\/ellebicalzature.it\/es\/#\/schema\/logo\/image\/","url":"https:\/\/ellebicalzature.it\/wp-content\/uploads\/2024\/04\/logo-ellebi.png","contentUrl":"https:\/\/ellebicalzature.it\/wp-content\/uploads\/2024\/04\/logo-ellebi.png","width":221,"height":131,"caption":"Ellebi"},"image":{"@id":"https:\/\/ellebicalzature.it\/es\/#\/schema\/logo\/image\/"},"sameAs":["https:\/\/www.facebook.com\/ellebisandaliartigianaligallipoli\/","https:\/\/www.instagram.com\/ellebicalzature\/?hl=it"]}]}},"_links":{"self":[{"href":"https:\/\/ellebicalzature.it\/es\/wp-json\/wp\/v2\/product\/61546","targetHints":{"allow":["GET"]}}],"collection":[{"href":"https:\/\/ellebicalzature.it\/es\/wp-json\/wp\/v2\/product"}],"about":[{"href":"https:\/\/ellebicalzature.it\/es\/wp-json\/wp\/v2\/types\/product"}],"replies":[{"embeddable":true,"href":"https:\/\/ellebicalzature.it\/es\/wp-json\/wp\/v2\/comments?post=61546"}],"version-history":[{"count":1,"href":"https:\/\/ellebicalzature.it\/es\/wp-json\/wp\/v2\/product\/61546\/revisions"}],"predecessor-version":[{"id":74846,"href":"https:\/\/ellebicalzature.it\/es\/wp-json\/wp\/v2\/product\/61546\/revisions\/74846"}],"wp:featuredmedia":[{"embeddable":true,"href":"https:\/\/ellebicalzature.it\/es\/wp-json\/wp\/v2\/media\/70725"}],"wp:attachment":[{"href":"https:\/\/ellebicalzature.it\/es\/wp-json\/wp\/v2\/media?parent=61546"}],"wp:term":[{"taxonomy":"product_brand","embeddable":true,"href":"https:\/\/ellebicalzature.it\/es\/wp-json\/wp\/v2\/product_brand?post=61546"},{"taxonomy":"product_cat","embeddable":true,"href":"https:\/\/ellebicalzature.it\/es\/wp-json\/wp\/v2\/product_cat?post=61546"},{"taxonomy":"product_tag","embeddable":true,"href":"https:\/\/ellebicalzature.it\/es\/wp-json\/wp\/v2\/product_tag?post=61546"}],"curies":[{"name":"wp","href":"https:\/\/api.w.org\/{rel}","templated":true}]}}