{"id":62071,"date":"2020-05-12T06:57:17","date_gmt":"2020-05-12T06:57:17","guid":{"rendered":"https:\/\/ellebicalzature.it\/product\/sandalias-nina-en-piel-con-banda-glitter\/"},"modified":"2026-02-03T20:35:51","modified_gmt":"2026-02-03T19:35:51","slug":"sandalias-nina-en-piel-con-banda-glitter","status":"publish","type":"product","link":"https:\/\/ellebicalzature.it\/es\/product\/sandalias-nina-en-piel-con-banda-glitter\/","title":{"rendered":"Sandalias ni\u00f1a en piel con banda glitter"},"content":{"rendered":"<p><strong>Sandalias<\/strong> <strong>artesanales<\/strong> para <strong>ni\u00f1a<\/strong><strong>,<\/strong> en <strong>piel<\/strong> con <strong>banda glitter<\/strong>, peque\u00f1o espol\u00f3n abierto y pulsera en el tobillo. Empeine en piel de becerro, plantilla en cuero y suela de goma ligera.<br \/>\nProducto realizado por artesanos italianos, que utilizan materiales de primera calidad. <\/p>\n","protected":false},"excerpt":{"rendered":"<p>Sandalias artesanales para ni\u00f1a, en piel con banda glitter, peque\u00f1o espol\u00f3n abierto y pulsera en el tobillo. Producto realizado por artesanos italianos. <\/p>\n","protected":false},"featured_media":71366,"comment_status":"closed","ping_status":"closed","template":"","meta":{"_monsterinsights_skip_tracking":false,"_monsterinsights_sitenote_active":false,"_monsterinsights_sitenote_note":"","_monsterinsights_sitenote_category":0},"product_brand":[],"product_cat":[1180,1173],"product_tag":[2413],"class_list":{"0":"post-62071","1":"product","2":"type-product","3":"status-publish","4":"has-post-thumbnail","6":"product_cat-calzado-artesanal-nino","7":"product_cat-sandalias","8":"product_tag-sandalia-nina-banda-glitter","9":"pa_taglia-1941","10":"pa_taglia-1936","11":"pa_taglia-1939","12":"pa_taglia-1940","13":"pa_taglia-1937","14":"pa_taglia-1938","15":"pa_taglia-1931","16":"pa_taglia-1932","17":"pa_taglia-1933","18":"pa_taglia-1934","19":"pa_taglia-1935","20":"pa_taglia-1930","21":"pa_taglia-1770","22":"pa_taglia-1769","24":"first","25":"instock","26":"purchasable","27":"product-type-variable"},"yoast_head":"<!-- This site is optimized with the Yoast SEO plugin v27.3 - https:\/\/yoast.com\/product\/yoast-seo-wordpress\/ -->\n<title>Sandalias ni\u00f1a en piel con banda glitter<\/title>\n<meta name=\"description\" content=\"Sandalias artesanales para ni\u00f1a, en piel con banda glitter, peque\u00f1o espol\u00f3n abierto y pulsera en el tobillo. Producto realizado por artesanos italianos.\" \/>\n<meta name=\"robots\" content=\"index, follow, max-snippet:-1, max-image-preview:large, max-video-preview:-1\" \/>\n<link rel=\"canonical\" href=\"https:\/\/ellebicalzature.it\/es\/product\/sandalias-nina-en-piel-con-banda-glitter\/\" \/>\n<meta property=\"og:locale\" content=\"es_ES\" \/>\n<meta property=\"og:type\" content=\"article\" \/>\n<meta property=\"og:title\" content=\"Sandalias ni\u00f1a en piel con banda glitter\" \/>\n<meta property=\"og:description\" content=\"Sandalias artesanales para ni\u00f1a, en piel con banda glitter, peque\u00f1o espol\u00f3n abierto y pulsera en el tobillo. Producto realizado por artesanos italianos.\" \/>\n<meta property=\"og:url\" content=\"https:\/\/ellebicalzature.it\/es\/product\/sandalias-nina-en-piel-con-banda-glitter\/\" \/>\n<meta property=\"og:site_name\" content=\"Ellebi\" \/>\n<meta property=\"article:publisher\" content=\"https:\/\/www.facebook.com\/ellebisandaliartigianaligallipoli\/\" \/>\n<meta property=\"article:modified_time\" content=\"2026-02-03T19:35:51+00:00\" \/>\n<meta property=\"og:image\" content=\"https:\/\/ellebicalzature.it\/wp-content\/uploads\/2020\/05\/immagine_1767980748-1.webp\" \/>\n\t<meta property=\"og:image:width\" content=\"1737\" \/>\n\t<meta property=\"og:image:height\" content=\"1545\" \/>\n\t<meta property=\"og:image:type\" content=\"image\/webp\" \/>\n<meta name=\"twitter:card\" content=\"summary_large_image\" \/>\n<script type=\"application\/ld+json\" class=\"yoast-schema-graph\">{\"@context\":\"https:\\\/\\\/schema.org\",\"@graph\":[{\"@type\":\"WebPage\",\"@id\":\"https:\\\/\\\/ellebicalzature.it\\\/es\\\/product\\\/sandalias-nina-en-piel-con-banda-glitter\\\/\",\"url\":\"https:\\\/\\\/ellebicalzature.it\\\/es\\\/product\\\/sandalias-nina-en-piel-con-banda-glitter\\\/\",\"name\":\"Sandalias ni\u00f1a en piel con banda glitter\",\"isPartOf\":{\"@id\":\"https:\\\/\\\/ellebicalzature.it\\\/es\\\/#website\"},\"primaryImageOfPage\":{\"@id\":\"https:\\\/\\\/ellebicalzature.it\\\/es\\\/product\\\/sandalias-nina-en-piel-con-banda-glitter\\\/#primaryimage\"},\"image\":{\"@id\":\"https:\\\/\\\/ellebicalzature.it\\\/es\\\/product\\\/sandalias-nina-en-piel-con-banda-glitter\\\/#primaryimage\"},\"thumbnailUrl\":\"https:\\\/\\\/ellebicalzature.it\\\/wp-content\\\/uploads\\\/2020\\\/05\\\/immagine_1767980748-1.webp\",\"datePublished\":\"2020-05-12T06:57:17+00:00\",\"dateModified\":\"2026-02-03T19:35:51+00:00\",\"description\":\"Sandalias artesanales para ni\u00f1a, en piel con banda glitter, peque\u00f1o espol\u00f3n abierto y pulsera en el tobillo. Producto realizado por artesanos italianos.\",\"breadcrumb\":{\"@id\":\"https:\\\/\\\/ellebicalzature.it\\\/es\\\/product\\\/sandalias-nina-en-piel-con-banda-glitter\\\/#breadcrumb\"},\"inLanguage\":\"es\",\"potentialAction\":[{\"@type\":\"ReadAction\",\"target\":[\"https:\\\/\\\/ellebicalzature.it\\\/es\\\/product\\\/sandalias-nina-en-piel-con-banda-glitter\\\/\"]}]},{\"@type\":\"ImageObject\",\"inLanguage\":\"es\",\"@id\":\"https:\\\/\\\/ellebicalzature.it\\\/es\\\/product\\\/sandalias-nina-en-piel-con-banda-glitter\\\/#primaryimage\",\"url\":\"https:\\\/\\\/ellebicalzature.it\\\/wp-content\\\/uploads\\\/2020\\\/05\\\/immagine_1767980748-1.webp\",\"contentUrl\":\"https:\\\/\\\/ellebicalzature.it\\\/wp-content\\\/uploads\\\/2020\\\/05\\\/immagine_1767980748-1.webp\",\"width\":1737,\"height\":1545},{\"@type\":\"BreadcrumbList\",\"@id\":\"https:\\\/\\\/ellebicalzature.it\\\/es\\\/product\\\/sandalias-nina-en-piel-con-banda-glitter\\\/#breadcrumb\",\"itemListElement\":[{\"@type\":\"ListItem\",\"position\":1,\"name\":\"Home\",\"item\":\"https:\\\/\\\/ellebicalzature.it\\\/es\\\/\"},{\"@type\":\"ListItem\",\"position\":2,\"name\":\"Tienda\",\"item\":\"https:\\\/\\\/ellebicalzature.it\\\/es\\\/tienda\\\/\"},{\"@type\":\"ListItem\",\"position\":3,\"name\":\"Sandalias ni\u00f1a en piel con banda glitter\"}]},{\"@type\":\"WebSite\",\"@id\":\"https:\\\/\\\/ellebicalzature.it\\\/es\\\/#website\",\"url\":\"https:\\\/\\\/ellebicalzature.it\\\/es\\\/\",\"name\":\"Elleb\u00ec\",\"description\":\"Calzature e accessori Gallipoli\",\"publisher\":{\"@id\":\"https:\\\/\\\/ellebicalzature.it\\\/es\\\/#organization\"},\"alternateName\":\"Elleb\u00ec | Calzature Gallipoli\",\"potentialAction\":[{\"@type\":\"SearchAction\",\"target\":{\"@type\":\"EntryPoint\",\"urlTemplate\":\"https:\\\/\\\/ellebicalzature.it\\\/es\\\/?s={search_term_string}\"},\"query-input\":{\"@type\":\"PropertyValueSpecification\",\"valueRequired\":true,\"valueName\":\"search_term_string\"}}],\"inLanguage\":\"es\"},{\"@type\":\"Organization\",\"@id\":\"https:\\\/\\\/ellebicalzature.it\\\/es\\\/#organization\",\"name\":\"Ellebi\",\"url\":\"https:\\\/\\\/ellebicalzature.it\\\/es\\\/\",\"logo\":{\"@type\":\"ImageObject\",\"inLanguage\":\"es\",\"@id\":\"https:\\\/\\\/ellebicalzature.it\\\/es\\\/#\\\/schema\\\/logo\\\/image\\\/\",\"url\":\"https:\\\/\\\/ellebicalzature.it\\\/wp-content\\\/uploads\\\/2024\\\/04\\\/logo-ellebi.png\",\"contentUrl\":\"https:\\\/\\\/ellebicalzature.it\\\/wp-content\\\/uploads\\\/2024\\\/04\\\/logo-ellebi.png\",\"width\":221,\"height\":131,\"caption\":\"Ellebi\"},\"image\":{\"@id\":\"https:\\\/\\\/ellebicalzature.it\\\/es\\\/#\\\/schema\\\/logo\\\/image\\\/\"},\"sameAs\":[\"https:\\\/\\\/www.facebook.com\\\/ellebisandaliartigianaligallipoli\\\/\",\"https:\\\/\\\/www.instagram.com\\\/ellebicalzature\\\/?hl=it\"]}]}<\/script>\n<!-- \/ Yoast SEO plugin. -->","yoast_head_json":{"title":"Sandalias ni\u00f1a en piel con banda glitter","description":"Sandalias artesanales para ni\u00f1a, en piel con banda glitter, peque\u00f1o espol\u00f3n abierto y pulsera en el tobillo. Producto realizado por artesanos italianos.","robots":{"index":"index","follow":"follow","max-snippet":"max-snippet:-1","max-image-preview":"max-image-preview:large","max-video-preview":"max-video-preview:-1"},"canonical":"https:\/\/ellebicalzature.it\/es\/product\/sandalias-nina-en-piel-con-banda-glitter\/","og_locale":"es_ES","og_type":"article","og_title":"Sandalias ni\u00f1a en piel con banda glitter","og_description":"Sandalias artesanales para ni\u00f1a, en piel con banda glitter, peque\u00f1o espol\u00f3n abierto y pulsera en el tobillo. Producto realizado por artesanos italianos.","og_url":"https:\/\/ellebicalzature.it\/es\/product\/sandalias-nina-en-piel-con-banda-glitter\/","og_site_name":"Ellebi","article_publisher":"https:\/\/www.facebook.com\/ellebisandaliartigianaligallipoli\/","article_modified_time":"2026-02-03T19:35:51+00:00","og_image":[{"width":1737,"height":1545,"url":"https:\/\/ellebicalzature.it\/wp-content\/uploads\/2020\/05\/immagine_1767980748-1.webp","type":"image\/webp"}],"twitter_card":"summary_large_image","schema":{"@context":"https:\/\/schema.org","@graph":[{"@type":"WebPage","@id":"https:\/\/ellebicalzature.it\/es\/product\/sandalias-nina-en-piel-con-banda-glitter\/","url":"https:\/\/ellebicalzature.it\/es\/product\/sandalias-nina-en-piel-con-banda-glitter\/","name":"Sandalias ni\u00f1a en piel con banda glitter","isPartOf":{"@id":"https:\/\/ellebicalzature.it\/es\/#website"},"primaryImageOfPage":{"@id":"https:\/\/ellebicalzature.it\/es\/product\/sandalias-nina-en-piel-con-banda-glitter\/#primaryimage"},"image":{"@id":"https:\/\/ellebicalzature.it\/es\/product\/sandalias-nina-en-piel-con-banda-glitter\/#primaryimage"},"thumbnailUrl":"https:\/\/ellebicalzature.it\/wp-content\/uploads\/2020\/05\/immagine_1767980748-1.webp","datePublished":"2020-05-12T06:57:17+00:00","dateModified":"2026-02-03T19:35:51+00:00","description":"Sandalias artesanales para ni\u00f1a, en piel con banda glitter, peque\u00f1o espol\u00f3n abierto y pulsera en el tobillo. Producto realizado por artesanos italianos.","breadcrumb":{"@id":"https:\/\/ellebicalzature.it\/es\/product\/sandalias-nina-en-piel-con-banda-glitter\/#breadcrumb"},"inLanguage":"es","potentialAction":[{"@type":"ReadAction","target":["https:\/\/ellebicalzature.it\/es\/product\/sandalias-nina-en-piel-con-banda-glitter\/"]}]},{"@type":"ImageObject","inLanguage":"es","@id":"https:\/\/ellebicalzature.it\/es\/product\/sandalias-nina-en-piel-con-banda-glitter\/#primaryimage","url":"https:\/\/ellebicalzature.it\/wp-content\/uploads\/2020\/05\/immagine_1767980748-1.webp","contentUrl":"https:\/\/ellebicalzature.it\/wp-content\/uploads\/2020\/05\/immagine_1767980748-1.webp","width":1737,"height":1545},{"@type":"BreadcrumbList","@id":"https:\/\/ellebicalzature.it\/es\/product\/sandalias-nina-en-piel-con-banda-glitter\/#breadcrumb","itemListElement":[{"@type":"ListItem","position":1,"name":"Home","item":"https:\/\/ellebicalzature.it\/es\/"},{"@type":"ListItem","position":2,"name":"Tienda","item":"https:\/\/ellebicalzature.it\/es\/tienda\/"},{"@type":"ListItem","position":3,"name":"Sandalias ni\u00f1a en piel con banda glitter"}]},{"@type":"WebSite","@id":"https:\/\/ellebicalzature.it\/es\/#website","url":"https:\/\/ellebicalzature.it\/es\/","name":"Elleb\u00ec","description":"Calzature e accessori Gallipoli","publisher":{"@id":"https:\/\/ellebicalzature.it\/es\/#organization"},"alternateName":"Elleb\u00ec | Calzature Gallipoli","potentialAction":[{"@type":"SearchAction","target":{"@type":"EntryPoint","urlTemplate":"https:\/\/ellebicalzature.it\/es\/?s={search_term_string}"},"query-input":{"@type":"PropertyValueSpecification","valueRequired":true,"valueName":"search_term_string"}}],"inLanguage":"es"},{"@type":"Organization","@id":"https:\/\/ellebicalzature.it\/es\/#organization","name":"Ellebi","url":"https:\/\/ellebicalzature.it\/es\/","logo":{"@type":"ImageObject","inLanguage":"es","@id":"https:\/\/ellebicalzature.it\/es\/#\/schema\/logo\/image\/","url":"https:\/\/ellebicalzature.it\/wp-content\/uploads\/2024\/04\/logo-ellebi.png","contentUrl":"https:\/\/ellebicalzature.it\/wp-content\/uploads\/2024\/04\/logo-ellebi.png","width":221,"height":131,"caption":"Ellebi"},"image":{"@id":"https:\/\/ellebicalzature.it\/es\/#\/schema\/logo\/image\/"},"sameAs":["https:\/\/www.facebook.com\/ellebisandaliartigianaligallipoli\/","https:\/\/www.instagram.com\/ellebicalzature\/?hl=it"]}]}},"_links":{"self":[{"href":"https:\/\/ellebicalzature.it\/es\/wp-json\/wp\/v2\/product\/62071","targetHints":{"allow":["GET"]}}],"collection":[{"href":"https:\/\/ellebicalzature.it\/es\/wp-json\/wp\/v2\/product"}],"about":[{"href":"https:\/\/ellebicalzature.it\/es\/wp-json\/wp\/v2\/types\/product"}],"replies":[{"embeddable":true,"href":"https:\/\/ellebicalzature.it\/es\/wp-json\/wp\/v2\/comments?post=62071"}],"version-history":[{"count":1,"href":"https:\/\/ellebicalzature.it\/es\/wp-json\/wp\/v2\/product\/62071\/revisions"}],"predecessor-version":[{"id":72234,"href":"https:\/\/ellebicalzature.it\/es\/wp-json\/wp\/v2\/product\/62071\/revisions\/72234"}],"wp:featuredmedia":[{"embeddable":true,"href":"https:\/\/ellebicalzature.it\/es\/wp-json\/wp\/v2\/media\/71366"}],"wp:attachment":[{"href":"https:\/\/ellebicalzature.it\/es\/wp-json\/wp\/v2\/media?parent=62071"}],"wp:term":[{"taxonomy":"product_brand","embeddable":true,"href":"https:\/\/ellebicalzature.it\/es\/wp-json\/wp\/v2\/product_brand?post=62071"},{"taxonomy":"product_cat","embeddable":true,"href":"https:\/\/ellebicalzature.it\/es\/wp-json\/wp\/v2\/product_cat?post=62071"},{"taxonomy":"product_tag","embeddable":true,"href":"https:\/\/ellebicalzature.it\/es\/wp-json\/wp\/v2\/product_tag?post=62071"}],"curies":[{"name":"wp","href":"https:\/\/api.w.org\/{rel}","templated":true}]}}