{"id":76790,"date":"2026-03-10T16:36:14","date_gmt":"2026-03-10T15:36:14","guid":{"rendered":"https:\/\/ellebicalzature.it\/product\/sandalias-artesanales-con-dedo-y-plantilla-anatomica\/"},"modified":"2026-03-10T16:36:14","modified_gmt":"2026-03-10T15:36:14","slug":"sandalias-artesanales-con-dedo-y-plantilla-anatomica","status":"publish","type":"product","link":"https:\/\/ellebicalzature.it\/es\/product\/sandalias-artesanales-con-dedo-y-plantilla-anatomica\/","title":{"rendered":"Sandalias artesanales con dedo y plantilla anat\u00f3mica"},"content":{"rendered":"<p>Sandalias artesanales de mujer en piel con dedo y hebilla ajustable, dise\u00f1adas para ofrecer estabilidad y un ajuste preciso. La plantilla anat\u00f3mica asegura un apoyo suave y un uso diario pr\u00e1ctico y elegante. <\/p>\n","protected":false},"excerpt":{"rendered":"<p>Estas sandalias de mujer en piel est\u00e1n dise\u00f1adas con dedo y una hebilla ajustable que permite personalizar el ajuste de forma precisa y estable.<\/p>\n<p>El corte en piel plena garantiza durabilidad, resistencia y un soporte uniforme al pie, mientras que la plantilla anat\u00f3mica est\u00e1 dise\u00f1ada para ofrecer un apoyo suave y reducir la fatiga durante el uso diario. La suela ligera y antideslizante asegura una marcha fluida y segura, convirtiendo estas sandalias en la elecci\u00f3n ideal para quien busca un modelo pr\u00e1ctico, t\u00e9cnico y al mismo tiempo elegante. <\/p>\n<p>Hechas a mano por artesanos de Salento.<\/p>\n","protected":false},"featured_media":72494,"comment_status":"open","ping_status":"closed","template":"","meta":{"_monsterinsights_skip_tracking":false,"_monsterinsights_sitenote_active":false,"_monsterinsights_sitenote_note":"","_monsterinsights_sitenote_category":0},"product_brand":[],"product_cat":[1181,1192,1185],"product_tag":[1653],"class_list":{"0":"post-76790","1":"product","2":"type-product","3":"status-publish","4":"has-post-thumbnail","6":"product_cat-calzado-artesanal-mujer","7":"product_cat-chanclas-artesanales-mujer","8":"product_cat-nuevas-llegadas","9":"product_tag-zapatillas-artesanales-para-mujer","10":"pa_taglia-1375","11":"pa_taglia-1382","12":"pa_taglia-1380","13":"pa_taglia-1383","14":"pa_taglia-1381","15":"pa_taglia-1379","16":"pa_taglia-1378","17":"pa_taglia-1377","18":"pa_taglia-1376","20":"first","21":"instock","22":"taxable","23":"shipping-taxable","24":"purchasable","25":"product-type-variable"},"yoast_head":"<!-- This site is optimized with the Yoast SEO plugin v27.3 - https:\/\/yoast.com\/product\/yoast-seo-wordpress\/ -->\n<title>Sandalias artesanales con dedo y plantilla anat\u00f3mica | Ellebi<\/title>\n<meta name=\"description\" content=\"Sandalias artesanales de mujer en piel con dedo y hebilla ajustable, c\u00f3modas y resistentes. Plantilla anat\u00f3mica y dise\u00f1o t\u00e9cnico.\" \/>\n<meta name=\"robots\" content=\"index, follow, max-snippet:-1, max-image-preview:large, max-video-preview:-1\" \/>\n<link rel=\"canonical\" href=\"https:\/\/ellebicalzature.it\/es\/product\/sandalias-artesanales-con-dedo-y-plantilla-anatomica\/\" \/>\n<meta property=\"og:locale\" content=\"es_ES\" \/>\n<meta property=\"og:type\" content=\"article\" \/>\n<meta property=\"og:title\" content=\"Sandalias artesanales con dedo y plantilla anat\u00f3mica | Ellebi\" \/>\n<meta property=\"og:description\" content=\"Sandalias artesanales de mujer en piel con dedo y hebilla ajustable, c\u00f3modas y resistentes. Plantilla anat\u00f3mica y dise\u00f1o t\u00e9cnico.\" \/>\n<meta property=\"og:url\" content=\"https:\/\/ellebicalzature.it\/es\/product\/sandalias-artesanales-con-dedo-y-plantilla-anatomica\/\" \/>\n<meta property=\"og:site_name\" content=\"Ellebi\" \/>\n<meta property=\"article:publisher\" content=\"https:\/\/www.facebook.com\/ellebisandaliartigianaligallipoli\/\" \/>\n<meta property=\"og:image\" content=\"https:\/\/ellebicalzature.it\/wp-content\/uploads\/2026\/03\/immagine_1773319532-e1773320951677.webp\" \/>\n\t<meta property=\"og:image:width\" content=\"1490\" \/>\n\t<meta property=\"og:image:height\" content=\"1457\" \/>\n\t<meta property=\"og:image:type\" content=\"image\/webp\" \/>\n<meta name=\"twitter:card\" content=\"summary_large_image\" \/>\n<script type=\"application\/ld+json\" class=\"yoast-schema-graph\">{\"@context\":\"https:\\\/\\\/schema.org\",\"@graph\":[{\"@type\":\"WebPage\",\"@id\":\"https:\\\/\\\/ellebicalzature.it\\\/es\\\/product\\\/sandalias-artesanales-con-dedo-y-plantilla-anatomica\\\/\",\"url\":\"https:\\\/\\\/ellebicalzature.it\\\/es\\\/product\\\/sandalias-artesanales-con-dedo-y-plantilla-anatomica\\\/\",\"name\":\"Sandalias artesanales con dedo y plantilla anat\u00f3mica | Ellebi\",\"isPartOf\":{\"@id\":\"https:\\\/\\\/ellebicalzature.it\\\/es\\\/#website\"},\"primaryImageOfPage\":{\"@id\":\"https:\\\/\\\/ellebicalzature.it\\\/es\\\/product\\\/sandalias-artesanales-con-dedo-y-plantilla-anatomica\\\/#primaryimage\"},\"image\":{\"@id\":\"https:\\\/\\\/ellebicalzature.it\\\/es\\\/product\\\/sandalias-artesanales-con-dedo-y-plantilla-anatomica\\\/#primaryimage\"},\"thumbnailUrl\":\"https:\\\/\\\/ellebicalzature.it\\\/wp-content\\\/uploads\\\/2026\\\/03\\\/immagine_1773319532-e1773320951677.webp\",\"datePublished\":\"2026-03-10T15:36:14+00:00\",\"description\":\"Sandalias artesanales de mujer en piel con dedo y hebilla ajustable, c\u00f3modas y resistentes. Plantilla anat\u00f3mica y dise\u00f1o t\u00e9cnico.\",\"breadcrumb\":{\"@id\":\"https:\\\/\\\/ellebicalzature.it\\\/es\\\/product\\\/sandalias-artesanales-con-dedo-y-plantilla-anatomica\\\/#breadcrumb\"},\"inLanguage\":\"es\",\"potentialAction\":[{\"@type\":\"ReadAction\",\"target\":[\"https:\\\/\\\/ellebicalzature.it\\\/es\\\/product\\\/sandalias-artesanales-con-dedo-y-plantilla-anatomica\\\/\"]}]},{\"@type\":\"ImageObject\",\"inLanguage\":\"es\",\"@id\":\"https:\\\/\\\/ellebicalzature.it\\\/es\\\/product\\\/sandalias-artesanales-con-dedo-y-plantilla-anatomica\\\/#primaryimage\",\"url\":\"https:\\\/\\\/ellebicalzature.it\\\/wp-content\\\/uploads\\\/2026\\\/03\\\/immagine_1773319532-e1773320951677.webp\",\"contentUrl\":\"https:\\\/\\\/ellebicalzature.it\\\/wp-content\\\/uploads\\\/2026\\\/03\\\/immagine_1773319532-e1773320951677.webp\",\"width\":1490,\"height\":1457},{\"@type\":\"BreadcrumbList\",\"@id\":\"https:\\\/\\\/ellebicalzature.it\\\/es\\\/product\\\/sandalias-artesanales-con-dedo-y-plantilla-anatomica\\\/#breadcrumb\",\"itemListElement\":[{\"@type\":\"ListItem\",\"position\":1,\"name\":\"Home\",\"item\":\"https:\\\/\\\/ellebicalzature.it\\\/es\\\/\"},{\"@type\":\"ListItem\",\"position\":2,\"name\":\"Tienda\",\"item\":\"https:\\\/\\\/ellebicalzature.it\\\/es\\\/tienda\\\/\"},{\"@type\":\"ListItem\",\"position\":3,\"name\":\"Sandalias artesanales con dedo y plantilla anat\u00f3mica\"}]},{\"@type\":\"WebSite\",\"@id\":\"https:\\\/\\\/ellebicalzature.it\\\/es\\\/#website\",\"url\":\"https:\\\/\\\/ellebicalzature.it\\\/es\\\/\",\"name\":\"Elleb\u00ec\",\"description\":\"Calzature e accessori Gallipoli\",\"publisher\":{\"@id\":\"https:\\\/\\\/ellebicalzature.it\\\/es\\\/#organization\"},\"alternateName\":\"Elleb\u00ec | Calzature Gallipoli\",\"potentialAction\":[{\"@type\":\"SearchAction\",\"target\":{\"@type\":\"EntryPoint\",\"urlTemplate\":\"https:\\\/\\\/ellebicalzature.it\\\/es\\\/?s={search_term_string}\"},\"query-input\":{\"@type\":\"PropertyValueSpecification\",\"valueRequired\":true,\"valueName\":\"search_term_string\"}}],\"inLanguage\":\"es\"},{\"@type\":\"Organization\",\"@id\":\"https:\\\/\\\/ellebicalzature.it\\\/es\\\/#organization\",\"name\":\"Ellebi\",\"url\":\"https:\\\/\\\/ellebicalzature.it\\\/es\\\/\",\"logo\":{\"@type\":\"ImageObject\",\"inLanguage\":\"es\",\"@id\":\"https:\\\/\\\/ellebicalzature.it\\\/es\\\/#\\\/schema\\\/logo\\\/image\\\/\",\"url\":\"https:\\\/\\\/ellebicalzature.it\\\/wp-content\\\/uploads\\\/2024\\\/04\\\/logo-ellebi.png\",\"contentUrl\":\"https:\\\/\\\/ellebicalzature.it\\\/wp-content\\\/uploads\\\/2024\\\/04\\\/logo-ellebi.png\",\"width\":221,\"height\":131,\"caption\":\"Ellebi\"},\"image\":{\"@id\":\"https:\\\/\\\/ellebicalzature.it\\\/es\\\/#\\\/schema\\\/logo\\\/image\\\/\"},\"sameAs\":[\"https:\\\/\\\/www.facebook.com\\\/ellebisandaliartigianaligallipoli\\\/\",\"https:\\\/\\\/www.instagram.com\\\/ellebicalzature\\\/?hl=it\"]}]}<\/script>\n<!-- \/ Yoast SEO plugin. -->","yoast_head_json":{"title":"Sandalias artesanales con dedo y plantilla anat\u00f3mica | Ellebi","description":"Sandalias artesanales de mujer en piel con dedo y hebilla ajustable, c\u00f3modas y resistentes. Plantilla anat\u00f3mica y dise\u00f1o t\u00e9cnico.","robots":{"index":"index","follow":"follow","max-snippet":"max-snippet:-1","max-image-preview":"max-image-preview:large","max-video-preview":"max-video-preview:-1"},"canonical":"https:\/\/ellebicalzature.it\/es\/product\/sandalias-artesanales-con-dedo-y-plantilla-anatomica\/","og_locale":"es_ES","og_type":"article","og_title":"Sandalias artesanales con dedo y plantilla anat\u00f3mica | Ellebi","og_description":"Sandalias artesanales de mujer en piel con dedo y hebilla ajustable, c\u00f3modas y resistentes. Plantilla anat\u00f3mica y dise\u00f1o t\u00e9cnico.","og_url":"https:\/\/ellebicalzature.it\/es\/product\/sandalias-artesanales-con-dedo-y-plantilla-anatomica\/","og_site_name":"Ellebi","article_publisher":"https:\/\/www.facebook.com\/ellebisandaliartigianaligallipoli\/","og_image":[{"width":1490,"height":1457,"url":"https:\/\/ellebicalzature.it\/wp-content\/uploads\/2026\/03\/immagine_1773319532-e1773320951677.webp","type":"image\/webp"}],"twitter_card":"summary_large_image","schema":{"@context":"https:\/\/schema.org","@graph":[{"@type":"WebPage","@id":"https:\/\/ellebicalzature.it\/es\/product\/sandalias-artesanales-con-dedo-y-plantilla-anatomica\/","url":"https:\/\/ellebicalzature.it\/es\/product\/sandalias-artesanales-con-dedo-y-plantilla-anatomica\/","name":"Sandalias artesanales con dedo y plantilla anat\u00f3mica | Ellebi","isPartOf":{"@id":"https:\/\/ellebicalzature.it\/es\/#website"},"primaryImageOfPage":{"@id":"https:\/\/ellebicalzature.it\/es\/product\/sandalias-artesanales-con-dedo-y-plantilla-anatomica\/#primaryimage"},"image":{"@id":"https:\/\/ellebicalzature.it\/es\/product\/sandalias-artesanales-con-dedo-y-plantilla-anatomica\/#primaryimage"},"thumbnailUrl":"https:\/\/ellebicalzature.it\/wp-content\/uploads\/2026\/03\/immagine_1773319532-e1773320951677.webp","datePublished":"2026-03-10T15:36:14+00:00","description":"Sandalias artesanales de mujer en piel con dedo y hebilla ajustable, c\u00f3modas y resistentes. Plantilla anat\u00f3mica y dise\u00f1o t\u00e9cnico.","breadcrumb":{"@id":"https:\/\/ellebicalzature.it\/es\/product\/sandalias-artesanales-con-dedo-y-plantilla-anatomica\/#breadcrumb"},"inLanguage":"es","potentialAction":[{"@type":"ReadAction","target":["https:\/\/ellebicalzature.it\/es\/product\/sandalias-artesanales-con-dedo-y-plantilla-anatomica\/"]}]},{"@type":"ImageObject","inLanguage":"es","@id":"https:\/\/ellebicalzature.it\/es\/product\/sandalias-artesanales-con-dedo-y-plantilla-anatomica\/#primaryimage","url":"https:\/\/ellebicalzature.it\/wp-content\/uploads\/2026\/03\/immagine_1773319532-e1773320951677.webp","contentUrl":"https:\/\/ellebicalzature.it\/wp-content\/uploads\/2026\/03\/immagine_1773319532-e1773320951677.webp","width":1490,"height":1457},{"@type":"BreadcrumbList","@id":"https:\/\/ellebicalzature.it\/es\/product\/sandalias-artesanales-con-dedo-y-plantilla-anatomica\/#breadcrumb","itemListElement":[{"@type":"ListItem","position":1,"name":"Home","item":"https:\/\/ellebicalzature.it\/es\/"},{"@type":"ListItem","position":2,"name":"Tienda","item":"https:\/\/ellebicalzature.it\/es\/tienda\/"},{"@type":"ListItem","position":3,"name":"Sandalias artesanales con dedo y plantilla anat\u00f3mica"}]},{"@type":"WebSite","@id":"https:\/\/ellebicalzature.it\/es\/#website","url":"https:\/\/ellebicalzature.it\/es\/","name":"Elleb\u00ec","description":"Calzature e accessori Gallipoli","publisher":{"@id":"https:\/\/ellebicalzature.it\/es\/#organization"},"alternateName":"Elleb\u00ec | Calzature Gallipoli","potentialAction":[{"@type":"SearchAction","target":{"@type":"EntryPoint","urlTemplate":"https:\/\/ellebicalzature.it\/es\/?s={search_term_string}"},"query-input":{"@type":"PropertyValueSpecification","valueRequired":true,"valueName":"search_term_string"}}],"inLanguage":"es"},{"@type":"Organization","@id":"https:\/\/ellebicalzature.it\/es\/#organization","name":"Ellebi","url":"https:\/\/ellebicalzature.it\/es\/","logo":{"@type":"ImageObject","inLanguage":"es","@id":"https:\/\/ellebicalzature.it\/es\/#\/schema\/logo\/image\/","url":"https:\/\/ellebicalzature.it\/wp-content\/uploads\/2024\/04\/logo-ellebi.png","contentUrl":"https:\/\/ellebicalzature.it\/wp-content\/uploads\/2024\/04\/logo-ellebi.png","width":221,"height":131,"caption":"Ellebi"},"image":{"@id":"https:\/\/ellebicalzature.it\/es\/#\/schema\/logo\/image\/"},"sameAs":["https:\/\/www.facebook.com\/ellebisandaliartigianaligallipoli\/","https:\/\/www.instagram.com\/ellebicalzature\/?hl=it"]}]}},"_links":{"self":[{"href":"https:\/\/ellebicalzature.it\/es\/wp-json\/wp\/v2\/product\/76790","targetHints":{"allow":["GET"]}}],"collection":[{"href":"https:\/\/ellebicalzature.it\/es\/wp-json\/wp\/v2\/product"}],"about":[{"href":"https:\/\/ellebicalzature.it\/es\/wp-json\/wp\/v2\/types\/product"}],"replies":[{"embeddable":true,"href":"https:\/\/ellebicalzature.it\/es\/wp-json\/wp\/v2\/comments?post=76790"}],"version-history":[{"count":0,"href":"https:\/\/ellebicalzature.it\/es\/wp-json\/wp\/v2\/product\/76790\/revisions"}],"wp:featuredmedia":[{"embeddable":true,"href":"https:\/\/ellebicalzature.it\/es\/wp-json\/wp\/v2\/media\/72494"}],"wp:attachment":[{"href":"https:\/\/ellebicalzature.it\/es\/wp-json\/wp\/v2\/media?parent=76790"}],"wp:term":[{"taxonomy":"product_brand","embeddable":true,"href":"https:\/\/ellebicalzature.it\/es\/wp-json\/wp\/v2\/product_brand?post=76790"},{"taxonomy":"product_cat","embeddable":true,"href":"https:\/\/ellebicalzature.it\/es\/wp-json\/wp\/v2\/product_cat?post=76790"},{"taxonomy":"product_tag","embeddable":true,"href":"https:\/\/ellebicalzature.it\/es\/wp-json\/wp\/v2\/product_tag?post=76790"}],"curies":[{"name":"wp","href":"https:\/\/api.w.org\/{rel}","templated":true}]}}