{"id":77793,"date":"2026-03-10T16:33:56","date_gmt":"2026-03-10T15:33:56","guid":{"rendered":"https:\/\/ellebicalzature.it\/product\/zuecos-tipo-sabot-para-hombre-en-piel-autentica\/"},"modified":"2026-03-10T16:33:56","modified_gmt":"2026-03-10T15:33:56","slug":"zuecos-tipo-sabot-para-hombre-en-piel-autentica","status":"publish","type":"product","link":"https:\/\/ellebicalzature.it\/es\/product\/zuecos-tipo-sabot-para-hombre-en-piel-autentica\/","title":{"rendered":"Zuecos tipo sabot para hombre en piel aut\u00e9ntica"},"content":{"rendered":"<p>Zuecos tipo sabot para hombre en piel de ante aut\u00e9ntica, con hebilla ajustable y plantilla anat\u00f3mica para un confort diario.<\/p>\n","protected":false},"excerpt":{"rendered":"<p>Zuecos tipo sabot para hombre hechos a mano en piel de ante aut\u00e9ntica de alta calidad. La elaboraci\u00f3n artesanal garantiza la atenci\u00f3n al detalle y acabados precisos, haciendo que cada par sea \u00fanico. El dise\u00f1o envolvente con hebilla ajustable asegura un ajuste personalizado, mientras que la plantilla anat\u00f3mica sujeta el pie acompa\u00f1\u00e1ndolo durante todo el d\u00eda. La suela es resistente y flexible, garantizando estabilidad y confort.   <\/p>\n","protected":false},"featured_media":71905,"comment_status":"open","ping_status":"closed","template":"","meta":{"_monsterinsights_skip_tracking":false,"_monsterinsights_sitenote_active":false,"_monsterinsights_sitenote_note":"","_monsterinsights_sitenote_category":0},"product_brand":[],"product_cat":[1184,1194],"product_tag":[2790,1832],"class_list":{"0":"post-77793","1":"product","2":"type-product","3":"status-publish","4":"has-post-thumbnail","6":"product_cat-calzado-artesanal-hombre","7":"product_cat-chanclas-artesanales-hombre","8":"product_tag-sabot-artesanales-para-hombre","9":"product_tag-zapatillas-artesanales-para-hombre-2","10":"pa_colore-ante-color-cuero","11":"pa_colore-ante-marron-chocolate","12":"pa_colore-ante-verde","13":"pa_taglia-1381","14":"pa_taglia-1379","15":"pa_taglia-1378","16":"pa_taglia-1377","17":"pa_taglia-1376","18":"pa_taglia-1374","19":"pa_taglia-1373","20":"pa_taglia-1372","22":"first","23":"instock","24":"taxable","25":"shipping-taxable","26":"purchasable","27":"product-type-variable"},"yoast_head":"<!-- This site is optimized with the Yoast SEO plugin v27.3 - https:\/\/yoast.com\/product\/yoast-seo-wordpress\/ -->\n<title>Zuecos tipo sabot para hombre en piel aut\u00e9ntica | Ellebi<\/title>\n<meta name=\"description\" content=\"Zuecos tipo sabot para hombre hechos a mano en piel de ante aut\u00e9ntica, con hebilla ajustable y plantilla anat\u00f3mica para el m\u00e1ximo confort diario.\" \/>\n<meta name=\"robots\" content=\"index, follow, max-snippet:-1, max-image-preview:large, max-video-preview:-1\" \/>\n<link rel=\"canonical\" href=\"https:\/\/ellebicalzature.it\/es\/product\/zuecos-tipo-sabot-para-hombre-en-piel-autentica\/\" \/>\n<meta property=\"og:locale\" content=\"es_ES\" \/>\n<meta property=\"og:type\" content=\"article\" \/>\n<meta property=\"og:title\" content=\"Zuecos tipo sabot para hombre en piel aut\u00e9ntica | Ellebi\" \/>\n<meta property=\"og:description\" content=\"Zuecos tipo sabot para hombre hechos a mano en piel de ante aut\u00e9ntica, con hebilla ajustable y plantilla anat\u00f3mica para el m\u00e1ximo confort diario.\" \/>\n<meta property=\"og:url\" content=\"https:\/\/ellebicalzature.it\/es\/product\/zuecos-tipo-sabot-para-hombre-en-piel-autentica\/\" \/>\n<meta property=\"og:site_name\" content=\"Ellebi\" \/>\n<meta property=\"article:publisher\" content=\"https:\/\/www.facebook.com\/ellebisandaliartigianaligallipoli\/\" \/>\n<meta property=\"og:image\" content=\"https:\/\/ellebicalzature.it\/wp-content\/uploads\/2026\/01\/immagine_1769181272.webp\" \/>\n\t<meta property=\"og:image:width\" content=\"1844\" \/>\n\t<meta property=\"og:image:height\" content=\"2006\" \/>\n\t<meta property=\"og:image:type\" content=\"image\/webp\" \/>\n<meta name=\"twitter:card\" content=\"summary_large_image\" \/>\n<script type=\"application\/ld+json\" class=\"yoast-schema-graph\">{\"@context\":\"https:\\\/\\\/schema.org\",\"@graph\":[{\"@type\":\"WebPage\",\"@id\":\"https:\\\/\\\/ellebicalzature.it\\\/es\\\/product\\\/zuecos-tipo-sabot-para-hombre-en-piel-autentica\\\/\",\"url\":\"https:\\\/\\\/ellebicalzature.it\\\/es\\\/product\\\/zuecos-tipo-sabot-para-hombre-en-piel-autentica\\\/\",\"name\":\"Zuecos tipo sabot para hombre en piel aut\u00e9ntica | Ellebi\",\"isPartOf\":{\"@id\":\"https:\\\/\\\/ellebicalzature.it\\\/es\\\/#website\"},\"primaryImageOfPage\":{\"@id\":\"https:\\\/\\\/ellebicalzature.it\\\/es\\\/product\\\/zuecos-tipo-sabot-para-hombre-en-piel-autentica\\\/#primaryimage\"},\"image\":{\"@id\":\"https:\\\/\\\/ellebicalzature.it\\\/es\\\/product\\\/zuecos-tipo-sabot-para-hombre-en-piel-autentica\\\/#primaryimage\"},\"thumbnailUrl\":\"https:\\\/\\\/ellebicalzature.it\\\/wp-content\\\/uploads\\\/2026\\\/01\\\/immagine_1769181272.webp\",\"datePublished\":\"2026-03-10T15:33:56+00:00\",\"description\":\"Zuecos tipo sabot para hombre hechos a mano en piel de ante aut\u00e9ntica, con hebilla ajustable y plantilla anat\u00f3mica para el m\u00e1ximo confort diario.\",\"breadcrumb\":{\"@id\":\"https:\\\/\\\/ellebicalzature.it\\\/es\\\/product\\\/zuecos-tipo-sabot-para-hombre-en-piel-autentica\\\/#breadcrumb\"},\"inLanguage\":\"es\",\"potentialAction\":[{\"@type\":\"ReadAction\",\"target\":[\"https:\\\/\\\/ellebicalzature.it\\\/es\\\/product\\\/zuecos-tipo-sabot-para-hombre-en-piel-autentica\\\/\"]}]},{\"@type\":\"ImageObject\",\"inLanguage\":\"es\",\"@id\":\"https:\\\/\\\/ellebicalzature.it\\\/es\\\/product\\\/zuecos-tipo-sabot-para-hombre-en-piel-autentica\\\/#primaryimage\",\"url\":\"https:\\\/\\\/ellebicalzature.it\\\/wp-content\\\/uploads\\\/2026\\\/01\\\/immagine_1769181272.webp\",\"contentUrl\":\"https:\\\/\\\/ellebicalzature.it\\\/wp-content\\\/uploads\\\/2026\\\/01\\\/immagine_1769181272.webp\",\"width\":1844,\"height\":2006},{\"@type\":\"BreadcrumbList\",\"@id\":\"https:\\\/\\\/ellebicalzature.it\\\/es\\\/product\\\/zuecos-tipo-sabot-para-hombre-en-piel-autentica\\\/#breadcrumb\",\"itemListElement\":[{\"@type\":\"ListItem\",\"position\":1,\"name\":\"Home\",\"item\":\"https:\\\/\\\/ellebicalzature.it\\\/es\\\/\"},{\"@type\":\"ListItem\",\"position\":2,\"name\":\"Tienda\",\"item\":\"https:\\\/\\\/ellebicalzature.it\\\/es\\\/tienda\\\/\"},{\"@type\":\"ListItem\",\"position\":3,\"name\":\"Zuecos tipo sabot para hombre en piel aut\u00e9ntica\"}]},{\"@type\":\"WebSite\",\"@id\":\"https:\\\/\\\/ellebicalzature.it\\\/es\\\/#website\",\"url\":\"https:\\\/\\\/ellebicalzature.it\\\/es\\\/\",\"name\":\"Elleb\u00ec\",\"description\":\"Calzature e accessori Gallipoli\",\"publisher\":{\"@id\":\"https:\\\/\\\/ellebicalzature.it\\\/es\\\/#organization\"},\"alternateName\":\"Elleb\u00ec | Calzature Gallipoli\",\"potentialAction\":[{\"@type\":\"SearchAction\",\"target\":{\"@type\":\"EntryPoint\",\"urlTemplate\":\"https:\\\/\\\/ellebicalzature.it\\\/es\\\/?s={search_term_string}\"},\"query-input\":{\"@type\":\"PropertyValueSpecification\",\"valueRequired\":true,\"valueName\":\"search_term_string\"}}],\"inLanguage\":\"es\"},{\"@type\":\"Organization\",\"@id\":\"https:\\\/\\\/ellebicalzature.it\\\/es\\\/#organization\",\"name\":\"Ellebi\",\"url\":\"https:\\\/\\\/ellebicalzature.it\\\/es\\\/\",\"logo\":{\"@type\":\"ImageObject\",\"inLanguage\":\"es\",\"@id\":\"https:\\\/\\\/ellebicalzature.it\\\/es\\\/#\\\/schema\\\/logo\\\/image\\\/\",\"url\":\"https:\\\/\\\/ellebicalzature.it\\\/wp-content\\\/uploads\\\/2024\\\/04\\\/logo-ellebi.png\",\"contentUrl\":\"https:\\\/\\\/ellebicalzature.it\\\/wp-content\\\/uploads\\\/2024\\\/04\\\/logo-ellebi.png\",\"width\":221,\"height\":131,\"caption\":\"Ellebi\"},\"image\":{\"@id\":\"https:\\\/\\\/ellebicalzature.it\\\/es\\\/#\\\/schema\\\/logo\\\/image\\\/\"},\"sameAs\":[\"https:\\\/\\\/www.facebook.com\\\/ellebisandaliartigianaligallipoli\\\/\",\"https:\\\/\\\/www.instagram.com\\\/ellebicalzature\\\/?hl=it\"]}]}<\/script>\n<!-- \/ Yoast SEO plugin. -->","yoast_head_json":{"title":"Zuecos tipo sabot para hombre en piel aut\u00e9ntica | Ellebi","description":"Zuecos tipo sabot para hombre hechos a mano en piel de ante aut\u00e9ntica, con hebilla ajustable y plantilla anat\u00f3mica para el m\u00e1ximo confort diario.","robots":{"index":"index","follow":"follow","max-snippet":"max-snippet:-1","max-image-preview":"max-image-preview:large","max-video-preview":"max-video-preview:-1"},"canonical":"https:\/\/ellebicalzature.it\/es\/product\/zuecos-tipo-sabot-para-hombre-en-piel-autentica\/","og_locale":"es_ES","og_type":"article","og_title":"Zuecos tipo sabot para hombre en piel aut\u00e9ntica | Ellebi","og_description":"Zuecos tipo sabot para hombre hechos a mano en piel de ante aut\u00e9ntica, con hebilla ajustable y plantilla anat\u00f3mica para el m\u00e1ximo confort diario.","og_url":"https:\/\/ellebicalzature.it\/es\/product\/zuecos-tipo-sabot-para-hombre-en-piel-autentica\/","og_site_name":"Ellebi","article_publisher":"https:\/\/www.facebook.com\/ellebisandaliartigianaligallipoli\/","og_image":[{"width":1844,"height":2006,"url":"https:\/\/ellebicalzature.it\/wp-content\/uploads\/2026\/01\/immagine_1769181272.webp","type":"image\/webp"}],"twitter_card":"summary_large_image","schema":{"@context":"https:\/\/schema.org","@graph":[{"@type":"WebPage","@id":"https:\/\/ellebicalzature.it\/es\/product\/zuecos-tipo-sabot-para-hombre-en-piel-autentica\/","url":"https:\/\/ellebicalzature.it\/es\/product\/zuecos-tipo-sabot-para-hombre-en-piel-autentica\/","name":"Zuecos tipo sabot para hombre en piel aut\u00e9ntica | Ellebi","isPartOf":{"@id":"https:\/\/ellebicalzature.it\/es\/#website"},"primaryImageOfPage":{"@id":"https:\/\/ellebicalzature.it\/es\/product\/zuecos-tipo-sabot-para-hombre-en-piel-autentica\/#primaryimage"},"image":{"@id":"https:\/\/ellebicalzature.it\/es\/product\/zuecos-tipo-sabot-para-hombre-en-piel-autentica\/#primaryimage"},"thumbnailUrl":"https:\/\/ellebicalzature.it\/wp-content\/uploads\/2026\/01\/immagine_1769181272.webp","datePublished":"2026-03-10T15:33:56+00:00","description":"Zuecos tipo sabot para hombre hechos a mano en piel de ante aut\u00e9ntica, con hebilla ajustable y plantilla anat\u00f3mica para el m\u00e1ximo confort diario.","breadcrumb":{"@id":"https:\/\/ellebicalzature.it\/es\/product\/zuecos-tipo-sabot-para-hombre-en-piel-autentica\/#breadcrumb"},"inLanguage":"es","potentialAction":[{"@type":"ReadAction","target":["https:\/\/ellebicalzature.it\/es\/product\/zuecos-tipo-sabot-para-hombre-en-piel-autentica\/"]}]},{"@type":"ImageObject","inLanguage":"es","@id":"https:\/\/ellebicalzature.it\/es\/product\/zuecos-tipo-sabot-para-hombre-en-piel-autentica\/#primaryimage","url":"https:\/\/ellebicalzature.it\/wp-content\/uploads\/2026\/01\/immagine_1769181272.webp","contentUrl":"https:\/\/ellebicalzature.it\/wp-content\/uploads\/2026\/01\/immagine_1769181272.webp","width":1844,"height":2006},{"@type":"BreadcrumbList","@id":"https:\/\/ellebicalzature.it\/es\/product\/zuecos-tipo-sabot-para-hombre-en-piel-autentica\/#breadcrumb","itemListElement":[{"@type":"ListItem","position":1,"name":"Home","item":"https:\/\/ellebicalzature.it\/es\/"},{"@type":"ListItem","position":2,"name":"Tienda","item":"https:\/\/ellebicalzature.it\/es\/tienda\/"},{"@type":"ListItem","position":3,"name":"Zuecos tipo sabot para hombre en piel aut\u00e9ntica"}]},{"@type":"WebSite","@id":"https:\/\/ellebicalzature.it\/es\/#website","url":"https:\/\/ellebicalzature.it\/es\/","name":"Elleb\u00ec","description":"Calzature e accessori Gallipoli","publisher":{"@id":"https:\/\/ellebicalzature.it\/es\/#organization"},"alternateName":"Elleb\u00ec | Calzature Gallipoli","potentialAction":[{"@type":"SearchAction","target":{"@type":"EntryPoint","urlTemplate":"https:\/\/ellebicalzature.it\/es\/?s={search_term_string}"},"query-input":{"@type":"PropertyValueSpecification","valueRequired":true,"valueName":"search_term_string"}}],"inLanguage":"es"},{"@type":"Organization","@id":"https:\/\/ellebicalzature.it\/es\/#organization","name":"Ellebi","url":"https:\/\/ellebicalzature.it\/es\/","logo":{"@type":"ImageObject","inLanguage":"es","@id":"https:\/\/ellebicalzature.it\/es\/#\/schema\/logo\/image\/","url":"https:\/\/ellebicalzature.it\/wp-content\/uploads\/2024\/04\/logo-ellebi.png","contentUrl":"https:\/\/ellebicalzature.it\/wp-content\/uploads\/2024\/04\/logo-ellebi.png","width":221,"height":131,"caption":"Ellebi"},"image":{"@id":"https:\/\/ellebicalzature.it\/es\/#\/schema\/logo\/image\/"},"sameAs":["https:\/\/www.facebook.com\/ellebisandaliartigianaligallipoli\/","https:\/\/www.instagram.com\/ellebicalzature\/?hl=it"]}]}},"_links":{"self":[{"href":"https:\/\/ellebicalzature.it\/es\/wp-json\/wp\/v2\/product\/77793","targetHints":{"allow":["GET"]}}],"collection":[{"href":"https:\/\/ellebicalzature.it\/es\/wp-json\/wp\/v2\/product"}],"about":[{"href":"https:\/\/ellebicalzature.it\/es\/wp-json\/wp\/v2\/types\/product"}],"replies":[{"embeddable":true,"href":"https:\/\/ellebicalzature.it\/es\/wp-json\/wp\/v2\/comments?post=77793"}],"version-history":[{"count":0,"href":"https:\/\/ellebicalzature.it\/es\/wp-json\/wp\/v2\/product\/77793\/revisions"}],"wp:featuredmedia":[{"embeddable":true,"href":"https:\/\/ellebicalzature.it\/es\/wp-json\/wp\/v2\/media\/71905"}],"wp:attachment":[{"href":"https:\/\/ellebicalzature.it\/es\/wp-json\/wp\/v2\/media?parent=77793"}],"wp:term":[{"taxonomy":"product_brand","embeddable":true,"href":"https:\/\/ellebicalzature.it\/es\/wp-json\/wp\/v2\/product_brand?post=77793"},{"taxonomy":"product_cat","embeddable":true,"href":"https:\/\/ellebicalzature.it\/es\/wp-json\/wp\/v2\/product_cat?post=77793"},{"taxonomy":"product_tag","embeddable":true,"href":"https:\/\/ellebicalzature.it\/es\/wp-json\/wp\/v2\/product_tag?post=77793"}],"curies":[{"name":"wp","href":"https:\/\/api.w.org\/{rel}","templated":true}]}}