{"id":79951,"date":"2026-05-12T11:57:58","date_gmt":"2026-05-12T10:57:58","guid":{"rendered":"https:\/\/ellebicalzature.it\/?post_type=product&#038;p=79951"},"modified":"2026-05-12T11:58:00","modified_gmt":"2026-05-12T10:58:00","slug":"tacones-artesanales-en-ante-vaquero-con-nudo","status":"publish","type":"product","link":"https:\/\/ellebicalzature.it\/es\/product\/tacones-artesanales-en-ante-vaquero-con-nudo\/","title":{"rendered":"Tacones artesanales en ante vaquero con nudo"},"content":{"rendered":"<p>Sandalias artesanales en ante color vaquero con elegante nudo frontal y tac\u00f3n de 4 cm.<\/p>\n","protected":false},"excerpt":{"rendered":"<p>Sandalias artesanales en suave ante color vaquero, embellecidas con un elegante nudo frontal y una fina tira en el tobillo. El tac\u00f3n de 4 cm garantiza comodidad y estabilidad durante todo el d\u00eda, manteniendo una l\u00ednea femenina y esencial. Realizadas con plantilla de aut\u00e9ntico cuero para un ajuste natural y confortable, se completan con una suela antideslizante que asegura mayor seguridad y practicidad en cada paso.  <\/p>\n","protected":false},"featured_media":80255,"comment_status":"open","ping_status":"closed","template":"","meta":{"_monsterinsights_skip_tracking":false,"_monsterinsights_sitenote_active":false,"_monsterinsights_sitenote_note":"","_monsterinsights_sitenote_category":0},"product_brand":[],"product_cat":[1181,1191],"product_tag":[2923,1681],"class_list":{"0":"post-79951","1":"product","2":"type-product","3":"status-publish","4":"has-post-thumbnail","6":"product_cat-calzado-artesanal-mujer","7":"product_cat-tacones-artesanales-mujer","8":"product_tag-sandalias-artesanales-con-tacon","9":"product_tag-tacones-artesanales-mujer","10":"pa_taglia-1375","11":"pa_taglia-1382","12":"pa_taglia-1380","13":"pa_taglia-1383","14":"pa_taglia-1381","15":"pa_taglia-1379","16":"pa_taglia-1378","18":"first","19":"instock","20":"taxable","21":"shipping-taxable","22":"purchasable","23":"product-type-variable"},"yoast_head":"<!-- This site is optimized with the Yoast SEO plugin v27.4 - https:\/\/yoast.com\/product\/yoast-seo-wordpress\/ -->\n<title>Tacones artesanales en ante vaquero con nudo | Ellebi<\/title>\n<meta name=\"description\" content=\"Sandalias artesanales en ante color vaquero con elegante nudo frontal y tac\u00f3n de 4 cm. Plantilla de cuero y suela antideslizante.\" \/>\n<meta name=\"robots\" content=\"index, follow, max-snippet:-1, max-image-preview:large, max-video-preview:-1\" \/>\n<link rel=\"canonical\" href=\"https:\/\/ellebicalzature.it\/es\/product\/tacones-artesanales-en-ante-vaquero-con-nudo\/\" \/>\n<meta property=\"og:locale\" content=\"es_ES\" \/>\n<meta property=\"og:type\" content=\"article\" \/>\n<meta property=\"og:title\" content=\"Tacones artesanales en ante vaquero con nudo | Ellebi\" \/>\n<meta property=\"og:description\" content=\"Sandalias artesanales en ante color vaquero con elegante nudo frontal y tac\u00f3n de 4 cm. Plantilla de cuero y suela antideslizante.\" \/>\n<meta property=\"og:url\" content=\"https:\/\/ellebicalzature.it\/es\/product\/tacones-artesanales-en-ante-vaquero-con-nudo\/\" \/>\n<meta property=\"og:site_name\" content=\"Ellebi\" \/>\n<meta property=\"article:publisher\" content=\"https:\/\/www.facebook.com\/ellebisandaliartigianaligallipoli\/\" \/>\n<meta property=\"article:modified_time\" content=\"2026-05-12T10:58:00+00:00\" \/>\n<meta name=\"twitter:card\" content=\"summary_large_image\" \/>\n<script type=\"application\/ld+json\" class=\"yoast-schema-graph\">{\"@context\":\"https:\\\/\\\/schema.org\",\"@graph\":[{\"@type\":\"WebPage\",\"@id\":\"https:\\\/\\\/ellebicalzature.it\\\/es\\\/product\\\/tacones-artesanales-en-ante-vaquero-con-nudo\\\/\",\"url\":\"https:\\\/\\\/ellebicalzature.it\\\/es\\\/product\\\/tacones-artesanales-en-ante-vaquero-con-nudo\\\/\",\"name\":\"Tacones artesanales en ante vaquero con nudo | Ellebi\",\"isPartOf\":{\"@id\":\"https:\\\/\\\/ellebicalzature.it\\\/es\\\/#website\"},\"primaryImageOfPage\":{\"@id\":\"https:\\\/\\\/ellebicalzature.it\\\/es\\\/product\\\/tacones-artesanales-en-ante-vaquero-con-nudo\\\/#primaryimage\"},\"image\":{\"@id\":\"https:\\\/\\\/ellebicalzature.it\\\/es\\\/product\\\/tacones-artesanales-en-ante-vaquero-con-nudo\\\/#primaryimage\"},\"thumbnailUrl\":\"https:\\\/\\\/ellebicalzature.it\\\/wp-content\\\/uploads\\\/2026\\\/05\\\/immagine_1778583397.webp\",\"datePublished\":\"2026-05-12T10:57:58+00:00\",\"dateModified\":\"2026-05-12T10:58:00+00:00\",\"description\":\"Sandalias artesanales en ante color vaquero con elegante nudo frontal y tac\u00f3n de 4 cm. Plantilla de cuero y suela antideslizante.\",\"breadcrumb\":{\"@id\":\"https:\\\/\\\/ellebicalzature.it\\\/es\\\/product\\\/tacones-artesanales-en-ante-vaquero-con-nudo\\\/#breadcrumb\"},\"inLanguage\":\"es\",\"potentialAction\":[{\"@type\":\"ReadAction\",\"target\":[\"https:\\\/\\\/ellebicalzature.it\\\/es\\\/product\\\/tacones-artesanales-en-ante-vaquero-con-nudo\\\/\"]}]},{\"@type\":\"ImageObject\",\"inLanguage\":\"es\",\"@id\":\"https:\\\/\\\/ellebicalzature.it\\\/es\\\/product\\\/tacones-artesanales-en-ante-vaquero-con-nudo\\\/#primaryimage\",\"url\":\"https:\\\/\\\/ellebicalzature.it\\\/wp-content\\\/uploads\\\/2026\\\/05\\\/immagine_1778583397.webp\",\"contentUrl\":\"https:\\\/\\\/ellebicalzature.it\\\/wp-content\\\/uploads\\\/2026\\\/05\\\/immagine_1778583397.webp\",\"width\":1274,\"height\":1058},{\"@type\":\"BreadcrumbList\",\"@id\":\"https:\\\/\\\/ellebicalzature.it\\\/es\\\/product\\\/tacones-artesanales-en-ante-vaquero-con-nudo\\\/#breadcrumb\",\"itemListElement\":[{\"@type\":\"ListItem\",\"position\":1,\"name\":\"Home\",\"item\":\"https:\\\/\\\/ellebicalzature.it\\\/es\\\/\"},{\"@type\":\"ListItem\",\"position\":2,\"name\":\"Tienda\",\"item\":\"https:\\\/\\\/ellebicalzature.it\\\/es\\\/tienda\\\/\"},{\"@type\":\"ListItem\",\"position\":3,\"name\":\"Tacones artesanales en ante vaquero con nudo\"}]},{\"@type\":\"WebSite\",\"@id\":\"https:\\\/\\\/ellebicalzature.it\\\/es\\\/#website\",\"url\":\"https:\\\/\\\/ellebicalzature.it\\\/es\\\/\",\"name\":\"Elleb\u00ec\",\"description\":\"Calzature e accessori Gallipoli\",\"publisher\":{\"@id\":\"https:\\\/\\\/ellebicalzature.it\\\/es\\\/#organization\"},\"alternateName\":\"Elleb\u00ec | Calzature Gallipoli\",\"potentialAction\":[{\"@type\":\"SearchAction\",\"target\":{\"@type\":\"EntryPoint\",\"urlTemplate\":\"https:\\\/\\\/ellebicalzature.it\\\/es\\\/?s={search_term_string}\"},\"query-input\":{\"@type\":\"PropertyValueSpecification\",\"valueRequired\":true,\"valueName\":\"search_term_string\"}}],\"inLanguage\":\"es\"},{\"@type\":\"Organization\",\"@id\":\"https:\\\/\\\/ellebicalzature.it\\\/es\\\/#organization\",\"name\":\"Ellebi\",\"url\":\"https:\\\/\\\/ellebicalzature.it\\\/es\\\/\",\"logo\":{\"@type\":\"ImageObject\",\"inLanguage\":\"es\",\"@id\":\"https:\\\/\\\/ellebicalzature.it\\\/es\\\/#\\\/schema\\\/logo\\\/image\\\/\",\"url\":\"https:\\\/\\\/ellebicalzature.it\\\/wp-content\\\/uploads\\\/2024\\\/04\\\/logo-ellebi.png\",\"contentUrl\":\"https:\\\/\\\/ellebicalzature.it\\\/wp-content\\\/uploads\\\/2024\\\/04\\\/logo-ellebi.png\",\"width\":221,\"height\":131,\"caption\":\"Ellebi\"},\"image\":{\"@id\":\"https:\\\/\\\/ellebicalzature.it\\\/es\\\/#\\\/schema\\\/logo\\\/image\\\/\"},\"sameAs\":[\"https:\\\/\\\/www.facebook.com\\\/ellebisandaliartigianaligallipoli\\\/\",\"https:\\\/\\\/www.instagram.com\\\/ellebicalzature\\\/?hl=it\"]}]}<\/script>\n<!-- \/ Yoast SEO plugin. -->","yoast_head_json":{"title":"Tacones artesanales en ante vaquero con nudo | Ellebi","description":"Sandalias artesanales en ante color vaquero con elegante nudo frontal y tac\u00f3n de 4 cm. Plantilla de cuero y suela antideslizante.","robots":{"index":"index","follow":"follow","max-snippet":"max-snippet:-1","max-image-preview":"max-image-preview:large","max-video-preview":"max-video-preview:-1"},"canonical":"https:\/\/ellebicalzature.it\/es\/product\/tacones-artesanales-en-ante-vaquero-con-nudo\/","og_locale":"es_ES","og_type":"article","og_title":"Tacones artesanales en ante vaquero con nudo | Ellebi","og_description":"Sandalias artesanales en ante color vaquero con elegante nudo frontal y tac\u00f3n de 4 cm. Plantilla de cuero y suela antideslizante.","og_url":"https:\/\/ellebicalzature.it\/es\/product\/tacones-artesanales-en-ante-vaquero-con-nudo\/","og_site_name":"Ellebi","article_publisher":"https:\/\/www.facebook.com\/ellebisandaliartigianaligallipoli\/","article_modified_time":"2026-05-12T10:58:00+00:00","twitter_card":"summary_large_image","schema":{"@context":"https:\/\/schema.org","@graph":[{"@type":"WebPage","@id":"https:\/\/ellebicalzature.it\/es\/product\/tacones-artesanales-en-ante-vaquero-con-nudo\/","url":"https:\/\/ellebicalzature.it\/es\/product\/tacones-artesanales-en-ante-vaquero-con-nudo\/","name":"Tacones artesanales en ante vaquero con nudo | Ellebi","isPartOf":{"@id":"https:\/\/ellebicalzature.it\/es\/#website"},"primaryImageOfPage":{"@id":"https:\/\/ellebicalzature.it\/es\/product\/tacones-artesanales-en-ante-vaquero-con-nudo\/#primaryimage"},"image":{"@id":"https:\/\/ellebicalzature.it\/es\/product\/tacones-artesanales-en-ante-vaquero-con-nudo\/#primaryimage"},"thumbnailUrl":"https:\/\/ellebicalzature.it\/wp-content\/uploads\/2026\/05\/immagine_1778583397.webp","datePublished":"2026-05-12T10:57:58+00:00","dateModified":"2026-05-12T10:58:00+00:00","description":"Sandalias artesanales en ante color vaquero con elegante nudo frontal y tac\u00f3n de 4 cm. Plantilla de cuero y suela antideslizante.","breadcrumb":{"@id":"https:\/\/ellebicalzature.it\/es\/product\/tacones-artesanales-en-ante-vaquero-con-nudo\/#breadcrumb"},"inLanguage":"es","potentialAction":[{"@type":"ReadAction","target":["https:\/\/ellebicalzature.it\/es\/product\/tacones-artesanales-en-ante-vaquero-con-nudo\/"]}]},{"@type":"ImageObject","inLanguage":"es","@id":"https:\/\/ellebicalzature.it\/es\/product\/tacones-artesanales-en-ante-vaquero-con-nudo\/#primaryimage","url":"https:\/\/ellebicalzature.it\/wp-content\/uploads\/2026\/05\/immagine_1778583397.webp","contentUrl":"https:\/\/ellebicalzature.it\/wp-content\/uploads\/2026\/05\/immagine_1778583397.webp","width":1274,"height":1058},{"@type":"BreadcrumbList","@id":"https:\/\/ellebicalzature.it\/es\/product\/tacones-artesanales-en-ante-vaquero-con-nudo\/#breadcrumb","itemListElement":[{"@type":"ListItem","position":1,"name":"Home","item":"https:\/\/ellebicalzature.it\/es\/"},{"@type":"ListItem","position":2,"name":"Tienda","item":"https:\/\/ellebicalzature.it\/es\/tienda\/"},{"@type":"ListItem","position":3,"name":"Tacones artesanales en ante vaquero con nudo"}]},{"@type":"WebSite","@id":"https:\/\/ellebicalzature.it\/es\/#website","url":"https:\/\/ellebicalzature.it\/es\/","name":"Elleb\u00ec","description":"Calzature e accessori Gallipoli","publisher":{"@id":"https:\/\/ellebicalzature.it\/es\/#organization"},"alternateName":"Elleb\u00ec | Calzature Gallipoli","potentialAction":[{"@type":"SearchAction","target":{"@type":"EntryPoint","urlTemplate":"https:\/\/ellebicalzature.it\/es\/?s={search_term_string}"},"query-input":{"@type":"PropertyValueSpecification","valueRequired":true,"valueName":"search_term_string"}}],"inLanguage":"es"},{"@type":"Organization","@id":"https:\/\/ellebicalzature.it\/es\/#organization","name":"Ellebi","url":"https:\/\/ellebicalzature.it\/es\/","logo":{"@type":"ImageObject","inLanguage":"es","@id":"https:\/\/ellebicalzature.it\/es\/#\/schema\/logo\/image\/","url":"https:\/\/ellebicalzature.it\/wp-content\/uploads\/2024\/04\/logo-ellebi.png","contentUrl":"https:\/\/ellebicalzature.it\/wp-content\/uploads\/2024\/04\/logo-ellebi.png","width":221,"height":131,"caption":"Ellebi"},"image":{"@id":"https:\/\/ellebicalzature.it\/es\/#\/schema\/logo\/image\/"},"sameAs":["https:\/\/www.facebook.com\/ellebisandaliartigianaligallipoli\/","https:\/\/www.instagram.com\/ellebicalzature\/?hl=it"]}]}},"_links":{"self":[{"href":"https:\/\/ellebicalzature.it\/es\/wp-json\/wp\/v2\/product\/79951","targetHints":{"allow":["GET"]}}],"collection":[{"href":"https:\/\/ellebicalzature.it\/es\/wp-json\/wp\/v2\/product"}],"about":[{"href":"https:\/\/ellebicalzature.it\/es\/wp-json\/wp\/v2\/types\/product"}],"replies":[{"embeddable":true,"href":"https:\/\/ellebicalzature.it\/es\/wp-json\/wp\/v2\/comments?post=79951"}],"version-history":[{"count":1,"href":"https:\/\/ellebicalzature.it\/es\/wp-json\/wp\/v2\/product\/79951\/revisions"}],"predecessor-version":[{"id":80250,"href":"https:\/\/ellebicalzature.it\/es\/wp-json\/wp\/v2\/product\/79951\/revisions\/80250"}],"wp:featuredmedia":[{"embeddable":true,"href":"https:\/\/ellebicalzature.it\/es\/wp-json\/wp\/v2\/media\/80255"}],"wp:attachment":[{"href":"https:\/\/ellebicalzature.it\/es\/wp-json\/wp\/v2\/media?parent=79951"}],"wp:term":[{"taxonomy":"product_brand","embeddable":true,"href":"https:\/\/ellebicalzature.it\/es\/wp-json\/wp\/v2\/product_brand?post=79951"},{"taxonomy":"product_cat","embeddable":true,"href":"https:\/\/ellebicalzature.it\/es\/wp-json\/wp\/v2\/product_cat?post=79951"},{"taxonomy":"product_tag","embeddable":true,"href":"https:\/\/ellebicalzature.it\/es\/wp-json\/wp\/v2\/product_tag?post=79951"}],"curies":[{"name":"wp","href":"https:\/\/api.w.org\/{rel}","templated":true}]}}