{"id":80062,"date":"2026-05-11T13:06:07","date_gmt":"2026-05-11T12:06:07","guid":{"rendered":"https:\/\/ellebicalzature.it\/?post_type=product&#038;p=80062"},"modified":"2026-05-11T13:06:09","modified_gmt":"2026-05-11T12:06:09","slug":"sandalias-de-salon-artesanales-beige","status":"publish","type":"product","link":"https:\/\/ellebicalzature.it\/es\/product\/sandalias-de-salon-artesanales-beige\/","title":{"rendered":"Sandalias de sal\u00f3n artesanales beige"},"content":{"rendered":"<p>Sandalias de sal\u00f3n de dise\u00f1o elegante y femenino, con tiras entrelazadas, punta afilada y tac\u00f3n fino de 8 cm. Perfectas para ceremonias, eventos o looks refinados. <\/p>\n","protected":false},"excerpt":{"rendered":"<p>Sandalias de sal\u00f3n artesanales de dise\u00f1o refinado y elegante, realizadas \u00edntegramente en piel aut\u00e9ntica para garantizar confort, calidad y estilo. El modelo presenta tiras entrelazadas de gusto femenino, punta afilada y pulsera al tobillo que asegura un ajuste estable y estilizado. <\/p>\n<p>El tac\u00f3n de 8 cm aporta elegancia sin renunciar a la comodidad, haci\u00e9ndolas perfectas para ceremonias, eventos, ocasiones especiales o looks sofisticados. Completa el modelo la suela antideslizante, dise\u00f1ada para ofrecer mayor seguridad y estabilidad en cada paso. <\/p>\n","protected":false},"featured_media":80181,"comment_status":"open","ping_status":"closed","template":"","meta":{"_monsterinsights_skip_tracking":false,"_monsterinsights_sitenote_active":false,"_monsterinsights_sitenote_note":"","_monsterinsights_sitenote_category":0},"product_brand":[],"product_cat":[1181,1191],"product_tag":[2935,2923],"class_list":{"0":"post-80062","1":"product","2":"type-product","3":"status-publish","4":"has-post-thumbnail","6":"product_cat-calzado-artesanal-mujer","7":"product_cat-tacones-artesanales-mujer","8":"product_tag-de-salon-artesanales","9":"product_tag-sandalias-artesanales-con-tacon","10":"pa_taglia-1375","11":"pa_taglia-1382","12":"pa_taglia-1380","13":"pa_taglia-1383","14":"pa_taglia-1381","15":"pa_taglia-1379","16":"pa_taglia-1378","18":"first","19":"instock","20":"taxable","21":"shipping-taxable","22":"purchasable","23":"product-type-variable"},"yoast_head":"<!-- This site is optimized with the Yoast SEO plugin v27.4 - https:\/\/yoast.com\/product\/yoast-seo-wordpress\/ -->\n<title>Sandalias de sal\u00f3n artesanales beige | Ellebi<\/title>\n<meta name=\"description\" content=\"Sandalias de sal\u00f3n de dise\u00f1o elegante y femenino, con tiras entrelazadas, punta afilada y tac\u00f3n fino de 8 cm. Ideales para cualquier ocasi\u00f3n.\" \/>\n<meta name=\"robots\" content=\"index, follow, max-snippet:-1, max-image-preview:large, max-video-preview:-1\" \/>\n<link rel=\"canonical\" href=\"https:\/\/ellebicalzature.it\/es\/product\/sandalias-de-salon-artesanales-beige\/\" \/>\n<meta property=\"og:locale\" content=\"es_ES\" \/>\n<meta property=\"og:type\" content=\"article\" \/>\n<meta property=\"og:title\" content=\"Sandalias de sal\u00f3n artesanales beige | Ellebi\" \/>\n<meta property=\"og:description\" content=\"Sandalias de sal\u00f3n de dise\u00f1o elegante y femenino, con tiras entrelazadas, punta afilada y tac\u00f3n fino de 8 cm. Ideales para cualquier ocasi\u00f3n.\" \/>\n<meta property=\"og:url\" content=\"https:\/\/ellebicalzature.it\/es\/product\/sandalias-de-salon-artesanales-beige\/\" \/>\n<meta property=\"og:site_name\" content=\"Ellebi\" \/>\n<meta property=\"article:publisher\" content=\"https:\/\/www.facebook.com\/ellebisandaliartigianaligallipoli\/\" \/>\n<meta property=\"article:modified_time\" content=\"2026-05-11T12:06:09+00:00\" \/>\n<meta name=\"twitter:card\" content=\"summary_large_image\" \/>\n<script type=\"application\/ld+json\" class=\"yoast-schema-graph\">{\"@context\":\"https:\\\/\\\/schema.org\",\"@graph\":[{\"@type\":\"WebPage\",\"@id\":\"https:\\\/\\\/ellebicalzature.it\\\/es\\\/product\\\/sandalias-de-salon-artesanales-beige\\\/\",\"url\":\"https:\\\/\\\/ellebicalzature.it\\\/es\\\/product\\\/sandalias-de-salon-artesanales-beige\\\/\",\"name\":\"Sandalias de sal\u00f3n artesanales beige | Ellebi\",\"isPartOf\":{\"@id\":\"https:\\\/\\\/ellebicalzature.it\\\/es\\\/#website\"},\"primaryImageOfPage\":{\"@id\":\"https:\\\/\\\/ellebicalzature.it\\\/es\\\/product\\\/sandalias-de-salon-artesanales-beige\\\/#primaryimage\"},\"image\":{\"@id\":\"https:\\\/\\\/ellebicalzature.it\\\/es\\\/product\\\/sandalias-de-salon-artesanales-beige\\\/#primaryimage\"},\"thumbnailUrl\":\"https:\\\/\\\/ellebicalzature.it\\\/wp-content\\\/uploads\\\/2026\\\/05\\\/immagine_1778501086-e1778501363858.webp\",\"datePublished\":\"2026-05-11T12:06:07+00:00\",\"dateModified\":\"2026-05-11T12:06:09+00:00\",\"description\":\"Sandalias de sal\u00f3n de dise\u00f1o elegante y femenino, con tiras entrelazadas, punta afilada y tac\u00f3n fino de 8 cm. Ideales para cualquier ocasi\u00f3n.\",\"breadcrumb\":{\"@id\":\"https:\\\/\\\/ellebicalzature.it\\\/es\\\/product\\\/sandalias-de-salon-artesanales-beige\\\/#breadcrumb\"},\"inLanguage\":\"es\",\"potentialAction\":[{\"@type\":\"ReadAction\",\"target\":[\"https:\\\/\\\/ellebicalzature.it\\\/es\\\/product\\\/sandalias-de-salon-artesanales-beige\\\/\"]}]},{\"@type\":\"ImageObject\",\"inLanguage\":\"es\",\"@id\":\"https:\\\/\\\/ellebicalzature.it\\\/es\\\/product\\\/sandalias-de-salon-artesanales-beige\\\/#primaryimage\",\"url\":\"https:\\\/\\\/ellebicalzature.it\\\/wp-content\\\/uploads\\\/2026\\\/05\\\/immagine_1778501086-e1778501363858.webp\",\"contentUrl\":\"https:\\\/\\\/ellebicalzature.it\\\/wp-content\\\/uploads\\\/2026\\\/05\\\/immagine_1778501086-e1778501363858.webp\",\"width\":1652,\"height\":1822},{\"@type\":\"BreadcrumbList\",\"@id\":\"https:\\\/\\\/ellebicalzature.it\\\/es\\\/product\\\/sandalias-de-salon-artesanales-beige\\\/#breadcrumb\",\"itemListElement\":[{\"@type\":\"ListItem\",\"position\":1,\"name\":\"Home\",\"item\":\"https:\\\/\\\/ellebicalzature.it\\\/es\\\/\"},{\"@type\":\"ListItem\",\"position\":2,\"name\":\"Tienda\",\"item\":\"https:\\\/\\\/ellebicalzature.it\\\/es\\\/tienda\\\/\"},{\"@type\":\"ListItem\",\"position\":3,\"name\":\"Sandalias de sal\u00f3n artesanales beige\"}]},{\"@type\":\"WebSite\",\"@id\":\"https:\\\/\\\/ellebicalzature.it\\\/es\\\/#website\",\"url\":\"https:\\\/\\\/ellebicalzature.it\\\/es\\\/\",\"name\":\"Elleb\u00ec\",\"description\":\"Calzature e accessori Gallipoli\",\"publisher\":{\"@id\":\"https:\\\/\\\/ellebicalzature.it\\\/es\\\/#organization\"},\"alternateName\":\"Elleb\u00ec | Calzature Gallipoli\",\"potentialAction\":[{\"@type\":\"SearchAction\",\"target\":{\"@type\":\"EntryPoint\",\"urlTemplate\":\"https:\\\/\\\/ellebicalzature.it\\\/es\\\/?s={search_term_string}\"},\"query-input\":{\"@type\":\"PropertyValueSpecification\",\"valueRequired\":true,\"valueName\":\"search_term_string\"}}],\"inLanguage\":\"es\"},{\"@type\":\"Organization\",\"@id\":\"https:\\\/\\\/ellebicalzature.it\\\/es\\\/#organization\",\"name\":\"Ellebi\",\"url\":\"https:\\\/\\\/ellebicalzature.it\\\/es\\\/\",\"logo\":{\"@type\":\"ImageObject\",\"inLanguage\":\"es\",\"@id\":\"https:\\\/\\\/ellebicalzature.it\\\/es\\\/#\\\/schema\\\/logo\\\/image\\\/\",\"url\":\"https:\\\/\\\/ellebicalzature.it\\\/wp-content\\\/uploads\\\/2024\\\/04\\\/logo-ellebi.png\",\"contentUrl\":\"https:\\\/\\\/ellebicalzature.it\\\/wp-content\\\/uploads\\\/2024\\\/04\\\/logo-ellebi.png\",\"width\":221,\"height\":131,\"caption\":\"Ellebi\"},\"image\":{\"@id\":\"https:\\\/\\\/ellebicalzature.it\\\/es\\\/#\\\/schema\\\/logo\\\/image\\\/\"},\"sameAs\":[\"https:\\\/\\\/www.facebook.com\\\/ellebisandaliartigianaligallipoli\\\/\",\"https:\\\/\\\/www.instagram.com\\\/ellebicalzature\\\/?hl=it\"]}]}<\/script>\n<!-- \/ Yoast SEO plugin. -->","yoast_head_json":{"title":"Sandalias de sal\u00f3n artesanales beige | Ellebi","description":"Sandalias de sal\u00f3n de dise\u00f1o elegante y femenino, con tiras entrelazadas, punta afilada y tac\u00f3n fino de 8 cm. Ideales para cualquier ocasi\u00f3n.","robots":{"index":"index","follow":"follow","max-snippet":"max-snippet:-1","max-image-preview":"max-image-preview:large","max-video-preview":"max-video-preview:-1"},"canonical":"https:\/\/ellebicalzature.it\/es\/product\/sandalias-de-salon-artesanales-beige\/","og_locale":"es_ES","og_type":"article","og_title":"Sandalias de sal\u00f3n artesanales beige | Ellebi","og_description":"Sandalias de sal\u00f3n de dise\u00f1o elegante y femenino, con tiras entrelazadas, punta afilada y tac\u00f3n fino de 8 cm. Ideales para cualquier ocasi\u00f3n.","og_url":"https:\/\/ellebicalzature.it\/es\/product\/sandalias-de-salon-artesanales-beige\/","og_site_name":"Ellebi","article_publisher":"https:\/\/www.facebook.com\/ellebisandaliartigianaligallipoli\/","article_modified_time":"2026-05-11T12:06:09+00:00","twitter_card":"summary_large_image","schema":{"@context":"https:\/\/schema.org","@graph":[{"@type":"WebPage","@id":"https:\/\/ellebicalzature.it\/es\/product\/sandalias-de-salon-artesanales-beige\/","url":"https:\/\/ellebicalzature.it\/es\/product\/sandalias-de-salon-artesanales-beige\/","name":"Sandalias de sal\u00f3n artesanales beige | Ellebi","isPartOf":{"@id":"https:\/\/ellebicalzature.it\/es\/#website"},"primaryImageOfPage":{"@id":"https:\/\/ellebicalzature.it\/es\/product\/sandalias-de-salon-artesanales-beige\/#primaryimage"},"image":{"@id":"https:\/\/ellebicalzature.it\/es\/product\/sandalias-de-salon-artesanales-beige\/#primaryimage"},"thumbnailUrl":"https:\/\/ellebicalzature.it\/wp-content\/uploads\/2026\/05\/immagine_1778501086-e1778501363858.webp","datePublished":"2026-05-11T12:06:07+00:00","dateModified":"2026-05-11T12:06:09+00:00","description":"Sandalias de sal\u00f3n de dise\u00f1o elegante y femenino, con tiras entrelazadas, punta afilada y tac\u00f3n fino de 8 cm. Ideales para cualquier ocasi\u00f3n.","breadcrumb":{"@id":"https:\/\/ellebicalzature.it\/es\/product\/sandalias-de-salon-artesanales-beige\/#breadcrumb"},"inLanguage":"es","potentialAction":[{"@type":"ReadAction","target":["https:\/\/ellebicalzature.it\/es\/product\/sandalias-de-salon-artesanales-beige\/"]}]},{"@type":"ImageObject","inLanguage":"es","@id":"https:\/\/ellebicalzature.it\/es\/product\/sandalias-de-salon-artesanales-beige\/#primaryimage","url":"https:\/\/ellebicalzature.it\/wp-content\/uploads\/2026\/05\/immagine_1778501086-e1778501363858.webp","contentUrl":"https:\/\/ellebicalzature.it\/wp-content\/uploads\/2026\/05\/immagine_1778501086-e1778501363858.webp","width":1652,"height":1822},{"@type":"BreadcrumbList","@id":"https:\/\/ellebicalzature.it\/es\/product\/sandalias-de-salon-artesanales-beige\/#breadcrumb","itemListElement":[{"@type":"ListItem","position":1,"name":"Home","item":"https:\/\/ellebicalzature.it\/es\/"},{"@type":"ListItem","position":2,"name":"Tienda","item":"https:\/\/ellebicalzature.it\/es\/tienda\/"},{"@type":"ListItem","position":3,"name":"Sandalias de sal\u00f3n artesanales beige"}]},{"@type":"WebSite","@id":"https:\/\/ellebicalzature.it\/es\/#website","url":"https:\/\/ellebicalzature.it\/es\/","name":"Elleb\u00ec","description":"Calzature e accessori Gallipoli","publisher":{"@id":"https:\/\/ellebicalzature.it\/es\/#organization"},"alternateName":"Elleb\u00ec | Calzature Gallipoli","potentialAction":[{"@type":"SearchAction","target":{"@type":"EntryPoint","urlTemplate":"https:\/\/ellebicalzature.it\/es\/?s={search_term_string}"},"query-input":{"@type":"PropertyValueSpecification","valueRequired":true,"valueName":"search_term_string"}}],"inLanguage":"es"},{"@type":"Organization","@id":"https:\/\/ellebicalzature.it\/es\/#organization","name":"Ellebi","url":"https:\/\/ellebicalzature.it\/es\/","logo":{"@type":"ImageObject","inLanguage":"es","@id":"https:\/\/ellebicalzature.it\/es\/#\/schema\/logo\/image\/","url":"https:\/\/ellebicalzature.it\/wp-content\/uploads\/2024\/04\/logo-ellebi.png","contentUrl":"https:\/\/ellebicalzature.it\/wp-content\/uploads\/2024\/04\/logo-ellebi.png","width":221,"height":131,"caption":"Ellebi"},"image":{"@id":"https:\/\/ellebicalzature.it\/es\/#\/schema\/logo\/image\/"},"sameAs":["https:\/\/www.facebook.com\/ellebisandaliartigianaligallipoli\/","https:\/\/www.instagram.com\/ellebicalzature\/?hl=it"]}]}},"_links":{"self":[{"href":"https:\/\/ellebicalzature.it\/es\/wp-json\/wp\/v2\/product\/80062","targetHints":{"allow":["GET"]}}],"collection":[{"href":"https:\/\/ellebicalzature.it\/es\/wp-json\/wp\/v2\/product"}],"about":[{"href":"https:\/\/ellebicalzature.it\/es\/wp-json\/wp\/v2\/types\/product"}],"replies":[{"embeddable":true,"href":"https:\/\/ellebicalzature.it\/es\/wp-json\/wp\/v2\/comments?post=80062"}],"version-history":[{"count":1,"href":"https:\/\/ellebicalzature.it\/es\/wp-json\/wp\/v2\/product\/80062\/revisions"}],"predecessor-version":[{"id":80176,"href":"https:\/\/ellebicalzature.it\/es\/wp-json\/wp\/v2\/product\/80062\/revisions\/80176"}],"wp:featuredmedia":[{"embeddable":true,"href":"https:\/\/ellebicalzature.it\/es\/wp-json\/wp\/v2\/media\/80181"}],"wp:attachment":[{"href":"https:\/\/ellebicalzature.it\/es\/wp-json\/wp\/v2\/media?parent=80062"}],"wp:term":[{"taxonomy":"product_brand","embeddable":true,"href":"https:\/\/ellebicalzature.it\/es\/wp-json\/wp\/v2\/product_brand?post=80062"},{"taxonomy":"product_cat","embeddable":true,"href":"https:\/\/ellebicalzature.it\/es\/wp-json\/wp\/v2\/product_cat?post=80062"},{"taxonomy":"product_tag","embeddable":true,"href":"https:\/\/ellebicalzature.it\/es\/wp-json\/wp\/v2\/product_tag?post=80062"}],"curies":[{"name":"wp","href":"https:\/\/api.w.org\/{rel}","templated":true}]}}