{"id":41157,"date":"2025-09-27T10:49:50","date_gmt":"2025-09-27T09:49:50","guid":{"rendered":"https:\/\/ellebicalzature.it\/product\/sac-a-dos-artisanal-avec-rabat-magnetique\/"},"modified":"2026-03-19T12:00:27","modified_gmt":"2026-03-19T11:00:27","slug":"sac-a-dos-artisanal-avec-rabat-magnetique","status":"publish","type":"product","link":"https:\/\/ellebicalzature.it\/fr\/product\/sac-a-dos-artisanal-avec-rabat-magnetique\/","title":{"rendered":"Sac \u00e0 dos artisanal avec rabat magn\u00e9tique"},"content":{"rendered":"<p>Sac \u00e0 dos en cuir avec fermeture \u00e0 rabat magn\u00e9tique, r\u00e9alis\u00e9 artisanalement. \u00c9l\u00e9gant et fonctionnel, il offre praticit\u00e9 et style en toute occasion. <\/p>\n","protected":false},"excerpt":{"rendered":"<p>D\u00e9couvrez le style authentique et la qualit\u00e9 intemporelle du sac \u00e0 dos en cuir artisanal avec fermeture \u00e0 rabat magn\u00e9tique. R\u00e9alis\u00e9 avec soin dans les d\u00e9tails, il unit le charme du travail traditionnel \u00e0 la fonctionnalit\u00e9 d&rsquo;un accessoire pens\u00e9 pour la vie quotidienne. <\/p>\n<p>Le rabat pratique avec fermeture magn\u00e9tique assure commodit\u00e9 et s\u00e9curit\u00e9, tandis que la poche frontale et le compartiment principal avec zip offrent espace et organisation pour tout ce dont vous avez besoin. Les bretelles r\u00e9glables garantissent un confort maximal, le rendant parfait aussi bien pour l&rsquo;usage en ville que lors de vos voyages. <\/p>\n<p>&nbsp;<\/p>\n","protected":false},"featured_media":69696,"comment_status":"open","ping_status":"closed","template":"","meta":{"_monsterinsights_skip_tracking":false,"_monsterinsights_sitenote_active":false,"_monsterinsights_sitenote_note":"","_monsterinsights_sitenote_category":0},"product_brand":[],"product_cat":[1244,1237],"product_tag":[],"class_list":{"0":"post-41157","1":"product","2":"type-product","3":"status-publish","4":"has-post-thumbnail","6":"product_cat-sacs-a-dos-artisanaux","7":"product_cat-sacs-et-sacs-a-dos-artisanaux","8":"pa_colore-cuir","9":"pa_colore-marron","10":"pa_colore-noir","11":"pa_colore-rouge","12":"pa_colore-tete-de-maure","13":"pa_colore-vert","15":"first","16":"instock","17":"taxable","18":"shipping-taxable","19":"purchasable","20":"product-type-variable"},"yoast_head":"<!-- This site is optimized with the Yoast SEO plugin v27.3 - https:\/\/yoast.com\/product\/yoast-seo-wordpress\/ -->\n<title>Sac \u00e0 dos artisanal avec rabat magn\u00e9tique | Ellebi<\/title>\n<meta name=\"description\" content=\"Sac \u00e0 dos en cuir artisanal avec fermeture \u00e0 rabat magn\u00e9tique. \u00c9l\u00e9gant, r\u00e9sistant et pratique, id\u00e9al pour la ville et les voyages. R\u00e9alis\u00e9 \u00e0 la main\" \/>\n<meta name=\"robots\" content=\"index, follow, max-snippet:-1, max-image-preview:large, max-video-preview:-1\" \/>\n<link rel=\"canonical\" href=\"https:\/\/ellebicalzature.it\/fr\/product\/sac-a-dos-artisanal-avec-rabat-magnetique\/\" \/>\n<meta property=\"og:locale\" content=\"fr_FR\" \/>\n<meta property=\"og:type\" content=\"article\" \/>\n<meta property=\"og:title\" content=\"Sac \u00e0 dos artisanal avec rabat magn\u00e9tique | Ellebi\" \/>\n<meta property=\"og:description\" content=\"Sac \u00e0 dos en cuir artisanal avec fermeture \u00e0 rabat magn\u00e9tique. \u00c9l\u00e9gant, r\u00e9sistant et pratique, id\u00e9al pour la ville et les voyages. R\u00e9alis\u00e9 \u00e0 la main\" \/>\n<meta property=\"og:url\" content=\"https:\/\/ellebicalzature.it\/fr\/product\/sac-a-dos-artisanal-avec-rabat-magnetique\/\" \/>\n<meta property=\"og:site_name\" content=\"Ellebi\" \/>\n<meta property=\"article:publisher\" content=\"https:\/\/www.facebook.com\/ellebisandaliartigianaligallipoli\/\" \/>\n<meta property=\"article:modified_time\" content=\"2026-03-19T11:00:27+00:00\" \/>\n<meta property=\"og:image\" content=\"https:\/\/ellebicalzature.it\/wp-content\/uploads\/2025\/09\/immagine_1766939343.webp\" \/>\n\t<meta property=\"og:image:width\" content=\"2284\" \/>\n\t<meta property=\"og:image:height\" content=\"2535\" \/>\n\t<meta property=\"og:image:type\" content=\"image\/webp\" \/>\n<meta name=\"twitter:card\" content=\"summary_large_image\" \/>\n<script type=\"application\/ld+json\" class=\"yoast-schema-graph\">{\"@context\":\"https:\\\/\\\/schema.org\",\"@graph\":[{\"@type\":\"WebPage\",\"@id\":\"https:\\\/\\\/ellebicalzature.it\\\/fr\\\/product\\\/sac-a-dos-artisanal-avec-rabat-magnetique\\\/\",\"url\":\"https:\\\/\\\/ellebicalzature.it\\\/fr\\\/product\\\/sac-a-dos-artisanal-avec-rabat-magnetique\\\/\",\"name\":\"Sac \u00e0 dos artisanal avec rabat magn\u00e9tique | Ellebi\",\"isPartOf\":{\"@id\":\"https:\\\/\\\/ellebicalzature.it\\\/fr\\\/#website\"},\"primaryImageOfPage\":{\"@id\":\"https:\\\/\\\/ellebicalzature.it\\\/fr\\\/product\\\/sac-a-dos-artisanal-avec-rabat-magnetique\\\/#primaryimage\"},\"image\":{\"@id\":\"https:\\\/\\\/ellebicalzature.it\\\/fr\\\/product\\\/sac-a-dos-artisanal-avec-rabat-magnetique\\\/#primaryimage\"},\"thumbnailUrl\":\"https:\\\/\\\/ellebicalzature.it\\\/wp-content\\\/uploads\\\/2025\\\/09\\\/immagine_1766939343.webp\",\"datePublished\":\"2025-09-27T09:49:50+00:00\",\"dateModified\":\"2026-03-19T11:00:27+00:00\",\"description\":\"Sac \u00e0 dos en cuir artisanal avec fermeture \u00e0 rabat magn\u00e9tique. \u00c9l\u00e9gant, r\u00e9sistant et pratique, id\u00e9al pour la ville et les voyages. R\u00e9alis\u00e9 \u00e0 la main\",\"breadcrumb\":{\"@id\":\"https:\\\/\\\/ellebicalzature.it\\\/fr\\\/product\\\/sac-a-dos-artisanal-avec-rabat-magnetique\\\/#breadcrumb\"},\"inLanguage\":\"fr-FR\",\"potentialAction\":[{\"@type\":\"ReadAction\",\"target\":[\"https:\\\/\\\/ellebicalzature.it\\\/fr\\\/product\\\/sac-a-dos-artisanal-avec-rabat-magnetique\\\/\"]}]},{\"@type\":\"ImageObject\",\"inLanguage\":\"fr-FR\",\"@id\":\"https:\\\/\\\/ellebicalzature.it\\\/fr\\\/product\\\/sac-a-dos-artisanal-avec-rabat-magnetique\\\/#primaryimage\",\"url\":\"https:\\\/\\\/ellebicalzature.it\\\/wp-content\\\/uploads\\\/2025\\\/09\\\/immagine_1766939343.webp\",\"contentUrl\":\"https:\\\/\\\/ellebicalzature.it\\\/wp-content\\\/uploads\\\/2025\\\/09\\\/immagine_1766939343.webp\",\"width\":2284,\"height\":2535},{\"@type\":\"BreadcrumbList\",\"@id\":\"https:\\\/\\\/ellebicalzature.it\\\/fr\\\/product\\\/sac-a-dos-artisanal-avec-rabat-magnetique\\\/#breadcrumb\",\"itemListElement\":[{\"@type\":\"ListItem\",\"position\":1,\"name\":\"Home\",\"item\":\"https:\\\/\\\/ellebicalzature.it\\\/fr\\\/\"},{\"@type\":\"ListItem\",\"position\":2,\"name\":\"Boutique\",\"item\":\"https:\\\/\\\/ellebicalzature.it\\\/fr\\\/boutique\\\/\"},{\"@type\":\"ListItem\",\"position\":3,\"name\":\"Sac \u00e0 dos artisanal avec rabat magn\u00e9tique\"}]},{\"@type\":\"WebSite\",\"@id\":\"https:\\\/\\\/ellebicalzature.it\\\/fr\\\/#website\",\"url\":\"https:\\\/\\\/ellebicalzature.it\\\/fr\\\/\",\"name\":\"Elleb\u00ec\",\"description\":\"Calzature e accessori Gallipoli\",\"publisher\":{\"@id\":\"https:\\\/\\\/ellebicalzature.it\\\/fr\\\/#organization\"},\"alternateName\":\"Elleb\u00ec | Calzature Gallipoli\",\"potentialAction\":[{\"@type\":\"SearchAction\",\"target\":{\"@type\":\"EntryPoint\",\"urlTemplate\":\"https:\\\/\\\/ellebicalzature.it\\\/fr\\\/?s={search_term_string}\"},\"query-input\":{\"@type\":\"PropertyValueSpecification\",\"valueRequired\":true,\"valueName\":\"search_term_string\"}}],\"inLanguage\":\"fr-FR\"},{\"@type\":\"Organization\",\"@id\":\"https:\\\/\\\/ellebicalzature.it\\\/fr\\\/#organization\",\"name\":\"Ellebi\",\"url\":\"https:\\\/\\\/ellebicalzature.it\\\/fr\\\/\",\"logo\":{\"@type\":\"ImageObject\",\"inLanguage\":\"fr-FR\",\"@id\":\"https:\\\/\\\/ellebicalzature.it\\\/fr\\\/#\\\/schema\\\/logo\\\/image\\\/\",\"url\":\"https:\\\/\\\/ellebicalzature.it\\\/wp-content\\\/uploads\\\/2024\\\/04\\\/logo-ellebi.png\",\"contentUrl\":\"https:\\\/\\\/ellebicalzature.it\\\/wp-content\\\/uploads\\\/2024\\\/04\\\/logo-ellebi.png\",\"width\":221,\"height\":131,\"caption\":\"Ellebi\"},\"image\":{\"@id\":\"https:\\\/\\\/ellebicalzature.it\\\/fr\\\/#\\\/schema\\\/logo\\\/image\\\/\"},\"sameAs\":[\"https:\\\/\\\/www.facebook.com\\\/ellebisandaliartigianaligallipoli\\\/\",\"https:\\\/\\\/www.instagram.com\\\/ellebicalzature\\\/?hl=it\"]}]}<\/script>\n<!-- \/ Yoast SEO plugin. -->","yoast_head_json":{"title":"Sac \u00e0 dos artisanal avec rabat magn\u00e9tique | Ellebi","description":"Sac \u00e0 dos en cuir artisanal avec fermeture \u00e0 rabat magn\u00e9tique. \u00c9l\u00e9gant, r\u00e9sistant et pratique, id\u00e9al pour la ville et les voyages. R\u00e9alis\u00e9 \u00e0 la main","robots":{"index":"index","follow":"follow","max-snippet":"max-snippet:-1","max-image-preview":"max-image-preview:large","max-video-preview":"max-video-preview:-1"},"canonical":"https:\/\/ellebicalzature.it\/fr\/product\/sac-a-dos-artisanal-avec-rabat-magnetique\/","og_locale":"fr_FR","og_type":"article","og_title":"Sac \u00e0 dos artisanal avec rabat magn\u00e9tique | Ellebi","og_description":"Sac \u00e0 dos en cuir artisanal avec fermeture \u00e0 rabat magn\u00e9tique. \u00c9l\u00e9gant, r\u00e9sistant et pratique, id\u00e9al pour la ville et les voyages. R\u00e9alis\u00e9 \u00e0 la main","og_url":"https:\/\/ellebicalzature.it\/fr\/product\/sac-a-dos-artisanal-avec-rabat-magnetique\/","og_site_name":"Ellebi","article_publisher":"https:\/\/www.facebook.com\/ellebisandaliartigianaligallipoli\/","article_modified_time":"2026-03-19T11:00:27+00:00","og_image":[{"width":2284,"height":2535,"url":"https:\/\/ellebicalzature.it\/wp-content\/uploads\/2025\/09\/immagine_1766939343.webp","type":"image\/webp"}],"twitter_card":"summary_large_image","schema":{"@context":"https:\/\/schema.org","@graph":[{"@type":"WebPage","@id":"https:\/\/ellebicalzature.it\/fr\/product\/sac-a-dos-artisanal-avec-rabat-magnetique\/","url":"https:\/\/ellebicalzature.it\/fr\/product\/sac-a-dos-artisanal-avec-rabat-magnetique\/","name":"Sac \u00e0 dos artisanal avec rabat magn\u00e9tique | Ellebi","isPartOf":{"@id":"https:\/\/ellebicalzature.it\/fr\/#website"},"primaryImageOfPage":{"@id":"https:\/\/ellebicalzature.it\/fr\/product\/sac-a-dos-artisanal-avec-rabat-magnetique\/#primaryimage"},"image":{"@id":"https:\/\/ellebicalzature.it\/fr\/product\/sac-a-dos-artisanal-avec-rabat-magnetique\/#primaryimage"},"thumbnailUrl":"https:\/\/ellebicalzature.it\/wp-content\/uploads\/2025\/09\/immagine_1766939343.webp","datePublished":"2025-09-27T09:49:50+00:00","dateModified":"2026-03-19T11:00:27+00:00","description":"Sac \u00e0 dos en cuir artisanal avec fermeture \u00e0 rabat magn\u00e9tique. \u00c9l\u00e9gant, r\u00e9sistant et pratique, id\u00e9al pour la ville et les voyages. R\u00e9alis\u00e9 \u00e0 la main","breadcrumb":{"@id":"https:\/\/ellebicalzature.it\/fr\/product\/sac-a-dos-artisanal-avec-rabat-magnetique\/#breadcrumb"},"inLanguage":"fr-FR","potentialAction":[{"@type":"ReadAction","target":["https:\/\/ellebicalzature.it\/fr\/product\/sac-a-dos-artisanal-avec-rabat-magnetique\/"]}]},{"@type":"ImageObject","inLanguage":"fr-FR","@id":"https:\/\/ellebicalzature.it\/fr\/product\/sac-a-dos-artisanal-avec-rabat-magnetique\/#primaryimage","url":"https:\/\/ellebicalzature.it\/wp-content\/uploads\/2025\/09\/immagine_1766939343.webp","contentUrl":"https:\/\/ellebicalzature.it\/wp-content\/uploads\/2025\/09\/immagine_1766939343.webp","width":2284,"height":2535},{"@type":"BreadcrumbList","@id":"https:\/\/ellebicalzature.it\/fr\/product\/sac-a-dos-artisanal-avec-rabat-magnetique\/#breadcrumb","itemListElement":[{"@type":"ListItem","position":1,"name":"Home","item":"https:\/\/ellebicalzature.it\/fr\/"},{"@type":"ListItem","position":2,"name":"Boutique","item":"https:\/\/ellebicalzature.it\/fr\/boutique\/"},{"@type":"ListItem","position":3,"name":"Sac \u00e0 dos artisanal avec rabat magn\u00e9tique"}]},{"@type":"WebSite","@id":"https:\/\/ellebicalzature.it\/fr\/#website","url":"https:\/\/ellebicalzature.it\/fr\/","name":"Elleb\u00ec","description":"Calzature e accessori Gallipoli","publisher":{"@id":"https:\/\/ellebicalzature.it\/fr\/#organization"},"alternateName":"Elleb\u00ec | Calzature Gallipoli","potentialAction":[{"@type":"SearchAction","target":{"@type":"EntryPoint","urlTemplate":"https:\/\/ellebicalzature.it\/fr\/?s={search_term_string}"},"query-input":{"@type":"PropertyValueSpecification","valueRequired":true,"valueName":"search_term_string"}}],"inLanguage":"fr-FR"},{"@type":"Organization","@id":"https:\/\/ellebicalzature.it\/fr\/#organization","name":"Ellebi","url":"https:\/\/ellebicalzature.it\/fr\/","logo":{"@type":"ImageObject","inLanguage":"fr-FR","@id":"https:\/\/ellebicalzature.it\/fr\/#\/schema\/logo\/image\/","url":"https:\/\/ellebicalzature.it\/wp-content\/uploads\/2024\/04\/logo-ellebi.png","contentUrl":"https:\/\/ellebicalzature.it\/wp-content\/uploads\/2024\/04\/logo-ellebi.png","width":221,"height":131,"caption":"Ellebi"},"image":{"@id":"https:\/\/ellebicalzature.it\/fr\/#\/schema\/logo\/image\/"},"sameAs":["https:\/\/www.facebook.com\/ellebisandaliartigianaligallipoli\/","https:\/\/www.instagram.com\/ellebicalzature\/?hl=it"]}]}},"_links":{"self":[{"href":"https:\/\/ellebicalzature.it\/fr\/wp-json\/wp\/v2\/product\/41157","targetHints":{"allow":["GET"]}}],"collection":[{"href":"https:\/\/ellebicalzature.it\/fr\/wp-json\/wp\/v2\/product"}],"about":[{"href":"https:\/\/ellebicalzature.it\/fr\/wp-json\/wp\/v2\/types\/product"}],"replies":[{"embeddable":true,"href":"https:\/\/ellebicalzature.it\/fr\/wp-json\/wp\/v2\/comments?post=41157"}],"version-history":[{"count":1,"href":"https:\/\/ellebicalzature.it\/fr\/wp-json\/wp\/v2\/product\/41157\/revisions"}],"predecessor-version":[{"id":72592,"href":"https:\/\/ellebicalzature.it\/fr\/wp-json\/wp\/v2\/product\/41157\/revisions\/72592"}],"wp:featuredmedia":[{"embeddable":true,"href":"https:\/\/ellebicalzature.it\/fr\/wp-json\/wp\/v2\/media\/69696"}],"wp:attachment":[{"href":"https:\/\/ellebicalzature.it\/fr\/wp-json\/wp\/v2\/media?parent=41157"}],"wp:term":[{"taxonomy":"product_brand","embeddable":true,"href":"https:\/\/ellebicalzature.it\/fr\/wp-json\/wp\/v2\/product_brand?post=41157"},{"taxonomy":"product_cat","embeddable":true,"href":"https:\/\/ellebicalzature.it\/fr\/wp-json\/wp\/v2\/product_cat?post=41157"},{"taxonomy":"product_tag","embeddable":true,"href":"https:\/\/ellebicalzature.it\/fr\/wp-json\/wp\/v2\/product_tag?post=41157"}],"curies":[{"name":"wp","href":"https:\/\/api.w.org\/{rel}","templated":true}]}}