{"id":41377,"date":"2025-09-26T12:23:34","date_gmt":"2025-09-26T11:23:34","guid":{"rendered":"https:\/\/ellebicalzature.it\/product\/sac-en-cuir-tresse-avec-anse-tressee\/"},"modified":"2026-03-19T12:04:54","modified_gmt":"2026-03-19T11:04:54","slug":"sac-en-cuir-tresse-avec-anse-tressee","status":"publish","type":"product","link":"https:\/\/ellebicalzature.it\/fr\/product\/sac-en-cuir-tresse-avec-anse-tressee\/","title":{"rendered":"Sac en cuir tress\u00e9 avec anse tress\u00e9e"},"content":{"rendered":"<p>Sac \u00e0 bandouli\u00e8re tress\u00e9, au design artisanal et \u00e9l\u00e9gant. Dot\u00e9 d&rsquo;une anse tress\u00e9e et d&rsquo;une bandouli\u00e8re amovible, il est pratique et polyvalent pour toutes les occasions. <\/p>\n","protected":false},"excerpt":{"rendered":"<p>\u00c9l\u00e9gant et sophistiqu\u00e9, ce sac en cuir tress\u00e9 est un v\u00e9ritable incontournable pour celles qui aiment se d\u00e9marquer avec style. R\u00e9alis\u00e9 en cuir de haute qualit\u00e9, il pr\u00e9sente un tressage artisanal qui le rend unique et intemporel. <\/p>\n<p>L&rsquo;anse tress\u00e9e lui conf\u00e8re caract\u00e8re et originalit\u00e9, tandis que la bandouli\u00e8re amovible permet de le porter aussi bien \u00e0 l&rsquo;\u00e9paule qu&rsquo;en bandouli\u00e8re. L&rsquo;int\u00e9rieur est soigneusement doubl\u00e9 et offre des compartiments pratiques pour organiser au mieux tous les objets essentiels. <\/p>\n<p>Polyvalent et raffin\u00e9, c&rsquo;est le compagnon parfait pour le jour comme pour le soir. Un sac con\u00e7u pour celles qui recherchent qualit\u00e9, fonctionnalit\u00e9 et style sans compromis. <\/p>\n","protected":false},"featured_media":69730,"comment_status":"open","ping_status":"closed","template":"","meta":{"_monsterinsights_skip_tracking":false,"_monsterinsights_sitenote_active":false,"_monsterinsights_sitenote_note":"","_monsterinsights_sitenote_category":0},"product_brand":[],"product_cat":[1223,1237],"product_tag":[1455,1488],"class_list":{"0":"post-41377","1":"product","2":"type-product","3":"status-publish","4":"has-post-thumbnail","6":"product_cat-sacs-en-cuir-tresse","7":"product_cat-sacs-et-sacs-a-dos-artisanaux","8":"product_tag-sac-artisanal-en-cuir","9":"product_tag-sac-artisanal-en-cuir-tresse","10":"pa_colore-blanc","11":"pa_colore-cuir","12":"pa_colore-noir","13":"pa_colore-orange","14":"pa_colore-tete-de-maure","15":"pa_colore-tourterelle","16":"pa_colore-vert","18":"first","19":"instock","20":"taxable","21":"shipping-taxable","22":"purchasable","23":"product-type-variable"},"yoast_head":"<!-- This site is optimized with the Yoast SEO plugin v27.3 - https:\/\/yoast.com\/product\/yoast-seo-wordpress\/ -->\n<title>Sac en cuir tress\u00e9 avec anse tress\u00e9e | Ellebi<\/title>\n<meta name=\"description\" content=\"Sac en cuir tress\u00e9 avec anse tress\u00e9e et pochette amovible. \u00c9l\u00e9gant, spacieux et polyvalent, id\u00e9al pour toutes les occasions.\" \/>\n<meta name=\"robots\" content=\"index, follow, max-snippet:-1, max-image-preview:large, max-video-preview:-1\" \/>\n<link rel=\"canonical\" href=\"https:\/\/ellebicalzature.it\/fr\/product\/sac-en-cuir-tresse-avec-anse-tressee\/\" \/>\n<meta property=\"og:locale\" content=\"fr_FR\" \/>\n<meta property=\"og:type\" content=\"article\" \/>\n<meta property=\"og:title\" content=\"Sac en cuir tress\u00e9 avec anse tress\u00e9e | Ellebi\" \/>\n<meta property=\"og:description\" content=\"Sac en cuir tress\u00e9 avec anse tress\u00e9e et pochette amovible. \u00c9l\u00e9gant, spacieux et polyvalent, id\u00e9al pour toutes les occasions.\" \/>\n<meta property=\"og:url\" content=\"https:\/\/ellebicalzature.it\/fr\/product\/sac-en-cuir-tresse-avec-anse-tressee\/\" \/>\n<meta property=\"og:site_name\" content=\"Ellebi\" \/>\n<meta property=\"article:publisher\" content=\"https:\/\/www.facebook.com\/ellebisandaliartigianaligallipoli\/\" \/>\n<meta property=\"article:modified_time\" content=\"2026-03-19T11:04:54+00:00\" \/>\n<meta property=\"og:image\" content=\"https:\/\/ellebicalzature.it\/wp-content\/uploads\/2025\/09\/immagine_1766941474.webp\" \/>\n\t<meta property=\"og:image:width\" content=\"2399\" \/>\n\t<meta property=\"og:image:height\" content=\"2560\" \/>\n\t<meta property=\"og:image:type\" content=\"image\/webp\" \/>\n<meta name=\"twitter:card\" content=\"summary_large_image\" \/>\n<script type=\"application\/ld+json\" class=\"yoast-schema-graph\">{\"@context\":\"https:\\\/\\\/schema.org\",\"@graph\":[{\"@type\":\"WebPage\",\"@id\":\"https:\\\/\\\/ellebicalzature.it\\\/fr\\\/product\\\/sac-en-cuir-tresse-avec-anse-tressee\\\/\",\"url\":\"https:\\\/\\\/ellebicalzature.it\\\/fr\\\/product\\\/sac-en-cuir-tresse-avec-anse-tressee\\\/\",\"name\":\"Sac en cuir tress\u00e9 avec anse tress\u00e9e | Ellebi\",\"isPartOf\":{\"@id\":\"https:\\\/\\\/ellebicalzature.it\\\/fr\\\/#website\"},\"primaryImageOfPage\":{\"@id\":\"https:\\\/\\\/ellebicalzature.it\\\/fr\\\/product\\\/sac-en-cuir-tresse-avec-anse-tressee\\\/#primaryimage\"},\"image\":{\"@id\":\"https:\\\/\\\/ellebicalzature.it\\\/fr\\\/product\\\/sac-en-cuir-tresse-avec-anse-tressee\\\/#primaryimage\"},\"thumbnailUrl\":\"https:\\\/\\\/ellebicalzature.it\\\/wp-content\\\/uploads\\\/2025\\\/09\\\/immagine_1766941474.webp\",\"datePublished\":\"2025-09-26T11:23:34+00:00\",\"dateModified\":\"2026-03-19T11:04:54+00:00\",\"description\":\"Sac en cuir tress\u00e9 avec anse tress\u00e9e et pochette amovible. \u00c9l\u00e9gant, spacieux et polyvalent, id\u00e9al pour toutes les occasions.\",\"breadcrumb\":{\"@id\":\"https:\\\/\\\/ellebicalzature.it\\\/fr\\\/product\\\/sac-en-cuir-tresse-avec-anse-tressee\\\/#breadcrumb\"},\"inLanguage\":\"fr-FR\",\"potentialAction\":[{\"@type\":\"ReadAction\",\"target\":[\"https:\\\/\\\/ellebicalzature.it\\\/fr\\\/product\\\/sac-en-cuir-tresse-avec-anse-tressee\\\/\"]}]},{\"@type\":\"ImageObject\",\"inLanguage\":\"fr-FR\",\"@id\":\"https:\\\/\\\/ellebicalzature.it\\\/fr\\\/product\\\/sac-en-cuir-tresse-avec-anse-tressee\\\/#primaryimage\",\"url\":\"https:\\\/\\\/ellebicalzature.it\\\/wp-content\\\/uploads\\\/2025\\\/09\\\/immagine_1766941474.webp\",\"contentUrl\":\"https:\\\/\\\/ellebicalzature.it\\\/wp-content\\\/uploads\\\/2025\\\/09\\\/immagine_1766941474.webp\",\"width\":2399,\"height\":2560},{\"@type\":\"BreadcrumbList\",\"@id\":\"https:\\\/\\\/ellebicalzature.it\\\/fr\\\/product\\\/sac-en-cuir-tresse-avec-anse-tressee\\\/#breadcrumb\",\"itemListElement\":[{\"@type\":\"ListItem\",\"position\":1,\"name\":\"Home\",\"item\":\"https:\\\/\\\/ellebicalzature.it\\\/fr\\\/\"},{\"@type\":\"ListItem\",\"position\":2,\"name\":\"Boutique\",\"item\":\"https:\\\/\\\/ellebicalzature.it\\\/fr\\\/boutique\\\/\"},{\"@type\":\"ListItem\",\"position\":3,\"name\":\"Sac en cuir tress\u00e9 avec anse tress\u00e9e\"}]},{\"@type\":\"WebSite\",\"@id\":\"https:\\\/\\\/ellebicalzature.it\\\/fr\\\/#website\",\"url\":\"https:\\\/\\\/ellebicalzature.it\\\/fr\\\/\",\"name\":\"Elleb\u00ec\",\"description\":\"Calzature e accessori Gallipoli\",\"publisher\":{\"@id\":\"https:\\\/\\\/ellebicalzature.it\\\/fr\\\/#organization\"},\"alternateName\":\"Elleb\u00ec | Calzature Gallipoli\",\"potentialAction\":[{\"@type\":\"SearchAction\",\"target\":{\"@type\":\"EntryPoint\",\"urlTemplate\":\"https:\\\/\\\/ellebicalzature.it\\\/fr\\\/?s={search_term_string}\"},\"query-input\":{\"@type\":\"PropertyValueSpecification\",\"valueRequired\":true,\"valueName\":\"search_term_string\"}}],\"inLanguage\":\"fr-FR\"},{\"@type\":\"Organization\",\"@id\":\"https:\\\/\\\/ellebicalzature.it\\\/fr\\\/#organization\",\"name\":\"Ellebi\",\"url\":\"https:\\\/\\\/ellebicalzature.it\\\/fr\\\/\",\"logo\":{\"@type\":\"ImageObject\",\"inLanguage\":\"fr-FR\",\"@id\":\"https:\\\/\\\/ellebicalzature.it\\\/fr\\\/#\\\/schema\\\/logo\\\/image\\\/\",\"url\":\"https:\\\/\\\/ellebicalzature.it\\\/wp-content\\\/uploads\\\/2024\\\/04\\\/logo-ellebi.png\",\"contentUrl\":\"https:\\\/\\\/ellebicalzature.it\\\/wp-content\\\/uploads\\\/2024\\\/04\\\/logo-ellebi.png\",\"width\":221,\"height\":131,\"caption\":\"Ellebi\"},\"image\":{\"@id\":\"https:\\\/\\\/ellebicalzature.it\\\/fr\\\/#\\\/schema\\\/logo\\\/image\\\/\"},\"sameAs\":[\"https:\\\/\\\/www.facebook.com\\\/ellebisandaliartigianaligallipoli\\\/\",\"https:\\\/\\\/www.instagram.com\\\/ellebicalzature\\\/?hl=it\"]}]}<\/script>\n<!-- \/ Yoast SEO plugin. -->","yoast_head_json":{"title":"Sac en cuir tress\u00e9 avec anse tress\u00e9e | Ellebi","description":"Sac en cuir tress\u00e9 avec anse tress\u00e9e et pochette amovible. \u00c9l\u00e9gant, spacieux et polyvalent, id\u00e9al pour toutes les occasions.","robots":{"index":"index","follow":"follow","max-snippet":"max-snippet:-1","max-image-preview":"max-image-preview:large","max-video-preview":"max-video-preview:-1"},"canonical":"https:\/\/ellebicalzature.it\/fr\/product\/sac-en-cuir-tresse-avec-anse-tressee\/","og_locale":"fr_FR","og_type":"article","og_title":"Sac en cuir tress\u00e9 avec anse tress\u00e9e | Ellebi","og_description":"Sac en cuir tress\u00e9 avec anse tress\u00e9e et pochette amovible. \u00c9l\u00e9gant, spacieux et polyvalent, id\u00e9al pour toutes les occasions.","og_url":"https:\/\/ellebicalzature.it\/fr\/product\/sac-en-cuir-tresse-avec-anse-tressee\/","og_site_name":"Ellebi","article_publisher":"https:\/\/www.facebook.com\/ellebisandaliartigianaligallipoli\/","article_modified_time":"2026-03-19T11:04:54+00:00","og_image":[{"width":2399,"height":2560,"url":"https:\/\/ellebicalzature.it\/wp-content\/uploads\/2025\/09\/immagine_1766941474.webp","type":"image\/webp"}],"twitter_card":"summary_large_image","schema":{"@context":"https:\/\/schema.org","@graph":[{"@type":"WebPage","@id":"https:\/\/ellebicalzature.it\/fr\/product\/sac-en-cuir-tresse-avec-anse-tressee\/","url":"https:\/\/ellebicalzature.it\/fr\/product\/sac-en-cuir-tresse-avec-anse-tressee\/","name":"Sac en cuir tress\u00e9 avec anse tress\u00e9e | Ellebi","isPartOf":{"@id":"https:\/\/ellebicalzature.it\/fr\/#website"},"primaryImageOfPage":{"@id":"https:\/\/ellebicalzature.it\/fr\/product\/sac-en-cuir-tresse-avec-anse-tressee\/#primaryimage"},"image":{"@id":"https:\/\/ellebicalzature.it\/fr\/product\/sac-en-cuir-tresse-avec-anse-tressee\/#primaryimage"},"thumbnailUrl":"https:\/\/ellebicalzature.it\/wp-content\/uploads\/2025\/09\/immagine_1766941474.webp","datePublished":"2025-09-26T11:23:34+00:00","dateModified":"2026-03-19T11:04:54+00:00","description":"Sac en cuir tress\u00e9 avec anse tress\u00e9e et pochette amovible. \u00c9l\u00e9gant, spacieux et polyvalent, id\u00e9al pour toutes les occasions.","breadcrumb":{"@id":"https:\/\/ellebicalzature.it\/fr\/product\/sac-en-cuir-tresse-avec-anse-tressee\/#breadcrumb"},"inLanguage":"fr-FR","potentialAction":[{"@type":"ReadAction","target":["https:\/\/ellebicalzature.it\/fr\/product\/sac-en-cuir-tresse-avec-anse-tressee\/"]}]},{"@type":"ImageObject","inLanguage":"fr-FR","@id":"https:\/\/ellebicalzature.it\/fr\/product\/sac-en-cuir-tresse-avec-anse-tressee\/#primaryimage","url":"https:\/\/ellebicalzature.it\/wp-content\/uploads\/2025\/09\/immagine_1766941474.webp","contentUrl":"https:\/\/ellebicalzature.it\/wp-content\/uploads\/2025\/09\/immagine_1766941474.webp","width":2399,"height":2560},{"@type":"BreadcrumbList","@id":"https:\/\/ellebicalzature.it\/fr\/product\/sac-en-cuir-tresse-avec-anse-tressee\/#breadcrumb","itemListElement":[{"@type":"ListItem","position":1,"name":"Home","item":"https:\/\/ellebicalzature.it\/fr\/"},{"@type":"ListItem","position":2,"name":"Boutique","item":"https:\/\/ellebicalzature.it\/fr\/boutique\/"},{"@type":"ListItem","position":3,"name":"Sac en cuir tress\u00e9 avec anse tress\u00e9e"}]},{"@type":"WebSite","@id":"https:\/\/ellebicalzature.it\/fr\/#website","url":"https:\/\/ellebicalzature.it\/fr\/","name":"Elleb\u00ec","description":"Calzature e accessori Gallipoli","publisher":{"@id":"https:\/\/ellebicalzature.it\/fr\/#organization"},"alternateName":"Elleb\u00ec | Calzature Gallipoli","potentialAction":[{"@type":"SearchAction","target":{"@type":"EntryPoint","urlTemplate":"https:\/\/ellebicalzature.it\/fr\/?s={search_term_string}"},"query-input":{"@type":"PropertyValueSpecification","valueRequired":true,"valueName":"search_term_string"}}],"inLanguage":"fr-FR"},{"@type":"Organization","@id":"https:\/\/ellebicalzature.it\/fr\/#organization","name":"Ellebi","url":"https:\/\/ellebicalzature.it\/fr\/","logo":{"@type":"ImageObject","inLanguage":"fr-FR","@id":"https:\/\/ellebicalzature.it\/fr\/#\/schema\/logo\/image\/","url":"https:\/\/ellebicalzature.it\/wp-content\/uploads\/2024\/04\/logo-ellebi.png","contentUrl":"https:\/\/ellebicalzature.it\/wp-content\/uploads\/2024\/04\/logo-ellebi.png","width":221,"height":131,"caption":"Ellebi"},"image":{"@id":"https:\/\/ellebicalzature.it\/fr\/#\/schema\/logo\/image\/"},"sameAs":["https:\/\/www.facebook.com\/ellebisandaliartigianaligallipoli\/","https:\/\/www.instagram.com\/ellebicalzature\/?hl=it"]}]}},"_links":{"self":[{"href":"https:\/\/ellebicalzature.it\/fr\/wp-json\/wp\/v2\/product\/41377","targetHints":{"allow":["GET"]}}],"collection":[{"href":"https:\/\/ellebicalzature.it\/fr\/wp-json\/wp\/v2\/product"}],"about":[{"href":"https:\/\/ellebicalzature.it\/fr\/wp-json\/wp\/v2\/types\/product"}],"replies":[{"embeddable":true,"href":"https:\/\/ellebicalzature.it\/fr\/wp-json\/wp\/v2\/comments?post=41377"}],"version-history":[{"count":1,"href":"https:\/\/ellebicalzature.it\/fr\/wp-json\/wp\/v2\/product\/41377\/revisions"}],"predecessor-version":[{"id":72702,"href":"https:\/\/ellebicalzature.it\/fr\/wp-json\/wp\/v2\/product\/41377\/revisions\/72702"}],"wp:featuredmedia":[{"embeddable":true,"href":"https:\/\/ellebicalzature.it\/fr\/wp-json\/wp\/v2\/media\/69730"}],"wp:attachment":[{"href":"https:\/\/ellebicalzature.it\/fr\/wp-json\/wp\/v2\/media?parent=41377"}],"wp:term":[{"taxonomy":"product_brand","embeddable":true,"href":"https:\/\/ellebicalzature.it\/fr\/wp-json\/wp\/v2\/product_brand?post=41377"},{"taxonomy":"product_cat","embeddable":true,"href":"https:\/\/ellebicalzature.it\/fr\/wp-json\/wp\/v2\/product_cat?post=41377"},{"taxonomy":"product_tag","embeddable":true,"href":"https:\/\/ellebicalzature.it\/fr\/wp-json\/wp\/v2\/product_tag?post=41377"}],"curies":[{"name":"wp","href":"https:\/\/api.w.org\/{rel}","templated":true}]}}