{"id":41597,"date":"2025-09-23T18:22:24","date_gmt":"2025-09-23T17:22:24","guid":{"rendered":"https:\/\/ellebicalzature.it\/product\/sac-en-cuir-avec-poignee-rigide\/"},"modified":"2026-03-19T12:10:56","modified_gmt":"2026-03-19T11:10:56","slug":"sac-en-cuir-avec-poignee-rigide","status":"publish","type":"product","link":"https:\/\/ellebicalzature.it\/fr\/product\/sac-en-cuir-avec-poignee-rigide\/","title":{"rendered":"Sac en cuir avec poign\u00e9e rigide"},"content":{"rendered":"<p>Sac en cuir au design intemporel, dot\u00e9 d&rsquo;une poign\u00e9e rigide et d&rsquo;une bandouli\u00e8re r\u00e9glable. Pratique et raffin\u00e9, il est parfait \u00e0 porter \u00e0 la main ou \u00e0 l&rsquo;\u00e9paule, id\u00e9al pour toutes les occasions. <\/p>\n","protected":false},"excerpt":{"rendered":"<p>Ce sac en cuir allie \u00e9l\u00e9gance et praticit\u00e9 dans un design intemporel. Fabriqu\u00e9 avec des cuirs de premi\u00e8re qualit\u00e9, il se distingue par sa structure compacte mais spacieuse, id\u00e9ale pour vous accompagner lors de vos journ\u00e9es de travail comme lors de vos sorties en soir\u00e9e. <\/p>\n<p>La poign\u00e9e rigide le rend confortable \u00e0 porter \u00e0 la main, tandis que la bandouli\u00e8re r\u00e9glable et amovible offre la possibilit\u00e9 de le porter \u00e0 l&rsquo;\u00e9paule ou en bandouli\u00e8re, s&rsquo;adaptant avec polyvalence \u00e0 tous les besoins. La fermeture \u00e0 rabat conf\u00e8re une touche raffin\u00e9e, tout en gardant vos effets personnels en s\u00e9curit\u00e9. <\/p>\n<p>\u00c0 l&rsquo;int\u00e9rieur, l&rsquo;espace est bien organis\u00e9 pour ranger l&rsquo;essentiel, sans renoncer au style. Des lignes \u00e9pur\u00e9es et des d\u00e9tails soign\u00e9s en font un accessoire intemporel. <\/p>\n","protected":false},"featured_media":69767,"comment_status":"open","ping_status":"closed","template":"","meta":{"_monsterinsights_skip_tracking":false,"_monsterinsights_sitenote_active":false,"_monsterinsights_sitenote_note":"","_monsterinsights_sitenote_category":0},"product_brand":[],"product_cat":[1222,1237],"product_tag":[1455,1456],"class_list":{"0":"post-41597","1":"product","2":"type-product","3":"status-publish","4":"has-post-thumbnail","6":"product_cat-sacs-en-cuir-lisse","7":"product_cat-sacs-et-sacs-a-dos-artisanaux","8":"product_tag-sac-artisanal-en-cuir","9":"product_tag-sac-en-cuir-pour-femme","10":"pa_colore-cuir","11":"pa_colore-marron","12":"pa_colore-noir","13":"pa_colore-rouge","14":"pa_colore-tete-de-maure","16":"first","17":"instock","18":"taxable","19":"shipping-taxable","20":"purchasable","21":"product-type-variable"},"yoast_head":"<!-- This site is optimized with the Yoast SEO plugin v27.3 - https:\/\/yoast.com\/product\/yoast-seo-wordpress\/ -->\n<title>Sac en cuir avec poign\u00e9e rigide | Ellebi<\/title>\n<meta name=\"description\" content=\"\u00c9l\u00e9gant sac en cuir avec poign\u00e9e rigide et bandouli\u00e8re amovible, fabriqu\u00e9 en cuir par des artisans du Salento avec des mat\u00e9riaux de premi\u00e8re qualit\u00e9\" \/>\n<meta name=\"robots\" content=\"index, follow, max-snippet:-1, max-image-preview:large, max-video-preview:-1\" \/>\n<link rel=\"canonical\" href=\"https:\/\/ellebicalzature.it\/fr\/product\/sac-en-cuir-avec-poignee-rigide\/\" \/>\n<meta property=\"og:locale\" content=\"fr_FR\" \/>\n<meta property=\"og:type\" content=\"article\" \/>\n<meta property=\"og:title\" content=\"Sac en cuir avec poign\u00e9e rigide | Ellebi\" \/>\n<meta property=\"og:description\" content=\"\u00c9l\u00e9gant sac en cuir avec poign\u00e9e rigide et bandouli\u00e8re amovible, fabriqu\u00e9 en cuir par des artisans du Salento avec des mat\u00e9riaux de premi\u00e8re qualit\u00e9\" \/>\n<meta property=\"og:url\" content=\"https:\/\/ellebicalzature.it\/fr\/product\/sac-en-cuir-avec-poignee-rigide\/\" \/>\n<meta property=\"og:site_name\" content=\"Ellebi\" \/>\n<meta property=\"article:publisher\" content=\"https:\/\/www.facebook.com\/ellebisandaliartigianaligallipoli\/\" \/>\n<meta property=\"article:modified_time\" content=\"2026-03-19T11:10:56+00:00\" \/>\n<meta property=\"og:image\" content=\"https:\/\/ellebicalzature.it\/wp-content\/uploads\/2025\/09\/immagine_1766943031-1-1.webp\" \/>\n\t<meta property=\"og:image:width\" content=\"2304\" \/>\n\t<meta property=\"og:image:height\" content=\"2560\" \/>\n\t<meta property=\"og:image:type\" content=\"image\/webp\" \/>\n<meta name=\"twitter:card\" content=\"summary_large_image\" \/>\n<script type=\"application\/ld+json\" class=\"yoast-schema-graph\">{\"@context\":\"https:\\\/\\\/schema.org\",\"@graph\":[{\"@type\":\"WebPage\",\"@id\":\"https:\\\/\\\/ellebicalzature.it\\\/fr\\\/product\\\/sac-en-cuir-avec-poignee-rigide\\\/\",\"url\":\"https:\\\/\\\/ellebicalzature.it\\\/fr\\\/product\\\/sac-en-cuir-avec-poignee-rigide\\\/\",\"name\":\"Sac en cuir avec poign\u00e9e rigide | Ellebi\",\"isPartOf\":{\"@id\":\"https:\\\/\\\/ellebicalzature.it\\\/fr\\\/#website\"},\"primaryImageOfPage\":{\"@id\":\"https:\\\/\\\/ellebicalzature.it\\\/fr\\\/product\\\/sac-en-cuir-avec-poignee-rigide\\\/#primaryimage\"},\"image\":{\"@id\":\"https:\\\/\\\/ellebicalzature.it\\\/fr\\\/product\\\/sac-en-cuir-avec-poignee-rigide\\\/#primaryimage\"},\"thumbnailUrl\":\"https:\\\/\\\/ellebicalzature.it\\\/wp-content\\\/uploads\\\/2025\\\/09\\\/immagine_1766943031-1-1.webp\",\"datePublished\":\"2025-09-23T17:22:24+00:00\",\"dateModified\":\"2026-03-19T11:10:56+00:00\",\"description\":\"\u00c9l\u00e9gant sac en cuir avec poign\u00e9e rigide et bandouli\u00e8re amovible, fabriqu\u00e9 en cuir par des artisans du Salento avec des mat\u00e9riaux de premi\u00e8re qualit\u00e9\",\"breadcrumb\":{\"@id\":\"https:\\\/\\\/ellebicalzature.it\\\/fr\\\/product\\\/sac-en-cuir-avec-poignee-rigide\\\/#breadcrumb\"},\"inLanguage\":\"fr-FR\",\"potentialAction\":[{\"@type\":\"ReadAction\",\"target\":[\"https:\\\/\\\/ellebicalzature.it\\\/fr\\\/product\\\/sac-en-cuir-avec-poignee-rigide\\\/\"]}]},{\"@type\":\"ImageObject\",\"inLanguage\":\"fr-FR\",\"@id\":\"https:\\\/\\\/ellebicalzature.it\\\/fr\\\/product\\\/sac-en-cuir-avec-poignee-rigide\\\/#primaryimage\",\"url\":\"https:\\\/\\\/ellebicalzature.it\\\/wp-content\\\/uploads\\\/2025\\\/09\\\/immagine_1766943031-1-1.webp\",\"contentUrl\":\"https:\\\/\\\/ellebicalzature.it\\\/wp-content\\\/uploads\\\/2025\\\/09\\\/immagine_1766943031-1-1.webp\",\"width\":2304,\"height\":2560},{\"@type\":\"BreadcrumbList\",\"@id\":\"https:\\\/\\\/ellebicalzature.it\\\/fr\\\/product\\\/sac-en-cuir-avec-poignee-rigide\\\/#breadcrumb\",\"itemListElement\":[{\"@type\":\"ListItem\",\"position\":1,\"name\":\"Home\",\"item\":\"https:\\\/\\\/ellebicalzature.it\\\/fr\\\/\"},{\"@type\":\"ListItem\",\"position\":2,\"name\":\"Boutique\",\"item\":\"https:\\\/\\\/ellebicalzature.it\\\/fr\\\/boutique\\\/\"},{\"@type\":\"ListItem\",\"position\":3,\"name\":\"Sac en cuir avec poign\u00e9e rigide\"}]},{\"@type\":\"WebSite\",\"@id\":\"https:\\\/\\\/ellebicalzature.it\\\/fr\\\/#website\",\"url\":\"https:\\\/\\\/ellebicalzature.it\\\/fr\\\/\",\"name\":\"Elleb\u00ec\",\"description\":\"Calzature e accessori Gallipoli\",\"publisher\":{\"@id\":\"https:\\\/\\\/ellebicalzature.it\\\/fr\\\/#organization\"},\"alternateName\":\"Elleb\u00ec | Calzature Gallipoli\",\"potentialAction\":[{\"@type\":\"SearchAction\",\"target\":{\"@type\":\"EntryPoint\",\"urlTemplate\":\"https:\\\/\\\/ellebicalzature.it\\\/fr\\\/?s={search_term_string}\"},\"query-input\":{\"@type\":\"PropertyValueSpecification\",\"valueRequired\":true,\"valueName\":\"search_term_string\"}}],\"inLanguage\":\"fr-FR\"},{\"@type\":\"Organization\",\"@id\":\"https:\\\/\\\/ellebicalzature.it\\\/fr\\\/#organization\",\"name\":\"Ellebi\",\"url\":\"https:\\\/\\\/ellebicalzature.it\\\/fr\\\/\",\"logo\":{\"@type\":\"ImageObject\",\"inLanguage\":\"fr-FR\",\"@id\":\"https:\\\/\\\/ellebicalzature.it\\\/fr\\\/#\\\/schema\\\/logo\\\/image\\\/\",\"url\":\"https:\\\/\\\/ellebicalzature.it\\\/wp-content\\\/uploads\\\/2024\\\/04\\\/logo-ellebi.png\",\"contentUrl\":\"https:\\\/\\\/ellebicalzature.it\\\/wp-content\\\/uploads\\\/2024\\\/04\\\/logo-ellebi.png\",\"width\":221,\"height\":131,\"caption\":\"Ellebi\"},\"image\":{\"@id\":\"https:\\\/\\\/ellebicalzature.it\\\/fr\\\/#\\\/schema\\\/logo\\\/image\\\/\"},\"sameAs\":[\"https:\\\/\\\/www.facebook.com\\\/ellebisandaliartigianaligallipoli\\\/\",\"https:\\\/\\\/www.instagram.com\\\/ellebicalzature\\\/?hl=it\"]}]}<\/script>\n<!-- \/ Yoast SEO plugin. -->","yoast_head_json":{"title":"Sac en cuir avec poign\u00e9e rigide | Ellebi","description":"\u00c9l\u00e9gant sac en cuir avec poign\u00e9e rigide et bandouli\u00e8re amovible, fabriqu\u00e9 en cuir par des artisans du Salento avec des mat\u00e9riaux de premi\u00e8re qualit\u00e9","robots":{"index":"index","follow":"follow","max-snippet":"max-snippet:-1","max-image-preview":"max-image-preview:large","max-video-preview":"max-video-preview:-1"},"canonical":"https:\/\/ellebicalzature.it\/fr\/product\/sac-en-cuir-avec-poignee-rigide\/","og_locale":"fr_FR","og_type":"article","og_title":"Sac en cuir avec poign\u00e9e rigide | Ellebi","og_description":"\u00c9l\u00e9gant sac en cuir avec poign\u00e9e rigide et bandouli\u00e8re amovible, fabriqu\u00e9 en cuir par des artisans du Salento avec des mat\u00e9riaux de premi\u00e8re qualit\u00e9","og_url":"https:\/\/ellebicalzature.it\/fr\/product\/sac-en-cuir-avec-poignee-rigide\/","og_site_name":"Ellebi","article_publisher":"https:\/\/www.facebook.com\/ellebisandaliartigianaligallipoli\/","article_modified_time":"2026-03-19T11:10:56+00:00","og_image":[{"width":2304,"height":2560,"url":"https:\/\/ellebicalzature.it\/wp-content\/uploads\/2025\/09\/immagine_1766943031-1-1.webp","type":"image\/webp"}],"twitter_card":"summary_large_image","schema":{"@context":"https:\/\/schema.org","@graph":[{"@type":"WebPage","@id":"https:\/\/ellebicalzature.it\/fr\/product\/sac-en-cuir-avec-poignee-rigide\/","url":"https:\/\/ellebicalzature.it\/fr\/product\/sac-en-cuir-avec-poignee-rigide\/","name":"Sac en cuir avec poign\u00e9e rigide | Ellebi","isPartOf":{"@id":"https:\/\/ellebicalzature.it\/fr\/#website"},"primaryImageOfPage":{"@id":"https:\/\/ellebicalzature.it\/fr\/product\/sac-en-cuir-avec-poignee-rigide\/#primaryimage"},"image":{"@id":"https:\/\/ellebicalzature.it\/fr\/product\/sac-en-cuir-avec-poignee-rigide\/#primaryimage"},"thumbnailUrl":"https:\/\/ellebicalzature.it\/wp-content\/uploads\/2025\/09\/immagine_1766943031-1-1.webp","datePublished":"2025-09-23T17:22:24+00:00","dateModified":"2026-03-19T11:10:56+00:00","description":"\u00c9l\u00e9gant sac en cuir avec poign\u00e9e rigide et bandouli\u00e8re amovible, fabriqu\u00e9 en cuir par des artisans du Salento avec des mat\u00e9riaux de premi\u00e8re qualit\u00e9","breadcrumb":{"@id":"https:\/\/ellebicalzature.it\/fr\/product\/sac-en-cuir-avec-poignee-rigide\/#breadcrumb"},"inLanguage":"fr-FR","potentialAction":[{"@type":"ReadAction","target":["https:\/\/ellebicalzature.it\/fr\/product\/sac-en-cuir-avec-poignee-rigide\/"]}]},{"@type":"ImageObject","inLanguage":"fr-FR","@id":"https:\/\/ellebicalzature.it\/fr\/product\/sac-en-cuir-avec-poignee-rigide\/#primaryimage","url":"https:\/\/ellebicalzature.it\/wp-content\/uploads\/2025\/09\/immagine_1766943031-1-1.webp","contentUrl":"https:\/\/ellebicalzature.it\/wp-content\/uploads\/2025\/09\/immagine_1766943031-1-1.webp","width":2304,"height":2560},{"@type":"BreadcrumbList","@id":"https:\/\/ellebicalzature.it\/fr\/product\/sac-en-cuir-avec-poignee-rigide\/#breadcrumb","itemListElement":[{"@type":"ListItem","position":1,"name":"Home","item":"https:\/\/ellebicalzature.it\/fr\/"},{"@type":"ListItem","position":2,"name":"Boutique","item":"https:\/\/ellebicalzature.it\/fr\/boutique\/"},{"@type":"ListItem","position":3,"name":"Sac en cuir avec poign\u00e9e rigide"}]},{"@type":"WebSite","@id":"https:\/\/ellebicalzature.it\/fr\/#website","url":"https:\/\/ellebicalzature.it\/fr\/","name":"Elleb\u00ec","description":"Calzature e accessori Gallipoli","publisher":{"@id":"https:\/\/ellebicalzature.it\/fr\/#organization"},"alternateName":"Elleb\u00ec | Calzature Gallipoli","potentialAction":[{"@type":"SearchAction","target":{"@type":"EntryPoint","urlTemplate":"https:\/\/ellebicalzature.it\/fr\/?s={search_term_string}"},"query-input":{"@type":"PropertyValueSpecification","valueRequired":true,"valueName":"search_term_string"}}],"inLanguage":"fr-FR"},{"@type":"Organization","@id":"https:\/\/ellebicalzature.it\/fr\/#organization","name":"Ellebi","url":"https:\/\/ellebicalzature.it\/fr\/","logo":{"@type":"ImageObject","inLanguage":"fr-FR","@id":"https:\/\/ellebicalzature.it\/fr\/#\/schema\/logo\/image\/","url":"https:\/\/ellebicalzature.it\/wp-content\/uploads\/2024\/04\/logo-ellebi.png","contentUrl":"https:\/\/ellebicalzature.it\/wp-content\/uploads\/2024\/04\/logo-ellebi.png","width":221,"height":131,"caption":"Ellebi"},"image":{"@id":"https:\/\/ellebicalzature.it\/fr\/#\/schema\/logo\/image\/"},"sameAs":["https:\/\/www.facebook.com\/ellebisandaliartigianaligallipoli\/","https:\/\/www.instagram.com\/ellebicalzature\/?hl=it"]}]}},"_links":{"self":[{"href":"https:\/\/ellebicalzature.it\/fr\/wp-json\/wp\/v2\/product\/41597","targetHints":{"allow":["GET"]}}],"collection":[{"href":"https:\/\/ellebicalzature.it\/fr\/wp-json\/wp\/v2\/product"}],"about":[{"href":"https:\/\/ellebicalzature.it\/fr\/wp-json\/wp\/v2\/types\/product"}],"replies":[{"embeddable":true,"href":"https:\/\/ellebicalzature.it\/fr\/wp-json\/wp\/v2\/comments?post=41597"}],"version-history":[{"count":1,"href":"https:\/\/ellebicalzature.it\/fr\/wp-json\/wp\/v2\/product\/41597\/revisions"}],"predecessor-version":[{"id":72855,"href":"https:\/\/ellebicalzature.it\/fr\/wp-json\/wp\/v2\/product\/41597\/revisions\/72855"}],"wp:featuredmedia":[{"embeddable":true,"href":"https:\/\/ellebicalzature.it\/fr\/wp-json\/wp\/v2\/media\/69767"}],"wp:attachment":[{"href":"https:\/\/ellebicalzature.it\/fr\/wp-json\/wp\/v2\/media?parent=41597"}],"wp:term":[{"taxonomy":"product_brand","embeddable":true,"href":"https:\/\/ellebicalzature.it\/fr\/wp-json\/wp\/v2\/product_brand?post=41597"},{"taxonomy":"product_cat","embeddable":true,"href":"https:\/\/ellebicalzature.it\/fr\/wp-json\/wp\/v2\/product_cat?post=41597"},{"taxonomy":"product_tag","embeddable":true,"href":"https:\/\/ellebicalzature.it\/fr\/wp-json\/wp\/v2\/product_tag?post=41597"}],"curies":[{"name":"wp","href":"https:\/\/api.w.org\/{rel}","templated":true}]}}