{"id":41908,"date":"2025-09-22T18:55:09","date_gmt":"2025-09-22T17:55:09","guid":{"rendered":"https:\/\/ellebicalzature.it\/product\/sac-a-dos-convertible-en-cuir-avec-bandouliere\/"},"modified":"2026-03-19T12:13:21","modified_gmt":"2026-03-19T11:13:21","slug":"sac-a-dos-convertible-en-cuir-avec-bandouliere","status":"publish","type":"product","link":"https:\/\/ellebicalzature.it\/fr\/product\/sac-a-dos-convertible-en-cuir-avec-bandouliere\/","title":{"rendered":"Sac \u00e0 dos convertible en cuir avec bandouli\u00e8re"},"content":{"rendered":"<p>Sac \u00e0 dos en cuir, transformable en sac \u00e0 bandouli\u00e8re gr\u00e2ce aux bretelles r\u00e9glables. Dot\u00e9 de plusieurs compartiments avec fermeture \u00e9clair, il est pratique et spacieux, parfait pour un usage quotidien et les occasions sp\u00e9ciales. <\/p>\n","protected":false},"excerpt":{"rendered":"<p>Ce sac \u00e0 dos en cuir allie \u00e9l\u00e9gance, praticit\u00e9 et polyvalence en un seul accessoire. Fabriqu\u00e9 en cuir de qualit\u00e9, il est con\u00e7u pour ceux qui souhaitent un compagnon fiable et raffin\u00e9. Sa caract\u00e9ristique principale est sa transformation : gr\u00e2ce aux bretelles r\u00e9glables, il peut \u00eatre port\u00e9 comme un sac \u00e0 dos classique ou comme un sac \u00e0 bandouli\u00e8re confortable, s&rsquo;adaptant facilement \u00e0 tous les besoins et occasions.  <\/p>\n<p>Le design est enrichi d&rsquo;un rabat frontal pratique avec fermeture \u00e9clair qui apporte caract\u00e8re et fonctionnalit\u00e9. L&rsquo;int\u00e9rieur spacieux et bien organis\u00e9 offre tout l&rsquo;espace n\u00e9cessaire pour transporter documents, accessoires, tablette et bien plus encore, le rendant id\u00e9al non seulement pour les loisirs, mais aussi pour le travail et les voyages. <\/p>\n<p>Sa grande taille en fait un alli\u00e9 parfait pour ceux qui ne veulent pas faire de compromis entre style et confort.<\/p>\n","protected":false},"featured_media":69812,"comment_status":"open","ping_status":"closed","template":"","meta":{"_monsterinsights_skip_tracking":false,"_monsterinsights_sitenote_active":false,"_monsterinsights_sitenote_note":"","_monsterinsights_sitenote_category":0},"product_brand":[],"product_cat":[1244,1237],"product_tag":[],"class_list":{"0":"post-41908","1":"product","2":"type-product","3":"status-publish","4":"has-post-thumbnail","6":"product_cat-sacs-a-dos-artisanaux","7":"product_cat-sacs-et-sacs-a-dos-artisanaux","8":"pa_colore-beige","9":"pa_colore-bleu","10":"pa_colore-bleu-ciel","11":"pa_colore-cuir","12":"pa_colore-gris","13":"pa_colore-jean","14":"pa_colore-moutarde","15":"pa_colore-noir","16":"pa_colore-orange","17":"pa_colore-rose-poudre","18":"pa_colore-tete-de-maure","19":"pa_colore-tourterelle","20":"pa_colore-vert-citron","22":"first","23":"instock","24":"taxable","25":"shipping-taxable","26":"purchasable","27":"product-type-variable"},"yoast_head":"<!-- This site is optimized with the Yoast SEO plugin v27.3 - https:\/\/yoast.com\/product\/yoast-seo-wordpress\/ -->\n<title>Sac \u00e0 dos convertible en cuir avec bandouli\u00e8re | Ellebi<\/title>\n<meta name=\"description\" content=\"Sac \u00e0 dos en cuir transformable en sac \u00e0 bandouli\u00e8re avec bretelles r\u00e9glables, spacieux et polyvalent, id\u00e9al pour le travail, les voyages et les loisirs.\" \/>\n<meta name=\"robots\" content=\"index, follow, max-snippet:-1, max-image-preview:large, max-video-preview:-1\" \/>\n<link rel=\"canonical\" href=\"https:\/\/ellebicalzature.it\/fr\/product\/sac-a-dos-convertible-en-cuir-avec-bandouliere\/\" \/>\n<meta property=\"og:locale\" content=\"fr_FR\" \/>\n<meta property=\"og:type\" content=\"article\" \/>\n<meta property=\"og:title\" content=\"Sac \u00e0 dos convertible en cuir avec bandouli\u00e8re | Ellebi\" \/>\n<meta property=\"og:description\" content=\"Sac \u00e0 dos en cuir transformable en sac \u00e0 bandouli\u00e8re avec bretelles r\u00e9glables, spacieux et polyvalent, id\u00e9al pour le travail, les voyages et les loisirs.\" \/>\n<meta property=\"og:url\" content=\"https:\/\/ellebicalzature.it\/fr\/product\/sac-a-dos-convertible-en-cuir-avec-bandouliere\/\" \/>\n<meta property=\"og:site_name\" content=\"Ellebi\" \/>\n<meta property=\"article:publisher\" content=\"https:\/\/www.facebook.com\/ellebisandaliartigianaligallipoli\/\" \/>\n<meta property=\"article:modified_time\" content=\"2026-03-19T11:13:21+00:00\" \/>\n<meta property=\"og:image\" content=\"https:\/\/ellebicalzature.it\/wp-content\/uploads\/2025\/09\/immagine_1766944907.webp\" \/>\n\t<meta property=\"og:image:width\" content=\"2100\" \/>\n\t<meta property=\"og:image:height\" content=\"2560\" \/>\n\t<meta property=\"og:image:type\" content=\"image\/webp\" \/>\n<meta name=\"twitter:card\" content=\"summary_large_image\" \/>\n<script type=\"application\/ld+json\" class=\"yoast-schema-graph\">{\"@context\":\"https:\\\/\\\/schema.org\",\"@graph\":[{\"@type\":\"WebPage\",\"@id\":\"https:\\\/\\\/ellebicalzature.it\\\/fr\\\/product\\\/sac-a-dos-convertible-en-cuir-avec-bandouliere\\\/\",\"url\":\"https:\\\/\\\/ellebicalzature.it\\\/fr\\\/product\\\/sac-a-dos-convertible-en-cuir-avec-bandouliere\\\/\",\"name\":\"Sac \u00e0 dos convertible en cuir avec bandouli\u00e8re | Ellebi\",\"isPartOf\":{\"@id\":\"https:\\\/\\\/ellebicalzature.it\\\/fr\\\/#website\"},\"primaryImageOfPage\":{\"@id\":\"https:\\\/\\\/ellebicalzature.it\\\/fr\\\/product\\\/sac-a-dos-convertible-en-cuir-avec-bandouliere\\\/#primaryimage\"},\"image\":{\"@id\":\"https:\\\/\\\/ellebicalzature.it\\\/fr\\\/product\\\/sac-a-dos-convertible-en-cuir-avec-bandouliere\\\/#primaryimage\"},\"thumbnailUrl\":\"https:\\\/\\\/ellebicalzature.it\\\/wp-content\\\/uploads\\\/2025\\\/09\\\/immagine_1766944907.webp\",\"datePublished\":\"2025-09-22T17:55:09+00:00\",\"dateModified\":\"2026-03-19T11:13:21+00:00\",\"description\":\"Sac \u00e0 dos en cuir transformable en sac \u00e0 bandouli\u00e8re avec bretelles r\u00e9glables, spacieux et polyvalent, id\u00e9al pour le travail, les voyages et les loisirs.\",\"breadcrumb\":{\"@id\":\"https:\\\/\\\/ellebicalzature.it\\\/fr\\\/product\\\/sac-a-dos-convertible-en-cuir-avec-bandouliere\\\/#breadcrumb\"},\"inLanguage\":\"fr-FR\",\"potentialAction\":[{\"@type\":\"ReadAction\",\"target\":[\"https:\\\/\\\/ellebicalzature.it\\\/fr\\\/product\\\/sac-a-dos-convertible-en-cuir-avec-bandouliere\\\/\"]}]},{\"@type\":\"ImageObject\",\"inLanguage\":\"fr-FR\",\"@id\":\"https:\\\/\\\/ellebicalzature.it\\\/fr\\\/product\\\/sac-a-dos-convertible-en-cuir-avec-bandouliere\\\/#primaryimage\",\"url\":\"https:\\\/\\\/ellebicalzature.it\\\/wp-content\\\/uploads\\\/2025\\\/09\\\/immagine_1766944907.webp\",\"contentUrl\":\"https:\\\/\\\/ellebicalzature.it\\\/wp-content\\\/uploads\\\/2025\\\/09\\\/immagine_1766944907.webp\",\"width\":2100,\"height\":2560},{\"@type\":\"BreadcrumbList\",\"@id\":\"https:\\\/\\\/ellebicalzature.it\\\/fr\\\/product\\\/sac-a-dos-convertible-en-cuir-avec-bandouliere\\\/#breadcrumb\",\"itemListElement\":[{\"@type\":\"ListItem\",\"position\":1,\"name\":\"Home\",\"item\":\"https:\\\/\\\/ellebicalzature.it\\\/fr\\\/\"},{\"@type\":\"ListItem\",\"position\":2,\"name\":\"Boutique\",\"item\":\"https:\\\/\\\/ellebicalzature.it\\\/fr\\\/boutique\\\/\"},{\"@type\":\"ListItem\",\"position\":3,\"name\":\"Sac \u00e0 dos convertible en cuir avec bandouli\u00e8re\"}]},{\"@type\":\"WebSite\",\"@id\":\"https:\\\/\\\/ellebicalzature.it\\\/fr\\\/#website\",\"url\":\"https:\\\/\\\/ellebicalzature.it\\\/fr\\\/\",\"name\":\"Elleb\u00ec\",\"description\":\"Calzature e accessori Gallipoli\",\"publisher\":{\"@id\":\"https:\\\/\\\/ellebicalzature.it\\\/fr\\\/#organization\"},\"alternateName\":\"Elleb\u00ec | Calzature Gallipoli\",\"potentialAction\":[{\"@type\":\"SearchAction\",\"target\":{\"@type\":\"EntryPoint\",\"urlTemplate\":\"https:\\\/\\\/ellebicalzature.it\\\/fr\\\/?s={search_term_string}\"},\"query-input\":{\"@type\":\"PropertyValueSpecification\",\"valueRequired\":true,\"valueName\":\"search_term_string\"}}],\"inLanguage\":\"fr-FR\"},{\"@type\":\"Organization\",\"@id\":\"https:\\\/\\\/ellebicalzature.it\\\/fr\\\/#organization\",\"name\":\"Ellebi\",\"url\":\"https:\\\/\\\/ellebicalzature.it\\\/fr\\\/\",\"logo\":{\"@type\":\"ImageObject\",\"inLanguage\":\"fr-FR\",\"@id\":\"https:\\\/\\\/ellebicalzature.it\\\/fr\\\/#\\\/schema\\\/logo\\\/image\\\/\",\"url\":\"https:\\\/\\\/ellebicalzature.it\\\/wp-content\\\/uploads\\\/2024\\\/04\\\/logo-ellebi.png\",\"contentUrl\":\"https:\\\/\\\/ellebicalzature.it\\\/wp-content\\\/uploads\\\/2024\\\/04\\\/logo-ellebi.png\",\"width\":221,\"height\":131,\"caption\":\"Ellebi\"},\"image\":{\"@id\":\"https:\\\/\\\/ellebicalzature.it\\\/fr\\\/#\\\/schema\\\/logo\\\/image\\\/\"},\"sameAs\":[\"https:\\\/\\\/www.facebook.com\\\/ellebisandaliartigianaligallipoli\\\/\",\"https:\\\/\\\/www.instagram.com\\\/ellebicalzature\\\/?hl=it\"]}]}<\/script>\n<!-- \/ Yoast SEO plugin. -->","yoast_head_json":{"title":"Sac \u00e0 dos convertible en cuir avec bandouli\u00e8re | Ellebi","description":"Sac \u00e0 dos en cuir transformable en sac \u00e0 bandouli\u00e8re avec bretelles r\u00e9glables, spacieux et polyvalent, id\u00e9al pour le travail, les voyages et les loisirs.","robots":{"index":"index","follow":"follow","max-snippet":"max-snippet:-1","max-image-preview":"max-image-preview:large","max-video-preview":"max-video-preview:-1"},"canonical":"https:\/\/ellebicalzature.it\/fr\/product\/sac-a-dos-convertible-en-cuir-avec-bandouliere\/","og_locale":"fr_FR","og_type":"article","og_title":"Sac \u00e0 dos convertible en cuir avec bandouli\u00e8re | Ellebi","og_description":"Sac \u00e0 dos en cuir transformable en sac \u00e0 bandouli\u00e8re avec bretelles r\u00e9glables, spacieux et polyvalent, id\u00e9al pour le travail, les voyages et les loisirs.","og_url":"https:\/\/ellebicalzature.it\/fr\/product\/sac-a-dos-convertible-en-cuir-avec-bandouliere\/","og_site_name":"Ellebi","article_publisher":"https:\/\/www.facebook.com\/ellebisandaliartigianaligallipoli\/","article_modified_time":"2026-03-19T11:13:21+00:00","og_image":[{"width":2100,"height":2560,"url":"https:\/\/ellebicalzature.it\/wp-content\/uploads\/2025\/09\/immagine_1766944907.webp","type":"image\/webp"}],"twitter_card":"summary_large_image","schema":{"@context":"https:\/\/schema.org","@graph":[{"@type":"WebPage","@id":"https:\/\/ellebicalzature.it\/fr\/product\/sac-a-dos-convertible-en-cuir-avec-bandouliere\/","url":"https:\/\/ellebicalzature.it\/fr\/product\/sac-a-dos-convertible-en-cuir-avec-bandouliere\/","name":"Sac \u00e0 dos convertible en cuir avec bandouli\u00e8re | Ellebi","isPartOf":{"@id":"https:\/\/ellebicalzature.it\/fr\/#website"},"primaryImageOfPage":{"@id":"https:\/\/ellebicalzature.it\/fr\/product\/sac-a-dos-convertible-en-cuir-avec-bandouliere\/#primaryimage"},"image":{"@id":"https:\/\/ellebicalzature.it\/fr\/product\/sac-a-dos-convertible-en-cuir-avec-bandouliere\/#primaryimage"},"thumbnailUrl":"https:\/\/ellebicalzature.it\/wp-content\/uploads\/2025\/09\/immagine_1766944907.webp","datePublished":"2025-09-22T17:55:09+00:00","dateModified":"2026-03-19T11:13:21+00:00","description":"Sac \u00e0 dos en cuir transformable en sac \u00e0 bandouli\u00e8re avec bretelles r\u00e9glables, spacieux et polyvalent, id\u00e9al pour le travail, les voyages et les loisirs.","breadcrumb":{"@id":"https:\/\/ellebicalzature.it\/fr\/product\/sac-a-dos-convertible-en-cuir-avec-bandouliere\/#breadcrumb"},"inLanguage":"fr-FR","potentialAction":[{"@type":"ReadAction","target":["https:\/\/ellebicalzature.it\/fr\/product\/sac-a-dos-convertible-en-cuir-avec-bandouliere\/"]}]},{"@type":"ImageObject","inLanguage":"fr-FR","@id":"https:\/\/ellebicalzature.it\/fr\/product\/sac-a-dos-convertible-en-cuir-avec-bandouliere\/#primaryimage","url":"https:\/\/ellebicalzature.it\/wp-content\/uploads\/2025\/09\/immagine_1766944907.webp","contentUrl":"https:\/\/ellebicalzature.it\/wp-content\/uploads\/2025\/09\/immagine_1766944907.webp","width":2100,"height":2560},{"@type":"BreadcrumbList","@id":"https:\/\/ellebicalzature.it\/fr\/product\/sac-a-dos-convertible-en-cuir-avec-bandouliere\/#breadcrumb","itemListElement":[{"@type":"ListItem","position":1,"name":"Home","item":"https:\/\/ellebicalzature.it\/fr\/"},{"@type":"ListItem","position":2,"name":"Boutique","item":"https:\/\/ellebicalzature.it\/fr\/boutique\/"},{"@type":"ListItem","position":3,"name":"Sac \u00e0 dos convertible en cuir avec bandouli\u00e8re"}]},{"@type":"WebSite","@id":"https:\/\/ellebicalzature.it\/fr\/#website","url":"https:\/\/ellebicalzature.it\/fr\/","name":"Elleb\u00ec","description":"Calzature e accessori Gallipoli","publisher":{"@id":"https:\/\/ellebicalzature.it\/fr\/#organization"},"alternateName":"Elleb\u00ec | Calzature Gallipoli","potentialAction":[{"@type":"SearchAction","target":{"@type":"EntryPoint","urlTemplate":"https:\/\/ellebicalzature.it\/fr\/?s={search_term_string}"},"query-input":{"@type":"PropertyValueSpecification","valueRequired":true,"valueName":"search_term_string"}}],"inLanguage":"fr-FR"},{"@type":"Organization","@id":"https:\/\/ellebicalzature.it\/fr\/#organization","name":"Ellebi","url":"https:\/\/ellebicalzature.it\/fr\/","logo":{"@type":"ImageObject","inLanguage":"fr-FR","@id":"https:\/\/ellebicalzature.it\/fr\/#\/schema\/logo\/image\/","url":"https:\/\/ellebicalzature.it\/wp-content\/uploads\/2024\/04\/logo-ellebi.png","contentUrl":"https:\/\/ellebicalzature.it\/wp-content\/uploads\/2024\/04\/logo-ellebi.png","width":221,"height":131,"caption":"Ellebi"},"image":{"@id":"https:\/\/ellebicalzature.it\/fr\/#\/schema\/logo\/image\/"},"sameAs":["https:\/\/www.facebook.com\/ellebisandaliartigianaligallipoli\/","https:\/\/www.instagram.com\/ellebicalzature\/?hl=it"]}]}},"_links":{"self":[{"href":"https:\/\/ellebicalzature.it\/fr\/wp-json\/wp\/v2\/product\/41908","targetHints":{"allow":["GET"]}}],"collection":[{"href":"https:\/\/ellebicalzature.it\/fr\/wp-json\/wp\/v2\/product"}],"about":[{"href":"https:\/\/ellebicalzature.it\/fr\/wp-json\/wp\/v2\/types\/product"}],"replies":[{"embeddable":true,"href":"https:\/\/ellebicalzature.it\/fr\/wp-json\/wp\/v2\/comments?post=41908"}],"version-history":[{"count":1,"href":"https:\/\/ellebicalzature.it\/fr\/wp-json\/wp\/v2\/product\/41908\/revisions"}],"predecessor-version":[{"id":41937,"href":"https:\/\/ellebicalzature.it\/fr\/wp-json\/wp\/v2\/product\/41908\/revisions\/41937"}],"wp:featuredmedia":[{"embeddable":true,"href":"https:\/\/ellebicalzature.it\/fr\/wp-json\/wp\/v2\/media\/69812"}],"wp:attachment":[{"href":"https:\/\/ellebicalzature.it\/fr\/wp-json\/wp\/v2\/media?parent=41908"}],"wp:term":[{"taxonomy":"product_brand","embeddable":true,"href":"https:\/\/ellebicalzature.it\/fr\/wp-json\/wp\/v2\/product_brand?post=41908"},{"taxonomy":"product_cat","embeddable":true,"href":"https:\/\/ellebicalzature.it\/fr\/wp-json\/wp\/v2\/product_cat?post=41908"},{"taxonomy":"product_tag","embeddable":true,"href":"https:\/\/ellebicalzature.it\/fr\/wp-json\/wp\/v2\/product_tag?post=41908"}],"curies":[{"name":"wp","href":"https:\/\/api.w.org\/{rel}","templated":true}]}}