{"id":42003,"date":"2025-09-22T17:29:17","date_gmt":"2025-09-22T16:29:17","guid":{"rendered":"https:\/\/ellebicalzature.it\/product\/sac-sac-a-dos-en-cuir-tresse\/"},"modified":"2026-03-19T12:14:55","modified_gmt":"2026-03-19T11:14:55","slug":"sac-sac-a-dos-en-cuir-tresse","status":"publish","type":"product","link":"https:\/\/ellebicalzature.it\/fr\/product\/sac-sac-a-dos-en-cuir-tresse\/","title":{"rendered":"Sac\/sac \u00e0 dos en cuir tress\u00e9"},"content":{"rendered":"<p>R\u00e9alis\u00e9 en v\u00e9ritable cuir tress\u00e9, ce sac\/sac \u00e0 dos allie \u00e9l\u00e9gance artisanale et praticit\u00e9 quotidienne. Gr\u00e2ce \u00e0 son design polyvalent, il peut \u00eatre port\u00e9 aussi bien comme sac \u00e0 dos que comme sac \u00e0 bandouli\u00e8re. Spacieux et fonctionnel, il est \u00e9quip\u00e9 de poches zipp\u00e9es pratiques, id\u00e9al pour vous accompagner avec style en toute occasion.  <\/p>\n","protected":false},"excerpt":{"rendered":"<p>D\u00e9couvrez le sac\/sac \u00e0 dos en v\u00e9ritable cuir qui allie \u00e9l\u00e9gance artisanale et praticit\u00e9 maximale. Le devant en cuir tress\u00e9, riche en d\u00e9tails et en charme, s&rsquo;harmonise parfaitement avec le dos en cuir lisse, cr\u00e9ant un contraste raffin\u00e9 et intemporel. Gr\u00e2ce aux bretelles lat\u00e9rales r\u00e9glables, il se transforme en quelques gestes d&rsquo;un sac \u00e0 bandouli\u00e8re en sac \u00e0 dos confortable, vous accompagnant avec style en toute occasion.  <\/p>\n<p>Spacieux, polyvalent et soign\u00e9 dans les d\u00e9tails, c&rsquo;est l&rsquo;accessoire id\u00e9al pour ceux qui souhaitent se distinguer avec un look recherch\u00e9 sans renoncer au confort quotidien.<\/p>\n","protected":false},"featured_media":69823,"comment_status":"open","ping_status":"closed","template":"","meta":{"_monsterinsights_skip_tracking":false,"_monsterinsights_sitenote_active":false,"_monsterinsights_sitenote_note":"","_monsterinsights_sitenote_category":0},"product_brand":[],"product_cat":[1244,1223,1237],"product_tag":[1601,1543],"class_list":{"0":"post-42003","1":"product","2":"type-product","3":"status-publish","4":"has-post-thumbnail","6":"product_cat-sacs-a-dos-artisanaux","7":"product_cat-sacs-en-cuir-tresse","8":"product_cat-sacs-et-sacs-a-dos-artisanaux","9":"product_tag-sac-a-dos-en-cuir-artisanal","10":"product_tag-sac-en-cuir-artisanal","11":"pa_colore-beige","12":"pa_colore-cuir","13":"pa_colore-noir","14":"pa_colore-vert","16":"first","17":"instock","18":"taxable","19":"shipping-taxable","20":"purchasable","21":"product-type-variable"},"yoast_head":"<!-- This site is optimized with the Yoast SEO plugin v27.3 - https:\/\/yoast.com\/product\/yoast-seo-wordpress\/ -->\n<title>Sac\/sac \u00e0 dos en cuir tress\u00e9 | Ellebi<\/title>\n<meta name=\"description\" content=\"Sac\/sac \u00e0 dos en cuir tress\u00e9 avec devant travaill\u00e9 et dos lisse. Polyvalent et spacieux, il se porte \u00e0 l&#039;\u00e9paule ou comme sac \u00e0 dos avec bretelles r\u00e9glables.\" \/>\n<meta name=\"robots\" content=\"index, follow, max-snippet:-1, max-image-preview:large, max-video-preview:-1\" \/>\n<link rel=\"canonical\" href=\"https:\/\/ellebicalzature.it\/fr\/product\/sac-sac-a-dos-en-cuir-tresse\/\" \/>\n<meta property=\"og:locale\" content=\"fr_FR\" \/>\n<meta property=\"og:type\" content=\"article\" \/>\n<meta property=\"og:title\" content=\"Sac\/sac \u00e0 dos en cuir tress\u00e9 | Ellebi\" \/>\n<meta property=\"og:description\" content=\"Sac\/sac \u00e0 dos en cuir tress\u00e9 avec devant travaill\u00e9 et dos lisse. Polyvalent et spacieux, il se porte \u00e0 l&#039;\u00e9paule ou comme sac \u00e0 dos avec bretelles r\u00e9glables.\" \/>\n<meta property=\"og:url\" content=\"https:\/\/ellebicalzature.it\/fr\/product\/sac-sac-a-dos-en-cuir-tresse\/\" \/>\n<meta property=\"og:site_name\" content=\"Ellebi\" \/>\n<meta property=\"article:publisher\" content=\"https:\/\/www.facebook.com\/ellebisandaliartigianaligallipoli\/\" \/>\n<meta property=\"article:modified_time\" content=\"2026-03-19T11:14:55+00:00\" \/>\n<meta property=\"og:image\" content=\"https:\/\/ellebicalzature.it\/wp-content\/uploads\/2025\/09\/immagine_1766945532-1.webp\" \/>\n\t<meta property=\"og:image:width\" content=\"2181\" \/>\n\t<meta property=\"og:image:height\" content=\"2560\" \/>\n\t<meta property=\"og:image:type\" content=\"image\/webp\" \/>\n<meta name=\"twitter:card\" content=\"summary_large_image\" \/>\n<script type=\"application\/ld+json\" class=\"yoast-schema-graph\">{\"@context\":\"https:\\\/\\\/schema.org\",\"@graph\":[{\"@type\":\"WebPage\",\"@id\":\"https:\\\/\\\/ellebicalzature.it\\\/fr\\\/product\\\/sac-sac-a-dos-en-cuir-tresse\\\/\",\"url\":\"https:\\\/\\\/ellebicalzature.it\\\/fr\\\/product\\\/sac-sac-a-dos-en-cuir-tresse\\\/\",\"name\":\"Sac\\\/sac \u00e0 dos en cuir tress\u00e9 | Ellebi\",\"isPartOf\":{\"@id\":\"https:\\\/\\\/ellebicalzature.it\\\/fr\\\/#website\"},\"primaryImageOfPage\":{\"@id\":\"https:\\\/\\\/ellebicalzature.it\\\/fr\\\/product\\\/sac-sac-a-dos-en-cuir-tresse\\\/#primaryimage\"},\"image\":{\"@id\":\"https:\\\/\\\/ellebicalzature.it\\\/fr\\\/product\\\/sac-sac-a-dos-en-cuir-tresse\\\/#primaryimage\"},\"thumbnailUrl\":\"https:\\\/\\\/ellebicalzature.it\\\/wp-content\\\/uploads\\\/2025\\\/09\\\/immagine_1766945532-1.webp\",\"datePublished\":\"2025-09-22T16:29:17+00:00\",\"dateModified\":\"2026-03-19T11:14:55+00:00\",\"description\":\"Sac\\\/sac \u00e0 dos en cuir tress\u00e9 avec devant travaill\u00e9 et dos lisse. Polyvalent et spacieux, il se porte \u00e0 l'\u00e9paule ou comme sac \u00e0 dos avec bretelles r\u00e9glables.\",\"breadcrumb\":{\"@id\":\"https:\\\/\\\/ellebicalzature.it\\\/fr\\\/product\\\/sac-sac-a-dos-en-cuir-tresse\\\/#breadcrumb\"},\"inLanguage\":\"fr-FR\",\"potentialAction\":[{\"@type\":\"ReadAction\",\"target\":[\"https:\\\/\\\/ellebicalzature.it\\\/fr\\\/product\\\/sac-sac-a-dos-en-cuir-tresse\\\/\"]}]},{\"@type\":\"ImageObject\",\"inLanguage\":\"fr-FR\",\"@id\":\"https:\\\/\\\/ellebicalzature.it\\\/fr\\\/product\\\/sac-sac-a-dos-en-cuir-tresse\\\/#primaryimage\",\"url\":\"https:\\\/\\\/ellebicalzature.it\\\/wp-content\\\/uploads\\\/2025\\\/09\\\/immagine_1766945532-1.webp\",\"contentUrl\":\"https:\\\/\\\/ellebicalzature.it\\\/wp-content\\\/uploads\\\/2025\\\/09\\\/immagine_1766945532-1.webp\",\"width\":2181,\"height\":2560},{\"@type\":\"BreadcrumbList\",\"@id\":\"https:\\\/\\\/ellebicalzature.it\\\/fr\\\/product\\\/sac-sac-a-dos-en-cuir-tresse\\\/#breadcrumb\",\"itemListElement\":[{\"@type\":\"ListItem\",\"position\":1,\"name\":\"Home\",\"item\":\"https:\\\/\\\/ellebicalzature.it\\\/fr\\\/\"},{\"@type\":\"ListItem\",\"position\":2,\"name\":\"Boutique\",\"item\":\"https:\\\/\\\/ellebicalzature.it\\\/fr\\\/boutique\\\/\"},{\"@type\":\"ListItem\",\"position\":3,\"name\":\"Sac\\\/sac \u00e0 dos en cuir tress\u00e9\"}]},{\"@type\":\"WebSite\",\"@id\":\"https:\\\/\\\/ellebicalzature.it\\\/fr\\\/#website\",\"url\":\"https:\\\/\\\/ellebicalzature.it\\\/fr\\\/\",\"name\":\"Elleb\u00ec\",\"description\":\"Calzature e accessori Gallipoli\",\"publisher\":{\"@id\":\"https:\\\/\\\/ellebicalzature.it\\\/fr\\\/#organization\"},\"alternateName\":\"Elleb\u00ec | Calzature Gallipoli\",\"potentialAction\":[{\"@type\":\"SearchAction\",\"target\":{\"@type\":\"EntryPoint\",\"urlTemplate\":\"https:\\\/\\\/ellebicalzature.it\\\/fr\\\/?s={search_term_string}\"},\"query-input\":{\"@type\":\"PropertyValueSpecification\",\"valueRequired\":true,\"valueName\":\"search_term_string\"}}],\"inLanguage\":\"fr-FR\"},{\"@type\":\"Organization\",\"@id\":\"https:\\\/\\\/ellebicalzature.it\\\/fr\\\/#organization\",\"name\":\"Ellebi\",\"url\":\"https:\\\/\\\/ellebicalzature.it\\\/fr\\\/\",\"logo\":{\"@type\":\"ImageObject\",\"inLanguage\":\"fr-FR\",\"@id\":\"https:\\\/\\\/ellebicalzature.it\\\/fr\\\/#\\\/schema\\\/logo\\\/image\\\/\",\"url\":\"https:\\\/\\\/ellebicalzature.it\\\/wp-content\\\/uploads\\\/2024\\\/04\\\/logo-ellebi.png\",\"contentUrl\":\"https:\\\/\\\/ellebicalzature.it\\\/wp-content\\\/uploads\\\/2024\\\/04\\\/logo-ellebi.png\",\"width\":221,\"height\":131,\"caption\":\"Ellebi\"},\"image\":{\"@id\":\"https:\\\/\\\/ellebicalzature.it\\\/fr\\\/#\\\/schema\\\/logo\\\/image\\\/\"},\"sameAs\":[\"https:\\\/\\\/www.facebook.com\\\/ellebisandaliartigianaligallipoli\\\/\",\"https:\\\/\\\/www.instagram.com\\\/ellebicalzature\\\/?hl=it\"]}]}<\/script>\n<!-- \/ Yoast SEO plugin. -->","yoast_head_json":{"title":"Sac\/sac \u00e0 dos en cuir tress\u00e9 | Ellebi","description":"Sac\/sac \u00e0 dos en cuir tress\u00e9 avec devant travaill\u00e9 et dos lisse. Polyvalent et spacieux, il se porte \u00e0 l'\u00e9paule ou comme sac \u00e0 dos avec bretelles r\u00e9glables.","robots":{"index":"index","follow":"follow","max-snippet":"max-snippet:-1","max-image-preview":"max-image-preview:large","max-video-preview":"max-video-preview:-1"},"canonical":"https:\/\/ellebicalzature.it\/fr\/product\/sac-sac-a-dos-en-cuir-tresse\/","og_locale":"fr_FR","og_type":"article","og_title":"Sac\/sac \u00e0 dos en cuir tress\u00e9 | Ellebi","og_description":"Sac\/sac \u00e0 dos en cuir tress\u00e9 avec devant travaill\u00e9 et dos lisse. Polyvalent et spacieux, il se porte \u00e0 l'\u00e9paule ou comme sac \u00e0 dos avec bretelles r\u00e9glables.","og_url":"https:\/\/ellebicalzature.it\/fr\/product\/sac-sac-a-dos-en-cuir-tresse\/","og_site_name":"Ellebi","article_publisher":"https:\/\/www.facebook.com\/ellebisandaliartigianaligallipoli\/","article_modified_time":"2026-03-19T11:14:55+00:00","og_image":[{"width":2181,"height":2560,"url":"https:\/\/ellebicalzature.it\/wp-content\/uploads\/2025\/09\/immagine_1766945532-1.webp","type":"image\/webp"}],"twitter_card":"summary_large_image","schema":{"@context":"https:\/\/schema.org","@graph":[{"@type":"WebPage","@id":"https:\/\/ellebicalzature.it\/fr\/product\/sac-sac-a-dos-en-cuir-tresse\/","url":"https:\/\/ellebicalzature.it\/fr\/product\/sac-sac-a-dos-en-cuir-tresse\/","name":"Sac\/sac \u00e0 dos en cuir tress\u00e9 | Ellebi","isPartOf":{"@id":"https:\/\/ellebicalzature.it\/fr\/#website"},"primaryImageOfPage":{"@id":"https:\/\/ellebicalzature.it\/fr\/product\/sac-sac-a-dos-en-cuir-tresse\/#primaryimage"},"image":{"@id":"https:\/\/ellebicalzature.it\/fr\/product\/sac-sac-a-dos-en-cuir-tresse\/#primaryimage"},"thumbnailUrl":"https:\/\/ellebicalzature.it\/wp-content\/uploads\/2025\/09\/immagine_1766945532-1.webp","datePublished":"2025-09-22T16:29:17+00:00","dateModified":"2026-03-19T11:14:55+00:00","description":"Sac\/sac \u00e0 dos en cuir tress\u00e9 avec devant travaill\u00e9 et dos lisse. Polyvalent et spacieux, il se porte \u00e0 l'\u00e9paule ou comme sac \u00e0 dos avec bretelles r\u00e9glables.","breadcrumb":{"@id":"https:\/\/ellebicalzature.it\/fr\/product\/sac-sac-a-dos-en-cuir-tresse\/#breadcrumb"},"inLanguage":"fr-FR","potentialAction":[{"@type":"ReadAction","target":["https:\/\/ellebicalzature.it\/fr\/product\/sac-sac-a-dos-en-cuir-tresse\/"]}]},{"@type":"ImageObject","inLanguage":"fr-FR","@id":"https:\/\/ellebicalzature.it\/fr\/product\/sac-sac-a-dos-en-cuir-tresse\/#primaryimage","url":"https:\/\/ellebicalzature.it\/wp-content\/uploads\/2025\/09\/immagine_1766945532-1.webp","contentUrl":"https:\/\/ellebicalzature.it\/wp-content\/uploads\/2025\/09\/immagine_1766945532-1.webp","width":2181,"height":2560},{"@type":"BreadcrumbList","@id":"https:\/\/ellebicalzature.it\/fr\/product\/sac-sac-a-dos-en-cuir-tresse\/#breadcrumb","itemListElement":[{"@type":"ListItem","position":1,"name":"Home","item":"https:\/\/ellebicalzature.it\/fr\/"},{"@type":"ListItem","position":2,"name":"Boutique","item":"https:\/\/ellebicalzature.it\/fr\/boutique\/"},{"@type":"ListItem","position":3,"name":"Sac\/sac \u00e0 dos en cuir tress\u00e9"}]},{"@type":"WebSite","@id":"https:\/\/ellebicalzature.it\/fr\/#website","url":"https:\/\/ellebicalzature.it\/fr\/","name":"Elleb\u00ec","description":"Calzature e accessori Gallipoli","publisher":{"@id":"https:\/\/ellebicalzature.it\/fr\/#organization"},"alternateName":"Elleb\u00ec | Calzature Gallipoli","potentialAction":[{"@type":"SearchAction","target":{"@type":"EntryPoint","urlTemplate":"https:\/\/ellebicalzature.it\/fr\/?s={search_term_string}"},"query-input":{"@type":"PropertyValueSpecification","valueRequired":true,"valueName":"search_term_string"}}],"inLanguage":"fr-FR"},{"@type":"Organization","@id":"https:\/\/ellebicalzature.it\/fr\/#organization","name":"Ellebi","url":"https:\/\/ellebicalzature.it\/fr\/","logo":{"@type":"ImageObject","inLanguage":"fr-FR","@id":"https:\/\/ellebicalzature.it\/fr\/#\/schema\/logo\/image\/","url":"https:\/\/ellebicalzature.it\/wp-content\/uploads\/2024\/04\/logo-ellebi.png","contentUrl":"https:\/\/ellebicalzature.it\/wp-content\/uploads\/2024\/04\/logo-ellebi.png","width":221,"height":131,"caption":"Ellebi"},"image":{"@id":"https:\/\/ellebicalzature.it\/fr\/#\/schema\/logo\/image\/"},"sameAs":["https:\/\/www.facebook.com\/ellebisandaliartigianaligallipoli\/","https:\/\/www.instagram.com\/ellebicalzature\/?hl=it"]}]}},"_links":{"self":[{"href":"https:\/\/ellebicalzature.it\/fr\/wp-json\/wp\/v2\/product\/42003","targetHints":{"allow":["GET"]}}],"collection":[{"href":"https:\/\/ellebicalzature.it\/fr\/wp-json\/wp\/v2\/product"}],"about":[{"href":"https:\/\/ellebicalzature.it\/fr\/wp-json\/wp\/v2\/types\/product"}],"replies":[{"embeddable":true,"href":"https:\/\/ellebicalzature.it\/fr\/wp-json\/wp\/v2\/comments?post=42003"}],"version-history":[{"count":1,"href":"https:\/\/ellebicalzature.it\/fr\/wp-json\/wp\/v2\/product\/42003\/revisions"}],"predecessor-version":[{"id":72992,"href":"https:\/\/ellebicalzature.it\/fr\/wp-json\/wp\/v2\/product\/42003\/revisions\/72992"}],"wp:featuredmedia":[{"embeddable":true,"href":"https:\/\/ellebicalzature.it\/fr\/wp-json\/wp\/v2\/media\/69823"}],"wp:attachment":[{"href":"https:\/\/ellebicalzature.it\/fr\/wp-json\/wp\/v2\/media?parent=42003"}],"wp:term":[{"taxonomy":"product_brand","embeddable":true,"href":"https:\/\/ellebicalzature.it\/fr\/wp-json\/wp\/v2\/product_brand?post=42003"},{"taxonomy":"product_cat","embeddable":true,"href":"https:\/\/ellebicalzature.it\/fr\/wp-json\/wp\/v2\/product_cat?post=42003"},{"taxonomy":"product_tag","embeddable":true,"href":"https:\/\/ellebicalzature.it\/fr\/wp-json\/wp\/v2\/product_tag?post=42003"}],"curies":[{"name":"wp","href":"https:\/\/api.w.org\/{rel}","templated":true}]}}