{"id":42154,"date":"2025-09-18T17:16:51","date_gmt":"2025-09-18T16:16:51","guid":{"rendered":"https:\/\/ellebicalzature.it\/product\/pochette-artisanale-tressee\/"},"modified":"2026-03-19T12:18:41","modified_gmt":"2026-03-19T11:18:41","slug":"pochette-artisanale-tressee","status":"publish","type":"product","link":"https:\/\/ellebicalzature.it\/fr\/product\/pochette-artisanale-tressee\/","title":{"rendered":"Pochette artisanale tress\u00e9e"},"content":{"rendered":"<p>Pochette en cuir tress\u00e9, r\u00e9alis\u00e9e artisanalement et finie avec soin dans les d\u00e9tails. Raffin\u00e9e et polyvalente, id\u00e9ale \u00e0 porter \u00e0 la main ou \u00e0 utiliser en bandouli\u00e8re. <\/p>\n","protected":false},"excerpt":{"rendered":"<p>Pochette artisanale en cuir souple qui allie savoir-faire artisanal et design intemporel. La partie avant est caract\u00e9ris\u00e9e par un raffin\u00e9 travail tress\u00e9, qui apporte texture et personnalit\u00e9, tandis que le dos en cuir lisse offre une touche d&rsquo;\u00e9l\u00e9gance sobre. <\/p>\n<p>L&rsquo;int\u00e9rieur est enti\u00e8rement doubl\u00e9, con\u00e7u pour prot\u00e9ger au mieux vos effets personnels, et la fermeture pratique \u00e0 glissi\u00e8re garantit s\u00e9curit\u00e9 et fonctionnalit\u00e9. \u00c0 l&rsquo;arri\u00e8re, une poche zipp\u00e9e suppl\u00e9mentaire est pr\u00e9sente, parfaite pour garder \u00e0 port\u00e9e de main les accessoires les plus utilis\u00e9s. <\/p>\n<p>Dot\u00e9e d&rsquo;une bandouli\u00e8re r\u00e9glable, cette pochette peut \u00eatre utilis\u00e9e \u00e0 la main, \u00e0 l&rsquo;\u00e9paule ou en bandouli\u00e8re, se transformant en un accessoire polyvalent adapt\u00e9 aussi bien pour le jour que pour le soir.<\/p>\n","protected":false},"featured_media":69850,"comment_status":"open","ping_status":"closed","template":"","meta":{"_monsterinsights_skip_tracking":false,"_monsterinsights_sitenote_active":false,"_monsterinsights_sitenote_note":"","_monsterinsights_sitenote_category":0},"product_brand":[],"product_cat":[1225,1237],"product_tag":[1607],"class_list":{"0":"post-42154","1":"product","2":"type-product","3":"status-publish","4":"has-post-thumbnail","6":"product_cat-bananes-et-pochettes-artisanales","7":"product_cat-sacs-et-sacs-a-dos-artisanaux","8":"product_tag-pochette-artisanale","9":"pa_colore-bordeaux","10":"pa_colore-cuir","11":"pa_colore-noir","12":"pa_colore-tete-de-maure","13":"pa_colore-tourterelle","14":"pa_colore-vert","16":"first","17":"instock","18":"taxable","19":"shipping-taxable","20":"purchasable","21":"product-type-variable"},"yoast_head":"<!-- This site is optimized with the Yoast SEO plugin v27.3 - https:\/\/yoast.com\/product\/yoast-seo-wordpress\/ -->\n<title>Pochette artisanale tress\u00e9e | Ellebi<\/title>\n<meta name=\"description\" content=\"Pochette en cuir avec devant tress\u00e9 et dos lisse, doubl\u00e9e et avec bandouli\u00e8re r\u00e9glable. Fabriqu\u00e9e \u00e0 la main par des artisans du Salento.\" \/>\n<meta name=\"robots\" content=\"index, follow, max-snippet:-1, max-image-preview:large, max-video-preview:-1\" \/>\n<link rel=\"canonical\" href=\"https:\/\/ellebicalzature.it\/fr\/product\/pochette-artisanale-tressee\/\" \/>\n<meta property=\"og:locale\" content=\"fr_FR\" \/>\n<meta property=\"og:type\" content=\"article\" \/>\n<meta property=\"og:title\" content=\"Pochette artisanale tress\u00e9e | Ellebi\" \/>\n<meta property=\"og:description\" content=\"Pochette en cuir avec devant tress\u00e9 et dos lisse, doubl\u00e9e et avec bandouli\u00e8re r\u00e9glable. Fabriqu\u00e9e \u00e0 la main par des artisans du Salento.\" \/>\n<meta property=\"og:url\" content=\"https:\/\/ellebicalzature.it\/fr\/product\/pochette-artisanale-tressee\/\" \/>\n<meta property=\"og:site_name\" content=\"Ellebi\" \/>\n<meta property=\"article:publisher\" content=\"https:\/\/www.facebook.com\/ellebisandaliartigianaligallipoli\/\" \/>\n<meta property=\"article:modified_time\" content=\"2026-03-19T11:18:41+00:00\" \/>\n<meta property=\"og:image\" content=\"https:\/\/ellebicalzature.it\/wp-content\/uploads\/2025\/09\/immagine_1767000168-1.webp\" \/>\n\t<meta property=\"og:image:width\" content=\"2404\" \/>\n\t<meta property=\"og:image:height\" content=\"2560\" \/>\n\t<meta property=\"og:image:type\" content=\"image\/webp\" \/>\n<meta name=\"twitter:card\" content=\"summary_large_image\" \/>\n<script type=\"application\/ld+json\" class=\"yoast-schema-graph\">{\"@context\":\"https:\\\/\\\/schema.org\",\"@graph\":[{\"@type\":\"WebPage\",\"@id\":\"https:\\\/\\\/ellebicalzature.it\\\/fr\\\/product\\\/pochette-artisanale-tressee\\\/\",\"url\":\"https:\\\/\\\/ellebicalzature.it\\\/fr\\\/product\\\/pochette-artisanale-tressee\\\/\",\"name\":\"Pochette artisanale tress\u00e9e | Ellebi\",\"isPartOf\":{\"@id\":\"https:\\\/\\\/ellebicalzature.it\\\/fr\\\/#website\"},\"primaryImageOfPage\":{\"@id\":\"https:\\\/\\\/ellebicalzature.it\\\/fr\\\/product\\\/pochette-artisanale-tressee\\\/#primaryimage\"},\"image\":{\"@id\":\"https:\\\/\\\/ellebicalzature.it\\\/fr\\\/product\\\/pochette-artisanale-tressee\\\/#primaryimage\"},\"thumbnailUrl\":\"https:\\\/\\\/ellebicalzature.it\\\/wp-content\\\/uploads\\\/2025\\\/09\\\/immagine_1767000168-1.webp\",\"datePublished\":\"2025-09-18T16:16:51+00:00\",\"dateModified\":\"2026-03-19T11:18:41+00:00\",\"description\":\"Pochette en cuir avec devant tress\u00e9 et dos lisse, doubl\u00e9e et avec bandouli\u00e8re r\u00e9glable. Fabriqu\u00e9e \u00e0 la main par des artisans du Salento.\",\"breadcrumb\":{\"@id\":\"https:\\\/\\\/ellebicalzature.it\\\/fr\\\/product\\\/pochette-artisanale-tressee\\\/#breadcrumb\"},\"inLanguage\":\"fr-FR\",\"potentialAction\":[{\"@type\":\"ReadAction\",\"target\":[\"https:\\\/\\\/ellebicalzature.it\\\/fr\\\/product\\\/pochette-artisanale-tressee\\\/\"]}]},{\"@type\":\"ImageObject\",\"inLanguage\":\"fr-FR\",\"@id\":\"https:\\\/\\\/ellebicalzature.it\\\/fr\\\/product\\\/pochette-artisanale-tressee\\\/#primaryimage\",\"url\":\"https:\\\/\\\/ellebicalzature.it\\\/wp-content\\\/uploads\\\/2025\\\/09\\\/immagine_1767000168-1.webp\",\"contentUrl\":\"https:\\\/\\\/ellebicalzature.it\\\/wp-content\\\/uploads\\\/2025\\\/09\\\/immagine_1767000168-1.webp\",\"width\":2404,\"height\":2560},{\"@type\":\"BreadcrumbList\",\"@id\":\"https:\\\/\\\/ellebicalzature.it\\\/fr\\\/product\\\/pochette-artisanale-tressee\\\/#breadcrumb\",\"itemListElement\":[{\"@type\":\"ListItem\",\"position\":1,\"name\":\"Home\",\"item\":\"https:\\\/\\\/ellebicalzature.it\\\/fr\\\/\"},{\"@type\":\"ListItem\",\"position\":2,\"name\":\"Boutique\",\"item\":\"https:\\\/\\\/ellebicalzature.it\\\/fr\\\/boutique\\\/\"},{\"@type\":\"ListItem\",\"position\":3,\"name\":\"Pochette artisanale tress\u00e9e\"}]},{\"@type\":\"WebSite\",\"@id\":\"https:\\\/\\\/ellebicalzature.it\\\/fr\\\/#website\",\"url\":\"https:\\\/\\\/ellebicalzature.it\\\/fr\\\/\",\"name\":\"Elleb\u00ec\",\"description\":\"Calzature e accessori Gallipoli\",\"publisher\":{\"@id\":\"https:\\\/\\\/ellebicalzature.it\\\/fr\\\/#organization\"},\"alternateName\":\"Elleb\u00ec | Calzature Gallipoli\",\"potentialAction\":[{\"@type\":\"SearchAction\",\"target\":{\"@type\":\"EntryPoint\",\"urlTemplate\":\"https:\\\/\\\/ellebicalzature.it\\\/fr\\\/?s={search_term_string}\"},\"query-input\":{\"@type\":\"PropertyValueSpecification\",\"valueRequired\":true,\"valueName\":\"search_term_string\"}}],\"inLanguage\":\"fr-FR\"},{\"@type\":\"Organization\",\"@id\":\"https:\\\/\\\/ellebicalzature.it\\\/fr\\\/#organization\",\"name\":\"Ellebi\",\"url\":\"https:\\\/\\\/ellebicalzature.it\\\/fr\\\/\",\"logo\":{\"@type\":\"ImageObject\",\"inLanguage\":\"fr-FR\",\"@id\":\"https:\\\/\\\/ellebicalzature.it\\\/fr\\\/#\\\/schema\\\/logo\\\/image\\\/\",\"url\":\"https:\\\/\\\/ellebicalzature.it\\\/wp-content\\\/uploads\\\/2024\\\/04\\\/logo-ellebi.png\",\"contentUrl\":\"https:\\\/\\\/ellebicalzature.it\\\/wp-content\\\/uploads\\\/2024\\\/04\\\/logo-ellebi.png\",\"width\":221,\"height\":131,\"caption\":\"Ellebi\"},\"image\":{\"@id\":\"https:\\\/\\\/ellebicalzature.it\\\/fr\\\/#\\\/schema\\\/logo\\\/image\\\/\"},\"sameAs\":[\"https:\\\/\\\/www.facebook.com\\\/ellebisandaliartigianaligallipoli\\\/\",\"https:\\\/\\\/www.instagram.com\\\/ellebicalzature\\\/?hl=it\"]}]}<\/script>\n<!-- \/ Yoast SEO plugin. -->","yoast_head_json":{"title":"Pochette artisanale tress\u00e9e | Ellebi","description":"Pochette en cuir avec devant tress\u00e9 et dos lisse, doubl\u00e9e et avec bandouli\u00e8re r\u00e9glable. Fabriqu\u00e9e \u00e0 la main par des artisans du Salento.","robots":{"index":"index","follow":"follow","max-snippet":"max-snippet:-1","max-image-preview":"max-image-preview:large","max-video-preview":"max-video-preview:-1"},"canonical":"https:\/\/ellebicalzature.it\/fr\/product\/pochette-artisanale-tressee\/","og_locale":"fr_FR","og_type":"article","og_title":"Pochette artisanale tress\u00e9e | Ellebi","og_description":"Pochette en cuir avec devant tress\u00e9 et dos lisse, doubl\u00e9e et avec bandouli\u00e8re r\u00e9glable. Fabriqu\u00e9e \u00e0 la main par des artisans du Salento.","og_url":"https:\/\/ellebicalzature.it\/fr\/product\/pochette-artisanale-tressee\/","og_site_name":"Ellebi","article_publisher":"https:\/\/www.facebook.com\/ellebisandaliartigianaligallipoli\/","article_modified_time":"2026-03-19T11:18:41+00:00","og_image":[{"width":2404,"height":2560,"url":"https:\/\/ellebicalzature.it\/wp-content\/uploads\/2025\/09\/immagine_1767000168-1.webp","type":"image\/webp"}],"twitter_card":"summary_large_image","schema":{"@context":"https:\/\/schema.org","@graph":[{"@type":"WebPage","@id":"https:\/\/ellebicalzature.it\/fr\/product\/pochette-artisanale-tressee\/","url":"https:\/\/ellebicalzature.it\/fr\/product\/pochette-artisanale-tressee\/","name":"Pochette artisanale tress\u00e9e | Ellebi","isPartOf":{"@id":"https:\/\/ellebicalzature.it\/fr\/#website"},"primaryImageOfPage":{"@id":"https:\/\/ellebicalzature.it\/fr\/product\/pochette-artisanale-tressee\/#primaryimage"},"image":{"@id":"https:\/\/ellebicalzature.it\/fr\/product\/pochette-artisanale-tressee\/#primaryimage"},"thumbnailUrl":"https:\/\/ellebicalzature.it\/wp-content\/uploads\/2025\/09\/immagine_1767000168-1.webp","datePublished":"2025-09-18T16:16:51+00:00","dateModified":"2026-03-19T11:18:41+00:00","description":"Pochette en cuir avec devant tress\u00e9 et dos lisse, doubl\u00e9e et avec bandouli\u00e8re r\u00e9glable. Fabriqu\u00e9e \u00e0 la main par des artisans du Salento.","breadcrumb":{"@id":"https:\/\/ellebicalzature.it\/fr\/product\/pochette-artisanale-tressee\/#breadcrumb"},"inLanguage":"fr-FR","potentialAction":[{"@type":"ReadAction","target":["https:\/\/ellebicalzature.it\/fr\/product\/pochette-artisanale-tressee\/"]}]},{"@type":"ImageObject","inLanguage":"fr-FR","@id":"https:\/\/ellebicalzature.it\/fr\/product\/pochette-artisanale-tressee\/#primaryimage","url":"https:\/\/ellebicalzature.it\/wp-content\/uploads\/2025\/09\/immagine_1767000168-1.webp","contentUrl":"https:\/\/ellebicalzature.it\/wp-content\/uploads\/2025\/09\/immagine_1767000168-1.webp","width":2404,"height":2560},{"@type":"BreadcrumbList","@id":"https:\/\/ellebicalzature.it\/fr\/product\/pochette-artisanale-tressee\/#breadcrumb","itemListElement":[{"@type":"ListItem","position":1,"name":"Home","item":"https:\/\/ellebicalzature.it\/fr\/"},{"@type":"ListItem","position":2,"name":"Boutique","item":"https:\/\/ellebicalzature.it\/fr\/boutique\/"},{"@type":"ListItem","position":3,"name":"Pochette artisanale tress\u00e9e"}]},{"@type":"WebSite","@id":"https:\/\/ellebicalzature.it\/fr\/#website","url":"https:\/\/ellebicalzature.it\/fr\/","name":"Elleb\u00ec","description":"Calzature e accessori Gallipoli","publisher":{"@id":"https:\/\/ellebicalzature.it\/fr\/#organization"},"alternateName":"Elleb\u00ec | Calzature Gallipoli","potentialAction":[{"@type":"SearchAction","target":{"@type":"EntryPoint","urlTemplate":"https:\/\/ellebicalzature.it\/fr\/?s={search_term_string}"},"query-input":{"@type":"PropertyValueSpecification","valueRequired":true,"valueName":"search_term_string"}}],"inLanguage":"fr-FR"},{"@type":"Organization","@id":"https:\/\/ellebicalzature.it\/fr\/#organization","name":"Ellebi","url":"https:\/\/ellebicalzature.it\/fr\/","logo":{"@type":"ImageObject","inLanguage":"fr-FR","@id":"https:\/\/ellebicalzature.it\/fr\/#\/schema\/logo\/image\/","url":"https:\/\/ellebicalzature.it\/wp-content\/uploads\/2024\/04\/logo-ellebi.png","contentUrl":"https:\/\/ellebicalzature.it\/wp-content\/uploads\/2024\/04\/logo-ellebi.png","width":221,"height":131,"caption":"Ellebi"},"image":{"@id":"https:\/\/ellebicalzature.it\/fr\/#\/schema\/logo\/image\/"},"sameAs":["https:\/\/www.facebook.com\/ellebisandaliartigianaligallipoli\/","https:\/\/www.instagram.com\/ellebicalzature\/?hl=it"]}]}},"_links":{"self":[{"href":"https:\/\/ellebicalzature.it\/fr\/wp-json\/wp\/v2\/product\/42154","targetHints":{"allow":["GET"]}}],"collection":[{"href":"https:\/\/ellebicalzature.it\/fr\/wp-json\/wp\/v2\/product"}],"about":[{"href":"https:\/\/ellebicalzature.it\/fr\/wp-json\/wp\/v2\/types\/product"}],"replies":[{"embeddable":true,"href":"https:\/\/ellebicalzature.it\/fr\/wp-json\/wp\/v2\/comments?post=42154"}],"version-history":[{"count":1,"href":"https:\/\/ellebicalzature.it\/fr\/wp-json\/wp\/v2\/product\/42154\/revisions"}],"predecessor-version":[{"id":73074,"href":"https:\/\/ellebicalzature.it\/fr\/wp-json\/wp\/v2\/product\/42154\/revisions\/73074"}],"wp:featuredmedia":[{"embeddable":true,"href":"https:\/\/ellebicalzature.it\/fr\/wp-json\/wp\/v2\/media\/69850"}],"wp:attachment":[{"href":"https:\/\/ellebicalzature.it\/fr\/wp-json\/wp\/v2\/media?parent=42154"}],"wp:term":[{"taxonomy":"product_brand","embeddable":true,"href":"https:\/\/ellebicalzature.it\/fr\/wp-json\/wp\/v2\/product_brand?post=42154"},{"taxonomy":"product_cat","embeddable":true,"href":"https:\/\/ellebicalzature.it\/fr\/wp-json\/wp\/v2\/product_cat?post=42154"},{"taxonomy":"product_tag","embeddable":true,"href":"https:\/\/ellebicalzature.it\/fr\/wp-json\/wp\/v2\/product_tag?post=42154"}],"curies":[{"name":"wp","href":"https:\/\/api.w.org\/{rel}","templated":true}]}}