{"id":42685,"date":"2025-09-17T10:18:39","date_gmt":"2025-09-17T09:18:39","guid":{"rendered":"https:\/\/ellebicalzature.it\/product\/sac-a-bandouliere-en-cuir-tresse\/"},"modified":"2026-03-19T12:21:21","modified_gmt":"2026-03-19T11:21:21","slug":"sac-a-bandouliere-en-cuir-tresse","status":"publish","type":"product","link":"https:\/\/ellebicalzature.it\/fr\/product\/sac-a-bandouliere-en-cuir-tresse\/","title":{"rendered":"Sac \u00e0 bandouli\u00e8re en cuir tress\u00e9"},"content":{"rendered":"<p>Sac \u00e0 bandouli\u00e8re en v\u00e9ritable cuir tress\u00e9, fabriqu\u00e9 artisanalement avec un soin particulier pour les d\u00e9tails. Avec un design intemporel, il est parfait pour accompagner vos looks quotidiens avec une touche de style d\u00e9contract\u00e9 chic. L\u00e9ger, spacieux et polyvalent, id\u00e9al aussi bien de jour que de soir, en \u00e9t\u00e9 comme en hiver.  <\/p>\n","protected":false},"excerpt":{"rendered":"<p>Ce sac \u00e0 bandouli\u00e8re est enti\u00e8rement r\u00e9alis\u00e9 en v\u00e9ritable cuir tress\u00e9 \u00e0 la main, un d\u00e9tail qui le rend unique et lui conf\u00e8re un charme artisanal. Le design raffin\u00e9 allie tradition et modernit\u00e9, en faisant un accessoire polyvalent et intemporel. <\/p>\n<p>L&rsquo;int\u00e9rieur est enti\u00e8rement doubl\u00e9, con\u00e7u pour garantir ordre et praticit\u00e9, avec suffisamment d&rsquo;espace pour contenir tout ce dont vous avez besoin au cours de la journ\u00e9e.<\/p>\n<p>En plus de la poign\u00e9e d&rsquo;\u00e9paule, le sac est \u00e9quip\u00e9 d&rsquo;une bandouli\u00e8re r\u00e9glable et amovible, qui vous permet de le porter de diff\u00e9rentes mani\u00e8res : \u00e0 l&rsquo;\u00e9paule ou en bandouli\u00e8re.<\/p>\n<p>Ce sac en cuir tress\u00e9 est l&rsquo;accessoire id\u00e9al pour ceux qui recherchent qualit\u00e9, confort et style.<\/p>\n","protected":false},"featured_media":69869,"comment_status":"open","ping_status":"closed","template":"","meta":{"_monsterinsights_skip_tracking":false,"_monsterinsights_sitenote_active":false,"_monsterinsights_sitenote_note":"","_monsterinsights_sitenote_category":0},"product_brand":[],"product_cat":[1223,1237],"product_tag":[1455,1488],"class_list":{"0":"post-42685","1":"product","2":"type-product","3":"status-publish","4":"has-post-thumbnail","6":"product_cat-sacs-en-cuir-tresse","7":"product_cat-sacs-et-sacs-a-dos-artisanaux","8":"product_tag-sac-artisanal-en-cuir","9":"product_tag-sac-artisanal-en-cuir-tresse","10":"pa_colore-bleu","11":"pa_colore-bleu-jean","12":"pa_colore-bordeaux","13":"pa_colore-cuir","14":"pa_colore-fuchsia","15":"pa_colore-noir","16":"pa_colore-tete-de-maure","17":"pa_colore-tourterelle","19":"first","20":"instock","21":"taxable","22":"shipping-taxable","23":"purchasable","24":"product-type-variable"},"yoast_head":"<!-- This site is optimized with the Yoast SEO plugin v27.3 - https:\/\/yoast.com\/product\/yoast-seo-wordpress\/ -->\n<title>Sac \u00e0 bandouli\u00e8re en cuir tress\u00e9 | Ellebi<\/title>\n<meta name=\"description\" content=\"Sac en cuir tress\u00e9 doubl\u00e9, avec bandouli\u00e8re r\u00e9glable. \u00c9l\u00e9gant et polyvalent, parfait pour des looks d\u00e9contract\u00e9s et chics. Fait main.\" \/>\n<meta name=\"robots\" content=\"index, follow, max-snippet:-1, max-image-preview:large, max-video-preview:-1\" \/>\n<link rel=\"canonical\" href=\"https:\/\/ellebicalzature.it\/fr\/product\/sac-a-bandouliere-en-cuir-tresse\/\" \/>\n<meta property=\"og:locale\" content=\"fr_FR\" \/>\n<meta property=\"og:type\" content=\"article\" \/>\n<meta property=\"og:title\" content=\"Sac \u00e0 bandouli\u00e8re en cuir tress\u00e9 | Ellebi\" \/>\n<meta property=\"og:description\" content=\"Sac en cuir tress\u00e9 doubl\u00e9, avec bandouli\u00e8re r\u00e9glable. \u00c9l\u00e9gant et polyvalent, parfait pour des looks d\u00e9contract\u00e9s et chics. Fait main.\" \/>\n<meta property=\"og:url\" content=\"https:\/\/ellebicalzature.it\/fr\/product\/sac-a-bandouliere-en-cuir-tresse\/\" \/>\n<meta property=\"og:site_name\" content=\"Ellebi\" \/>\n<meta property=\"article:publisher\" content=\"https:\/\/www.facebook.com\/ellebisandaliartigianaligallipoli\/\" \/>\n<meta property=\"article:modified_time\" content=\"2026-03-19T11:21:21+00:00\" \/>\n<meta property=\"og:image\" content=\"https:\/\/ellebicalzature.it\/wp-content\/uploads\/2025\/09\/immagine_1767000714.webp\" \/>\n\t<meta property=\"og:image:width\" content=\"2128\" \/>\n\t<meta property=\"og:image:height\" content=\"2560\" \/>\n\t<meta property=\"og:image:type\" content=\"image\/webp\" \/>\n<meta name=\"twitter:card\" content=\"summary_large_image\" \/>\n<script type=\"application\/ld+json\" class=\"yoast-schema-graph\">{\"@context\":\"https:\\\/\\\/schema.org\",\"@graph\":[{\"@type\":\"WebPage\",\"@id\":\"https:\\\/\\\/ellebicalzature.it\\\/fr\\\/product\\\/sac-a-bandouliere-en-cuir-tresse\\\/\",\"url\":\"https:\\\/\\\/ellebicalzature.it\\\/fr\\\/product\\\/sac-a-bandouliere-en-cuir-tresse\\\/\",\"name\":\"Sac \u00e0 bandouli\u00e8re en cuir tress\u00e9 | Ellebi\",\"isPartOf\":{\"@id\":\"https:\\\/\\\/ellebicalzature.it\\\/fr\\\/#website\"},\"primaryImageOfPage\":{\"@id\":\"https:\\\/\\\/ellebicalzature.it\\\/fr\\\/product\\\/sac-a-bandouliere-en-cuir-tresse\\\/#primaryimage\"},\"image\":{\"@id\":\"https:\\\/\\\/ellebicalzature.it\\\/fr\\\/product\\\/sac-a-bandouliere-en-cuir-tresse\\\/#primaryimage\"},\"thumbnailUrl\":\"https:\\\/\\\/ellebicalzature.it\\\/wp-content\\\/uploads\\\/2025\\\/09\\\/immagine_1767000714.webp\",\"datePublished\":\"2025-09-17T09:18:39+00:00\",\"dateModified\":\"2026-03-19T11:21:21+00:00\",\"description\":\"Sac en cuir tress\u00e9 doubl\u00e9, avec bandouli\u00e8re r\u00e9glable. \u00c9l\u00e9gant et polyvalent, parfait pour des looks d\u00e9contract\u00e9s et chics. Fait main.\",\"breadcrumb\":{\"@id\":\"https:\\\/\\\/ellebicalzature.it\\\/fr\\\/product\\\/sac-a-bandouliere-en-cuir-tresse\\\/#breadcrumb\"},\"inLanguage\":\"fr-FR\",\"potentialAction\":[{\"@type\":\"ReadAction\",\"target\":[\"https:\\\/\\\/ellebicalzature.it\\\/fr\\\/product\\\/sac-a-bandouliere-en-cuir-tresse\\\/\"]}]},{\"@type\":\"ImageObject\",\"inLanguage\":\"fr-FR\",\"@id\":\"https:\\\/\\\/ellebicalzature.it\\\/fr\\\/product\\\/sac-a-bandouliere-en-cuir-tresse\\\/#primaryimage\",\"url\":\"https:\\\/\\\/ellebicalzature.it\\\/wp-content\\\/uploads\\\/2025\\\/09\\\/immagine_1767000714.webp\",\"contentUrl\":\"https:\\\/\\\/ellebicalzature.it\\\/wp-content\\\/uploads\\\/2025\\\/09\\\/immagine_1767000714.webp\",\"width\":2128,\"height\":2560},{\"@type\":\"BreadcrumbList\",\"@id\":\"https:\\\/\\\/ellebicalzature.it\\\/fr\\\/product\\\/sac-a-bandouliere-en-cuir-tresse\\\/#breadcrumb\",\"itemListElement\":[{\"@type\":\"ListItem\",\"position\":1,\"name\":\"Home\",\"item\":\"https:\\\/\\\/ellebicalzature.it\\\/fr\\\/\"},{\"@type\":\"ListItem\",\"position\":2,\"name\":\"Boutique\",\"item\":\"https:\\\/\\\/ellebicalzature.it\\\/fr\\\/boutique\\\/\"},{\"@type\":\"ListItem\",\"position\":3,\"name\":\"Sac \u00e0 bandouli\u00e8re en cuir tress\u00e9\"}]},{\"@type\":\"WebSite\",\"@id\":\"https:\\\/\\\/ellebicalzature.it\\\/fr\\\/#website\",\"url\":\"https:\\\/\\\/ellebicalzature.it\\\/fr\\\/\",\"name\":\"Elleb\u00ec\",\"description\":\"Calzature e accessori Gallipoli\",\"publisher\":{\"@id\":\"https:\\\/\\\/ellebicalzature.it\\\/fr\\\/#organization\"},\"alternateName\":\"Elleb\u00ec | Calzature Gallipoli\",\"potentialAction\":[{\"@type\":\"SearchAction\",\"target\":{\"@type\":\"EntryPoint\",\"urlTemplate\":\"https:\\\/\\\/ellebicalzature.it\\\/fr\\\/?s={search_term_string}\"},\"query-input\":{\"@type\":\"PropertyValueSpecification\",\"valueRequired\":true,\"valueName\":\"search_term_string\"}}],\"inLanguage\":\"fr-FR\"},{\"@type\":\"Organization\",\"@id\":\"https:\\\/\\\/ellebicalzature.it\\\/fr\\\/#organization\",\"name\":\"Ellebi\",\"url\":\"https:\\\/\\\/ellebicalzature.it\\\/fr\\\/\",\"logo\":{\"@type\":\"ImageObject\",\"inLanguage\":\"fr-FR\",\"@id\":\"https:\\\/\\\/ellebicalzature.it\\\/fr\\\/#\\\/schema\\\/logo\\\/image\\\/\",\"url\":\"https:\\\/\\\/ellebicalzature.it\\\/wp-content\\\/uploads\\\/2024\\\/04\\\/logo-ellebi.png\",\"contentUrl\":\"https:\\\/\\\/ellebicalzature.it\\\/wp-content\\\/uploads\\\/2024\\\/04\\\/logo-ellebi.png\",\"width\":221,\"height\":131,\"caption\":\"Ellebi\"},\"image\":{\"@id\":\"https:\\\/\\\/ellebicalzature.it\\\/fr\\\/#\\\/schema\\\/logo\\\/image\\\/\"},\"sameAs\":[\"https:\\\/\\\/www.facebook.com\\\/ellebisandaliartigianaligallipoli\\\/\",\"https:\\\/\\\/www.instagram.com\\\/ellebicalzature\\\/?hl=it\"]}]}<\/script>\n<!-- \/ Yoast SEO plugin. -->","yoast_head_json":{"title":"Sac \u00e0 bandouli\u00e8re en cuir tress\u00e9 | Ellebi","description":"Sac en cuir tress\u00e9 doubl\u00e9, avec bandouli\u00e8re r\u00e9glable. \u00c9l\u00e9gant et polyvalent, parfait pour des looks d\u00e9contract\u00e9s et chics. Fait main.","robots":{"index":"index","follow":"follow","max-snippet":"max-snippet:-1","max-image-preview":"max-image-preview:large","max-video-preview":"max-video-preview:-1"},"canonical":"https:\/\/ellebicalzature.it\/fr\/product\/sac-a-bandouliere-en-cuir-tresse\/","og_locale":"fr_FR","og_type":"article","og_title":"Sac \u00e0 bandouli\u00e8re en cuir tress\u00e9 | Ellebi","og_description":"Sac en cuir tress\u00e9 doubl\u00e9, avec bandouli\u00e8re r\u00e9glable. \u00c9l\u00e9gant et polyvalent, parfait pour des looks d\u00e9contract\u00e9s et chics. Fait main.","og_url":"https:\/\/ellebicalzature.it\/fr\/product\/sac-a-bandouliere-en-cuir-tresse\/","og_site_name":"Ellebi","article_publisher":"https:\/\/www.facebook.com\/ellebisandaliartigianaligallipoli\/","article_modified_time":"2026-03-19T11:21:21+00:00","og_image":[{"width":2128,"height":2560,"url":"https:\/\/ellebicalzature.it\/wp-content\/uploads\/2025\/09\/immagine_1767000714.webp","type":"image\/webp"}],"twitter_card":"summary_large_image","schema":{"@context":"https:\/\/schema.org","@graph":[{"@type":"WebPage","@id":"https:\/\/ellebicalzature.it\/fr\/product\/sac-a-bandouliere-en-cuir-tresse\/","url":"https:\/\/ellebicalzature.it\/fr\/product\/sac-a-bandouliere-en-cuir-tresse\/","name":"Sac \u00e0 bandouli\u00e8re en cuir tress\u00e9 | Ellebi","isPartOf":{"@id":"https:\/\/ellebicalzature.it\/fr\/#website"},"primaryImageOfPage":{"@id":"https:\/\/ellebicalzature.it\/fr\/product\/sac-a-bandouliere-en-cuir-tresse\/#primaryimage"},"image":{"@id":"https:\/\/ellebicalzature.it\/fr\/product\/sac-a-bandouliere-en-cuir-tresse\/#primaryimage"},"thumbnailUrl":"https:\/\/ellebicalzature.it\/wp-content\/uploads\/2025\/09\/immagine_1767000714.webp","datePublished":"2025-09-17T09:18:39+00:00","dateModified":"2026-03-19T11:21:21+00:00","description":"Sac en cuir tress\u00e9 doubl\u00e9, avec bandouli\u00e8re r\u00e9glable. \u00c9l\u00e9gant et polyvalent, parfait pour des looks d\u00e9contract\u00e9s et chics. Fait main.","breadcrumb":{"@id":"https:\/\/ellebicalzature.it\/fr\/product\/sac-a-bandouliere-en-cuir-tresse\/#breadcrumb"},"inLanguage":"fr-FR","potentialAction":[{"@type":"ReadAction","target":["https:\/\/ellebicalzature.it\/fr\/product\/sac-a-bandouliere-en-cuir-tresse\/"]}]},{"@type":"ImageObject","inLanguage":"fr-FR","@id":"https:\/\/ellebicalzature.it\/fr\/product\/sac-a-bandouliere-en-cuir-tresse\/#primaryimage","url":"https:\/\/ellebicalzature.it\/wp-content\/uploads\/2025\/09\/immagine_1767000714.webp","contentUrl":"https:\/\/ellebicalzature.it\/wp-content\/uploads\/2025\/09\/immagine_1767000714.webp","width":2128,"height":2560},{"@type":"BreadcrumbList","@id":"https:\/\/ellebicalzature.it\/fr\/product\/sac-a-bandouliere-en-cuir-tresse\/#breadcrumb","itemListElement":[{"@type":"ListItem","position":1,"name":"Home","item":"https:\/\/ellebicalzature.it\/fr\/"},{"@type":"ListItem","position":2,"name":"Boutique","item":"https:\/\/ellebicalzature.it\/fr\/boutique\/"},{"@type":"ListItem","position":3,"name":"Sac \u00e0 bandouli\u00e8re en cuir tress\u00e9"}]},{"@type":"WebSite","@id":"https:\/\/ellebicalzature.it\/fr\/#website","url":"https:\/\/ellebicalzature.it\/fr\/","name":"Elleb\u00ec","description":"Calzature e accessori Gallipoli","publisher":{"@id":"https:\/\/ellebicalzature.it\/fr\/#organization"},"alternateName":"Elleb\u00ec | Calzature Gallipoli","potentialAction":[{"@type":"SearchAction","target":{"@type":"EntryPoint","urlTemplate":"https:\/\/ellebicalzature.it\/fr\/?s={search_term_string}"},"query-input":{"@type":"PropertyValueSpecification","valueRequired":true,"valueName":"search_term_string"}}],"inLanguage":"fr-FR"},{"@type":"Organization","@id":"https:\/\/ellebicalzature.it\/fr\/#organization","name":"Ellebi","url":"https:\/\/ellebicalzature.it\/fr\/","logo":{"@type":"ImageObject","inLanguage":"fr-FR","@id":"https:\/\/ellebicalzature.it\/fr\/#\/schema\/logo\/image\/","url":"https:\/\/ellebicalzature.it\/wp-content\/uploads\/2024\/04\/logo-ellebi.png","contentUrl":"https:\/\/ellebicalzature.it\/wp-content\/uploads\/2024\/04\/logo-ellebi.png","width":221,"height":131,"caption":"Ellebi"},"image":{"@id":"https:\/\/ellebicalzature.it\/fr\/#\/schema\/logo\/image\/"},"sameAs":["https:\/\/www.facebook.com\/ellebisandaliartigianaligallipoli\/","https:\/\/www.instagram.com\/ellebicalzature\/?hl=it"]}]}},"_links":{"self":[{"href":"https:\/\/ellebicalzature.it\/fr\/wp-json\/wp\/v2\/product\/42685","targetHints":{"allow":["GET"]}}],"collection":[{"href":"https:\/\/ellebicalzature.it\/fr\/wp-json\/wp\/v2\/product"}],"about":[{"href":"https:\/\/ellebicalzature.it\/fr\/wp-json\/wp\/v2\/types\/product"}],"replies":[{"embeddable":true,"href":"https:\/\/ellebicalzature.it\/fr\/wp-json\/wp\/v2\/comments?post=42685"}],"version-history":[{"count":1,"href":"https:\/\/ellebicalzature.it\/fr\/wp-json\/wp\/v2\/product\/42685\/revisions"}],"predecessor-version":[{"id":73167,"href":"https:\/\/ellebicalzature.it\/fr\/wp-json\/wp\/v2\/product\/42685\/revisions\/73167"}],"wp:featuredmedia":[{"embeddable":true,"href":"https:\/\/ellebicalzature.it\/fr\/wp-json\/wp\/v2\/media\/69869"}],"wp:attachment":[{"href":"https:\/\/ellebicalzature.it\/fr\/wp-json\/wp\/v2\/media?parent=42685"}],"wp:term":[{"taxonomy":"product_brand","embeddable":true,"href":"https:\/\/ellebicalzature.it\/fr\/wp-json\/wp\/v2\/product_brand?post=42685"},{"taxonomy":"product_cat","embeddable":true,"href":"https:\/\/ellebicalzature.it\/fr\/wp-json\/wp\/v2\/product_cat?post=42685"},{"taxonomy":"product_tag","embeddable":true,"href":"https:\/\/ellebicalzature.it\/fr\/wp-json\/wp\/v2\/product_tag?post=42685"}],"curies":[{"name":"wp","href":"https:\/\/api.w.org\/{rel}","templated":true}]}}