{"id":44700,"date":"2025-03-17T16:17:52","date_gmt":"2025-03-17T16:17:52","guid":{"rendered":"https:\/\/ellebicalzature.it\/product\/sandales-artisanales-a-triple-bride-reglable\/"},"modified":"2026-03-19T12:36:38","modified_gmt":"2026-03-19T11:36:38","slug":"sandales-artisanales-a-triple-bride-reglable","status":"publish","type":"product","link":"https:\/\/ellebicalzature.it\/fr\/product\/sandales-artisanales-a-triple-bride-reglable\/","title":{"rendered":"Sandales artisanales \u00e0 triple bride r\u00e9glable"},"content":{"rendered":"<p>Sandales artisanales pour homme \u00e0 triple bride r\u00e9glable. Tige en cuir, semelle ergonomique. <\/p>\n","protected":false},"excerpt":{"rendered":"<p>Sandales artisanales pour homme \u00e0 triple bride r\u00e9glable, id\u00e9ales pour ceux qui recherchent une chaussure pratique mais \u00e9l\u00e9gante. Les trois brides en cuir assurent une excellente stabilit\u00e9, tandis que la boucle r\u00e9glable permet un ajustement personnalis\u00e9. La semelle ergonomique garantit un appui souple et naturel, parfait pour un usage quotidien. Chaussant r\u00e9gulier.   <\/p>\n<p>Fabriqu\u00e9es \u00e0 la main par des artisans du Salento avec des mat\u00e9riaux de premi\u00e8re qualit\u00e9.<\/p>\n","protected":false},"featured_media":69934,"comment_status":"open","ping_status":"closed","template":"","meta":{"_monsterinsights_skip_tracking":false,"_monsterinsights_sitenote_active":false,"_monsterinsights_sitenote_note":"","_monsterinsights_sitenote_category":0},"product_brand":[],"product_cat":[1220,1229],"product_tag":[1740],"class_list":{"0":"post-44700","1":"product","2":"type-product","3":"status-publish","4":"has-post-thumbnail","6":"product_cat-chaussures-artisanales-homme","7":"product_cat-sandales-artisanales-homme","8":"product_tag-sandales-artisanales-pour-homme","9":"pa_taglia-1355","10":"pa_taglia-1353","11":"pa_taglia-1352","12":"pa_taglia-1351","13":"pa_taglia-1350","14":"pa_taglia-1348","15":"pa_taglia-1347","16":"pa_taglia-1346","18":"first","19":"instock","20":"taxable","21":"shipping-taxable","22":"purchasable","23":"product-type-variable"},"yoast_head":"<!-- This site is optimized with the Yoast SEO plugin v27.3 - https:\/\/yoast.com\/product\/yoast-seo-wordpress\/ -->\n<title>Sandales artisanales \u00e0 triple bride r\u00e9glable | Ellebi<\/title>\n<meta name=\"description\" content=\"Sandales artisanales pour homme \u00e0 triple bride r\u00e9glable. Tige en cuir, semelle ergonomique. Fabriqu\u00e9es \u00e0 la main par des artisans du Salento.\" \/>\n<meta name=\"robots\" content=\"index, follow, max-snippet:-1, max-image-preview:large, max-video-preview:-1\" \/>\n<link rel=\"canonical\" href=\"https:\/\/ellebicalzature.it\/fr\/product\/sandales-artisanales-a-triple-bride-reglable\/\" \/>\n<meta property=\"og:locale\" content=\"fr_FR\" \/>\n<meta property=\"og:type\" content=\"article\" \/>\n<meta property=\"og:title\" content=\"Sandales artisanales \u00e0 triple bride r\u00e9glable | Ellebi\" \/>\n<meta property=\"og:description\" content=\"Sandales artisanales pour homme \u00e0 triple bride r\u00e9glable. Tige en cuir, semelle ergonomique. Fabriqu\u00e9es \u00e0 la main par des artisans du Salento.\" \/>\n<meta property=\"og:url\" content=\"https:\/\/ellebicalzature.it\/fr\/product\/sandales-artisanales-a-triple-bride-reglable\/\" \/>\n<meta property=\"og:site_name\" content=\"Ellebi\" \/>\n<meta property=\"article:publisher\" content=\"https:\/\/www.facebook.com\/ellebisandaliartigianaligallipoli\/\" \/>\n<meta property=\"article:modified_time\" content=\"2026-03-19T11:36:38+00:00\" \/>\n<meta property=\"og:image\" content=\"https:\/\/ellebicalzature.it\/wp-content\/uploads\/2025\/03\/immagine_1767011963.webp\" \/>\n\t<meta property=\"og:image:width\" content=\"1716\" \/>\n\t<meta property=\"og:image:height\" content=\"1694\" \/>\n\t<meta property=\"og:image:type\" content=\"image\/webp\" \/>\n<meta name=\"twitter:card\" content=\"summary_large_image\" \/>\n<script type=\"application\/ld+json\" class=\"yoast-schema-graph\">{\"@context\":\"https:\\\/\\\/schema.org\",\"@graph\":[{\"@type\":\"WebPage\",\"@id\":\"https:\\\/\\\/ellebicalzature.it\\\/fr\\\/product\\\/sandales-artisanales-a-triple-bride-reglable\\\/\",\"url\":\"https:\\\/\\\/ellebicalzature.it\\\/fr\\\/product\\\/sandales-artisanales-a-triple-bride-reglable\\\/\",\"name\":\"Sandales artisanales \u00e0 triple bride r\u00e9glable | Ellebi\",\"isPartOf\":{\"@id\":\"https:\\\/\\\/ellebicalzature.it\\\/fr\\\/#website\"},\"primaryImageOfPage\":{\"@id\":\"https:\\\/\\\/ellebicalzature.it\\\/fr\\\/product\\\/sandales-artisanales-a-triple-bride-reglable\\\/#primaryimage\"},\"image\":{\"@id\":\"https:\\\/\\\/ellebicalzature.it\\\/fr\\\/product\\\/sandales-artisanales-a-triple-bride-reglable\\\/#primaryimage\"},\"thumbnailUrl\":\"https:\\\/\\\/ellebicalzature.it\\\/wp-content\\\/uploads\\\/2025\\\/03\\\/immagine_1767011963.webp\",\"datePublished\":\"2025-03-17T16:17:52+00:00\",\"dateModified\":\"2026-03-19T11:36:38+00:00\",\"description\":\"Sandales artisanales pour homme \u00e0 triple bride r\u00e9glable. Tige en cuir, semelle ergonomique. Fabriqu\u00e9es \u00e0 la main par des artisans du Salento.\",\"breadcrumb\":{\"@id\":\"https:\\\/\\\/ellebicalzature.it\\\/fr\\\/product\\\/sandales-artisanales-a-triple-bride-reglable\\\/#breadcrumb\"},\"inLanguage\":\"fr-FR\",\"potentialAction\":[{\"@type\":\"ReadAction\",\"target\":[\"https:\\\/\\\/ellebicalzature.it\\\/fr\\\/product\\\/sandales-artisanales-a-triple-bride-reglable\\\/\"]}]},{\"@type\":\"ImageObject\",\"inLanguage\":\"fr-FR\",\"@id\":\"https:\\\/\\\/ellebicalzature.it\\\/fr\\\/product\\\/sandales-artisanales-a-triple-bride-reglable\\\/#primaryimage\",\"url\":\"https:\\\/\\\/ellebicalzature.it\\\/wp-content\\\/uploads\\\/2025\\\/03\\\/immagine_1767011963.webp\",\"contentUrl\":\"https:\\\/\\\/ellebicalzature.it\\\/wp-content\\\/uploads\\\/2025\\\/03\\\/immagine_1767011963.webp\",\"width\":1716,\"height\":1694},{\"@type\":\"BreadcrumbList\",\"@id\":\"https:\\\/\\\/ellebicalzature.it\\\/fr\\\/product\\\/sandales-artisanales-a-triple-bride-reglable\\\/#breadcrumb\",\"itemListElement\":[{\"@type\":\"ListItem\",\"position\":1,\"name\":\"Home\",\"item\":\"https:\\\/\\\/ellebicalzature.it\\\/fr\\\/\"},{\"@type\":\"ListItem\",\"position\":2,\"name\":\"Boutique\",\"item\":\"https:\\\/\\\/ellebicalzature.it\\\/fr\\\/boutique\\\/\"},{\"@type\":\"ListItem\",\"position\":3,\"name\":\"Sandales artisanales \u00e0 triple bride r\u00e9glable\"}]},{\"@type\":\"WebSite\",\"@id\":\"https:\\\/\\\/ellebicalzature.it\\\/fr\\\/#website\",\"url\":\"https:\\\/\\\/ellebicalzature.it\\\/fr\\\/\",\"name\":\"Elleb\u00ec\",\"description\":\"Calzature e accessori Gallipoli\",\"publisher\":{\"@id\":\"https:\\\/\\\/ellebicalzature.it\\\/fr\\\/#organization\"},\"alternateName\":\"Elleb\u00ec | Calzature Gallipoli\",\"potentialAction\":[{\"@type\":\"SearchAction\",\"target\":{\"@type\":\"EntryPoint\",\"urlTemplate\":\"https:\\\/\\\/ellebicalzature.it\\\/fr\\\/?s={search_term_string}\"},\"query-input\":{\"@type\":\"PropertyValueSpecification\",\"valueRequired\":true,\"valueName\":\"search_term_string\"}}],\"inLanguage\":\"fr-FR\"},{\"@type\":\"Organization\",\"@id\":\"https:\\\/\\\/ellebicalzature.it\\\/fr\\\/#organization\",\"name\":\"Ellebi\",\"url\":\"https:\\\/\\\/ellebicalzature.it\\\/fr\\\/\",\"logo\":{\"@type\":\"ImageObject\",\"inLanguage\":\"fr-FR\",\"@id\":\"https:\\\/\\\/ellebicalzature.it\\\/fr\\\/#\\\/schema\\\/logo\\\/image\\\/\",\"url\":\"https:\\\/\\\/ellebicalzature.it\\\/wp-content\\\/uploads\\\/2024\\\/04\\\/logo-ellebi.png\",\"contentUrl\":\"https:\\\/\\\/ellebicalzature.it\\\/wp-content\\\/uploads\\\/2024\\\/04\\\/logo-ellebi.png\",\"width\":221,\"height\":131,\"caption\":\"Ellebi\"},\"image\":{\"@id\":\"https:\\\/\\\/ellebicalzature.it\\\/fr\\\/#\\\/schema\\\/logo\\\/image\\\/\"},\"sameAs\":[\"https:\\\/\\\/www.facebook.com\\\/ellebisandaliartigianaligallipoli\\\/\",\"https:\\\/\\\/www.instagram.com\\\/ellebicalzature\\\/?hl=it\"]}]}<\/script>\n<!-- \/ Yoast SEO plugin. -->","yoast_head_json":{"title":"Sandales artisanales \u00e0 triple bride r\u00e9glable | Ellebi","description":"Sandales artisanales pour homme \u00e0 triple bride r\u00e9glable. Tige en cuir, semelle ergonomique. Fabriqu\u00e9es \u00e0 la main par des artisans du Salento.","robots":{"index":"index","follow":"follow","max-snippet":"max-snippet:-1","max-image-preview":"max-image-preview:large","max-video-preview":"max-video-preview:-1"},"canonical":"https:\/\/ellebicalzature.it\/fr\/product\/sandales-artisanales-a-triple-bride-reglable\/","og_locale":"fr_FR","og_type":"article","og_title":"Sandales artisanales \u00e0 triple bride r\u00e9glable | Ellebi","og_description":"Sandales artisanales pour homme \u00e0 triple bride r\u00e9glable. Tige en cuir, semelle ergonomique. Fabriqu\u00e9es \u00e0 la main par des artisans du Salento.","og_url":"https:\/\/ellebicalzature.it\/fr\/product\/sandales-artisanales-a-triple-bride-reglable\/","og_site_name":"Ellebi","article_publisher":"https:\/\/www.facebook.com\/ellebisandaliartigianaligallipoli\/","article_modified_time":"2026-03-19T11:36:38+00:00","og_image":[{"width":1716,"height":1694,"url":"https:\/\/ellebicalzature.it\/wp-content\/uploads\/2025\/03\/immagine_1767011963.webp","type":"image\/webp"}],"twitter_card":"summary_large_image","schema":{"@context":"https:\/\/schema.org","@graph":[{"@type":"WebPage","@id":"https:\/\/ellebicalzature.it\/fr\/product\/sandales-artisanales-a-triple-bride-reglable\/","url":"https:\/\/ellebicalzature.it\/fr\/product\/sandales-artisanales-a-triple-bride-reglable\/","name":"Sandales artisanales \u00e0 triple bride r\u00e9glable | Ellebi","isPartOf":{"@id":"https:\/\/ellebicalzature.it\/fr\/#website"},"primaryImageOfPage":{"@id":"https:\/\/ellebicalzature.it\/fr\/product\/sandales-artisanales-a-triple-bride-reglable\/#primaryimage"},"image":{"@id":"https:\/\/ellebicalzature.it\/fr\/product\/sandales-artisanales-a-triple-bride-reglable\/#primaryimage"},"thumbnailUrl":"https:\/\/ellebicalzature.it\/wp-content\/uploads\/2025\/03\/immagine_1767011963.webp","datePublished":"2025-03-17T16:17:52+00:00","dateModified":"2026-03-19T11:36:38+00:00","description":"Sandales artisanales pour homme \u00e0 triple bride r\u00e9glable. Tige en cuir, semelle ergonomique. Fabriqu\u00e9es \u00e0 la main par des artisans du Salento.","breadcrumb":{"@id":"https:\/\/ellebicalzature.it\/fr\/product\/sandales-artisanales-a-triple-bride-reglable\/#breadcrumb"},"inLanguage":"fr-FR","potentialAction":[{"@type":"ReadAction","target":["https:\/\/ellebicalzature.it\/fr\/product\/sandales-artisanales-a-triple-bride-reglable\/"]}]},{"@type":"ImageObject","inLanguage":"fr-FR","@id":"https:\/\/ellebicalzature.it\/fr\/product\/sandales-artisanales-a-triple-bride-reglable\/#primaryimage","url":"https:\/\/ellebicalzature.it\/wp-content\/uploads\/2025\/03\/immagine_1767011963.webp","contentUrl":"https:\/\/ellebicalzature.it\/wp-content\/uploads\/2025\/03\/immagine_1767011963.webp","width":1716,"height":1694},{"@type":"BreadcrumbList","@id":"https:\/\/ellebicalzature.it\/fr\/product\/sandales-artisanales-a-triple-bride-reglable\/#breadcrumb","itemListElement":[{"@type":"ListItem","position":1,"name":"Home","item":"https:\/\/ellebicalzature.it\/fr\/"},{"@type":"ListItem","position":2,"name":"Boutique","item":"https:\/\/ellebicalzature.it\/fr\/boutique\/"},{"@type":"ListItem","position":3,"name":"Sandales artisanales \u00e0 triple bride r\u00e9glable"}]},{"@type":"WebSite","@id":"https:\/\/ellebicalzature.it\/fr\/#website","url":"https:\/\/ellebicalzature.it\/fr\/","name":"Elleb\u00ec","description":"Calzature e accessori Gallipoli","publisher":{"@id":"https:\/\/ellebicalzature.it\/fr\/#organization"},"alternateName":"Elleb\u00ec | Calzature Gallipoli","potentialAction":[{"@type":"SearchAction","target":{"@type":"EntryPoint","urlTemplate":"https:\/\/ellebicalzature.it\/fr\/?s={search_term_string}"},"query-input":{"@type":"PropertyValueSpecification","valueRequired":true,"valueName":"search_term_string"}}],"inLanguage":"fr-FR"},{"@type":"Organization","@id":"https:\/\/ellebicalzature.it\/fr\/#organization","name":"Ellebi","url":"https:\/\/ellebicalzature.it\/fr\/","logo":{"@type":"ImageObject","inLanguage":"fr-FR","@id":"https:\/\/ellebicalzature.it\/fr\/#\/schema\/logo\/image\/","url":"https:\/\/ellebicalzature.it\/wp-content\/uploads\/2024\/04\/logo-ellebi.png","contentUrl":"https:\/\/ellebicalzature.it\/wp-content\/uploads\/2024\/04\/logo-ellebi.png","width":221,"height":131,"caption":"Ellebi"},"image":{"@id":"https:\/\/ellebicalzature.it\/fr\/#\/schema\/logo\/image\/"},"sameAs":["https:\/\/www.facebook.com\/ellebisandaliartigianaligallipoli\/","https:\/\/www.instagram.com\/ellebicalzature\/?hl=it"]}]}},"_links":{"self":[{"href":"https:\/\/ellebicalzature.it\/fr\/wp-json\/wp\/v2\/product\/44700","targetHints":{"allow":["GET"]}}],"collection":[{"href":"https:\/\/ellebicalzature.it\/fr\/wp-json\/wp\/v2\/product"}],"about":[{"href":"https:\/\/ellebicalzature.it\/fr\/wp-json\/wp\/v2\/types\/product"}],"replies":[{"embeddable":true,"href":"https:\/\/ellebicalzature.it\/fr\/wp-json\/wp\/v2\/comments?post=44700"}],"version-history":[{"count":1,"href":"https:\/\/ellebicalzature.it\/fr\/wp-json\/wp\/v2\/product\/44700\/revisions"}],"predecessor-version":[{"id":73318,"href":"https:\/\/ellebicalzature.it\/fr\/wp-json\/wp\/v2\/product\/44700\/revisions\/73318"}],"wp:featuredmedia":[{"embeddable":true,"href":"https:\/\/ellebicalzature.it\/fr\/wp-json\/wp\/v2\/media\/69934"}],"wp:attachment":[{"href":"https:\/\/ellebicalzature.it\/fr\/wp-json\/wp\/v2\/media?parent=44700"}],"wp:term":[{"taxonomy":"product_brand","embeddable":true,"href":"https:\/\/ellebicalzature.it\/fr\/wp-json\/wp\/v2\/product_brand?post=44700"},{"taxonomy":"product_cat","embeddable":true,"href":"https:\/\/ellebicalzature.it\/fr\/wp-json\/wp\/v2\/product_cat?post=44700"},{"taxonomy":"product_tag","embeddable":true,"href":"https:\/\/ellebicalzature.it\/fr\/wp-json\/wp\/v2\/product_tag?post=44700"}],"curies":[{"name":"wp","href":"https:\/\/api.w.org\/{rel}","templated":true}]}}