{"id":44970,"date":"2024-12-23T16:23:14","date_gmt":"2024-12-23T16:23:14","guid":{"rendered":"https:\/\/ellebicalzature.it\/product\/sandales-bijoux-artisanales-avec-tongs-et-pierres-centrales\/"},"modified":"2026-03-19T12:36:25","modified_gmt":"2026-03-19T11:36:25","slug":"sandales-bijoux-artisanales-avec-tongs-et-pierres-centrales","status":"publish","type":"product","link":"https:\/\/ellebicalzature.it\/fr\/product\/sandales-bijoux-artisanales-avec-tongs-et-pierres-centrales\/","title":{"rendered":"Sandales bijoux artisanales avec tongs et pierres centrales"},"content":{"rendered":"<p>Sandales artisanales pour femme, mod\u00e8le tongs haut sur le cou-de-pied, orn\u00e9es de pierres centrales.<\/p>\n","protected":false},"excerpt":{"rendered":"<p>Sandales bijoux artisanales pour femme avec tongs montantes sur le cou-de-pied, orn\u00e9es de pierres centrales de deux couleurs diff\u00e9rentes. Tige en cuir, fermeture par une seule bride crois\u00e9e sur la cheville, semelle int\u00e9rieure en cuir rembourr\u00e9 et semelle ext\u00e9rieure en cuir avec talon de 3 cm. Chaussant r\u00e9gulier.  <\/p>\n<p>Fabriqu\u00e9es \u00e0 la main par des artisans du Salento avec des mat\u00e9riaux de premi\u00e8re qualit\u00e9.<\/p>\n","protected":false},"featured_media":69954,"comment_status":"open","ping_status":"closed","template":"","meta":{"_monsterinsights_skip_tracking":false,"_monsterinsights_sitenote_active":false,"_monsterinsights_sitenote_note":"","_monsterinsights_sitenote_category":0},"product_brand":[],"product_cat":[1218],"product_tag":[1759],"class_list":{"0":"post-44970","1":"product","2":"type-product","3":"status-publish","4":"has-post-thumbnail","6":"product_cat-articles-en-promotion","7":"product_tag-sandales-bijoux-artisanales","8":"pa_colore-ambre","9":"pa_colore-vert","10":"pa_taglia-1757","11":"pa_taglia-1756","12":"pa_taglia-1349","13":"pa_taglia-1356","14":"pa_taglia-1354","15":"pa_taglia-1357","16":"pa_taglia-1355","17":"pa_taglia-1353","18":"pa_taglia-1352","19":"pa_taglia-1351","20":"pa_taglia-1350","22":"first","23":"instock","24":"sale","25":"taxable","26":"shipping-taxable","27":"purchasable","28":"product-type-variable"},"yoast_head":"<!-- This site is optimized with the Yoast SEO plugin v27.3 - https:\/\/yoast.com\/product\/yoast-seo-wordpress\/ -->\n<title>Sandales bijoux artisanales avec tongs et pierres centrales | Ellebi<\/title>\n<meta name=\"description\" content=\"Sandales artisanales pour femme, mod\u00e8le tongs haut sur le cou-de-pied, orn\u00e9es de pierres centrales. Fabriqu\u00e9es par des artisans du Salento.\" \/>\n<meta name=\"robots\" content=\"index, follow, max-snippet:-1, max-image-preview:large, max-video-preview:-1\" \/>\n<link rel=\"canonical\" href=\"https:\/\/ellebicalzature.it\/fr\/product\/sandales-bijoux-artisanales-avec-tongs-et-pierres-centrales\/\" \/>\n<meta property=\"og:locale\" content=\"fr_FR\" \/>\n<meta property=\"og:type\" content=\"article\" \/>\n<meta property=\"og:title\" content=\"Sandales bijoux artisanales avec tongs et pierres centrales | Ellebi\" \/>\n<meta property=\"og:description\" content=\"Sandales artisanales pour femme, mod\u00e8le tongs haut sur le cou-de-pied, orn\u00e9es de pierres centrales. Fabriqu\u00e9es par des artisans du Salento.\" \/>\n<meta property=\"og:url\" content=\"https:\/\/ellebicalzature.it\/fr\/product\/sandales-bijoux-artisanales-avec-tongs-et-pierres-centrales\/\" \/>\n<meta property=\"og:site_name\" content=\"Ellebi\" \/>\n<meta property=\"article:publisher\" content=\"https:\/\/www.facebook.com\/ellebisandaliartigianaligallipoli\/\" \/>\n<meta property=\"article:modified_time\" content=\"2026-03-19T11:36:25+00:00\" \/>\n<meta property=\"og:image\" content=\"https:\/\/ellebicalzature.it\/wp-content\/uploads\/2024\/12\/immagine_1767014300.webp\" \/>\n\t<meta property=\"og:image:width\" content=\"1723\" \/>\n\t<meta property=\"og:image:height\" content=\"1880\" \/>\n\t<meta property=\"og:image:type\" content=\"image\/webp\" \/>\n<meta name=\"twitter:card\" content=\"summary_large_image\" \/>\n<script type=\"application\/ld+json\" class=\"yoast-schema-graph\">{\"@context\":\"https:\\\/\\\/schema.org\",\"@graph\":[{\"@type\":\"WebPage\",\"@id\":\"https:\\\/\\\/ellebicalzature.it\\\/fr\\\/product\\\/sandales-bijoux-artisanales-avec-tongs-et-pierres-centrales\\\/\",\"url\":\"https:\\\/\\\/ellebicalzature.it\\\/fr\\\/product\\\/sandales-bijoux-artisanales-avec-tongs-et-pierres-centrales\\\/\",\"name\":\"Sandales bijoux artisanales avec tongs et pierres centrales | Ellebi\",\"isPartOf\":{\"@id\":\"https:\\\/\\\/ellebicalzature.it\\\/fr\\\/#website\"},\"primaryImageOfPage\":{\"@id\":\"https:\\\/\\\/ellebicalzature.it\\\/fr\\\/product\\\/sandales-bijoux-artisanales-avec-tongs-et-pierres-centrales\\\/#primaryimage\"},\"image\":{\"@id\":\"https:\\\/\\\/ellebicalzature.it\\\/fr\\\/product\\\/sandales-bijoux-artisanales-avec-tongs-et-pierres-centrales\\\/#primaryimage\"},\"thumbnailUrl\":\"https:\\\/\\\/ellebicalzature.it\\\/wp-content\\\/uploads\\\/2024\\\/12\\\/immagine_1767014300.webp\",\"datePublished\":\"2024-12-23T16:23:14+00:00\",\"dateModified\":\"2026-03-19T11:36:25+00:00\",\"description\":\"Sandales artisanales pour femme, mod\u00e8le tongs haut sur le cou-de-pied, orn\u00e9es de pierres centrales. Fabriqu\u00e9es par des artisans du Salento.\",\"breadcrumb\":{\"@id\":\"https:\\\/\\\/ellebicalzature.it\\\/fr\\\/product\\\/sandales-bijoux-artisanales-avec-tongs-et-pierres-centrales\\\/#breadcrumb\"},\"inLanguage\":\"fr-FR\",\"potentialAction\":[{\"@type\":\"ReadAction\",\"target\":[\"https:\\\/\\\/ellebicalzature.it\\\/fr\\\/product\\\/sandales-bijoux-artisanales-avec-tongs-et-pierres-centrales\\\/\"]}]},{\"@type\":\"ImageObject\",\"inLanguage\":\"fr-FR\",\"@id\":\"https:\\\/\\\/ellebicalzature.it\\\/fr\\\/product\\\/sandales-bijoux-artisanales-avec-tongs-et-pierres-centrales\\\/#primaryimage\",\"url\":\"https:\\\/\\\/ellebicalzature.it\\\/wp-content\\\/uploads\\\/2024\\\/12\\\/immagine_1767014300.webp\",\"contentUrl\":\"https:\\\/\\\/ellebicalzature.it\\\/wp-content\\\/uploads\\\/2024\\\/12\\\/immagine_1767014300.webp\",\"width\":1723,\"height\":1880},{\"@type\":\"BreadcrumbList\",\"@id\":\"https:\\\/\\\/ellebicalzature.it\\\/fr\\\/product\\\/sandales-bijoux-artisanales-avec-tongs-et-pierres-centrales\\\/#breadcrumb\",\"itemListElement\":[{\"@type\":\"ListItem\",\"position\":1,\"name\":\"Home\",\"item\":\"https:\\\/\\\/ellebicalzature.it\\\/fr\\\/\"},{\"@type\":\"ListItem\",\"position\":2,\"name\":\"Boutique\",\"item\":\"https:\\\/\\\/ellebicalzature.it\\\/fr\\\/boutique\\\/\"},{\"@type\":\"ListItem\",\"position\":3,\"name\":\"Sandales bijoux artisanales avec tongs et pierres centrales\"}]},{\"@type\":\"WebSite\",\"@id\":\"https:\\\/\\\/ellebicalzature.it\\\/fr\\\/#website\",\"url\":\"https:\\\/\\\/ellebicalzature.it\\\/fr\\\/\",\"name\":\"Elleb\u00ec\",\"description\":\"Calzature e accessori Gallipoli\",\"publisher\":{\"@id\":\"https:\\\/\\\/ellebicalzature.it\\\/fr\\\/#organization\"},\"alternateName\":\"Elleb\u00ec | Calzature Gallipoli\",\"potentialAction\":[{\"@type\":\"SearchAction\",\"target\":{\"@type\":\"EntryPoint\",\"urlTemplate\":\"https:\\\/\\\/ellebicalzature.it\\\/fr\\\/?s={search_term_string}\"},\"query-input\":{\"@type\":\"PropertyValueSpecification\",\"valueRequired\":true,\"valueName\":\"search_term_string\"}}],\"inLanguage\":\"fr-FR\"},{\"@type\":\"Organization\",\"@id\":\"https:\\\/\\\/ellebicalzature.it\\\/fr\\\/#organization\",\"name\":\"Ellebi\",\"url\":\"https:\\\/\\\/ellebicalzature.it\\\/fr\\\/\",\"logo\":{\"@type\":\"ImageObject\",\"inLanguage\":\"fr-FR\",\"@id\":\"https:\\\/\\\/ellebicalzature.it\\\/fr\\\/#\\\/schema\\\/logo\\\/image\\\/\",\"url\":\"https:\\\/\\\/ellebicalzature.it\\\/wp-content\\\/uploads\\\/2024\\\/04\\\/logo-ellebi.png\",\"contentUrl\":\"https:\\\/\\\/ellebicalzature.it\\\/wp-content\\\/uploads\\\/2024\\\/04\\\/logo-ellebi.png\",\"width\":221,\"height\":131,\"caption\":\"Ellebi\"},\"image\":{\"@id\":\"https:\\\/\\\/ellebicalzature.it\\\/fr\\\/#\\\/schema\\\/logo\\\/image\\\/\"},\"sameAs\":[\"https:\\\/\\\/www.facebook.com\\\/ellebisandaliartigianaligallipoli\\\/\",\"https:\\\/\\\/www.instagram.com\\\/ellebicalzature\\\/?hl=it\"]}]}<\/script>\n<!-- \/ Yoast SEO plugin. -->","yoast_head_json":{"title":"Sandales bijoux artisanales avec tongs et pierres centrales | Ellebi","description":"Sandales artisanales pour femme, mod\u00e8le tongs haut sur le cou-de-pied, orn\u00e9es de pierres centrales. Fabriqu\u00e9es par des artisans du Salento.","robots":{"index":"index","follow":"follow","max-snippet":"max-snippet:-1","max-image-preview":"max-image-preview:large","max-video-preview":"max-video-preview:-1"},"canonical":"https:\/\/ellebicalzature.it\/fr\/product\/sandales-bijoux-artisanales-avec-tongs-et-pierres-centrales\/","og_locale":"fr_FR","og_type":"article","og_title":"Sandales bijoux artisanales avec tongs et pierres centrales | Ellebi","og_description":"Sandales artisanales pour femme, mod\u00e8le tongs haut sur le cou-de-pied, orn\u00e9es de pierres centrales. Fabriqu\u00e9es par des artisans du Salento.","og_url":"https:\/\/ellebicalzature.it\/fr\/product\/sandales-bijoux-artisanales-avec-tongs-et-pierres-centrales\/","og_site_name":"Ellebi","article_publisher":"https:\/\/www.facebook.com\/ellebisandaliartigianaligallipoli\/","article_modified_time":"2026-03-19T11:36:25+00:00","og_image":[{"width":1723,"height":1880,"url":"https:\/\/ellebicalzature.it\/wp-content\/uploads\/2024\/12\/immagine_1767014300.webp","type":"image\/webp"}],"twitter_card":"summary_large_image","schema":{"@context":"https:\/\/schema.org","@graph":[{"@type":"WebPage","@id":"https:\/\/ellebicalzature.it\/fr\/product\/sandales-bijoux-artisanales-avec-tongs-et-pierres-centrales\/","url":"https:\/\/ellebicalzature.it\/fr\/product\/sandales-bijoux-artisanales-avec-tongs-et-pierres-centrales\/","name":"Sandales bijoux artisanales avec tongs et pierres centrales | Ellebi","isPartOf":{"@id":"https:\/\/ellebicalzature.it\/fr\/#website"},"primaryImageOfPage":{"@id":"https:\/\/ellebicalzature.it\/fr\/product\/sandales-bijoux-artisanales-avec-tongs-et-pierres-centrales\/#primaryimage"},"image":{"@id":"https:\/\/ellebicalzature.it\/fr\/product\/sandales-bijoux-artisanales-avec-tongs-et-pierres-centrales\/#primaryimage"},"thumbnailUrl":"https:\/\/ellebicalzature.it\/wp-content\/uploads\/2024\/12\/immagine_1767014300.webp","datePublished":"2024-12-23T16:23:14+00:00","dateModified":"2026-03-19T11:36:25+00:00","description":"Sandales artisanales pour femme, mod\u00e8le tongs haut sur le cou-de-pied, orn\u00e9es de pierres centrales. Fabriqu\u00e9es par des artisans du Salento.","breadcrumb":{"@id":"https:\/\/ellebicalzature.it\/fr\/product\/sandales-bijoux-artisanales-avec-tongs-et-pierres-centrales\/#breadcrumb"},"inLanguage":"fr-FR","potentialAction":[{"@type":"ReadAction","target":["https:\/\/ellebicalzature.it\/fr\/product\/sandales-bijoux-artisanales-avec-tongs-et-pierres-centrales\/"]}]},{"@type":"ImageObject","inLanguage":"fr-FR","@id":"https:\/\/ellebicalzature.it\/fr\/product\/sandales-bijoux-artisanales-avec-tongs-et-pierres-centrales\/#primaryimage","url":"https:\/\/ellebicalzature.it\/wp-content\/uploads\/2024\/12\/immagine_1767014300.webp","contentUrl":"https:\/\/ellebicalzature.it\/wp-content\/uploads\/2024\/12\/immagine_1767014300.webp","width":1723,"height":1880},{"@type":"BreadcrumbList","@id":"https:\/\/ellebicalzature.it\/fr\/product\/sandales-bijoux-artisanales-avec-tongs-et-pierres-centrales\/#breadcrumb","itemListElement":[{"@type":"ListItem","position":1,"name":"Home","item":"https:\/\/ellebicalzature.it\/fr\/"},{"@type":"ListItem","position":2,"name":"Boutique","item":"https:\/\/ellebicalzature.it\/fr\/boutique\/"},{"@type":"ListItem","position":3,"name":"Sandales bijoux artisanales avec tongs et pierres centrales"}]},{"@type":"WebSite","@id":"https:\/\/ellebicalzature.it\/fr\/#website","url":"https:\/\/ellebicalzature.it\/fr\/","name":"Elleb\u00ec","description":"Calzature e accessori Gallipoli","publisher":{"@id":"https:\/\/ellebicalzature.it\/fr\/#organization"},"alternateName":"Elleb\u00ec | Calzature Gallipoli","potentialAction":[{"@type":"SearchAction","target":{"@type":"EntryPoint","urlTemplate":"https:\/\/ellebicalzature.it\/fr\/?s={search_term_string}"},"query-input":{"@type":"PropertyValueSpecification","valueRequired":true,"valueName":"search_term_string"}}],"inLanguage":"fr-FR"},{"@type":"Organization","@id":"https:\/\/ellebicalzature.it\/fr\/#organization","name":"Ellebi","url":"https:\/\/ellebicalzature.it\/fr\/","logo":{"@type":"ImageObject","inLanguage":"fr-FR","@id":"https:\/\/ellebicalzature.it\/fr\/#\/schema\/logo\/image\/","url":"https:\/\/ellebicalzature.it\/wp-content\/uploads\/2024\/04\/logo-ellebi.png","contentUrl":"https:\/\/ellebicalzature.it\/wp-content\/uploads\/2024\/04\/logo-ellebi.png","width":221,"height":131,"caption":"Ellebi"},"image":{"@id":"https:\/\/ellebicalzature.it\/fr\/#\/schema\/logo\/image\/"},"sameAs":["https:\/\/www.facebook.com\/ellebisandaliartigianaligallipoli\/","https:\/\/www.instagram.com\/ellebicalzature\/?hl=it"]}]}},"_links":{"self":[{"href":"https:\/\/ellebicalzature.it\/fr\/wp-json\/wp\/v2\/product\/44970","targetHints":{"allow":["GET"]}}],"collection":[{"href":"https:\/\/ellebicalzature.it\/fr\/wp-json\/wp\/v2\/product"}],"about":[{"href":"https:\/\/ellebicalzature.it\/fr\/wp-json\/wp\/v2\/types\/product"}],"replies":[{"embeddable":true,"href":"https:\/\/ellebicalzature.it\/fr\/wp-json\/wp\/v2\/comments?post=44970"}],"version-history":[{"count":1,"href":"https:\/\/ellebicalzature.it\/fr\/wp-json\/wp\/v2\/product\/44970\/revisions"}],"predecessor-version":[{"id":73303,"href":"https:\/\/ellebicalzature.it\/fr\/wp-json\/wp\/v2\/product\/44970\/revisions\/73303"}],"wp:featuredmedia":[{"embeddable":true,"href":"https:\/\/ellebicalzature.it\/fr\/wp-json\/wp\/v2\/media\/69954"}],"wp:attachment":[{"href":"https:\/\/ellebicalzature.it\/fr\/wp-json\/wp\/v2\/media?parent=44970"}],"wp:term":[{"taxonomy":"product_brand","embeddable":true,"href":"https:\/\/ellebicalzature.it\/fr\/wp-json\/wp\/v2\/product_brand?post=44970"},{"taxonomy":"product_cat","embeddable":true,"href":"https:\/\/ellebicalzature.it\/fr\/wp-json\/wp\/v2\/product_cat?post=44970"},{"taxonomy":"product_tag","embeddable":true,"href":"https:\/\/ellebicalzature.it\/fr\/wp-json\/wp\/v2\/product_tag?post=44970"}],"curies":[{"name":"wp","href":"https:\/\/api.w.org\/{rel}","templated":true}]}}