{"id":45257,"date":"2024-12-23T14:31:29","date_gmt":"2024-12-23T14:31:29","guid":{"rendered":"https:\/\/ellebicalzature.it\/product\/mules-bijoux-artisanales-avec-poulpe\/"},"modified":"2026-03-19T12:42:52","modified_gmt":"2026-03-19T11:42:52","slug":"mules-bijoux-artisanales-avec-poulpe","status":"publish","type":"product","link":"https:\/\/ellebicalzature.it\/fr\/product\/mules-bijoux-artisanales-avec-poulpe\/","title":{"rendered":"Mules bijoux artisanales avec poulpe"},"content":{"rendered":"<p>Mules bijoux artisanales pour femme avec large bande orn\u00e9e d&rsquo;un poulpe r\u00e9alis\u00e9 en strass et cristaux.<\/p>\n","protected":false},"excerpt":{"rendered":"<p>Mules bijoux artisanales pour femme avec large bande orn\u00e9e d&rsquo;un poulpe r\u00e9alis\u00e9 en strass et cristaux. Dessus en cuir de vache, semelle int\u00e9rieure en cuir rembourr\u00e9 et semelle ext\u00e9rieure en cuir avec talon de 5 cm en cuir. Chaussant r\u00e9gulier.  <\/p>\n<p>Fabriqu\u00e9es \u00e0 la main par des artisans du Salento avec des mat\u00e9riaux de premi\u00e8re qualit\u00e9.<\/p>\n","protected":false},"featured_media":69984,"comment_status":"open","ping_status":"closed","template":"","meta":{"_monsterinsights_skip_tracking":false,"_monsterinsights_sitenote_active":false,"_monsterinsights_sitenote_note":"","_monsterinsights_sitenote_category":0},"product_brand":[],"product_cat":[1217,1228,1212],"product_tag":[1781],"class_list":{"0":"post-45257","1":"product","2":"type-product","3":"status-publish","4":"has-post-thumbnail","6":"product_cat-chaussures-artisanales-femme","7":"product_cat-mules-artisanales-femme","8":"product_cat-sandales-artisanales-femme-bijoux","9":"product_tag-mules-bijoux-artisanales","10":"pa_taglia-1757","11":"pa_taglia-1756","12":"pa_taglia-1349","13":"pa_taglia-1356","14":"pa_taglia-1354","15":"pa_taglia-1357","16":"pa_taglia-1355","17":"pa_taglia-1353","18":"pa_taglia-1352","19":"pa_taglia-1351","20":"pa_taglia-1350","22":"first","23":"instock","24":"taxable","25":"shipping-taxable","26":"purchasable","27":"product-type-variable"},"yoast_head":"<!-- This site is optimized with the Yoast SEO plugin v27.3 - https:\/\/yoast.com\/product\/yoast-seo-wordpress\/ -->\n<title>Mules bijoux artisanales pour femme avec poulpe en strass et cristaux.<\/title>\n<meta name=\"description\" content=\"Mules bijoux artisanales pour femme avec large bande orn\u00e9e d&#039;un poulpe r\u00e9alis\u00e9 en strass et cristaux.\" \/>\n<meta name=\"robots\" content=\"index, follow, max-snippet:-1, max-image-preview:large, max-video-preview:-1\" \/>\n<link rel=\"canonical\" href=\"https:\/\/ellebicalzature.it\/fr\/product\/mules-bijoux-artisanales-avec-poulpe\/\" \/>\n<meta property=\"og:locale\" content=\"fr_FR\" \/>\n<meta property=\"og:type\" content=\"article\" \/>\n<meta property=\"og:title\" content=\"Mules bijoux artisanales pour femme avec poulpe en strass et cristaux.\" \/>\n<meta property=\"og:description\" content=\"Mules bijoux artisanales pour femme avec large bande orn\u00e9e d&#039;un poulpe r\u00e9alis\u00e9 en strass et cristaux.\" \/>\n<meta property=\"og:url\" content=\"https:\/\/ellebicalzature.it\/fr\/product\/mules-bijoux-artisanales-avec-poulpe\/\" \/>\n<meta property=\"og:site_name\" content=\"Ellebi\" \/>\n<meta property=\"article:publisher\" content=\"https:\/\/www.facebook.com\/ellebisandaliartigianaligallipoli\/\" \/>\n<meta property=\"article:modified_time\" content=\"2026-03-19T11:42:52+00:00\" \/>\n<meta property=\"og:image\" content=\"https:\/\/ellebicalzature.it\/wp-content\/uploads\/2024\/12\/immagine_1767106278.webp\" \/>\n\t<meta property=\"og:image:width\" content=\"1628\" \/>\n\t<meta property=\"og:image:height\" content=\"1363\" \/>\n\t<meta property=\"og:image:type\" content=\"image\/webp\" \/>\n<meta name=\"twitter:card\" content=\"summary_large_image\" \/>\n<script type=\"application\/ld+json\" class=\"yoast-schema-graph\">{\"@context\":\"https:\\\/\\\/schema.org\",\"@graph\":[{\"@type\":\"WebPage\",\"@id\":\"https:\\\/\\\/ellebicalzature.it\\\/fr\\\/product\\\/mules-bijoux-artisanales-avec-poulpe\\\/\",\"url\":\"https:\\\/\\\/ellebicalzature.it\\\/fr\\\/product\\\/mules-bijoux-artisanales-avec-poulpe\\\/\",\"name\":\"Mules bijoux artisanales pour femme avec poulpe en strass et cristaux.\",\"isPartOf\":{\"@id\":\"https:\\\/\\\/ellebicalzature.it\\\/fr\\\/#website\"},\"primaryImageOfPage\":{\"@id\":\"https:\\\/\\\/ellebicalzature.it\\\/fr\\\/product\\\/mules-bijoux-artisanales-avec-poulpe\\\/#primaryimage\"},\"image\":{\"@id\":\"https:\\\/\\\/ellebicalzature.it\\\/fr\\\/product\\\/mules-bijoux-artisanales-avec-poulpe\\\/#primaryimage\"},\"thumbnailUrl\":\"https:\\\/\\\/ellebicalzature.it\\\/wp-content\\\/uploads\\\/2024\\\/12\\\/immagine_1767106278.webp\",\"datePublished\":\"2024-12-23T14:31:29+00:00\",\"dateModified\":\"2026-03-19T11:42:52+00:00\",\"description\":\"Mules bijoux artisanales pour femme avec large bande orn\u00e9e d'un poulpe r\u00e9alis\u00e9 en strass et cristaux.\",\"breadcrumb\":{\"@id\":\"https:\\\/\\\/ellebicalzature.it\\\/fr\\\/product\\\/mules-bijoux-artisanales-avec-poulpe\\\/#breadcrumb\"},\"inLanguage\":\"fr-FR\",\"potentialAction\":[{\"@type\":\"ReadAction\",\"target\":[\"https:\\\/\\\/ellebicalzature.it\\\/fr\\\/product\\\/mules-bijoux-artisanales-avec-poulpe\\\/\"]}]},{\"@type\":\"ImageObject\",\"inLanguage\":\"fr-FR\",\"@id\":\"https:\\\/\\\/ellebicalzature.it\\\/fr\\\/product\\\/mules-bijoux-artisanales-avec-poulpe\\\/#primaryimage\",\"url\":\"https:\\\/\\\/ellebicalzature.it\\\/wp-content\\\/uploads\\\/2024\\\/12\\\/immagine_1767106278.webp\",\"contentUrl\":\"https:\\\/\\\/ellebicalzature.it\\\/wp-content\\\/uploads\\\/2024\\\/12\\\/immagine_1767106278.webp\",\"width\":1628,\"height\":1363},{\"@type\":\"BreadcrumbList\",\"@id\":\"https:\\\/\\\/ellebicalzature.it\\\/fr\\\/product\\\/mules-bijoux-artisanales-avec-poulpe\\\/#breadcrumb\",\"itemListElement\":[{\"@type\":\"ListItem\",\"position\":1,\"name\":\"Home\",\"item\":\"https:\\\/\\\/ellebicalzature.it\\\/fr\\\/\"},{\"@type\":\"ListItem\",\"position\":2,\"name\":\"Boutique\",\"item\":\"https:\\\/\\\/ellebicalzature.it\\\/fr\\\/boutique\\\/\"},{\"@type\":\"ListItem\",\"position\":3,\"name\":\"Mules bijoux artisanales avec poulpe\"}]},{\"@type\":\"WebSite\",\"@id\":\"https:\\\/\\\/ellebicalzature.it\\\/fr\\\/#website\",\"url\":\"https:\\\/\\\/ellebicalzature.it\\\/fr\\\/\",\"name\":\"Elleb\u00ec\",\"description\":\"Calzature e accessori Gallipoli\",\"publisher\":{\"@id\":\"https:\\\/\\\/ellebicalzature.it\\\/fr\\\/#organization\"},\"alternateName\":\"Elleb\u00ec | Calzature Gallipoli\",\"potentialAction\":[{\"@type\":\"SearchAction\",\"target\":{\"@type\":\"EntryPoint\",\"urlTemplate\":\"https:\\\/\\\/ellebicalzature.it\\\/fr\\\/?s={search_term_string}\"},\"query-input\":{\"@type\":\"PropertyValueSpecification\",\"valueRequired\":true,\"valueName\":\"search_term_string\"}}],\"inLanguage\":\"fr-FR\"},{\"@type\":\"Organization\",\"@id\":\"https:\\\/\\\/ellebicalzature.it\\\/fr\\\/#organization\",\"name\":\"Ellebi\",\"url\":\"https:\\\/\\\/ellebicalzature.it\\\/fr\\\/\",\"logo\":{\"@type\":\"ImageObject\",\"inLanguage\":\"fr-FR\",\"@id\":\"https:\\\/\\\/ellebicalzature.it\\\/fr\\\/#\\\/schema\\\/logo\\\/image\\\/\",\"url\":\"https:\\\/\\\/ellebicalzature.it\\\/wp-content\\\/uploads\\\/2024\\\/04\\\/logo-ellebi.png\",\"contentUrl\":\"https:\\\/\\\/ellebicalzature.it\\\/wp-content\\\/uploads\\\/2024\\\/04\\\/logo-ellebi.png\",\"width\":221,\"height\":131,\"caption\":\"Ellebi\"},\"image\":{\"@id\":\"https:\\\/\\\/ellebicalzature.it\\\/fr\\\/#\\\/schema\\\/logo\\\/image\\\/\"},\"sameAs\":[\"https:\\\/\\\/www.facebook.com\\\/ellebisandaliartigianaligallipoli\\\/\",\"https:\\\/\\\/www.instagram.com\\\/ellebicalzature\\\/?hl=it\"]}]}<\/script>\n<!-- \/ Yoast SEO plugin. -->","yoast_head_json":{"title":"Mules bijoux artisanales pour femme avec poulpe en strass et cristaux.","description":"Mules bijoux artisanales pour femme avec large bande orn\u00e9e d'un poulpe r\u00e9alis\u00e9 en strass et cristaux.","robots":{"index":"index","follow":"follow","max-snippet":"max-snippet:-1","max-image-preview":"max-image-preview:large","max-video-preview":"max-video-preview:-1"},"canonical":"https:\/\/ellebicalzature.it\/fr\/product\/mules-bijoux-artisanales-avec-poulpe\/","og_locale":"fr_FR","og_type":"article","og_title":"Mules bijoux artisanales pour femme avec poulpe en strass et cristaux.","og_description":"Mules bijoux artisanales pour femme avec large bande orn\u00e9e d'un poulpe r\u00e9alis\u00e9 en strass et cristaux.","og_url":"https:\/\/ellebicalzature.it\/fr\/product\/mules-bijoux-artisanales-avec-poulpe\/","og_site_name":"Ellebi","article_publisher":"https:\/\/www.facebook.com\/ellebisandaliartigianaligallipoli\/","article_modified_time":"2026-03-19T11:42:52+00:00","og_image":[{"width":1628,"height":1363,"url":"https:\/\/ellebicalzature.it\/wp-content\/uploads\/2024\/12\/immagine_1767106278.webp","type":"image\/webp"}],"twitter_card":"summary_large_image","schema":{"@context":"https:\/\/schema.org","@graph":[{"@type":"WebPage","@id":"https:\/\/ellebicalzature.it\/fr\/product\/mules-bijoux-artisanales-avec-poulpe\/","url":"https:\/\/ellebicalzature.it\/fr\/product\/mules-bijoux-artisanales-avec-poulpe\/","name":"Mules bijoux artisanales pour femme avec poulpe en strass et cristaux.","isPartOf":{"@id":"https:\/\/ellebicalzature.it\/fr\/#website"},"primaryImageOfPage":{"@id":"https:\/\/ellebicalzature.it\/fr\/product\/mules-bijoux-artisanales-avec-poulpe\/#primaryimage"},"image":{"@id":"https:\/\/ellebicalzature.it\/fr\/product\/mules-bijoux-artisanales-avec-poulpe\/#primaryimage"},"thumbnailUrl":"https:\/\/ellebicalzature.it\/wp-content\/uploads\/2024\/12\/immagine_1767106278.webp","datePublished":"2024-12-23T14:31:29+00:00","dateModified":"2026-03-19T11:42:52+00:00","description":"Mules bijoux artisanales pour femme avec large bande orn\u00e9e d'un poulpe r\u00e9alis\u00e9 en strass et cristaux.","breadcrumb":{"@id":"https:\/\/ellebicalzature.it\/fr\/product\/mules-bijoux-artisanales-avec-poulpe\/#breadcrumb"},"inLanguage":"fr-FR","potentialAction":[{"@type":"ReadAction","target":["https:\/\/ellebicalzature.it\/fr\/product\/mules-bijoux-artisanales-avec-poulpe\/"]}]},{"@type":"ImageObject","inLanguage":"fr-FR","@id":"https:\/\/ellebicalzature.it\/fr\/product\/mules-bijoux-artisanales-avec-poulpe\/#primaryimage","url":"https:\/\/ellebicalzature.it\/wp-content\/uploads\/2024\/12\/immagine_1767106278.webp","contentUrl":"https:\/\/ellebicalzature.it\/wp-content\/uploads\/2024\/12\/immagine_1767106278.webp","width":1628,"height":1363},{"@type":"BreadcrumbList","@id":"https:\/\/ellebicalzature.it\/fr\/product\/mules-bijoux-artisanales-avec-poulpe\/#breadcrumb","itemListElement":[{"@type":"ListItem","position":1,"name":"Home","item":"https:\/\/ellebicalzature.it\/fr\/"},{"@type":"ListItem","position":2,"name":"Boutique","item":"https:\/\/ellebicalzature.it\/fr\/boutique\/"},{"@type":"ListItem","position":3,"name":"Mules bijoux artisanales avec poulpe"}]},{"@type":"WebSite","@id":"https:\/\/ellebicalzature.it\/fr\/#website","url":"https:\/\/ellebicalzature.it\/fr\/","name":"Elleb\u00ec","description":"Calzature e accessori Gallipoli","publisher":{"@id":"https:\/\/ellebicalzature.it\/fr\/#organization"},"alternateName":"Elleb\u00ec | Calzature Gallipoli","potentialAction":[{"@type":"SearchAction","target":{"@type":"EntryPoint","urlTemplate":"https:\/\/ellebicalzature.it\/fr\/?s={search_term_string}"},"query-input":{"@type":"PropertyValueSpecification","valueRequired":true,"valueName":"search_term_string"}}],"inLanguage":"fr-FR"},{"@type":"Organization","@id":"https:\/\/ellebicalzature.it\/fr\/#organization","name":"Ellebi","url":"https:\/\/ellebicalzature.it\/fr\/","logo":{"@type":"ImageObject","inLanguage":"fr-FR","@id":"https:\/\/ellebicalzature.it\/fr\/#\/schema\/logo\/image\/","url":"https:\/\/ellebicalzature.it\/wp-content\/uploads\/2024\/04\/logo-ellebi.png","contentUrl":"https:\/\/ellebicalzature.it\/wp-content\/uploads\/2024\/04\/logo-ellebi.png","width":221,"height":131,"caption":"Ellebi"},"image":{"@id":"https:\/\/ellebicalzature.it\/fr\/#\/schema\/logo\/image\/"},"sameAs":["https:\/\/www.facebook.com\/ellebisandaliartigianaligallipoli\/","https:\/\/www.instagram.com\/ellebicalzature\/?hl=it"]}]}},"_links":{"self":[{"href":"https:\/\/ellebicalzature.it\/fr\/wp-json\/wp\/v2\/product\/45257","targetHints":{"allow":["GET"]}}],"collection":[{"href":"https:\/\/ellebicalzature.it\/fr\/wp-json\/wp\/v2\/product"}],"about":[{"href":"https:\/\/ellebicalzature.it\/fr\/wp-json\/wp\/v2\/types\/product"}],"replies":[{"embeddable":true,"href":"https:\/\/ellebicalzature.it\/fr\/wp-json\/wp\/v2\/comments?post=45257"}],"version-history":[{"count":1,"href":"https:\/\/ellebicalzature.it\/fr\/wp-json\/wp\/v2\/product\/45257\/revisions"}],"predecessor-version":[{"id":45270,"href":"https:\/\/ellebicalzature.it\/fr\/wp-json\/wp\/v2\/product\/45257\/revisions\/45270"}],"wp:featuredmedia":[{"embeddable":true,"href":"https:\/\/ellebicalzature.it\/fr\/wp-json\/wp\/v2\/media\/69984"}],"wp:attachment":[{"href":"https:\/\/ellebicalzature.it\/fr\/wp-json\/wp\/v2\/media?parent=45257"}],"wp:term":[{"taxonomy":"product_brand","embeddable":true,"href":"https:\/\/ellebicalzature.it\/fr\/wp-json\/wp\/v2\/product_brand?post=45257"},{"taxonomy":"product_cat","embeddable":true,"href":"https:\/\/ellebicalzature.it\/fr\/wp-json\/wp\/v2\/product_cat?post=45257"},{"taxonomy":"product_tag","embeddable":true,"href":"https:\/\/ellebicalzature.it\/fr\/wp-json\/wp\/v2\/product_tag?post=45257"}],"curies":[{"name":"wp","href":"https:\/\/api.w.org\/{rel}","templated":true}]}}