{"id":45367,"date":"2024-12-20T15:33:18","date_gmt":"2024-12-20T15:33:18","guid":{"rendered":"https:\/\/ellebicalzature.it\/product\/sandales-artisanales-modele-spartiates-en-cuir-imprime-python\/"},"modified":"2026-03-19T12:42:52","modified_gmt":"2026-03-19T11:42:52","slug":"sandales-artisanales-modele-spartiates-en-cuir-imprime-python","status":"publish","type":"product","link":"https:\/\/ellebicalzature.it\/fr\/product\/sandales-artisanales-modele-spartiates-en-cuir-imprime-python\/","title":{"rendered":"Sandales artisanales mod\u00e8le spartiates en cuir imprim\u00e9 python"},"content":{"rendered":"<p>Sandales artisanales pour femme mod\u00e8le spartiates en cuir imprim\u00e9 python.<\/p>\n","protected":false},"excerpt":{"rendered":"<p>Sandales artisanales pour femme mod\u00e8le spartiates en cuir imprim\u00e9 python. Tige en cuir, semelle int\u00e9rieure en cuir et semelle ext\u00e9rieure en cuir. Produits fabriqu\u00e9s \u00e0 la main par des artisans du Salento utilisant des mat\u00e9riaux de premi\u00e8re qualit\u00e9. Chaussant r\u00e9gulier.   <\/p>\n","protected":false},"featured_media":70000,"comment_status":"open","ping_status":"closed","template":"","meta":{"_monsterinsights_skip_tracking":false,"_monsterinsights_sitenote_active":false,"_monsterinsights_sitenote_note":"","_monsterinsights_sitenote_category":0},"product_brand":[],"product_cat":[1217,1221,1214],"product_tag":[1630],"class_list":{"0":"post-45367","1":"product","2":"type-product","3":"status-publish","4":"has-post-thumbnail","6":"product_cat-chaussures-artisanales-femme","7":"product_cat-nouveautes","8":"product_cat-sandales-artisanales-femme-spartiates","9":"product_tag-sandales-artisanales-femme","10":"pa_colore-bronze","11":"pa_colore-emeraude","12":"pa_colore-platine","13":"pa_taglia-1349","14":"pa_taglia-1356","15":"pa_taglia-1354","16":"pa_taglia-1357","17":"pa_taglia-1355","18":"pa_taglia-1353","19":"pa_taglia-1352","20":"pa_taglia-1351","21":"pa_taglia-1350","23":"first","24":"instock","25":"taxable","26":"shipping-taxable","27":"purchasable","28":"product-type-variable"},"yoast_head":"<!-- This site is optimized with the Yoast SEO plugin v27.3 - https:\/\/yoast.com\/product\/yoast-seo-wordpress\/ -->\n<title>Sandales artisanales mod\u00e8le spartiates en cuir imprim\u00e9 python | Ellebi<\/title>\n<meta name=\"description\" content=\"Sandales artisanales pour femme mod\u00e8le spartiates en cuir imprim\u00e9 python. Tige en cuir, semelle int\u00e9rieure en cuir et semelle en cuir.\" \/>\n<meta name=\"robots\" content=\"index, follow, max-snippet:-1, max-image-preview:large, max-video-preview:-1\" \/>\n<link rel=\"canonical\" href=\"https:\/\/ellebicalzature.it\/fr\/product\/sandales-artisanales-modele-spartiates-en-cuir-imprime-python\/\" \/>\n<meta property=\"og:locale\" content=\"fr_FR\" \/>\n<meta property=\"og:type\" content=\"article\" \/>\n<meta property=\"og:title\" content=\"Sandales artisanales mod\u00e8le spartiates en cuir imprim\u00e9 python | Ellebi\" \/>\n<meta property=\"og:description\" content=\"Sandales artisanales pour femme mod\u00e8le spartiates en cuir imprim\u00e9 python. Tige en cuir, semelle int\u00e9rieure en cuir et semelle en cuir.\" \/>\n<meta property=\"og:url\" content=\"https:\/\/ellebicalzature.it\/fr\/product\/sandales-artisanales-modele-spartiates-en-cuir-imprime-python\/\" \/>\n<meta property=\"og:site_name\" content=\"Ellebi\" \/>\n<meta property=\"article:publisher\" content=\"https:\/\/www.facebook.com\/ellebisandaliartigianaligallipoli\/\" \/>\n<meta property=\"article:modified_time\" content=\"2026-03-19T11:42:52+00:00\" \/>\n<meta property=\"og:image\" content=\"https:\/\/ellebicalzature.it\/wp-content\/uploads\/2024\/12\/immagine_1767173470.webp\" \/>\n\t<meta property=\"og:image:width\" content=\"1544\" \/>\n\t<meta property=\"og:image:height\" content=\"1503\" \/>\n\t<meta property=\"og:image:type\" content=\"image\/webp\" \/>\n<meta name=\"twitter:card\" content=\"summary_large_image\" \/>\n<script type=\"application\/ld+json\" class=\"yoast-schema-graph\">{\"@context\":\"https:\\\/\\\/schema.org\",\"@graph\":[{\"@type\":\"WebPage\",\"@id\":\"https:\\\/\\\/ellebicalzature.it\\\/fr\\\/product\\\/sandales-artisanales-modele-spartiates-en-cuir-imprime-python\\\/\",\"url\":\"https:\\\/\\\/ellebicalzature.it\\\/fr\\\/product\\\/sandales-artisanales-modele-spartiates-en-cuir-imprime-python\\\/\",\"name\":\"Sandales artisanales mod\u00e8le spartiates en cuir imprim\u00e9 python | Ellebi\",\"isPartOf\":{\"@id\":\"https:\\\/\\\/ellebicalzature.it\\\/fr\\\/#website\"},\"primaryImageOfPage\":{\"@id\":\"https:\\\/\\\/ellebicalzature.it\\\/fr\\\/product\\\/sandales-artisanales-modele-spartiates-en-cuir-imprime-python\\\/#primaryimage\"},\"image\":{\"@id\":\"https:\\\/\\\/ellebicalzature.it\\\/fr\\\/product\\\/sandales-artisanales-modele-spartiates-en-cuir-imprime-python\\\/#primaryimage\"},\"thumbnailUrl\":\"https:\\\/\\\/ellebicalzature.it\\\/wp-content\\\/uploads\\\/2024\\\/12\\\/immagine_1767173470.webp\",\"datePublished\":\"2024-12-20T15:33:18+00:00\",\"dateModified\":\"2026-03-19T11:42:52+00:00\",\"description\":\"Sandales artisanales pour femme mod\u00e8le spartiates en cuir imprim\u00e9 python. Tige en cuir, semelle int\u00e9rieure en cuir et semelle en cuir.\",\"breadcrumb\":{\"@id\":\"https:\\\/\\\/ellebicalzature.it\\\/fr\\\/product\\\/sandales-artisanales-modele-spartiates-en-cuir-imprime-python\\\/#breadcrumb\"},\"inLanguage\":\"fr-FR\",\"potentialAction\":[{\"@type\":\"ReadAction\",\"target\":[\"https:\\\/\\\/ellebicalzature.it\\\/fr\\\/product\\\/sandales-artisanales-modele-spartiates-en-cuir-imprime-python\\\/\"]}]},{\"@type\":\"ImageObject\",\"inLanguage\":\"fr-FR\",\"@id\":\"https:\\\/\\\/ellebicalzature.it\\\/fr\\\/product\\\/sandales-artisanales-modele-spartiates-en-cuir-imprime-python\\\/#primaryimage\",\"url\":\"https:\\\/\\\/ellebicalzature.it\\\/wp-content\\\/uploads\\\/2024\\\/12\\\/immagine_1767173470.webp\",\"contentUrl\":\"https:\\\/\\\/ellebicalzature.it\\\/wp-content\\\/uploads\\\/2024\\\/12\\\/immagine_1767173470.webp\",\"width\":1544,\"height\":1503},{\"@type\":\"BreadcrumbList\",\"@id\":\"https:\\\/\\\/ellebicalzature.it\\\/fr\\\/product\\\/sandales-artisanales-modele-spartiates-en-cuir-imprime-python\\\/#breadcrumb\",\"itemListElement\":[{\"@type\":\"ListItem\",\"position\":1,\"name\":\"Home\",\"item\":\"https:\\\/\\\/ellebicalzature.it\\\/fr\\\/\"},{\"@type\":\"ListItem\",\"position\":2,\"name\":\"Boutique\",\"item\":\"https:\\\/\\\/ellebicalzature.it\\\/fr\\\/boutique\\\/\"},{\"@type\":\"ListItem\",\"position\":3,\"name\":\"Sandales artisanales mod\u00e8le spartiates en cuir imprim\u00e9 python\"}]},{\"@type\":\"WebSite\",\"@id\":\"https:\\\/\\\/ellebicalzature.it\\\/fr\\\/#website\",\"url\":\"https:\\\/\\\/ellebicalzature.it\\\/fr\\\/\",\"name\":\"Elleb\u00ec\",\"description\":\"Calzature e accessori Gallipoli\",\"publisher\":{\"@id\":\"https:\\\/\\\/ellebicalzature.it\\\/fr\\\/#organization\"},\"alternateName\":\"Elleb\u00ec | Calzature Gallipoli\",\"potentialAction\":[{\"@type\":\"SearchAction\",\"target\":{\"@type\":\"EntryPoint\",\"urlTemplate\":\"https:\\\/\\\/ellebicalzature.it\\\/fr\\\/?s={search_term_string}\"},\"query-input\":{\"@type\":\"PropertyValueSpecification\",\"valueRequired\":true,\"valueName\":\"search_term_string\"}}],\"inLanguage\":\"fr-FR\"},{\"@type\":\"Organization\",\"@id\":\"https:\\\/\\\/ellebicalzature.it\\\/fr\\\/#organization\",\"name\":\"Ellebi\",\"url\":\"https:\\\/\\\/ellebicalzature.it\\\/fr\\\/\",\"logo\":{\"@type\":\"ImageObject\",\"inLanguage\":\"fr-FR\",\"@id\":\"https:\\\/\\\/ellebicalzature.it\\\/fr\\\/#\\\/schema\\\/logo\\\/image\\\/\",\"url\":\"https:\\\/\\\/ellebicalzature.it\\\/wp-content\\\/uploads\\\/2024\\\/04\\\/logo-ellebi.png\",\"contentUrl\":\"https:\\\/\\\/ellebicalzature.it\\\/wp-content\\\/uploads\\\/2024\\\/04\\\/logo-ellebi.png\",\"width\":221,\"height\":131,\"caption\":\"Ellebi\"},\"image\":{\"@id\":\"https:\\\/\\\/ellebicalzature.it\\\/fr\\\/#\\\/schema\\\/logo\\\/image\\\/\"},\"sameAs\":[\"https:\\\/\\\/www.facebook.com\\\/ellebisandaliartigianaligallipoli\\\/\",\"https:\\\/\\\/www.instagram.com\\\/ellebicalzature\\\/?hl=it\"]}]}<\/script>\n<!-- \/ Yoast SEO plugin. -->","yoast_head_json":{"title":"Sandales artisanales mod\u00e8le spartiates en cuir imprim\u00e9 python | Ellebi","description":"Sandales artisanales pour femme mod\u00e8le spartiates en cuir imprim\u00e9 python. Tige en cuir, semelle int\u00e9rieure en cuir et semelle en cuir.","robots":{"index":"index","follow":"follow","max-snippet":"max-snippet:-1","max-image-preview":"max-image-preview:large","max-video-preview":"max-video-preview:-1"},"canonical":"https:\/\/ellebicalzature.it\/fr\/product\/sandales-artisanales-modele-spartiates-en-cuir-imprime-python\/","og_locale":"fr_FR","og_type":"article","og_title":"Sandales artisanales mod\u00e8le spartiates en cuir imprim\u00e9 python | Ellebi","og_description":"Sandales artisanales pour femme mod\u00e8le spartiates en cuir imprim\u00e9 python. Tige en cuir, semelle int\u00e9rieure en cuir et semelle en cuir.","og_url":"https:\/\/ellebicalzature.it\/fr\/product\/sandales-artisanales-modele-spartiates-en-cuir-imprime-python\/","og_site_name":"Ellebi","article_publisher":"https:\/\/www.facebook.com\/ellebisandaliartigianaligallipoli\/","article_modified_time":"2026-03-19T11:42:52+00:00","og_image":[{"width":1544,"height":1503,"url":"https:\/\/ellebicalzature.it\/wp-content\/uploads\/2024\/12\/immagine_1767173470.webp","type":"image\/webp"}],"twitter_card":"summary_large_image","schema":{"@context":"https:\/\/schema.org","@graph":[{"@type":"WebPage","@id":"https:\/\/ellebicalzature.it\/fr\/product\/sandales-artisanales-modele-spartiates-en-cuir-imprime-python\/","url":"https:\/\/ellebicalzature.it\/fr\/product\/sandales-artisanales-modele-spartiates-en-cuir-imprime-python\/","name":"Sandales artisanales mod\u00e8le spartiates en cuir imprim\u00e9 python | Ellebi","isPartOf":{"@id":"https:\/\/ellebicalzature.it\/fr\/#website"},"primaryImageOfPage":{"@id":"https:\/\/ellebicalzature.it\/fr\/product\/sandales-artisanales-modele-spartiates-en-cuir-imprime-python\/#primaryimage"},"image":{"@id":"https:\/\/ellebicalzature.it\/fr\/product\/sandales-artisanales-modele-spartiates-en-cuir-imprime-python\/#primaryimage"},"thumbnailUrl":"https:\/\/ellebicalzature.it\/wp-content\/uploads\/2024\/12\/immagine_1767173470.webp","datePublished":"2024-12-20T15:33:18+00:00","dateModified":"2026-03-19T11:42:52+00:00","description":"Sandales artisanales pour femme mod\u00e8le spartiates en cuir imprim\u00e9 python. Tige en cuir, semelle int\u00e9rieure en cuir et semelle en cuir.","breadcrumb":{"@id":"https:\/\/ellebicalzature.it\/fr\/product\/sandales-artisanales-modele-spartiates-en-cuir-imprime-python\/#breadcrumb"},"inLanguage":"fr-FR","potentialAction":[{"@type":"ReadAction","target":["https:\/\/ellebicalzature.it\/fr\/product\/sandales-artisanales-modele-spartiates-en-cuir-imprime-python\/"]}]},{"@type":"ImageObject","inLanguage":"fr-FR","@id":"https:\/\/ellebicalzature.it\/fr\/product\/sandales-artisanales-modele-spartiates-en-cuir-imprime-python\/#primaryimage","url":"https:\/\/ellebicalzature.it\/wp-content\/uploads\/2024\/12\/immagine_1767173470.webp","contentUrl":"https:\/\/ellebicalzature.it\/wp-content\/uploads\/2024\/12\/immagine_1767173470.webp","width":1544,"height":1503},{"@type":"BreadcrumbList","@id":"https:\/\/ellebicalzature.it\/fr\/product\/sandales-artisanales-modele-spartiates-en-cuir-imprime-python\/#breadcrumb","itemListElement":[{"@type":"ListItem","position":1,"name":"Home","item":"https:\/\/ellebicalzature.it\/fr\/"},{"@type":"ListItem","position":2,"name":"Boutique","item":"https:\/\/ellebicalzature.it\/fr\/boutique\/"},{"@type":"ListItem","position":3,"name":"Sandales artisanales mod\u00e8le spartiates en cuir imprim\u00e9 python"}]},{"@type":"WebSite","@id":"https:\/\/ellebicalzature.it\/fr\/#website","url":"https:\/\/ellebicalzature.it\/fr\/","name":"Elleb\u00ec","description":"Calzature e accessori Gallipoli","publisher":{"@id":"https:\/\/ellebicalzature.it\/fr\/#organization"},"alternateName":"Elleb\u00ec | Calzature Gallipoli","potentialAction":[{"@type":"SearchAction","target":{"@type":"EntryPoint","urlTemplate":"https:\/\/ellebicalzature.it\/fr\/?s={search_term_string}"},"query-input":{"@type":"PropertyValueSpecification","valueRequired":true,"valueName":"search_term_string"}}],"inLanguage":"fr-FR"},{"@type":"Organization","@id":"https:\/\/ellebicalzature.it\/fr\/#organization","name":"Ellebi","url":"https:\/\/ellebicalzature.it\/fr\/","logo":{"@type":"ImageObject","inLanguage":"fr-FR","@id":"https:\/\/ellebicalzature.it\/fr\/#\/schema\/logo\/image\/","url":"https:\/\/ellebicalzature.it\/wp-content\/uploads\/2024\/04\/logo-ellebi.png","contentUrl":"https:\/\/ellebicalzature.it\/wp-content\/uploads\/2024\/04\/logo-ellebi.png","width":221,"height":131,"caption":"Ellebi"},"image":{"@id":"https:\/\/ellebicalzature.it\/fr\/#\/schema\/logo\/image\/"},"sameAs":["https:\/\/www.facebook.com\/ellebisandaliartigianaligallipoli\/","https:\/\/www.instagram.com\/ellebicalzature\/?hl=it"]}]}},"_links":{"self":[{"href":"https:\/\/ellebicalzature.it\/fr\/wp-json\/wp\/v2\/product\/45367","targetHints":{"allow":["GET"]}}],"collection":[{"href":"https:\/\/ellebicalzature.it\/fr\/wp-json\/wp\/v2\/product"}],"about":[{"href":"https:\/\/ellebicalzature.it\/fr\/wp-json\/wp\/v2\/types\/product"}],"replies":[{"embeddable":true,"href":"https:\/\/ellebicalzature.it\/fr\/wp-json\/wp\/v2\/comments?post=45367"}],"version-history":[{"count":1,"href":"https:\/\/ellebicalzature.it\/fr\/wp-json\/wp\/v2\/product\/45367\/revisions"}],"predecessor-version":[{"id":45398,"href":"https:\/\/ellebicalzature.it\/fr\/wp-json\/wp\/v2\/product\/45367\/revisions\/45398"}],"wp:featuredmedia":[{"embeddable":true,"href":"https:\/\/ellebicalzature.it\/fr\/wp-json\/wp\/v2\/media\/70000"}],"wp:attachment":[{"href":"https:\/\/ellebicalzature.it\/fr\/wp-json\/wp\/v2\/media?parent=45367"}],"wp:term":[{"taxonomy":"product_brand","embeddable":true,"href":"https:\/\/ellebicalzature.it\/fr\/wp-json\/wp\/v2\/product_brand?post=45367"},{"taxonomy":"product_cat","embeddable":true,"href":"https:\/\/ellebicalzature.it\/fr\/wp-json\/wp\/v2\/product_cat?post=45367"},{"taxonomy":"product_tag","embeddable":true,"href":"https:\/\/ellebicalzature.it\/fr\/wp-json\/wp\/v2\/product_tag?post=45367"}],"curies":[{"name":"wp","href":"https:\/\/api.w.org\/{rel}","templated":true}]}}