{"id":49613,"date":"2023-01-30T12:41:02","date_gmt":"2023-01-30T12:41:02","guid":{"rendered":"https:\/\/ellebicalzature.it\/product\/mules-artisanales-hermes-en-daim\/"},"modified":"2026-03-19T13:01:09","modified_gmt":"2026-03-19T12:01:09","slug":"mules-artisanales-hermes-en-daim","status":"publish","type":"product","link":"https:\/\/ellebicalzature.it\/fr\/product\/mules-artisanales-hermes-en-daim\/","title":{"rendered":"Mules artisanales Herm\u00e8s en daim"},"content":{"rendered":"<p>Mules artisanales pour femme de type Herm\u00e8s avec bride centrale. Tige en cuir su\u00e9d\u00e9, semelle int\u00e9rieure rembourr\u00e9e, semelle en cuir et talon de 3 cm.<br \/>\nR\u00e9alis\u00e9es \u00e0 la main par des artisans du Salento, avec des cuirs de premier choix. <\/p>\n","protected":false},"excerpt":{"rendered":"<p>Mules artisanales pour femme de type Herm\u00e8s avec bride centrale. Tige en cuir su\u00e9d\u00e9, semelle int\u00e9rieure rembourr\u00e9e, semelle en cuir et talon de 3 cm. <\/p>\n","protected":false},"featured_media":70172,"comment_status":"closed","ping_status":"closed","template":"","meta":{"_monsterinsights_skip_tracking":false,"_monsterinsights_sitenote_active":false,"_monsterinsights_sitenote_note":"","_monsterinsights_sitenote_category":0},"product_brand":[],"product_cat":[1217,1228,1212],"product_tag":[2008],"class_list":{"0":"post-49613","1":"product","2":"type-product","3":"status-publish","4":"has-post-thumbnail","6":"product_cat-chaussures-artisanales-femme","7":"product_cat-mules-artisanales-femme","8":"product_cat-sandales-artisanales-femme-bijoux","9":"product_tag-mule-artisanale-femme","10":"pa_colore-beige","11":"pa_colore-bleu-ciel","12":"pa_colore-bleu-royal","13":"pa_colore-jaune","14":"pa_colore-marron-avec-paillettes","15":"pa_colore-rouge","16":"pa_colore-vert-sauge","17":"pa_taglia-1757","18":"pa_taglia-1756","19":"pa_taglia-1349","20":"pa_taglia-1356","21":"pa_taglia-1354","22":"pa_taglia-1357","23":"pa_taglia-1355","24":"pa_taglia-1353","25":"pa_taglia-1352","26":"pa_taglia-1351","27":"pa_taglia-1350","29":"first","30":"instock","31":"purchasable","32":"product-type-variable"},"yoast_head":"<!-- This site is optimized with the Yoast SEO plugin v27.3 - https:\/\/yoast.com\/product\/yoast-seo-wordpress\/ -->\n<title>Mules artisanales pour femme Herm\u00e8s en daim<\/title>\n<meta name=\"description\" content=\"Mules artisanales pour femme de type Herm\u00e8s avec bride centrale. Tige en cuir su\u00e9d\u00e9, semelle int\u00e9rieure rembourr\u00e9e, semelle en cuir et talon de 3 cm.\" \/>\n<meta name=\"robots\" content=\"index, follow, max-snippet:-1, max-image-preview:large, max-video-preview:-1\" \/>\n<link rel=\"canonical\" href=\"https:\/\/ellebicalzature.it\/fr\/product\/mules-artisanales-hermes-en-daim\/\" \/>\n<meta property=\"og:locale\" content=\"fr_FR\" \/>\n<meta property=\"og:type\" content=\"article\" \/>\n<meta property=\"og:title\" content=\"Mules artisanales pour femme Herm\u00e8s en daim\" \/>\n<meta property=\"og:description\" content=\"Mules artisanales pour femme de type Herm\u00e8s avec bride centrale. Tige en cuir su\u00e9d\u00e9, semelle int\u00e9rieure rembourr\u00e9e, semelle en cuir et talon de 3 cm.\" \/>\n<meta property=\"og:url\" content=\"https:\/\/ellebicalzature.it\/fr\/product\/mules-artisanales-hermes-en-daim\/\" \/>\n<meta property=\"og:site_name\" content=\"Ellebi\" \/>\n<meta property=\"article:publisher\" content=\"https:\/\/www.facebook.com\/ellebisandaliartigianaligallipoli\/\" \/>\n<meta property=\"article:modified_time\" content=\"2026-03-19T12:01:09+00:00\" \/>\n<meta property=\"og:image\" content=\"https:\/\/ellebicalzature.it\/wp-content\/uploads\/2023\/01\/immagine_1767266909.webp\" \/>\n\t<meta property=\"og:image:width\" content=\"733\" \/>\n\t<meta property=\"og:image:height\" content=\"759\" \/>\n\t<meta property=\"og:image:type\" content=\"image\/webp\" \/>\n<meta name=\"twitter:card\" content=\"summary_large_image\" \/>\n<script type=\"application\/ld+json\" class=\"yoast-schema-graph\">{\"@context\":\"https:\\\/\\\/schema.org\",\"@graph\":[{\"@type\":\"WebPage\",\"@id\":\"https:\\\/\\\/ellebicalzature.it\\\/fr\\\/product\\\/mules-artisanales-hermes-en-daim\\\/\",\"url\":\"https:\\\/\\\/ellebicalzature.it\\\/fr\\\/product\\\/mules-artisanales-hermes-en-daim\\\/\",\"name\":\"Mules artisanales pour femme Herm\u00e8s en daim\",\"isPartOf\":{\"@id\":\"https:\\\/\\\/ellebicalzature.it\\\/fr\\\/#website\"},\"primaryImageOfPage\":{\"@id\":\"https:\\\/\\\/ellebicalzature.it\\\/fr\\\/product\\\/mules-artisanales-hermes-en-daim\\\/#primaryimage\"},\"image\":{\"@id\":\"https:\\\/\\\/ellebicalzature.it\\\/fr\\\/product\\\/mules-artisanales-hermes-en-daim\\\/#primaryimage\"},\"thumbnailUrl\":\"https:\\\/\\\/ellebicalzature.it\\\/wp-content\\\/uploads\\\/2023\\\/01\\\/immagine_1767266909.webp\",\"datePublished\":\"2023-01-30T12:41:02+00:00\",\"dateModified\":\"2026-03-19T12:01:09+00:00\",\"description\":\"Mules artisanales pour femme de type Herm\u00e8s avec bride centrale. Tige en cuir su\u00e9d\u00e9, semelle int\u00e9rieure rembourr\u00e9e, semelle en cuir et talon de 3 cm.\",\"breadcrumb\":{\"@id\":\"https:\\\/\\\/ellebicalzature.it\\\/fr\\\/product\\\/mules-artisanales-hermes-en-daim\\\/#breadcrumb\"},\"inLanguage\":\"fr-FR\",\"potentialAction\":[{\"@type\":\"ReadAction\",\"target\":[\"https:\\\/\\\/ellebicalzature.it\\\/fr\\\/product\\\/mules-artisanales-hermes-en-daim\\\/\"]}]},{\"@type\":\"ImageObject\",\"inLanguage\":\"fr-FR\",\"@id\":\"https:\\\/\\\/ellebicalzature.it\\\/fr\\\/product\\\/mules-artisanales-hermes-en-daim\\\/#primaryimage\",\"url\":\"https:\\\/\\\/ellebicalzature.it\\\/wp-content\\\/uploads\\\/2023\\\/01\\\/immagine_1767266909.webp\",\"contentUrl\":\"https:\\\/\\\/ellebicalzature.it\\\/wp-content\\\/uploads\\\/2023\\\/01\\\/immagine_1767266909.webp\",\"width\":733,\"height\":759},{\"@type\":\"BreadcrumbList\",\"@id\":\"https:\\\/\\\/ellebicalzature.it\\\/fr\\\/product\\\/mules-artisanales-hermes-en-daim\\\/#breadcrumb\",\"itemListElement\":[{\"@type\":\"ListItem\",\"position\":1,\"name\":\"Home\",\"item\":\"https:\\\/\\\/ellebicalzature.it\\\/fr\\\/\"},{\"@type\":\"ListItem\",\"position\":2,\"name\":\"Boutique\",\"item\":\"https:\\\/\\\/ellebicalzature.it\\\/fr\\\/boutique\\\/\"},{\"@type\":\"ListItem\",\"position\":3,\"name\":\"Mules artisanales Herm\u00e8s en daim\"}]},{\"@type\":\"WebSite\",\"@id\":\"https:\\\/\\\/ellebicalzature.it\\\/fr\\\/#website\",\"url\":\"https:\\\/\\\/ellebicalzature.it\\\/fr\\\/\",\"name\":\"Elleb\u00ec\",\"description\":\"Calzature e accessori Gallipoli\",\"publisher\":{\"@id\":\"https:\\\/\\\/ellebicalzature.it\\\/fr\\\/#organization\"},\"alternateName\":\"Elleb\u00ec | Calzature Gallipoli\",\"potentialAction\":[{\"@type\":\"SearchAction\",\"target\":{\"@type\":\"EntryPoint\",\"urlTemplate\":\"https:\\\/\\\/ellebicalzature.it\\\/fr\\\/?s={search_term_string}\"},\"query-input\":{\"@type\":\"PropertyValueSpecification\",\"valueRequired\":true,\"valueName\":\"search_term_string\"}}],\"inLanguage\":\"fr-FR\"},{\"@type\":\"Organization\",\"@id\":\"https:\\\/\\\/ellebicalzature.it\\\/fr\\\/#organization\",\"name\":\"Ellebi\",\"url\":\"https:\\\/\\\/ellebicalzature.it\\\/fr\\\/\",\"logo\":{\"@type\":\"ImageObject\",\"inLanguage\":\"fr-FR\",\"@id\":\"https:\\\/\\\/ellebicalzature.it\\\/fr\\\/#\\\/schema\\\/logo\\\/image\\\/\",\"url\":\"https:\\\/\\\/ellebicalzature.it\\\/wp-content\\\/uploads\\\/2024\\\/04\\\/logo-ellebi.png\",\"contentUrl\":\"https:\\\/\\\/ellebicalzature.it\\\/wp-content\\\/uploads\\\/2024\\\/04\\\/logo-ellebi.png\",\"width\":221,\"height\":131,\"caption\":\"Ellebi\"},\"image\":{\"@id\":\"https:\\\/\\\/ellebicalzature.it\\\/fr\\\/#\\\/schema\\\/logo\\\/image\\\/\"},\"sameAs\":[\"https:\\\/\\\/www.facebook.com\\\/ellebisandaliartigianaligallipoli\\\/\",\"https:\\\/\\\/www.instagram.com\\\/ellebicalzature\\\/?hl=it\"]}]}<\/script>\n<!-- \/ Yoast SEO plugin. -->","yoast_head_json":{"title":"Mules artisanales pour femme Herm\u00e8s en daim","description":"Mules artisanales pour femme de type Herm\u00e8s avec bride centrale. Tige en cuir su\u00e9d\u00e9, semelle int\u00e9rieure rembourr\u00e9e, semelle en cuir et talon de 3 cm.","robots":{"index":"index","follow":"follow","max-snippet":"max-snippet:-1","max-image-preview":"max-image-preview:large","max-video-preview":"max-video-preview:-1"},"canonical":"https:\/\/ellebicalzature.it\/fr\/product\/mules-artisanales-hermes-en-daim\/","og_locale":"fr_FR","og_type":"article","og_title":"Mules artisanales pour femme Herm\u00e8s en daim","og_description":"Mules artisanales pour femme de type Herm\u00e8s avec bride centrale. Tige en cuir su\u00e9d\u00e9, semelle int\u00e9rieure rembourr\u00e9e, semelle en cuir et talon de 3 cm.","og_url":"https:\/\/ellebicalzature.it\/fr\/product\/mules-artisanales-hermes-en-daim\/","og_site_name":"Ellebi","article_publisher":"https:\/\/www.facebook.com\/ellebisandaliartigianaligallipoli\/","article_modified_time":"2026-03-19T12:01:09+00:00","og_image":[{"width":733,"height":759,"url":"https:\/\/ellebicalzature.it\/wp-content\/uploads\/2023\/01\/immagine_1767266909.webp","type":"image\/webp"}],"twitter_card":"summary_large_image","schema":{"@context":"https:\/\/schema.org","@graph":[{"@type":"WebPage","@id":"https:\/\/ellebicalzature.it\/fr\/product\/mules-artisanales-hermes-en-daim\/","url":"https:\/\/ellebicalzature.it\/fr\/product\/mules-artisanales-hermes-en-daim\/","name":"Mules artisanales pour femme Herm\u00e8s en daim","isPartOf":{"@id":"https:\/\/ellebicalzature.it\/fr\/#website"},"primaryImageOfPage":{"@id":"https:\/\/ellebicalzature.it\/fr\/product\/mules-artisanales-hermes-en-daim\/#primaryimage"},"image":{"@id":"https:\/\/ellebicalzature.it\/fr\/product\/mules-artisanales-hermes-en-daim\/#primaryimage"},"thumbnailUrl":"https:\/\/ellebicalzature.it\/wp-content\/uploads\/2023\/01\/immagine_1767266909.webp","datePublished":"2023-01-30T12:41:02+00:00","dateModified":"2026-03-19T12:01:09+00:00","description":"Mules artisanales pour femme de type Herm\u00e8s avec bride centrale. Tige en cuir su\u00e9d\u00e9, semelle int\u00e9rieure rembourr\u00e9e, semelle en cuir et talon de 3 cm.","breadcrumb":{"@id":"https:\/\/ellebicalzature.it\/fr\/product\/mules-artisanales-hermes-en-daim\/#breadcrumb"},"inLanguage":"fr-FR","potentialAction":[{"@type":"ReadAction","target":["https:\/\/ellebicalzature.it\/fr\/product\/mules-artisanales-hermes-en-daim\/"]}]},{"@type":"ImageObject","inLanguage":"fr-FR","@id":"https:\/\/ellebicalzature.it\/fr\/product\/mules-artisanales-hermes-en-daim\/#primaryimage","url":"https:\/\/ellebicalzature.it\/wp-content\/uploads\/2023\/01\/immagine_1767266909.webp","contentUrl":"https:\/\/ellebicalzature.it\/wp-content\/uploads\/2023\/01\/immagine_1767266909.webp","width":733,"height":759},{"@type":"BreadcrumbList","@id":"https:\/\/ellebicalzature.it\/fr\/product\/mules-artisanales-hermes-en-daim\/#breadcrumb","itemListElement":[{"@type":"ListItem","position":1,"name":"Home","item":"https:\/\/ellebicalzature.it\/fr\/"},{"@type":"ListItem","position":2,"name":"Boutique","item":"https:\/\/ellebicalzature.it\/fr\/boutique\/"},{"@type":"ListItem","position":3,"name":"Mules artisanales Herm\u00e8s en daim"}]},{"@type":"WebSite","@id":"https:\/\/ellebicalzature.it\/fr\/#website","url":"https:\/\/ellebicalzature.it\/fr\/","name":"Elleb\u00ec","description":"Calzature e accessori Gallipoli","publisher":{"@id":"https:\/\/ellebicalzature.it\/fr\/#organization"},"alternateName":"Elleb\u00ec | Calzature Gallipoli","potentialAction":[{"@type":"SearchAction","target":{"@type":"EntryPoint","urlTemplate":"https:\/\/ellebicalzature.it\/fr\/?s={search_term_string}"},"query-input":{"@type":"PropertyValueSpecification","valueRequired":true,"valueName":"search_term_string"}}],"inLanguage":"fr-FR"},{"@type":"Organization","@id":"https:\/\/ellebicalzature.it\/fr\/#organization","name":"Ellebi","url":"https:\/\/ellebicalzature.it\/fr\/","logo":{"@type":"ImageObject","inLanguage":"fr-FR","@id":"https:\/\/ellebicalzature.it\/fr\/#\/schema\/logo\/image\/","url":"https:\/\/ellebicalzature.it\/wp-content\/uploads\/2024\/04\/logo-ellebi.png","contentUrl":"https:\/\/ellebicalzature.it\/wp-content\/uploads\/2024\/04\/logo-ellebi.png","width":221,"height":131,"caption":"Ellebi"},"image":{"@id":"https:\/\/ellebicalzature.it\/fr\/#\/schema\/logo\/image\/"},"sameAs":["https:\/\/www.facebook.com\/ellebisandaliartigianaligallipoli\/","https:\/\/www.instagram.com\/ellebicalzature\/?hl=it"]}]}},"_links":{"self":[{"href":"https:\/\/ellebicalzature.it\/fr\/wp-json\/wp\/v2\/product\/49613","targetHints":{"allow":["GET"]}}],"collection":[{"href":"https:\/\/ellebicalzature.it\/fr\/wp-json\/wp\/v2\/product"}],"about":[{"href":"https:\/\/ellebicalzature.it\/fr\/wp-json\/wp\/v2\/types\/product"}],"replies":[{"embeddable":true,"href":"https:\/\/ellebicalzature.it\/fr\/wp-json\/wp\/v2\/comments?post=49613"}],"version-history":[{"count":1,"href":"https:\/\/ellebicalzature.it\/fr\/wp-json\/wp\/v2\/product\/49613\/revisions"}],"predecessor-version":[{"id":73730,"href":"https:\/\/ellebicalzature.it\/fr\/wp-json\/wp\/v2\/product\/49613\/revisions\/73730"}],"wp:featuredmedia":[{"embeddable":true,"href":"https:\/\/ellebicalzature.it\/fr\/wp-json\/wp\/v2\/media\/70172"}],"wp:attachment":[{"href":"https:\/\/ellebicalzature.it\/fr\/wp-json\/wp\/v2\/media?parent=49613"}],"wp:term":[{"taxonomy":"product_brand","embeddable":true,"href":"https:\/\/ellebicalzature.it\/fr\/wp-json\/wp\/v2\/product_brand?post=49613"},{"taxonomy":"product_cat","embeddable":true,"href":"https:\/\/ellebicalzature.it\/fr\/wp-json\/wp\/v2\/product_cat?post=49613"},{"taxonomy":"product_tag","embeddable":true,"href":"https:\/\/ellebicalzature.it\/fr\/wp-json\/wp\/v2\/product_tag?post=49613"}],"curies":[{"name":"wp","href":"https:\/\/api.w.org\/{rel}","templated":true}]}}