{"id":50402,"date":"2023-01-16T11:47:33","date_gmt":"2023-01-16T11:47:33","guid":{"rendered":"https:\/\/ellebicalzature.it\/product\/sandales-artisanales-femme-modele-araignee-ferme\/"},"modified":"2026-03-19T13:29:29","modified_gmt":"2026-03-19T12:29:29","slug":"sandales-artisanales-femme-modele-araignee-ferme","status":"publish","type":"product","link":"https:\/\/ellebicalzature.it\/fr\/product\/sandales-artisanales-femme-modele-araignee-ferme\/","title":{"rendered":"Sandales artisanales femme mod\u00e8le araign\u00e9e ferm\u00e9"},"content":{"rendered":"<p>Sandales artisanales pour femme, mod\u00e8le araign\u00e9e ferm\u00e9. Tige en cuir de vachette teint (color\u00e9 par immersion dans des bacs de colorants v\u00e9g\u00e9taux), semelle int\u00e9rieure et semelle en cuir.<br \/>\nChaussures r\u00e9alis\u00e9es \u00e0 la main par des artisans du Salento, avec des mat\u00e9riaux de premi\u00e8re qualit\u00e9. <\/p>\n","protected":false},"excerpt":{"rendered":"<p>Sandales artisanales pour femme, mod\u00e8le araign\u00e9e ferm\u00e9. Tige en cuir de vachette teint (color\u00e9 par immersion dans des bacs de colorants v\u00e9g\u00e9taux), semelle int\u00e9rieure et semelle en cuir. <\/p>\n","protected":false},"featured_media":70211,"comment_status":"closed","ping_status":"closed","template":"","meta":{"_monsterinsights_skip_tracking":false,"_monsterinsights_sitenote_active":false,"_monsterinsights_sitenote_note":"","_monsterinsights_sitenote_category":0},"product_brand":[],"product_cat":[1217,1233],"product_tag":[1630],"class_list":{"0":"post-50402","1":"product","2":"type-product","3":"status-publish","4":"has-post-thumbnail","6":"product_cat-chaussures-artisanales-femme","7":"product_cat-sandales-artisanales-femme-romaines","8":"product_tag-sandales-artisanales-femme","9":"pa_colore-cuir","10":"pa_colore-tete-de-maure","11":"pa_taglia-1349","12":"pa_taglia-1356","13":"pa_taglia-1354","14":"pa_taglia-1357","15":"pa_taglia-1355","16":"pa_taglia-1353","17":"pa_taglia-1352","18":"pa_taglia-1351","19":"pa_taglia-1350","21":"first","22":"instock","23":"purchasable","24":"product-type-variable"},"yoast_head":"<!-- This site is optimized with the Yoast SEO plugin v27.3 - https:\/\/yoast.com\/product\/yoast-seo-wordpress\/ -->\n<title>Sandales artisanales femme mod\u00e8le araign\u00e9e ferm\u00e9<\/title>\n<meta name=\"description\" content=\"Sandales artisanales pour femme, mod\u00e8le araign\u00e9e ferm\u00e9. Tige en cuir de vachette teint, semelle int\u00e9rieure et semelle en cuir. R\u00e9alis\u00e9es \u00e0 la main.\" \/>\n<meta name=\"robots\" content=\"index, follow, max-snippet:-1, max-image-preview:large, max-video-preview:-1\" \/>\n<link rel=\"canonical\" href=\"https:\/\/ellebicalzature.it\/fr\/product\/sandales-artisanales-femme-modele-araignee-ferme\/\" \/>\n<meta property=\"og:locale\" content=\"fr_FR\" \/>\n<meta property=\"og:type\" content=\"article\" \/>\n<meta property=\"og:title\" content=\"Sandales artisanales femme mod\u00e8le araign\u00e9e ferm\u00e9\" \/>\n<meta property=\"og:description\" content=\"Sandales artisanales pour femme, mod\u00e8le araign\u00e9e ferm\u00e9. Tige en cuir de vachette teint, semelle int\u00e9rieure et semelle en cuir. R\u00e9alis\u00e9es \u00e0 la main.\" \/>\n<meta property=\"og:url\" content=\"https:\/\/ellebicalzature.it\/fr\/product\/sandales-artisanales-femme-modele-araignee-ferme\/\" \/>\n<meta property=\"og:site_name\" content=\"Ellebi\" \/>\n<meta property=\"article:publisher\" content=\"https:\/\/www.facebook.com\/ellebisandaliartigianaligallipoli\/\" \/>\n<meta property=\"article:modified_time\" content=\"2026-03-19T12:29:29+00:00\" \/>\n<meta property=\"og:image\" content=\"https:\/\/ellebicalzature.it\/wp-content\/uploads\/2023\/01\/immagine_1767270487.webp\" \/>\n\t<meta property=\"og:image:width\" content=\"763\" \/>\n\t<meta property=\"og:image:height\" content=\"751\" \/>\n\t<meta property=\"og:image:type\" content=\"image\/webp\" \/>\n<meta name=\"twitter:card\" content=\"summary_large_image\" \/>\n<script type=\"application\/ld+json\" class=\"yoast-schema-graph\">{\"@context\":\"https:\\\/\\\/schema.org\",\"@graph\":[{\"@type\":\"WebPage\",\"@id\":\"https:\\\/\\\/ellebicalzature.it\\\/fr\\\/product\\\/sandales-artisanales-femme-modele-araignee-ferme\\\/\",\"url\":\"https:\\\/\\\/ellebicalzature.it\\\/fr\\\/product\\\/sandales-artisanales-femme-modele-araignee-ferme\\\/\",\"name\":\"Sandales artisanales femme mod\u00e8le araign\u00e9e ferm\u00e9\",\"isPartOf\":{\"@id\":\"https:\\\/\\\/ellebicalzature.it\\\/fr\\\/#website\"},\"primaryImageOfPage\":{\"@id\":\"https:\\\/\\\/ellebicalzature.it\\\/fr\\\/product\\\/sandales-artisanales-femme-modele-araignee-ferme\\\/#primaryimage\"},\"image\":{\"@id\":\"https:\\\/\\\/ellebicalzature.it\\\/fr\\\/product\\\/sandales-artisanales-femme-modele-araignee-ferme\\\/#primaryimage\"},\"thumbnailUrl\":\"https:\\\/\\\/ellebicalzature.it\\\/wp-content\\\/uploads\\\/2023\\\/01\\\/immagine_1767270487.webp\",\"datePublished\":\"2023-01-16T11:47:33+00:00\",\"dateModified\":\"2026-03-19T12:29:29+00:00\",\"description\":\"Sandales artisanales pour femme, mod\u00e8le araign\u00e9e ferm\u00e9. Tige en cuir de vachette teint, semelle int\u00e9rieure et semelle en cuir. R\u00e9alis\u00e9es \u00e0 la main.\",\"breadcrumb\":{\"@id\":\"https:\\\/\\\/ellebicalzature.it\\\/fr\\\/product\\\/sandales-artisanales-femme-modele-araignee-ferme\\\/#breadcrumb\"},\"inLanguage\":\"fr-FR\",\"potentialAction\":[{\"@type\":\"ReadAction\",\"target\":[\"https:\\\/\\\/ellebicalzature.it\\\/fr\\\/product\\\/sandales-artisanales-femme-modele-araignee-ferme\\\/\"]}]},{\"@type\":\"ImageObject\",\"inLanguage\":\"fr-FR\",\"@id\":\"https:\\\/\\\/ellebicalzature.it\\\/fr\\\/product\\\/sandales-artisanales-femme-modele-araignee-ferme\\\/#primaryimage\",\"url\":\"https:\\\/\\\/ellebicalzature.it\\\/wp-content\\\/uploads\\\/2023\\\/01\\\/immagine_1767270487.webp\",\"contentUrl\":\"https:\\\/\\\/ellebicalzature.it\\\/wp-content\\\/uploads\\\/2023\\\/01\\\/immagine_1767270487.webp\",\"width\":763,\"height\":751},{\"@type\":\"BreadcrumbList\",\"@id\":\"https:\\\/\\\/ellebicalzature.it\\\/fr\\\/product\\\/sandales-artisanales-femme-modele-araignee-ferme\\\/#breadcrumb\",\"itemListElement\":[{\"@type\":\"ListItem\",\"position\":1,\"name\":\"Home\",\"item\":\"https:\\\/\\\/ellebicalzature.it\\\/fr\\\/\"},{\"@type\":\"ListItem\",\"position\":2,\"name\":\"Boutique\",\"item\":\"https:\\\/\\\/ellebicalzature.it\\\/fr\\\/boutique\\\/\"},{\"@type\":\"ListItem\",\"position\":3,\"name\":\"Sandales artisanales femme mod\u00e8le araign\u00e9e ferm\u00e9\"}]},{\"@type\":\"WebSite\",\"@id\":\"https:\\\/\\\/ellebicalzature.it\\\/fr\\\/#website\",\"url\":\"https:\\\/\\\/ellebicalzature.it\\\/fr\\\/\",\"name\":\"Elleb\u00ec\",\"description\":\"Calzature e accessori Gallipoli\",\"publisher\":{\"@id\":\"https:\\\/\\\/ellebicalzature.it\\\/fr\\\/#organization\"},\"alternateName\":\"Elleb\u00ec | Calzature Gallipoli\",\"potentialAction\":[{\"@type\":\"SearchAction\",\"target\":{\"@type\":\"EntryPoint\",\"urlTemplate\":\"https:\\\/\\\/ellebicalzature.it\\\/fr\\\/?s={search_term_string}\"},\"query-input\":{\"@type\":\"PropertyValueSpecification\",\"valueRequired\":true,\"valueName\":\"search_term_string\"}}],\"inLanguage\":\"fr-FR\"},{\"@type\":\"Organization\",\"@id\":\"https:\\\/\\\/ellebicalzature.it\\\/fr\\\/#organization\",\"name\":\"Ellebi\",\"url\":\"https:\\\/\\\/ellebicalzature.it\\\/fr\\\/\",\"logo\":{\"@type\":\"ImageObject\",\"inLanguage\":\"fr-FR\",\"@id\":\"https:\\\/\\\/ellebicalzature.it\\\/fr\\\/#\\\/schema\\\/logo\\\/image\\\/\",\"url\":\"https:\\\/\\\/ellebicalzature.it\\\/wp-content\\\/uploads\\\/2024\\\/04\\\/logo-ellebi.png\",\"contentUrl\":\"https:\\\/\\\/ellebicalzature.it\\\/wp-content\\\/uploads\\\/2024\\\/04\\\/logo-ellebi.png\",\"width\":221,\"height\":131,\"caption\":\"Ellebi\"},\"image\":{\"@id\":\"https:\\\/\\\/ellebicalzature.it\\\/fr\\\/#\\\/schema\\\/logo\\\/image\\\/\"},\"sameAs\":[\"https:\\\/\\\/www.facebook.com\\\/ellebisandaliartigianaligallipoli\\\/\",\"https:\\\/\\\/www.instagram.com\\\/ellebicalzature\\\/?hl=it\"]}]}<\/script>\n<!-- \/ Yoast SEO plugin. -->","yoast_head_json":{"title":"Sandales artisanales femme mod\u00e8le araign\u00e9e ferm\u00e9","description":"Sandales artisanales pour femme, mod\u00e8le araign\u00e9e ferm\u00e9. Tige en cuir de vachette teint, semelle int\u00e9rieure et semelle en cuir. R\u00e9alis\u00e9es \u00e0 la main.","robots":{"index":"index","follow":"follow","max-snippet":"max-snippet:-1","max-image-preview":"max-image-preview:large","max-video-preview":"max-video-preview:-1"},"canonical":"https:\/\/ellebicalzature.it\/fr\/product\/sandales-artisanales-femme-modele-araignee-ferme\/","og_locale":"fr_FR","og_type":"article","og_title":"Sandales artisanales femme mod\u00e8le araign\u00e9e ferm\u00e9","og_description":"Sandales artisanales pour femme, mod\u00e8le araign\u00e9e ferm\u00e9. Tige en cuir de vachette teint, semelle int\u00e9rieure et semelle en cuir. R\u00e9alis\u00e9es \u00e0 la main.","og_url":"https:\/\/ellebicalzature.it\/fr\/product\/sandales-artisanales-femme-modele-araignee-ferme\/","og_site_name":"Ellebi","article_publisher":"https:\/\/www.facebook.com\/ellebisandaliartigianaligallipoli\/","article_modified_time":"2026-03-19T12:29:29+00:00","og_image":[{"width":763,"height":751,"url":"https:\/\/ellebicalzature.it\/wp-content\/uploads\/2023\/01\/immagine_1767270487.webp","type":"image\/webp"}],"twitter_card":"summary_large_image","schema":{"@context":"https:\/\/schema.org","@graph":[{"@type":"WebPage","@id":"https:\/\/ellebicalzature.it\/fr\/product\/sandales-artisanales-femme-modele-araignee-ferme\/","url":"https:\/\/ellebicalzature.it\/fr\/product\/sandales-artisanales-femme-modele-araignee-ferme\/","name":"Sandales artisanales femme mod\u00e8le araign\u00e9e ferm\u00e9","isPartOf":{"@id":"https:\/\/ellebicalzature.it\/fr\/#website"},"primaryImageOfPage":{"@id":"https:\/\/ellebicalzature.it\/fr\/product\/sandales-artisanales-femme-modele-araignee-ferme\/#primaryimage"},"image":{"@id":"https:\/\/ellebicalzature.it\/fr\/product\/sandales-artisanales-femme-modele-araignee-ferme\/#primaryimage"},"thumbnailUrl":"https:\/\/ellebicalzature.it\/wp-content\/uploads\/2023\/01\/immagine_1767270487.webp","datePublished":"2023-01-16T11:47:33+00:00","dateModified":"2026-03-19T12:29:29+00:00","description":"Sandales artisanales pour femme, mod\u00e8le araign\u00e9e ferm\u00e9. Tige en cuir de vachette teint, semelle int\u00e9rieure et semelle en cuir. R\u00e9alis\u00e9es \u00e0 la main.","breadcrumb":{"@id":"https:\/\/ellebicalzature.it\/fr\/product\/sandales-artisanales-femme-modele-araignee-ferme\/#breadcrumb"},"inLanguage":"fr-FR","potentialAction":[{"@type":"ReadAction","target":["https:\/\/ellebicalzature.it\/fr\/product\/sandales-artisanales-femme-modele-araignee-ferme\/"]}]},{"@type":"ImageObject","inLanguage":"fr-FR","@id":"https:\/\/ellebicalzature.it\/fr\/product\/sandales-artisanales-femme-modele-araignee-ferme\/#primaryimage","url":"https:\/\/ellebicalzature.it\/wp-content\/uploads\/2023\/01\/immagine_1767270487.webp","contentUrl":"https:\/\/ellebicalzature.it\/wp-content\/uploads\/2023\/01\/immagine_1767270487.webp","width":763,"height":751},{"@type":"BreadcrumbList","@id":"https:\/\/ellebicalzature.it\/fr\/product\/sandales-artisanales-femme-modele-araignee-ferme\/#breadcrumb","itemListElement":[{"@type":"ListItem","position":1,"name":"Home","item":"https:\/\/ellebicalzature.it\/fr\/"},{"@type":"ListItem","position":2,"name":"Boutique","item":"https:\/\/ellebicalzature.it\/fr\/boutique\/"},{"@type":"ListItem","position":3,"name":"Sandales artisanales femme mod\u00e8le araign\u00e9e ferm\u00e9"}]},{"@type":"WebSite","@id":"https:\/\/ellebicalzature.it\/fr\/#website","url":"https:\/\/ellebicalzature.it\/fr\/","name":"Elleb\u00ec","description":"Calzature e accessori Gallipoli","publisher":{"@id":"https:\/\/ellebicalzature.it\/fr\/#organization"},"alternateName":"Elleb\u00ec | Calzature Gallipoli","potentialAction":[{"@type":"SearchAction","target":{"@type":"EntryPoint","urlTemplate":"https:\/\/ellebicalzature.it\/fr\/?s={search_term_string}"},"query-input":{"@type":"PropertyValueSpecification","valueRequired":true,"valueName":"search_term_string"}}],"inLanguage":"fr-FR"},{"@type":"Organization","@id":"https:\/\/ellebicalzature.it\/fr\/#organization","name":"Ellebi","url":"https:\/\/ellebicalzature.it\/fr\/","logo":{"@type":"ImageObject","inLanguage":"fr-FR","@id":"https:\/\/ellebicalzature.it\/fr\/#\/schema\/logo\/image\/","url":"https:\/\/ellebicalzature.it\/wp-content\/uploads\/2024\/04\/logo-ellebi.png","contentUrl":"https:\/\/ellebicalzature.it\/wp-content\/uploads\/2024\/04\/logo-ellebi.png","width":221,"height":131,"caption":"Ellebi"},"image":{"@id":"https:\/\/ellebicalzature.it\/fr\/#\/schema\/logo\/image\/"},"sameAs":["https:\/\/www.facebook.com\/ellebisandaliartigianaligallipoli\/","https:\/\/www.instagram.com\/ellebicalzature\/?hl=it"]}]}},"_links":{"self":[{"href":"https:\/\/ellebicalzature.it\/fr\/wp-json\/wp\/v2\/product\/50402","targetHints":{"allow":["GET"]}}],"collection":[{"href":"https:\/\/ellebicalzature.it\/fr\/wp-json\/wp\/v2\/product"}],"about":[{"href":"https:\/\/ellebicalzature.it\/fr\/wp-json\/wp\/v2\/types\/product"}],"replies":[{"embeddable":true,"href":"https:\/\/ellebicalzature.it\/fr\/wp-json\/wp\/v2\/comments?post=50402"}],"version-history":[{"count":1,"href":"https:\/\/ellebicalzature.it\/fr\/wp-json\/wp\/v2\/product\/50402\/revisions"}],"predecessor-version":[{"id":73766,"href":"https:\/\/ellebicalzature.it\/fr\/wp-json\/wp\/v2\/product\/50402\/revisions\/73766"}],"wp:featuredmedia":[{"embeddable":true,"href":"https:\/\/ellebicalzature.it\/fr\/wp-json\/wp\/v2\/media\/70211"}],"wp:attachment":[{"href":"https:\/\/ellebicalzature.it\/fr\/wp-json\/wp\/v2\/media?parent=50402"}],"wp:term":[{"taxonomy":"product_brand","embeddable":true,"href":"https:\/\/ellebicalzature.it\/fr\/wp-json\/wp\/v2\/product_brand?post=50402"},{"taxonomy":"product_cat","embeddable":true,"href":"https:\/\/ellebicalzature.it\/fr\/wp-json\/wp\/v2\/product_cat?post=50402"},{"taxonomy":"product_tag","embeddable":true,"href":"https:\/\/ellebicalzature.it\/fr\/wp-json\/wp\/v2\/product_tag?post=50402"}],"curies":[{"name":"wp","href":"https:\/\/api.w.org\/{rel}","templated":true}]}}