{"id":52148,"date":"2022-11-17T17:34:53","date_gmt":"2022-11-17T17:34:53","guid":{"rendered":"https:\/\/ellebicalzature.it\/product\/sandales-artisanales-avec-bande-et-bracelet\/"},"modified":"2026-03-19T13:49:41","modified_gmt":"2026-03-19T12:49:41","slug":"sandales-artisanales-avec-bande-et-bracelet","status":"publish","type":"product","link":"https:\/\/ellebicalzature.it\/fr\/product\/sandales-artisanales-avec-bande-et-bracelet\/","title":{"rendered":"Sandales artisanales avec bande et bracelet"},"content":{"rendered":"<p>Sandales artisanales plates pour femme avec bande performante. Tige en cuir, semelle int\u00e9rieure en cuir et semelle ext\u00e9rieure en caoutchouc micro-all\u00e9g\u00e9. Fermeture avec bracelet \u00e0 la cheville.<br \/>\nChaussures fabriqu\u00e9es \u00e0 la main par des artisans du Salento, avec des mat\u00e9riaux de premi\u00e8re qualit\u00e9.<\/p>\n","protected":false},"excerpt":{"rendered":"<p>Sandales artisanales plates pour femme avec bande performante. Tige en cuir, semelle int\u00e9rieure en cuir et semelle ext\u00e9rieure en caoutchouc micro-all\u00e9g\u00e9. Fermeture avec bracelet \u00e0 la cheville.  <\/p>\n","protected":false},"featured_media":70313,"comment_status":"closed","ping_status":"closed","template":"","meta":{"_monsterinsights_skip_tracking":false,"_monsterinsights_sitenote_active":false,"_monsterinsights_sitenote_note":"","_monsterinsights_sitenote_category":0},"product_brand":[],"product_cat":[1217,1236],"product_tag":[1630,2088],"class_list":{"0":"post-52148","1":"product","2":"type-product","3":"status-publish","4":"has-post-thumbnail","6":"product_cat-chaussures-artisanales-femme","7":"product_cat-sandales-artisanales-femme-plates","8":"product_tag-sandales-artisanales-femme","9":"product_tag-sandales-avec-bande","10":"pa_colore-bicolore-cuivre-marron","11":"pa_colore-bicolore-jaune-marron","12":"pa_colore-blanc","13":"pa_colore-marron","14":"pa_colore-noir","15":"pa_colore-paillettes","16":"pa_taglia-1756","17":"pa_taglia-1349","18":"pa_taglia-1356","19":"pa_taglia-1354","20":"pa_taglia-1357","21":"pa_taglia-1355","22":"pa_taglia-1353","23":"pa_taglia-1352","24":"pa_taglia-1351","25":"pa_taglia-1350","27":"first","28":"instock","29":"purchasable","30":"product-type-variable"},"yoast_head":"<!-- This site is optimized with the Yoast SEO plugin v27.3 - https:\/\/yoast.com\/product\/yoast-seo-wordpress\/ -->\n<title>Sandales artisanales plates pour femme avec bande et bracelet<\/title>\n<meta name=\"description\" content=\"Sandales artisanales plates pour femme avec bande performante. Tige en cuir, semelle int\u00e9rieure en cuir et semelle ext\u00e9rieure en caoutchouc. Fermeture avec bracelet \u00e0 la cheville.\" \/>\n<meta name=\"robots\" content=\"index, follow, max-snippet:-1, max-image-preview:large, max-video-preview:-1\" \/>\n<link rel=\"canonical\" href=\"https:\/\/ellebicalzature.it\/fr\/product\/sandales-artisanales-avec-bande-et-bracelet\/\" \/>\n<meta property=\"og:locale\" content=\"fr_FR\" \/>\n<meta property=\"og:type\" content=\"article\" \/>\n<meta property=\"og:title\" content=\"Sandales artisanales plates pour femme avec bande et bracelet\" \/>\n<meta property=\"og:description\" content=\"Sandales artisanales plates pour femme avec bande performante. Tige en cuir, semelle int\u00e9rieure en cuir et semelle ext\u00e9rieure en caoutchouc. Fermeture avec bracelet \u00e0 la cheville.\" \/>\n<meta property=\"og:url\" content=\"https:\/\/ellebicalzature.it\/fr\/product\/sandales-artisanales-avec-bande-et-bracelet\/\" \/>\n<meta property=\"og:site_name\" content=\"Ellebi\" \/>\n<meta property=\"article:publisher\" content=\"https:\/\/www.facebook.com\/ellebisandaliartigianaligallipoli\/\" \/>\n<meta property=\"article:modified_time\" content=\"2026-03-19T12:49:41+00:00\" \/>\n<meta property=\"og:image\" content=\"https:\/\/ellebicalzature.it\/wp-content\/uploads\/2022\/11\/immagine_1767347220.webp\" \/>\n\t<meta property=\"og:image:width\" content=\"785\" \/>\n\t<meta property=\"og:image:height\" content=\"816\" \/>\n\t<meta property=\"og:image:type\" content=\"image\/webp\" \/>\n<meta name=\"twitter:card\" content=\"summary_large_image\" \/>\n<script type=\"application\/ld+json\" class=\"yoast-schema-graph\">{\"@context\":\"https:\\\/\\\/schema.org\",\"@graph\":[{\"@type\":\"WebPage\",\"@id\":\"https:\\\/\\\/ellebicalzature.it\\\/fr\\\/product\\\/sandales-artisanales-avec-bande-et-bracelet\\\/\",\"url\":\"https:\\\/\\\/ellebicalzature.it\\\/fr\\\/product\\\/sandales-artisanales-avec-bande-et-bracelet\\\/\",\"name\":\"Sandales artisanales plates pour femme avec bande et bracelet\",\"isPartOf\":{\"@id\":\"https:\\\/\\\/ellebicalzature.it\\\/fr\\\/#website\"},\"primaryImageOfPage\":{\"@id\":\"https:\\\/\\\/ellebicalzature.it\\\/fr\\\/product\\\/sandales-artisanales-avec-bande-et-bracelet\\\/#primaryimage\"},\"image\":{\"@id\":\"https:\\\/\\\/ellebicalzature.it\\\/fr\\\/product\\\/sandales-artisanales-avec-bande-et-bracelet\\\/#primaryimage\"},\"thumbnailUrl\":\"https:\\\/\\\/ellebicalzature.it\\\/wp-content\\\/uploads\\\/2022\\\/11\\\/immagine_1767347220.webp\",\"datePublished\":\"2022-11-17T17:34:53+00:00\",\"dateModified\":\"2026-03-19T12:49:41+00:00\",\"description\":\"Sandales artisanales plates pour femme avec bande performante. Tige en cuir, semelle int\u00e9rieure en cuir et semelle ext\u00e9rieure en caoutchouc. Fermeture avec bracelet \u00e0 la cheville.\",\"breadcrumb\":{\"@id\":\"https:\\\/\\\/ellebicalzature.it\\\/fr\\\/product\\\/sandales-artisanales-avec-bande-et-bracelet\\\/#breadcrumb\"},\"inLanguage\":\"fr-FR\",\"potentialAction\":[{\"@type\":\"ReadAction\",\"target\":[\"https:\\\/\\\/ellebicalzature.it\\\/fr\\\/product\\\/sandales-artisanales-avec-bande-et-bracelet\\\/\"]}]},{\"@type\":\"ImageObject\",\"inLanguage\":\"fr-FR\",\"@id\":\"https:\\\/\\\/ellebicalzature.it\\\/fr\\\/product\\\/sandales-artisanales-avec-bande-et-bracelet\\\/#primaryimage\",\"url\":\"https:\\\/\\\/ellebicalzature.it\\\/wp-content\\\/uploads\\\/2022\\\/11\\\/immagine_1767347220.webp\",\"contentUrl\":\"https:\\\/\\\/ellebicalzature.it\\\/wp-content\\\/uploads\\\/2022\\\/11\\\/immagine_1767347220.webp\",\"width\":785,\"height\":816},{\"@type\":\"BreadcrumbList\",\"@id\":\"https:\\\/\\\/ellebicalzature.it\\\/fr\\\/product\\\/sandales-artisanales-avec-bande-et-bracelet\\\/#breadcrumb\",\"itemListElement\":[{\"@type\":\"ListItem\",\"position\":1,\"name\":\"Home\",\"item\":\"https:\\\/\\\/ellebicalzature.it\\\/fr\\\/\"},{\"@type\":\"ListItem\",\"position\":2,\"name\":\"Boutique\",\"item\":\"https:\\\/\\\/ellebicalzature.it\\\/fr\\\/boutique\\\/\"},{\"@type\":\"ListItem\",\"position\":3,\"name\":\"Sandales artisanales avec bande et bracelet\"}]},{\"@type\":\"WebSite\",\"@id\":\"https:\\\/\\\/ellebicalzature.it\\\/fr\\\/#website\",\"url\":\"https:\\\/\\\/ellebicalzature.it\\\/fr\\\/\",\"name\":\"Elleb\u00ec\",\"description\":\"Calzature e accessori Gallipoli\",\"publisher\":{\"@id\":\"https:\\\/\\\/ellebicalzature.it\\\/fr\\\/#organization\"},\"alternateName\":\"Elleb\u00ec | Calzature Gallipoli\",\"potentialAction\":[{\"@type\":\"SearchAction\",\"target\":{\"@type\":\"EntryPoint\",\"urlTemplate\":\"https:\\\/\\\/ellebicalzature.it\\\/fr\\\/?s={search_term_string}\"},\"query-input\":{\"@type\":\"PropertyValueSpecification\",\"valueRequired\":true,\"valueName\":\"search_term_string\"}}],\"inLanguage\":\"fr-FR\"},{\"@type\":\"Organization\",\"@id\":\"https:\\\/\\\/ellebicalzature.it\\\/fr\\\/#organization\",\"name\":\"Ellebi\",\"url\":\"https:\\\/\\\/ellebicalzature.it\\\/fr\\\/\",\"logo\":{\"@type\":\"ImageObject\",\"inLanguage\":\"fr-FR\",\"@id\":\"https:\\\/\\\/ellebicalzature.it\\\/fr\\\/#\\\/schema\\\/logo\\\/image\\\/\",\"url\":\"https:\\\/\\\/ellebicalzature.it\\\/wp-content\\\/uploads\\\/2024\\\/04\\\/logo-ellebi.png\",\"contentUrl\":\"https:\\\/\\\/ellebicalzature.it\\\/wp-content\\\/uploads\\\/2024\\\/04\\\/logo-ellebi.png\",\"width\":221,\"height\":131,\"caption\":\"Ellebi\"},\"image\":{\"@id\":\"https:\\\/\\\/ellebicalzature.it\\\/fr\\\/#\\\/schema\\\/logo\\\/image\\\/\"},\"sameAs\":[\"https:\\\/\\\/www.facebook.com\\\/ellebisandaliartigianaligallipoli\\\/\",\"https:\\\/\\\/www.instagram.com\\\/ellebicalzature\\\/?hl=it\"]}]}<\/script>\n<!-- \/ Yoast SEO plugin. -->","yoast_head_json":{"title":"Sandales artisanales plates pour femme avec bande et bracelet","description":"Sandales artisanales plates pour femme avec bande performante. Tige en cuir, semelle int\u00e9rieure en cuir et semelle ext\u00e9rieure en caoutchouc. Fermeture avec bracelet \u00e0 la cheville.","robots":{"index":"index","follow":"follow","max-snippet":"max-snippet:-1","max-image-preview":"max-image-preview:large","max-video-preview":"max-video-preview:-1"},"canonical":"https:\/\/ellebicalzature.it\/fr\/product\/sandales-artisanales-avec-bande-et-bracelet\/","og_locale":"fr_FR","og_type":"article","og_title":"Sandales artisanales plates pour femme avec bande et bracelet","og_description":"Sandales artisanales plates pour femme avec bande performante. Tige en cuir, semelle int\u00e9rieure en cuir et semelle ext\u00e9rieure en caoutchouc. Fermeture avec bracelet \u00e0 la cheville.","og_url":"https:\/\/ellebicalzature.it\/fr\/product\/sandales-artisanales-avec-bande-et-bracelet\/","og_site_name":"Ellebi","article_publisher":"https:\/\/www.facebook.com\/ellebisandaliartigianaligallipoli\/","article_modified_time":"2026-03-19T12:49:41+00:00","og_image":[{"width":785,"height":816,"url":"https:\/\/ellebicalzature.it\/wp-content\/uploads\/2022\/11\/immagine_1767347220.webp","type":"image\/webp"}],"twitter_card":"summary_large_image","schema":{"@context":"https:\/\/schema.org","@graph":[{"@type":"WebPage","@id":"https:\/\/ellebicalzature.it\/fr\/product\/sandales-artisanales-avec-bande-et-bracelet\/","url":"https:\/\/ellebicalzature.it\/fr\/product\/sandales-artisanales-avec-bande-et-bracelet\/","name":"Sandales artisanales plates pour femme avec bande et bracelet","isPartOf":{"@id":"https:\/\/ellebicalzature.it\/fr\/#website"},"primaryImageOfPage":{"@id":"https:\/\/ellebicalzature.it\/fr\/product\/sandales-artisanales-avec-bande-et-bracelet\/#primaryimage"},"image":{"@id":"https:\/\/ellebicalzature.it\/fr\/product\/sandales-artisanales-avec-bande-et-bracelet\/#primaryimage"},"thumbnailUrl":"https:\/\/ellebicalzature.it\/wp-content\/uploads\/2022\/11\/immagine_1767347220.webp","datePublished":"2022-11-17T17:34:53+00:00","dateModified":"2026-03-19T12:49:41+00:00","description":"Sandales artisanales plates pour femme avec bande performante. Tige en cuir, semelle int\u00e9rieure en cuir et semelle ext\u00e9rieure en caoutchouc. Fermeture avec bracelet \u00e0 la cheville.","breadcrumb":{"@id":"https:\/\/ellebicalzature.it\/fr\/product\/sandales-artisanales-avec-bande-et-bracelet\/#breadcrumb"},"inLanguage":"fr-FR","potentialAction":[{"@type":"ReadAction","target":["https:\/\/ellebicalzature.it\/fr\/product\/sandales-artisanales-avec-bande-et-bracelet\/"]}]},{"@type":"ImageObject","inLanguage":"fr-FR","@id":"https:\/\/ellebicalzature.it\/fr\/product\/sandales-artisanales-avec-bande-et-bracelet\/#primaryimage","url":"https:\/\/ellebicalzature.it\/wp-content\/uploads\/2022\/11\/immagine_1767347220.webp","contentUrl":"https:\/\/ellebicalzature.it\/wp-content\/uploads\/2022\/11\/immagine_1767347220.webp","width":785,"height":816},{"@type":"BreadcrumbList","@id":"https:\/\/ellebicalzature.it\/fr\/product\/sandales-artisanales-avec-bande-et-bracelet\/#breadcrumb","itemListElement":[{"@type":"ListItem","position":1,"name":"Home","item":"https:\/\/ellebicalzature.it\/fr\/"},{"@type":"ListItem","position":2,"name":"Boutique","item":"https:\/\/ellebicalzature.it\/fr\/boutique\/"},{"@type":"ListItem","position":3,"name":"Sandales artisanales avec bande et bracelet"}]},{"@type":"WebSite","@id":"https:\/\/ellebicalzature.it\/fr\/#website","url":"https:\/\/ellebicalzature.it\/fr\/","name":"Elleb\u00ec","description":"Calzature e accessori Gallipoli","publisher":{"@id":"https:\/\/ellebicalzature.it\/fr\/#organization"},"alternateName":"Elleb\u00ec | Calzature Gallipoli","potentialAction":[{"@type":"SearchAction","target":{"@type":"EntryPoint","urlTemplate":"https:\/\/ellebicalzature.it\/fr\/?s={search_term_string}"},"query-input":{"@type":"PropertyValueSpecification","valueRequired":true,"valueName":"search_term_string"}}],"inLanguage":"fr-FR"},{"@type":"Organization","@id":"https:\/\/ellebicalzature.it\/fr\/#organization","name":"Ellebi","url":"https:\/\/ellebicalzature.it\/fr\/","logo":{"@type":"ImageObject","inLanguage":"fr-FR","@id":"https:\/\/ellebicalzature.it\/fr\/#\/schema\/logo\/image\/","url":"https:\/\/ellebicalzature.it\/wp-content\/uploads\/2024\/04\/logo-ellebi.png","contentUrl":"https:\/\/ellebicalzature.it\/wp-content\/uploads\/2024\/04\/logo-ellebi.png","width":221,"height":131,"caption":"Ellebi"},"image":{"@id":"https:\/\/ellebicalzature.it\/fr\/#\/schema\/logo\/image\/"},"sameAs":["https:\/\/www.facebook.com\/ellebisandaliartigianaligallipoli\/","https:\/\/www.instagram.com\/ellebicalzature\/?hl=it"]}]}},"_links":{"self":[{"href":"https:\/\/ellebicalzature.it\/fr\/wp-json\/wp\/v2\/product\/52148","targetHints":{"allow":["GET"]}}],"collection":[{"href":"https:\/\/ellebicalzature.it\/fr\/wp-json\/wp\/v2\/product"}],"about":[{"href":"https:\/\/ellebicalzature.it\/fr\/wp-json\/wp\/v2\/types\/product"}],"replies":[{"embeddable":true,"href":"https:\/\/ellebicalzature.it\/fr\/wp-json\/wp\/v2\/comments?post=52148"}],"version-history":[{"count":1,"href":"https:\/\/ellebicalzature.it\/fr\/wp-json\/wp\/v2\/product\/52148\/revisions"}],"predecessor-version":[{"id":73975,"href":"https:\/\/ellebicalzature.it\/fr\/wp-json\/wp\/v2\/product\/52148\/revisions\/73975"}],"wp:featuredmedia":[{"embeddable":true,"href":"https:\/\/ellebicalzature.it\/fr\/wp-json\/wp\/v2\/media\/70313"}],"wp:attachment":[{"href":"https:\/\/ellebicalzature.it\/fr\/wp-json\/wp\/v2\/media?parent=52148"}],"wp:term":[{"taxonomy":"product_brand","embeddable":true,"href":"https:\/\/ellebicalzature.it\/fr\/wp-json\/wp\/v2\/product_brand?post=52148"},{"taxonomy":"product_cat","embeddable":true,"href":"https:\/\/ellebicalzature.it\/fr\/wp-json\/wp\/v2\/product_cat?post=52148"},{"taxonomy":"product_tag","embeddable":true,"href":"https:\/\/ellebicalzature.it\/fr\/wp-json\/wp\/v2\/product_tag?post=52148"}],"curies":[{"name":"wp","href":"https:\/\/api.w.org\/{rel}","templated":true}]}}