{"id":54146,"date":"2022-01-18T09:43:41","date_gmt":"2022-01-18T09:43:41","guid":{"rendered":"https:\/\/ellebicalzature.it\/product\/sandales-avec-entre-orteils-et-brides-croisees\/"},"modified":"2026-03-19T14:01:34","modified_gmt":"2026-03-19T13:01:34","slug":"sandales-avec-entre-orteils-et-brides-croisees","status":"publish","type":"product","link":"https:\/\/ellebicalzature.it\/fr\/product\/sandales-avec-entre-orteils-et-brides-croisees\/","title":{"rendered":"Sandales avec entre-orteils et brides crois\u00e9es"},"content":{"rendered":"<p>Sandales artisanales pour homme, avec entre-orteils, brides crois\u00e9es sur le cou-de-pied et fermeture par bride sur le talon. Semelle int\u00e9rieure en cuir tremp\u00e9 et semelle en caoutchouc all\u00e9g\u00e9. <\/p>\n<p>&nbsp;<\/p>\n","protected":false},"excerpt":{"rendered":"<p>Sandales artisanales pour homme, avec entre-orteils, brides crois\u00e9es sur le cou-de-pied et fermeture par bride sur le talon. Semelle int\u00e9rieure en cuir tremp\u00e9 (color\u00e9 par immersion dans des bacs de colorants v\u00e9g\u00e9taux) et semelle en caoutchouc all\u00e9g\u00e9.<br \/>\nChaussures r\u00e9alis\u00e9es par des artisans italiens, avec des mati\u00e8res de premi\u00e8re qualit\u00e9. <\/p>\n","protected":false},"featured_media":70219,"comment_status":"closed","ping_status":"closed","template":"","meta":{"_monsterinsights_skip_tracking":false,"_monsterinsights_sitenote_active":false,"_monsterinsights_sitenote_note":"","_monsterinsights_sitenote_category":0},"product_brand":[],"product_cat":[1220,1229],"product_tag":[2062,2072],"class_list":{"0":"post-54146","1":"product","2":"type-product","3":"status-publish","4":"has-post-thumbnail","6":"product_cat-chaussures-artisanales-homme","7":"product_cat-sandales-artisanales-homme","8":"product_tag-sandales-artisanales-avec-tongs","9":"product_tag-sandales-homme","10":"pa_colore-cuir","11":"pa_colore-tete-de-maure","12":"pa_taglia-1355","13":"pa_taglia-1353","14":"pa_taglia-1352","15":"pa_taglia-1351","16":"pa_taglia-1350","17":"pa_taglia-1348","18":"pa_taglia-1347","19":"pa_taglia-1346","20":"pa_taglia-1823","22":"first","23":"instock","24":"purchasable","25":"product-type-variable"},"yoast_head":"<!-- This site is optimized with the Yoast SEO plugin v27.3 - https:\/\/yoast.com\/product\/yoast-seo-wordpress\/ -->\n<title>Sandales avec entre-orteils et brides crois\u00e9es<\/title>\n<meta name=\"description\" content=\"Sandales artisanales pour homme, avec entre-orteils, brides crois\u00e9es sur le cou-de-pied et fermeture par bride sur le talon. Semelle int\u00e9rieure en cuir tremp\u00e9.\" \/>\n<meta name=\"robots\" content=\"index, follow, max-snippet:-1, max-image-preview:large, max-video-preview:-1\" \/>\n<link rel=\"canonical\" href=\"https:\/\/ellebicalzature.it\/fr\/product\/sandales-avec-entre-orteils-et-brides-croisees\/\" \/>\n<meta property=\"og:locale\" content=\"fr_FR\" \/>\n<meta property=\"og:type\" content=\"article\" \/>\n<meta property=\"og:title\" content=\"Sandales avec entre-orteils et brides crois\u00e9es\" \/>\n<meta property=\"og:description\" content=\"Sandales artisanales pour homme, avec entre-orteils, brides crois\u00e9es sur le cou-de-pied et fermeture par bride sur le talon. Semelle int\u00e9rieure en cuir tremp\u00e9.\" \/>\n<meta property=\"og:url\" content=\"https:\/\/ellebicalzature.it\/fr\/product\/sandales-avec-entre-orteils-et-brides-croisees\/\" \/>\n<meta property=\"og:site_name\" content=\"Ellebi\" \/>\n<meta property=\"article:publisher\" content=\"https:\/\/www.facebook.com\/ellebisandaliartigianaligallipoli\/\" \/>\n<meta property=\"article:modified_time\" content=\"2026-03-19T13:01:34+00:00\" \/>\n<meta property=\"og:image\" content=\"https:\/\/ellebicalzature.it\/wp-content\/uploads\/2023\/01\/immagine_1767271757.webp\" \/>\n\t<meta property=\"og:image:width\" content=\"751\" \/>\n\t<meta property=\"og:image:height\" content=\"747\" \/>\n\t<meta property=\"og:image:type\" content=\"image\/webp\" \/>\n<meta name=\"twitter:card\" content=\"summary_large_image\" \/>\n<script type=\"application\/ld+json\" class=\"yoast-schema-graph\">{\"@context\":\"https:\\\/\\\/schema.org\",\"@graph\":[{\"@type\":\"WebPage\",\"@id\":\"https:\\\/\\\/ellebicalzature.it\\\/fr\\\/product\\\/sandales-avec-entre-orteils-et-brides-croisees\\\/\",\"url\":\"https:\\\/\\\/ellebicalzature.it\\\/fr\\\/product\\\/sandales-avec-entre-orteils-et-brides-croisees\\\/\",\"name\":\"Sandales avec entre-orteils et brides crois\u00e9es\",\"isPartOf\":{\"@id\":\"https:\\\/\\\/ellebicalzature.it\\\/fr\\\/#website\"},\"primaryImageOfPage\":{\"@id\":\"https:\\\/\\\/ellebicalzature.it\\\/fr\\\/product\\\/sandales-avec-entre-orteils-et-brides-croisees\\\/#primaryimage\"},\"image\":{\"@id\":\"https:\\\/\\\/ellebicalzature.it\\\/fr\\\/product\\\/sandales-avec-entre-orteils-et-brides-croisees\\\/#primaryimage\"},\"thumbnailUrl\":\"https:\\\/\\\/ellebicalzature.it\\\/wp-content\\\/uploads\\\/2023\\\/01\\\/immagine_1767271757.webp\",\"datePublished\":\"2022-01-18T09:43:41+00:00\",\"dateModified\":\"2026-03-19T13:01:34+00:00\",\"description\":\"Sandales artisanales pour homme, avec entre-orteils, brides crois\u00e9es sur le cou-de-pied et fermeture par bride sur le talon. Semelle int\u00e9rieure en cuir tremp\u00e9.\",\"breadcrumb\":{\"@id\":\"https:\\\/\\\/ellebicalzature.it\\\/fr\\\/product\\\/sandales-avec-entre-orteils-et-brides-croisees\\\/#breadcrumb\"},\"inLanguage\":\"fr-FR\",\"potentialAction\":[{\"@type\":\"ReadAction\",\"target\":[\"https:\\\/\\\/ellebicalzature.it\\\/fr\\\/product\\\/sandales-avec-entre-orteils-et-brides-croisees\\\/\"]}]},{\"@type\":\"ImageObject\",\"inLanguage\":\"fr-FR\",\"@id\":\"https:\\\/\\\/ellebicalzature.it\\\/fr\\\/product\\\/sandales-avec-entre-orteils-et-brides-croisees\\\/#primaryimage\",\"url\":\"https:\\\/\\\/ellebicalzature.it\\\/wp-content\\\/uploads\\\/2023\\\/01\\\/immagine_1767271757.webp\",\"contentUrl\":\"https:\\\/\\\/ellebicalzature.it\\\/wp-content\\\/uploads\\\/2023\\\/01\\\/immagine_1767271757.webp\",\"width\":751,\"height\":747},{\"@type\":\"BreadcrumbList\",\"@id\":\"https:\\\/\\\/ellebicalzature.it\\\/fr\\\/product\\\/sandales-avec-entre-orteils-et-brides-croisees\\\/#breadcrumb\",\"itemListElement\":[{\"@type\":\"ListItem\",\"position\":1,\"name\":\"Home\",\"item\":\"https:\\\/\\\/ellebicalzature.it\\\/fr\\\/\"},{\"@type\":\"ListItem\",\"position\":2,\"name\":\"Boutique\",\"item\":\"https:\\\/\\\/ellebicalzature.it\\\/fr\\\/boutique\\\/\"},{\"@type\":\"ListItem\",\"position\":3,\"name\":\"Sandales avec entre-orteils et brides crois\u00e9es\"}]},{\"@type\":\"WebSite\",\"@id\":\"https:\\\/\\\/ellebicalzature.it\\\/fr\\\/#website\",\"url\":\"https:\\\/\\\/ellebicalzature.it\\\/fr\\\/\",\"name\":\"Elleb\u00ec\",\"description\":\"Calzature e accessori Gallipoli\",\"publisher\":{\"@id\":\"https:\\\/\\\/ellebicalzature.it\\\/fr\\\/#organization\"},\"alternateName\":\"Elleb\u00ec | Calzature Gallipoli\",\"potentialAction\":[{\"@type\":\"SearchAction\",\"target\":{\"@type\":\"EntryPoint\",\"urlTemplate\":\"https:\\\/\\\/ellebicalzature.it\\\/fr\\\/?s={search_term_string}\"},\"query-input\":{\"@type\":\"PropertyValueSpecification\",\"valueRequired\":true,\"valueName\":\"search_term_string\"}}],\"inLanguage\":\"fr-FR\"},{\"@type\":\"Organization\",\"@id\":\"https:\\\/\\\/ellebicalzature.it\\\/fr\\\/#organization\",\"name\":\"Ellebi\",\"url\":\"https:\\\/\\\/ellebicalzature.it\\\/fr\\\/\",\"logo\":{\"@type\":\"ImageObject\",\"inLanguage\":\"fr-FR\",\"@id\":\"https:\\\/\\\/ellebicalzature.it\\\/fr\\\/#\\\/schema\\\/logo\\\/image\\\/\",\"url\":\"https:\\\/\\\/ellebicalzature.it\\\/wp-content\\\/uploads\\\/2024\\\/04\\\/logo-ellebi.png\",\"contentUrl\":\"https:\\\/\\\/ellebicalzature.it\\\/wp-content\\\/uploads\\\/2024\\\/04\\\/logo-ellebi.png\",\"width\":221,\"height\":131,\"caption\":\"Ellebi\"},\"image\":{\"@id\":\"https:\\\/\\\/ellebicalzature.it\\\/fr\\\/#\\\/schema\\\/logo\\\/image\\\/\"},\"sameAs\":[\"https:\\\/\\\/www.facebook.com\\\/ellebisandaliartigianaligallipoli\\\/\",\"https:\\\/\\\/www.instagram.com\\\/ellebicalzature\\\/?hl=it\"]}]}<\/script>\n<!-- \/ Yoast SEO plugin. -->","yoast_head_json":{"title":"Sandales avec entre-orteils et brides crois\u00e9es","description":"Sandales artisanales pour homme, avec entre-orteils, brides crois\u00e9es sur le cou-de-pied et fermeture par bride sur le talon. Semelle int\u00e9rieure en cuir tremp\u00e9.","robots":{"index":"index","follow":"follow","max-snippet":"max-snippet:-1","max-image-preview":"max-image-preview:large","max-video-preview":"max-video-preview:-1"},"canonical":"https:\/\/ellebicalzature.it\/fr\/product\/sandales-avec-entre-orteils-et-brides-croisees\/","og_locale":"fr_FR","og_type":"article","og_title":"Sandales avec entre-orteils et brides crois\u00e9es","og_description":"Sandales artisanales pour homme, avec entre-orteils, brides crois\u00e9es sur le cou-de-pied et fermeture par bride sur le talon. Semelle int\u00e9rieure en cuir tremp\u00e9.","og_url":"https:\/\/ellebicalzature.it\/fr\/product\/sandales-avec-entre-orteils-et-brides-croisees\/","og_site_name":"Ellebi","article_publisher":"https:\/\/www.facebook.com\/ellebisandaliartigianaligallipoli\/","article_modified_time":"2026-03-19T13:01:34+00:00","og_image":[{"width":751,"height":747,"url":"https:\/\/ellebicalzature.it\/wp-content\/uploads\/2023\/01\/immagine_1767271757.webp","type":"image\/webp"}],"twitter_card":"summary_large_image","schema":{"@context":"https:\/\/schema.org","@graph":[{"@type":"WebPage","@id":"https:\/\/ellebicalzature.it\/fr\/product\/sandales-avec-entre-orteils-et-brides-croisees\/","url":"https:\/\/ellebicalzature.it\/fr\/product\/sandales-avec-entre-orteils-et-brides-croisees\/","name":"Sandales avec entre-orteils et brides crois\u00e9es","isPartOf":{"@id":"https:\/\/ellebicalzature.it\/fr\/#website"},"primaryImageOfPage":{"@id":"https:\/\/ellebicalzature.it\/fr\/product\/sandales-avec-entre-orteils-et-brides-croisees\/#primaryimage"},"image":{"@id":"https:\/\/ellebicalzature.it\/fr\/product\/sandales-avec-entre-orteils-et-brides-croisees\/#primaryimage"},"thumbnailUrl":"https:\/\/ellebicalzature.it\/wp-content\/uploads\/2023\/01\/immagine_1767271757.webp","datePublished":"2022-01-18T09:43:41+00:00","dateModified":"2026-03-19T13:01:34+00:00","description":"Sandales artisanales pour homme, avec entre-orteils, brides crois\u00e9es sur le cou-de-pied et fermeture par bride sur le talon. Semelle int\u00e9rieure en cuir tremp\u00e9.","breadcrumb":{"@id":"https:\/\/ellebicalzature.it\/fr\/product\/sandales-avec-entre-orteils-et-brides-croisees\/#breadcrumb"},"inLanguage":"fr-FR","potentialAction":[{"@type":"ReadAction","target":["https:\/\/ellebicalzature.it\/fr\/product\/sandales-avec-entre-orteils-et-brides-croisees\/"]}]},{"@type":"ImageObject","inLanguage":"fr-FR","@id":"https:\/\/ellebicalzature.it\/fr\/product\/sandales-avec-entre-orteils-et-brides-croisees\/#primaryimage","url":"https:\/\/ellebicalzature.it\/wp-content\/uploads\/2023\/01\/immagine_1767271757.webp","contentUrl":"https:\/\/ellebicalzature.it\/wp-content\/uploads\/2023\/01\/immagine_1767271757.webp","width":751,"height":747},{"@type":"BreadcrumbList","@id":"https:\/\/ellebicalzature.it\/fr\/product\/sandales-avec-entre-orteils-et-brides-croisees\/#breadcrumb","itemListElement":[{"@type":"ListItem","position":1,"name":"Home","item":"https:\/\/ellebicalzature.it\/fr\/"},{"@type":"ListItem","position":2,"name":"Boutique","item":"https:\/\/ellebicalzature.it\/fr\/boutique\/"},{"@type":"ListItem","position":3,"name":"Sandales avec entre-orteils et brides crois\u00e9es"}]},{"@type":"WebSite","@id":"https:\/\/ellebicalzature.it\/fr\/#website","url":"https:\/\/ellebicalzature.it\/fr\/","name":"Elleb\u00ec","description":"Calzature e accessori Gallipoli","publisher":{"@id":"https:\/\/ellebicalzature.it\/fr\/#organization"},"alternateName":"Elleb\u00ec | Calzature Gallipoli","potentialAction":[{"@type":"SearchAction","target":{"@type":"EntryPoint","urlTemplate":"https:\/\/ellebicalzature.it\/fr\/?s={search_term_string}"},"query-input":{"@type":"PropertyValueSpecification","valueRequired":true,"valueName":"search_term_string"}}],"inLanguage":"fr-FR"},{"@type":"Organization","@id":"https:\/\/ellebicalzature.it\/fr\/#organization","name":"Ellebi","url":"https:\/\/ellebicalzature.it\/fr\/","logo":{"@type":"ImageObject","inLanguage":"fr-FR","@id":"https:\/\/ellebicalzature.it\/fr\/#\/schema\/logo\/image\/","url":"https:\/\/ellebicalzature.it\/wp-content\/uploads\/2024\/04\/logo-ellebi.png","contentUrl":"https:\/\/ellebicalzature.it\/wp-content\/uploads\/2024\/04\/logo-ellebi.png","width":221,"height":131,"caption":"Ellebi"},"image":{"@id":"https:\/\/ellebicalzature.it\/fr\/#\/schema\/logo\/image\/"},"sameAs":["https:\/\/www.facebook.com\/ellebisandaliartigianaligallipoli\/","https:\/\/www.instagram.com\/ellebicalzature\/?hl=it"]}]}},"_links":{"self":[{"href":"https:\/\/ellebicalzature.it\/fr\/wp-json\/wp\/v2\/product\/54146","targetHints":{"allow":["GET"]}}],"collection":[{"href":"https:\/\/ellebicalzature.it\/fr\/wp-json\/wp\/v2\/product"}],"about":[{"href":"https:\/\/ellebicalzature.it\/fr\/wp-json\/wp\/v2\/types\/product"}],"replies":[{"embeddable":true,"href":"https:\/\/ellebicalzature.it\/fr\/wp-json\/wp\/v2\/comments?post=54146"}],"version-history":[{"count":1,"href":"https:\/\/ellebicalzature.it\/fr\/wp-json\/wp\/v2\/product\/54146\/revisions"}],"predecessor-version":[{"id":74126,"href":"https:\/\/ellebicalzature.it\/fr\/wp-json\/wp\/v2\/product\/54146\/revisions\/74126"}],"wp:featuredmedia":[{"embeddable":true,"href":"https:\/\/ellebicalzature.it\/fr\/wp-json\/wp\/v2\/media\/70219"}],"wp:attachment":[{"href":"https:\/\/ellebicalzature.it\/fr\/wp-json\/wp\/v2\/media?parent=54146"}],"wp:term":[{"taxonomy":"product_brand","embeddable":true,"href":"https:\/\/ellebicalzature.it\/fr\/wp-json\/wp\/v2\/product_brand?post=54146"},{"taxonomy":"product_cat","embeddable":true,"href":"https:\/\/ellebicalzature.it\/fr\/wp-json\/wp\/v2\/product_cat?post=54146"},{"taxonomy":"product_tag","embeddable":true,"href":"https:\/\/ellebicalzature.it\/fr\/wp-json\/wp\/v2\/product_tag?post=54146"}],"curies":[{"name":"wp","href":"https:\/\/api.w.org\/{rel}","templated":true}]}}