{"id":54510,"date":"2022-01-17T12:09:04","date_gmt":"2022-01-17T12:09:04","guid":{"rendered":"https:\/\/ellebicalzature.it\/product\/sandales-artisanales-style-romain-avec-entre-doigts\/"},"modified":"2026-03-19T14:22:57","modified_gmt":"2026-03-19T13:22:57","slug":"sandales-artisanales-style-romain-avec-entre-doigts","status":"publish","type":"product","link":"https:\/\/ellebicalzature.it\/fr\/product\/sandales-artisanales-style-romain-avec-entre-doigts\/","title":{"rendered":"Sandales artisanales style romain avec entre-doigts"},"content":{"rendered":"<p>Sandales romaines artisanales pour femme style gladiateur, avec entre-doigts et lani\u00e8res ajust\u00e9es sur le cou-de-pied. Tige et lacets en cuir, semelle int\u00e9rieure en cuir et semelle ext\u00e9rieure en caoutchouc all\u00e9g\u00e9.<br \/>\nChaussures fabriqu\u00e9es \u00e0 la main par des artisans du Salento. <\/p>\n","protected":false},"excerpt":{"rendered":"<p>Sandales romaines artisanales pour femme style gladiateur, avec entre-doigts et lani\u00e8res ajust\u00e9es sur le cou-de-pied. Tige et lacets en cuir, semelle int\u00e9rieure en cuir et semelle ext\u00e9rieure en caoutchouc all\u00e9g\u00e9. <\/p>\n","protected":false},"featured_media":70400,"comment_status":"closed","ping_status":"closed","template":"","meta":{"_monsterinsights_skip_tracking":false,"_monsterinsights_sitenote_active":false,"_monsterinsights_sitenote_note":"","_monsterinsights_sitenote_category":0},"product_brand":[],"product_cat":[1218,1217,1221,1214],"product_tag":[1630,1629],"class_list":{"0":"post-54510","1":"product","2":"type-product","3":"status-publish","4":"has-post-thumbnail","6":"product_cat-articles-en-promotion","7":"product_cat-chaussures-artisanales-femme","8":"product_cat-nouveautes","9":"product_cat-sandales-artisanales-femme-spartiates","10":"product_tag-sandales-artisanales-femme","11":"product_tag-sandales-spartiates","12":"pa_colore-blanc","13":"pa_colore-fuchsia","14":"pa_colore-noir","15":"pa_colore-platine","16":"pa_colore-tete-de-maure","17":"pa_taglia-1349","18":"pa_taglia-1356","19":"pa_taglia-1354","20":"pa_taglia-1357","21":"pa_taglia-1355","22":"pa_taglia-1353","23":"pa_taglia-1352","24":"pa_taglia-1351","25":"pa_taglia-1350","27":"first","28":"instock","29":"sale","30":"purchasable","31":"product-type-variable"},"yoast_head":"<!-- This site is optimized with the Yoast SEO plugin v27.3 - https:\/\/yoast.com\/product\/yoast-seo-wordpress\/ -->\n<title>Sandales romaines style gladiateur pour femme avec entre-doigts \u00e0 lani\u00e8res<\/title>\n<meta name=\"description\" content=\"Sandales romaines artisanales pour femme style gladiateur, avec entre-doigts et lani\u00e8res ajust\u00e9es sur le cou-de-pied. Tige et lacets en cuir.\" \/>\n<meta name=\"robots\" content=\"index, follow, max-snippet:-1, max-image-preview:large, max-video-preview:-1\" \/>\n<link rel=\"canonical\" href=\"https:\/\/ellebicalzature.it\/fr\/product\/sandales-artisanales-style-romain-avec-entre-doigts\/\" \/>\n<meta property=\"og:locale\" content=\"fr_FR\" \/>\n<meta property=\"og:type\" content=\"article\" \/>\n<meta property=\"og:title\" content=\"Sandales romaines style gladiateur pour femme avec entre-doigts \u00e0 lani\u00e8res\" \/>\n<meta property=\"og:description\" content=\"Sandales romaines artisanales pour femme style gladiateur, avec entre-doigts et lani\u00e8res ajust\u00e9es sur le cou-de-pied. Tige et lacets en cuir.\" \/>\n<meta property=\"og:url\" content=\"https:\/\/ellebicalzature.it\/fr\/product\/sandales-artisanales-style-romain-avec-entre-doigts\/\" \/>\n<meta property=\"og:site_name\" content=\"Ellebi\" \/>\n<meta property=\"article:publisher\" content=\"https:\/\/www.facebook.com\/ellebisandaliartigianaligallipoli\/\" \/>\n<meta property=\"article:modified_time\" content=\"2026-03-19T13:22:57+00:00\" \/>\n<meta property=\"og:image\" content=\"https:\/\/ellebicalzature.it\/wp-content\/uploads\/2022\/01\/immagine_1767355574.webp\" \/>\n\t<meta property=\"og:image:width\" content=\"1977\" \/>\n\t<meta property=\"og:image:height\" content=\"1694\" \/>\n\t<meta property=\"og:image:type\" content=\"image\/webp\" \/>\n<meta name=\"twitter:card\" content=\"summary_large_image\" \/>\n<script type=\"application\/ld+json\" class=\"yoast-schema-graph\">{\"@context\":\"https:\\\/\\\/schema.org\",\"@graph\":[{\"@type\":\"WebPage\",\"@id\":\"https:\\\/\\\/ellebicalzature.it\\\/fr\\\/product\\\/sandales-artisanales-style-romain-avec-entre-doigts\\\/\",\"url\":\"https:\\\/\\\/ellebicalzature.it\\\/fr\\\/product\\\/sandales-artisanales-style-romain-avec-entre-doigts\\\/\",\"name\":\"Sandales romaines style gladiateur pour femme avec entre-doigts \u00e0 lani\u00e8res\",\"isPartOf\":{\"@id\":\"https:\\\/\\\/ellebicalzature.it\\\/fr\\\/#website\"},\"primaryImageOfPage\":{\"@id\":\"https:\\\/\\\/ellebicalzature.it\\\/fr\\\/product\\\/sandales-artisanales-style-romain-avec-entre-doigts\\\/#primaryimage\"},\"image\":{\"@id\":\"https:\\\/\\\/ellebicalzature.it\\\/fr\\\/product\\\/sandales-artisanales-style-romain-avec-entre-doigts\\\/#primaryimage\"},\"thumbnailUrl\":\"https:\\\/\\\/ellebicalzature.it\\\/wp-content\\\/uploads\\\/2022\\\/01\\\/immagine_1767355574.webp\",\"datePublished\":\"2022-01-17T12:09:04+00:00\",\"dateModified\":\"2026-03-19T13:22:57+00:00\",\"description\":\"Sandales romaines artisanales pour femme style gladiateur, avec entre-doigts et lani\u00e8res ajust\u00e9es sur le cou-de-pied. Tige et lacets en cuir.\",\"breadcrumb\":{\"@id\":\"https:\\\/\\\/ellebicalzature.it\\\/fr\\\/product\\\/sandales-artisanales-style-romain-avec-entre-doigts\\\/#breadcrumb\"},\"inLanguage\":\"fr-FR\",\"potentialAction\":[{\"@type\":\"ReadAction\",\"target\":[\"https:\\\/\\\/ellebicalzature.it\\\/fr\\\/product\\\/sandales-artisanales-style-romain-avec-entre-doigts\\\/\"]}]},{\"@type\":\"ImageObject\",\"inLanguage\":\"fr-FR\",\"@id\":\"https:\\\/\\\/ellebicalzature.it\\\/fr\\\/product\\\/sandales-artisanales-style-romain-avec-entre-doigts\\\/#primaryimage\",\"url\":\"https:\\\/\\\/ellebicalzature.it\\\/wp-content\\\/uploads\\\/2022\\\/01\\\/immagine_1767355574.webp\",\"contentUrl\":\"https:\\\/\\\/ellebicalzature.it\\\/wp-content\\\/uploads\\\/2022\\\/01\\\/immagine_1767355574.webp\",\"width\":1977,\"height\":1694},{\"@type\":\"BreadcrumbList\",\"@id\":\"https:\\\/\\\/ellebicalzature.it\\\/fr\\\/product\\\/sandales-artisanales-style-romain-avec-entre-doigts\\\/#breadcrumb\",\"itemListElement\":[{\"@type\":\"ListItem\",\"position\":1,\"name\":\"Home\",\"item\":\"https:\\\/\\\/ellebicalzature.it\\\/fr\\\/\"},{\"@type\":\"ListItem\",\"position\":2,\"name\":\"Boutique\",\"item\":\"https:\\\/\\\/ellebicalzature.it\\\/fr\\\/boutique\\\/\"},{\"@type\":\"ListItem\",\"position\":3,\"name\":\"Sandales artisanales style romain avec entre-doigts\"}]},{\"@type\":\"WebSite\",\"@id\":\"https:\\\/\\\/ellebicalzature.it\\\/fr\\\/#website\",\"url\":\"https:\\\/\\\/ellebicalzature.it\\\/fr\\\/\",\"name\":\"Elleb\u00ec\",\"description\":\"Calzature e accessori Gallipoli\",\"publisher\":{\"@id\":\"https:\\\/\\\/ellebicalzature.it\\\/fr\\\/#organization\"},\"alternateName\":\"Elleb\u00ec | Calzature Gallipoli\",\"potentialAction\":[{\"@type\":\"SearchAction\",\"target\":{\"@type\":\"EntryPoint\",\"urlTemplate\":\"https:\\\/\\\/ellebicalzature.it\\\/fr\\\/?s={search_term_string}\"},\"query-input\":{\"@type\":\"PropertyValueSpecification\",\"valueRequired\":true,\"valueName\":\"search_term_string\"}}],\"inLanguage\":\"fr-FR\"},{\"@type\":\"Organization\",\"@id\":\"https:\\\/\\\/ellebicalzature.it\\\/fr\\\/#organization\",\"name\":\"Ellebi\",\"url\":\"https:\\\/\\\/ellebicalzature.it\\\/fr\\\/\",\"logo\":{\"@type\":\"ImageObject\",\"inLanguage\":\"fr-FR\",\"@id\":\"https:\\\/\\\/ellebicalzature.it\\\/fr\\\/#\\\/schema\\\/logo\\\/image\\\/\",\"url\":\"https:\\\/\\\/ellebicalzature.it\\\/wp-content\\\/uploads\\\/2024\\\/04\\\/logo-ellebi.png\",\"contentUrl\":\"https:\\\/\\\/ellebicalzature.it\\\/wp-content\\\/uploads\\\/2024\\\/04\\\/logo-ellebi.png\",\"width\":221,\"height\":131,\"caption\":\"Ellebi\"},\"image\":{\"@id\":\"https:\\\/\\\/ellebicalzature.it\\\/fr\\\/#\\\/schema\\\/logo\\\/image\\\/\"},\"sameAs\":[\"https:\\\/\\\/www.facebook.com\\\/ellebisandaliartigianaligallipoli\\\/\",\"https:\\\/\\\/www.instagram.com\\\/ellebicalzature\\\/?hl=it\"]}]}<\/script>\n<!-- \/ Yoast SEO plugin. -->","yoast_head_json":{"title":"Sandales romaines style gladiateur pour femme avec entre-doigts \u00e0 lani\u00e8res","description":"Sandales romaines artisanales pour femme style gladiateur, avec entre-doigts et lani\u00e8res ajust\u00e9es sur le cou-de-pied. Tige et lacets en cuir.","robots":{"index":"index","follow":"follow","max-snippet":"max-snippet:-1","max-image-preview":"max-image-preview:large","max-video-preview":"max-video-preview:-1"},"canonical":"https:\/\/ellebicalzature.it\/fr\/product\/sandales-artisanales-style-romain-avec-entre-doigts\/","og_locale":"fr_FR","og_type":"article","og_title":"Sandales romaines style gladiateur pour femme avec entre-doigts \u00e0 lani\u00e8res","og_description":"Sandales romaines artisanales pour femme style gladiateur, avec entre-doigts et lani\u00e8res ajust\u00e9es sur le cou-de-pied. Tige et lacets en cuir.","og_url":"https:\/\/ellebicalzature.it\/fr\/product\/sandales-artisanales-style-romain-avec-entre-doigts\/","og_site_name":"Ellebi","article_publisher":"https:\/\/www.facebook.com\/ellebisandaliartigianaligallipoli\/","article_modified_time":"2026-03-19T13:22:57+00:00","og_image":[{"width":1977,"height":1694,"url":"https:\/\/ellebicalzature.it\/wp-content\/uploads\/2022\/01\/immagine_1767355574.webp","type":"image\/webp"}],"twitter_card":"summary_large_image","schema":{"@context":"https:\/\/schema.org","@graph":[{"@type":"WebPage","@id":"https:\/\/ellebicalzature.it\/fr\/product\/sandales-artisanales-style-romain-avec-entre-doigts\/","url":"https:\/\/ellebicalzature.it\/fr\/product\/sandales-artisanales-style-romain-avec-entre-doigts\/","name":"Sandales romaines style gladiateur pour femme avec entre-doigts \u00e0 lani\u00e8res","isPartOf":{"@id":"https:\/\/ellebicalzature.it\/fr\/#website"},"primaryImageOfPage":{"@id":"https:\/\/ellebicalzature.it\/fr\/product\/sandales-artisanales-style-romain-avec-entre-doigts\/#primaryimage"},"image":{"@id":"https:\/\/ellebicalzature.it\/fr\/product\/sandales-artisanales-style-romain-avec-entre-doigts\/#primaryimage"},"thumbnailUrl":"https:\/\/ellebicalzature.it\/wp-content\/uploads\/2022\/01\/immagine_1767355574.webp","datePublished":"2022-01-17T12:09:04+00:00","dateModified":"2026-03-19T13:22:57+00:00","description":"Sandales romaines artisanales pour femme style gladiateur, avec entre-doigts et lani\u00e8res ajust\u00e9es sur le cou-de-pied. Tige et lacets en cuir.","breadcrumb":{"@id":"https:\/\/ellebicalzature.it\/fr\/product\/sandales-artisanales-style-romain-avec-entre-doigts\/#breadcrumb"},"inLanguage":"fr-FR","potentialAction":[{"@type":"ReadAction","target":["https:\/\/ellebicalzature.it\/fr\/product\/sandales-artisanales-style-romain-avec-entre-doigts\/"]}]},{"@type":"ImageObject","inLanguage":"fr-FR","@id":"https:\/\/ellebicalzature.it\/fr\/product\/sandales-artisanales-style-romain-avec-entre-doigts\/#primaryimage","url":"https:\/\/ellebicalzature.it\/wp-content\/uploads\/2022\/01\/immagine_1767355574.webp","contentUrl":"https:\/\/ellebicalzature.it\/wp-content\/uploads\/2022\/01\/immagine_1767355574.webp","width":1977,"height":1694},{"@type":"BreadcrumbList","@id":"https:\/\/ellebicalzature.it\/fr\/product\/sandales-artisanales-style-romain-avec-entre-doigts\/#breadcrumb","itemListElement":[{"@type":"ListItem","position":1,"name":"Home","item":"https:\/\/ellebicalzature.it\/fr\/"},{"@type":"ListItem","position":2,"name":"Boutique","item":"https:\/\/ellebicalzature.it\/fr\/boutique\/"},{"@type":"ListItem","position":3,"name":"Sandales artisanales style romain avec entre-doigts"}]},{"@type":"WebSite","@id":"https:\/\/ellebicalzature.it\/fr\/#website","url":"https:\/\/ellebicalzature.it\/fr\/","name":"Elleb\u00ec","description":"Calzature e accessori Gallipoli","publisher":{"@id":"https:\/\/ellebicalzature.it\/fr\/#organization"},"alternateName":"Elleb\u00ec | Calzature Gallipoli","potentialAction":[{"@type":"SearchAction","target":{"@type":"EntryPoint","urlTemplate":"https:\/\/ellebicalzature.it\/fr\/?s={search_term_string}"},"query-input":{"@type":"PropertyValueSpecification","valueRequired":true,"valueName":"search_term_string"}}],"inLanguage":"fr-FR"},{"@type":"Organization","@id":"https:\/\/ellebicalzature.it\/fr\/#organization","name":"Ellebi","url":"https:\/\/ellebicalzature.it\/fr\/","logo":{"@type":"ImageObject","inLanguage":"fr-FR","@id":"https:\/\/ellebicalzature.it\/fr\/#\/schema\/logo\/image\/","url":"https:\/\/ellebicalzature.it\/wp-content\/uploads\/2024\/04\/logo-ellebi.png","contentUrl":"https:\/\/ellebicalzature.it\/wp-content\/uploads\/2024\/04\/logo-ellebi.png","width":221,"height":131,"caption":"Ellebi"},"image":{"@id":"https:\/\/ellebicalzature.it\/fr\/#\/schema\/logo\/image\/"},"sameAs":["https:\/\/www.facebook.com\/ellebisandaliartigianaligallipoli\/","https:\/\/www.instagram.com\/ellebicalzature\/?hl=it"]}]}},"_links":{"self":[{"href":"https:\/\/ellebicalzature.it\/fr\/wp-json\/wp\/v2\/product\/54510","targetHints":{"allow":["GET"]}}],"collection":[{"href":"https:\/\/ellebicalzature.it\/fr\/wp-json\/wp\/v2\/product"}],"about":[{"href":"https:\/\/ellebicalzature.it\/fr\/wp-json\/wp\/v2\/types\/product"}],"replies":[{"embeddable":true,"href":"https:\/\/ellebicalzature.it\/fr\/wp-json\/wp\/v2\/comments?post=54510"}],"version-history":[{"count":1,"href":"https:\/\/ellebicalzature.it\/fr\/wp-json\/wp\/v2\/product\/54510\/revisions"}],"predecessor-version":[{"id":74500,"href":"https:\/\/ellebicalzature.it\/fr\/wp-json\/wp\/v2\/product\/54510\/revisions\/74500"}],"wp:featuredmedia":[{"embeddable":true,"href":"https:\/\/ellebicalzature.it\/fr\/wp-json\/wp\/v2\/media\/70400"}],"wp:attachment":[{"href":"https:\/\/ellebicalzature.it\/fr\/wp-json\/wp\/v2\/media?parent=54510"}],"wp:term":[{"taxonomy":"product_brand","embeddable":true,"href":"https:\/\/ellebicalzature.it\/fr\/wp-json\/wp\/v2\/product_brand?post=54510"},{"taxonomy":"product_cat","embeddable":true,"href":"https:\/\/ellebicalzature.it\/fr\/wp-json\/wp\/v2\/product_cat?post=54510"},{"taxonomy":"product_tag","embeddable":true,"href":"https:\/\/ellebicalzature.it\/fr\/wp-json\/wp\/v2\/product_tag?post=54510"}],"curies":[{"name":"wp","href":"https:\/\/api.w.org\/{rel}","templated":true}]}}