{"id":54921,"date":"2022-01-17T11:22:22","date_gmt":"2022-01-17T11:22:22","guid":{"rendered":"https:\/\/ellebicalzature.it\/product\/sandales-romaines-avec-tong-et-double-bride\/"},"modified":"2026-03-19T14:09:23","modified_gmt":"2026-03-19T13:09:23","slug":"sandales-romaines-avec-tong-et-double-bride","status":"publish","type":"product","link":"https:\/\/ellebicalzature.it\/fr\/product\/sandales-romaines-avec-tong-et-double-bride\/","title":{"rendered":"Sandales romaines avec tong et double bride"},"content":{"rendered":"<p>Sandales romaines artisanales pour femme avec tong et double bride, une au talon et une crois\u00e9e \u00e0 la cheville. Disponible en deux versions, une avec dessus en velours et semelle rembourr\u00e9e et une autre avec dessus en vachette souple avec semelle rembourr\u00e9e et\/ou cuir lisse. Semelle ext\u00e9rieure en cuir.  <\/p>\n","protected":false},"excerpt":{"rendered":"<p>Sandales romaines artisanales pour femme avec tong et double bride, une au talon et une crois\u00e9e \u00e0 la cheville. Disponible en deux versions, une avec dessus en velours et une autre avec dessus en vachette souple. Semelle int\u00e9rieure et ext\u00e9rieure en cuir.<br \/>\nChaussures fabriqu\u00e9es \u00e0 la main par des artisans du Salento. <\/p>\n","protected":false},"featured_media":71448,"comment_status":"closed","ping_status":"closed","template":"","meta":{"_monsterinsights_skip_tracking":false,"_monsterinsights_sitenote_active":false,"_monsterinsights_sitenote_note":"","_monsterinsights_sitenote_category":0},"product_brand":[],"product_cat":[1217,1221,1233],"product_tag":[2146,2145],"class_list":{"0":"post-54921","1":"product","2":"type-product","3":"status-publish","4":"has-post-thumbnail","6":"product_cat-chaussures-artisanales-femme","7":"product_cat-nouveautes","8":"product_cat-sandales-artisanales-femme-romaines","9":"product_tag-sandales-romaines-artisanales","10":"product_tag-sandales-romaines-femme","11":"pa_colore-blanc","12":"pa_colore-cuir","13":"pa_colore-cuivre","14":"pa_colore-daim-bleu","15":"pa_colore-daim-marron","16":"pa_colore-daim-noir","17":"pa_colore-daim-rouge","18":"pa_colore-daim-vert","19":"pa_colore-noir","20":"pa_colore-platine","21":"pa_colore-poulain-imprime-leopard","22":"pa_colore-tete-de-maure","23":"pa_colore-velours-jaune","24":"pa_colore-velours-rose","25":"pa_taglia-1349","26":"pa_taglia-1356","27":"pa_taglia-1354","28":"pa_taglia-1357","29":"pa_taglia-1355","30":"pa_taglia-1353","31":"pa_taglia-1352","32":"pa_taglia-1351","33":"pa_taglia-1350","35":"first","36":"instock","37":"purchasable","38":"product-type-variable"},"yoast_head":"<!-- This site is optimized with the Yoast SEO plugin v27.3 - https:\/\/yoast.com\/product\/yoast-seo-wordpress\/ -->\n<title>Sandales romaines pour femme avec tong et double bride<\/title>\n<meta name=\"description\" content=\"Sandales romaines artisanales pour femme avec tong et double bride, une au talon et une crois\u00e9e \u00e0 la cheville. Avec dessus en velours ou vachette.\" \/>\n<meta name=\"robots\" content=\"index, follow, max-snippet:-1, max-image-preview:large, max-video-preview:-1\" \/>\n<link rel=\"canonical\" href=\"https:\/\/ellebicalzature.it\/fr\/product\/sandales-romaines-avec-tong-et-double-bride\/\" \/>\n<meta property=\"og:locale\" content=\"fr_FR\" \/>\n<meta property=\"og:type\" content=\"article\" \/>\n<meta property=\"og:title\" content=\"Sandales romaines pour femme avec tong et double bride\" \/>\n<meta property=\"og:description\" content=\"Sandales romaines artisanales pour femme avec tong et double bride, une au talon et une crois\u00e9e \u00e0 la cheville. Avec dessus en velours ou vachette.\" \/>\n<meta property=\"og:url\" content=\"https:\/\/ellebicalzature.it\/fr\/product\/sandales-romaines-avec-tong-et-double-bride\/\" \/>\n<meta property=\"og:site_name\" content=\"Ellebi\" \/>\n<meta property=\"article:publisher\" content=\"https:\/\/www.facebook.com\/ellebisandaliartigianaligallipoli\/\" \/>\n<meta property=\"article:modified_time\" content=\"2026-03-19T13:09:23+00:00\" \/>\n<meta property=\"og:image\" content=\"https:\/\/ellebicalzature.it\/wp-content\/uploads\/2022\/01\/immagine_1768321403.webp\" \/>\n\t<meta property=\"og:image:width\" content=\"1742\" \/>\n\t<meta property=\"og:image:height\" content=\"2031\" \/>\n\t<meta property=\"og:image:type\" content=\"image\/webp\" \/>\n<meta name=\"twitter:card\" content=\"summary_large_image\" \/>\n<script type=\"application\/ld+json\" class=\"yoast-schema-graph\">{\"@context\":\"https:\\\/\\\/schema.org\",\"@graph\":[{\"@type\":\"WebPage\",\"@id\":\"https:\\\/\\\/ellebicalzature.it\\\/fr\\\/product\\\/sandales-romaines-avec-tong-et-double-bride\\\/\",\"url\":\"https:\\\/\\\/ellebicalzature.it\\\/fr\\\/product\\\/sandales-romaines-avec-tong-et-double-bride\\\/\",\"name\":\"Sandales romaines pour femme avec tong et double bride\",\"isPartOf\":{\"@id\":\"https:\\\/\\\/ellebicalzature.it\\\/fr\\\/#website\"},\"primaryImageOfPage\":{\"@id\":\"https:\\\/\\\/ellebicalzature.it\\\/fr\\\/product\\\/sandales-romaines-avec-tong-et-double-bride\\\/#primaryimage\"},\"image\":{\"@id\":\"https:\\\/\\\/ellebicalzature.it\\\/fr\\\/product\\\/sandales-romaines-avec-tong-et-double-bride\\\/#primaryimage\"},\"thumbnailUrl\":\"https:\\\/\\\/ellebicalzature.it\\\/wp-content\\\/uploads\\\/2022\\\/01\\\/immagine_1768321403.webp\",\"datePublished\":\"2022-01-17T11:22:22+00:00\",\"dateModified\":\"2026-03-19T13:09:23+00:00\",\"description\":\"Sandales romaines artisanales pour femme avec tong et double bride, une au talon et une crois\u00e9e \u00e0 la cheville. Avec dessus en velours ou vachette.\",\"breadcrumb\":{\"@id\":\"https:\\\/\\\/ellebicalzature.it\\\/fr\\\/product\\\/sandales-romaines-avec-tong-et-double-bride\\\/#breadcrumb\"},\"inLanguage\":\"fr-FR\",\"potentialAction\":[{\"@type\":\"ReadAction\",\"target\":[\"https:\\\/\\\/ellebicalzature.it\\\/fr\\\/product\\\/sandales-romaines-avec-tong-et-double-bride\\\/\"]}]},{\"@type\":\"ImageObject\",\"inLanguage\":\"fr-FR\",\"@id\":\"https:\\\/\\\/ellebicalzature.it\\\/fr\\\/product\\\/sandales-romaines-avec-tong-et-double-bride\\\/#primaryimage\",\"url\":\"https:\\\/\\\/ellebicalzature.it\\\/wp-content\\\/uploads\\\/2022\\\/01\\\/immagine_1768321403.webp\",\"contentUrl\":\"https:\\\/\\\/ellebicalzature.it\\\/wp-content\\\/uploads\\\/2022\\\/01\\\/immagine_1768321403.webp\",\"width\":1742,\"height\":2031},{\"@type\":\"BreadcrumbList\",\"@id\":\"https:\\\/\\\/ellebicalzature.it\\\/fr\\\/product\\\/sandales-romaines-avec-tong-et-double-bride\\\/#breadcrumb\",\"itemListElement\":[{\"@type\":\"ListItem\",\"position\":1,\"name\":\"Home\",\"item\":\"https:\\\/\\\/ellebicalzature.it\\\/fr\\\/\"},{\"@type\":\"ListItem\",\"position\":2,\"name\":\"Boutique\",\"item\":\"https:\\\/\\\/ellebicalzature.it\\\/fr\\\/boutique\\\/\"},{\"@type\":\"ListItem\",\"position\":3,\"name\":\"Sandales romaines avec tong et double bride\"}]},{\"@type\":\"WebSite\",\"@id\":\"https:\\\/\\\/ellebicalzature.it\\\/fr\\\/#website\",\"url\":\"https:\\\/\\\/ellebicalzature.it\\\/fr\\\/\",\"name\":\"Elleb\u00ec\",\"description\":\"Calzature e accessori Gallipoli\",\"publisher\":{\"@id\":\"https:\\\/\\\/ellebicalzature.it\\\/fr\\\/#organization\"},\"alternateName\":\"Elleb\u00ec | Calzature Gallipoli\",\"potentialAction\":[{\"@type\":\"SearchAction\",\"target\":{\"@type\":\"EntryPoint\",\"urlTemplate\":\"https:\\\/\\\/ellebicalzature.it\\\/fr\\\/?s={search_term_string}\"},\"query-input\":{\"@type\":\"PropertyValueSpecification\",\"valueRequired\":true,\"valueName\":\"search_term_string\"}}],\"inLanguage\":\"fr-FR\"},{\"@type\":\"Organization\",\"@id\":\"https:\\\/\\\/ellebicalzature.it\\\/fr\\\/#organization\",\"name\":\"Ellebi\",\"url\":\"https:\\\/\\\/ellebicalzature.it\\\/fr\\\/\",\"logo\":{\"@type\":\"ImageObject\",\"inLanguage\":\"fr-FR\",\"@id\":\"https:\\\/\\\/ellebicalzature.it\\\/fr\\\/#\\\/schema\\\/logo\\\/image\\\/\",\"url\":\"https:\\\/\\\/ellebicalzature.it\\\/wp-content\\\/uploads\\\/2024\\\/04\\\/logo-ellebi.png\",\"contentUrl\":\"https:\\\/\\\/ellebicalzature.it\\\/wp-content\\\/uploads\\\/2024\\\/04\\\/logo-ellebi.png\",\"width\":221,\"height\":131,\"caption\":\"Ellebi\"},\"image\":{\"@id\":\"https:\\\/\\\/ellebicalzature.it\\\/fr\\\/#\\\/schema\\\/logo\\\/image\\\/\"},\"sameAs\":[\"https:\\\/\\\/www.facebook.com\\\/ellebisandaliartigianaligallipoli\\\/\",\"https:\\\/\\\/www.instagram.com\\\/ellebicalzature\\\/?hl=it\"]}]}<\/script>\n<!-- \/ Yoast SEO plugin. -->","yoast_head_json":{"title":"Sandales romaines pour femme avec tong et double bride","description":"Sandales romaines artisanales pour femme avec tong et double bride, une au talon et une crois\u00e9e \u00e0 la cheville. Avec dessus en velours ou vachette.","robots":{"index":"index","follow":"follow","max-snippet":"max-snippet:-1","max-image-preview":"max-image-preview:large","max-video-preview":"max-video-preview:-1"},"canonical":"https:\/\/ellebicalzature.it\/fr\/product\/sandales-romaines-avec-tong-et-double-bride\/","og_locale":"fr_FR","og_type":"article","og_title":"Sandales romaines pour femme avec tong et double bride","og_description":"Sandales romaines artisanales pour femme avec tong et double bride, une au talon et une crois\u00e9e \u00e0 la cheville. Avec dessus en velours ou vachette.","og_url":"https:\/\/ellebicalzature.it\/fr\/product\/sandales-romaines-avec-tong-et-double-bride\/","og_site_name":"Ellebi","article_publisher":"https:\/\/www.facebook.com\/ellebisandaliartigianaligallipoli\/","article_modified_time":"2026-03-19T13:09:23+00:00","og_image":[{"width":1742,"height":2031,"url":"https:\/\/ellebicalzature.it\/wp-content\/uploads\/2022\/01\/immagine_1768321403.webp","type":"image\/webp"}],"twitter_card":"summary_large_image","schema":{"@context":"https:\/\/schema.org","@graph":[{"@type":"WebPage","@id":"https:\/\/ellebicalzature.it\/fr\/product\/sandales-romaines-avec-tong-et-double-bride\/","url":"https:\/\/ellebicalzature.it\/fr\/product\/sandales-romaines-avec-tong-et-double-bride\/","name":"Sandales romaines pour femme avec tong et double bride","isPartOf":{"@id":"https:\/\/ellebicalzature.it\/fr\/#website"},"primaryImageOfPage":{"@id":"https:\/\/ellebicalzature.it\/fr\/product\/sandales-romaines-avec-tong-et-double-bride\/#primaryimage"},"image":{"@id":"https:\/\/ellebicalzature.it\/fr\/product\/sandales-romaines-avec-tong-et-double-bride\/#primaryimage"},"thumbnailUrl":"https:\/\/ellebicalzature.it\/wp-content\/uploads\/2022\/01\/immagine_1768321403.webp","datePublished":"2022-01-17T11:22:22+00:00","dateModified":"2026-03-19T13:09:23+00:00","description":"Sandales romaines artisanales pour femme avec tong et double bride, une au talon et une crois\u00e9e \u00e0 la cheville. Avec dessus en velours ou vachette.","breadcrumb":{"@id":"https:\/\/ellebicalzature.it\/fr\/product\/sandales-romaines-avec-tong-et-double-bride\/#breadcrumb"},"inLanguage":"fr-FR","potentialAction":[{"@type":"ReadAction","target":["https:\/\/ellebicalzature.it\/fr\/product\/sandales-romaines-avec-tong-et-double-bride\/"]}]},{"@type":"ImageObject","inLanguage":"fr-FR","@id":"https:\/\/ellebicalzature.it\/fr\/product\/sandales-romaines-avec-tong-et-double-bride\/#primaryimage","url":"https:\/\/ellebicalzature.it\/wp-content\/uploads\/2022\/01\/immagine_1768321403.webp","contentUrl":"https:\/\/ellebicalzature.it\/wp-content\/uploads\/2022\/01\/immagine_1768321403.webp","width":1742,"height":2031},{"@type":"BreadcrumbList","@id":"https:\/\/ellebicalzature.it\/fr\/product\/sandales-romaines-avec-tong-et-double-bride\/#breadcrumb","itemListElement":[{"@type":"ListItem","position":1,"name":"Home","item":"https:\/\/ellebicalzature.it\/fr\/"},{"@type":"ListItem","position":2,"name":"Boutique","item":"https:\/\/ellebicalzature.it\/fr\/boutique\/"},{"@type":"ListItem","position":3,"name":"Sandales romaines avec tong et double bride"}]},{"@type":"WebSite","@id":"https:\/\/ellebicalzature.it\/fr\/#website","url":"https:\/\/ellebicalzature.it\/fr\/","name":"Elleb\u00ec","description":"Calzature e accessori Gallipoli","publisher":{"@id":"https:\/\/ellebicalzature.it\/fr\/#organization"},"alternateName":"Elleb\u00ec | Calzature Gallipoli","potentialAction":[{"@type":"SearchAction","target":{"@type":"EntryPoint","urlTemplate":"https:\/\/ellebicalzature.it\/fr\/?s={search_term_string}"},"query-input":{"@type":"PropertyValueSpecification","valueRequired":true,"valueName":"search_term_string"}}],"inLanguage":"fr-FR"},{"@type":"Organization","@id":"https:\/\/ellebicalzature.it\/fr\/#organization","name":"Ellebi","url":"https:\/\/ellebicalzature.it\/fr\/","logo":{"@type":"ImageObject","inLanguage":"fr-FR","@id":"https:\/\/ellebicalzature.it\/fr\/#\/schema\/logo\/image\/","url":"https:\/\/ellebicalzature.it\/wp-content\/uploads\/2024\/04\/logo-ellebi.png","contentUrl":"https:\/\/ellebicalzature.it\/wp-content\/uploads\/2024\/04\/logo-ellebi.png","width":221,"height":131,"caption":"Ellebi"},"image":{"@id":"https:\/\/ellebicalzature.it\/fr\/#\/schema\/logo\/image\/"},"sameAs":["https:\/\/www.facebook.com\/ellebisandaliartigianaligallipoli\/","https:\/\/www.instagram.com\/ellebicalzature\/?hl=it"]}]}},"_links":{"self":[{"href":"https:\/\/ellebicalzature.it\/fr\/wp-json\/wp\/v2\/product\/54921","targetHints":{"allow":["GET"]}}],"collection":[{"href":"https:\/\/ellebicalzature.it\/fr\/wp-json\/wp\/v2\/product"}],"about":[{"href":"https:\/\/ellebicalzature.it\/fr\/wp-json\/wp\/v2\/types\/product"}],"replies":[{"embeddable":true,"href":"https:\/\/ellebicalzature.it\/fr\/wp-json\/wp\/v2\/comments?post=54921"}],"version-history":[{"count":1,"href":"https:\/\/ellebicalzature.it\/fr\/wp-json\/wp\/v2\/product\/54921\/revisions"}],"predecessor-version":[{"id":74327,"href":"https:\/\/ellebicalzature.it\/fr\/wp-json\/wp\/v2\/product\/54921\/revisions\/74327"}],"wp:featuredmedia":[{"embeddable":true,"href":"https:\/\/ellebicalzature.it\/fr\/wp-json\/wp\/v2\/media\/71448"}],"wp:attachment":[{"href":"https:\/\/ellebicalzature.it\/fr\/wp-json\/wp\/v2\/media?parent=54921"}],"wp:term":[{"taxonomy":"product_brand","embeddable":true,"href":"https:\/\/ellebicalzature.it\/fr\/wp-json\/wp\/v2\/product_brand?post=54921"},{"taxonomy":"product_cat","embeddable":true,"href":"https:\/\/ellebicalzature.it\/fr\/wp-json\/wp\/v2\/product_cat?post=54921"},{"taxonomy":"product_tag","embeddable":true,"href":"https:\/\/ellebicalzature.it\/fr\/wp-json\/wp\/v2\/product_tag?post=54921"}],"curies":[{"name":"wp","href":"https:\/\/api.w.org\/{rel}","templated":true}]}}