{"id":55820,"date":"2022-01-16T11:48:25","date_gmt":"2022-01-16T11:48:25","guid":{"rendered":"https:\/\/ellebicalzature.it\/product\/mules-pour-homme-avec-large-bande-montante\/"},"modified":"2026-03-19T14:09:28","modified_gmt":"2026-03-19T13:09:28","slug":"mules-pour-homme-avec-large-bande-montante","status":"publish","type":"product","link":"https:\/\/ellebicalzature.it\/fr\/product\/mules-pour-homme-avec-large-bande-montante\/","title":{"rendered":"Mules pour homme avec large bande montante"},"content":{"rendered":"<p>Mules artisanales pour homme avec large bande montante. Tige en vachette souple, semelle int\u00e9rieure en cuir tremp\u00e9 (color\u00e9 par immersion dans des bains de teintures v\u00e9g\u00e9tales) et semelle ext\u00e9rieure en caoutchouc all\u00e9g\u00e9.<br \/>\nChaussures fabriqu\u00e9es \u00e0 la main par des artisans du Salento. <\/p>\n","protected":false},"excerpt":{"rendered":"<p>Mules artisanales pour homme avec large bande montante. Tige en vachette souple, semelle int\u00e9rieure en cuir tremp\u00e9 (color\u00e9 par immersion dans des bains de teintures v\u00e9g\u00e9tales) et semelle ext\u00e9rieure en caoutchouc all\u00e9g\u00e9. <\/p>\n","protected":false},"featured_media":70491,"comment_status":"closed","ping_status":"closed","template":"","meta":{"_monsterinsights_skip_tracking":false,"_monsterinsights_sitenote_active":false,"_monsterinsights_sitenote_note":"","_monsterinsights_sitenote_category":0},"product_brand":[],"product_cat":[1220,1230],"product_tag":[1829],"class_list":{"0":"post-55820","1":"product","2":"type-product","3":"status-publish","4":"has-post-thumbnail","6":"product_cat-chaussures-artisanales-homme","7":"product_cat-mules-artisanales-homme","8":"product_tag-sandales-artisanales-pour-homme-2","9":"pa_colore-cuir","10":"pa_colore-tete-de-maure","11":"pa_taglia-1355","12":"pa_taglia-1353","13":"pa_taglia-1352","14":"pa_taglia-1351","15":"pa_taglia-1350","16":"pa_taglia-1348","17":"pa_taglia-1347","18":"pa_taglia-1346","19":"pa_taglia-1823","21":"first","22":"instock","23":"purchasable","24":"product-type-variable"},"yoast_head":"<!-- This site is optimized with the Yoast SEO plugin v27.3 - https:\/\/yoast.com\/product\/yoast-seo-wordpress\/ -->\n<title>Mules artisanales pour homme avec large bande montante<\/title>\n<meta name=\"description\" content=\"Mules artisanales pour homme avec large bande montante. Tige en vachette souple, semelle int\u00e9rieure en cuir tremp\u00e9 et semelle ext\u00e9rieure en caoutchouc all\u00e9g\u00e9.\" \/>\n<meta name=\"robots\" content=\"index, follow, max-snippet:-1, max-image-preview:large, max-video-preview:-1\" \/>\n<link rel=\"canonical\" href=\"https:\/\/ellebicalzature.it\/fr\/product\/mules-pour-homme-avec-large-bande-montante\/\" \/>\n<meta property=\"og:locale\" content=\"fr_FR\" \/>\n<meta property=\"og:type\" content=\"article\" \/>\n<meta property=\"og:title\" content=\"Mules artisanales pour homme avec large bande montante\" \/>\n<meta property=\"og:description\" content=\"Mules artisanales pour homme avec large bande montante. Tige en vachette souple, semelle int\u00e9rieure en cuir tremp\u00e9 et semelle ext\u00e9rieure en caoutchouc all\u00e9g\u00e9.\" \/>\n<meta property=\"og:url\" content=\"https:\/\/ellebicalzature.it\/fr\/product\/mules-pour-homme-avec-large-bande-montante\/\" \/>\n<meta property=\"og:site_name\" content=\"Ellebi\" \/>\n<meta property=\"article:publisher\" content=\"https:\/\/www.facebook.com\/ellebisandaliartigianaligallipoli\/\" \/>\n<meta property=\"article:modified_time\" content=\"2026-03-19T13:09:28+00:00\" \/>\n<meta property=\"og:image\" content=\"https:\/\/ellebicalzature.it\/wp-content\/uploads\/2022\/01\/immagine_1767362293.webp\" \/>\n\t<meta property=\"og:image:width\" content=\"1425\" \/>\n\t<meta property=\"og:image:height\" content=\"1425\" \/>\n\t<meta property=\"og:image:type\" content=\"image\/webp\" \/>\n<meta name=\"twitter:card\" content=\"summary_large_image\" \/>\n<script type=\"application\/ld+json\" class=\"yoast-schema-graph\">{\"@context\":\"https:\\\/\\\/schema.org\",\"@graph\":[{\"@type\":\"WebPage\",\"@id\":\"https:\\\/\\\/ellebicalzature.it\\\/fr\\\/product\\\/mules-pour-homme-avec-large-bande-montante\\\/\",\"url\":\"https:\\\/\\\/ellebicalzature.it\\\/fr\\\/product\\\/mules-pour-homme-avec-large-bande-montante\\\/\",\"name\":\"Mules artisanales pour homme avec large bande montante\",\"isPartOf\":{\"@id\":\"https:\\\/\\\/ellebicalzature.it\\\/fr\\\/#website\"},\"primaryImageOfPage\":{\"@id\":\"https:\\\/\\\/ellebicalzature.it\\\/fr\\\/product\\\/mules-pour-homme-avec-large-bande-montante\\\/#primaryimage\"},\"image\":{\"@id\":\"https:\\\/\\\/ellebicalzature.it\\\/fr\\\/product\\\/mules-pour-homme-avec-large-bande-montante\\\/#primaryimage\"},\"thumbnailUrl\":\"https:\\\/\\\/ellebicalzature.it\\\/wp-content\\\/uploads\\\/2022\\\/01\\\/immagine_1767362293.webp\",\"datePublished\":\"2022-01-16T11:48:25+00:00\",\"dateModified\":\"2026-03-19T13:09:28+00:00\",\"description\":\"Mules artisanales pour homme avec large bande montante. Tige en vachette souple, semelle int\u00e9rieure en cuir tremp\u00e9 et semelle ext\u00e9rieure en caoutchouc all\u00e9g\u00e9.\",\"breadcrumb\":{\"@id\":\"https:\\\/\\\/ellebicalzature.it\\\/fr\\\/product\\\/mules-pour-homme-avec-large-bande-montante\\\/#breadcrumb\"},\"inLanguage\":\"fr-FR\",\"potentialAction\":[{\"@type\":\"ReadAction\",\"target\":[\"https:\\\/\\\/ellebicalzature.it\\\/fr\\\/product\\\/mules-pour-homme-avec-large-bande-montante\\\/\"]}]},{\"@type\":\"ImageObject\",\"inLanguage\":\"fr-FR\",\"@id\":\"https:\\\/\\\/ellebicalzature.it\\\/fr\\\/product\\\/mules-pour-homme-avec-large-bande-montante\\\/#primaryimage\",\"url\":\"https:\\\/\\\/ellebicalzature.it\\\/wp-content\\\/uploads\\\/2022\\\/01\\\/immagine_1767362293.webp\",\"contentUrl\":\"https:\\\/\\\/ellebicalzature.it\\\/wp-content\\\/uploads\\\/2022\\\/01\\\/immagine_1767362293.webp\",\"width\":1425,\"height\":1425},{\"@type\":\"BreadcrumbList\",\"@id\":\"https:\\\/\\\/ellebicalzature.it\\\/fr\\\/product\\\/mules-pour-homme-avec-large-bande-montante\\\/#breadcrumb\",\"itemListElement\":[{\"@type\":\"ListItem\",\"position\":1,\"name\":\"Home\",\"item\":\"https:\\\/\\\/ellebicalzature.it\\\/fr\\\/\"},{\"@type\":\"ListItem\",\"position\":2,\"name\":\"Boutique\",\"item\":\"https:\\\/\\\/ellebicalzature.it\\\/fr\\\/boutique\\\/\"},{\"@type\":\"ListItem\",\"position\":3,\"name\":\"Mules pour homme avec large bande montante\"}]},{\"@type\":\"WebSite\",\"@id\":\"https:\\\/\\\/ellebicalzature.it\\\/fr\\\/#website\",\"url\":\"https:\\\/\\\/ellebicalzature.it\\\/fr\\\/\",\"name\":\"Elleb\u00ec\",\"description\":\"Calzature e accessori Gallipoli\",\"publisher\":{\"@id\":\"https:\\\/\\\/ellebicalzature.it\\\/fr\\\/#organization\"},\"alternateName\":\"Elleb\u00ec | Calzature Gallipoli\",\"potentialAction\":[{\"@type\":\"SearchAction\",\"target\":{\"@type\":\"EntryPoint\",\"urlTemplate\":\"https:\\\/\\\/ellebicalzature.it\\\/fr\\\/?s={search_term_string}\"},\"query-input\":{\"@type\":\"PropertyValueSpecification\",\"valueRequired\":true,\"valueName\":\"search_term_string\"}}],\"inLanguage\":\"fr-FR\"},{\"@type\":\"Organization\",\"@id\":\"https:\\\/\\\/ellebicalzature.it\\\/fr\\\/#organization\",\"name\":\"Ellebi\",\"url\":\"https:\\\/\\\/ellebicalzature.it\\\/fr\\\/\",\"logo\":{\"@type\":\"ImageObject\",\"inLanguage\":\"fr-FR\",\"@id\":\"https:\\\/\\\/ellebicalzature.it\\\/fr\\\/#\\\/schema\\\/logo\\\/image\\\/\",\"url\":\"https:\\\/\\\/ellebicalzature.it\\\/wp-content\\\/uploads\\\/2024\\\/04\\\/logo-ellebi.png\",\"contentUrl\":\"https:\\\/\\\/ellebicalzature.it\\\/wp-content\\\/uploads\\\/2024\\\/04\\\/logo-ellebi.png\",\"width\":221,\"height\":131,\"caption\":\"Ellebi\"},\"image\":{\"@id\":\"https:\\\/\\\/ellebicalzature.it\\\/fr\\\/#\\\/schema\\\/logo\\\/image\\\/\"},\"sameAs\":[\"https:\\\/\\\/www.facebook.com\\\/ellebisandaliartigianaligallipoli\\\/\",\"https:\\\/\\\/www.instagram.com\\\/ellebicalzature\\\/?hl=it\"]}]}<\/script>\n<!-- \/ Yoast SEO plugin. -->","yoast_head_json":{"title":"Mules artisanales pour homme avec large bande montante","description":"Mules artisanales pour homme avec large bande montante. Tige en vachette souple, semelle int\u00e9rieure en cuir tremp\u00e9 et semelle ext\u00e9rieure en caoutchouc all\u00e9g\u00e9.","robots":{"index":"index","follow":"follow","max-snippet":"max-snippet:-1","max-image-preview":"max-image-preview:large","max-video-preview":"max-video-preview:-1"},"canonical":"https:\/\/ellebicalzature.it\/fr\/product\/mules-pour-homme-avec-large-bande-montante\/","og_locale":"fr_FR","og_type":"article","og_title":"Mules artisanales pour homme avec large bande montante","og_description":"Mules artisanales pour homme avec large bande montante. Tige en vachette souple, semelle int\u00e9rieure en cuir tremp\u00e9 et semelle ext\u00e9rieure en caoutchouc all\u00e9g\u00e9.","og_url":"https:\/\/ellebicalzature.it\/fr\/product\/mules-pour-homme-avec-large-bande-montante\/","og_site_name":"Ellebi","article_publisher":"https:\/\/www.facebook.com\/ellebisandaliartigianaligallipoli\/","article_modified_time":"2026-03-19T13:09:28+00:00","og_image":[{"width":1425,"height":1425,"url":"https:\/\/ellebicalzature.it\/wp-content\/uploads\/2022\/01\/immagine_1767362293.webp","type":"image\/webp"}],"twitter_card":"summary_large_image","schema":{"@context":"https:\/\/schema.org","@graph":[{"@type":"WebPage","@id":"https:\/\/ellebicalzature.it\/fr\/product\/mules-pour-homme-avec-large-bande-montante\/","url":"https:\/\/ellebicalzature.it\/fr\/product\/mules-pour-homme-avec-large-bande-montante\/","name":"Mules artisanales pour homme avec large bande montante","isPartOf":{"@id":"https:\/\/ellebicalzature.it\/fr\/#website"},"primaryImageOfPage":{"@id":"https:\/\/ellebicalzature.it\/fr\/product\/mules-pour-homme-avec-large-bande-montante\/#primaryimage"},"image":{"@id":"https:\/\/ellebicalzature.it\/fr\/product\/mules-pour-homme-avec-large-bande-montante\/#primaryimage"},"thumbnailUrl":"https:\/\/ellebicalzature.it\/wp-content\/uploads\/2022\/01\/immagine_1767362293.webp","datePublished":"2022-01-16T11:48:25+00:00","dateModified":"2026-03-19T13:09:28+00:00","description":"Mules artisanales pour homme avec large bande montante. Tige en vachette souple, semelle int\u00e9rieure en cuir tremp\u00e9 et semelle ext\u00e9rieure en caoutchouc all\u00e9g\u00e9.","breadcrumb":{"@id":"https:\/\/ellebicalzature.it\/fr\/product\/mules-pour-homme-avec-large-bande-montante\/#breadcrumb"},"inLanguage":"fr-FR","potentialAction":[{"@type":"ReadAction","target":["https:\/\/ellebicalzature.it\/fr\/product\/mules-pour-homme-avec-large-bande-montante\/"]}]},{"@type":"ImageObject","inLanguage":"fr-FR","@id":"https:\/\/ellebicalzature.it\/fr\/product\/mules-pour-homme-avec-large-bande-montante\/#primaryimage","url":"https:\/\/ellebicalzature.it\/wp-content\/uploads\/2022\/01\/immagine_1767362293.webp","contentUrl":"https:\/\/ellebicalzature.it\/wp-content\/uploads\/2022\/01\/immagine_1767362293.webp","width":1425,"height":1425},{"@type":"BreadcrumbList","@id":"https:\/\/ellebicalzature.it\/fr\/product\/mules-pour-homme-avec-large-bande-montante\/#breadcrumb","itemListElement":[{"@type":"ListItem","position":1,"name":"Home","item":"https:\/\/ellebicalzature.it\/fr\/"},{"@type":"ListItem","position":2,"name":"Boutique","item":"https:\/\/ellebicalzature.it\/fr\/boutique\/"},{"@type":"ListItem","position":3,"name":"Mules pour homme avec large bande montante"}]},{"@type":"WebSite","@id":"https:\/\/ellebicalzature.it\/fr\/#website","url":"https:\/\/ellebicalzature.it\/fr\/","name":"Elleb\u00ec","description":"Calzature e accessori Gallipoli","publisher":{"@id":"https:\/\/ellebicalzature.it\/fr\/#organization"},"alternateName":"Elleb\u00ec | Calzature Gallipoli","potentialAction":[{"@type":"SearchAction","target":{"@type":"EntryPoint","urlTemplate":"https:\/\/ellebicalzature.it\/fr\/?s={search_term_string}"},"query-input":{"@type":"PropertyValueSpecification","valueRequired":true,"valueName":"search_term_string"}}],"inLanguage":"fr-FR"},{"@type":"Organization","@id":"https:\/\/ellebicalzature.it\/fr\/#organization","name":"Ellebi","url":"https:\/\/ellebicalzature.it\/fr\/","logo":{"@type":"ImageObject","inLanguage":"fr-FR","@id":"https:\/\/ellebicalzature.it\/fr\/#\/schema\/logo\/image\/","url":"https:\/\/ellebicalzature.it\/wp-content\/uploads\/2024\/04\/logo-ellebi.png","contentUrl":"https:\/\/ellebicalzature.it\/wp-content\/uploads\/2024\/04\/logo-ellebi.png","width":221,"height":131,"caption":"Ellebi"},"image":{"@id":"https:\/\/ellebicalzature.it\/fr\/#\/schema\/logo\/image\/"},"sameAs":["https:\/\/www.facebook.com\/ellebisandaliartigianaligallipoli\/","https:\/\/www.instagram.com\/ellebicalzature\/?hl=it"]}]}},"_links":{"self":[{"href":"https:\/\/ellebicalzature.it\/fr\/wp-json\/wp\/v2\/product\/55820","targetHints":{"allow":["GET"]}}],"collection":[{"href":"https:\/\/ellebicalzature.it\/fr\/wp-json\/wp\/v2\/product"}],"about":[{"href":"https:\/\/ellebicalzature.it\/fr\/wp-json\/wp\/v2\/types\/product"}],"replies":[{"embeddable":true,"href":"https:\/\/ellebicalzature.it\/fr\/wp-json\/wp\/v2\/comments?post=55820"}],"version-history":[{"count":1,"href":"https:\/\/ellebicalzature.it\/fr\/wp-json\/wp\/v2\/product\/55820\/revisions"}],"predecessor-version":[{"id":74330,"href":"https:\/\/ellebicalzature.it\/fr\/wp-json\/wp\/v2\/product\/55820\/revisions\/74330"}],"wp:featuredmedia":[{"embeddable":true,"href":"https:\/\/ellebicalzature.it\/fr\/wp-json\/wp\/v2\/media\/70491"}],"wp:attachment":[{"href":"https:\/\/ellebicalzature.it\/fr\/wp-json\/wp\/v2\/media?parent=55820"}],"wp:term":[{"taxonomy":"product_brand","embeddable":true,"href":"https:\/\/ellebicalzature.it\/fr\/wp-json\/wp\/v2\/product_brand?post=55820"},{"taxonomy":"product_cat","embeddable":true,"href":"https:\/\/ellebicalzature.it\/fr\/wp-json\/wp\/v2\/product_cat?post=55820"},{"taxonomy":"product_tag","embeddable":true,"href":"https:\/\/ellebicalzature.it\/fr\/wp-json\/wp\/v2\/product_tag?post=55820"}],"curies":[{"name":"wp","href":"https:\/\/api.w.org\/{rel}","templated":true}]}}