{"id":57696,"date":"2021-10-31T18:15:21","date_gmt":"2021-10-31T18:15:21","guid":{"rendered":"https:\/\/ellebicalzature.it\/product\/sandales-en-cuir-pour-homme-avec-separateur-dorteils\/"},"modified":"2026-03-19T14:14:35","modified_gmt":"2026-03-19T13:14:35","slug":"sandales-en-cuir-pour-homme-avec-separateur-dorteils","status":"publish","type":"product","link":"https:\/\/ellebicalzature.it\/fr\/product\/sandales-en-cuir-pour-homme-avec-separateur-dorteils\/","title":{"rendered":"Sandales en cuir pour homme avec s\u00e9parateur d&rsquo;orteils"},"content":{"rendered":"<p>Sandales artisanales pour homme avec s\u00e9parateur d&rsquo;orteils en cuir doubl\u00e9, plus souples car sans les ar\u00eates de la d\u00e9coupe. Dessus en cuir de vache souple. <\/p>\n","protected":false},"excerpt":{"rendered":"<p>Sandales artisanales pour homme avec s\u00e9parateur d&rsquo;orteils en cuir doubl\u00e9, plus souples car sans les ar\u00eates de la d\u00e9coupe. Dessus en cuir de vache souple, semelle anatomique en cuir et semelle ext\u00e9rieure en caoutchouc rigide.<br \/>\nChaussures fabriqu\u00e9es \u00e0 la main par des artisans du Salento. <\/p>\n","protected":false},"featured_media":70551,"comment_status":"closed","ping_status":"closed","template":"","meta":{"_monsterinsights_skip_tracking":false,"_monsterinsights_sitenote_active":false,"_monsterinsights_sitenote_note":"","_monsterinsights_sitenote_category":0},"product_brand":[],"product_cat":[1220,1230],"product_tag":[1829],"class_list":{"0":"post-57696","1":"product","2":"type-product","3":"status-publish","4":"has-post-thumbnail","6":"product_cat-chaussures-artisanales-homme","7":"product_cat-mules-artisanales-homme","8":"product_tag-sandales-artisanales-pour-homme-2","9":"pa_colore-tete-de-maure","10":"pa_taglia-1355","11":"pa_taglia-1353","12":"pa_taglia-1352","13":"pa_taglia-1351","14":"pa_taglia-1350","15":"pa_taglia-1348","16":"pa_taglia-1347","17":"pa_taglia-1346","18":"pa_taglia-1823","20":"first","21":"instock","22":"purchasable","23":"product-type-variable"},"yoast_head":"<!-- This site is optimized with the Yoast SEO plugin v27.3 - https:\/\/yoast.com\/product\/yoast-seo-wordpress\/ -->\n<title>Sandales artisanales en cuir pour homme avec s\u00e9parateur d&#039;orteils<\/title>\n<meta name=\"description\" content=\"Sandales artisanales pour homme avec s\u00e9parateur d&#039;orteils en cuir doubl\u00e9, plus souples car sans les ar\u00eates de la d\u00e9coupe. Dessus en cuir de vache souple.\" \/>\n<meta name=\"robots\" content=\"index, follow, max-snippet:-1, max-image-preview:large, max-video-preview:-1\" \/>\n<link rel=\"canonical\" href=\"https:\/\/ellebicalzature.it\/fr\/product\/sandales-en-cuir-pour-homme-avec-separateur-dorteils\/\" \/>\n<meta property=\"og:locale\" content=\"fr_FR\" \/>\n<meta property=\"og:type\" content=\"article\" \/>\n<meta property=\"og:title\" content=\"Sandales artisanales en cuir pour homme avec s\u00e9parateur d&#039;orteils\" \/>\n<meta property=\"og:description\" content=\"Sandales artisanales pour homme avec s\u00e9parateur d&#039;orteils en cuir doubl\u00e9, plus souples car sans les ar\u00eates de la d\u00e9coupe. Dessus en cuir de vache souple.\" \/>\n<meta property=\"og:url\" content=\"https:\/\/ellebicalzature.it\/fr\/product\/sandales-en-cuir-pour-homme-avec-separateur-dorteils\/\" \/>\n<meta property=\"og:site_name\" content=\"Ellebi\" \/>\n<meta property=\"article:publisher\" content=\"https:\/\/www.facebook.com\/ellebisandaliartigianaligallipoli\/\" \/>\n<meta property=\"article:modified_time\" content=\"2026-03-19T13:14:35+00:00\" \/>\n<meta property=\"og:image\" content=\"https:\/\/ellebicalzature.it\/wp-content\/uploads\/2021\/10\/immagine_1767441928.webp\" \/>\n\t<meta property=\"og:image:width\" content=\"1682\" \/>\n\t<meta property=\"og:image:height\" content=\"1552\" \/>\n\t<meta property=\"og:image:type\" content=\"image\/webp\" \/>\n<meta name=\"twitter:card\" content=\"summary_large_image\" \/>\n<script type=\"application\/ld+json\" class=\"yoast-schema-graph\">{\"@context\":\"https:\\\/\\\/schema.org\",\"@graph\":[{\"@type\":\"WebPage\",\"@id\":\"https:\\\/\\\/ellebicalzature.it\\\/fr\\\/product\\\/sandales-en-cuir-pour-homme-avec-separateur-dorteils\\\/\",\"url\":\"https:\\\/\\\/ellebicalzature.it\\\/fr\\\/product\\\/sandales-en-cuir-pour-homme-avec-separateur-dorteils\\\/\",\"name\":\"Sandales artisanales en cuir pour homme avec s\u00e9parateur d'orteils\",\"isPartOf\":{\"@id\":\"https:\\\/\\\/ellebicalzature.it\\\/fr\\\/#website\"},\"primaryImageOfPage\":{\"@id\":\"https:\\\/\\\/ellebicalzature.it\\\/fr\\\/product\\\/sandales-en-cuir-pour-homme-avec-separateur-dorteils\\\/#primaryimage\"},\"image\":{\"@id\":\"https:\\\/\\\/ellebicalzature.it\\\/fr\\\/product\\\/sandales-en-cuir-pour-homme-avec-separateur-dorteils\\\/#primaryimage\"},\"thumbnailUrl\":\"https:\\\/\\\/ellebicalzature.it\\\/wp-content\\\/uploads\\\/2021\\\/10\\\/immagine_1767441928.webp\",\"datePublished\":\"2021-10-31T18:15:21+00:00\",\"dateModified\":\"2026-03-19T13:14:35+00:00\",\"description\":\"Sandales artisanales pour homme avec s\u00e9parateur d'orteils en cuir doubl\u00e9, plus souples car sans les ar\u00eates de la d\u00e9coupe. Dessus en cuir de vache souple.\",\"breadcrumb\":{\"@id\":\"https:\\\/\\\/ellebicalzature.it\\\/fr\\\/product\\\/sandales-en-cuir-pour-homme-avec-separateur-dorteils\\\/#breadcrumb\"},\"inLanguage\":\"fr-FR\",\"potentialAction\":[{\"@type\":\"ReadAction\",\"target\":[\"https:\\\/\\\/ellebicalzature.it\\\/fr\\\/product\\\/sandales-en-cuir-pour-homme-avec-separateur-dorteils\\\/\"]}]},{\"@type\":\"ImageObject\",\"inLanguage\":\"fr-FR\",\"@id\":\"https:\\\/\\\/ellebicalzature.it\\\/fr\\\/product\\\/sandales-en-cuir-pour-homme-avec-separateur-dorteils\\\/#primaryimage\",\"url\":\"https:\\\/\\\/ellebicalzature.it\\\/wp-content\\\/uploads\\\/2021\\\/10\\\/immagine_1767441928.webp\",\"contentUrl\":\"https:\\\/\\\/ellebicalzature.it\\\/wp-content\\\/uploads\\\/2021\\\/10\\\/immagine_1767441928.webp\",\"width\":1682,\"height\":1552},{\"@type\":\"BreadcrumbList\",\"@id\":\"https:\\\/\\\/ellebicalzature.it\\\/fr\\\/product\\\/sandales-en-cuir-pour-homme-avec-separateur-dorteils\\\/#breadcrumb\",\"itemListElement\":[{\"@type\":\"ListItem\",\"position\":1,\"name\":\"Home\",\"item\":\"https:\\\/\\\/ellebicalzature.it\\\/fr\\\/\"},{\"@type\":\"ListItem\",\"position\":2,\"name\":\"Boutique\",\"item\":\"https:\\\/\\\/ellebicalzature.it\\\/fr\\\/boutique\\\/\"},{\"@type\":\"ListItem\",\"position\":3,\"name\":\"Sandales en cuir pour homme avec s\u00e9parateur d&#8217;orteils\"}]},{\"@type\":\"WebSite\",\"@id\":\"https:\\\/\\\/ellebicalzature.it\\\/fr\\\/#website\",\"url\":\"https:\\\/\\\/ellebicalzature.it\\\/fr\\\/\",\"name\":\"Elleb\u00ec\",\"description\":\"Calzature e accessori Gallipoli\",\"publisher\":{\"@id\":\"https:\\\/\\\/ellebicalzature.it\\\/fr\\\/#organization\"},\"alternateName\":\"Elleb\u00ec | Calzature Gallipoli\",\"potentialAction\":[{\"@type\":\"SearchAction\",\"target\":{\"@type\":\"EntryPoint\",\"urlTemplate\":\"https:\\\/\\\/ellebicalzature.it\\\/fr\\\/?s={search_term_string}\"},\"query-input\":{\"@type\":\"PropertyValueSpecification\",\"valueRequired\":true,\"valueName\":\"search_term_string\"}}],\"inLanguage\":\"fr-FR\"},{\"@type\":\"Organization\",\"@id\":\"https:\\\/\\\/ellebicalzature.it\\\/fr\\\/#organization\",\"name\":\"Ellebi\",\"url\":\"https:\\\/\\\/ellebicalzature.it\\\/fr\\\/\",\"logo\":{\"@type\":\"ImageObject\",\"inLanguage\":\"fr-FR\",\"@id\":\"https:\\\/\\\/ellebicalzature.it\\\/fr\\\/#\\\/schema\\\/logo\\\/image\\\/\",\"url\":\"https:\\\/\\\/ellebicalzature.it\\\/wp-content\\\/uploads\\\/2024\\\/04\\\/logo-ellebi.png\",\"contentUrl\":\"https:\\\/\\\/ellebicalzature.it\\\/wp-content\\\/uploads\\\/2024\\\/04\\\/logo-ellebi.png\",\"width\":221,\"height\":131,\"caption\":\"Ellebi\"},\"image\":{\"@id\":\"https:\\\/\\\/ellebicalzature.it\\\/fr\\\/#\\\/schema\\\/logo\\\/image\\\/\"},\"sameAs\":[\"https:\\\/\\\/www.facebook.com\\\/ellebisandaliartigianaligallipoli\\\/\",\"https:\\\/\\\/www.instagram.com\\\/ellebicalzature\\\/?hl=it\"]}]}<\/script>\n<!-- \/ Yoast SEO plugin. -->","yoast_head_json":{"title":"Sandales artisanales en cuir pour homme avec s\u00e9parateur d'orteils","description":"Sandales artisanales pour homme avec s\u00e9parateur d'orteils en cuir doubl\u00e9, plus souples car sans les ar\u00eates de la d\u00e9coupe. Dessus en cuir de vache souple.","robots":{"index":"index","follow":"follow","max-snippet":"max-snippet:-1","max-image-preview":"max-image-preview:large","max-video-preview":"max-video-preview:-1"},"canonical":"https:\/\/ellebicalzature.it\/fr\/product\/sandales-en-cuir-pour-homme-avec-separateur-dorteils\/","og_locale":"fr_FR","og_type":"article","og_title":"Sandales artisanales en cuir pour homme avec s\u00e9parateur d'orteils","og_description":"Sandales artisanales pour homme avec s\u00e9parateur d'orteils en cuir doubl\u00e9, plus souples car sans les ar\u00eates de la d\u00e9coupe. Dessus en cuir de vache souple.","og_url":"https:\/\/ellebicalzature.it\/fr\/product\/sandales-en-cuir-pour-homme-avec-separateur-dorteils\/","og_site_name":"Ellebi","article_publisher":"https:\/\/www.facebook.com\/ellebisandaliartigianaligallipoli\/","article_modified_time":"2026-03-19T13:14:35+00:00","og_image":[{"width":1682,"height":1552,"url":"https:\/\/ellebicalzature.it\/wp-content\/uploads\/2021\/10\/immagine_1767441928.webp","type":"image\/webp"}],"twitter_card":"summary_large_image","schema":{"@context":"https:\/\/schema.org","@graph":[{"@type":"WebPage","@id":"https:\/\/ellebicalzature.it\/fr\/product\/sandales-en-cuir-pour-homme-avec-separateur-dorteils\/","url":"https:\/\/ellebicalzature.it\/fr\/product\/sandales-en-cuir-pour-homme-avec-separateur-dorteils\/","name":"Sandales artisanales en cuir pour homme avec s\u00e9parateur d'orteils","isPartOf":{"@id":"https:\/\/ellebicalzature.it\/fr\/#website"},"primaryImageOfPage":{"@id":"https:\/\/ellebicalzature.it\/fr\/product\/sandales-en-cuir-pour-homme-avec-separateur-dorteils\/#primaryimage"},"image":{"@id":"https:\/\/ellebicalzature.it\/fr\/product\/sandales-en-cuir-pour-homme-avec-separateur-dorteils\/#primaryimage"},"thumbnailUrl":"https:\/\/ellebicalzature.it\/wp-content\/uploads\/2021\/10\/immagine_1767441928.webp","datePublished":"2021-10-31T18:15:21+00:00","dateModified":"2026-03-19T13:14:35+00:00","description":"Sandales artisanales pour homme avec s\u00e9parateur d'orteils en cuir doubl\u00e9, plus souples car sans les ar\u00eates de la d\u00e9coupe. Dessus en cuir de vache souple.","breadcrumb":{"@id":"https:\/\/ellebicalzature.it\/fr\/product\/sandales-en-cuir-pour-homme-avec-separateur-dorteils\/#breadcrumb"},"inLanguage":"fr-FR","potentialAction":[{"@type":"ReadAction","target":["https:\/\/ellebicalzature.it\/fr\/product\/sandales-en-cuir-pour-homme-avec-separateur-dorteils\/"]}]},{"@type":"ImageObject","inLanguage":"fr-FR","@id":"https:\/\/ellebicalzature.it\/fr\/product\/sandales-en-cuir-pour-homme-avec-separateur-dorteils\/#primaryimage","url":"https:\/\/ellebicalzature.it\/wp-content\/uploads\/2021\/10\/immagine_1767441928.webp","contentUrl":"https:\/\/ellebicalzature.it\/wp-content\/uploads\/2021\/10\/immagine_1767441928.webp","width":1682,"height":1552},{"@type":"BreadcrumbList","@id":"https:\/\/ellebicalzature.it\/fr\/product\/sandales-en-cuir-pour-homme-avec-separateur-dorteils\/#breadcrumb","itemListElement":[{"@type":"ListItem","position":1,"name":"Home","item":"https:\/\/ellebicalzature.it\/fr\/"},{"@type":"ListItem","position":2,"name":"Boutique","item":"https:\/\/ellebicalzature.it\/fr\/boutique\/"},{"@type":"ListItem","position":3,"name":"Sandales en cuir pour homme avec s\u00e9parateur d&#8217;orteils"}]},{"@type":"WebSite","@id":"https:\/\/ellebicalzature.it\/fr\/#website","url":"https:\/\/ellebicalzature.it\/fr\/","name":"Elleb\u00ec","description":"Calzature e accessori Gallipoli","publisher":{"@id":"https:\/\/ellebicalzature.it\/fr\/#organization"},"alternateName":"Elleb\u00ec | Calzature Gallipoli","potentialAction":[{"@type":"SearchAction","target":{"@type":"EntryPoint","urlTemplate":"https:\/\/ellebicalzature.it\/fr\/?s={search_term_string}"},"query-input":{"@type":"PropertyValueSpecification","valueRequired":true,"valueName":"search_term_string"}}],"inLanguage":"fr-FR"},{"@type":"Organization","@id":"https:\/\/ellebicalzature.it\/fr\/#organization","name":"Ellebi","url":"https:\/\/ellebicalzature.it\/fr\/","logo":{"@type":"ImageObject","inLanguage":"fr-FR","@id":"https:\/\/ellebicalzature.it\/fr\/#\/schema\/logo\/image\/","url":"https:\/\/ellebicalzature.it\/wp-content\/uploads\/2024\/04\/logo-ellebi.png","contentUrl":"https:\/\/ellebicalzature.it\/wp-content\/uploads\/2024\/04\/logo-ellebi.png","width":221,"height":131,"caption":"Ellebi"},"image":{"@id":"https:\/\/ellebicalzature.it\/fr\/#\/schema\/logo\/image\/"},"sameAs":["https:\/\/www.facebook.com\/ellebisandaliartigianaligallipoli\/","https:\/\/www.instagram.com\/ellebicalzature\/?hl=it"]}]}},"_links":{"self":[{"href":"https:\/\/ellebicalzature.it\/fr\/wp-json\/wp\/v2\/product\/57696","targetHints":{"allow":["GET"]}}],"collection":[{"href":"https:\/\/ellebicalzature.it\/fr\/wp-json\/wp\/v2\/product"}],"about":[{"href":"https:\/\/ellebicalzature.it\/fr\/wp-json\/wp\/v2\/types\/product"}],"replies":[{"embeddable":true,"href":"https:\/\/ellebicalzature.it\/fr\/wp-json\/wp\/v2\/comments?post=57696"}],"version-history":[{"count":1,"href":"https:\/\/ellebicalzature.it\/fr\/wp-json\/wp\/v2\/product\/57696\/revisions"}],"predecessor-version":[{"id":74396,"href":"https:\/\/ellebicalzature.it\/fr\/wp-json\/wp\/v2\/product\/57696\/revisions\/74396"}],"wp:featuredmedia":[{"embeddable":true,"href":"https:\/\/ellebicalzature.it\/fr\/wp-json\/wp\/v2\/media\/70551"}],"wp:attachment":[{"href":"https:\/\/ellebicalzature.it\/fr\/wp-json\/wp\/v2\/media?parent=57696"}],"wp:term":[{"taxonomy":"product_brand","embeddable":true,"href":"https:\/\/ellebicalzature.it\/fr\/wp-json\/wp\/v2\/product_brand?post=57696"},{"taxonomy":"product_cat","embeddable":true,"href":"https:\/\/ellebicalzature.it\/fr\/wp-json\/wp\/v2\/product_cat?post=57696"},{"taxonomy":"product_tag","embeddable":true,"href":"https:\/\/ellebicalzature.it\/fr\/wp-json\/wp\/v2\/product_tag?post=57696"}],"curies":[{"name":"wp","href":"https:\/\/api.w.org\/{rel}","templated":true}]}}