{"id":58597,"date":"2021-10-28T13:02:15","date_gmt":"2021-10-28T13:02:15","guid":{"rendered":"https:\/\/ellebicalzature.it\/product\/sandales-artisanales-modele-spartiate-avec-tong\/"},"modified":"2026-03-19T14:22:56","modified_gmt":"2026-03-19T13:22:56","slug":"sandales-artisanales-modele-spartiate-avec-tong","status":"publish","type":"product","link":"https:\/\/ellebicalzature.it\/fr\/product\/sandales-artisanales-modele-spartiate-avec-tong\/","title":{"rendered":"Sandales artisanales mod\u00e8le spartiate avec tong"},"content":{"rendered":"<p>Sandales artisanales pour femme, mod\u00e8le spartiate, avec tong et brides crois\u00e9es sur le cou-de-pied. Longueur des lacets 120 cm. Tige en cuir de vachette souple ou velours. Semelle int\u00e9rieure et semelle en cuir.<br \/>\nChaussures r\u00e9alis\u00e9es \u00e0 la main par des artisans du Salento.<\/p>\n","protected":false},"excerpt":{"rendered":"<p>Sandales artisanales pour femme, mod\u00e8le spartiate, avec tong et bandes crois\u00e9es sur le cou-de-pied. Longueur des lacets 120 cm. Tige en cuir souple ou velours. Semelle int\u00e9rieure et semelle en cuir.   <\/p>\n","protected":false},"featured_media":71901,"comment_status":"closed","ping_status":"closed","template":"","meta":{"_monsterinsights_skip_tracking":false,"_monsterinsights_sitenote_active":false,"_monsterinsights_sitenote_note":"","_monsterinsights_sitenote_category":0},"product_brand":[],"product_cat":[1217,1221,1214],"product_tag":[1630,1629,2183],"class_list":{"0":"post-58597","1":"product","2":"type-product","3":"status-publish","4":"has-post-thumbnail","6":"product_cat-chaussures-artisanales-femme","7":"product_cat-nouveautes","8":"product_cat-sandales-artisanales-femme-spartiates","9":"product_tag-sandales-artisanales-femme","10":"product_tag-sandales-spartiates","11":"product_tag-sandales-tongs","12":"pa_colore-blanc","13":"pa_colore-daim-bleu","14":"pa_colore-daim-marron","15":"pa_colore-daim-noir","16":"pa_colore-daim-rouge","17":"pa_colore-noir","18":"pa_colore-platine","19":"pa_colore-velours-orange","20":"pa_taglia-1349","21":"pa_taglia-1356","22":"pa_taglia-1354","23":"pa_taglia-1357","24":"pa_taglia-1355","25":"pa_taglia-1353","26":"pa_taglia-1352","27":"pa_taglia-1351","28":"pa_taglia-1350","30":"first","31":"instock","32":"purchasable","33":"product-type-variable"},"yoast_head":"<!-- This site is optimized with the Yoast SEO plugin v27.3 - https:\/\/yoast.com\/product\/yoast-seo-wordpress\/ -->\n<title>Sandales artisanales pour femme mod\u00e8le spartiate avec tong<\/title>\n<meta name=\"description\" content=\"Sandales artisanales pour femme, mod\u00e8le spartiate, avec tong et brides crois\u00e9es sur le cou-de-pied. Longueur des lacets 120 cm.\" \/>\n<meta name=\"robots\" content=\"index, follow, max-snippet:-1, max-image-preview:large, max-video-preview:-1\" \/>\n<link rel=\"canonical\" href=\"https:\/\/ellebicalzature.it\/fr\/product\/sandales-artisanales-modele-spartiate-avec-tong\/\" \/>\n<meta property=\"og:locale\" content=\"fr_FR\" \/>\n<meta property=\"og:type\" content=\"article\" \/>\n<meta property=\"og:title\" content=\"Sandales artisanales pour femme mod\u00e8le spartiate avec tong\" \/>\n<meta property=\"og:description\" content=\"Sandales artisanales pour femme, mod\u00e8le spartiate, avec tong et brides crois\u00e9es sur le cou-de-pied. Longueur des lacets 120 cm.\" \/>\n<meta property=\"og:url\" content=\"https:\/\/ellebicalzature.it\/fr\/product\/sandales-artisanales-modele-spartiate-avec-tong\/\" \/>\n<meta property=\"og:site_name\" content=\"Ellebi\" \/>\n<meta property=\"article:publisher\" content=\"https:\/\/www.facebook.com\/ellebisandaliartigianaligallipoli\/\" \/>\n<meta property=\"article:modified_time\" content=\"2026-03-19T13:22:56+00:00\" \/>\n<meta property=\"og:image\" content=\"https:\/\/ellebicalzature.it\/wp-content\/uploads\/2021\/10\/immagine_1769179078.webp\" \/>\n\t<meta property=\"og:image:width\" content=\"1746\" \/>\n\t<meta property=\"og:image:height\" content=\"1881\" \/>\n\t<meta property=\"og:image:type\" content=\"image\/webp\" \/>\n<meta name=\"twitter:card\" content=\"summary_large_image\" \/>\n<script type=\"application\/ld+json\" class=\"yoast-schema-graph\">{\"@context\":\"https:\\\/\\\/schema.org\",\"@graph\":[{\"@type\":\"WebPage\",\"@id\":\"https:\\\/\\\/ellebicalzature.it\\\/fr\\\/product\\\/sandales-artisanales-modele-spartiate-avec-tong\\\/\",\"url\":\"https:\\\/\\\/ellebicalzature.it\\\/fr\\\/product\\\/sandales-artisanales-modele-spartiate-avec-tong\\\/\",\"name\":\"Sandales artisanales pour femme mod\u00e8le spartiate avec tong\",\"isPartOf\":{\"@id\":\"https:\\\/\\\/ellebicalzature.it\\\/fr\\\/#website\"},\"primaryImageOfPage\":{\"@id\":\"https:\\\/\\\/ellebicalzature.it\\\/fr\\\/product\\\/sandales-artisanales-modele-spartiate-avec-tong\\\/#primaryimage\"},\"image\":{\"@id\":\"https:\\\/\\\/ellebicalzature.it\\\/fr\\\/product\\\/sandales-artisanales-modele-spartiate-avec-tong\\\/#primaryimage\"},\"thumbnailUrl\":\"https:\\\/\\\/ellebicalzature.it\\\/wp-content\\\/uploads\\\/2021\\\/10\\\/immagine_1769179078.webp\",\"datePublished\":\"2021-10-28T13:02:15+00:00\",\"dateModified\":\"2026-03-19T13:22:56+00:00\",\"description\":\"Sandales artisanales pour femme, mod\u00e8le spartiate, avec tong et brides crois\u00e9es sur le cou-de-pied. Longueur des lacets 120 cm.\",\"breadcrumb\":{\"@id\":\"https:\\\/\\\/ellebicalzature.it\\\/fr\\\/product\\\/sandales-artisanales-modele-spartiate-avec-tong\\\/#breadcrumb\"},\"inLanguage\":\"fr-FR\",\"potentialAction\":[{\"@type\":\"ReadAction\",\"target\":[\"https:\\\/\\\/ellebicalzature.it\\\/fr\\\/product\\\/sandales-artisanales-modele-spartiate-avec-tong\\\/\"]}]},{\"@type\":\"ImageObject\",\"inLanguage\":\"fr-FR\",\"@id\":\"https:\\\/\\\/ellebicalzature.it\\\/fr\\\/product\\\/sandales-artisanales-modele-spartiate-avec-tong\\\/#primaryimage\",\"url\":\"https:\\\/\\\/ellebicalzature.it\\\/wp-content\\\/uploads\\\/2021\\\/10\\\/immagine_1769179078.webp\",\"contentUrl\":\"https:\\\/\\\/ellebicalzature.it\\\/wp-content\\\/uploads\\\/2021\\\/10\\\/immagine_1769179078.webp\",\"width\":1746,\"height\":1881},{\"@type\":\"BreadcrumbList\",\"@id\":\"https:\\\/\\\/ellebicalzature.it\\\/fr\\\/product\\\/sandales-artisanales-modele-spartiate-avec-tong\\\/#breadcrumb\",\"itemListElement\":[{\"@type\":\"ListItem\",\"position\":1,\"name\":\"Home\",\"item\":\"https:\\\/\\\/ellebicalzature.it\\\/fr\\\/\"},{\"@type\":\"ListItem\",\"position\":2,\"name\":\"Boutique\",\"item\":\"https:\\\/\\\/ellebicalzature.it\\\/fr\\\/boutique\\\/\"},{\"@type\":\"ListItem\",\"position\":3,\"name\":\"Sandales artisanales mod\u00e8le spartiate avec tong\"}]},{\"@type\":\"WebSite\",\"@id\":\"https:\\\/\\\/ellebicalzature.it\\\/fr\\\/#website\",\"url\":\"https:\\\/\\\/ellebicalzature.it\\\/fr\\\/\",\"name\":\"Elleb\u00ec\",\"description\":\"Calzature e accessori Gallipoli\",\"publisher\":{\"@id\":\"https:\\\/\\\/ellebicalzature.it\\\/fr\\\/#organization\"},\"alternateName\":\"Elleb\u00ec | Calzature Gallipoli\",\"potentialAction\":[{\"@type\":\"SearchAction\",\"target\":{\"@type\":\"EntryPoint\",\"urlTemplate\":\"https:\\\/\\\/ellebicalzature.it\\\/fr\\\/?s={search_term_string}\"},\"query-input\":{\"@type\":\"PropertyValueSpecification\",\"valueRequired\":true,\"valueName\":\"search_term_string\"}}],\"inLanguage\":\"fr-FR\"},{\"@type\":\"Organization\",\"@id\":\"https:\\\/\\\/ellebicalzature.it\\\/fr\\\/#organization\",\"name\":\"Ellebi\",\"url\":\"https:\\\/\\\/ellebicalzature.it\\\/fr\\\/\",\"logo\":{\"@type\":\"ImageObject\",\"inLanguage\":\"fr-FR\",\"@id\":\"https:\\\/\\\/ellebicalzature.it\\\/fr\\\/#\\\/schema\\\/logo\\\/image\\\/\",\"url\":\"https:\\\/\\\/ellebicalzature.it\\\/wp-content\\\/uploads\\\/2024\\\/04\\\/logo-ellebi.png\",\"contentUrl\":\"https:\\\/\\\/ellebicalzature.it\\\/wp-content\\\/uploads\\\/2024\\\/04\\\/logo-ellebi.png\",\"width\":221,\"height\":131,\"caption\":\"Ellebi\"},\"image\":{\"@id\":\"https:\\\/\\\/ellebicalzature.it\\\/fr\\\/#\\\/schema\\\/logo\\\/image\\\/\"},\"sameAs\":[\"https:\\\/\\\/www.facebook.com\\\/ellebisandaliartigianaligallipoli\\\/\",\"https:\\\/\\\/www.instagram.com\\\/ellebicalzature\\\/?hl=it\"]}]}<\/script>\n<!-- \/ Yoast SEO plugin. -->","yoast_head_json":{"title":"Sandales artisanales pour femme mod\u00e8le spartiate avec tong","description":"Sandales artisanales pour femme, mod\u00e8le spartiate, avec tong et brides crois\u00e9es sur le cou-de-pied. Longueur des lacets 120 cm.","robots":{"index":"index","follow":"follow","max-snippet":"max-snippet:-1","max-image-preview":"max-image-preview:large","max-video-preview":"max-video-preview:-1"},"canonical":"https:\/\/ellebicalzature.it\/fr\/product\/sandales-artisanales-modele-spartiate-avec-tong\/","og_locale":"fr_FR","og_type":"article","og_title":"Sandales artisanales pour femme mod\u00e8le spartiate avec tong","og_description":"Sandales artisanales pour femme, mod\u00e8le spartiate, avec tong et brides crois\u00e9es sur le cou-de-pied. Longueur des lacets 120 cm.","og_url":"https:\/\/ellebicalzature.it\/fr\/product\/sandales-artisanales-modele-spartiate-avec-tong\/","og_site_name":"Ellebi","article_publisher":"https:\/\/www.facebook.com\/ellebisandaliartigianaligallipoli\/","article_modified_time":"2026-03-19T13:22:56+00:00","og_image":[{"width":1746,"height":1881,"url":"https:\/\/ellebicalzature.it\/wp-content\/uploads\/2021\/10\/immagine_1769179078.webp","type":"image\/webp"}],"twitter_card":"summary_large_image","schema":{"@context":"https:\/\/schema.org","@graph":[{"@type":"WebPage","@id":"https:\/\/ellebicalzature.it\/fr\/product\/sandales-artisanales-modele-spartiate-avec-tong\/","url":"https:\/\/ellebicalzature.it\/fr\/product\/sandales-artisanales-modele-spartiate-avec-tong\/","name":"Sandales artisanales pour femme mod\u00e8le spartiate avec tong","isPartOf":{"@id":"https:\/\/ellebicalzature.it\/fr\/#website"},"primaryImageOfPage":{"@id":"https:\/\/ellebicalzature.it\/fr\/product\/sandales-artisanales-modele-spartiate-avec-tong\/#primaryimage"},"image":{"@id":"https:\/\/ellebicalzature.it\/fr\/product\/sandales-artisanales-modele-spartiate-avec-tong\/#primaryimage"},"thumbnailUrl":"https:\/\/ellebicalzature.it\/wp-content\/uploads\/2021\/10\/immagine_1769179078.webp","datePublished":"2021-10-28T13:02:15+00:00","dateModified":"2026-03-19T13:22:56+00:00","description":"Sandales artisanales pour femme, mod\u00e8le spartiate, avec tong et brides crois\u00e9es sur le cou-de-pied. Longueur des lacets 120 cm.","breadcrumb":{"@id":"https:\/\/ellebicalzature.it\/fr\/product\/sandales-artisanales-modele-spartiate-avec-tong\/#breadcrumb"},"inLanguage":"fr-FR","potentialAction":[{"@type":"ReadAction","target":["https:\/\/ellebicalzature.it\/fr\/product\/sandales-artisanales-modele-spartiate-avec-tong\/"]}]},{"@type":"ImageObject","inLanguage":"fr-FR","@id":"https:\/\/ellebicalzature.it\/fr\/product\/sandales-artisanales-modele-spartiate-avec-tong\/#primaryimage","url":"https:\/\/ellebicalzature.it\/wp-content\/uploads\/2021\/10\/immagine_1769179078.webp","contentUrl":"https:\/\/ellebicalzature.it\/wp-content\/uploads\/2021\/10\/immagine_1769179078.webp","width":1746,"height":1881},{"@type":"BreadcrumbList","@id":"https:\/\/ellebicalzature.it\/fr\/product\/sandales-artisanales-modele-spartiate-avec-tong\/#breadcrumb","itemListElement":[{"@type":"ListItem","position":1,"name":"Home","item":"https:\/\/ellebicalzature.it\/fr\/"},{"@type":"ListItem","position":2,"name":"Boutique","item":"https:\/\/ellebicalzature.it\/fr\/boutique\/"},{"@type":"ListItem","position":3,"name":"Sandales artisanales mod\u00e8le spartiate avec tong"}]},{"@type":"WebSite","@id":"https:\/\/ellebicalzature.it\/fr\/#website","url":"https:\/\/ellebicalzature.it\/fr\/","name":"Elleb\u00ec","description":"Calzature e accessori Gallipoli","publisher":{"@id":"https:\/\/ellebicalzature.it\/fr\/#organization"},"alternateName":"Elleb\u00ec | Calzature Gallipoli","potentialAction":[{"@type":"SearchAction","target":{"@type":"EntryPoint","urlTemplate":"https:\/\/ellebicalzature.it\/fr\/?s={search_term_string}"},"query-input":{"@type":"PropertyValueSpecification","valueRequired":true,"valueName":"search_term_string"}}],"inLanguage":"fr-FR"},{"@type":"Organization","@id":"https:\/\/ellebicalzature.it\/fr\/#organization","name":"Ellebi","url":"https:\/\/ellebicalzature.it\/fr\/","logo":{"@type":"ImageObject","inLanguage":"fr-FR","@id":"https:\/\/ellebicalzature.it\/fr\/#\/schema\/logo\/image\/","url":"https:\/\/ellebicalzature.it\/wp-content\/uploads\/2024\/04\/logo-ellebi.png","contentUrl":"https:\/\/ellebicalzature.it\/wp-content\/uploads\/2024\/04\/logo-ellebi.png","width":221,"height":131,"caption":"Ellebi"},"image":{"@id":"https:\/\/ellebicalzature.it\/fr\/#\/schema\/logo\/image\/"},"sameAs":["https:\/\/www.facebook.com\/ellebisandaliartigianaligallipoli\/","https:\/\/www.instagram.com\/ellebicalzature\/?hl=it"]}]}},"_links":{"self":[{"href":"https:\/\/ellebicalzature.it\/fr\/wp-json\/wp\/v2\/product\/58597","targetHints":{"allow":["GET"]}}],"collection":[{"href":"https:\/\/ellebicalzature.it\/fr\/wp-json\/wp\/v2\/product"}],"about":[{"href":"https:\/\/ellebicalzature.it\/fr\/wp-json\/wp\/v2\/types\/product"}],"replies":[{"embeddable":true,"href":"https:\/\/ellebicalzature.it\/fr\/wp-json\/wp\/v2\/comments?post=58597"}],"version-history":[{"count":1,"href":"https:\/\/ellebicalzature.it\/fr\/wp-json\/wp\/v2\/product\/58597\/revisions"}],"predecessor-version":[{"id":74499,"href":"https:\/\/ellebicalzature.it\/fr\/wp-json\/wp\/v2\/product\/58597\/revisions\/74499"}],"wp:featuredmedia":[{"embeddable":true,"href":"https:\/\/ellebicalzature.it\/fr\/wp-json\/wp\/v2\/media\/71901"}],"wp:attachment":[{"href":"https:\/\/ellebicalzature.it\/fr\/wp-json\/wp\/v2\/media?parent=58597"}],"wp:term":[{"taxonomy":"product_brand","embeddable":true,"href":"https:\/\/ellebicalzature.it\/fr\/wp-json\/wp\/v2\/product_brand?post=58597"},{"taxonomy":"product_cat","embeddable":true,"href":"https:\/\/ellebicalzature.it\/fr\/wp-json\/wp\/v2\/product_cat?post=58597"},{"taxonomy":"product_tag","embeddable":true,"href":"https:\/\/ellebicalzature.it\/fr\/wp-json\/wp\/v2\/product_tag?post=58597"}],"curies":[{"name":"wp","href":"https:\/\/api.w.org\/{rel}","templated":true}]}}