{"id":60517,"date":"2021-02-01T10:10:45","date_gmt":"2021-02-01T10:10:45","guid":{"rendered":"https:\/\/ellebicalzature.it\/product\/sandales-bijoux-avec-anneau-pierres-et-cristaux\/"},"modified":"2026-03-19T16:41:07","modified_gmt":"2026-03-19T15:41:07","slug":"sandales-bijoux-avec-anneau-pierres-et-cristaux","status":"publish","type":"product","link":"https:\/\/ellebicalzature.it\/fr\/product\/sandales-bijoux-avec-anneau-pierres-et-cristaux\/","title":{"rendered":"Sandales bijoux avec anneau, pierres et cristaux"},"content":{"rendered":"<p>Sandales bijoux artisanales pour femme avec tong simple et motif anneau orn\u00e9 de pierres et cristaux. Tige en veau souple, semelle int\u00e9rieure en cuir rembourr\u00e9e et semelle en cuir avec talon 50.<br \/>\nSandales du Salento fabriqu\u00e9es \u00e0 la main par des artisans utilisant des mat\u00e9riaux de premi\u00e8re qualit\u00e9. <\/p>\n","protected":false},"excerpt":{"rendered":"<p>Sandales bijoux artisanales pour femme avec tong simple et motif anneau orn\u00e9 de pierres et cristaux. Tige en veau souple, semelle int\u00e9rieure en cuir rembourr\u00e9e et semelle en cuir avec talon 50. <\/p>\n","protected":false},"featured_media":70686,"comment_status":"closed","ping_status":"closed","template":"","meta":{"_monsterinsights_skip_tracking":false,"_monsterinsights_sitenote_active":false,"_monsterinsights_sitenote_note":"","_monsterinsights_sitenote_category":0},"product_brand":[],"product_cat":[1217,1219,1212],"product_tag":[2346],"class_list":{"0":"post-60517","1":"product","2":"type-product","3":"status-publish","4":"has-post-thumbnail","6":"product_cat-chaussures-artisanales-femme","7":"product_cat-nd","8":"product_cat-sandales-artisanales-femme-bijoux","9":"product_tag-sandale-bijou-avec-anneau-et-brillants","10":"pa_colore-bicolore-blanc-bleu","11":"pa_colore-bicolore-champagne-boreal","12":"pa_taglia-1757","13":"pa_taglia-1756","14":"pa_taglia-1349","15":"pa_taglia-1356","16":"pa_taglia-1354","17":"pa_taglia-1357","18":"pa_taglia-1355","19":"pa_taglia-1353","20":"pa_taglia-1352","21":"pa_taglia-1351","22":"pa_taglia-1350","24":"first","25":"instock","26":"purchasable","27":"product-type-variable"},"yoast_head":"<!-- This site is optimized with the Yoast SEO plugin v27.3 - https:\/\/yoast.com\/product\/yoast-seo-wordpress\/ -->\n<title>Sandales bijoux artisanales avec motif anneau, pierres et cristaux<\/title>\n<meta name=\"description\" content=\"Sandales bijoux artisanales avec tong simple et motif anneau orn\u00e9 de pierres et cristaux. Tige en cuir souple et talon 50.\" \/>\n<meta name=\"robots\" content=\"index, follow, max-snippet:-1, max-image-preview:large, max-video-preview:-1\" \/>\n<link rel=\"canonical\" href=\"https:\/\/ellebicalzature.it\/fr\/product\/sandales-bijoux-avec-anneau-pierres-et-cristaux\/\" \/>\n<meta property=\"og:locale\" content=\"fr_FR\" \/>\n<meta property=\"og:type\" content=\"article\" \/>\n<meta property=\"og:title\" content=\"Sandales bijoux artisanales avec motif anneau, pierres et cristaux\" \/>\n<meta property=\"og:description\" content=\"Sandales bijoux artisanales avec tong simple et motif anneau orn\u00e9 de pierres et cristaux. Tige en cuir souple et talon 50.\" \/>\n<meta property=\"og:url\" content=\"https:\/\/ellebicalzature.it\/fr\/product\/sandales-bijoux-avec-anneau-pierres-et-cristaux\/\" \/>\n<meta property=\"og:site_name\" content=\"Ellebi\" \/>\n<meta property=\"article:publisher\" content=\"https:\/\/www.facebook.com\/ellebisandaliartigianaligallipoli\/\" \/>\n<meta property=\"article:modified_time\" content=\"2026-03-19T15:41:07+00:00\" \/>\n<meta property=\"og:image\" content=\"https:\/\/ellebicalzature.it\/wp-content\/uploads\/2021\/02\/immagine_1767519944.webp\" \/>\n\t<meta property=\"og:image:width\" content=\"786\" \/>\n\t<meta property=\"og:image:height\" content=\"793\" \/>\n\t<meta property=\"og:image:type\" content=\"image\/webp\" \/>\n<meta name=\"twitter:card\" content=\"summary_large_image\" \/>\n<script type=\"application\/ld+json\" class=\"yoast-schema-graph\">{\"@context\":\"https:\\\/\\\/schema.org\",\"@graph\":[{\"@type\":\"WebPage\",\"@id\":\"https:\\\/\\\/ellebicalzature.it\\\/fr\\\/product\\\/sandales-bijoux-avec-anneau-pierres-et-cristaux\\\/\",\"url\":\"https:\\\/\\\/ellebicalzature.it\\\/fr\\\/product\\\/sandales-bijoux-avec-anneau-pierres-et-cristaux\\\/\",\"name\":\"Sandales bijoux artisanales avec motif anneau, pierres et cristaux\",\"isPartOf\":{\"@id\":\"https:\\\/\\\/ellebicalzature.it\\\/fr\\\/#website\"},\"primaryImageOfPage\":{\"@id\":\"https:\\\/\\\/ellebicalzature.it\\\/fr\\\/product\\\/sandales-bijoux-avec-anneau-pierres-et-cristaux\\\/#primaryimage\"},\"image\":{\"@id\":\"https:\\\/\\\/ellebicalzature.it\\\/fr\\\/product\\\/sandales-bijoux-avec-anneau-pierres-et-cristaux\\\/#primaryimage\"},\"thumbnailUrl\":\"https:\\\/\\\/ellebicalzature.it\\\/wp-content\\\/uploads\\\/2021\\\/02\\\/immagine_1767519944.webp\",\"datePublished\":\"2021-02-01T10:10:45+00:00\",\"dateModified\":\"2026-03-19T15:41:07+00:00\",\"description\":\"Sandales bijoux artisanales avec tong simple et motif anneau orn\u00e9 de pierres et cristaux. Tige en cuir souple et talon 50.\",\"breadcrumb\":{\"@id\":\"https:\\\/\\\/ellebicalzature.it\\\/fr\\\/product\\\/sandales-bijoux-avec-anneau-pierres-et-cristaux\\\/#breadcrumb\"},\"inLanguage\":\"fr-FR\",\"potentialAction\":[{\"@type\":\"ReadAction\",\"target\":[\"https:\\\/\\\/ellebicalzature.it\\\/fr\\\/product\\\/sandales-bijoux-avec-anneau-pierres-et-cristaux\\\/\"]}]},{\"@type\":\"ImageObject\",\"inLanguage\":\"fr-FR\",\"@id\":\"https:\\\/\\\/ellebicalzature.it\\\/fr\\\/product\\\/sandales-bijoux-avec-anneau-pierres-et-cristaux\\\/#primaryimage\",\"url\":\"https:\\\/\\\/ellebicalzature.it\\\/wp-content\\\/uploads\\\/2021\\\/02\\\/immagine_1767519944.webp\",\"contentUrl\":\"https:\\\/\\\/ellebicalzature.it\\\/wp-content\\\/uploads\\\/2021\\\/02\\\/immagine_1767519944.webp\",\"width\":786,\"height\":793},{\"@type\":\"BreadcrumbList\",\"@id\":\"https:\\\/\\\/ellebicalzature.it\\\/fr\\\/product\\\/sandales-bijoux-avec-anneau-pierres-et-cristaux\\\/#breadcrumb\",\"itemListElement\":[{\"@type\":\"ListItem\",\"position\":1,\"name\":\"Home\",\"item\":\"https:\\\/\\\/ellebicalzature.it\\\/fr\\\/\"},{\"@type\":\"ListItem\",\"position\":2,\"name\":\"Boutique\",\"item\":\"https:\\\/\\\/ellebicalzature.it\\\/fr\\\/boutique\\\/\"},{\"@type\":\"ListItem\",\"position\":3,\"name\":\"Sandales bijoux avec anneau, pierres et cristaux\"}]},{\"@type\":\"WebSite\",\"@id\":\"https:\\\/\\\/ellebicalzature.it\\\/fr\\\/#website\",\"url\":\"https:\\\/\\\/ellebicalzature.it\\\/fr\\\/\",\"name\":\"Elleb\u00ec\",\"description\":\"Calzature e accessori Gallipoli\",\"publisher\":{\"@id\":\"https:\\\/\\\/ellebicalzature.it\\\/fr\\\/#organization\"},\"alternateName\":\"Elleb\u00ec | Calzature Gallipoli\",\"potentialAction\":[{\"@type\":\"SearchAction\",\"target\":{\"@type\":\"EntryPoint\",\"urlTemplate\":\"https:\\\/\\\/ellebicalzature.it\\\/fr\\\/?s={search_term_string}\"},\"query-input\":{\"@type\":\"PropertyValueSpecification\",\"valueRequired\":true,\"valueName\":\"search_term_string\"}}],\"inLanguage\":\"fr-FR\"},{\"@type\":\"Organization\",\"@id\":\"https:\\\/\\\/ellebicalzature.it\\\/fr\\\/#organization\",\"name\":\"Ellebi\",\"url\":\"https:\\\/\\\/ellebicalzature.it\\\/fr\\\/\",\"logo\":{\"@type\":\"ImageObject\",\"inLanguage\":\"fr-FR\",\"@id\":\"https:\\\/\\\/ellebicalzature.it\\\/fr\\\/#\\\/schema\\\/logo\\\/image\\\/\",\"url\":\"https:\\\/\\\/ellebicalzature.it\\\/wp-content\\\/uploads\\\/2024\\\/04\\\/logo-ellebi.png\",\"contentUrl\":\"https:\\\/\\\/ellebicalzature.it\\\/wp-content\\\/uploads\\\/2024\\\/04\\\/logo-ellebi.png\",\"width\":221,\"height\":131,\"caption\":\"Ellebi\"},\"image\":{\"@id\":\"https:\\\/\\\/ellebicalzature.it\\\/fr\\\/#\\\/schema\\\/logo\\\/image\\\/\"},\"sameAs\":[\"https:\\\/\\\/www.facebook.com\\\/ellebisandaliartigianaligallipoli\\\/\",\"https:\\\/\\\/www.instagram.com\\\/ellebicalzature\\\/?hl=it\"]}]}<\/script>\n<!-- \/ Yoast SEO plugin. -->","yoast_head_json":{"title":"Sandales bijoux artisanales avec motif anneau, pierres et cristaux","description":"Sandales bijoux artisanales avec tong simple et motif anneau orn\u00e9 de pierres et cristaux. Tige en cuir souple et talon 50.","robots":{"index":"index","follow":"follow","max-snippet":"max-snippet:-1","max-image-preview":"max-image-preview:large","max-video-preview":"max-video-preview:-1"},"canonical":"https:\/\/ellebicalzature.it\/fr\/product\/sandales-bijoux-avec-anneau-pierres-et-cristaux\/","og_locale":"fr_FR","og_type":"article","og_title":"Sandales bijoux artisanales avec motif anneau, pierres et cristaux","og_description":"Sandales bijoux artisanales avec tong simple et motif anneau orn\u00e9 de pierres et cristaux. Tige en cuir souple et talon 50.","og_url":"https:\/\/ellebicalzature.it\/fr\/product\/sandales-bijoux-avec-anneau-pierres-et-cristaux\/","og_site_name":"Ellebi","article_publisher":"https:\/\/www.facebook.com\/ellebisandaliartigianaligallipoli\/","article_modified_time":"2026-03-19T15:41:07+00:00","og_image":[{"width":786,"height":793,"url":"https:\/\/ellebicalzature.it\/wp-content\/uploads\/2021\/02\/immagine_1767519944.webp","type":"image\/webp"}],"twitter_card":"summary_large_image","schema":{"@context":"https:\/\/schema.org","@graph":[{"@type":"WebPage","@id":"https:\/\/ellebicalzature.it\/fr\/product\/sandales-bijoux-avec-anneau-pierres-et-cristaux\/","url":"https:\/\/ellebicalzature.it\/fr\/product\/sandales-bijoux-avec-anneau-pierres-et-cristaux\/","name":"Sandales bijoux artisanales avec motif anneau, pierres et cristaux","isPartOf":{"@id":"https:\/\/ellebicalzature.it\/fr\/#website"},"primaryImageOfPage":{"@id":"https:\/\/ellebicalzature.it\/fr\/product\/sandales-bijoux-avec-anneau-pierres-et-cristaux\/#primaryimage"},"image":{"@id":"https:\/\/ellebicalzature.it\/fr\/product\/sandales-bijoux-avec-anneau-pierres-et-cristaux\/#primaryimage"},"thumbnailUrl":"https:\/\/ellebicalzature.it\/wp-content\/uploads\/2021\/02\/immagine_1767519944.webp","datePublished":"2021-02-01T10:10:45+00:00","dateModified":"2026-03-19T15:41:07+00:00","description":"Sandales bijoux artisanales avec tong simple et motif anneau orn\u00e9 de pierres et cristaux. Tige en cuir souple et talon 50.","breadcrumb":{"@id":"https:\/\/ellebicalzature.it\/fr\/product\/sandales-bijoux-avec-anneau-pierres-et-cristaux\/#breadcrumb"},"inLanguage":"fr-FR","potentialAction":[{"@type":"ReadAction","target":["https:\/\/ellebicalzature.it\/fr\/product\/sandales-bijoux-avec-anneau-pierres-et-cristaux\/"]}]},{"@type":"ImageObject","inLanguage":"fr-FR","@id":"https:\/\/ellebicalzature.it\/fr\/product\/sandales-bijoux-avec-anneau-pierres-et-cristaux\/#primaryimage","url":"https:\/\/ellebicalzature.it\/wp-content\/uploads\/2021\/02\/immagine_1767519944.webp","contentUrl":"https:\/\/ellebicalzature.it\/wp-content\/uploads\/2021\/02\/immagine_1767519944.webp","width":786,"height":793},{"@type":"BreadcrumbList","@id":"https:\/\/ellebicalzature.it\/fr\/product\/sandales-bijoux-avec-anneau-pierres-et-cristaux\/#breadcrumb","itemListElement":[{"@type":"ListItem","position":1,"name":"Home","item":"https:\/\/ellebicalzature.it\/fr\/"},{"@type":"ListItem","position":2,"name":"Boutique","item":"https:\/\/ellebicalzature.it\/fr\/boutique\/"},{"@type":"ListItem","position":3,"name":"Sandales bijoux avec anneau, pierres et cristaux"}]},{"@type":"WebSite","@id":"https:\/\/ellebicalzature.it\/fr\/#website","url":"https:\/\/ellebicalzature.it\/fr\/","name":"Elleb\u00ec","description":"Calzature e accessori Gallipoli","publisher":{"@id":"https:\/\/ellebicalzature.it\/fr\/#organization"},"alternateName":"Elleb\u00ec | Calzature Gallipoli","potentialAction":[{"@type":"SearchAction","target":{"@type":"EntryPoint","urlTemplate":"https:\/\/ellebicalzature.it\/fr\/?s={search_term_string}"},"query-input":{"@type":"PropertyValueSpecification","valueRequired":true,"valueName":"search_term_string"}}],"inLanguage":"fr-FR"},{"@type":"Organization","@id":"https:\/\/ellebicalzature.it\/fr\/#organization","name":"Ellebi","url":"https:\/\/ellebicalzature.it\/fr\/","logo":{"@type":"ImageObject","inLanguage":"fr-FR","@id":"https:\/\/ellebicalzature.it\/fr\/#\/schema\/logo\/image\/","url":"https:\/\/ellebicalzature.it\/wp-content\/uploads\/2024\/04\/logo-ellebi.png","contentUrl":"https:\/\/ellebicalzature.it\/wp-content\/uploads\/2024\/04\/logo-ellebi.png","width":221,"height":131,"caption":"Ellebi"},"image":{"@id":"https:\/\/ellebicalzature.it\/fr\/#\/schema\/logo\/image\/"},"sameAs":["https:\/\/www.facebook.com\/ellebisandaliartigianaligallipoli\/","https:\/\/www.instagram.com\/ellebicalzature\/?hl=it"]}]}},"_links":{"self":[{"href":"https:\/\/ellebicalzature.it\/fr\/wp-json\/wp\/v2\/product\/60517","targetHints":{"allow":["GET"]}}],"collection":[{"href":"https:\/\/ellebicalzature.it\/fr\/wp-json\/wp\/v2\/product"}],"about":[{"href":"https:\/\/ellebicalzature.it\/fr\/wp-json\/wp\/v2\/types\/product"}],"replies":[{"embeddable":true,"href":"https:\/\/ellebicalzature.it\/fr\/wp-json\/wp\/v2\/comments?post=60517"}],"version-history":[{"count":1,"href":"https:\/\/ellebicalzature.it\/fr\/wp-json\/wp\/v2\/product\/60517\/revisions"}],"predecessor-version":[{"id":74702,"href":"https:\/\/ellebicalzature.it\/fr\/wp-json\/wp\/v2\/product\/60517\/revisions\/74702"}],"wp:featuredmedia":[{"embeddable":true,"href":"https:\/\/ellebicalzature.it\/fr\/wp-json\/wp\/v2\/media\/70686"}],"wp:attachment":[{"href":"https:\/\/ellebicalzature.it\/fr\/wp-json\/wp\/v2\/media?parent=60517"}],"wp:term":[{"taxonomy":"product_brand","embeddable":true,"href":"https:\/\/ellebicalzature.it\/fr\/wp-json\/wp\/v2\/product_brand?post=60517"},{"taxonomy":"product_cat","embeddable":true,"href":"https:\/\/ellebicalzature.it\/fr\/wp-json\/wp\/v2\/product_cat?post=60517"},{"taxonomy":"product_tag","embeddable":true,"href":"https:\/\/ellebicalzature.it\/fr\/wp-json\/wp\/v2\/product_tag?post=60517"}],"curies":[{"name":"wp","href":"https:\/\/api.w.org\/{rel}","templated":true}]}}