{"id":61328,"date":"2020-12-18T14:30:40","date_gmt":"2020-12-18T14:30:40","guid":{"rendered":"https:\/\/ellebicalzature.it\/product\/mules-artisanales-type-hermes-avec-compense\/"},"modified":"2026-03-19T16:48:48","modified_gmt":"2026-03-19T15:48:48","slug":"mules-artisanales-type-hermes-avec-compense","status":"publish","type":"product","link":"https:\/\/ellebicalzature.it\/fr\/product\/mules-artisanales-type-hermes-avec-compense\/","title":{"rendered":"Mules artisanales type Herm\u00e8s avec compens\u00e9"},"content":{"rendered":"<p>Mule artisanale pour femme mod\u00e8le Herm\u00e8s avec dessus en cuir de vache souple, semelle int\u00e9rieure rembourr\u00e9e, semelle ext\u00e9rieure en caoutchouc all\u00e9g\u00e9 et talon compens\u00e9 de 3 cm en mati\u00e8re microporeuse.<br \/>\nProduit r\u00e9alis\u00e9 \u00e0 la main par des artisans du Salento utilisant des mat\u00e9riaux de premi\u00e8re qualit\u00e9.<\/p>\n","protected":false},"excerpt":{"rendered":"<p>Mules artisanales pour femme mod\u00e8le \u00ab Herm\u00e8s \u00bb, avec dessus en cuir de vache souple, semelle int\u00e9rieure en cuir et semelle ext\u00e9rieure en caoutchouc microporeux avec talon compens\u00e9 de 3 cm.<\/p>\n","protected":false},"featured_media":70715,"comment_status":"closed","ping_status":"closed","template":"","meta":{"_monsterinsights_skip_tracking":false,"_monsterinsights_sitenote_active":false,"_monsterinsights_sitenote_note":"","_monsterinsights_sitenote_category":0},"product_brand":[],"product_cat":[1217,1228],"product_tag":[2374,2008,2373],"class_list":{"0":"post-61328","1":"product","2":"type-product","3":"status-publish","4":"has-post-thumbnail","6":"product_cat-chaussures-artisanales-femme","7":"product_cat-mules-artisanales-femme","8":"product_tag-mule","9":"product_tag-mule-artisanale-femme","10":"product_tag-mule-hermes-compense-3cm","11":"pa_colore-blanc","12":"pa_colore-noir","13":"pa_colore-tete-de-maure","14":"pa_taglia-1756","15":"pa_taglia-1349","16":"pa_taglia-1356","17":"pa_taglia-1354","18":"pa_taglia-1357","19":"pa_taglia-1355","20":"pa_taglia-1353","21":"pa_taglia-1352","22":"pa_taglia-1351","24":"first","25":"instock","26":"purchasable","27":"product-type-variable"},"yoast_head":"<!-- This site is optimized with the Yoast SEO plugin v27.3 - https:\/\/yoast.com\/product\/yoast-seo-wordpress\/ -->\n<title>Mules artisanales pour femme Herm\u00e8s avec compens\u00e9<\/title>\n<meta name=\"description\" content=\"Mules artisanales pour femme mod\u00e8le \u00ab Herm\u00e8s \u00bb, avec dessus en cuir de vache souple, semelle int\u00e9rieure en cuir et semelle ext\u00e9rieure en caoutchouc microporeux avec talon compens\u00e9 de 3 cm.\" \/>\n<meta name=\"robots\" content=\"index, follow, max-snippet:-1, max-image-preview:large, max-video-preview:-1\" \/>\n<link rel=\"canonical\" href=\"https:\/\/ellebicalzature.it\/fr\/product\/mules-artisanales-type-hermes-avec-compense\/\" \/>\n<meta property=\"og:locale\" content=\"fr_FR\" \/>\n<meta property=\"og:type\" content=\"article\" \/>\n<meta property=\"og:title\" content=\"Mules artisanales pour femme Herm\u00e8s avec compens\u00e9\" \/>\n<meta property=\"og:description\" content=\"Mules artisanales pour femme mod\u00e8le \u00ab Herm\u00e8s \u00bb, avec dessus en cuir de vache souple, semelle int\u00e9rieure en cuir et semelle ext\u00e9rieure en caoutchouc microporeux avec talon compens\u00e9 de 3 cm.\" \/>\n<meta property=\"og:url\" content=\"https:\/\/ellebicalzature.it\/fr\/product\/mules-artisanales-type-hermes-avec-compense\/\" \/>\n<meta property=\"og:site_name\" content=\"Ellebi\" \/>\n<meta property=\"article:publisher\" content=\"https:\/\/www.facebook.com\/ellebisandaliartigianaligallipoli\/\" \/>\n<meta property=\"article:modified_time\" content=\"2026-03-19T15:48:48+00:00\" \/>\n<meta property=\"og:image\" content=\"https:\/\/ellebicalzature.it\/wp-content\/uploads\/2020\/12\/immagine_1767522148.webp\" \/>\n\t<meta property=\"og:image:width\" content=\"1745\" \/>\n\t<meta property=\"og:image:height\" content=\"1757\" \/>\n\t<meta property=\"og:image:type\" content=\"image\/webp\" \/>\n<meta name=\"twitter:card\" content=\"summary_large_image\" \/>\n<script type=\"application\/ld+json\" class=\"yoast-schema-graph\">{\"@context\":\"https:\\\/\\\/schema.org\",\"@graph\":[{\"@type\":\"WebPage\",\"@id\":\"https:\\\/\\\/ellebicalzature.it\\\/fr\\\/product\\\/mules-artisanales-type-hermes-avec-compense\\\/\",\"url\":\"https:\\\/\\\/ellebicalzature.it\\\/fr\\\/product\\\/mules-artisanales-type-hermes-avec-compense\\\/\",\"name\":\"Mules artisanales pour femme Herm\u00e8s avec compens\u00e9\",\"isPartOf\":{\"@id\":\"https:\\\/\\\/ellebicalzature.it\\\/fr\\\/#website\"},\"primaryImageOfPage\":{\"@id\":\"https:\\\/\\\/ellebicalzature.it\\\/fr\\\/product\\\/mules-artisanales-type-hermes-avec-compense\\\/#primaryimage\"},\"image\":{\"@id\":\"https:\\\/\\\/ellebicalzature.it\\\/fr\\\/product\\\/mules-artisanales-type-hermes-avec-compense\\\/#primaryimage\"},\"thumbnailUrl\":\"https:\\\/\\\/ellebicalzature.it\\\/wp-content\\\/uploads\\\/2020\\\/12\\\/immagine_1767522148.webp\",\"datePublished\":\"2020-12-18T14:30:40+00:00\",\"dateModified\":\"2026-03-19T15:48:48+00:00\",\"description\":\"Mules artisanales pour femme mod\u00e8le \u00ab Herm\u00e8s \u00bb, avec dessus en cuir de vache souple, semelle int\u00e9rieure en cuir et semelle ext\u00e9rieure en caoutchouc microporeux avec talon compens\u00e9 de 3 cm.\",\"breadcrumb\":{\"@id\":\"https:\\\/\\\/ellebicalzature.it\\\/fr\\\/product\\\/mules-artisanales-type-hermes-avec-compense\\\/#breadcrumb\"},\"inLanguage\":\"fr-FR\",\"potentialAction\":[{\"@type\":\"ReadAction\",\"target\":[\"https:\\\/\\\/ellebicalzature.it\\\/fr\\\/product\\\/mules-artisanales-type-hermes-avec-compense\\\/\"]}]},{\"@type\":\"ImageObject\",\"inLanguage\":\"fr-FR\",\"@id\":\"https:\\\/\\\/ellebicalzature.it\\\/fr\\\/product\\\/mules-artisanales-type-hermes-avec-compense\\\/#primaryimage\",\"url\":\"https:\\\/\\\/ellebicalzature.it\\\/wp-content\\\/uploads\\\/2020\\\/12\\\/immagine_1767522148.webp\",\"contentUrl\":\"https:\\\/\\\/ellebicalzature.it\\\/wp-content\\\/uploads\\\/2020\\\/12\\\/immagine_1767522148.webp\",\"width\":1745,\"height\":1757},{\"@type\":\"BreadcrumbList\",\"@id\":\"https:\\\/\\\/ellebicalzature.it\\\/fr\\\/product\\\/mules-artisanales-type-hermes-avec-compense\\\/#breadcrumb\",\"itemListElement\":[{\"@type\":\"ListItem\",\"position\":1,\"name\":\"Home\",\"item\":\"https:\\\/\\\/ellebicalzature.it\\\/fr\\\/\"},{\"@type\":\"ListItem\",\"position\":2,\"name\":\"Boutique\",\"item\":\"https:\\\/\\\/ellebicalzature.it\\\/fr\\\/boutique\\\/\"},{\"@type\":\"ListItem\",\"position\":3,\"name\":\"Mules artisanales type Herm\u00e8s avec compens\u00e9\"}]},{\"@type\":\"WebSite\",\"@id\":\"https:\\\/\\\/ellebicalzature.it\\\/fr\\\/#website\",\"url\":\"https:\\\/\\\/ellebicalzature.it\\\/fr\\\/\",\"name\":\"Elleb\u00ec\",\"description\":\"Calzature e accessori Gallipoli\",\"publisher\":{\"@id\":\"https:\\\/\\\/ellebicalzature.it\\\/fr\\\/#organization\"},\"alternateName\":\"Elleb\u00ec | Calzature Gallipoli\",\"potentialAction\":[{\"@type\":\"SearchAction\",\"target\":{\"@type\":\"EntryPoint\",\"urlTemplate\":\"https:\\\/\\\/ellebicalzature.it\\\/fr\\\/?s={search_term_string}\"},\"query-input\":{\"@type\":\"PropertyValueSpecification\",\"valueRequired\":true,\"valueName\":\"search_term_string\"}}],\"inLanguage\":\"fr-FR\"},{\"@type\":\"Organization\",\"@id\":\"https:\\\/\\\/ellebicalzature.it\\\/fr\\\/#organization\",\"name\":\"Ellebi\",\"url\":\"https:\\\/\\\/ellebicalzature.it\\\/fr\\\/\",\"logo\":{\"@type\":\"ImageObject\",\"inLanguage\":\"fr-FR\",\"@id\":\"https:\\\/\\\/ellebicalzature.it\\\/fr\\\/#\\\/schema\\\/logo\\\/image\\\/\",\"url\":\"https:\\\/\\\/ellebicalzature.it\\\/wp-content\\\/uploads\\\/2024\\\/04\\\/logo-ellebi.png\",\"contentUrl\":\"https:\\\/\\\/ellebicalzature.it\\\/wp-content\\\/uploads\\\/2024\\\/04\\\/logo-ellebi.png\",\"width\":221,\"height\":131,\"caption\":\"Ellebi\"},\"image\":{\"@id\":\"https:\\\/\\\/ellebicalzature.it\\\/fr\\\/#\\\/schema\\\/logo\\\/image\\\/\"},\"sameAs\":[\"https:\\\/\\\/www.facebook.com\\\/ellebisandaliartigianaligallipoli\\\/\",\"https:\\\/\\\/www.instagram.com\\\/ellebicalzature\\\/?hl=it\"]}]}<\/script>\n<!-- \/ Yoast SEO plugin. -->","yoast_head_json":{"title":"Mules artisanales pour femme Herm\u00e8s avec compens\u00e9","description":"Mules artisanales pour femme mod\u00e8le \u00ab Herm\u00e8s \u00bb, avec dessus en cuir de vache souple, semelle int\u00e9rieure en cuir et semelle ext\u00e9rieure en caoutchouc microporeux avec talon compens\u00e9 de 3 cm.","robots":{"index":"index","follow":"follow","max-snippet":"max-snippet:-1","max-image-preview":"max-image-preview:large","max-video-preview":"max-video-preview:-1"},"canonical":"https:\/\/ellebicalzature.it\/fr\/product\/mules-artisanales-type-hermes-avec-compense\/","og_locale":"fr_FR","og_type":"article","og_title":"Mules artisanales pour femme Herm\u00e8s avec compens\u00e9","og_description":"Mules artisanales pour femme mod\u00e8le \u00ab Herm\u00e8s \u00bb, avec dessus en cuir de vache souple, semelle int\u00e9rieure en cuir et semelle ext\u00e9rieure en caoutchouc microporeux avec talon compens\u00e9 de 3 cm.","og_url":"https:\/\/ellebicalzature.it\/fr\/product\/mules-artisanales-type-hermes-avec-compense\/","og_site_name":"Ellebi","article_publisher":"https:\/\/www.facebook.com\/ellebisandaliartigianaligallipoli\/","article_modified_time":"2026-03-19T15:48:48+00:00","og_image":[{"width":1745,"height":1757,"url":"https:\/\/ellebicalzature.it\/wp-content\/uploads\/2020\/12\/immagine_1767522148.webp","type":"image\/webp"}],"twitter_card":"summary_large_image","schema":{"@context":"https:\/\/schema.org","@graph":[{"@type":"WebPage","@id":"https:\/\/ellebicalzature.it\/fr\/product\/mules-artisanales-type-hermes-avec-compense\/","url":"https:\/\/ellebicalzature.it\/fr\/product\/mules-artisanales-type-hermes-avec-compense\/","name":"Mules artisanales pour femme Herm\u00e8s avec compens\u00e9","isPartOf":{"@id":"https:\/\/ellebicalzature.it\/fr\/#website"},"primaryImageOfPage":{"@id":"https:\/\/ellebicalzature.it\/fr\/product\/mules-artisanales-type-hermes-avec-compense\/#primaryimage"},"image":{"@id":"https:\/\/ellebicalzature.it\/fr\/product\/mules-artisanales-type-hermes-avec-compense\/#primaryimage"},"thumbnailUrl":"https:\/\/ellebicalzature.it\/wp-content\/uploads\/2020\/12\/immagine_1767522148.webp","datePublished":"2020-12-18T14:30:40+00:00","dateModified":"2026-03-19T15:48:48+00:00","description":"Mules artisanales pour femme mod\u00e8le \u00ab Herm\u00e8s \u00bb, avec dessus en cuir de vache souple, semelle int\u00e9rieure en cuir et semelle ext\u00e9rieure en caoutchouc microporeux avec talon compens\u00e9 de 3 cm.","breadcrumb":{"@id":"https:\/\/ellebicalzature.it\/fr\/product\/mules-artisanales-type-hermes-avec-compense\/#breadcrumb"},"inLanguage":"fr-FR","potentialAction":[{"@type":"ReadAction","target":["https:\/\/ellebicalzature.it\/fr\/product\/mules-artisanales-type-hermes-avec-compense\/"]}]},{"@type":"ImageObject","inLanguage":"fr-FR","@id":"https:\/\/ellebicalzature.it\/fr\/product\/mules-artisanales-type-hermes-avec-compense\/#primaryimage","url":"https:\/\/ellebicalzature.it\/wp-content\/uploads\/2020\/12\/immagine_1767522148.webp","contentUrl":"https:\/\/ellebicalzature.it\/wp-content\/uploads\/2020\/12\/immagine_1767522148.webp","width":1745,"height":1757},{"@type":"BreadcrumbList","@id":"https:\/\/ellebicalzature.it\/fr\/product\/mules-artisanales-type-hermes-avec-compense\/#breadcrumb","itemListElement":[{"@type":"ListItem","position":1,"name":"Home","item":"https:\/\/ellebicalzature.it\/fr\/"},{"@type":"ListItem","position":2,"name":"Boutique","item":"https:\/\/ellebicalzature.it\/fr\/boutique\/"},{"@type":"ListItem","position":3,"name":"Mules artisanales type Herm\u00e8s avec compens\u00e9"}]},{"@type":"WebSite","@id":"https:\/\/ellebicalzature.it\/fr\/#website","url":"https:\/\/ellebicalzature.it\/fr\/","name":"Elleb\u00ec","description":"Calzature e accessori Gallipoli","publisher":{"@id":"https:\/\/ellebicalzature.it\/fr\/#organization"},"alternateName":"Elleb\u00ec | Calzature Gallipoli","potentialAction":[{"@type":"SearchAction","target":{"@type":"EntryPoint","urlTemplate":"https:\/\/ellebicalzature.it\/fr\/?s={search_term_string}"},"query-input":{"@type":"PropertyValueSpecification","valueRequired":true,"valueName":"search_term_string"}}],"inLanguage":"fr-FR"},{"@type":"Organization","@id":"https:\/\/ellebicalzature.it\/fr\/#organization","name":"Ellebi","url":"https:\/\/ellebicalzature.it\/fr\/","logo":{"@type":"ImageObject","inLanguage":"fr-FR","@id":"https:\/\/ellebicalzature.it\/fr\/#\/schema\/logo\/image\/","url":"https:\/\/ellebicalzature.it\/wp-content\/uploads\/2024\/04\/logo-ellebi.png","contentUrl":"https:\/\/ellebicalzature.it\/wp-content\/uploads\/2024\/04\/logo-ellebi.png","width":221,"height":131,"caption":"Ellebi"},"image":{"@id":"https:\/\/ellebicalzature.it\/fr\/#\/schema\/logo\/image\/"},"sameAs":["https:\/\/www.facebook.com\/ellebisandaliartigianaligallipoli\/","https:\/\/www.instagram.com\/ellebicalzature\/?hl=it"]}]}},"_links":{"self":[{"href":"https:\/\/ellebicalzature.it\/fr\/wp-json\/wp\/v2\/product\/61328","targetHints":{"allow":["GET"]}}],"collection":[{"href":"https:\/\/ellebicalzature.it\/fr\/wp-json\/wp\/v2\/product"}],"about":[{"href":"https:\/\/ellebicalzature.it\/fr\/wp-json\/wp\/v2\/types\/product"}],"replies":[{"embeddable":true,"href":"https:\/\/ellebicalzature.it\/fr\/wp-json\/wp\/v2\/comments?post=61328"}],"version-history":[{"count":1,"href":"https:\/\/ellebicalzature.it\/fr\/wp-json\/wp\/v2\/product\/61328\/revisions"}],"predecessor-version":[{"id":74859,"href":"https:\/\/ellebicalzature.it\/fr\/wp-json\/wp\/v2\/product\/61328\/revisions\/74859"}],"wp:featuredmedia":[{"embeddable":true,"href":"https:\/\/ellebicalzature.it\/fr\/wp-json\/wp\/v2\/media\/70715"}],"wp:attachment":[{"href":"https:\/\/ellebicalzature.it\/fr\/wp-json\/wp\/v2\/media?parent=61328"}],"wp:term":[{"taxonomy":"product_brand","embeddable":true,"href":"https:\/\/ellebicalzature.it\/fr\/wp-json\/wp\/v2\/product_brand?post=61328"},{"taxonomy":"product_cat","embeddable":true,"href":"https:\/\/ellebicalzature.it\/fr\/wp-json\/wp\/v2\/product_cat?post=61328"},{"taxonomy":"product_tag","embeddable":true,"href":"https:\/\/ellebicalzature.it\/fr\/wp-json\/wp\/v2\/product_tag?post=61328"}],"curies":[{"name":"wp","href":"https:\/\/api.w.org\/{rel}","templated":true}]}}