{"id":62469,"date":"2020-11-16T14:55:20","date_gmt":"2020-11-16T14:55:20","guid":{"rendered":"https:\/\/ellebicalzature.it\/product\/sandales-enfant-modele-araignee-montante\/"},"modified":"2026-03-19T16:51:16","modified_gmt":"2026-03-19T15:51:16","slug":"sandales-enfant-modele-araignee-montante","status":"publish","type":"product","link":"https:\/\/ellebicalzature.it\/fr\/product\/sandales-enfant-modele-araignee-montante\/","title":{"rendered":"Sandales enfant mod\u00e8le araign\u00e9e montante"},"content":{"rendered":"<p><strong>Sandales artisanales<\/strong> pour <strong>enfants<\/strong>, mod\u00e8le <strong>araign\u00e9e<\/strong> <strong>montante<\/strong>. Tige en vachette \u00e0 <strong>rayures<\/strong>, <strong>double bride<\/strong> et semelle int\u00e9rieure en cuir. Semelle en caoutchouc micro all\u00e9g\u00e9.<br \/>\nProduit fait main par des artisans du Salento utilisant des mat\u00e9riaux de premi\u00e8re qualit\u00e9.  <\/p>\n","protected":false},"excerpt":{"rendered":"<p>Sandales artisanales pour enfants, mod\u00e8le araign\u00e9e montante. Tige en vachette \u00e0 rayures, double bride et semelle int\u00e9rieure en cuir. <\/p>\n","protected":false},"featured_media":70768,"comment_status":"closed","ping_status":"closed","template":"","meta":{"_monsterinsights_skip_tracking":false,"_monsterinsights_sitenote_active":false,"_monsterinsights_sitenote_note":"","_monsterinsights_sitenote_category":0},"product_brand":[],"product_cat":[1216,1209],"product_tag":[2428],"class_list":{"0":"post-62469","1":"product","2":"type-product","3":"status-publish","4":"has-post-thumbnail","6":"product_cat-chaussures-artisanales-enfant","7":"product_cat-sandales","8":"product_tag-sandales-enfant-garcon-fille-modele-araignee","9":"pa_colore-blanc","10":"pa_colore-cuivre","11":"pa_colore-jaune","12":"pa_colore-tete-de-maure","13":"pa_taglia-1967","14":"pa_taglia-1962","15":"pa_taglia-1965","16":"pa_taglia-1966","17":"pa_taglia-1963","18":"pa_taglia-1964","19":"pa_taglia-1957","20":"pa_taglia-1958","21":"pa_taglia-1959","22":"pa_taglia-1960","23":"pa_taglia-1961","24":"pa_taglia-1956","25":"pa_taglia-1757","26":"pa_taglia-1756","28":"first","29":"instock","30":"purchasable","31":"product-type-variable"},"yoast_head":"<!-- This site is optimized with the Yoast SEO plugin v27.3 - https:\/\/yoast.com\/product\/yoast-seo-wordpress\/ -->\n<title>Sandales enfant mod\u00e8le araign\u00e9e montante<\/title>\n<meta name=\"description\" content=\"Sandales artisanales pour enfants, mod\u00e8le araign\u00e9e montante. Tige en vachette \u00e0 rayures, double bride et semelle int\u00e9rieure en cuir.\" \/>\n<meta name=\"robots\" content=\"index, follow, max-snippet:-1, max-image-preview:large, max-video-preview:-1\" \/>\n<link rel=\"canonical\" href=\"https:\/\/ellebicalzature.it\/fr\/product\/sandales-enfant-modele-araignee-montante\/\" \/>\n<meta property=\"og:locale\" content=\"fr_FR\" \/>\n<meta property=\"og:type\" content=\"article\" \/>\n<meta property=\"og:title\" content=\"Sandales enfant mod\u00e8le araign\u00e9e montante\" \/>\n<meta property=\"og:description\" content=\"Sandales artisanales pour enfants, mod\u00e8le araign\u00e9e montante. Tige en vachette \u00e0 rayures, double bride et semelle int\u00e9rieure en cuir.\" \/>\n<meta property=\"og:url\" content=\"https:\/\/ellebicalzature.it\/fr\/product\/sandales-enfant-modele-araignee-montante\/\" \/>\n<meta property=\"og:site_name\" content=\"Ellebi\" \/>\n<meta property=\"article:publisher\" content=\"https:\/\/www.facebook.com\/ellebisandaliartigianaligallipoli\/\" \/>\n<meta property=\"article:modified_time\" content=\"2026-03-19T15:51:16+00:00\" \/>\n<meta property=\"og:image\" content=\"https:\/\/ellebicalzature.it\/wp-content\/uploads\/2020\/11\/immagine_1767524749-1.webp\" \/>\n\t<meta property=\"og:image:width\" content=\"1766\" \/>\n\t<meta property=\"og:image:height\" content=\"1570\" \/>\n\t<meta property=\"og:image:type\" content=\"image\/webp\" \/>\n<meta name=\"twitter:card\" content=\"summary_large_image\" \/>\n<script type=\"application\/ld+json\" class=\"yoast-schema-graph\">{\"@context\":\"https:\\\/\\\/schema.org\",\"@graph\":[{\"@type\":\"WebPage\",\"@id\":\"https:\\\/\\\/ellebicalzature.it\\\/fr\\\/product\\\/sandales-enfant-modele-araignee-montante\\\/\",\"url\":\"https:\\\/\\\/ellebicalzature.it\\\/fr\\\/product\\\/sandales-enfant-modele-araignee-montante\\\/\",\"name\":\"Sandales enfant mod\u00e8le araign\u00e9e montante\",\"isPartOf\":{\"@id\":\"https:\\\/\\\/ellebicalzature.it\\\/fr\\\/#website\"},\"primaryImageOfPage\":{\"@id\":\"https:\\\/\\\/ellebicalzature.it\\\/fr\\\/product\\\/sandales-enfant-modele-araignee-montante\\\/#primaryimage\"},\"image\":{\"@id\":\"https:\\\/\\\/ellebicalzature.it\\\/fr\\\/product\\\/sandales-enfant-modele-araignee-montante\\\/#primaryimage\"},\"thumbnailUrl\":\"https:\\\/\\\/ellebicalzature.it\\\/wp-content\\\/uploads\\\/2020\\\/11\\\/immagine_1767524749-1.webp\",\"datePublished\":\"2020-11-16T14:55:20+00:00\",\"dateModified\":\"2026-03-19T15:51:16+00:00\",\"description\":\"Sandales artisanales pour enfants, mod\u00e8le araign\u00e9e montante. Tige en vachette \u00e0 rayures, double bride et semelle int\u00e9rieure en cuir.\",\"breadcrumb\":{\"@id\":\"https:\\\/\\\/ellebicalzature.it\\\/fr\\\/product\\\/sandales-enfant-modele-araignee-montante\\\/#breadcrumb\"},\"inLanguage\":\"fr-FR\",\"potentialAction\":[{\"@type\":\"ReadAction\",\"target\":[\"https:\\\/\\\/ellebicalzature.it\\\/fr\\\/product\\\/sandales-enfant-modele-araignee-montante\\\/\"]}]},{\"@type\":\"ImageObject\",\"inLanguage\":\"fr-FR\",\"@id\":\"https:\\\/\\\/ellebicalzature.it\\\/fr\\\/product\\\/sandales-enfant-modele-araignee-montante\\\/#primaryimage\",\"url\":\"https:\\\/\\\/ellebicalzature.it\\\/wp-content\\\/uploads\\\/2020\\\/11\\\/immagine_1767524749-1.webp\",\"contentUrl\":\"https:\\\/\\\/ellebicalzature.it\\\/wp-content\\\/uploads\\\/2020\\\/11\\\/immagine_1767524749-1.webp\",\"width\":1766,\"height\":1570},{\"@type\":\"BreadcrumbList\",\"@id\":\"https:\\\/\\\/ellebicalzature.it\\\/fr\\\/product\\\/sandales-enfant-modele-araignee-montante\\\/#breadcrumb\",\"itemListElement\":[{\"@type\":\"ListItem\",\"position\":1,\"name\":\"Home\",\"item\":\"https:\\\/\\\/ellebicalzature.it\\\/fr\\\/\"},{\"@type\":\"ListItem\",\"position\":2,\"name\":\"Boutique\",\"item\":\"https:\\\/\\\/ellebicalzature.it\\\/fr\\\/boutique\\\/\"},{\"@type\":\"ListItem\",\"position\":3,\"name\":\"Sandales enfant mod\u00e8le araign\u00e9e montante\"}]},{\"@type\":\"WebSite\",\"@id\":\"https:\\\/\\\/ellebicalzature.it\\\/fr\\\/#website\",\"url\":\"https:\\\/\\\/ellebicalzature.it\\\/fr\\\/\",\"name\":\"Elleb\u00ec\",\"description\":\"Calzature e accessori Gallipoli\",\"publisher\":{\"@id\":\"https:\\\/\\\/ellebicalzature.it\\\/fr\\\/#organization\"},\"alternateName\":\"Elleb\u00ec | Calzature Gallipoli\",\"potentialAction\":[{\"@type\":\"SearchAction\",\"target\":{\"@type\":\"EntryPoint\",\"urlTemplate\":\"https:\\\/\\\/ellebicalzature.it\\\/fr\\\/?s={search_term_string}\"},\"query-input\":{\"@type\":\"PropertyValueSpecification\",\"valueRequired\":true,\"valueName\":\"search_term_string\"}}],\"inLanguage\":\"fr-FR\"},{\"@type\":\"Organization\",\"@id\":\"https:\\\/\\\/ellebicalzature.it\\\/fr\\\/#organization\",\"name\":\"Ellebi\",\"url\":\"https:\\\/\\\/ellebicalzature.it\\\/fr\\\/\",\"logo\":{\"@type\":\"ImageObject\",\"inLanguage\":\"fr-FR\",\"@id\":\"https:\\\/\\\/ellebicalzature.it\\\/fr\\\/#\\\/schema\\\/logo\\\/image\\\/\",\"url\":\"https:\\\/\\\/ellebicalzature.it\\\/wp-content\\\/uploads\\\/2024\\\/04\\\/logo-ellebi.png\",\"contentUrl\":\"https:\\\/\\\/ellebicalzature.it\\\/wp-content\\\/uploads\\\/2024\\\/04\\\/logo-ellebi.png\",\"width\":221,\"height\":131,\"caption\":\"Ellebi\"},\"image\":{\"@id\":\"https:\\\/\\\/ellebicalzature.it\\\/fr\\\/#\\\/schema\\\/logo\\\/image\\\/\"},\"sameAs\":[\"https:\\\/\\\/www.facebook.com\\\/ellebisandaliartigianaligallipoli\\\/\",\"https:\\\/\\\/www.instagram.com\\\/ellebicalzature\\\/?hl=it\"]}]}<\/script>\n<!-- \/ Yoast SEO plugin. -->","yoast_head_json":{"title":"Sandales enfant mod\u00e8le araign\u00e9e montante","description":"Sandales artisanales pour enfants, mod\u00e8le araign\u00e9e montante. Tige en vachette \u00e0 rayures, double bride et semelle int\u00e9rieure en cuir.","robots":{"index":"index","follow":"follow","max-snippet":"max-snippet:-1","max-image-preview":"max-image-preview:large","max-video-preview":"max-video-preview:-1"},"canonical":"https:\/\/ellebicalzature.it\/fr\/product\/sandales-enfant-modele-araignee-montante\/","og_locale":"fr_FR","og_type":"article","og_title":"Sandales enfant mod\u00e8le araign\u00e9e montante","og_description":"Sandales artisanales pour enfants, mod\u00e8le araign\u00e9e montante. Tige en vachette \u00e0 rayures, double bride et semelle int\u00e9rieure en cuir.","og_url":"https:\/\/ellebicalzature.it\/fr\/product\/sandales-enfant-modele-araignee-montante\/","og_site_name":"Ellebi","article_publisher":"https:\/\/www.facebook.com\/ellebisandaliartigianaligallipoli\/","article_modified_time":"2026-03-19T15:51:16+00:00","og_image":[{"width":1766,"height":1570,"url":"https:\/\/ellebicalzature.it\/wp-content\/uploads\/2020\/11\/immagine_1767524749-1.webp","type":"image\/webp"}],"twitter_card":"summary_large_image","schema":{"@context":"https:\/\/schema.org","@graph":[{"@type":"WebPage","@id":"https:\/\/ellebicalzature.it\/fr\/product\/sandales-enfant-modele-araignee-montante\/","url":"https:\/\/ellebicalzature.it\/fr\/product\/sandales-enfant-modele-araignee-montante\/","name":"Sandales enfant mod\u00e8le araign\u00e9e montante","isPartOf":{"@id":"https:\/\/ellebicalzature.it\/fr\/#website"},"primaryImageOfPage":{"@id":"https:\/\/ellebicalzature.it\/fr\/product\/sandales-enfant-modele-araignee-montante\/#primaryimage"},"image":{"@id":"https:\/\/ellebicalzature.it\/fr\/product\/sandales-enfant-modele-araignee-montante\/#primaryimage"},"thumbnailUrl":"https:\/\/ellebicalzature.it\/wp-content\/uploads\/2020\/11\/immagine_1767524749-1.webp","datePublished":"2020-11-16T14:55:20+00:00","dateModified":"2026-03-19T15:51:16+00:00","description":"Sandales artisanales pour enfants, mod\u00e8le araign\u00e9e montante. Tige en vachette \u00e0 rayures, double bride et semelle int\u00e9rieure en cuir.","breadcrumb":{"@id":"https:\/\/ellebicalzature.it\/fr\/product\/sandales-enfant-modele-araignee-montante\/#breadcrumb"},"inLanguage":"fr-FR","potentialAction":[{"@type":"ReadAction","target":["https:\/\/ellebicalzature.it\/fr\/product\/sandales-enfant-modele-araignee-montante\/"]}]},{"@type":"ImageObject","inLanguage":"fr-FR","@id":"https:\/\/ellebicalzature.it\/fr\/product\/sandales-enfant-modele-araignee-montante\/#primaryimage","url":"https:\/\/ellebicalzature.it\/wp-content\/uploads\/2020\/11\/immagine_1767524749-1.webp","contentUrl":"https:\/\/ellebicalzature.it\/wp-content\/uploads\/2020\/11\/immagine_1767524749-1.webp","width":1766,"height":1570},{"@type":"BreadcrumbList","@id":"https:\/\/ellebicalzature.it\/fr\/product\/sandales-enfant-modele-araignee-montante\/#breadcrumb","itemListElement":[{"@type":"ListItem","position":1,"name":"Home","item":"https:\/\/ellebicalzature.it\/fr\/"},{"@type":"ListItem","position":2,"name":"Boutique","item":"https:\/\/ellebicalzature.it\/fr\/boutique\/"},{"@type":"ListItem","position":3,"name":"Sandales enfant mod\u00e8le araign\u00e9e montante"}]},{"@type":"WebSite","@id":"https:\/\/ellebicalzature.it\/fr\/#website","url":"https:\/\/ellebicalzature.it\/fr\/","name":"Elleb\u00ec","description":"Calzature e accessori Gallipoli","publisher":{"@id":"https:\/\/ellebicalzature.it\/fr\/#organization"},"alternateName":"Elleb\u00ec | Calzature Gallipoli","potentialAction":[{"@type":"SearchAction","target":{"@type":"EntryPoint","urlTemplate":"https:\/\/ellebicalzature.it\/fr\/?s={search_term_string}"},"query-input":{"@type":"PropertyValueSpecification","valueRequired":true,"valueName":"search_term_string"}}],"inLanguage":"fr-FR"},{"@type":"Organization","@id":"https:\/\/ellebicalzature.it\/fr\/#organization","name":"Ellebi","url":"https:\/\/ellebicalzature.it\/fr\/","logo":{"@type":"ImageObject","inLanguage":"fr-FR","@id":"https:\/\/ellebicalzature.it\/fr\/#\/schema\/logo\/image\/","url":"https:\/\/ellebicalzature.it\/wp-content\/uploads\/2024\/04\/logo-ellebi.png","contentUrl":"https:\/\/ellebicalzature.it\/wp-content\/uploads\/2024\/04\/logo-ellebi.png","width":221,"height":131,"caption":"Ellebi"},"image":{"@id":"https:\/\/ellebicalzature.it\/fr\/#\/schema\/logo\/image\/"},"sameAs":["https:\/\/www.facebook.com\/ellebisandaliartigianaligallipoli\/","https:\/\/www.instagram.com\/ellebicalzature\/?hl=it"]}]}},"_links":{"self":[{"href":"https:\/\/ellebicalzature.it\/fr\/wp-json\/wp\/v2\/product\/62469","targetHints":{"allow":["GET"]}}],"collection":[{"href":"https:\/\/ellebicalzature.it\/fr\/wp-json\/wp\/v2\/product"}],"about":[{"href":"https:\/\/ellebicalzature.it\/fr\/wp-json\/wp\/v2\/types\/product"}],"replies":[{"embeddable":true,"href":"https:\/\/ellebicalzature.it\/fr\/wp-json\/wp\/v2\/comments?post=62469"}],"version-history":[{"count":1,"href":"https:\/\/ellebicalzature.it\/fr\/wp-json\/wp\/v2\/product\/62469\/revisions"}],"predecessor-version":[{"id":74896,"href":"https:\/\/ellebicalzature.it\/fr\/wp-json\/wp\/v2\/product\/62469\/revisions\/74896"}],"wp:featuredmedia":[{"embeddable":true,"href":"https:\/\/ellebicalzature.it\/fr\/wp-json\/wp\/v2\/media\/70768"}],"wp:attachment":[{"href":"https:\/\/ellebicalzature.it\/fr\/wp-json\/wp\/v2\/media?parent=62469"}],"wp:term":[{"taxonomy":"product_brand","embeddable":true,"href":"https:\/\/ellebicalzature.it\/fr\/wp-json\/wp\/v2\/product_brand?post=62469"},{"taxonomy":"product_cat","embeddable":true,"href":"https:\/\/ellebicalzature.it\/fr\/wp-json\/wp\/v2\/product_cat?post=62469"},{"taxonomy":"product_tag","embeddable":true,"href":"https:\/\/ellebicalzature.it\/fr\/wp-json\/wp\/v2\/product_tag?post=62469"}],"curies":[{"name":"wp","href":"https:\/\/api.w.org\/{rel}","templated":true}]}}