{"id":62933,"date":"2020-11-14T14:09:02","date_gmt":"2020-11-14T14:09:02","guid":{"rendered":"https:\/\/ellebicalzature.it\/product\/espadrilles-basses-a-rayures-fines-blanc-et-bleu\/"},"modified":"2026-03-19T16:51:15","modified_gmt":"2026-03-19T15:51:15","slug":"espadrilles-basses-a-rayures-fines-blanc-et-bleu","status":"publish","type":"product","link":"https:\/\/ellebicalzature.it\/fr\/product\/espadrilles-basses-a-rayures-fines-blanc-et-bleu\/","title":{"rendered":"Espadrilles basses \u00e0 rayures fines Blanc et Bleu"},"content":{"rendered":"<p>Espadrilles basses, pour femme et homme, en tissu \u00e0 rayures fines de couleur Blanc et Bleu, avec semelle cousue en corde et semelle int\u00e9rieure en tissu. Fine couche de caoutchouc pour prot\u00e9ger la corde de la semelle.<br \/>\nChaussures r\u00e9alis\u00e9es par des artisans du Salento, avec des mat\u00e9riaux de premi\u00e8re qualit\u00e9. <\/p>\n<p>Autrefois port\u00e9es principalement par les paysans, les espadrilles sont devenues de plus en plus populaires, jusqu&rsquo;\u00e0 devenir les chaussures les plus utilis\u00e9es pendant les mois de printemps et d&rsquo;\u00e9t\u00e9.<\/p>\n","protected":false},"excerpt":{"rendered":"<p>Espadrilles basses, pour femme et homme, en tissu \u00e0 rayures fines de couleur Blanc et Bleu, avec semelle cousue en corde et semelle int\u00e9rieure en tissu. Fine couche de caoutchouc pour prot\u00e9ger la corde de la semelle. <\/p>\n","protected":false},"featured_media":70790,"comment_status":"closed","ping_status":"closed","template":"","meta":{"_monsterinsights_skip_tracking":false,"_monsterinsights_sitenote_active":false,"_monsterinsights_sitenote_note":"","_monsterinsights_sitenote_category":0},"product_brand":[],"product_cat":[1224],"product_tag":[2450],"class_list":{"0":"post-62933","1":"product","2":"type-product","3":"status-publish","4":"has-post-thumbnail","6":"product_cat-espadrilles-homme-et-femme","7":"product_tag-rayure-fine-blanc-bleu","8":"pa_taglia-1349","9":"pa_taglia-1356","10":"pa_taglia-1354","11":"pa_taglia-1357","12":"pa_taglia-1355","13":"pa_taglia-1353","14":"pa_taglia-1352","15":"pa_taglia-1351","16":"pa_taglia-1350","17":"pa_taglia-1348","18":"pa_taglia-1347","19":"pa_taglia-1346","21":"first","22":"instock","23":"purchasable","24":"product-type-variable"},"yoast_head":"<!-- This site is optimized with the Yoast SEO plugin v27.3 - https:\/\/yoast.com\/product\/yoast-seo-wordpress\/ -->\n<title>Espadrilles basses \u00e0 rayures fines Blanc et Bleu<\/title>\n<meta name=\"description\" content=\"Espadrilles basses, pour femme et homme, en tissu \u00e0 rayures fines de couleur Blanc et Bleu, avec semelle cousue en corde et semelle int\u00e9rieure en tissu.\" \/>\n<meta name=\"robots\" content=\"index, follow, max-snippet:-1, max-image-preview:large, max-video-preview:-1\" \/>\n<link rel=\"canonical\" href=\"https:\/\/ellebicalzature.it\/fr\/product\/espadrilles-basses-a-rayures-fines-blanc-et-bleu\/\" \/>\n<meta property=\"og:locale\" content=\"fr_FR\" \/>\n<meta property=\"og:type\" content=\"article\" \/>\n<meta property=\"og:title\" content=\"Espadrilles basses \u00e0 rayures fines Blanc et Bleu\" \/>\n<meta property=\"og:description\" content=\"Espadrilles basses, pour femme et homme, en tissu \u00e0 rayures fines de couleur Blanc et Bleu, avec semelle cousue en corde et semelle int\u00e9rieure en tissu.\" \/>\n<meta property=\"og:url\" content=\"https:\/\/ellebicalzature.it\/fr\/product\/espadrilles-basses-a-rayures-fines-blanc-et-bleu\/\" \/>\n<meta property=\"og:site_name\" content=\"Ellebi\" \/>\n<meta property=\"article:publisher\" content=\"https:\/\/www.facebook.com\/ellebisandaliartigianaligallipoli\/\" \/>\n<meta property=\"article:modified_time\" content=\"2026-03-19T15:51:15+00:00\" \/>\n<meta property=\"og:image\" content=\"https:\/\/ellebicalzature.it\/wp-content\/uploads\/2020\/11\/immagine_1767526650.webp\" \/>\n\t<meta property=\"og:image:width\" content=\"1766\" \/>\n\t<meta property=\"og:image:height\" content=\"1630\" \/>\n\t<meta property=\"og:image:type\" content=\"image\/webp\" \/>\n<meta name=\"twitter:card\" content=\"summary_large_image\" \/>\n<script type=\"application\/ld+json\" class=\"yoast-schema-graph\">{\"@context\":\"https:\\\/\\\/schema.org\",\"@graph\":[{\"@type\":\"WebPage\",\"@id\":\"https:\\\/\\\/ellebicalzature.it\\\/fr\\\/product\\\/espadrilles-basses-a-rayures-fines-blanc-et-bleu\\\/\",\"url\":\"https:\\\/\\\/ellebicalzature.it\\\/fr\\\/product\\\/espadrilles-basses-a-rayures-fines-blanc-et-bleu\\\/\",\"name\":\"Espadrilles basses \u00e0 rayures fines Blanc et Bleu\",\"isPartOf\":{\"@id\":\"https:\\\/\\\/ellebicalzature.it\\\/fr\\\/#website\"},\"primaryImageOfPage\":{\"@id\":\"https:\\\/\\\/ellebicalzature.it\\\/fr\\\/product\\\/espadrilles-basses-a-rayures-fines-blanc-et-bleu\\\/#primaryimage\"},\"image\":{\"@id\":\"https:\\\/\\\/ellebicalzature.it\\\/fr\\\/product\\\/espadrilles-basses-a-rayures-fines-blanc-et-bleu\\\/#primaryimage\"},\"thumbnailUrl\":\"https:\\\/\\\/ellebicalzature.it\\\/wp-content\\\/uploads\\\/2020\\\/11\\\/immagine_1767526650.webp\",\"datePublished\":\"2020-11-14T14:09:02+00:00\",\"dateModified\":\"2026-03-19T15:51:15+00:00\",\"description\":\"Espadrilles basses, pour femme et homme, en tissu \u00e0 rayures fines de couleur Blanc et Bleu, avec semelle cousue en corde et semelle int\u00e9rieure en tissu.\",\"breadcrumb\":{\"@id\":\"https:\\\/\\\/ellebicalzature.it\\\/fr\\\/product\\\/espadrilles-basses-a-rayures-fines-blanc-et-bleu\\\/#breadcrumb\"},\"inLanguage\":\"fr-FR\",\"potentialAction\":[{\"@type\":\"ReadAction\",\"target\":[\"https:\\\/\\\/ellebicalzature.it\\\/fr\\\/product\\\/espadrilles-basses-a-rayures-fines-blanc-et-bleu\\\/\"]}]},{\"@type\":\"ImageObject\",\"inLanguage\":\"fr-FR\",\"@id\":\"https:\\\/\\\/ellebicalzature.it\\\/fr\\\/product\\\/espadrilles-basses-a-rayures-fines-blanc-et-bleu\\\/#primaryimage\",\"url\":\"https:\\\/\\\/ellebicalzature.it\\\/wp-content\\\/uploads\\\/2020\\\/11\\\/immagine_1767526650.webp\",\"contentUrl\":\"https:\\\/\\\/ellebicalzature.it\\\/wp-content\\\/uploads\\\/2020\\\/11\\\/immagine_1767526650.webp\",\"width\":1766,\"height\":1630},{\"@type\":\"BreadcrumbList\",\"@id\":\"https:\\\/\\\/ellebicalzature.it\\\/fr\\\/product\\\/espadrilles-basses-a-rayures-fines-blanc-et-bleu\\\/#breadcrumb\",\"itemListElement\":[{\"@type\":\"ListItem\",\"position\":1,\"name\":\"Home\",\"item\":\"https:\\\/\\\/ellebicalzature.it\\\/fr\\\/\"},{\"@type\":\"ListItem\",\"position\":2,\"name\":\"Boutique\",\"item\":\"https:\\\/\\\/ellebicalzature.it\\\/fr\\\/boutique\\\/\"},{\"@type\":\"ListItem\",\"position\":3,\"name\":\"Espadrilles basses \u00e0 rayures fines Blanc et Bleu\"}]},{\"@type\":\"WebSite\",\"@id\":\"https:\\\/\\\/ellebicalzature.it\\\/fr\\\/#website\",\"url\":\"https:\\\/\\\/ellebicalzature.it\\\/fr\\\/\",\"name\":\"Elleb\u00ec\",\"description\":\"Calzature e accessori Gallipoli\",\"publisher\":{\"@id\":\"https:\\\/\\\/ellebicalzature.it\\\/fr\\\/#organization\"},\"alternateName\":\"Elleb\u00ec | Calzature Gallipoli\",\"potentialAction\":[{\"@type\":\"SearchAction\",\"target\":{\"@type\":\"EntryPoint\",\"urlTemplate\":\"https:\\\/\\\/ellebicalzature.it\\\/fr\\\/?s={search_term_string}\"},\"query-input\":{\"@type\":\"PropertyValueSpecification\",\"valueRequired\":true,\"valueName\":\"search_term_string\"}}],\"inLanguage\":\"fr-FR\"},{\"@type\":\"Organization\",\"@id\":\"https:\\\/\\\/ellebicalzature.it\\\/fr\\\/#organization\",\"name\":\"Ellebi\",\"url\":\"https:\\\/\\\/ellebicalzature.it\\\/fr\\\/\",\"logo\":{\"@type\":\"ImageObject\",\"inLanguage\":\"fr-FR\",\"@id\":\"https:\\\/\\\/ellebicalzature.it\\\/fr\\\/#\\\/schema\\\/logo\\\/image\\\/\",\"url\":\"https:\\\/\\\/ellebicalzature.it\\\/wp-content\\\/uploads\\\/2024\\\/04\\\/logo-ellebi.png\",\"contentUrl\":\"https:\\\/\\\/ellebicalzature.it\\\/wp-content\\\/uploads\\\/2024\\\/04\\\/logo-ellebi.png\",\"width\":221,\"height\":131,\"caption\":\"Ellebi\"},\"image\":{\"@id\":\"https:\\\/\\\/ellebicalzature.it\\\/fr\\\/#\\\/schema\\\/logo\\\/image\\\/\"},\"sameAs\":[\"https:\\\/\\\/www.facebook.com\\\/ellebisandaliartigianaligallipoli\\\/\",\"https:\\\/\\\/www.instagram.com\\\/ellebicalzature\\\/?hl=it\"]}]}<\/script>\n<!-- \/ Yoast SEO plugin. -->","yoast_head_json":{"title":"Espadrilles basses \u00e0 rayures fines Blanc et Bleu","description":"Espadrilles basses, pour femme et homme, en tissu \u00e0 rayures fines de couleur Blanc et Bleu, avec semelle cousue en corde et semelle int\u00e9rieure en tissu.","robots":{"index":"index","follow":"follow","max-snippet":"max-snippet:-1","max-image-preview":"max-image-preview:large","max-video-preview":"max-video-preview:-1"},"canonical":"https:\/\/ellebicalzature.it\/fr\/product\/espadrilles-basses-a-rayures-fines-blanc-et-bleu\/","og_locale":"fr_FR","og_type":"article","og_title":"Espadrilles basses \u00e0 rayures fines Blanc et Bleu","og_description":"Espadrilles basses, pour femme et homme, en tissu \u00e0 rayures fines de couleur Blanc et Bleu, avec semelle cousue en corde et semelle int\u00e9rieure en tissu.","og_url":"https:\/\/ellebicalzature.it\/fr\/product\/espadrilles-basses-a-rayures-fines-blanc-et-bleu\/","og_site_name":"Ellebi","article_publisher":"https:\/\/www.facebook.com\/ellebisandaliartigianaligallipoli\/","article_modified_time":"2026-03-19T15:51:15+00:00","og_image":[{"width":1766,"height":1630,"url":"https:\/\/ellebicalzature.it\/wp-content\/uploads\/2020\/11\/immagine_1767526650.webp","type":"image\/webp"}],"twitter_card":"summary_large_image","schema":{"@context":"https:\/\/schema.org","@graph":[{"@type":"WebPage","@id":"https:\/\/ellebicalzature.it\/fr\/product\/espadrilles-basses-a-rayures-fines-blanc-et-bleu\/","url":"https:\/\/ellebicalzature.it\/fr\/product\/espadrilles-basses-a-rayures-fines-blanc-et-bleu\/","name":"Espadrilles basses \u00e0 rayures fines Blanc et Bleu","isPartOf":{"@id":"https:\/\/ellebicalzature.it\/fr\/#website"},"primaryImageOfPage":{"@id":"https:\/\/ellebicalzature.it\/fr\/product\/espadrilles-basses-a-rayures-fines-blanc-et-bleu\/#primaryimage"},"image":{"@id":"https:\/\/ellebicalzature.it\/fr\/product\/espadrilles-basses-a-rayures-fines-blanc-et-bleu\/#primaryimage"},"thumbnailUrl":"https:\/\/ellebicalzature.it\/wp-content\/uploads\/2020\/11\/immagine_1767526650.webp","datePublished":"2020-11-14T14:09:02+00:00","dateModified":"2026-03-19T15:51:15+00:00","description":"Espadrilles basses, pour femme et homme, en tissu \u00e0 rayures fines de couleur Blanc et Bleu, avec semelle cousue en corde et semelle int\u00e9rieure en tissu.","breadcrumb":{"@id":"https:\/\/ellebicalzature.it\/fr\/product\/espadrilles-basses-a-rayures-fines-blanc-et-bleu\/#breadcrumb"},"inLanguage":"fr-FR","potentialAction":[{"@type":"ReadAction","target":["https:\/\/ellebicalzature.it\/fr\/product\/espadrilles-basses-a-rayures-fines-blanc-et-bleu\/"]}]},{"@type":"ImageObject","inLanguage":"fr-FR","@id":"https:\/\/ellebicalzature.it\/fr\/product\/espadrilles-basses-a-rayures-fines-blanc-et-bleu\/#primaryimage","url":"https:\/\/ellebicalzature.it\/wp-content\/uploads\/2020\/11\/immagine_1767526650.webp","contentUrl":"https:\/\/ellebicalzature.it\/wp-content\/uploads\/2020\/11\/immagine_1767526650.webp","width":1766,"height":1630},{"@type":"BreadcrumbList","@id":"https:\/\/ellebicalzature.it\/fr\/product\/espadrilles-basses-a-rayures-fines-blanc-et-bleu\/#breadcrumb","itemListElement":[{"@type":"ListItem","position":1,"name":"Home","item":"https:\/\/ellebicalzature.it\/fr\/"},{"@type":"ListItem","position":2,"name":"Boutique","item":"https:\/\/ellebicalzature.it\/fr\/boutique\/"},{"@type":"ListItem","position":3,"name":"Espadrilles basses \u00e0 rayures fines Blanc et Bleu"}]},{"@type":"WebSite","@id":"https:\/\/ellebicalzature.it\/fr\/#website","url":"https:\/\/ellebicalzature.it\/fr\/","name":"Elleb\u00ec","description":"Calzature e accessori Gallipoli","publisher":{"@id":"https:\/\/ellebicalzature.it\/fr\/#organization"},"alternateName":"Elleb\u00ec | Calzature Gallipoli","potentialAction":[{"@type":"SearchAction","target":{"@type":"EntryPoint","urlTemplate":"https:\/\/ellebicalzature.it\/fr\/?s={search_term_string}"},"query-input":{"@type":"PropertyValueSpecification","valueRequired":true,"valueName":"search_term_string"}}],"inLanguage":"fr-FR"},{"@type":"Organization","@id":"https:\/\/ellebicalzature.it\/fr\/#organization","name":"Ellebi","url":"https:\/\/ellebicalzature.it\/fr\/","logo":{"@type":"ImageObject","inLanguage":"fr-FR","@id":"https:\/\/ellebicalzature.it\/fr\/#\/schema\/logo\/image\/","url":"https:\/\/ellebicalzature.it\/wp-content\/uploads\/2024\/04\/logo-ellebi.png","contentUrl":"https:\/\/ellebicalzature.it\/wp-content\/uploads\/2024\/04\/logo-ellebi.png","width":221,"height":131,"caption":"Ellebi"},"image":{"@id":"https:\/\/ellebicalzature.it\/fr\/#\/schema\/logo\/image\/"},"sameAs":["https:\/\/www.facebook.com\/ellebisandaliartigianaligallipoli\/","https:\/\/www.instagram.com\/ellebicalzature\/?hl=it"]}]}},"_links":{"self":[{"href":"https:\/\/ellebicalzature.it\/fr\/wp-json\/wp\/v2\/product\/62933","targetHints":{"allow":["GET"]}}],"collection":[{"href":"https:\/\/ellebicalzature.it\/fr\/wp-json\/wp\/v2\/product"}],"about":[{"href":"https:\/\/ellebicalzature.it\/fr\/wp-json\/wp\/v2\/types\/product"}],"replies":[{"embeddable":true,"href":"https:\/\/ellebicalzature.it\/fr\/wp-json\/wp\/v2\/comments?post=62933"}],"version-history":[{"count":1,"href":"https:\/\/ellebicalzature.it\/fr\/wp-json\/wp\/v2\/product\/62933\/revisions"}],"predecessor-version":[{"id":74894,"href":"https:\/\/ellebicalzature.it\/fr\/wp-json\/wp\/v2\/product\/62933\/revisions\/74894"}],"wp:featuredmedia":[{"embeddable":true,"href":"https:\/\/ellebicalzature.it\/fr\/wp-json\/wp\/v2\/media\/70790"}],"wp:attachment":[{"href":"https:\/\/ellebicalzature.it\/fr\/wp-json\/wp\/v2\/media?parent=62933"}],"wp:term":[{"taxonomy":"product_brand","embeddable":true,"href":"https:\/\/ellebicalzature.it\/fr\/wp-json\/wp\/v2\/product_brand?post=62933"},{"taxonomy":"product_cat","embeddable":true,"href":"https:\/\/ellebicalzature.it\/fr\/wp-json\/wp\/v2\/product_cat?post=62933"},{"taxonomy":"product_tag","embeddable":true,"href":"https:\/\/ellebicalzature.it\/fr\/wp-json\/wp\/v2\/product_tag?post=62933"}],"curies":[{"name":"wp","href":"https:\/\/api.w.org\/{rel}","templated":true}]}}