{"id":63862,"date":"2020-11-12T13:50:49","date_gmt":"2020-11-12T13:50:49","guid":{"rendered":"https:\/\/ellebicalzature.it\/product\/sandales-artisanales-en-cuir-modele-ferme-a-lanieres\/"},"modified":"2026-03-19T17:05:33","modified_gmt":"2026-03-19T16:05:33","slug":"sandales-artisanales-en-cuir-modele-ferme-a-lanieres","status":"publish","type":"product","link":"https:\/\/ellebicalzature.it\/fr\/product\/sandales-artisanales-en-cuir-modele-ferme-a-lanieres\/","title":{"rendered":"Sandales artisanales en cuir mod\u00e8le ferm\u00e9 \u00e0 lani\u00e8res"},"content":{"rendered":"<p><strong>Sandales artisanales<\/strong> pour homme, en <strong>cuir<\/strong>, mod\u00e8le <strong>ferm\u00e9 \u00e0 lani\u00e8res<\/strong> avec <strong>bride<\/strong>. Tige en vachette souple, semelle anatomique en cuir et semelle ext\u00e9rieure en caoutchouc rigide.<br \/>\nSandale color\u00e9e par immersion dans des bains de teintures v\u00e9g\u00e9tales et r\u00e9alis\u00e9e \u00e0 la main par des artisans du Salento utilisant des mat\u00e9riaux de premi\u00e8re qualit\u00e9. <\/p>\n<p>Il est conseill\u00e9 de prendre une taille en dessous car le produit a tendance \u00e0 chausser grand.<\/p>\n","protected":false},"excerpt":{"rendered":"<p><strong>Sandales artisanales<\/strong> pour homme, en <strong>cuir<\/strong>, mod\u00e8le <strong>ferm\u00e9 \u00e0 lani\u00e8res<\/strong> avec <strong>bride<\/strong>. Tige en vachette souple, semelle anatomique en cuir et semelle ext\u00e9rieure en caoutchouc rigide. <\/p>\n","protected":false},"featured_media":70849,"comment_status":"closed","ping_status":"closed","template":"","meta":{"_monsterinsights_skip_tracking":false,"_monsterinsights_sitenote_active":false,"_monsterinsights_sitenote_note":"","_monsterinsights_sitenote_category":0},"product_brand":[],"product_cat":[1220,1229],"product_tag":[2513],"class_list":{"0":"post-63862","1":"product","2":"type-product","3":"status-publish","4":"has-post-thumbnail","6":"product_cat-chaussures-artisanales-homme","7":"product_cat-sandales-artisanales-homme","8":"product_tag-sandale-artisanale-homme-modele-ferme-a-lanieres","9":"pa_colore-cuir","10":"pa_colore-tete-de-maure","11":"pa_taglia-1355","12":"pa_taglia-1353","13":"pa_taglia-1352","14":"pa_taglia-1351","15":"pa_taglia-1350","16":"pa_taglia-1348","17":"pa_taglia-1347","18":"pa_taglia-1346","19":"pa_taglia-1823","21":"first","22":"instock","23":"purchasable","24":"product-type-variable"},"yoast_head":"<!-- This site is optimized with the Yoast SEO plugin v27.3 - https:\/\/yoast.com\/product\/yoast-seo-wordpress\/ -->\n<title>Sandale artisanale pour homme en cuir souple mod\u00e8le ferm\u00e9 \u00e0 lani\u00e8res<\/title>\n<meta name=\"description\" content=\"Sandales artisanales pour homme, en cuir, mod\u00e8le ferm\u00e9 \u00e0 lani\u00e8res avec bride. Tige en vachette, semelle anatomique en cuir et semelle ext\u00e9rieure en caoutchouc rigide.\" \/>\n<meta name=\"robots\" content=\"index, follow, max-snippet:-1, max-image-preview:large, max-video-preview:-1\" \/>\n<link rel=\"canonical\" href=\"https:\/\/ellebicalzature.it\/fr\/product\/sandales-artisanales-en-cuir-modele-ferme-a-lanieres\/\" \/>\n<meta property=\"og:locale\" content=\"fr_FR\" \/>\n<meta property=\"og:type\" content=\"article\" \/>\n<meta property=\"og:title\" content=\"Sandale artisanale pour homme en cuir souple mod\u00e8le ferm\u00e9 \u00e0 lani\u00e8res\" \/>\n<meta property=\"og:description\" content=\"Sandales artisanales pour homme, en cuir, mod\u00e8le ferm\u00e9 \u00e0 lani\u00e8res avec bride. Tige en vachette, semelle anatomique en cuir et semelle ext\u00e9rieure en caoutchouc rigide.\" \/>\n<meta property=\"og:url\" content=\"https:\/\/ellebicalzature.it\/fr\/product\/sandales-artisanales-en-cuir-modele-ferme-a-lanieres\/\" \/>\n<meta property=\"og:site_name\" content=\"Ellebi\" \/>\n<meta property=\"article:publisher\" content=\"https:\/\/www.facebook.com\/ellebisandaliartigianaligallipoli\/\" \/>\n<meta property=\"article:modified_time\" content=\"2026-03-19T16:05:33+00:00\" \/>\n<meta property=\"og:image\" content=\"https:\/\/ellebicalzature.it\/wp-content\/uploads\/2020\/11\/immagine_1767529131.webp\" \/>\n\t<meta property=\"og:image:width\" content=\"1843\" \/>\n\t<meta property=\"og:image:height\" content=\"1821\" \/>\n\t<meta property=\"og:image:type\" content=\"image\/webp\" \/>\n<meta name=\"twitter:card\" content=\"summary_large_image\" \/>\n<script type=\"application\/ld+json\" class=\"yoast-schema-graph\">{\"@context\":\"https:\\\/\\\/schema.org\",\"@graph\":[{\"@type\":\"WebPage\",\"@id\":\"https:\\\/\\\/ellebicalzature.it\\\/fr\\\/product\\\/sandales-artisanales-en-cuir-modele-ferme-a-lanieres\\\/\",\"url\":\"https:\\\/\\\/ellebicalzature.it\\\/fr\\\/product\\\/sandales-artisanales-en-cuir-modele-ferme-a-lanieres\\\/\",\"name\":\"Sandale artisanale pour homme en cuir souple mod\u00e8le ferm\u00e9 \u00e0 lani\u00e8res\",\"isPartOf\":{\"@id\":\"https:\\\/\\\/ellebicalzature.it\\\/fr\\\/#website\"},\"primaryImageOfPage\":{\"@id\":\"https:\\\/\\\/ellebicalzature.it\\\/fr\\\/product\\\/sandales-artisanales-en-cuir-modele-ferme-a-lanieres\\\/#primaryimage\"},\"image\":{\"@id\":\"https:\\\/\\\/ellebicalzature.it\\\/fr\\\/product\\\/sandales-artisanales-en-cuir-modele-ferme-a-lanieres\\\/#primaryimage\"},\"thumbnailUrl\":\"https:\\\/\\\/ellebicalzature.it\\\/wp-content\\\/uploads\\\/2020\\\/11\\\/immagine_1767529131.webp\",\"datePublished\":\"2020-11-12T13:50:49+00:00\",\"dateModified\":\"2026-03-19T16:05:33+00:00\",\"description\":\"Sandales artisanales pour homme, en cuir, mod\u00e8le ferm\u00e9 \u00e0 lani\u00e8res avec bride. Tige en vachette, semelle anatomique en cuir et semelle ext\u00e9rieure en caoutchouc rigide.\",\"breadcrumb\":{\"@id\":\"https:\\\/\\\/ellebicalzature.it\\\/fr\\\/product\\\/sandales-artisanales-en-cuir-modele-ferme-a-lanieres\\\/#breadcrumb\"},\"inLanguage\":\"fr-FR\",\"potentialAction\":[{\"@type\":\"ReadAction\",\"target\":[\"https:\\\/\\\/ellebicalzature.it\\\/fr\\\/product\\\/sandales-artisanales-en-cuir-modele-ferme-a-lanieres\\\/\"]}]},{\"@type\":\"ImageObject\",\"inLanguage\":\"fr-FR\",\"@id\":\"https:\\\/\\\/ellebicalzature.it\\\/fr\\\/product\\\/sandales-artisanales-en-cuir-modele-ferme-a-lanieres\\\/#primaryimage\",\"url\":\"https:\\\/\\\/ellebicalzature.it\\\/wp-content\\\/uploads\\\/2020\\\/11\\\/immagine_1767529131.webp\",\"contentUrl\":\"https:\\\/\\\/ellebicalzature.it\\\/wp-content\\\/uploads\\\/2020\\\/11\\\/immagine_1767529131.webp\",\"width\":1843,\"height\":1821},{\"@type\":\"BreadcrumbList\",\"@id\":\"https:\\\/\\\/ellebicalzature.it\\\/fr\\\/product\\\/sandales-artisanales-en-cuir-modele-ferme-a-lanieres\\\/#breadcrumb\",\"itemListElement\":[{\"@type\":\"ListItem\",\"position\":1,\"name\":\"Home\",\"item\":\"https:\\\/\\\/ellebicalzature.it\\\/fr\\\/\"},{\"@type\":\"ListItem\",\"position\":2,\"name\":\"Boutique\",\"item\":\"https:\\\/\\\/ellebicalzature.it\\\/fr\\\/boutique\\\/\"},{\"@type\":\"ListItem\",\"position\":3,\"name\":\"Sandales artisanales en cuir mod\u00e8le ferm\u00e9 \u00e0 lani\u00e8res\"}]},{\"@type\":\"WebSite\",\"@id\":\"https:\\\/\\\/ellebicalzature.it\\\/fr\\\/#website\",\"url\":\"https:\\\/\\\/ellebicalzature.it\\\/fr\\\/\",\"name\":\"Elleb\u00ec\",\"description\":\"Calzature e accessori Gallipoli\",\"publisher\":{\"@id\":\"https:\\\/\\\/ellebicalzature.it\\\/fr\\\/#organization\"},\"alternateName\":\"Elleb\u00ec | Calzature Gallipoli\",\"potentialAction\":[{\"@type\":\"SearchAction\",\"target\":{\"@type\":\"EntryPoint\",\"urlTemplate\":\"https:\\\/\\\/ellebicalzature.it\\\/fr\\\/?s={search_term_string}\"},\"query-input\":{\"@type\":\"PropertyValueSpecification\",\"valueRequired\":true,\"valueName\":\"search_term_string\"}}],\"inLanguage\":\"fr-FR\"},{\"@type\":\"Organization\",\"@id\":\"https:\\\/\\\/ellebicalzature.it\\\/fr\\\/#organization\",\"name\":\"Ellebi\",\"url\":\"https:\\\/\\\/ellebicalzature.it\\\/fr\\\/\",\"logo\":{\"@type\":\"ImageObject\",\"inLanguage\":\"fr-FR\",\"@id\":\"https:\\\/\\\/ellebicalzature.it\\\/fr\\\/#\\\/schema\\\/logo\\\/image\\\/\",\"url\":\"https:\\\/\\\/ellebicalzature.it\\\/wp-content\\\/uploads\\\/2024\\\/04\\\/logo-ellebi.png\",\"contentUrl\":\"https:\\\/\\\/ellebicalzature.it\\\/wp-content\\\/uploads\\\/2024\\\/04\\\/logo-ellebi.png\",\"width\":221,\"height\":131,\"caption\":\"Ellebi\"},\"image\":{\"@id\":\"https:\\\/\\\/ellebicalzature.it\\\/fr\\\/#\\\/schema\\\/logo\\\/image\\\/\"},\"sameAs\":[\"https:\\\/\\\/www.facebook.com\\\/ellebisandaliartigianaligallipoli\\\/\",\"https:\\\/\\\/www.instagram.com\\\/ellebicalzature\\\/?hl=it\"]}]}<\/script>\n<!-- \/ Yoast SEO plugin. -->","yoast_head_json":{"title":"Sandale artisanale pour homme en cuir souple mod\u00e8le ferm\u00e9 \u00e0 lani\u00e8res","description":"Sandales artisanales pour homme, en cuir, mod\u00e8le ferm\u00e9 \u00e0 lani\u00e8res avec bride. Tige en vachette, semelle anatomique en cuir et semelle ext\u00e9rieure en caoutchouc rigide.","robots":{"index":"index","follow":"follow","max-snippet":"max-snippet:-1","max-image-preview":"max-image-preview:large","max-video-preview":"max-video-preview:-1"},"canonical":"https:\/\/ellebicalzature.it\/fr\/product\/sandales-artisanales-en-cuir-modele-ferme-a-lanieres\/","og_locale":"fr_FR","og_type":"article","og_title":"Sandale artisanale pour homme en cuir souple mod\u00e8le ferm\u00e9 \u00e0 lani\u00e8res","og_description":"Sandales artisanales pour homme, en cuir, mod\u00e8le ferm\u00e9 \u00e0 lani\u00e8res avec bride. Tige en vachette, semelle anatomique en cuir et semelle ext\u00e9rieure en caoutchouc rigide.","og_url":"https:\/\/ellebicalzature.it\/fr\/product\/sandales-artisanales-en-cuir-modele-ferme-a-lanieres\/","og_site_name":"Ellebi","article_publisher":"https:\/\/www.facebook.com\/ellebisandaliartigianaligallipoli\/","article_modified_time":"2026-03-19T16:05:33+00:00","og_image":[{"width":1843,"height":1821,"url":"https:\/\/ellebicalzature.it\/wp-content\/uploads\/2020\/11\/immagine_1767529131.webp","type":"image\/webp"}],"twitter_card":"summary_large_image","schema":{"@context":"https:\/\/schema.org","@graph":[{"@type":"WebPage","@id":"https:\/\/ellebicalzature.it\/fr\/product\/sandales-artisanales-en-cuir-modele-ferme-a-lanieres\/","url":"https:\/\/ellebicalzature.it\/fr\/product\/sandales-artisanales-en-cuir-modele-ferme-a-lanieres\/","name":"Sandale artisanale pour homme en cuir souple mod\u00e8le ferm\u00e9 \u00e0 lani\u00e8res","isPartOf":{"@id":"https:\/\/ellebicalzature.it\/fr\/#website"},"primaryImageOfPage":{"@id":"https:\/\/ellebicalzature.it\/fr\/product\/sandales-artisanales-en-cuir-modele-ferme-a-lanieres\/#primaryimage"},"image":{"@id":"https:\/\/ellebicalzature.it\/fr\/product\/sandales-artisanales-en-cuir-modele-ferme-a-lanieres\/#primaryimage"},"thumbnailUrl":"https:\/\/ellebicalzature.it\/wp-content\/uploads\/2020\/11\/immagine_1767529131.webp","datePublished":"2020-11-12T13:50:49+00:00","dateModified":"2026-03-19T16:05:33+00:00","description":"Sandales artisanales pour homme, en cuir, mod\u00e8le ferm\u00e9 \u00e0 lani\u00e8res avec bride. Tige en vachette, semelle anatomique en cuir et semelle ext\u00e9rieure en caoutchouc rigide.","breadcrumb":{"@id":"https:\/\/ellebicalzature.it\/fr\/product\/sandales-artisanales-en-cuir-modele-ferme-a-lanieres\/#breadcrumb"},"inLanguage":"fr-FR","potentialAction":[{"@type":"ReadAction","target":["https:\/\/ellebicalzature.it\/fr\/product\/sandales-artisanales-en-cuir-modele-ferme-a-lanieres\/"]}]},{"@type":"ImageObject","inLanguage":"fr-FR","@id":"https:\/\/ellebicalzature.it\/fr\/product\/sandales-artisanales-en-cuir-modele-ferme-a-lanieres\/#primaryimage","url":"https:\/\/ellebicalzature.it\/wp-content\/uploads\/2020\/11\/immagine_1767529131.webp","contentUrl":"https:\/\/ellebicalzature.it\/wp-content\/uploads\/2020\/11\/immagine_1767529131.webp","width":1843,"height":1821},{"@type":"BreadcrumbList","@id":"https:\/\/ellebicalzature.it\/fr\/product\/sandales-artisanales-en-cuir-modele-ferme-a-lanieres\/#breadcrumb","itemListElement":[{"@type":"ListItem","position":1,"name":"Home","item":"https:\/\/ellebicalzature.it\/fr\/"},{"@type":"ListItem","position":2,"name":"Boutique","item":"https:\/\/ellebicalzature.it\/fr\/boutique\/"},{"@type":"ListItem","position":3,"name":"Sandales artisanales en cuir mod\u00e8le ferm\u00e9 \u00e0 lani\u00e8res"}]},{"@type":"WebSite","@id":"https:\/\/ellebicalzature.it\/fr\/#website","url":"https:\/\/ellebicalzature.it\/fr\/","name":"Elleb\u00ec","description":"Calzature e accessori Gallipoli","publisher":{"@id":"https:\/\/ellebicalzature.it\/fr\/#organization"},"alternateName":"Elleb\u00ec | Calzature Gallipoli","potentialAction":[{"@type":"SearchAction","target":{"@type":"EntryPoint","urlTemplate":"https:\/\/ellebicalzature.it\/fr\/?s={search_term_string}"},"query-input":{"@type":"PropertyValueSpecification","valueRequired":true,"valueName":"search_term_string"}}],"inLanguage":"fr-FR"},{"@type":"Organization","@id":"https:\/\/ellebicalzature.it\/fr\/#organization","name":"Ellebi","url":"https:\/\/ellebicalzature.it\/fr\/","logo":{"@type":"ImageObject","inLanguage":"fr-FR","@id":"https:\/\/ellebicalzature.it\/fr\/#\/schema\/logo\/image\/","url":"https:\/\/ellebicalzature.it\/wp-content\/uploads\/2024\/04\/logo-ellebi.png","contentUrl":"https:\/\/ellebicalzature.it\/wp-content\/uploads\/2024\/04\/logo-ellebi.png","width":221,"height":131,"caption":"Ellebi"},"image":{"@id":"https:\/\/ellebicalzature.it\/fr\/#\/schema\/logo\/image\/"},"sameAs":["https:\/\/www.facebook.com\/ellebisandaliartigianaligallipoli\/","https:\/\/www.instagram.com\/ellebicalzature\/?hl=it"]}]}},"_links":{"self":[{"href":"https:\/\/ellebicalzature.it\/fr\/wp-json\/wp\/v2\/product\/63862","targetHints":{"allow":["GET"]}}],"collection":[{"href":"https:\/\/ellebicalzature.it\/fr\/wp-json\/wp\/v2\/product"}],"about":[{"href":"https:\/\/ellebicalzature.it\/fr\/wp-json\/wp\/v2\/types\/product"}],"replies":[{"embeddable":true,"href":"https:\/\/ellebicalzature.it\/fr\/wp-json\/wp\/v2\/comments?post=63862"}],"version-history":[{"count":1,"href":"https:\/\/ellebicalzature.it\/fr\/wp-json\/wp\/v2\/product\/63862\/revisions"}],"predecessor-version":[{"id":75066,"href":"https:\/\/ellebicalzature.it\/fr\/wp-json\/wp\/v2\/product\/63862\/revisions\/75066"}],"wp:featuredmedia":[{"embeddable":true,"href":"https:\/\/ellebicalzature.it\/fr\/wp-json\/wp\/v2\/media\/70849"}],"wp:attachment":[{"href":"https:\/\/ellebicalzature.it\/fr\/wp-json\/wp\/v2\/media?parent=63862"}],"wp:term":[{"taxonomy":"product_brand","embeddable":true,"href":"https:\/\/ellebicalzature.it\/fr\/wp-json\/wp\/v2\/product_brand?post=63862"},{"taxonomy":"product_cat","embeddable":true,"href":"https:\/\/ellebicalzature.it\/fr\/wp-json\/wp\/v2\/product_cat?post=63862"},{"taxonomy":"product_tag","embeddable":true,"href":"https:\/\/ellebicalzature.it\/fr\/wp-json\/wp\/v2\/product_tag?post=63862"}],"curies":[{"name":"wp","href":"https:\/\/api.w.org\/{rel}","templated":true}]}}