{"id":64347,"date":"2020-10-25T14:02:19","date_gmt":"2020-10-25T14:02:19","guid":{"rendered":"https:\/\/ellebicalzature.it\/product\/grand-sac-a-dos-artisanal-en-cuir-avec-doublure\/"},"modified":"2026-03-19T17:10:11","modified_gmt":"2026-03-19T16:10:11","slug":"grand-sac-a-dos-artisanal-en-cuir-avec-doublure","status":"publish","type":"product","link":"https:\/\/ellebicalzature.it\/fr\/product\/grand-sac-a-dos-artisanal-en-cuir-avec-doublure\/","title":{"rendered":"Grand sac \u00e0 dos artisanal en cuir avec doublure"},"content":{"rendered":"<p><strong>Grand sac \u00e0 dos artisanal<\/strong>, unisexe, en cuir avec doublure. \u00c9quip\u00e9 d&rsquo;un rabat de fermeture, de poches ext\u00e9rieures zipp\u00e9es, d&rsquo;une poche pour t\u00e9l\u00e9phone portable et d&rsquo;une poche int\u00e9rieure zipp\u00e9e <\/p>\n","protected":false},"excerpt":{"rendered":"<p><strong>Grand sac \u00e0 dos artisanal<\/strong>, unisexe, en cuir avec doublure. \u00c9quip\u00e9 d&rsquo;un rabat de fermeture, de poches ext\u00e9rieures zipp\u00e9es, d&rsquo;une poche pour t\u00e9l\u00e9phone portable et d&rsquo;une poche int\u00e9rieure zipp\u00e9e.<br \/>\nProduit fabriqu\u00e9 par des artisans italiens, avec des mat\u00e9riaux de premi\u00e8re qualit\u00e9. <\/p>\n<p><strong>Dimensions<\/strong> : 25 cm x 33 cm x 15 cm (largeur x hauteur x profondeur)<\/p>\n","protected":false},"featured_media":70877,"comment_status":"closed","ping_status":"closed","template":"","meta":{"_monsterinsights_skip_tracking":false,"_monsterinsights_sitenote_active":false,"_monsterinsights_sitenote_note":"","_monsterinsights_sitenote_category":0},"product_brand":[],"product_cat":[1244,1237],"product_tag":[],"class_list":{"0":"post-64347","1":"product","2":"type-product","3":"status-publish","4":"has-post-thumbnail","6":"product_cat-sacs-a-dos-artisanaux","7":"product_cat-sacs-et-sacs-a-dos-artisanaux","8":"pa_colore-bleu","9":"pa_colore-cuir","10":"pa_colore-marron","11":"pa_colore-noir","12":"pa_colore-rouge","13":"pa_colore-tete-de-maure","15":"first","16":"instock","17":"purchasable","18":"product-type-variable"},"yoast_head":"<!-- This site is optimized with the Yoast SEO plugin v27.3 - https:\/\/yoast.com\/product\/yoast-seo-wordpress\/ -->\n<title>Grand sac \u00e0 dos artisanal en cuir avec doublure<\/title>\n<meta name=\"description\" content=\"Grand sac \u00e0 dos unisexe en cuir avec doublure. \u00c9quip\u00e9 d&#039;un rabat de fermeture, de poches ext\u00e9rieures zipp\u00e9es, d&#039;une poche pour t\u00e9l\u00e9phone portable et d&#039;une poche int\u00e9rieure zipp\u00e9e.\" \/>\n<meta name=\"robots\" content=\"index, follow, max-snippet:-1, max-image-preview:large, max-video-preview:-1\" \/>\n<link rel=\"canonical\" href=\"https:\/\/ellebicalzature.it\/fr\/product\/grand-sac-a-dos-artisanal-en-cuir-avec-doublure\/\" \/>\n<meta property=\"og:locale\" content=\"fr_FR\" \/>\n<meta property=\"og:type\" content=\"article\" \/>\n<meta property=\"og:title\" content=\"Grand sac \u00e0 dos artisanal en cuir avec doublure\" \/>\n<meta property=\"og:description\" content=\"Grand sac \u00e0 dos unisexe en cuir avec doublure. \u00c9quip\u00e9 d&#039;un rabat de fermeture, de poches ext\u00e9rieures zipp\u00e9es, d&#039;une poche pour t\u00e9l\u00e9phone portable et d&#039;une poche int\u00e9rieure zipp\u00e9e.\" \/>\n<meta property=\"og:url\" content=\"https:\/\/ellebicalzature.it\/fr\/product\/grand-sac-a-dos-artisanal-en-cuir-avec-doublure\/\" \/>\n<meta property=\"og:site_name\" content=\"Ellebi\" \/>\n<meta property=\"article:publisher\" content=\"https:\/\/www.facebook.com\/ellebisandaliartigianaligallipoli\/\" \/>\n<meta property=\"article:modified_time\" content=\"2026-03-19T16:10:11+00:00\" \/>\n<meta property=\"og:image\" content=\"https:\/\/ellebicalzature.it\/wp-content\/uploads\/2025\/10\/immagine_1766937436.webp\" \/>\n\t<meta property=\"og:image:width\" content=\"1139\" \/>\n\t<meta property=\"og:image:height\" content=\"1343\" \/>\n\t<meta property=\"og:image:type\" content=\"image\/webp\" \/>\n<meta name=\"twitter:card\" content=\"summary_large_image\" \/>\n<script type=\"application\/ld+json\" class=\"yoast-schema-graph\">{\"@context\":\"https:\\\/\\\/schema.org\",\"@graph\":[{\"@type\":\"WebPage\",\"@id\":\"https:\\\/\\\/ellebicalzature.it\\\/fr\\\/product\\\/grand-sac-a-dos-artisanal-en-cuir-avec-doublure\\\/\",\"url\":\"https:\\\/\\\/ellebicalzature.it\\\/fr\\\/product\\\/grand-sac-a-dos-artisanal-en-cuir-avec-doublure\\\/\",\"name\":\"Grand sac \u00e0 dos artisanal en cuir avec doublure\",\"isPartOf\":{\"@id\":\"https:\\\/\\\/ellebicalzature.it\\\/fr\\\/#website\"},\"primaryImageOfPage\":{\"@id\":\"https:\\\/\\\/ellebicalzature.it\\\/fr\\\/product\\\/grand-sac-a-dos-artisanal-en-cuir-avec-doublure\\\/#primaryimage\"},\"image\":{\"@id\":\"https:\\\/\\\/ellebicalzature.it\\\/fr\\\/product\\\/grand-sac-a-dos-artisanal-en-cuir-avec-doublure\\\/#primaryimage\"},\"thumbnailUrl\":\"https:\\\/\\\/ellebicalzature.it\\\/wp-content\\\/uploads\\\/2025\\\/10\\\/immagine_1766937436.webp\",\"datePublished\":\"2020-10-25T14:02:19+00:00\",\"dateModified\":\"2026-03-19T16:10:11+00:00\",\"description\":\"Grand sac \u00e0 dos unisexe en cuir avec doublure. \u00c9quip\u00e9 d'un rabat de fermeture, de poches ext\u00e9rieures zipp\u00e9es, d'une poche pour t\u00e9l\u00e9phone portable et d'une poche int\u00e9rieure zipp\u00e9e.\",\"breadcrumb\":{\"@id\":\"https:\\\/\\\/ellebicalzature.it\\\/fr\\\/product\\\/grand-sac-a-dos-artisanal-en-cuir-avec-doublure\\\/#breadcrumb\"},\"inLanguage\":\"fr-FR\",\"potentialAction\":[{\"@type\":\"ReadAction\",\"target\":[\"https:\\\/\\\/ellebicalzature.it\\\/fr\\\/product\\\/grand-sac-a-dos-artisanal-en-cuir-avec-doublure\\\/\"]}]},{\"@type\":\"ImageObject\",\"inLanguage\":\"fr-FR\",\"@id\":\"https:\\\/\\\/ellebicalzature.it\\\/fr\\\/product\\\/grand-sac-a-dos-artisanal-en-cuir-avec-doublure\\\/#primaryimage\",\"url\":\"https:\\\/\\\/ellebicalzature.it\\\/wp-content\\\/uploads\\\/2025\\\/10\\\/immagine_1766937436.webp\",\"contentUrl\":\"https:\\\/\\\/ellebicalzature.it\\\/wp-content\\\/uploads\\\/2025\\\/10\\\/immagine_1766937436.webp\",\"width\":1139,\"height\":1343},{\"@type\":\"BreadcrumbList\",\"@id\":\"https:\\\/\\\/ellebicalzature.it\\\/fr\\\/product\\\/grand-sac-a-dos-artisanal-en-cuir-avec-doublure\\\/#breadcrumb\",\"itemListElement\":[{\"@type\":\"ListItem\",\"position\":1,\"name\":\"Home\",\"item\":\"https:\\\/\\\/ellebicalzature.it\\\/fr\\\/\"},{\"@type\":\"ListItem\",\"position\":2,\"name\":\"Boutique\",\"item\":\"https:\\\/\\\/ellebicalzature.it\\\/fr\\\/boutique\\\/\"},{\"@type\":\"ListItem\",\"position\":3,\"name\":\"Grand sac \u00e0 dos artisanal en cuir avec doublure\"}]},{\"@type\":\"WebSite\",\"@id\":\"https:\\\/\\\/ellebicalzature.it\\\/fr\\\/#website\",\"url\":\"https:\\\/\\\/ellebicalzature.it\\\/fr\\\/\",\"name\":\"Elleb\u00ec\",\"description\":\"Calzature e accessori Gallipoli\",\"publisher\":{\"@id\":\"https:\\\/\\\/ellebicalzature.it\\\/fr\\\/#organization\"},\"alternateName\":\"Elleb\u00ec | Calzature Gallipoli\",\"potentialAction\":[{\"@type\":\"SearchAction\",\"target\":{\"@type\":\"EntryPoint\",\"urlTemplate\":\"https:\\\/\\\/ellebicalzature.it\\\/fr\\\/?s={search_term_string}\"},\"query-input\":{\"@type\":\"PropertyValueSpecification\",\"valueRequired\":true,\"valueName\":\"search_term_string\"}}],\"inLanguage\":\"fr-FR\"},{\"@type\":\"Organization\",\"@id\":\"https:\\\/\\\/ellebicalzature.it\\\/fr\\\/#organization\",\"name\":\"Ellebi\",\"url\":\"https:\\\/\\\/ellebicalzature.it\\\/fr\\\/\",\"logo\":{\"@type\":\"ImageObject\",\"inLanguage\":\"fr-FR\",\"@id\":\"https:\\\/\\\/ellebicalzature.it\\\/fr\\\/#\\\/schema\\\/logo\\\/image\\\/\",\"url\":\"https:\\\/\\\/ellebicalzature.it\\\/wp-content\\\/uploads\\\/2024\\\/04\\\/logo-ellebi.png\",\"contentUrl\":\"https:\\\/\\\/ellebicalzature.it\\\/wp-content\\\/uploads\\\/2024\\\/04\\\/logo-ellebi.png\",\"width\":221,\"height\":131,\"caption\":\"Ellebi\"},\"image\":{\"@id\":\"https:\\\/\\\/ellebicalzature.it\\\/fr\\\/#\\\/schema\\\/logo\\\/image\\\/\"},\"sameAs\":[\"https:\\\/\\\/www.facebook.com\\\/ellebisandaliartigianaligallipoli\\\/\",\"https:\\\/\\\/www.instagram.com\\\/ellebicalzature\\\/?hl=it\"]}]}<\/script>\n<!-- \/ Yoast SEO plugin. -->","yoast_head_json":{"title":"Grand sac \u00e0 dos artisanal en cuir avec doublure","description":"Grand sac \u00e0 dos unisexe en cuir avec doublure. \u00c9quip\u00e9 d'un rabat de fermeture, de poches ext\u00e9rieures zipp\u00e9es, d'une poche pour t\u00e9l\u00e9phone portable et d'une poche int\u00e9rieure zipp\u00e9e.","robots":{"index":"index","follow":"follow","max-snippet":"max-snippet:-1","max-image-preview":"max-image-preview:large","max-video-preview":"max-video-preview:-1"},"canonical":"https:\/\/ellebicalzature.it\/fr\/product\/grand-sac-a-dos-artisanal-en-cuir-avec-doublure\/","og_locale":"fr_FR","og_type":"article","og_title":"Grand sac \u00e0 dos artisanal en cuir avec doublure","og_description":"Grand sac \u00e0 dos unisexe en cuir avec doublure. \u00c9quip\u00e9 d'un rabat de fermeture, de poches ext\u00e9rieures zipp\u00e9es, d'une poche pour t\u00e9l\u00e9phone portable et d'une poche int\u00e9rieure zipp\u00e9e.","og_url":"https:\/\/ellebicalzature.it\/fr\/product\/grand-sac-a-dos-artisanal-en-cuir-avec-doublure\/","og_site_name":"Ellebi","article_publisher":"https:\/\/www.facebook.com\/ellebisandaliartigianaligallipoli\/","article_modified_time":"2026-03-19T16:10:11+00:00","og_image":[{"width":1139,"height":1343,"url":"https:\/\/ellebicalzature.it\/wp-content\/uploads\/2025\/10\/immagine_1766937436.webp","type":"image\/webp"}],"twitter_card":"summary_large_image","schema":{"@context":"https:\/\/schema.org","@graph":[{"@type":"WebPage","@id":"https:\/\/ellebicalzature.it\/fr\/product\/grand-sac-a-dos-artisanal-en-cuir-avec-doublure\/","url":"https:\/\/ellebicalzature.it\/fr\/product\/grand-sac-a-dos-artisanal-en-cuir-avec-doublure\/","name":"Grand sac \u00e0 dos artisanal en cuir avec doublure","isPartOf":{"@id":"https:\/\/ellebicalzature.it\/fr\/#website"},"primaryImageOfPage":{"@id":"https:\/\/ellebicalzature.it\/fr\/product\/grand-sac-a-dos-artisanal-en-cuir-avec-doublure\/#primaryimage"},"image":{"@id":"https:\/\/ellebicalzature.it\/fr\/product\/grand-sac-a-dos-artisanal-en-cuir-avec-doublure\/#primaryimage"},"thumbnailUrl":"https:\/\/ellebicalzature.it\/wp-content\/uploads\/2025\/10\/immagine_1766937436.webp","datePublished":"2020-10-25T14:02:19+00:00","dateModified":"2026-03-19T16:10:11+00:00","description":"Grand sac \u00e0 dos unisexe en cuir avec doublure. \u00c9quip\u00e9 d'un rabat de fermeture, de poches ext\u00e9rieures zipp\u00e9es, d'une poche pour t\u00e9l\u00e9phone portable et d'une poche int\u00e9rieure zipp\u00e9e.","breadcrumb":{"@id":"https:\/\/ellebicalzature.it\/fr\/product\/grand-sac-a-dos-artisanal-en-cuir-avec-doublure\/#breadcrumb"},"inLanguage":"fr-FR","potentialAction":[{"@type":"ReadAction","target":["https:\/\/ellebicalzature.it\/fr\/product\/grand-sac-a-dos-artisanal-en-cuir-avec-doublure\/"]}]},{"@type":"ImageObject","inLanguage":"fr-FR","@id":"https:\/\/ellebicalzature.it\/fr\/product\/grand-sac-a-dos-artisanal-en-cuir-avec-doublure\/#primaryimage","url":"https:\/\/ellebicalzature.it\/wp-content\/uploads\/2025\/10\/immagine_1766937436.webp","contentUrl":"https:\/\/ellebicalzature.it\/wp-content\/uploads\/2025\/10\/immagine_1766937436.webp","width":1139,"height":1343},{"@type":"BreadcrumbList","@id":"https:\/\/ellebicalzature.it\/fr\/product\/grand-sac-a-dos-artisanal-en-cuir-avec-doublure\/#breadcrumb","itemListElement":[{"@type":"ListItem","position":1,"name":"Home","item":"https:\/\/ellebicalzature.it\/fr\/"},{"@type":"ListItem","position":2,"name":"Boutique","item":"https:\/\/ellebicalzature.it\/fr\/boutique\/"},{"@type":"ListItem","position":3,"name":"Grand sac \u00e0 dos artisanal en cuir avec doublure"}]},{"@type":"WebSite","@id":"https:\/\/ellebicalzature.it\/fr\/#website","url":"https:\/\/ellebicalzature.it\/fr\/","name":"Elleb\u00ec","description":"Calzature e accessori Gallipoli","publisher":{"@id":"https:\/\/ellebicalzature.it\/fr\/#organization"},"alternateName":"Elleb\u00ec | Calzature Gallipoli","potentialAction":[{"@type":"SearchAction","target":{"@type":"EntryPoint","urlTemplate":"https:\/\/ellebicalzature.it\/fr\/?s={search_term_string}"},"query-input":{"@type":"PropertyValueSpecification","valueRequired":true,"valueName":"search_term_string"}}],"inLanguage":"fr-FR"},{"@type":"Organization","@id":"https:\/\/ellebicalzature.it\/fr\/#organization","name":"Ellebi","url":"https:\/\/ellebicalzature.it\/fr\/","logo":{"@type":"ImageObject","inLanguage":"fr-FR","@id":"https:\/\/ellebicalzature.it\/fr\/#\/schema\/logo\/image\/","url":"https:\/\/ellebicalzature.it\/wp-content\/uploads\/2024\/04\/logo-ellebi.png","contentUrl":"https:\/\/ellebicalzature.it\/wp-content\/uploads\/2024\/04\/logo-ellebi.png","width":221,"height":131,"caption":"Ellebi"},"image":{"@id":"https:\/\/ellebicalzature.it\/fr\/#\/schema\/logo\/image\/"},"sameAs":["https:\/\/www.facebook.com\/ellebisandaliartigianaligallipoli\/","https:\/\/www.instagram.com\/ellebicalzature\/?hl=it"]}]}},"_links":{"self":[{"href":"https:\/\/ellebicalzature.it\/fr\/wp-json\/wp\/v2\/product\/64347","targetHints":{"allow":["GET"]}}],"collection":[{"href":"https:\/\/ellebicalzature.it\/fr\/wp-json\/wp\/v2\/product"}],"about":[{"href":"https:\/\/ellebicalzature.it\/fr\/wp-json\/wp\/v2\/types\/product"}],"replies":[{"embeddable":true,"href":"https:\/\/ellebicalzature.it\/fr\/wp-json\/wp\/v2\/comments?post=64347"}],"version-history":[{"count":1,"href":"https:\/\/ellebicalzature.it\/fr\/wp-json\/wp\/v2\/product\/64347\/revisions"}],"predecessor-version":[{"id":75175,"href":"https:\/\/ellebicalzature.it\/fr\/wp-json\/wp\/v2\/product\/64347\/revisions\/75175"}],"wp:featuredmedia":[{"embeddable":true,"href":"https:\/\/ellebicalzature.it\/fr\/wp-json\/wp\/v2\/media\/70877"}],"wp:attachment":[{"href":"https:\/\/ellebicalzature.it\/fr\/wp-json\/wp\/v2\/media?parent=64347"}],"wp:term":[{"taxonomy":"product_brand","embeddable":true,"href":"https:\/\/ellebicalzature.it\/fr\/wp-json\/wp\/v2\/product_brand?post=64347"},{"taxonomy":"product_cat","embeddable":true,"href":"https:\/\/ellebicalzature.it\/fr\/wp-json\/wp\/v2\/product_cat?post=64347"},{"taxonomy":"product_tag","embeddable":true,"href":"https:\/\/ellebicalzature.it\/fr\/wp-json\/wp\/v2\/product_tag?post=64347"}],"curies":[{"name":"wp","href":"https:\/\/api.w.org\/{rel}","templated":true}]}}