{"id":64438,"date":"2020-10-25T13:49:06","date_gmt":"2020-10-25T13:49:06","guid":{"rendered":"https:\/\/ellebicalzature.it\/product\/sac-a-dos-artisanal-en-cuir-de-forme-carree\/"},"modified":"2026-03-19T17:10:12","modified_gmt":"2026-03-19T16:10:12","slug":"sac-a-dos-artisanal-en-cuir-de-forme-carree","status":"publish","type":"product","link":"https:\/\/ellebicalzature.it\/fr\/product\/sac-a-dos-artisanal-en-cuir-de-forme-carree\/","title":{"rendered":"Sac \u00e0 dos artisanal en cuir de forme carr\u00e9e"},"content":{"rendered":"<p><strong>Sac \u00e0 dos artisanal<\/strong>, pour homme ou femme, en cuir avec ouverture et fermeture zip et doublure en polyester. Il pr\u00e9sente une fermeture zip, une poche frontale avec zip, une poche arri\u00e8re et une poche int\u00e9rieure avec zip. <\/p>\n","protected":false},"excerpt":{"rendered":"<p><strong>Sac \u00e0 dos artisanal<\/strong>, pour homme ou femme, en cuir avec ouverture et fermeture zip et doublure en polyester. Il pr\u00e9sente une fermeture zip, une poche frontale avec zip, une poche arri\u00e8re et une poche int\u00e9rieure avec zip.<br \/>\nR\u00e9alis\u00e9 avec de v\u00e9ritables cuirs de Toscane, par des artisans italiens qui utilisent des mat\u00e9riaux de premi\u00e8re qualit\u00e9. <\/p>\n<p><strong>Dimensions<\/strong> : 25 cm x 32 cm x 11 cm (base x hauteur x profondeur)<\/p>\n","protected":false},"featured_media":70888,"comment_status":"closed","ping_status":"closed","template":"","meta":{"_monsterinsights_skip_tracking":false,"_monsterinsights_sitenote_active":false,"_monsterinsights_sitenote_note":"","_monsterinsights_sitenote_category":0},"product_brand":[],"product_cat":[1244,1237],"product_tag":[2528],"class_list":{"0":"post-64438","1":"product","2":"type-product","3":"status-publish","4":"has-post-thumbnail","6":"product_cat-sacs-a-dos-artisanaux","7":"product_cat-sacs-et-sacs-a-dos-artisanaux","8":"product_tag-sac-a-dos-en-cuir-fermeture-zip","9":"pa_colore-bleu","10":"pa_colore-cuir","11":"pa_colore-marron","12":"pa_colore-noir","13":"pa_colore-rouge","14":"pa_colore-tete-de-maure","16":"first","17":"instock","18":"purchasable","19":"product-type-variable"},"yoast_head":"<!-- This site is optimized with the Yoast SEO plugin v27.3 - https:\/\/yoast.com\/product\/yoast-seo-wordpress\/ -->\n<title>Sac \u00e0 dos artisanal en cuir avec fermeture zip<\/title>\n<meta name=\"description\" content=\"Sac \u00e0 dos artisanal, pour homme ou femme, en cuir avec ouverture et fermeture zip et doublure en polyester. Il pr\u00e9sente une fermeture zip, une poche frontale avec zip.\" \/>\n<meta name=\"robots\" content=\"index, follow, max-snippet:-1, max-image-preview:large, max-video-preview:-1\" \/>\n<link rel=\"canonical\" href=\"https:\/\/ellebicalzature.it\/fr\/product\/sac-a-dos-artisanal-en-cuir-de-forme-carree\/\" \/>\n<meta property=\"og:locale\" content=\"fr_FR\" \/>\n<meta property=\"og:type\" content=\"article\" \/>\n<meta property=\"og:title\" content=\"Sac \u00e0 dos artisanal en cuir avec fermeture zip\" \/>\n<meta property=\"og:description\" content=\"Sac \u00e0 dos artisanal, pour homme ou femme, en cuir avec ouverture et fermeture zip et doublure en polyester. Il pr\u00e9sente une fermeture zip, une poche frontale avec zip.\" \/>\n<meta property=\"og:url\" content=\"https:\/\/ellebicalzature.it\/fr\/product\/sac-a-dos-artisanal-en-cuir-de-forme-carree\/\" \/>\n<meta property=\"og:site_name\" content=\"Ellebi\" \/>\n<meta property=\"article:publisher\" content=\"https:\/\/www.facebook.com\/ellebisandaliartigianaligallipoli\/\" \/>\n<meta property=\"article:modified_time\" content=\"2026-03-19T16:10:12+00:00\" \/>\n<meta property=\"og:image\" content=\"https:\/\/ellebicalzature.it\/wp-content\/uploads\/2020\/10\/immagine_1767531532.webp\" \/>\n\t<meta property=\"og:image:width\" content=\"1212\" \/>\n\t<meta property=\"og:image:height\" content=\"1309\" \/>\n\t<meta property=\"og:image:type\" content=\"image\/webp\" \/>\n<meta name=\"twitter:card\" content=\"summary_large_image\" \/>\n<script type=\"application\/ld+json\" class=\"yoast-schema-graph\">{\"@context\":\"https:\\\/\\\/schema.org\",\"@graph\":[{\"@type\":\"WebPage\",\"@id\":\"https:\\\/\\\/ellebicalzature.it\\\/fr\\\/product\\\/sac-a-dos-artisanal-en-cuir-de-forme-carree\\\/\",\"url\":\"https:\\\/\\\/ellebicalzature.it\\\/fr\\\/product\\\/sac-a-dos-artisanal-en-cuir-de-forme-carree\\\/\",\"name\":\"Sac \u00e0 dos artisanal en cuir avec fermeture zip\",\"isPartOf\":{\"@id\":\"https:\\\/\\\/ellebicalzature.it\\\/fr\\\/#website\"},\"primaryImageOfPage\":{\"@id\":\"https:\\\/\\\/ellebicalzature.it\\\/fr\\\/product\\\/sac-a-dos-artisanal-en-cuir-de-forme-carree\\\/#primaryimage\"},\"image\":{\"@id\":\"https:\\\/\\\/ellebicalzature.it\\\/fr\\\/product\\\/sac-a-dos-artisanal-en-cuir-de-forme-carree\\\/#primaryimage\"},\"thumbnailUrl\":\"https:\\\/\\\/ellebicalzature.it\\\/wp-content\\\/uploads\\\/2020\\\/10\\\/immagine_1767531532.webp\",\"datePublished\":\"2020-10-25T13:49:06+00:00\",\"dateModified\":\"2026-03-19T16:10:12+00:00\",\"description\":\"Sac \u00e0 dos artisanal, pour homme ou femme, en cuir avec ouverture et fermeture zip et doublure en polyester. Il pr\u00e9sente une fermeture zip, une poche frontale avec zip.\",\"breadcrumb\":{\"@id\":\"https:\\\/\\\/ellebicalzature.it\\\/fr\\\/product\\\/sac-a-dos-artisanal-en-cuir-de-forme-carree\\\/#breadcrumb\"},\"inLanguage\":\"fr-FR\",\"potentialAction\":[{\"@type\":\"ReadAction\",\"target\":[\"https:\\\/\\\/ellebicalzature.it\\\/fr\\\/product\\\/sac-a-dos-artisanal-en-cuir-de-forme-carree\\\/\"]}]},{\"@type\":\"ImageObject\",\"inLanguage\":\"fr-FR\",\"@id\":\"https:\\\/\\\/ellebicalzature.it\\\/fr\\\/product\\\/sac-a-dos-artisanal-en-cuir-de-forme-carree\\\/#primaryimage\",\"url\":\"https:\\\/\\\/ellebicalzature.it\\\/wp-content\\\/uploads\\\/2020\\\/10\\\/immagine_1767531532.webp\",\"contentUrl\":\"https:\\\/\\\/ellebicalzature.it\\\/wp-content\\\/uploads\\\/2020\\\/10\\\/immagine_1767531532.webp\",\"width\":1212,\"height\":1309},{\"@type\":\"BreadcrumbList\",\"@id\":\"https:\\\/\\\/ellebicalzature.it\\\/fr\\\/product\\\/sac-a-dos-artisanal-en-cuir-de-forme-carree\\\/#breadcrumb\",\"itemListElement\":[{\"@type\":\"ListItem\",\"position\":1,\"name\":\"Home\",\"item\":\"https:\\\/\\\/ellebicalzature.it\\\/fr\\\/\"},{\"@type\":\"ListItem\",\"position\":2,\"name\":\"Boutique\",\"item\":\"https:\\\/\\\/ellebicalzature.it\\\/fr\\\/boutique\\\/\"},{\"@type\":\"ListItem\",\"position\":3,\"name\":\"Sac \u00e0 dos artisanal en cuir de forme carr\u00e9e\"}]},{\"@type\":\"WebSite\",\"@id\":\"https:\\\/\\\/ellebicalzature.it\\\/fr\\\/#website\",\"url\":\"https:\\\/\\\/ellebicalzature.it\\\/fr\\\/\",\"name\":\"Elleb\u00ec\",\"description\":\"Calzature e accessori Gallipoli\",\"publisher\":{\"@id\":\"https:\\\/\\\/ellebicalzature.it\\\/fr\\\/#organization\"},\"alternateName\":\"Elleb\u00ec | Calzature Gallipoli\",\"potentialAction\":[{\"@type\":\"SearchAction\",\"target\":{\"@type\":\"EntryPoint\",\"urlTemplate\":\"https:\\\/\\\/ellebicalzature.it\\\/fr\\\/?s={search_term_string}\"},\"query-input\":{\"@type\":\"PropertyValueSpecification\",\"valueRequired\":true,\"valueName\":\"search_term_string\"}}],\"inLanguage\":\"fr-FR\"},{\"@type\":\"Organization\",\"@id\":\"https:\\\/\\\/ellebicalzature.it\\\/fr\\\/#organization\",\"name\":\"Ellebi\",\"url\":\"https:\\\/\\\/ellebicalzature.it\\\/fr\\\/\",\"logo\":{\"@type\":\"ImageObject\",\"inLanguage\":\"fr-FR\",\"@id\":\"https:\\\/\\\/ellebicalzature.it\\\/fr\\\/#\\\/schema\\\/logo\\\/image\\\/\",\"url\":\"https:\\\/\\\/ellebicalzature.it\\\/wp-content\\\/uploads\\\/2024\\\/04\\\/logo-ellebi.png\",\"contentUrl\":\"https:\\\/\\\/ellebicalzature.it\\\/wp-content\\\/uploads\\\/2024\\\/04\\\/logo-ellebi.png\",\"width\":221,\"height\":131,\"caption\":\"Ellebi\"},\"image\":{\"@id\":\"https:\\\/\\\/ellebicalzature.it\\\/fr\\\/#\\\/schema\\\/logo\\\/image\\\/\"},\"sameAs\":[\"https:\\\/\\\/www.facebook.com\\\/ellebisandaliartigianaligallipoli\\\/\",\"https:\\\/\\\/www.instagram.com\\\/ellebicalzature\\\/?hl=it\"]}]}<\/script>\n<!-- \/ Yoast SEO plugin. -->","yoast_head_json":{"title":"Sac \u00e0 dos artisanal en cuir avec fermeture zip","description":"Sac \u00e0 dos artisanal, pour homme ou femme, en cuir avec ouverture et fermeture zip et doublure en polyester. Il pr\u00e9sente une fermeture zip, une poche frontale avec zip.","robots":{"index":"index","follow":"follow","max-snippet":"max-snippet:-1","max-image-preview":"max-image-preview:large","max-video-preview":"max-video-preview:-1"},"canonical":"https:\/\/ellebicalzature.it\/fr\/product\/sac-a-dos-artisanal-en-cuir-de-forme-carree\/","og_locale":"fr_FR","og_type":"article","og_title":"Sac \u00e0 dos artisanal en cuir avec fermeture zip","og_description":"Sac \u00e0 dos artisanal, pour homme ou femme, en cuir avec ouverture et fermeture zip et doublure en polyester. Il pr\u00e9sente une fermeture zip, une poche frontale avec zip.","og_url":"https:\/\/ellebicalzature.it\/fr\/product\/sac-a-dos-artisanal-en-cuir-de-forme-carree\/","og_site_name":"Ellebi","article_publisher":"https:\/\/www.facebook.com\/ellebisandaliartigianaligallipoli\/","article_modified_time":"2026-03-19T16:10:12+00:00","og_image":[{"width":1212,"height":1309,"url":"https:\/\/ellebicalzature.it\/wp-content\/uploads\/2020\/10\/immagine_1767531532.webp","type":"image\/webp"}],"twitter_card":"summary_large_image","schema":{"@context":"https:\/\/schema.org","@graph":[{"@type":"WebPage","@id":"https:\/\/ellebicalzature.it\/fr\/product\/sac-a-dos-artisanal-en-cuir-de-forme-carree\/","url":"https:\/\/ellebicalzature.it\/fr\/product\/sac-a-dos-artisanal-en-cuir-de-forme-carree\/","name":"Sac \u00e0 dos artisanal en cuir avec fermeture zip","isPartOf":{"@id":"https:\/\/ellebicalzature.it\/fr\/#website"},"primaryImageOfPage":{"@id":"https:\/\/ellebicalzature.it\/fr\/product\/sac-a-dos-artisanal-en-cuir-de-forme-carree\/#primaryimage"},"image":{"@id":"https:\/\/ellebicalzature.it\/fr\/product\/sac-a-dos-artisanal-en-cuir-de-forme-carree\/#primaryimage"},"thumbnailUrl":"https:\/\/ellebicalzature.it\/wp-content\/uploads\/2020\/10\/immagine_1767531532.webp","datePublished":"2020-10-25T13:49:06+00:00","dateModified":"2026-03-19T16:10:12+00:00","description":"Sac \u00e0 dos artisanal, pour homme ou femme, en cuir avec ouverture et fermeture zip et doublure en polyester. Il pr\u00e9sente une fermeture zip, une poche frontale avec zip.","breadcrumb":{"@id":"https:\/\/ellebicalzature.it\/fr\/product\/sac-a-dos-artisanal-en-cuir-de-forme-carree\/#breadcrumb"},"inLanguage":"fr-FR","potentialAction":[{"@type":"ReadAction","target":["https:\/\/ellebicalzature.it\/fr\/product\/sac-a-dos-artisanal-en-cuir-de-forme-carree\/"]}]},{"@type":"ImageObject","inLanguage":"fr-FR","@id":"https:\/\/ellebicalzature.it\/fr\/product\/sac-a-dos-artisanal-en-cuir-de-forme-carree\/#primaryimage","url":"https:\/\/ellebicalzature.it\/wp-content\/uploads\/2020\/10\/immagine_1767531532.webp","contentUrl":"https:\/\/ellebicalzature.it\/wp-content\/uploads\/2020\/10\/immagine_1767531532.webp","width":1212,"height":1309},{"@type":"BreadcrumbList","@id":"https:\/\/ellebicalzature.it\/fr\/product\/sac-a-dos-artisanal-en-cuir-de-forme-carree\/#breadcrumb","itemListElement":[{"@type":"ListItem","position":1,"name":"Home","item":"https:\/\/ellebicalzature.it\/fr\/"},{"@type":"ListItem","position":2,"name":"Boutique","item":"https:\/\/ellebicalzature.it\/fr\/boutique\/"},{"@type":"ListItem","position":3,"name":"Sac \u00e0 dos artisanal en cuir de forme carr\u00e9e"}]},{"@type":"WebSite","@id":"https:\/\/ellebicalzature.it\/fr\/#website","url":"https:\/\/ellebicalzature.it\/fr\/","name":"Elleb\u00ec","description":"Calzature e accessori Gallipoli","publisher":{"@id":"https:\/\/ellebicalzature.it\/fr\/#organization"},"alternateName":"Elleb\u00ec | Calzature Gallipoli","potentialAction":[{"@type":"SearchAction","target":{"@type":"EntryPoint","urlTemplate":"https:\/\/ellebicalzature.it\/fr\/?s={search_term_string}"},"query-input":{"@type":"PropertyValueSpecification","valueRequired":true,"valueName":"search_term_string"}}],"inLanguage":"fr-FR"},{"@type":"Organization","@id":"https:\/\/ellebicalzature.it\/fr\/#organization","name":"Ellebi","url":"https:\/\/ellebicalzature.it\/fr\/","logo":{"@type":"ImageObject","inLanguage":"fr-FR","@id":"https:\/\/ellebicalzature.it\/fr\/#\/schema\/logo\/image\/","url":"https:\/\/ellebicalzature.it\/wp-content\/uploads\/2024\/04\/logo-ellebi.png","contentUrl":"https:\/\/ellebicalzature.it\/wp-content\/uploads\/2024\/04\/logo-ellebi.png","width":221,"height":131,"caption":"Ellebi"},"image":{"@id":"https:\/\/ellebicalzature.it\/fr\/#\/schema\/logo\/image\/"},"sameAs":["https:\/\/www.facebook.com\/ellebisandaliartigianaligallipoli\/","https:\/\/www.instagram.com\/ellebicalzature\/?hl=it"]}]}},"_links":{"self":[{"href":"https:\/\/ellebicalzature.it\/fr\/wp-json\/wp\/v2\/product\/64438","targetHints":{"allow":["GET"]}}],"collection":[{"href":"https:\/\/ellebicalzature.it\/fr\/wp-json\/wp\/v2\/product"}],"about":[{"href":"https:\/\/ellebicalzature.it\/fr\/wp-json\/wp\/v2\/types\/product"}],"replies":[{"embeddable":true,"href":"https:\/\/ellebicalzature.it\/fr\/wp-json\/wp\/v2\/comments?post=64438"}],"version-history":[{"count":1,"href":"https:\/\/ellebicalzature.it\/fr\/wp-json\/wp\/v2\/product\/64438\/revisions"}],"predecessor-version":[{"id":75176,"href":"https:\/\/ellebicalzature.it\/fr\/wp-json\/wp\/v2\/product\/64438\/revisions\/75176"}],"wp:featuredmedia":[{"embeddable":true,"href":"https:\/\/ellebicalzature.it\/fr\/wp-json\/wp\/v2\/media\/70888"}],"wp:attachment":[{"href":"https:\/\/ellebicalzature.it\/fr\/wp-json\/wp\/v2\/media?parent=64438"}],"wp:term":[{"taxonomy":"product_brand","embeddable":true,"href":"https:\/\/ellebicalzature.it\/fr\/wp-json\/wp\/v2\/product_brand?post=64438"},{"taxonomy":"product_cat","embeddable":true,"href":"https:\/\/ellebicalzature.it\/fr\/wp-json\/wp\/v2\/product_cat?post=64438"},{"taxonomy":"product_tag","embeddable":true,"href":"https:\/\/ellebicalzature.it\/fr\/wp-json\/wp\/v2\/product_tag?post=64438"}],"curies":[{"name":"wp","href":"https:\/\/api.w.org\/{rel}","templated":true}]}}