{"id":64518,"date":"2020-10-25T13:20:44","date_gmt":"2020-10-25T13:20:44","guid":{"rendered":"https:\/\/ellebicalzature.it\/product\/sac-bandouliere-artisanal-en-cuir-de-veau\/"},"modified":"2026-03-19T17:10:06","modified_gmt":"2026-03-19T16:10:06","slug":"sac-bandouliere-artisanal-en-cuir-de-veau","status":"publish","type":"product","link":"https:\/\/ellebicalzature.it\/fr\/product\/sac-bandouliere-artisanal-en-cuir-de-veau\/","title":{"rendered":"Sac bandouli\u00e8re artisanal en cuir de veau"},"content":{"rendered":"<p><strong>Sac bandouli\u00e8re artisanal<\/strong> pour homme, en v\u00e9ritable cuir de veau teint\u00e9 et color\u00e9 \u00e0 la main. Dispose de 2 compartiments, fermeture \u00e0 rabat, poche int\u00e9rieure zipp\u00e9e, poches pour cartes et cartes de visite et bandouli\u00e8re r\u00e9glable.<br \/>\nProduit fabriqu\u00e9 par des artisans italiens utilisant de v\u00e9ritables cuirs de Toscane. <\/p>\n<p>&nbsp;<\/p>\n","protected":false},"excerpt":{"rendered":"<p><strong>Sac bandouli\u00e8re artisanal<\/strong> pour homme, en v\u00e9ritable cuir de veau teint\u00e9 et color\u00e9 \u00e0 la main. Dispose de 2 compartiments, fermeture \u00e0 rabat. <\/p>\n<p><strong>Dimensions<\/strong> : 22,5 cm x 24 cm x 8 cm (largeur x hauteur x profondeur)<\/p>\n","protected":false},"featured_media":70891,"comment_status":"closed","ping_status":"closed","template":"","meta":{"_monsterinsights_skip_tracking":false,"_monsterinsights_sitenote_active":false,"_monsterinsights_sitenote_note":"","_monsterinsights_sitenote_category":0},"product_brand":[],"product_cat":[1232,1225],"product_tag":[2533],"class_list":{"0":"post-64518","1":"product","2":"type-product","3":"status-publish","4":"has-post-thumbnail","6":"product_cat-accessoires-artisanaux-vetements","7":"product_cat-bananes-et-pochettes-artisanales","8":"product_tag-bandouliere-moyenne-en-veritable-cuir-de-veau","9":"pa_colore-cuir","10":"pa_colore-marron","11":"pa_colore-noir","12":"pa_colore-rouge","13":"pa_colore-tete-de-maure","15":"first","16":"instock","17":"purchasable","18":"product-type-variable"},"yoast_head":"<!-- This site is optimized with the Yoast SEO plugin v27.3 - https:\/\/yoast.com\/product\/yoast-seo-wordpress\/ -->\n<title>Sac bandouli\u00e8re artisanal en cuir de veau<\/title>\n<meta name=\"description\" content=\"Sac bandouli\u00e8re artisanal pour homme, en v\u00e9ritable cuir de veau teint\u00e9 et color\u00e9 \u00e0 la main. Dispose de 2 compartiments, fermeture \u00e0 rabat.\" \/>\n<meta name=\"robots\" content=\"index, follow, max-snippet:-1, max-image-preview:large, max-video-preview:-1\" \/>\n<link rel=\"canonical\" href=\"https:\/\/ellebicalzature.it\/fr\/product\/sac-bandouliere-artisanal-en-cuir-de-veau\/\" \/>\n<meta property=\"og:locale\" content=\"fr_FR\" \/>\n<meta property=\"og:type\" content=\"article\" \/>\n<meta property=\"og:title\" content=\"Sac bandouli\u00e8re artisanal en cuir de veau\" \/>\n<meta property=\"og:description\" content=\"Sac bandouli\u00e8re artisanal pour homme, en v\u00e9ritable cuir de veau teint\u00e9 et color\u00e9 \u00e0 la main. Dispose de 2 compartiments, fermeture \u00e0 rabat.\" \/>\n<meta property=\"og:url\" content=\"https:\/\/ellebicalzature.it\/fr\/product\/sac-bandouliere-artisanal-en-cuir-de-veau\/\" \/>\n<meta property=\"og:site_name\" content=\"Ellebi\" \/>\n<meta property=\"article:publisher\" content=\"https:\/\/www.facebook.com\/ellebisandaliartigianaligallipoli\/\" \/>\n<meta property=\"article:modified_time\" content=\"2026-03-19T16:10:06+00:00\" \/>\n<meta property=\"og:image\" content=\"https:\/\/ellebicalzature.it\/wp-content\/uploads\/2020\/10\/immagine_1767531876-1.webp\" \/>\n\t<meta property=\"og:image:width\" content=\"1290\" \/>\n\t<meta property=\"og:image:height\" content=\"1368\" \/>\n\t<meta property=\"og:image:type\" content=\"image\/webp\" \/>\n<meta name=\"twitter:card\" content=\"summary_large_image\" \/>\n<script type=\"application\/ld+json\" class=\"yoast-schema-graph\">{\"@context\":\"https:\\\/\\\/schema.org\",\"@graph\":[{\"@type\":\"WebPage\",\"@id\":\"https:\\\/\\\/ellebicalzature.it\\\/fr\\\/product\\\/sac-bandouliere-artisanal-en-cuir-de-veau\\\/\",\"url\":\"https:\\\/\\\/ellebicalzature.it\\\/fr\\\/product\\\/sac-bandouliere-artisanal-en-cuir-de-veau\\\/\",\"name\":\"Sac bandouli\u00e8re artisanal en cuir de veau\",\"isPartOf\":{\"@id\":\"https:\\\/\\\/ellebicalzature.it\\\/fr\\\/#website\"},\"primaryImageOfPage\":{\"@id\":\"https:\\\/\\\/ellebicalzature.it\\\/fr\\\/product\\\/sac-bandouliere-artisanal-en-cuir-de-veau\\\/#primaryimage\"},\"image\":{\"@id\":\"https:\\\/\\\/ellebicalzature.it\\\/fr\\\/product\\\/sac-bandouliere-artisanal-en-cuir-de-veau\\\/#primaryimage\"},\"thumbnailUrl\":\"https:\\\/\\\/ellebicalzature.it\\\/wp-content\\\/uploads\\\/2020\\\/10\\\/immagine_1767531876-1.webp\",\"datePublished\":\"2020-10-25T13:20:44+00:00\",\"dateModified\":\"2026-03-19T16:10:06+00:00\",\"description\":\"Sac bandouli\u00e8re artisanal pour homme, en v\u00e9ritable cuir de veau teint\u00e9 et color\u00e9 \u00e0 la main. Dispose de 2 compartiments, fermeture \u00e0 rabat.\",\"breadcrumb\":{\"@id\":\"https:\\\/\\\/ellebicalzature.it\\\/fr\\\/product\\\/sac-bandouliere-artisanal-en-cuir-de-veau\\\/#breadcrumb\"},\"inLanguage\":\"fr-FR\",\"potentialAction\":[{\"@type\":\"ReadAction\",\"target\":[\"https:\\\/\\\/ellebicalzature.it\\\/fr\\\/product\\\/sac-bandouliere-artisanal-en-cuir-de-veau\\\/\"]}]},{\"@type\":\"ImageObject\",\"inLanguage\":\"fr-FR\",\"@id\":\"https:\\\/\\\/ellebicalzature.it\\\/fr\\\/product\\\/sac-bandouliere-artisanal-en-cuir-de-veau\\\/#primaryimage\",\"url\":\"https:\\\/\\\/ellebicalzature.it\\\/wp-content\\\/uploads\\\/2020\\\/10\\\/immagine_1767531876-1.webp\",\"contentUrl\":\"https:\\\/\\\/ellebicalzature.it\\\/wp-content\\\/uploads\\\/2020\\\/10\\\/immagine_1767531876-1.webp\",\"width\":1290,\"height\":1368},{\"@type\":\"BreadcrumbList\",\"@id\":\"https:\\\/\\\/ellebicalzature.it\\\/fr\\\/product\\\/sac-bandouliere-artisanal-en-cuir-de-veau\\\/#breadcrumb\",\"itemListElement\":[{\"@type\":\"ListItem\",\"position\":1,\"name\":\"Home\",\"item\":\"https:\\\/\\\/ellebicalzature.it\\\/fr\\\/\"},{\"@type\":\"ListItem\",\"position\":2,\"name\":\"Boutique\",\"item\":\"https:\\\/\\\/ellebicalzature.it\\\/fr\\\/boutique\\\/\"},{\"@type\":\"ListItem\",\"position\":3,\"name\":\"Sac bandouli\u00e8re artisanal en cuir de veau\"}]},{\"@type\":\"WebSite\",\"@id\":\"https:\\\/\\\/ellebicalzature.it\\\/fr\\\/#website\",\"url\":\"https:\\\/\\\/ellebicalzature.it\\\/fr\\\/\",\"name\":\"Elleb\u00ec\",\"description\":\"Calzature e accessori Gallipoli\",\"publisher\":{\"@id\":\"https:\\\/\\\/ellebicalzature.it\\\/fr\\\/#organization\"},\"alternateName\":\"Elleb\u00ec | Calzature Gallipoli\",\"potentialAction\":[{\"@type\":\"SearchAction\",\"target\":{\"@type\":\"EntryPoint\",\"urlTemplate\":\"https:\\\/\\\/ellebicalzature.it\\\/fr\\\/?s={search_term_string}\"},\"query-input\":{\"@type\":\"PropertyValueSpecification\",\"valueRequired\":true,\"valueName\":\"search_term_string\"}}],\"inLanguage\":\"fr-FR\"},{\"@type\":\"Organization\",\"@id\":\"https:\\\/\\\/ellebicalzature.it\\\/fr\\\/#organization\",\"name\":\"Ellebi\",\"url\":\"https:\\\/\\\/ellebicalzature.it\\\/fr\\\/\",\"logo\":{\"@type\":\"ImageObject\",\"inLanguage\":\"fr-FR\",\"@id\":\"https:\\\/\\\/ellebicalzature.it\\\/fr\\\/#\\\/schema\\\/logo\\\/image\\\/\",\"url\":\"https:\\\/\\\/ellebicalzature.it\\\/wp-content\\\/uploads\\\/2024\\\/04\\\/logo-ellebi.png\",\"contentUrl\":\"https:\\\/\\\/ellebicalzature.it\\\/wp-content\\\/uploads\\\/2024\\\/04\\\/logo-ellebi.png\",\"width\":221,\"height\":131,\"caption\":\"Ellebi\"},\"image\":{\"@id\":\"https:\\\/\\\/ellebicalzature.it\\\/fr\\\/#\\\/schema\\\/logo\\\/image\\\/\"},\"sameAs\":[\"https:\\\/\\\/www.facebook.com\\\/ellebisandaliartigianaligallipoli\\\/\",\"https:\\\/\\\/www.instagram.com\\\/ellebicalzature\\\/?hl=it\"]}]}<\/script>\n<!-- \/ Yoast SEO plugin. -->","yoast_head_json":{"title":"Sac bandouli\u00e8re artisanal en cuir de veau","description":"Sac bandouli\u00e8re artisanal pour homme, en v\u00e9ritable cuir de veau teint\u00e9 et color\u00e9 \u00e0 la main. Dispose de 2 compartiments, fermeture \u00e0 rabat.","robots":{"index":"index","follow":"follow","max-snippet":"max-snippet:-1","max-image-preview":"max-image-preview:large","max-video-preview":"max-video-preview:-1"},"canonical":"https:\/\/ellebicalzature.it\/fr\/product\/sac-bandouliere-artisanal-en-cuir-de-veau\/","og_locale":"fr_FR","og_type":"article","og_title":"Sac bandouli\u00e8re artisanal en cuir de veau","og_description":"Sac bandouli\u00e8re artisanal pour homme, en v\u00e9ritable cuir de veau teint\u00e9 et color\u00e9 \u00e0 la main. Dispose de 2 compartiments, fermeture \u00e0 rabat.","og_url":"https:\/\/ellebicalzature.it\/fr\/product\/sac-bandouliere-artisanal-en-cuir-de-veau\/","og_site_name":"Ellebi","article_publisher":"https:\/\/www.facebook.com\/ellebisandaliartigianaligallipoli\/","article_modified_time":"2026-03-19T16:10:06+00:00","og_image":[{"width":1290,"height":1368,"url":"https:\/\/ellebicalzature.it\/wp-content\/uploads\/2020\/10\/immagine_1767531876-1.webp","type":"image\/webp"}],"twitter_card":"summary_large_image","schema":{"@context":"https:\/\/schema.org","@graph":[{"@type":"WebPage","@id":"https:\/\/ellebicalzature.it\/fr\/product\/sac-bandouliere-artisanal-en-cuir-de-veau\/","url":"https:\/\/ellebicalzature.it\/fr\/product\/sac-bandouliere-artisanal-en-cuir-de-veau\/","name":"Sac bandouli\u00e8re artisanal en cuir de veau","isPartOf":{"@id":"https:\/\/ellebicalzature.it\/fr\/#website"},"primaryImageOfPage":{"@id":"https:\/\/ellebicalzature.it\/fr\/product\/sac-bandouliere-artisanal-en-cuir-de-veau\/#primaryimage"},"image":{"@id":"https:\/\/ellebicalzature.it\/fr\/product\/sac-bandouliere-artisanal-en-cuir-de-veau\/#primaryimage"},"thumbnailUrl":"https:\/\/ellebicalzature.it\/wp-content\/uploads\/2020\/10\/immagine_1767531876-1.webp","datePublished":"2020-10-25T13:20:44+00:00","dateModified":"2026-03-19T16:10:06+00:00","description":"Sac bandouli\u00e8re artisanal pour homme, en v\u00e9ritable cuir de veau teint\u00e9 et color\u00e9 \u00e0 la main. Dispose de 2 compartiments, fermeture \u00e0 rabat.","breadcrumb":{"@id":"https:\/\/ellebicalzature.it\/fr\/product\/sac-bandouliere-artisanal-en-cuir-de-veau\/#breadcrumb"},"inLanguage":"fr-FR","potentialAction":[{"@type":"ReadAction","target":["https:\/\/ellebicalzature.it\/fr\/product\/sac-bandouliere-artisanal-en-cuir-de-veau\/"]}]},{"@type":"ImageObject","inLanguage":"fr-FR","@id":"https:\/\/ellebicalzature.it\/fr\/product\/sac-bandouliere-artisanal-en-cuir-de-veau\/#primaryimage","url":"https:\/\/ellebicalzature.it\/wp-content\/uploads\/2020\/10\/immagine_1767531876-1.webp","contentUrl":"https:\/\/ellebicalzature.it\/wp-content\/uploads\/2020\/10\/immagine_1767531876-1.webp","width":1290,"height":1368},{"@type":"BreadcrumbList","@id":"https:\/\/ellebicalzature.it\/fr\/product\/sac-bandouliere-artisanal-en-cuir-de-veau\/#breadcrumb","itemListElement":[{"@type":"ListItem","position":1,"name":"Home","item":"https:\/\/ellebicalzature.it\/fr\/"},{"@type":"ListItem","position":2,"name":"Boutique","item":"https:\/\/ellebicalzature.it\/fr\/boutique\/"},{"@type":"ListItem","position":3,"name":"Sac bandouli\u00e8re artisanal en cuir de veau"}]},{"@type":"WebSite","@id":"https:\/\/ellebicalzature.it\/fr\/#website","url":"https:\/\/ellebicalzature.it\/fr\/","name":"Elleb\u00ec","description":"Calzature e accessori Gallipoli","publisher":{"@id":"https:\/\/ellebicalzature.it\/fr\/#organization"},"alternateName":"Elleb\u00ec | Calzature Gallipoli","potentialAction":[{"@type":"SearchAction","target":{"@type":"EntryPoint","urlTemplate":"https:\/\/ellebicalzature.it\/fr\/?s={search_term_string}"},"query-input":{"@type":"PropertyValueSpecification","valueRequired":true,"valueName":"search_term_string"}}],"inLanguage":"fr-FR"},{"@type":"Organization","@id":"https:\/\/ellebicalzature.it\/fr\/#organization","name":"Ellebi","url":"https:\/\/ellebicalzature.it\/fr\/","logo":{"@type":"ImageObject","inLanguage":"fr-FR","@id":"https:\/\/ellebicalzature.it\/fr\/#\/schema\/logo\/image\/","url":"https:\/\/ellebicalzature.it\/wp-content\/uploads\/2024\/04\/logo-ellebi.png","contentUrl":"https:\/\/ellebicalzature.it\/wp-content\/uploads\/2024\/04\/logo-ellebi.png","width":221,"height":131,"caption":"Ellebi"},"image":{"@id":"https:\/\/ellebicalzature.it\/fr\/#\/schema\/logo\/image\/"},"sameAs":["https:\/\/www.facebook.com\/ellebisandaliartigianaligallipoli\/","https:\/\/www.instagram.com\/ellebicalzature\/?hl=it"]}]}},"_links":{"self":[{"href":"https:\/\/ellebicalzature.it\/fr\/wp-json\/wp\/v2\/product\/64518","targetHints":{"allow":["GET"]}}],"collection":[{"href":"https:\/\/ellebicalzature.it\/fr\/wp-json\/wp\/v2\/product"}],"about":[{"href":"https:\/\/ellebicalzature.it\/fr\/wp-json\/wp\/v2\/types\/product"}],"replies":[{"embeddable":true,"href":"https:\/\/ellebicalzature.it\/fr\/wp-json\/wp\/v2\/comments?post=64518"}],"version-history":[{"count":1,"href":"https:\/\/ellebicalzature.it\/fr\/wp-json\/wp\/v2\/product\/64518\/revisions"}],"predecessor-version":[{"id":75165,"href":"https:\/\/ellebicalzature.it\/fr\/wp-json\/wp\/v2\/product\/64518\/revisions\/75165"}],"wp:featuredmedia":[{"embeddable":true,"href":"https:\/\/ellebicalzature.it\/fr\/wp-json\/wp\/v2\/media\/70891"}],"wp:attachment":[{"href":"https:\/\/ellebicalzature.it\/fr\/wp-json\/wp\/v2\/media?parent=64518"}],"wp:term":[{"taxonomy":"product_brand","embeddable":true,"href":"https:\/\/ellebicalzature.it\/fr\/wp-json\/wp\/v2\/product_brand?post=64518"},{"taxonomy":"product_cat","embeddable":true,"href":"https:\/\/ellebicalzature.it\/fr\/wp-json\/wp\/v2\/product_cat?post=64518"},{"taxonomy":"product_tag","embeddable":true,"href":"https:\/\/ellebicalzature.it\/fr\/wp-json\/wp\/v2\/product_tag?post=64518"}],"curies":[{"name":"wp","href":"https:\/\/api.w.org\/{rel}","templated":true}]}}