{"id":64597,"date":"2020-10-25T13:13:21","date_gmt":"2020-10-25T13:13:21","guid":{"rendered":"https:\/\/ellebicalzature.it\/product\/sac-postier-artisanal-en-cuir-avec-bandouliere\/"},"modified":"2026-03-19T17:10:07","modified_gmt":"2026-03-19T16:10:07","slug":"sac-postier-artisanal-en-cuir-avec-bandouliere","status":"publish","type":"product","link":"https:\/\/ellebicalzature.it\/fr\/product\/sac-postier-artisanal-en-cuir-avec-bandouliere\/","title":{"rendered":"Sac postier artisanal en cuir avec bandouli\u00e8re"},"content":{"rendered":"<p><strong>Sac Postina<\/strong> artisanal pour femme, en cuir de vachette, avec fermeture \u00e0 rabat magn\u00e9tique et bandouli\u00e8re en cuir r\u00e9glable. Pr\u00e9sente une poche zipp\u00e9e \u00e0 l\u2019arri\u00e8re, 2 compartiments, poches int\u00e9rieures, porte-stylos, poches porte-cartes et porte-t\u00e9l\u00e9phone.<br \/>\nProduit r\u00e9alis\u00e9 avec de v\u00e9ritables cuirs de Toscane, par des artisans italiens utilisant des mat\u00e9riaux de premi\u00e8re qualit\u00e9.<\/p>\n<p>&nbsp;<\/p>\n","protected":false},"excerpt":{"rendered":"<p><strong>Sac Postina<\/strong> artisanal pour femme, en cuir de vachette, avec fermeture \u00e0 rabat magn\u00e9tique et bandouli\u00e8re en cuir r\u00e9glable. Pr\u00e9sente une poche zipp\u00e9e \u00e0 larri\u00e8re, 2 compartiments, poches int\u00e9rieures, porte-stylos, poches porte-cartes et porte-t\u00e9l\u00e9phone.<\/p>\n<p><strong>Dimensions<\/strong> : 25 cm x 18 cm x 10 cm (base x hauteur x profondeur)<\/p>\n","protected":false},"featured_media":70911,"comment_status":"closed","ping_status":"closed","template":"","meta":{"_monsterinsights_skip_tracking":false,"_monsterinsights_sitenote_active":false,"_monsterinsights_sitenote_note":"","_monsterinsights_sitenote_category":0},"product_brand":[],"product_cat":[1222,1237],"product_tag":[2537],"class_list":{"0":"post-64597","1":"product","2":"type-product","3":"status-publish","4":"has-post-thumbnail","6":"product_cat-sacs-en-cuir-lisse","7":"product_cat-sacs-et-sacs-a-dos-artisanaux","8":"product_tag-grande-bandouliere-en-cuir","9":"pa_colore-bleu","10":"pa_colore-cuir","11":"pa_colore-jaune","12":"pa_colore-marron","13":"pa_colore-noir","14":"pa_colore-rouge","15":"pa_colore-tete-de-maure","16":"pa_colore-vert","18":"first","19":"instock","20":"purchasable","21":"product-type-variable"},"yoast_head":"<!-- This site is optimized with the Yoast SEO plugin v27.3 - https:\/\/yoast.com\/product\/yoast-seo-wordpress\/ -->\n<title>Sac postier artisanal en cuir avec bandouli\u00e8re<\/title>\n<meta name=\"description\" content=\"Sac Postier artisanal pour femme, en cuir de vachette, avec fermeture \u00e0 rabat par aimant et bandouli\u00e8re en cuir r\u00e9glable.\" \/>\n<meta name=\"robots\" content=\"index, follow, max-snippet:-1, max-image-preview:large, max-video-preview:-1\" \/>\n<link rel=\"canonical\" href=\"https:\/\/ellebicalzature.it\/fr\/product\/sac-postier-artisanal-en-cuir-avec-bandouliere\/\" \/>\n<meta property=\"og:locale\" content=\"fr_FR\" \/>\n<meta property=\"og:type\" content=\"article\" \/>\n<meta property=\"og:title\" content=\"Sac postier artisanal en cuir avec bandouli\u00e8re\" \/>\n<meta property=\"og:description\" content=\"Sac Postier artisanal pour femme, en cuir de vachette, avec fermeture \u00e0 rabat par aimant et bandouli\u00e8re en cuir r\u00e9glable.\" \/>\n<meta property=\"og:url\" content=\"https:\/\/ellebicalzature.it\/fr\/product\/sac-postier-artisanal-en-cuir-avec-bandouliere\/\" \/>\n<meta property=\"og:site_name\" content=\"Ellebi\" \/>\n<meta property=\"article:publisher\" content=\"https:\/\/www.facebook.com\/ellebisandaliartigianaligallipoli\/\" \/>\n<meta property=\"article:modified_time\" content=\"2026-03-19T16:10:07+00:00\" \/>\n<meta property=\"og:image\" content=\"https:\/\/ellebicalzature.it\/wp-content\/uploads\/2020\/10\/immagine_1767532185.webp\" \/>\n\t<meta property=\"og:image:width\" content=\"1128\" \/>\n\t<meta property=\"og:image:height\" content=\"1176\" \/>\n\t<meta property=\"og:image:type\" content=\"image\/webp\" \/>\n<meta name=\"twitter:card\" content=\"summary_large_image\" \/>\n<script type=\"application\/ld+json\" class=\"yoast-schema-graph\">{\"@context\":\"https:\\\/\\\/schema.org\",\"@graph\":[{\"@type\":\"WebPage\",\"@id\":\"https:\\\/\\\/ellebicalzature.it\\\/fr\\\/product\\\/sac-postier-artisanal-en-cuir-avec-bandouliere\\\/\",\"url\":\"https:\\\/\\\/ellebicalzature.it\\\/fr\\\/product\\\/sac-postier-artisanal-en-cuir-avec-bandouliere\\\/\",\"name\":\"Sac postier artisanal en cuir avec bandouli\u00e8re\",\"isPartOf\":{\"@id\":\"https:\\\/\\\/ellebicalzature.it\\\/fr\\\/#website\"},\"primaryImageOfPage\":{\"@id\":\"https:\\\/\\\/ellebicalzature.it\\\/fr\\\/product\\\/sac-postier-artisanal-en-cuir-avec-bandouliere\\\/#primaryimage\"},\"image\":{\"@id\":\"https:\\\/\\\/ellebicalzature.it\\\/fr\\\/product\\\/sac-postier-artisanal-en-cuir-avec-bandouliere\\\/#primaryimage\"},\"thumbnailUrl\":\"https:\\\/\\\/ellebicalzature.it\\\/wp-content\\\/uploads\\\/2020\\\/10\\\/immagine_1767532185.webp\",\"datePublished\":\"2020-10-25T13:13:21+00:00\",\"dateModified\":\"2026-03-19T16:10:07+00:00\",\"description\":\"Sac Postier artisanal pour femme, en cuir de vachette, avec fermeture \u00e0 rabat par aimant et bandouli\u00e8re en cuir r\u00e9glable.\",\"breadcrumb\":{\"@id\":\"https:\\\/\\\/ellebicalzature.it\\\/fr\\\/product\\\/sac-postier-artisanal-en-cuir-avec-bandouliere\\\/#breadcrumb\"},\"inLanguage\":\"fr-FR\",\"potentialAction\":[{\"@type\":\"ReadAction\",\"target\":[\"https:\\\/\\\/ellebicalzature.it\\\/fr\\\/product\\\/sac-postier-artisanal-en-cuir-avec-bandouliere\\\/\"]}]},{\"@type\":\"ImageObject\",\"inLanguage\":\"fr-FR\",\"@id\":\"https:\\\/\\\/ellebicalzature.it\\\/fr\\\/product\\\/sac-postier-artisanal-en-cuir-avec-bandouliere\\\/#primaryimage\",\"url\":\"https:\\\/\\\/ellebicalzature.it\\\/wp-content\\\/uploads\\\/2020\\\/10\\\/immagine_1767532185.webp\",\"contentUrl\":\"https:\\\/\\\/ellebicalzature.it\\\/wp-content\\\/uploads\\\/2020\\\/10\\\/immagine_1767532185.webp\",\"width\":1128,\"height\":1176},{\"@type\":\"BreadcrumbList\",\"@id\":\"https:\\\/\\\/ellebicalzature.it\\\/fr\\\/product\\\/sac-postier-artisanal-en-cuir-avec-bandouliere\\\/#breadcrumb\",\"itemListElement\":[{\"@type\":\"ListItem\",\"position\":1,\"name\":\"Home\",\"item\":\"https:\\\/\\\/ellebicalzature.it\\\/fr\\\/\"},{\"@type\":\"ListItem\",\"position\":2,\"name\":\"Boutique\",\"item\":\"https:\\\/\\\/ellebicalzature.it\\\/fr\\\/boutique\\\/\"},{\"@type\":\"ListItem\",\"position\":3,\"name\":\"Sac postier artisanal en cuir avec bandouli\u00e8re\"}]},{\"@type\":\"WebSite\",\"@id\":\"https:\\\/\\\/ellebicalzature.it\\\/fr\\\/#website\",\"url\":\"https:\\\/\\\/ellebicalzature.it\\\/fr\\\/\",\"name\":\"Elleb\u00ec\",\"description\":\"Calzature e accessori Gallipoli\",\"publisher\":{\"@id\":\"https:\\\/\\\/ellebicalzature.it\\\/fr\\\/#organization\"},\"alternateName\":\"Elleb\u00ec | Calzature Gallipoli\",\"potentialAction\":[{\"@type\":\"SearchAction\",\"target\":{\"@type\":\"EntryPoint\",\"urlTemplate\":\"https:\\\/\\\/ellebicalzature.it\\\/fr\\\/?s={search_term_string}\"},\"query-input\":{\"@type\":\"PropertyValueSpecification\",\"valueRequired\":true,\"valueName\":\"search_term_string\"}}],\"inLanguage\":\"fr-FR\"},{\"@type\":\"Organization\",\"@id\":\"https:\\\/\\\/ellebicalzature.it\\\/fr\\\/#organization\",\"name\":\"Ellebi\",\"url\":\"https:\\\/\\\/ellebicalzature.it\\\/fr\\\/\",\"logo\":{\"@type\":\"ImageObject\",\"inLanguage\":\"fr-FR\",\"@id\":\"https:\\\/\\\/ellebicalzature.it\\\/fr\\\/#\\\/schema\\\/logo\\\/image\\\/\",\"url\":\"https:\\\/\\\/ellebicalzature.it\\\/wp-content\\\/uploads\\\/2024\\\/04\\\/logo-ellebi.png\",\"contentUrl\":\"https:\\\/\\\/ellebicalzature.it\\\/wp-content\\\/uploads\\\/2024\\\/04\\\/logo-ellebi.png\",\"width\":221,\"height\":131,\"caption\":\"Ellebi\"},\"image\":{\"@id\":\"https:\\\/\\\/ellebicalzature.it\\\/fr\\\/#\\\/schema\\\/logo\\\/image\\\/\"},\"sameAs\":[\"https:\\\/\\\/www.facebook.com\\\/ellebisandaliartigianaligallipoli\\\/\",\"https:\\\/\\\/www.instagram.com\\\/ellebicalzature\\\/?hl=it\"]}]}<\/script>\n<!-- \/ Yoast SEO plugin. -->","yoast_head_json":{"title":"Sac postier artisanal en cuir avec bandouli\u00e8re","description":"Sac Postier artisanal pour femme, en cuir de vachette, avec fermeture \u00e0 rabat par aimant et bandouli\u00e8re en cuir r\u00e9glable.","robots":{"index":"index","follow":"follow","max-snippet":"max-snippet:-1","max-image-preview":"max-image-preview:large","max-video-preview":"max-video-preview:-1"},"canonical":"https:\/\/ellebicalzature.it\/fr\/product\/sac-postier-artisanal-en-cuir-avec-bandouliere\/","og_locale":"fr_FR","og_type":"article","og_title":"Sac postier artisanal en cuir avec bandouli\u00e8re","og_description":"Sac Postier artisanal pour femme, en cuir de vachette, avec fermeture \u00e0 rabat par aimant et bandouli\u00e8re en cuir r\u00e9glable.","og_url":"https:\/\/ellebicalzature.it\/fr\/product\/sac-postier-artisanal-en-cuir-avec-bandouliere\/","og_site_name":"Ellebi","article_publisher":"https:\/\/www.facebook.com\/ellebisandaliartigianaligallipoli\/","article_modified_time":"2026-03-19T16:10:07+00:00","og_image":[{"width":1128,"height":1176,"url":"https:\/\/ellebicalzature.it\/wp-content\/uploads\/2020\/10\/immagine_1767532185.webp","type":"image\/webp"}],"twitter_card":"summary_large_image","schema":{"@context":"https:\/\/schema.org","@graph":[{"@type":"WebPage","@id":"https:\/\/ellebicalzature.it\/fr\/product\/sac-postier-artisanal-en-cuir-avec-bandouliere\/","url":"https:\/\/ellebicalzature.it\/fr\/product\/sac-postier-artisanal-en-cuir-avec-bandouliere\/","name":"Sac postier artisanal en cuir avec bandouli\u00e8re","isPartOf":{"@id":"https:\/\/ellebicalzature.it\/fr\/#website"},"primaryImageOfPage":{"@id":"https:\/\/ellebicalzature.it\/fr\/product\/sac-postier-artisanal-en-cuir-avec-bandouliere\/#primaryimage"},"image":{"@id":"https:\/\/ellebicalzature.it\/fr\/product\/sac-postier-artisanal-en-cuir-avec-bandouliere\/#primaryimage"},"thumbnailUrl":"https:\/\/ellebicalzature.it\/wp-content\/uploads\/2020\/10\/immagine_1767532185.webp","datePublished":"2020-10-25T13:13:21+00:00","dateModified":"2026-03-19T16:10:07+00:00","description":"Sac Postier artisanal pour femme, en cuir de vachette, avec fermeture \u00e0 rabat par aimant et bandouli\u00e8re en cuir r\u00e9glable.","breadcrumb":{"@id":"https:\/\/ellebicalzature.it\/fr\/product\/sac-postier-artisanal-en-cuir-avec-bandouliere\/#breadcrumb"},"inLanguage":"fr-FR","potentialAction":[{"@type":"ReadAction","target":["https:\/\/ellebicalzature.it\/fr\/product\/sac-postier-artisanal-en-cuir-avec-bandouliere\/"]}]},{"@type":"ImageObject","inLanguage":"fr-FR","@id":"https:\/\/ellebicalzature.it\/fr\/product\/sac-postier-artisanal-en-cuir-avec-bandouliere\/#primaryimage","url":"https:\/\/ellebicalzature.it\/wp-content\/uploads\/2020\/10\/immagine_1767532185.webp","contentUrl":"https:\/\/ellebicalzature.it\/wp-content\/uploads\/2020\/10\/immagine_1767532185.webp","width":1128,"height":1176},{"@type":"BreadcrumbList","@id":"https:\/\/ellebicalzature.it\/fr\/product\/sac-postier-artisanal-en-cuir-avec-bandouliere\/#breadcrumb","itemListElement":[{"@type":"ListItem","position":1,"name":"Home","item":"https:\/\/ellebicalzature.it\/fr\/"},{"@type":"ListItem","position":2,"name":"Boutique","item":"https:\/\/ellebicalzature.it\/fr\/boutique\/"},{"@type":"ListItem","position":3,"name":"Sac postier artisanal en cuir avec bandouli\u00e8re"}]},{"@type":"WebSite","@id":"https:\/\/ellebicalzature.it\/fr\/#website","url":"https:\/\/ellebicalzature.it\/fr\/","name":"Elleb\u00ec","description":"Calzature e accessori Gallipoli","publisher":{"@id":"https:\/\/ellebicalzature.it\/fr\/#organization"},"alternateName":"Elleb\u00ec | Calzature Gallipoli","potentialAction":[{"@type":"SearchAction","target":{"@type":"EntryPoint","urlTemplate":"https:\/\/ellebicalzature.it\/fr\/?s={search_term_string}"},"query-input":{"@type":"PropertyValueSpecification","valueRequired":true,"valueName":"search_term_string"}}],"inLanguage":"fr-FR"},{"@type":"Organization","@id":"https:\/\/ellebicalzature.it\/fr\/#organization","name":"Ellebi","url":"https:\/\/ellebicalzature.it\/fr\/","logo":{"@type":"ImageObject","inLanguage":"fr-FR","@id":"https:\/\/ellebicalzature.it\/fr\/#\/schema\/logo\/image\/","url":"https:\/\/ellebicalzature.it\/wp-content\/uploads\/2024\/04\/logo-ellebi.png","contentUrl":"https:\/\/ellebicalzature.it\/wp-content\/uploads\/2024\/04\/logo-ellebi.png","width":221,"height":131,"caption":"Ellebi"},"image":{"@id":"https:\/\/ellebicalzature.it\/fr\/#\/schema\/logo\/image\/"},"sameAs":["https:\/\/www.facebook.com\/ellebisandaliartigianaligallipoli\/","https:\/\/www.instagram.com\/ellebicalzature\/?hl=it"]}]}},"_links":{"self":[{"href":"https:\/\/ellebicalzature.it\/fr\/wp-json\/wp\/v2\/product\/64597","targetHints":{"allow":["GET"]}}],"collection":[{"href":"https:\/\/ellebicalzature.it\/fr\/wp-json\/wp\/v2\/product"}],"about":[{"href":"https:\/\/ellebicalzature.it\/fr\/wp-json\/wp\/v2\/types\/product"}],"replies":[{"embeddable":true,"href":"https:\/\/ellebicalzature.it\/fr\/wp-json\/wp\/v2\/comments?post=64597"}],"version-history":[{"count":1,"href":"https:\/\/ellebicalzature.it\/fr\/wp-json\/wp\/v2\/product\/64597\/revisions"}],"predecessor-version":[{"id":75166,"href":"https:\/\/ellebicalzature.it\/fr\/wp-json\/wp\/v2\/product\/64597\/revisions\/75166"}],"wp:featuredmedia":[{"embeddable":true,"href":"https:\/\/ellebicalzature.it\/fr\/wp-json\/wp\/v2\/media\/70911"}],"wp:attachment":[{"href":"https:\/\/ellebicalzature.it\/fr\/wp-json\/wp\/v2\/media?parent=64597"}],"wp:term":[{"taxonomy":"product_brand","embeddable":true,"href":"https:\/\/ellebicalzature.it\/fr\/wp-json\/wp\/v2\/product_brand?post=64597"},{"taxonomy":"product_cat","embeddable":true,"href":"https:\/\/ellebicalzature.it\/fr\/wp-json\/wp\/v2\/product_cat?post=64597"},{"taxonomy":"product_tag","embeddable":true,"href":"https:\/\/ellebicalzature.it\/fr\/wp-json\/wp\/v2\/product_tag?post=64597"}],"curies":[{"name":"wp","href":"https:\/\/api.w.org\/{rel}","templated":true}]}}