{"id":65926,"date":"2020-06-02T14:00:57","date_gmt":"2020-06-02T14:00:57","guid":{"rendered":"https:\/\/ellebicalzature.it\/product\/mules-artisanales-hermes-a-semelle-en-cuir\/"},"modified":"2026-03-19T17:16:09","modified_gmt":"2026-03-19T16:16:09","slug":"mules-artisanales-hermes-a-semelle-en-cuir","status":"publish","type":"product","link":"https:\/\/ellebicalzature.it\/fr\/product\/mules-artisanales-hermes-a-semelle-en-cuir\/","title":{"rendered":"Mules artisanales Herm\u00e8s \u00e0 semelle en cuir"},"content":{"rendered":"<p>Mule artisanale style \u00ab\u00a0Herm\u00e8s\u00a0\u00bb, avec dessus en vachette imprim\u00e9e, semelle int\u00e9rieure rembourr\u00e9e en cuir et semelle ext\u00e9rieure en cuir. Deux d&rsquo;entre elles pr\u00e9sentent un dessus en cuir su\u00e9d\u00e9 et une semelle int\u00e9rieure en cuir.<br \/>\nProduit r\u00e9alis\u00e9 \u00e0 la main par des artisans du Salento utilisant des mat\u00e9riaux de premi\u00e8re qualit\u00e9. <\/p>\n","protected":false},"excerpt":{"rendered":"<p>Mules artisanales femme style Herm\u00e8s avec dessus en cuir souple su\u00e9d\u00e9 ou vachette, semelle int\u00e9rieure en cuir et semelle ext\u00e9rieure en cuir<\/p>\n","protected":false},"featured_media":70963,"comment_status":"closed","ping_status":"closed","template":"","meta":{"_monsterinsights_skip_tracking":false,"_monsterinsights_sitenote_active":false,"_monsterinsights_sitenote_note":"","_monsterinsights_sitenote_category":0},"product_brand":[],"product_cat":[1217,1228],"product_tag":[2593],"class_list":{"0":"post-65926","1":"product","2":"type-product","3":"status-publish","4":"has-post-thumbnail","6":"product_cat-chaussures-artisanales-femme","7":"product_cat-mules-artisanales-femme","8":"product_tag-mule-femme-hermes-vachette-ou-daim","9":"pa_colore-blanc","10":"pa_colore-daim-fuchsia","11":"pa_colore-daim-noir","12":"pa_colore-daim-taupe","13":"pa_colore-poulain-imprime-leopard","14":"pa_taglia-1349","15":"pa_taglia-1356","16":"pa_taglia-1354","17":"pa_taglia-1357","18":"pa_taglia-1355","19":"pa_taglia-1353","20":"pa_taglia-1352","21":"pa_taglia-1351","22":"pa_taglia-1350","24":"first","25":"instock","26":"purchasable","27":"product-type-variable"},"yoast_head":"<!-- This site is optimized with the Yoast SEO plugin v27.3 - https:\/\/yoast.com\/product\/yoast-seo-wordpress\/ -->\n<title>Mules artisanales femme Herm\u00e8s \u00e0 semelle en cuir<\/title>\n<meta name=\"description\" content=\"Mules artisanales femme style Herm\u00e8s avec dessus en cuir souple su\u00e9d\u00e9 ou vachette, semelle int\u00e9rieure en cuir et semelle ext\u00e9rieure en cuir\" \/>\n<meta name=\"robots\" content=\"index, follow, max-snippet:-1, max-image-preview:large, max-video-preview:-1\" \/>\n<link rel=\"canonical\" href=\"https:\/\/ellebicalzature.it\/fr\/product\/mules-artisanales-hermes-a-semelle-en-cuir\/\" \/>\n<meta property=\"og:locale\" content=\"fr_FR\" \/>\n<meta property=\"og:type\" content=\"article\" \/>\n<meta property=\"og:title\" content=\"Mules artisanales femme Herm\u00e8s \u00e0 semelle en cuir\" \/>\n<meta property=\"og:description\" content=\"Mules artisanales femme style Herm\u00e8s avec dessus en cuir souple su\u00e9d\u00e9 ou vachette, semelle int\u00e9rieure en cuir et semelle ext\u00e9rieure en cuir\" \/>\n<meta property=\"og:url\" content=\"https:\/\/ellebicalzature.it\/fr\/product\/mules-artisanales-hermes-a-semelle-en-cuir\/\" \/>\n<meta property=\"og:site_name\" content=\"Ellebi\" \/>\n<meta property=\"article:publisher\" content=\"https:\/\/www.facebook.com\/ellebisandaliartigianaligallipoli\/\" \/>\n<meta property=\"article:modified_time\" content=\"2026-03-19T16:16:09+00:00\" \/>\n<meta property=\"og:image\" content=\"https:\/\/ellebicalzature.it\/wp-content\/uploads\/2020\/06\/immagine_1767534177.webp\" \/>\n\t<meta property=\"og:image:width\" content=\"1860\" \/>\n\t<meta property=\"og:image:height\" content=\"1843\" \/>\n\t<meta property=\"og:image:type\" content=\"image\/webp\" \/>\n<meta name=\"twitter:card\" content=\"summary_large_image\" \/>\n<script type=\"application\/ld+json\" class=\"yoast-schema-graph\">{\"@context\":\"https:\\\/\\\/schema.org\",\"@graph\":[{\"@type\":\"WebPage\",\"@id\":\"https:\\\/\\\/ellebicalzature.it\\\/fr\\\/product\\\/mules-artisanales-hermes-a-semelle-en-cuir\\\/\",\"url\":\"https:\\\/\\\/ellebicalzature.it\\\/fr\\\/product\\\/mules-artisanales-hermes-a-semelle-en-cuir\\\/\",\"name\":\"Mules artisanales femme Herm\u00e8s \u00e0 semelle en cuir\",\"isPartOf\":{\"@id\":\"https:\\\/\\\/ellebicalzature.it\\\/fr\\\/#website\"},\"primaryImageOfPage\":{\"@id\":\"https:\\\/\\\/ellebicalzature.it\\\/fr\\\/product\\\/mules-artisanales-hermes-a-semelle-en-cuir\\\/#primaryimage\"},\"image\":{\"@id\":\"https:\\\/\\\/ellebicalzature.it\\\/fr\\\/product\\\/mules-artisanales-hermes-a-semelle-en-cuir\\\/#primaryimage\"},\"thumbnailUrl\":\"https:\\\/\\\/ellebicalzature.it\\\/wp-content\\\/uploads\\\/2020\\\/06\\\/immagine_1767534177.webp\",\"datePublished\":\"2020-06-02T14:00:57+00:00\",\"dateModified\":\"2026-03-19T16:16:09+00:00\",\"description\":\"Mules artisanales femme style Herm\u00e8s avec dessus en cuir souple su\u00e9d\u00e9 ou vachette, semelle int\u00e9rieure en cuir et semelle ext\u00e9rieure en cuir\",\"breadcrumb\":{\"@id\":\"https:\\\/\\\/ellebicalzature.it\\\/fr\\\/product\\\/mules-artisanales-hermes-a-semelle-en-cuir\\\/#breadcrumb\"},\"inLanguage\":\"fr-FR\",\"potentialAction\":[{\"@type\":\"ReadAction\",\"target\":[\"https:\\\/\\\/ellebicalzature.it\\\/fr\\\/product\\\/mules-artisanales-hermes-a-semelle-en-cuir\\\/\"]}]},{\"@type\":\"ImageObject\",\"inLanguage\":\"fr-FR\",\"@id\":\"https:\\\/\\\/ellebicalzature.it\\\/fr\\\/product\\\/mules-artisanales-hermes-a-semelle-en-cuir\\\/#primaryimage\",\"url\":\"https:\\\/\\\/ellebicalzature.it\\\/wp-content\\\/uploads\\\/2020\\\/06\\\/immagine_1767534177.webp\",\"contentUrl\":\"https:\\\/\\\/ellebicalzature.it\\\/wp-content\\\/uploads\\\/2020\\\/06\\\/immagine_1767534177.webp\",\"width\":1860,\"height\":1843},{\"@type\":\"BreadcrumbList\",\"@id\":\"https:\\\/\\\/ellebicalzature.it\\\/fr\\\/product\\\/mules-artisanales-hermes-a-semelle-en-cuir\\\/#breadcrumb\",\"itemListElement\":[{\"@type\":\"ListItem\",\"position\":1,\"name\":\"Home\",\"item\":\"https:\\\/\\\/ellebicalzature.it\\\/fr\\\/\"},{\"@type\":\"ListItem\",\"position\":2,\"name\":\"Boutique\",\"item\":\"https:\\\/\\\/ellebicalzature.it\\\/fr\\\/boutique\\\/\"},{\"@type\":\"ListItem\",\"position\":3,\"name\":\"Mules artisanales Herm\u00e8s \u00e0 semelle en cuir\"}]},{\"@type\":\"WebSite\",\"@id\":\"https:\\\/\\\/ellebicalzature.it\\\/fr\\\/#website\",\"url\":\"https:\\\/\\\/ellebicalzature.it\\\/fr\\\/\",\"name\":\"Elleb\u00ec\",\"description\":\"Calzature e accessori Gallipoli\",\"publisher\":{\"@id\":\"https:\\\/\\\/ellebicalzature.it\\\/fr\\\/#organization\"},\"alternateName\":\"Elleb\u00ec | Calzature Gallipoli\",\"potentialAction\":[{\"@type\":\"SearchAction\",\"target\":{\"@type\":\"EntryPoint\",\"urlTemplate\":\"https:\\\/\\\/ellebicalzature.it\\\/fr\\\/?s={search_term_string}\"},\"query-input\":{\"@type\":\"PropertyValueSpecification\",\"valueRequired\":true,\"valueName\":\"search_term_string\"}}],\"inLanguage\":\"fr-FR\"},{\"@type\":\"Organization\",\"@id\":\"https:\\\/\\\/ellebicalzature.it\\\/fr\\\/#organization\",\"name\":\"Ellebi\",\"url\":\"https:\\\/\\\/ellebicalzature.it\\\/fr\\\/\",\"logo\":{\"@type\":\"ImageObject\",\"inLanguage\":\"fr-FR\",\"@id\":\"https:\\\/\\\/ellebicalzature.it\\\/fr\\\/#\\\/schema\\\/logo\\\/image\\\/\",\"url\":\"https:\\\/\\\/ellebicalzature.it\\\/wp-content\\\/uploads\\\/2024\\\/04\\\/logo-ellebi.png\",\"contentUrl\":\"https:\\\/\\\/ellebicalzature.it\\\/wp-content\\\/uploads\\\/2024\\\/04\\\/logo-ellebi.png\",\"width\":221,\"height\":131,\"caption\":\"Ellebi\"},\"image\":{\"@id\":\"https:\\\/\\\/ellebicalzature.it\\\/fr\\\/#\\\/schema\\\/logo\\\/image\\\/\"},\"sameAs\":[\"https:\\\/\\\/www.facebook.com\\\/ellebisandaliartigianaligallipoli\\\/\",\"https:\\\/\\\/www.instagram.com\\\/ellebicalzature\\\/?hl=it\"]}]}<\/script>\n<!-- \/ Yoast SEO plugin. -->","yoast_head_json":{"title":"Mules artisanales femme Herm\u00e8s \u00e0 semelle en cuir","description":"Mules artisanales femme style Herm\u00e8s avec dessus en cuir souple su\u00e9d\u00e9 ou vachette, semelle int\u00e9rieure en cuir et semelle ext\u00e9rieure en cuir","robots":{"index":"index","follow":"follow","max-snippet":"max-snippet:-1","max-image-preview":"max-image-preview:large","max-video-preview":"max-video-preview:-1"},"canonical":"https:\/\/ellebicalzature.it\/fr\/product\/mules-artisanales-hermes-a-semelle-en-cuir\/","og_locale":"fr_FR","og_type":"article","og_title":"Mules artisanales femme Herm\u00e8s \u00e0 semelle en cuir","og_description":"Mules artisanales femme style Herm\u00e8s avec dessus en cuir souple su\u00e9d\u00e9 ou vachette, semelle int\u00e9rieure en cuir et semelle ext\u00e9rieure en cuir","og_url":"https:\/\/ellebicalzature.it\/fr\/product\/mules-artisanales-hermes-a-semelle-en-cuir\/","og_site_name":"Ellebi","article_publisher":"https:\/\/www.facebook.com\/ellebisandaliartigianaligallipoli\/","article_modified_time":"2026-03-19T16:16:09+00:00","og_image":[{"width":1860,"height":1843,"url":"https:\/\/ellebicalzature.it\/wp-content\/uploads\/2020\/06\/immagine_1767534177.webp","type":"image\/webp"}],"twitter_card":"summary_large_image","schema":{"@context":"https:\/\/schema.org","@graph":[{"@type":"WebPage","@id":"https:\/\/ellebicalzature.it\/fr\/product\/mules-artisanales-hermes-a-semelle-en-cuir\/","url":"https:\/\/ellebicalzature.it\/fr\/product\/mules-artisanales-hermes-a-semelle-en-cuir\/","name":"Mules artisanales femme Herm\u00e8s \u00e0 semelle en cuir","isPartOf":{"@id":"https:\/\/ellebicalzature.it\/fr\/#website"},"primaryImageOfPage":{"@id":"https:\/\/ellebicalzature.it\/fr\/product\/mules-artisanales-hermes-a-semelle-en-cuir\/#primaryimage"},"image":{"@id":"https:\/\/ellebicalzature.it\/fr\/product\/mules-artisanales-hermes-a-semelle-en-cuir\/#primaryimage"},"thumbnailUrl":"https:\/\/ellebicalzature.it\/wp-content\/uploads\/2020\/06\/immagine_1767534177.webp","datePublished":"2020-06-02T14:00:57+00:00","dateModified":"2026-03-19T16:16:09+00:00","description":"Mules artisanales femme style Herm\u00e8s avec dessus en cuir souple su\u00e9d\u00e9 ou vachette, semelle int\u00e9rieure en cuir et semelle ext\u00e9rieure en cuir","breadcrumb":{"@id":"https:\/\/ellebicalzature.it\/fr\/product\/mules-artisanales-hermes-a-semelle-en-cuir\/#breadcrumb"},"inLanguage":"fr-FR","potentialAction":[{"@type":"ReadAction","target":["https:\/\/ellebicalzature.it\/fr\/product\/mules-artisanales-hermes-a-semelle-en-cuir\/"]}]},{"@type":"ImageObject","inLanguage":"fr-FR","@id":"https:\/\/ellebicalzature.it\/fr\/product\/mules-artisanales-hermes-a-semelle-en-cuir\/#primaryimage","url":"https:\/\/ellebicalzature.it\/wp-content\/uploads\/2020\/06\/immagine_1767534177.webp","contentUrl":"https:\/\/ellebicalzature.it\/wp-content\/uploads\/2020\/06\/immagine_1767534177.webp","width":1860,"height":1843},{"@type":"BreadcrumbList","@id":"https:\/\/ellebicalzature.it\/fr\/product\/mules-artisanales-hermes-a-semelle-en-cuir\/#breadcrumb","itemListElement":[{"@type":"ListItem","position":1,"name":"Home","item":"https:\/\/ellebicalzature.it\/fr\/"},{"@type":"ListItem","position":2,"name":"Boutique","item":"https:\/\/ellebicalzature.it\/fr\/boutique\/"},{"@type":"ListItem","position":3,"name":"Mules artisanales Herm\u00e8s \u00e0 semelle en cuir"}]},{"@type":"WebSite","@id":"https:\/\/ellebicalzature.it\/fr\/#website","url":"https:\/\/ellebicalzature.it\/fr\/","name":"Elleb\u00ec","description":"Calzature e accessori Gallipoli","publisher":{"@id":"https:\/\/ellebicalzature.it\/fr\/#organization"},"alternateName":"Elleb\u00ec | Calzature Gallipoli","potentialAction":[{"@type":"SearchAction","target":{"@type":"EntryPoint","urlTemplate":"https:\/\/ellebicalzature.it\/fr\/?s={search_term_string}"},"query-input":{"@type":"PropertyValueSpecification","valueRequired":true,"valueName":"search_term_string"}}],"inLanguage":"fr-FR"},{"@type":"Organization","@id":"https:\/\/ellebicalzature.it\/fr\/#organization","name":"Ellebi","url":"https:\/\/ellebicalzature.it\/fr\/","logo":{"@type":"ImageObject","inLanguage":"fr-FR","@id":"https:\/\/ellebicalzature.it\/fr\/#\/schema\/logo\/image\/","url":"https:\/\/ellebicalzature.it\/wp-content\/uploads\/2024\/04\/logo-ellebi.png","contentUrl":"https:\/\/ellebicalzature.it\/wp-content\/uploads\/2024\/04\/logo-ellebi.png","width":221,"height":131,"caption":"Ellebi"},"image":{"@id":"https:\/\/ellebicalzature.it\/fr\/#\/schema\/logo\/image\/"},"sameAs":["https:\/\/www.facebook.com\/ellebisandaliartigianaligallipoli\/","https:\/\/www.instagram.com\/ellebicalzature\/?hl=it"]}]}},"_links":{"self":[{"href":"https:\/\/ellebicalzature.it\/fr\/wp-json\/wp\/v2\/product\/65926","targetHints":{"allow":["GET"]}}],"collection":[{"href":"https:\/\/ellebicalzature.it\/fr\/wp-json\/wp\/v2\/product"}],"about":[{"href":"https:\/\/ellebicalzature.it\/fr\/wp-json\/wp\/v2\/types\/product"}],"replies":[{"embeddable":true,"href":"https:\/\/ellebicalzature.it\/fr\/wp-json\/wp\/v2\/comments?post=65926"}],"version-history":[{"count":1,"href":"https:\/\/ellebicalzature.it\/fr\/wp-json\/wp\/v2\/product\/65926\/revisions"}],"predecessor-version":[{"id":75294,"href":"https:\/\/ellebicalzature.it\/fr\/wp-json\/wp\/v2\/product\/65926\/revisions\/75294"}],"wp:featuredmedia":[{"embeddable":true,"href":"https:\/\/ellebicalzature.it\/fr\/wp-json\/wp\/v2\/media\/70963"}],"wp:attachment":[{"href":"https:\/\/ellebicalzature.it\/fr\/wp-json\/wp\/v2\/media?parent=65926"}],"wp:term":[{"taxonomy":"product_brand","embeddable":true,"href":"https:\/\/ellebicalzature.it\/fr\/wp-json\/wp\/v2\/product_brand?post=65926"},{"taxonomy":"product_cat","embeddable":true,"href":"https:\/\/ellebicalzature.it\/fr\/wp-json\/wp\/v2\/product_cat?post=65926"},{"taxonomy":"product_tag","embeddable":true,"href":"https:\/\/ellebicalzature.it\/fr\/wp-json\/wp\/v2\/product_tag?post=65926"}],"curies":[{"name":"wp","href":"https:\/\/api.w.org\/{rel}","templated":true}]}}