{"id":67394,"date":"2020-05-13T06:57:12","date_gmt":"2020-05-13T06:57:12","guid":{"rendered":"https:\/\/ellebicalzature.it\/product\/sandales-bijoux-tongs-perroquet\/"},"modified":"2026-03-19T17:22:37","modified_gmt":"2026-03-19T16:22:37","slug":"sandales-bijoux-tongs-perroquet","status":"publish","type":"product","link":"https:\/\/ellebicalzature.it\/fr\/product\/sandales-bijoux-tongs-perroquet\/","title":{"rendered":"Sandales bijoux tongs perroquet"},"content":{"rendered":"<p>Sandales bijoux artisanales pour femme, avec tongs minimalistes orn\u00e9es d&rsquo;un charmant perroquet r\u00e9alis\u00e9 en pierres et cristaux multicolores. Tige en veau souple, semelle int\u00e9rieure rembourr\u00e9e en cuir et semelle ext\u00e9rieure en cuir avec talon de 30.<br \/>\nSandales du Salento fabriqu\u00e9es \u00e0 la main par des artisans utilisant des mat\u00e9riaux de premi\u00e8re qualit\u00e9. <\/p>\n","protected":false},"excerpt":{"rendered":"<p>Sandales bijoux artisanales pour femme, avec tongs minimalistes orn\u00e9es d&rsquo;un charmant perroquet r\u00e9alis\u00e9 en pierres et cristaux multicolores. Tige en veau souple, semelle int\u00e9rieure rembourr\u00e9e en cuir et semelle ext\u00e9rieure en cuir avec talon de 30. <\/p>\n","protected":false},"featured_media":71260,"comment_status":"closed","ping_status":"closed","template":"","meta":{"_monsterinsights_skip_tracking":false,"_monsterinsights_sitenote_active":false,"_monsterinsights_sitenote_note":"","_monsterinsights_sitenote_category":0},"product_brand":[],"product_cat":[1217,1212],"product_tag":[2649],"class_list":{"0":"post-67394","1":"product","2":"type-product","3":"status-publish","4":"has-post-thumbnail","6":"product_cat-chaussures-artisanales-femme","7":"product_cat-sandales-artisanales-femme-bijoux","8":"product_tag-sandale-bijou-artisanale-perroquet","9":"pa_taglia-1757","10":"pa_taglia-1756","11":"pa_taglia-1349","12":"pa_taglia-1356","13":"pa_taglia-1354","14":"pa_taglia-1357","15":"pa_taglia-1355","16":"pa_taglia-1353","17":"pa_taglia-1352","18":"pa_taglia-1351","19":"pa_taglia-1350","21":"first","22":"instock","23":"purchasable","24":"product-type-variable"},"yoast_head":"<!-- This site is optimized with the Yoast SEO plugin v27.3 - https:\/\/yoast.com\/product\/yoast-seo-wordpress\/ -->\n<title>Sandales bijoux artisanales avec tongs orn\u00e9es d&#039;un perroquet<\/title>\n<meta name=\"description\" content=\"Sandales bijoux artisanales pour femme, avec tongs minimalistes orn\u00e9es d&#039;un charmant perroquet r\u00e9alis\u00e9 en pierres et cristaux.\" \/>\n<meta name=\"robots\" content=\"index, follow, max-snippet:-1, max-image-preview:large, max-video-preview:-1\" \/>\n<link rel=\"canonical\" href=\"https:\/\/ellebicalzature.it\/fr\/product\/sandales-bijoux-tongs-perroquet\/\" \/>\n<meta property=\"og:locale\" content=\"fr_FR\" \/>\n<meta property=\"og:type\" content=\"article\" \/>\n<meta property=\"og:title\" content=\"Sandales bijoux artisanales avec tongs orn\u00e9es d&#039;un perroquet\" \/>\n<meta property=\"og:description\" content=\"Sandales bijoux artisanales pour femme, avec tongs minimalistes orn\u00e9es d&#039;un charmant perroquet r\u00e9alis\u00e9 en pierres et cristaux.\" \/>\n<meta property=\"og:url\" content=\"https:\/\/ellebicalzature.it\/fr\/product\/sandales-bijoux-tongs-perroquet\/\" \/>\n<meta property=\"og:site_name\" content=\"Ellebi\" \/>\n<meta property=\"article:publisher\" content=\"https:\/\/www.facebook.com\/ellebisandaliartigianaligallipoli\/\" \/>\n<meta property=\"article:modified_time\" content=\"2026-03-19T16:22:37+00:00\" \/>\n<meta property=\"og:image\" content=\"https:\/\/ellebicalzature.it\/wp-content\/uploads\/2020\/05\/immagine_1767973175.webp\" \/>\n\t<meta property=\"og:image:width\" content=\"1847\" \/>\n\t<meta property=\"og:image:height\" content=\"1638\" \/>\n\t<meta property=\"og:image:type\" content=\"image\/webp\" \/>\n<meta name=\"twitter:card\" content=\"summary_large_image\" \/>\n<script type=\"application\/ld+json\" class=\"yoast-schema-graph\">{\"@context\":\"https:\\\/\\\/schema.org\",\"@graph\":[{\"@type\":\"WebPage\",\"@id\":\"https:\\\/\\\/ellebicalzature.it\\\/fr\\\/product\\\/sandales-bijoux-tongs-perroquet\\\/\",\"url\":\"https:\\\/\\\/ellebicalzature.it\\\/fr\\\/product\\\/sandales-bijoux-tongs-perroquet\\\/\",\"name\":\"Sandales bijoux artisanales avec tongs orn\u00e9es d'un perroquet\",\"isPartOf\":{\"@id\":\"https:\\\/\\\/ellebicalzature.it\\\/fr\\\/#website\"},\"primaryImageOfPage\":{\"@id\":\"https:\\\/\\\/ellebicalzature.it\\\/fr\\\/product\\\/sandales-bijoux-tongs-perroquet\\\/#primaryimage\"},\"image\":{\"@id\":\"https:\\\/\\\/ellebicalzature.it\\\/fr\\\/product\\\/sandales-bijoux-tongs-perroquet\\\/#primaryimage\"},\"thumbnailUrl\":\"https:\\\/\\\/ellebicalzature.it\\\/wp-content\\\/uploads\\\/2020\\\/05\\\/immagine_1767973175.webp\",\"datePublished\":\"2020-05-13T06:57:12+00:00\",\"dateModified\":\"2026-03-19T16:22:37+00:00\",\"description\":\"Sandales bijoux artisanales pour femme, avec tongs minimalistes orn\u00e9es d'un charmant perroquet r\u00e9alis\u00e9 en pierres et cristaux.\",\"breadcrumb\":{\"@id\":\"https:\\\/\\\/ellebicalzature.it\\\/fr\\\/product\\\/sandales-bijoux-tongs-perroquet\\\/#breadcrumb\"},\"inLanguage\":\"fr-FR\",\"potentialAction\":[{\"@type\":\"ReadAction\",\"target\":[\"https:\\\/\\\/ellebicalzature.it\\\/fr\\\/product\\\/sandales-bijoux-tongs-perroquet\\\/\"]}]},{\"@type\":\"ImageObject\",\"inLanguage\":\"fr-FR\",\"@id\":\"https:\\\/\\\/ellebicalzature.it\\\/fr\\\/product\\\/sandales-bijoux-tongs-perroquet\\\/#primaryimage\",\"url\":\"https:\\\/\\\/ellebicalzature.it\\\/wp-content\\\/uploads\\\/2020\\\/05\\\/immagine_1767973175.webp\",\"contentUrl\":\"https:\\\/\\\/ellebicalzature.it\\\/wp-content\\\/uploads\\\/2020\\\/05\\\/immagine_1767973175.webp\",\"width\":1847,\"height\":1638},{\"@type\":\"BreadcrumbList\",\"@id\":\"https:\\\/\\\/ellebicalzature.it\\\/fr\\\/product\\\/sandales-bijoux-tongs-perroquet\\\/#breadcrumb\",\"itemListElement\":[{\"@type\":\"ListItem\",\"position\":1,\"name\":\"Home\",\"item\":\"https:\\\/\\\/ellebicalzature.it\\\/fr\\\/\"},{\"@type\":\"ListItem\",\"position\":2,\"name\":\"Boutique\",\"item\":\"https:\\\/\\\/ellebicalzature.it\\\/fr\\\/boutique\\\/\"},{\"@type\":\"ListItem\",\"position\":3,\"name\":\"Sandales bijoux tongs perroquet\"}]},{\"@type\":\"WebSite\",\"@id\":\"https:\\\/\\\/ellebicalzature.it\\\/fr\\\/#website\",\"url\":\"https:\\\/\\\/ellebicalzature.it\\\/fr\\\/\",\"name\":\"Elleb\u00ec\",\"description\":\"Calzature e accessori Gallipoli\",\"publisher\":{\"@id\":\"https:\\\/\\\/ellebicalzature.it\\\/fr\\\/#organization\"},\"alternateName\":\"Elleb\u00ec | Calzature Gallipoli\",\"potentialAction\":[{\"@type\":\"SearchAction\",\"target\":{\"@type\":\"EntryPoint\",\"urlTemplate\":\"https:\\\/\\\/ellebicalzature.it\\\/fr\\\/?s={search_term_string}\"},\"query-input\":{\"@type\":\"PropertyValueSpecification\",\"valueRequired\":true,\"valueName\":\"search_term_string\"}}],\"inLanguage\":\"fr-FR\"},{\"@type\":\"Organization\",\"@id\":\"https:\\\/\\\/ellebicalzature.it\\\/fr\\\/#organization\",\"name\":\"Ellebi\",\"url\":\"https:\\\/\\\/ellebicalzature.it\\\/fr\\\/\",\"logo\":{\"@type\":\"ImageObject\",\"inLanguage\":\"fr-FR\",\"@id\":\"https:\\\/\\\/ellebicalzature.it\\\/fr\\\/#\\\/schema\\\/logo\\\/image\\\/\",\"url\":\"https:\\\/\\\/ellebicalzature.it\\\/wp-content\\\/uploads\\\/2024\\\/04\\\/logo-ellebi.png\",\"contentUrl\":\"https:\\\/\\\/ellebicalzature.it\\\/wp-content\\\/uploads\\\/2024\\\/04\\\/logo-ellebi.png\",\"width\":221,\"height\":131,\"caption\":\"Ellebi\"},\"image\":{\"@id\":\"https:\\\/\\\/ellebicalzature.it\\\/fr\\\/#\\\/schema\\\/logo\\\/image\\\/\"},\"sameAs\":[\"https:\\\/\\\/www.facebook.com\\\/ellebisandaliartigianaligallipoli\\\/\",\"https:\\\/\\\/www.instagram.com\\\/ellebicalzature\\\/?hl=it\"]}]}<\/script>\n<!-- \/ Yoast SEO plugin. -->","yoast_head_json":{"title":"Sandales bijoux artisanales avec tongs orn\u00e9es d'un perroquet","description":"Sandales bijoux artisanales pour femme, avec tongs minimalistes orn\u00e9es d'un charmant perroquet r\u00e9alis\u00e9 en pierres et cristaux.","robots":{"index":"index","follow":"follow","max-snippet":"max-snippet:-1","max-image-preview":"max-image-preview:large","max-video-preview":"max-video-preview:-1"},"canonical":"https:\/\/ellebicalzature.it\/fr\/product\/sandales-bijoux-tongs-perroquet\/","og_locale":"fr_FR","og_type":"article","og_title":"Sandales bijoux artisanales avec tongs orn\u00e9es d'un perroquet","og_description":"Sandales bijoux artisanales pour femme, avec tongs minimalistes orn\u00e9es d'un charmant perroquet r\u00e9alis\u00e9 en pierres et cristaux.","og_url":"https:\/\/ellebicalzature.it\/fr\/product\/sandales-bijoux-tongs-perroquet\/","og_site_name":"Ellebi","article_publisher":"https:\/\/www.facebook.com\/ellebisandaliartigianaligallipoli\/","article_modified_time":"2026-03-19T16:22:37+00:00","og_image":[{"width":1847,"height":1638,"url":"https:\/\/ellebicalzature.it\/wp-content\/uploads\/2020\/05\/immagine_1767973175.webp","type":"image\/webp"}],"twitter_card":"summary_large_image","schema":{"@context":"https:\/\/schema.org","@graph":[{"@type":"WebPage","@id":"https:\/\/ellebicalzature.it\/fr\/product\/sandales-bijoux-tongs-perroquet\/","url":"https:\/\/ellebicalzature.it\/fr\/product\/sandales-bijoux-tongs-perroquet\/","name":"Sandales bijoux artisanales avec tongs orn\u00e9es d'un perroquet","isPartOf":{"@id":"https:\/\/ellebicalzature.it\/fr\/#website"},"primaryImageOfPage":{"@id":"https:\/\/ellebicalzature.it\/fr\/product\/sandales-bijoux-tongs-perroquet\/#primaryimage"},"image":{"@id":"https:\/\/ellebicalzature.it\/fr\/product\/sandales-bijoux-tongs-perroquet\/#primaryimage"},"thumbnailUrl":"https:\/\/ellebicalzature.it\/wp-content\/uploads\/2020\/05\/immagine_1767973175.webp","datePublished":"2020-05-13T06:57:12+00:00","dateModified":"2026-03-19T16:22:37+00:00","description":"Sandales bijoux artisanales pour femme, avec tongs minimalistes orn\u00e9es d'un charmant perroquet r\u00e9alis\u00e9 en pierres et cristaux.","breadcrumb":{"@id":"https:\/\/ellebicalzature.it\/fr\/product\/sandales-bijoux-tongs-perroquet\/#breadcrumb"},"inLanguage":"fr-FR","potentialAction":[{"@type":"ReadAction","target":["https:\/\/ellebicalzature.it\/fr\/product\/sandales-bijoux-tongs-perroquet\/"]}]},{"@type":"ImageObject","inLanguage":"fr-FR","@id":"https:\/\/ellebicalzature.it\/fr\/product\/sandales-bijoux-tongs-perroquet\/#primaryimage","url":"https:\/\/ellebicalzature.it\/wp-content\/uploads\/2020\/05\/immagine_1767973175.webp","contentUrl":"https:\/\/ellebicalzature.it\/wp-content\/uploads\/2020\/05\/immagine_1767973175.webp","width":1847,"height":1638},{"@type":"BreadcrumbList","@id":"https:\/\/ellebicalzature.it\/fr\/product\/sandales-bijoux-tongs-perroquet\/#breadcrumb","itemListElement":[{"@type":"ListItem","position":1,"name":"Home","item":"https:\/\/ellebicalzature.it\/fr\/"},{"@type":"ListItem","position":2,"name":"Boutique","item":"https:\/\/ellebicalzature.it\/fr\/boutique\/"},{"@type":"ListItem","position":3,"name":"Sandales bijoux tongs perroquet"}]},{"@type":"WebSite","@id":"https:\/\/ellebicalzature.it\/fr\/#website","url":"https:\/\/ellebicalzature.it\/fr\/","name":"Elleb\u00ec","description":"Calzature e accessori Gallipoli","publisher":{"@id":"https:\/\/ellebicalzature.it\/fr\/#organization"},"alternateName":"Elleb\u00ec | Calzature Gallipoli","potentialAction":[{"@type":"SearchAction","target":{"@type":"EntryPoint","urlTemplate":"https:\/\/ellebicalzature.it\/fr\/?s={search_term_string}"},"query-input":{"@type":"PropertyValueSpecification","valueRequired":true,"valueName":"search_term_string"}}],"inLanguage":"fr-FR"},{"@type":"Organization","@id":"https:\/\/ellebicalzature.it\/fr\/#organization","name":"Ellebi","url":"https:\/\/ellebicalzature.it\/fr\/","logo":{"@type":"ImageObject","inLanguage":"fr-FR","@id":"https:\/\/ellebicalzature.it\/fr\/#\/schema\/logo\/image\/","url":"https:\/\/ellebicalzature.it\/wp-content\/uploads\/2024\/04\/logo-ellebi.png","contentUrl":"https:\/\/ellebicalzature.it\/wp-content\/uploads\/2024\/04\/logo-ellebi.png","width":221,"height":131,"caption":"Ellebi"},"image":{"@id":"https:\/\/ellebicalzature.it\/fr\/#\/schema\/logo\/image\/"},"sameAs":["https:\/\/www.facebook.com\/ellebisandaliartigianaligallipoli\/","https:\/\/www.instagram.com\/ellebicalzature\/?hl=it"]}]}},"_links":{"self":[{"href":"https:\/\/ellebicalzature.it\/fr\/wp-json\/wp\/v2\/product\/67394","targetHints":{"allow":["GET"]}}],"collection":[{"href":"https:\/\/ellebicalzature.it\/fr\/wp-json\/wp\/v2\/product"}],"about":[{"href":"https:\/\/ellebicalzature.it\/fr\/wp-json\/wp\/v2\/types\/product"}],"replies":[{"embeddable":true,"href":"https:\/\/ellebicalzature.it\/fr\/wp-json\/wp\/v2\/comments?post=67394"}],"version-history":[{"count":1,"href":"https:\/\/ellebicalzature.it\/fr\/wp-json\/wp\/v2\/product\/67394\/revisions"}],"predecessor-version":[{"id":75407,"href":"https:\/\/ellebicalzature.it\/fr\/wp-json\/wp\/v2\/product\/67394\/revisions\/75407"}],"wp:featuredmedia":[{"embeddable":true,"href":"https:\/\/ellebicalzature.it\/fr\/wp-json\/wp\/v2\/media\/71260"}],"wp:attachment":[{"href":"https:\/\/ellebicalzature.it\/fr\/wp-json\/wp\/v2\/media?parent=67394"}],"wp:term":[{"taxonomy":"product_brand","embeddable":true,"href":"https:\/\/ellebicalzature.it\/fr\/wp-json\/wp\/v2\/product_brand?post=67394"},{"taxonomy":"product_cat","embeddable":true,"href":"https:\/\/ellebicalzature.it\/fr\/wp-json\/wp\/v2\/product_cat?post=67394"},{"taxonomy":"product_tag","embeddable":true,"href":"https:\/\/ellebicalzature.it\/fr\/wp-json\/wp\/v2\/product_tag?post=67394"}],"curies":[{"name":"wp","href":"https:\/\/api.w.org\/{rel}","templated":true}]}}