{"id":68103,"date":"2020-05-13T05:52:18","date_gmt":"2020-05-13T05:52:18","guid":{"rendered":"https:\/\/ellebicalzature.it\/product\/sandales-artisanales-avec-bande-et-bracelet-2\/"},"modified":"2026-03-19T17:28:29","modified_gmt":"2026-03-19T16:28:29","slug":"sandales-artisanales-avec-bande-et-bracelet-2","status":"publish","type":"product","link":"https:\/\/ellebicalzature.it\/fr\/product\/sandales-artisanales-avec-bande-et-bracelet-2\/","title":{"rendered":"Sandales artisanales avec bande et bracelet"},"content":{"rendered":"<p>Sandales artisanales pour femme avec bande en cuir souple et bracelet \u00e0 la cheville. Tige en cuir de vache, semelle int\u00e9rieure en cuir et semelle ext\u00e9rieure et talon compens\u00e9 en li\u00e8ge de 5 cm.<br \/>\nChaussures fabriqu\u00e9es \u00e0 la main par des artisans du Salento. <\/p>\n","protected":false},"excerpt":{"rendered":"<p>Sandales artisanales pour femme avec bande en cuir souple et bracelet \u00e0 la cheville. Tige en cuir de vache, semelle int\u00e9rieure en cuir et semelle ext\u00e9rieure en caoutchouc l\u00e9ger avec talon compens\u00e9 et li\u00e8ge de 5 cm. <\/p>\n","protected":false},"featured_media":71298,"comment_status":"closed","ping_status":"closed","template":"","meta":{"_monsterinsights_skip_tracking":false,"_monsterinsights_sitenote_active":false,"_monsterinsights_sitenote_note":"","_monsterinsights_sitenote_category":0},"product_brand":[],"product_cat":[1217,1234],"product_tag":[2674],"class_list":{"0":"post-68103","1":"product","2":"type-product","3":"status-publish","4":"has-post-thumbnail","6":"product_cat-chaussures-artisanales-femme","7":"product_cat-sandales-artisanales-femme-a-petit-talon","8":"product_tag-sandale-artisanale-avec-bande-et-bracelet","9":"pa_colore-blanc","10":"pa_colore-cuivre","11":"pa_colore-jaune","12":"pa_colore-noir","13":"pa_colore-rouge","14":"pa_colore-tete-de-maure","15":"pa_taglia-1756","16":"pa_taglia-1349","17":"pa_taglia-1356","18":"pa_taglia-1354","19":"pa_taglia-1357","20":"pa_taglia-1355","21":"pa_taglia-1353","22":"pa_taglia-1352","23":"pa_taglia-1351","24":"pa_taglia-1350","26":"first","27":"instock","28":"purchasable","29":"product-type-variable"},"yoast_head":"<!-- This site is optimized with the Yoast SEO plugin v27.3 - https:\/\/yoast.com\/product\/yoast-seo-wordpress\/ -->\n<title>Sandales artisanales pour femme avec bande et bracelet<\/title>\n<meta name=\"description\" content=\"Sandales artisanales pour femme avec bande en cuir souple et bracelet \u00e0 la cheville. Tige en cuir de vache, semelle int\u00e9rieure en cuir et semelle ext\u00e9rieure en caoutchouc avec talon compens\u00e9.\" \/>\n<meta name=\"robots\" content=\"index, follow, max-snippet:-1, max-image-preview:large, max-video-preview:-1\" \/>\n<link rel=\"canonical\" href=\"https:\/\/ellebicalzature.it\/fr\/product\/sandales-artisanales-avec-bande-et-bracelet-2\/\" \/>\n<meta property=\"og:locale\" content=\"fr_FR\" \/>\n<meta property=\"og:type\" content=\"article\" \/>\n<meta property=\"og:title\" content=\"Sandales artisanales pour femme avec bande et bracelet\" \/>\n<meta property=\"og:description\" content=\"Sandales artisanales pour femme avec bande en cuir souple et bracelet \u00e0 la cheville. Tige en cuir de vache, semelle int\u00e9rieure en cuir et semelle ext\u00e9rieure en caoutchouc avec talon compens\u00e9.\" \/>\n<meta property=\"og:url\" content=\"https:\/\/ellebicalzature.it\/fr\/product\/sandales-artisanales-avec-bande-et-bracelet-2\/\" \/>\n<meta property=\"og:site_name\" content=\"Ellebi\" \/>\n<meta property=\"article:publisher\" content=\"https:\/\/www.facebook.com\/ellebisandaliartigianaligallipoli\/\" \/>\n<meta property=\"article:modified_time\" content=\"2026-03-19T16:28:29+00:00\" \/>\n<meta property=\"og:image\" content=\"https:\/\/ellebicalzature.it\/wp-content\/uploads\/2020\/05\/immagine_1767975423.webp\" \/>\n\t<meta property=\"og:image:width\" content=\"1822\" \/>\n\t<meta property=\"og:image:height\" content=\"1758\" \/>\n\t<meta property=\"og:image:type\" content=\"image\/webp\" \/>\n<meta name=\"twitter:card\" content=\"summary_large_image\" \/>\n<script type=\"application\/ld+json\" class=\"yoast-schema-graph\">{\"@context\":\"https:\\\/\\\/schema.org\",\"@graph\":[{\"@type\":\"WebPage\",\"@id\":\"https:\\\/\\\/ellebicalzature.it\\\/fr\\\/product\\\/sandales-artisanales-avec-bande-et-bracelet-2\\\/\",\"url\":\"https:\\\/\\\/ellebicalzature.it\\\/fr\\\/product\\\/sandales-artisanales-avec-bande-et-bracelet-2\\\/\",\"name\":\"Sandales artisanales pour femme avec bande et bracelet\",\"isPartOf\":{\"@id\":\"https:\\\/\\\/ellebicalzature.it\\\/fr\\\/#website\"},\"primaryImageOfPage\":{\"@id\":\"https:\\\/\\\/ellebicalzature.it\\\/fr\\\/product\\\/sandales-artisanales-avec-bande-et-bracelet-2\\\/#primaryimage\"},\"image\":{\"@id\":\"https:\\\/\\\/ellebicalzature.it\\\/fr\\\/product\\\/sandales-artisanales-avec-bande-et-bracelet-2\\\/#primaryimage\"},\"thumbnailUrl\":\"https:\\\/\\\/ellebicalzature.it\\\/wp-content\\\/uploads\\\/2020\\\/05\\\/immagine_1767975423.webp\",\"datePublished\":\"2020-05-13T05:52:18+00:00\",\"dateModified\":\"2026-03-19T16:28:29+00:00\",\"description\":\"Sandales artisanales pour femme avec bande en cuir souple et bracelet \u00e0 la cheville. Tige en cuir de vache, semelle int\u00e9rieure en cuir et semelle ext\u00e9rieure en caoutchouc avec talon compens\u00e9.\",\"breadcrumb\":{\"@id\":\"https:\\\/\\\/ellebicalzature.it\\\/fr\\\/product\\\/sandales-artisanales-avec-bande-et-bracelet-2\\\/#breadcrumb\"},\"inLanguage\":\"fr-FR\",\"potentialAction\":[{\"@type\":\"ReadAction\",\"target\":[\"https:\\\/\\\/ellebicalzature.it\\\/fr\\\/product\\\/sandales-artisanales-avec-bande-et-bracelet-2\\\/\"]}]},{\"@type\":\"ImageObject\",\"inLanguage\":\"fr-FR\",\"@id\":\"https:\\\/\\\/ellebicalzature.it\\\/fr\\\/product\\\/sandales-artisanales-avec-bande-et-bracelet-2\\\/#primaryimage\",\"url\":\"https:\\\/\\\/ellebicalzature.it\\\/wp-content\\\/uploads\\\/2020\\\/05\\\/immagine_1767975423.webp\",\"contentUrl\":\"https:\\\/\\\/ellebicalzature.it\\\/wp-content\\\/uploads\\\/2020\\\/05\\\/immagine_1767975423.webp\",\"width\":1822,\"height\":1758},{\"@type\":\"BreadcrumbList\",\"@id\":\"https:\\\/\\\/ellebicalzature.it\\\/fr\\\/product\\\/sandales-artisanales-avec-bande-et-bracelet-2\\\/#breadcrumb\",\"itemListElement\":[{\"@type\":\"ListItem\",\"position\":1,\"name\":\"Home\",\"item\":\"https:\\\/\\\/ellebicalzature.it\\\/fr\\\/\"},{\"@type\":\"ListItem\",\"position\":2,\"name\":\"Boutique\",\"item\":\"https:\\\/\\\/ellebicalzature.it\\\/fr\\\/boutique\\\/\"},{\"@type\":\"ListItem\",\"position\":3,\"name\":\"Sandales artisanales avec bande et bracelet\"}]},{\"@type\":\"WebSite\",\"@id\":\"https:\\\/\\\/ellebicalzature.it\\\/fr\\\/#website\",\"url\":\"https:\\\/\\\/ellebicalzature.it\\\/fr\\\/\",\"name\":\"Elleb\u00ec\",\"description\":\"Calzature e accessori Gallipoli\",\"publisher\":{\"@id\":\"https:\\\/\\\/ellebicalzature.it\\\/fr\\\/#organization\"},\"alternateName\":\"Elleb\u00ec | Calzature Gallipoli\",\"potentialAction\":[{\"@type\":\"SearchAction\",\"target\":{\"@type\":\"EntryPoint\",\"urlTemplate\":\"https:\\\/\\\/ellebicalzature.it\\\/fr\\\/?s={search_term_string}\"},\"query-input\":{\"@type\":\"PropertyValueSpecification\",\"valueRequired\":true,\"valueName\":\"search_term_string\"}}],\"inLanguage\":\"fr-FR\"},{\"@type\":\"Organization\",\"@id\":\"https:\\\/\\\/ellebicalzature.it\\\/fr\\\/#organization\",\"name\":\"Ellebi\",\"url\":\"https:\\\/\\\/ellebicalzature.it\\\/fr\\\/\",\"logo\":{\"@type\":\"ImageObject\",\"inLanguage\":\"fr-FR\",\"@id\":\"https:\\\/\\\/ellebicalzature.it\\\/fr\\\/#\\\/schema\\\/logo\\\/image\\\/\",\"url\":\"https:\\\/\\\/ellebicalzature.it\\\/wp-content\\\/uploads\\\/2024\\\/04\\\/logo-ellebi.png\",\"contentUrl\":\"https:\\\/\\\/ellebicalzature.it\\\/wp-content\\\/uploads\\\/2024\\\/04\\\/logo-ellebi.png\",\"width\":221,\"height\":131,\"caption\":\"Ellebi\"},\"image\":{\"@id\":\"https:\\\/\\\/ellebicalzature.it\\\/fr\\\/#\\\/schema\\\/logo\\\/image\\\/\"},\"sameAs\":[\"https:\\\/\\\/www.facebook.com\\\/ellebisandaliartigianaligallipoli\\\/\",\"https:\\\/\\\/www.instagram.com\\\/ellebicalzature\\\/?hl=it\"]}]}<\/script>\n<!-- \/ Yoast SEO plugin. -->","yoast_head_json":{"title":"Sandales artisanales pour femme avec bande et bracelet","description":"Sandales artisanales pour femme avec bande en cuir souple et bracelet \u00e0 la cheville. Tige en cuir de vache, semelle int\u00e9rieure en cuir et semelle ext\u00e9rieure en caoutchouc avec talon compens\u00e9.","robots":{"index":"index","follow":"follow","max-snippet":"max-snippet:-1","max-image-preview":"max-image-preview:large","max-video-preview":"max-video-preview:-1"},"canonical":"https:\/\/ellebicalzature.it\/fr\/product\/sandales-artisanales-avec-bande-et-bracelet-2\/","og_locale":"fr_FR","og_type":"article","og_title":"Sandales artisanales pour femme avec bande et bracelet","og_description":"Sandales artisanales pour femme avec bande en cuir souple et bracelet \u00e0 la cheville. Tige en cuir de vache, semelle int\u00e9rieure en cuir et semelle ext\u00e9rieure en caoutchouc avec talon compens\u00e9.","og_url":"https:\/\/ellebicalzature.it\/fr\/product\/sandales-artisanales-avec-bande-et-bracelet-2\/","og_site_name":"Ellebi","article_publisher":"https:\/\/www.facebook.com\/ellebisandaliartigianaligallipoli\/","article_modified_time":"2026-03-19T16:28:29+00:00","og_image":[{"width":1822,"height":1758,"url":"https:\/\/ellebicalzature.it\/wp-content\/uploads\/2020\/05\/immagine_1767975423.webp","type":"image\/webp"}],"twitter_card":"summary_large_image","schema":{"@context":"https:\/\/schema.org","@graph":[{"@type":"WebPage","@id":"https:\/\/ellebicalzature.it\/fr\/product\/sandales-artisanales-avec-bande-et-bracelet-2\/","url":"https:\/\/ellebicalzature.it\/fr\/product\/sandales-artisanales-avec-bande-et-bracelet-2\/","name":"Sandales artisanales pour femme avec bande et bracelet","isPartOf":{"@id":"https:\/\/ellebicalzature.it\/fr\/#website"},"primaryImageOfPage":{"@id":"https:\/\/ellebicalzature.it\/fr\/product\/sandales-artisanales-avec-bande-et-bracelet-2\/#primaryimage"},"image":{"@id":"https:\/\/ellebicalzature.it\/fr\/product\/sandales-artisanales-avec-bande-et-bracelet-2\/#primaryimage"},"thumbnailUrl":"https:\/\/ellebicalzature.it\/wp-content\/uploads\/2020\/05\/immagine_1767975423.webp","datePublished":"2020-05-13T05:52:18+00:00","dateModified":"2026-03-19T16:28:29+00:00","description":"Sandales artisanales pour femme avec bande en cuir souple et bracelet \u00e0 la cheville. Tige en cuir de vache, semelle int\u00e9rieure en cuir et semelle ext\u00e9rieure en caoutchouc avec talon compens\u00e9.","breadcrumb":{"@id":"https:\/\/ellebicalzature.it\/fr\/product\/sandales-artisanales-avec-bande-et-bracelet-2\/#breadcrumb"},"inLanguage":"fr-FR","potentialAction":[{"@type":"ReadAction","target":["https:\/\/ellebicalzature.it\/fr\/product\/sandales-artisanales-avec-bande-et-bracelet-2\/"]}]},{"@type":"ImageObject","inLanguage":"fr-FR","@id":"https:\/\/ellebicalzature.it\/fr\/product\/sandales-artisanales-avec-bande-et-bracelet-2\/#primaryimage","url":"https:\/\/ellebicalzature.it\/wp-content\/uploads\/2020\/05\/immagine_1767975423.webp","contentUrl":"https:\/\/ellebicalzature.it\/wp-content\/uploads\/2020\/05\/immagine_1767975423.webp","width":1822,"height":1758},{"@type":"BreadcrumbList","@id":"https:\/\/ellebicalzature.it\/fr\/product\/sandales-artisanales-avec-bande-et-bracelet-2\/#breadcrumb","itemListElement":[{"@type":"ListItem","position":1,"name":"Home","item":"https:\/\/ellebicalzature.it\/fr\/"},{"@type":"ListItem","position":2,"name":"Boutique","item":"https:\/\/ellebicalzature.it\/fr\/boutique\/"},{"@type":"ListItem","position":3,"name":"Sandales artisanales avec bande et bracelet"}]},{"@type":"WebSite","@id":"https:\/\/ellebicalzature.it\/fr\/#website","url":"https:\/\/ellebicalzature.it\/fr\/","name":"Elleb\u00ec","description":"Calzature e accessori Gallipoli","publisher":{"@id":"https:\/\/ellebicalzature.it\/fr\/#organization"},"alternateName":"Elleb\u00ec | Calzature Gallipoli","potentialAction":[{"@type":"SearchAction","target":{"@type":"EntryPoint","urlTemplate":"https:\/\/ellebicalzature.it\/fr\/?s={search_term_string}"},"query-input":{"@type":"PropertyValueSpecification","valueRequired":true,"valueName":"search_term_string"}}],"inLanguage":"fr-FR"},{"@type":"Organization","@id":"https:\/\/ellebicalzature.it\/fr\/#organization","name":"Ellebi","url":"https:\/\/ellebicalzature.it\/fr\/","logo":{"@type":"ImageObject","inLanguage":"fr-FR","@id":"https:\/\/ellebicalzature.it\/fr\/#\/schema\/logo\/image\/","url":"https:\/\/ellebicalzature.it\/wp-content\/uploads\/2024\/04\/logo-ellebi.png","contentUrl":"https:\/\/ellebicalzature.it\/wp-content\/uploads\/2024\/04\/logo-ellebi.png","width":221,"height":131,"caption":"Ellebi"},"image":{"@id":"https:\/\/ellebicalzature.it\/fr\/#\/schema\/logo\/image\/"},"sameAs":["https:\/\/www.facebook.com\/ellebisandaliartigianaligallipoli\/","https:\/\/www.instagram.com\/ellebicalzature\/?hl=it"]}]}},"_links":{"self":[{"href":"https:\/\/ellebicalzature.it\/fr\/wp-json\/wp\/v2\/product\/68103","targetHints":{"allow":["GET"]}}],"collection":[{"href":"https:\/\/ellebicalzature.it\/fr\/wp-json\/wp\/v2\/product"}],"about":[{"href":"https:\/\/ellebicalzature.it\/fr\/wp-json\/wp\/v2\/types\/product"}],"replies":[{"embeddable":true,"href":"https:\/\/ellebicalzature.it\/fr\/wp-json\/wp\/v2\/comments?post=68103"}],"version-history":[{"count":1,"href":"https:\/\/ellebicalzature.it\/fr\/wp-json\/wp\/v2\/product\/68103\/revisions"}],"predecessor-version":[{"id":75523,"href":"https:\/\/ellebicalzature.it\/fr\/wp-json\/wp\/v2\/product\/68103\/revisions\/75523"}],"wp:featuredmedia":[{"embeddable":true,"href":"https:\/\/ellebicalzature.it\/fr\/wp-json\/wp\/v2\/media\/71298"}],"wp:attachment":[{"href":"https:\/\/ellebicalzature.it\/fr\/wp-json\/wp\/v2\/media?parent=68103"}],"wp:term":[{"taxonomy":"product_brand","embeddable":true,"href":"https:\/\/ellebicalzature.it\/fr\/wp-json\/wp\/v2\/product_brand?post=68103"},{"taxonomy":"product_cat","embeddable":true,"href":"https:\/\/ellebicalzature.it\/fr\/wp-json\/wp\/v2\/product_cat?post=68103"},{"taxonomy":"product_tag","embeddable":true,"href":"https:\/\/ellebicalzature.it\/fr\/wp-json\/wp\/v2\/product_tag?post=68103"}],"curies":[{"name":"wp","href":"https:\/\/api.w.org\/{rel}","templated":true}]}}