{"id":69130,"date":"2020-05-12T10:40:18","date_gmt":"2020-05-12T10:40:18","guid":{"rendered":"https:\/\/ellebicalzature.it\/product\/mules-pour-homme-avec-bride-haute-et-entre-doigts\/"},"modified":"2026-03-19T17:32:02","modified_gmt":"2026-03-19T16:32:02","slug":"mules-pour-homme-avec-bride-haute-et-entre-doigts","status":"publish","type":"product","link":"https:\/\/ellebicalzature.it\/fr\/product\/mules-pour-homme-avec-bride-haute-et-entre-doigts\/","title":{"rendered":"Mules pour homme avec bride haute et entre-doigts"},"content":{"rendered":"<p>Mules artisanales pour homme avec large bride haute, performante sur le cou-de-pied et entre-doigts en cuir souple. Dessus en cuir de vache, semelle int\u00e9rieure anatomique en cuir et semelle ext\u00e9rieure en caoutchouc rigide. <\/p>\n","protected":false},"excerpt":{"rendered":"<p>Mules artisanales pour homme avec large bride haute, performante sur le cou-de-pied et entre-doigts en cuir souple. Dessus en cuir de vache, semelle int\u00e9rieure anatomique en cuir et semelle ext\u00e9rieure en caoutchouc rigide.<br \/>\nMules color\u00e9es par immersion dans des bains de teinture v\u00e9g\u00e9tale et r\u00e9alis\u00e9es \u00e0 la main par des artisans du Salento utilisant des mat\u00e9riaux de premi\u00e8re qualit\u00e9. <\/p>\n<p>Il est conseill\u00e9 de prendre une taille en dessous car le produit a tendance \u00e0 chausser grand.<\/p>\n","protected":false},"featured_media":71336,"comment_status":"closed","ping_status":"closed","template":"","meta":{"_monsterinsights_skip_tracking":false,"_monsterinsights_sitenote_active":false,"_monsterinsights_sitenote_note":"","_monsterinsights_sitenote_category":0},"product_brand":[],"product_cat":[1220,1230],"product_tag":[1829],"class_list":{"0":"post-69130","1":"product","2":"type-product","3":"status-publish","4":"has-post-thumbnail","6":"product_cat-chaussures-artisanales-homme","7":"product_cat-mules-artisanales-homme","8":"product_tag-sandales-artisanales-pour-homme-2","9":"pa_taglia-1355","10":"pa_taglia-1353","11":"pa_taglia-1352","12":"pa_taglia-1351","13":"pa_taglia-1350","14":"pa_taglia-1348","15":"pa_taglia-1347","16":"pa_taglia-1346","17":"pa_taglia-1823","19":"first","20":"instock","21":"purchasable","22":"product-type-variable"},"yoast_head":"<!-- This site is optimized with the Yoast SEO plugin v27.3 - https:\/\/yoast.com\/product\/yoast-seo-wordpress\/ -->\n<title>Mules artisanales pour homme avec bride haute et entre-doigts<\/title>\n<meta name=\"description\" content=\"Mules artisanales pour homme avec large bride haute, performante sur le cou-de-pied et entre-doigts en cuir souple.\" \/>\n<meta name=\"robots\" content=\"index, follow, max-snippet:-1, max-image-preview:large, max-video-preview:-1\" \/>\n<link rel=\"canonical\" href=\"https:\/\/ellebicalzature.it\/fr\/product\/mules-pour-homme-avec-bride-haute-et-entre-doigts\/\" \/>\n<meta property=\"og:locale\" content=\"fr_FR\" \/>\n<meta property=\"og:type\" content=\"article\" \/>\n<meta property=\"og:title\" content=\"Mules artisanales pour homme avec bride haute et entre-doigts\" \/>\n<meta property=\"og:description\" content=\"Mules artisanales pour homme avec large bride haute, performante sur le cou-de-pied et entre-doigts en cuir souple.\" \/>\n<meta property=\"og:url\" content=\"https:\/\/ellebicalzature.it\/fr\/product\/mules-pour-homme-avec-bride-haute-et-entre-doigts\/\" \/>\n<meta property=\"og:site_name\" content=\"Ellebi\" \/>\n<meta property=\"article:publisher\" content=\"https:\/\/www.facebook.com\/ellebisandaliartigianaligallipoli\/\" \/>\n<meta property=\"article:modified_time\" content=\"2026-03-19T16:32:02+00:00\" \/>\n<meta property=\"og:image\" content=\"https:\/\/ellebicalzature.it\/wp-content\/uploads\/2020\/05\/immagine_1767979352.webp\" \/>\n\t<meta property=\"og:image:width\" content=\"1920\" \/>\n\t<meta property=\"og:image:height\" content=\"1736\" \/>\n\t<meta property=\"og:image:type\" content=\"image\/webp\" \/>\n<meta name=\"twitter:card\" content=\"summary_large_image\" \/>\n<script type=\"application\/ld+json\" class=\"yoast-schema-graph\">{\"@context\":\"https:\\\/\\\/schema.org\",\"@graph\":[{\"@type\":\"WebPage\",\"@id\":\"https:\\\/\\\/ellebicalzature.it\\\/fr\\\/product\\\/mules-pour-homme-avec-bride-haute-et-entre-doigts\\\/\",\"url\":\"https:\\\/\\\/ellebicalzature.it\\\/fr\\\/product\\\/mules-pour-homme-avec-bride-haute-et-entre-doigts\\\/\",\"name\":\"Mules artisanales pour homme avec bride haute et entre-doigts\",\"isPartOf\":{\"@id\":\"https:\\\/\\\/ellebicalzature.it\\\/fr\\\/#website\"},\"primaryImageOfPage\":{\"@id\":\"https:\\\/\\\/ellebicalzature.it\\\/fr\\\/product\\\/mules-pour-homme-avec-bride-haute-et-entre-doigts\\\/#primaryimage\"},\"image\":{\"@id\":\"https:\\\/\\\/ellebicalzature.it\\\/fr\\\/product\\\/mules-pour-homme-avec-bride-haute-et-entre-doigts\\\/#primaryimage\"},\"thumbnailUrl\":\"https:\\\/\\\/ellebicalzature.it\\\/wp-content\\\/uploads\\\/2020\\\/05\\\/immagine_1767979352.webp\",\"datePublished\":\"2020-05-12T10:40:18+00:00\",\"dateModified\":\"2026-03-19T16:32:02+00:00\",\"description\":\"Mules artisanales pour homme avec large bride haute, performante sur le cou-de-pied et entre-doigts en cuir souple.\",\"breadcrumb\":{\"@id\":\"https:\\\/\\\/ellebicalzature.it\\\/fr\\\/product\\\/mules-pour-homme-avec-bride-haute-et-entre-doigts\\\/#breadcrumb\"},\"inLanguage\":\"fr-FR\",\"potentialAction\":[{\"@type\":\"ReadAction\",\"target\":[\"https:\\\/\\\/ellebicalzature.it\\\/fr\\\/product\\\/mules-pour-homme-avec-bride-haute-et-entre-doigts\\\/\"]}]},{\"@type\":\"ImageObject\",\"inLanguage\":\"fr-FR\",\"@id\":\"https:\\\/\\\/ellebicalzature.it\\\/fr\\\/product\\\/mules-pour-homme-avec-bride-haute-et-entre-doigts\\\/#primaryimage\",\"url\":\"https:\\\/\\\/ellebicalzature.it\\\/wp-content\\\/uploads\\\/2020\\\/05\\\/immagine_1767979352.webp\",\"contentUrl\":\"https:\\\/\\\/ellebicalzature.it\\\/wp-content\\\/uploads\\\/2020\\\/05\\\/immagine_1767979352.webp\",\"width\":1920,\"height\":1736},{\"@type\":\"BreadcrumbList\",\"@id\":\"https:\\\/\\\/ellebicalzature.it\\\/fr\\\/product\\\/mules-pour-homme-avec-bride-haute-et-entre-doigts\\\/#breadcrumb\",\"itemListElement\":[{\"@type\":\"ListItem\",\"position\":1,\"name\":\"Home\",\"item\":\"https:\\\/\\\/ellebicalzature.it\\\/fr\\\/\"},{\"@type\":\"ListItem\",\"position\":2,\"name\":\"Boutique\",\"item\":\"https:\\\/\\\/ellebicalzature.it\\\/fr\\\/boutique\\\/\"},{\"@type\":\"ListItem\",\"position\":3,\"name\":\"Mules pour homme avec bride haute et entre-doigts\"}]},{\"@type\":\"WebSite\",\"@id\":\"https:\\\/\\\/ellebicalzature.it\\\/fr\\\/#website\",\"url\":\"https:\\\/\\\/ellebicalzature.it\\\/fr\\\/\",\"name\":\"Elleb\u00ec\",\"description\":\"Calzature e accessori Gallipoli\",\"publisher\":{\"@id\":\"https:\\\/\\\/ellebicalzature.it\\\/fr\\\/#organization\"},\"alternateName\":\"Elleb\u00ec | Calzature Gallipoli\",\"potentialAction\":[{\"@type\":\"SearchAction\",\"target\":{\"@type\":\"EntryPoint\",\"urlTemplate\":\"https:\\\/\\\/ellebicalzature.it\\\/fr\\\/?s={search_term_string}\"},\"query-input\":{\"@type\":\"PropertyValueSpecification\",\"valueRequired\":true,\"valueName\":\"search_term_string\"}}],\"inLanguage\":\"fr-FR\"},{\"@type\":\"Organization\",\"@id\":\"https:\\\/\\\/ellebicalzature.it\\\/fr\\\/#organization\",\"name\":\"Ellebi\",\"url\":\"https:\\\/\\\/ellebicalzature.it\\\/fr\\\/\",\"logo\":{\"@type\":\"ImageObject\",\"inLanguage\":\"fr-FR\",\"@id\":\"https:\\\/\\\/ellebicalzature.it\\\/fr\\\/#\\\/schema\\\/logo\\\/image\\\/\",\"url\":\"https:\\\/\\\/ellebicalzature.it\\\/wp-content\\\/uploads\\\/2024\\\/04\\\/logo-ellebi.png\",\"contentUrl\":\"https:\\\/\\\/ellebicalzature.it\\\/wp-content\\\/uploads\\\/2024\\\/04\\\/logo-ellebi.png\",\"width\":221,\"height\":131,\"caption\":\"Ellebi\"},\"image\":{\"@id\":\"https:\\\/\\\/ellebicalzature.it\\\/fr\\\/#\\\/schema\\\/logo\\\/image\\\/\"},\"sameAs\":[\"https:\\\/\\\/www.facebook.com\\\/ellebisandaliartigianaligallipoli\\\/\",\"https:\\\/\\\/www.instagram.com\\\/ellebicalzature\\\/?hl=it\"]}]}<\/script>\n<!-- \/ Yoast SEO plugin. -->","yoast_head_json":{"title":"Mules artisanales pour homme avec bride haute et entre-doigts","description":"Mules artisanales pour homme avec large bride haute, performante sur le cou-de-pied et entre-doigts en cuir souple.","robots":{"index":"index","follow":"follow","max-snippet":"max-snippet:-1","max-image-preview":"max-image-preview:large","max-video-preview":"max-video-preview:-1"},"canonical":"https:\/\/ellebicalzature.it\/fr\/product\/mules-pour-homme-avec-bride-haute-et-entre-doigts\/","og_locale":"fr_FR","og_type":"article","og_title":"Mules artisanales pour homme avec bride haute et entre-doigts","og_description":"Mules artisanales pour homme avec large bride haute, performante sur le cou-de-pied et entre-doigts en cuir souple.","og_url":"https:\/\/ellebicalzature.it\/fr\/product\/mules-pour-homme-avec-bride-haute-et-entre-doigts\/","og_site_name":"Ellebi","article_publisher":"https:\/\/www.facebook.com\/ellebisandaliartigianaligallipoli\/","article_modified_time":"2026-03-19T16:32:02+00:00","og_image":[{"width":1920,"height":1736,"url":"https:\/\/ellebicalzature.it\/wp-content\/uploads\/2020\/05\/immagine_1767979352.webp","type":"image\/webp"}],"twitter_card":"summary_large_image","schema":{"@context":"https:\/\/schema.org","@graph":[{"@type":"WebPage","@id":"https:\/\/ellebicalzature.it\/fr\/product\/mules-pour-homme-avec-bride-haute-et-entre-doigts\/","url":"https:\/\/ellebicalzature.it\/fr\/product\/mules-pour-homme-avec-bride-haute-et-entre-doigts\/","name":"Mules artisanales pour homme avec bride haute et entre-doigts","isPartOf":{"@id":"https:\/\/ellebicalzature.it\/fr\/#website"},"primaryImageOfPage":{"@id":"https:\/\/ellebicalzature.it\/fr\/product\/mules-pour-homme-avec-bride-haute-et-entre-doigts\/#primaryimage"},"image":{"@id":"https:\/\/ellebicalzature.it\/fr\/product\/mules-pour-homme-avec-bride-haute-et-entre-doigts\/#primaryimage"},"thumbnailUrl":"https:\/\/ellebicalzature.it\/wp-content\/uploads\/2020\/05\/immagine_1767979352.webp","datePublished":"2020-05-12T10:40:18+00:00","dateModified":"2026-03-19T16:32:02+00:00","description":"Mules artisanales pour homme avec large bride haute, performante sur le cou-de-pied et entre-doigts en cuir souple.","breadcrumb":{"@id":"https:\/\/ellebicalzature.it\/fr\/product\/mules-pour-homme-avec-bride-haute-et-entre-doigts\/#breadcrumb"},"inLanguage":"fr-FR","potentialAction":[{"@type":"ReadAction","target":["https:\/\/ellebicalzature.it\/fr\/product\/mules-pour-homme-avec-bride-haute-et-entre-doigts\/"]}]},{"@type":"ImageObject","inLanguage":"fr-FR","@id":"https:\/\/ellebicalzature.it\/fr\/product\/mules-pour-homme-avec-bride-haute-et-entre-doigts\/#primaryimage","url":"https:\/\/ellebicalzature.it\/wp-content\/uploads\/2020\/05\/immagine_1767979352.webp","contentUrl":"https:\/\/ellebicalzature.it\/wp-content\/uploads\/2020\/05\/immagine_1767979352.webp","width":1920,"height":1736},{"@type":"BreadcrumbList","@id":"https:\/\/ellebicalzature.it\/fr\/product\/mules-pour-homme-avec-bride-haute-et-entre-doigts\/#breadcrumb","itemListElement":[{"@type":"ListItem","position":1,"name":"Home","item":"https:\/\/ellebicalzature.it\/fr\/"},{"@type":"ListItem","position":2,"name":"Boutique","item":"https:\/\/ellebicalzature.it\/fr\/boutique\/"},{"@type":"ListItem","position":3,"name":"Mules pour homme avec bride haute et entre-doigts"}]},{"@type":"WebSite","@id":"https:\/\/ellebicalzature.it\/fr\/#website","url":"https:\/\/ellebicalzature.it\/fr\/","name":"Elleb\u00ec","description":"Calzature e accessori Gallipoli","publisher":{"@id":"https:\/\/ellebicalzature.it\/fr\/#organization"},"alternateName":"Elleb\u00ec | Calzature Gallipoli","potentialAction":[{"@type":"SearchAction","target":{"@type":"EntryPoint","urlTemplate":"https:\/\/ellebicalzature.it\/fr\/?s={search_term_string}"},"query-input":{"@type":"PropertyValueSpecification","valueRequired":true,"valueName":"search_term_string"}}],"inLanguage":"fr-FR"},{"@type":"Organization","@id":"https:\/\/ellebicalzature.it\/fr\/#organization","name":"Ellebi","url":"https:\/\/ellebicalzature.it\/fr\/","logo":{"@type":"ImageObject","inLanguage":"fr-FR","@id":"https:\/\/ellebicalzature.it\/fr\/#\/schema\/logo\/image\/","url":"https:\/\/ellebicalzature.it\/wp-content\/uploads\/2024\/04\/logo-ellebi.png","contentUrl":"https:\/\/ellebicalzature.it\/wp-content\/uploads\/2024\/04\/logo-ellebi.png","width":221,"height":131,"caption":"Ellebi"},"image":{"@id":"https:\/\/ellebicalzature.it\/fr\/#\/schema\/logo\/image\/"},"sameAs":["https:\/\/www.facebook.com\/ellebisandaliartigianaligallipoli\/","https:\/\/www.instagram.com\/ellebicalzature\/?hl=it"]}]}},"_links":{"self":[{"href":"https:\/\/ellebicalzature.it\/fr\/wp-json\/wp\/v2\/product\/69130","targetHints":{"allow":["GET"]}}],"collection":[{"href":"https:\/\/ellebicalzature.it\/fr\/wp-json\/wp\/v2\/product"}],"about":[{"href":"https:\/\/ellebicalzature.it\/fr\/wp-json\/wp\/v2\/types\/product"}],"replies":[{"embeddable":true,"href":"https:\/\/ellebicalzature.it\/fr\/wp-json\/wp\/v2\/comments?post=69130"}],"version-history":[{"count":1,"href":"https:\/\/ellebicalzature.it\/fr\/wp-json\/wp\/v2\/product\/69130\/revisions"}],"predecessor-version":[{"id":75553,"href":"https:\/\/ellebicalzature.it\/fr\/wp-json\/wp\/v2\/product\/69130\/revisions\/75553"}],"wp:featuredmedia":[{"embeddable":true,"href":"https:\/\/ellebicalzature.it\/fr\/wp-json\/wp\/v2\/media\/71336"}],"wp:attachment":[{"href":"https:\/\/ellebicalzature.it\/fr\/wp-json\/wp\/v2\/media?parent=69130"}],"wp:term":[{"taxonomy":"product_brand","embeddable":true,"href":"https:\/\/ellebicalzature.it\/fr\/wp-json\/wp\/v2\/product_brand?post=69130"},{"taxonomy":"product_cat","embeddable":true,"href":"https:\/\/ellebicalzature.it\/fr\/wp-json\/wp\/v2\/product_cat?post=69130"},{"taxonomy":"product_tag","embeddable":true,"href":"https:\/\/ellebicalzature.it\/fr\/wp-json\/wp\/v2\/product_tag?post=69130"}],"curies":[{"name":"wp","href":"https:\/\/api.w.org\/{rel}","templated":true}]}}