{"id":72177,"date":"2026-01-13T18:40:56","date_gmt":"2026-01-13T17:40:56","guid":{"rendered":"https:\/\/ellebicalzature.it\/product\/mocassins-artisanaux-en-daim-bleu\/"},"modified":"2026-01-13T18:40:56","modified_gmt":"2026-01-13T17:40:56","slug":"mocassins-artisanaux-en-daim-bleu","status":"publish","type":"product","link":"https:\/\/ellebicalzature.it\/fr\/product\/mocassins-artisanaux-en-daim-bleu\/","title":{"rendered":"Mocassins artisanaux en daim bleu"},"content":{"rendered":"<p>Mocassins artisanaux pour homme en daim bleu sur le mod\u00e8le car shoes. Cousus en cuir su\u00e9d\u00e9, avec semelle int\u00e9rieure en cuir et semelle cousue en caoutchouc.<br \/>\nAgr\u00e9ment\u00e9s d&rsquo;un d\u00e9licieux mouchoir de poche. <\/p>\n<p>Chaussures fabriqu\u00e9es \u00e0 la main par des artisans du Salento.<\/p>\n","protected":false},"excerpt":{"rendered":"<p>Mocassins artisanaux pour homme en daim bleu sur le mod\u00e8le car shoes. Cousus en cuir su\u00e9d\u00e9, avec semelle int\u00e9rieure en cuir et semelle cousue en caoutchouc. <\/p>\n","protected":false},"featured_media":71483,"comment_status":"open","ping_status":"closed","template":"","meta":{"_monsterinsights_skip_tracking":false,"_monsterinsights_sitenote_active":false,"_monsterinsights_sitenote_note":"","_monsterinsights_sitenote_category":0},"product_brand":[],"product_cat":[1220,1231],"product_tag":[2733],"class_list":{"0":"post-72177","1":"product","2":"type-product","3":"status-publish","4":"has-post-thumbnail","6":"product_cat-chaussures-artisanales-homme","7":"product_cat-mocassins-artisanaux-homme","8":"product_tag-mocassins-artisanaux-homme","9":"pa_taglia-1355","10":"pa_taglia-1353","11":"pa_taglia-1352","12":"pa_taglia-1351","13":"pa_taglia-1350","14":"pa_taglia-1348","15":"pa_taglia-1347","16":"pa_taglia-1346","18":"first","19":"instock","20":"taxable","21":"shipping-taxable","22":"purchasable","23":"product-type-variable"},"yoast_head":"<!-- This site is optimized with the Yoast SEO plugin v27.3 - https:\/\/yoast.com\/product\/yoast-seo-wordpress\/ -->\n<title>Mocassins artisanaux en daim bleu | Ellebi<\/title>\n<meta name=\"description\" content=\"Mocassins artisanaux pour homme en daim bleu sur le mod\u00e8le car shoes. Cousus en cuir su\u00e9d\u00e9, avec semelle int\u00e9rieure en cuir et semelle cousue en caoutchouc.\" \/>\n<meta name=\"robots\" content=\"index, follow, max-snippet:-1, max-image-preview:large, max-video-preview:-1\" \/>\n<link rel=\"canonical\" href=\"https:\/\/ellebicalzature.it\/fr\/product\/mocassins-artisanaux-en-daim-bleu\/\" \/>\n<meta property=\"og:locale\" content=\"fr_FR\" \/>\n<meta property=\"og:type\" content=\"article\" \/>\n<meta property=\"og:title\" content=\"Mocassins artisanaux en daim bleu | Ellebi\" \/>\n<meta property=\"og:description\" content=\"Mocassins artisanaux pour homme en daim bleu sur le mod\u00e8le car shoes. Cousus en cuir su\u00e9d\u00e9, avec semelle int\u00e9rieure en cuir et semelle cousue en caoutchouc.\" \/>\n<meta property=\"og:url\" content=\"https:\/\/ellebicalzature.it\/fr\/product\/mocassins-artisanaux-en-daim-bleu\/\" \/>\n<meta property=\"og:site_name\" content=\"Ellebi\" \/>\n<meta property=\"article:publisher\" content=\"https:\/\/www.facebook.com\/ellebisandaliartigianaligallipoli\/\" \/>\n<meta property=\"og:image\" content=\"https:\/\/ellebicalzature.it\/wp-content\/uploads\/2026\/01\/immagine_1768325968-e1769773316873.webp\" \/>\n\t<meta property=\"og:image:width\" content=\"1506\" \/>\n\t<meta property=\"og:image:height\" content=\"1445\" \/>\n\t<meta property=\"og:image:type\" content=\"image\/webp\" \/>\n<meta name=\"twitter:card\" content=\"summary_large_image\" \/>\n<script type=\"application\/ld+json\" class=\"yoast-schema-graph\">{\"@context\":\"https:\\\/\\\/schema.org\",\"@graph\":[{\"@type\":\"WebPage\",\"@id\":\"https:\\\/\\\/ellebicalzature.it\\\/fr\\\/product\\\/mocassins-artisanaux-en-daim-bleu\\\/\",\"url\":\"https:\\\/\\\/ellebicalzature.it\\\/fr\\\/product\\\/mocassins-artisanaux-en-daim-bleu\\\/\",\"name\":\"Mocassins artisanaux en daim bleu | Ellebi\",\"isPartOf\":{\"@id\":\"https:\\\/\\\/ellebicalzature.it\\\/fr\\\/#website\"},\"primaryImageOfPage\":{\"@id\":\"https:\\\/\\\/ellebicalzature.it\\\/fr\\\/product\\\/mocassins-artisanaux-en-daim-bleu\\\/#primaryimage\"},\"image\":{\"@id\":\"https:\\\/\\\/ellebicalzature.it\\\/fr\\\/product\\\/mocassins-artisanaux-en-daim-bleu\\\/#primaryimage\"},\"thumbnailUrl\":\"https:\\\/\\\/ellebicalzature.it\\\/wp-content\\\/uploads\\\/2026\\\/01\\\/immagine_1768325968-e1769773316873.webp\",\"datePublished\":\"2026-01-13T17:40:56+00:00\",\"description\":\"Mocassins artisanaux pour homme en daim bleu sur le mod\u00e8le car shoes. Cousus en cuir su\u00e9d\u00e9, avec semelle int\u00e9rieure en cuir et semelle cousue en caoutchouc.\",\"breadcrumb\":{\"@id\":\"https:\\\/\\\/ellebicalzature.it\\\/fr\\\/product\\\/mocassins-artisanaux-en-daim-bleu\\\/#breadcrumb\"},\"inLanguage\":\"fr-FR\",\"potentialAction\":[{\"@type\":\"ReadAction\",\"target\":[\"https:\\\/\\\/ellebicalzature.it\\\/fr\\\/product\\\/mocassins-artisanaux-en-daim-bleu\\\/\"]}]},{\"@type\":\"ImageObject\",\"inLanguage\":\"fr-FR\",\"@id\":\"https:\\\/\\\/ellebicalzature.it\\\/fr\\\/product\\\/mocassins-artisanaux-en-daim-bleu\\\/#primaryimage\",\"url\":\"https:\\\/\\\/ellebicalzature.it\\\/wp-content\\\/uploads\\\/2026\\\/01\\\/immagine_1768325968-e1769773316873.webp\",\"contentUrl\":\"https:\\\/\\\/ellebicalzature.it\\\/wp-content\\\/uploads\\\/2026\\\/01\\\/immagine_1768325968-e1769773316873.webp\",\"width\":1506,\"height\":1445},{\"@type\":\"BreadcrumbList\",\"@id\":\"https:\\\/\\\/ellebicalzature.it\\\/fr\\\/product\\\/mocassins-artisanaux-en-daim-bleu\\\/#breadcrumb\",\"itemListElement\":[{\"@type\":\"ListItem\",\"position\":1,\"name\":\"Home\",\"item\":\"https:\\\/\\\/ellebicalzature.it\\\/fr\\\/\"},{\"@type\":\"ListItem\",\"position\":2,\"name\":\"Boutique\",\"item\":\"https:\\\/\\\/ellebicalzature.it\\\/fr\\\/boutique\\\/\"},{\"@type\":\"ListItem\",\"position\":3,\"name\":\"Mocassins artisanaux en daim bleu\"}]},{\"@type\":\"WebSite\",\"@id\":\"https:\\\/\\\/ellebicalzature.it\\\/fr\\\/#website\",\"url\":\"https:\\\/\\\/ellebicalzature.it\\\/fr\\\/\",\"name\":\"Elleb\u00ec\",\"description\":\"Calzature e accessori Gallipoli\",\"publisher\":{\"@id\":\"https:\\\/\\\/ellebicalzature.it\\\/fr\\\/#organization\"},\"alternateName\":\"Elleb\u00ec | Calzature Gallipoli\",\"potentialAction\":[{\"@type\":\"SearchAction\",\"target\":{\"@type\":\"EntryPoint\",\"urlTemplate\":\"https:\\\/\\\/ellebicalzature.it\\\/fr\\\/?s={search_term_string}\"},\"query-input\":{\"@type\":\"PropertyValueSpecification\",\"valueRequired\":true,\"valueName\":\"search_term_string\"}}],\"inLanguage\":\"fr-FR\"},{\"@type\":\"Organization\",\"@id\":\"https:\\\/\\\/ellebicalzature.it\\\/fr\\\/#organization\",\"name\":\"Ellebi\",\"url\":\"https:\\\/\\\/ellebicalzature.it\\\/fr\\\/\",\"logo\":{\"@type\":\"ImageObject\",\"inLanguage\":\"fr-FR\",\"@id\":\"https:\\\/\\\/ellebicalzature.it\\\/fr\\\/#\\\/schema\\\/logo\\\/image\\\/\",\"url\":\"https:\\\/\\\/ellebicalzature.it\\\/wp-content\\\/uploads\\\/2024\\\/04\\\/logo-ellebi.png\",\"contentUrl\":\"https:\\\/\\\/ellebicalzature.it\\\/wp-content\\\/uploads\\\/2024\\\/04\\\/logo-ellebi.png\",\"width\":221,\"height\":131,\"caption\":\"Ellebi\"},\"image\":{\"@id\":\"https:\\\/\\\/ellebicalzature.it\\\/fr\\\/#\\\/schema\\\/logo\\\/image\\\/\"},\"sameAs\":[\"https:\\\/\\\/www.facebook.com\\\/ellebisandaliartigianaligallipoli\\\/\",\"https:\\\/\\\/www.instagram.com\\\/ellebicalzature\\\/?hl=it\"]}]}<\/script>\n<!-- \/ Yoast SEO plugin. -->","yoast_head_json":{"title":"Mocassins artisanaux en daim bleu | Ellebi","description":"Mocassins artisanaux pour homme en daim bleu sur le mod\u00e8le car shoes. Cousus en cuir su\u00e9d\u00e9, avec semelle int\u00e9rieure en cuir et semelle cousue en caoutchouc.","robots":{"index":"index","follow":"follow","max-snippet":"max-snippet:-1","max-image-preview":"max-image-preview:large","max-video-preview":"max-video-preview:-1"},"canonical":"https:\/\/ellebicalzature.it\/fr\/product\/mocassins-artisanaux-en-daim-bleu\/","og_locale":"fr_FR","og_type":"article","og_title":"Mocassins artisanaux en daim bleu | Ellebi","og_description":"Mocassins artisanaux pour homme en daim bleu sur le mod\u00e8le car shoes. Cousus en cuir su\u00e9d\u00e9, avec semelle int\u00e9rieure en cuir et semelle cousue en caoutchouc.","og_url":"https:\/\/ellebicalzature.it\/fr\/product\/mocassins-artisanaux-en-daim-bleu\/","og_site_name":"Ellebi","article_publisher":"https:\/\/www.facebook.com\/ellebisandaliartigianaligallipoli\/","og_image":[{"width":1506,"height":1445,"url":"https:\/\/ellebicalzature.it\/wp-content\/uploads\/2026\/01\/immagine_1768325968-e1769773316873.webp","type":"image\/webp"}],"twitter_card":"summary_large_image","schema":{"@context":"https:\/\/schema.org","@graph":[{"@type":"WebPage","@id":"https:\/\/ellebicalzature.it\/fr\/product\/mocassins-artisanaux-en-daim-bleu\/","url":"https:\/\/ellebicalzature.it\/fr\/product\/mocassins-artisanaux-en-daim-bleu\/","name":"Mocassins artisanaux en daim bleu | Ellebi","isPartOf":{"@id":"https:\/\/ellebicalzature.it\/fr\/#website"},"primaryImageOfPage":{"@id":"https:\/\/ellebicalzature.it\/fr\/product\/mocassins-artisanaux-en-daim-bleu\/#primaryimage"},"image":{"@id":"https:\/\/ellebicalzature.it\/fr\/product\/mocassins-artisanaux-en-daim-bleu\/#primaryimage"},"thumbnailUrl":"https:\/\/ellebicalzature.it\/wp-content\/uploads\/2026\/01\/immagine_1768325968-e1769773316873.webp","datePublished":"2026-01-13T17:40:56+00:00","description":"Mocassins artisanaux pour homme en daim bleu sur le mod\u00e8le car shoes. Cousus en cuir su\u00e9d\u00e9, avec semelle int\u00e9rieure en cuir et semelle cousue en caoutchouc.","breadcrumb":{"@id":"https:\/\/ellebicalzature.it\/fr\/product\/mocassins-artisanaux-en-daim-bleu\/#breadcrumb"},"inLanguage":"fr-FR","potentialAction":[{"@type":"ReadAction","target":["https:\/\/ellebicalzature.it\/fr\/product\/mocassins-artisanaux-en-daim-bleu\/"]}]},{"@type":"ImageObject","inLanguage":"fr-FR","@id":"https:\/\/ellebicalzature.it\/fr\/product\/mocassins-artisanaux-en-daim-bleu\/#primaryimage","url":"https:\/\/ellebicalzature.it\/wp-content\/uploads\/2026\/01\/immagine_1768325968-e1769773316873.webp","contentUrl":"https:\/\/ellebicalzature.it\/wp-content\/uploads\/2026\/01\/immagine_1768325968-e1769773316873.webp","width":1506,"height":1445},{"@type":"BreadcrumbList","@id":"https:\/\/ellebicalzature.it\/fr\/product\/mocassins-artisanaux-en-daim-bleu\/#breadcrumb","itemListElement":[{"@type":"ListItem","position":1,"name":"Home","item":"https:\/\/ellebicalzature.it\/fr\/"},{"@type":"ListItem","position":2,"name":"Boutique","item":"https:\/\/ellebicalzature.it\/fr\/boutique\/"},{"@type":"ListItem","position":3,"name":"Mocassins artisanaux en daim bleu"}]},{"@type":"WebSite","@id":"https:\/\/ellebicalzature.it\/fr\/#website","url":"https:\/\/ellebicalzature.it\/fr\/","name":"Elleb\u00ec","description":"Calzature e accessori Gallipoli","publisher":{"@id":"https:\/\/ellebicalzature.it\/fr\/#organization"},"alternateName":"Elleb\u00ec | Calzature Gallipoli","potentialAction":[{"@type":"SearchAction","target":{"@type":"EntryPoint","urlTemplate":"https:\/\/ellebicalzature.it\/fr\/?s={search_term_string}"},"query-input":{"@type":"PropertyValueSpecification","valueRequired":true,"valueName":"search_term_string"}}],"inLanguage":"fr-FR"},{"@type":"Organization","@id":"https:\/\/ellebicalzature.it\/fr\/#organization","name":"Ellebi","url":"https:\/\/ellebicalzature.it\/fr\/","logo":{"@type":"ImageObject","inLanguage":"fr-FR","@id":"https:\/\/ellebicalzature.it\/fr\/#\/schema\/logo\/image\/","url":"https:\/\/ellebicalzature.it\/wp-content\/uploads\/2024\/04\/logo-ellebi.png","contentUrl":"https:\/\/ellebicalzature.it\/wp-content\/uploads\/2024\/04\/logo-ellebi.png","width":221,"height":131,"caption":"Ellebi"},"image":{"@id":"https:\/\/ellebicalzature.it\/fr\/#\/schema\/logo\/image\/"},"sameAs":["https:\/\/www.facebook.com\/ellebisandaliartigianaligallipoli\/","https:\/\/www.instagram.com\/ellebicalzature\/?hl=it"]}]}},"_links":{"self":[{"href":"https:\/\/ellebicalzature.it\/fr\/wp-json\/wp\/v2\/product\/72177","targetHints":{"allow":["GET"]}}],"collection":[{"href":"https:\/\/ellebicalzature.it\/fr\/wp-json\/wp\/v2\/product"}],"about":[{"href":"https:\/\/ellebicalzature.it\/fr\/wp-json\/wp\/v2\/types\/product"}],"replies":[{"embeddable":true,"href":"https:\/\/ellebicalzature.it\/fr\/wp-json\/wp\/v2\/comments?post=72177"}],"version-history":[{"count":0,"href":"https:\/\/ellebicalzature.it\/fr\/wp-json\/wp\/v2\/product\/72177\/revisions"}],"wp:featuredmedia":[{"embeddable":true,"href":"https:\/\/ellebicalzature.it\/fr\/wp-json\/wp\/v2\/media\/71483"}],"wp:attachment":[{"href":"https:\/\/ellebicalzature.it\/fr\/wp-json\/wp\/v2\/media?parent=72177"}],"wp:term":[{"taxonomy":"product_brand","embeddable":true,"href":"https:\/\/ellebicalzature.it\/fr\/wp-json\/wp\/v2\/product_brand?post=72177"},{"taxonomy":"product_cat","embeddable":true,"href":"https:\/\/ellebicalzature.it\/fr\/wp-json\/wp\/v2\/product_cat?post=72177"},{"taxonomy":"product_tag","embeddable":true,"href":"https:\/\/ellebicalzature.it\/fr\/wp-json\/wp\/v2\/product_tag?post=72177"}],"curies":[{"name":"wp","href":"https:\/\/api.w.org\/{rel}","templated":true}]}}