{"id":76114,"date":"2026-03-10T16:36:25","date_gmt":"2026-03-10T15:36:25","guid":{"rendered":"https:\/\/ellebicalzature.it\/product\/sandales-homme-tressees-en-cuir-suede\/"},"modified":"2026-03-10T16:36:25","modified_gmt":"2026-03-10T15:36:25","slug":"sandales-homme-tressees-en-cuir-suede","status":"publish","type":"product","link":"https:\/\/ellebicalzature.it\/fr\/product\/sandales-homme-tressees-en-cuir-suede\/","title":{"rendered":"Sandales homme tress\u00e9es en cuir su\u00e9d\u00e9"},"content":{"rendered":"<p>Sandales artisanales pour homme en cuir su\u00e9d\u00e9 avec tressage cage, r\u00e9glables par boucle lat\u00e9rale. Confortables, respirantes et id\u00e9ales pour un usage quotidien gr\u00e2ce \u00e0 leur structure stable et leur semelle l\u00e9g\u00e8re. <\/p>\n","protected":false},"excerpt":{"rendered":"<p>Sandales artisanales pour homme en cuir su\u00e9d\u00e9 avec tressage cage, fabriqu\u00e9es par des artisans du Salento.<\/p>\n<p>La structure tress\u00e9e offre une excellente respirabilit\u00e9 et stabilit\u00e9, tandis que la boucle lat\u00e9rale r\u00e9glable permet dajuster le chaussant avec pr\u00e9cision. La semelle anatomique soutient naturellement la vo\u00fbte plantaire, assurant un confort prolong\u00e9 et une posture plus correcte. Le tout est compl\u00e9t\u00e9 par une semelle l\u00e9g\u00e8re et flexible.  <\/p>\n","protected":false},"featured_media":69651,"comment_status":"open","ping_status":"closed","template":"","meta":{"_monsterinsights_skip_tracking":false,"_monsterinsights_sitenote_active":false,"_monsterinsights_sitenote_note":"","_monsterinsights_sitenote_category":0},"product_brand":[],"product_cat":[1220,1229,1213],"product_tag":[1824],"class_list":{"0":"post-76114","1":"product","2":"type-product","3":"status-publish","4":"has-post-thumbnail","6":"product_cat-chaussures-artisanales-homme","7":"product_cat-sandales-artisanales-homme","8":"product_cat-sandales-homme-artisanales-gladiateur","9":"product_tag-sandales-artisanales-homme","10":"pa_taglia-1355","11":"pa_taglia-1353","12":"pa_taglia-1352","13":"pa_taglia-1351","14":"pa_taglia-1350","15":"pa_taglia-1348","16":"pa_taglia-1347","17":"pa_taglia-1346","19":"first","20":"instock","21":"taxable","22":"shipping-taxable","23":"purchasable","24":"product-type-variable"},"yoast_head":"<!-- This site is optimized with the Yoast SEO plugin v27.3 - https:\/\/yoast.com\/product\/yoast-seo-wordpress\/ -->\n<title>Sandales homme tress\u00e9es en cuir su\u00e9d\u00e9 | Ellebi<\/title>\n<meta name=\"description\" content=\"Sandales pour homme en cuir su\u00e9d\u00e9 avec tressage cage et semelle anatomique, r\u00e9glables et confortables. Id\u00e9ales pour un usage quotidien.\" \/>\n<meta name=\"robots\" content=\"index, follow, max-snippet:-1, max-image-preview:large, max-video-preview:-1\" \/>\n<link rel=\"canonical\" href=\"https:\/\/ellebicalzature.it\/fr\/product\/sandales-homme-tressees-en-cuir-suede\/\" \/>\n<meta property=\"og:locale\" content=\"fr_FR\" \/>\n<meta property=\"og:type\" content=\"article\" \/>\n<meta property=\"og:title\" content=\"Sandales homme tress\u00e9es en cuir su\u00e9d\u00e9 | Ellebi\" \/>\n<meta property=\"og:description\" content=\"Sandales pour homme en cuir su\u00e9d\u00e9 avec tressage cage et semelle anatomique, r\u00e9glables et confortables. Id\u00e9ales pour un usage quotidien.\" \/>\n<meta property=\"og:url\" content=\"https:\/\/ellebicalzature.it\/fr\/product\/sandales-homme-tressees-en-cuir-suede\/\" \/>\n<meta property=\"og:site_name\" content=\"Ellebi\" \/>\n<meta property=\"article:publisher\" content=\"https:\/\/www.facebook.com\/ellebisandaliartigianaligallipoli\/\" \/>\n<meta property=\"og:image\" content=\"https:\/\/ellebicalzature.it\/wp-content\/uploads\/2025\/12\/2554F77A-6CE3-4DD5-BE49-B22AAF737F98-700x723-1.webp\" \/>\n\t<meta property=\"og:image:width\" content=\"700\" \/>\n\t<meta property=\"og:image:height\" content=\"723\" \/>\n\t<meta property=\"og:image:type\" content=\"image\/webp\" \/>\n<meta name=\"twitter:card\" content=\"summary_large_image\" \/>\n<script type=\"application\/ld+json\" class=\"yoast-schema-graph\">{\"@context\":\"https:\\\/\\\/schema.org\",\"@graph\":[{\"@type\":\"WebPage\",\"@id\":\"https:\\\/\\\/ellebicalzature.it\\\/fr\\\/product\\\/sandales-homme-tressees-en-cuir-suede\\\/\",\"url\":\"https:\\\/\\\/ellebicalzature.it\\\/fr\\\/product\\\/sandales-homme-tressees-en-cuir-suede\\\/\",\"name\":\"Sandales homme tress\u00e9es en cuir su\u00e9d\u00e9 | Ellebi\",\"isPartOf\":{\"@id\":\"https:\\\/\\\/ellebicalzature.it\\\/fr\\\/#website\"},\"primaryImageOfPage\":{\"@id\":\"https:\\\/\\\/ellebicalzature.it\\\/fr\\\/product\\\/sandales-homme-tressees-en-cuir-suede\\\/#primaryimage\"},\"image\":{\"@id\":\"https:\\\/\\\/ellebicalzature.it\\\/fr\\\/product\\\/sandales-homme-tressees-en-cuir-suede\\\/#primaryimage\"},\"thumbnailUrl\":\"https:\\\/\\\/ellebicalzature.it\\\/wp-content\\\/uploads\\\/2025\\\/12\\\/2554F77A-6CE3-4DD5-BE49-B22AAF737F98-700x723-1.webp\",\"datePublished\":\"2026-03-10T15:36:25+00:00\",\"description\":\"Sandales pour homme en cuir su\u00e9d\u00e9 avec tressage cage et semelle anatomique, r\u00e9glables et confortables. Id\u00e9ales pour un usage quotidien.\",\"breadcrumb\":{\"@id\":\"https:\\\/\\\/ellebicalzature.it\\\/fr\\\/product\\\/sandales-homme-tressees-en-cuir-suede\\\/#breadcrumb\"},\"inLanguage\":\"fr-FR\",\"potentialAction\":[{\"@type\":\"ReadAction\",\"target\":[\"https:\\\/\\\/ellebicalzature.it\\\/fr\\\/product\\\/sandales-homme-tressees-en-cuir-suede\\\/\"]}]},{\"@type\":\"ImageObject\",\"inLanguage\":\"fr-FR\",\"@id\":\"https:\\\/\\\/ellebicalzature.it\\\/fr\\\/product\\\/sandales-homme-tressees-en-cuir-suede\\\/#primaryimage\",\"url\":\"https:\\\/\\\/ellebicalzature.it\\\/wp-content\\\/uploads\\\/2025\\\/12\\\/2554F77A-6CE3-4DD5-BE49-B22AAF737F98-700x723-1.webp\",\"contentUrl\":\"https:\\\/\\\/ellebicalzature.it\\\/wp-content\\\/uploads\\\/2025\\\/12\\\/2554F77A-6CE3-4DD5-BE49-B22AAF737F98-700x723-1.webp\",\"width\":700,\"height\":723},{\"@type\":\"BreadcrumbList\",\"@id\":\"https:\\\/\\\/ellebicalzature.it\\\/fr\\\/product\\\/sandales-homme-tressees-en-cuir-suede\\\/#breadcrumb\",\"itemListElement\":[{\"@type\":\"ListItem\",\"position\":1,\"name\":\"Home\",\"item\":\"https:\\\/\\\/ellebicalzature.it\\\/fr\\\/\"},{\"@type\":\"ListItem\",\"position\":2,\"name\":\"Boutique\",\"item\":\"https:\\\/\\\/ellebicalzature.it\\\/fr\\\/boutique\\\/\"},{\"@type\":\"ListItem\",\"position\":3,\"name\":\"Sandales homme tress\u00e9es en cuir su\u00e9d\u00e9\"}]},{\"@type\":\"WebSite\",\"@id\":\"https:\\\/\\\/ellebicalzature.it\\\/fr\\\/#website\",\"url\":\"https:\\\/\\\/ellebicalzature.it\\\/fr\\\/\",\"name\":\"Elleb\u00ec\",\"description\":\"Calzature e accessori Gallipoli\",\"publisher\":{\"@id\":\"https:\\\/\\\/ellebicalzature.it\\\/fr\\\/#organization\"},\"alternateName\":\"Elleb\u00ec | Calzature Gallipoli\",\"potentialAction\":[{\"@type\":\"SearchAction\",\"target\":{\"@type\":\"EntryPoint\",\"urlTemplate\":\"https:\\\/\\\/ellebicalzature.it\\\/fr\\\/?s={search_term_string}\"},\"query-input\":{\"@type\":\"PropertyValueSpecification\",\"valueRequired\":true,\"valueName\":\"search_term_string\"}}],\"inLanguage\":\"fr-FR\"},{\"@type\":\"Organization\",\"@id\":\"https:\\\/\\\/ellebicalzature.it\\\/fr\\\/#organization\",\"name\":\"Ellebi\",\"url\":\"https:\\\/\\\/ellebicalzature.it\\\/fr\\\/\",\"logo\":{\"@type\":\"ImageObject\",\"inLanguage\":\"fr-FR\",\"@id\":\"https:\\\/\\\/ellebicalzature.it\\\/fr\\\/#\\\/schema\\\/logo\\\/image\\\/\",\"url\":\"https:\\\/\\\/ellebicalzature.it\\\/wp-content\\\/uploads\\\/2024\\\/04\\\/logo-ellebi.png\",\"contentUrl\":\"https:\\\/\\\/ellebicalzature.it\\\/wp-content\\\/uploads\\\/2024\\\/04\\\/logo-ellebi.png\",\"width\":221,\"height\":131,\"caption\":\"Ellebi\"},\"image\":{\"@id\":\"https:\\\/\\\/ellebicalzature.it\\\/fr\\\/#\\\/schema\\\/logo\\\/image\\\/\"},\"sameAs\":[\"https:\\\/\\\/www.facebook.com\\\/ellebisandaliartigianaligallipoli\\\/\",\"https:\\\/\\\/www.instagram.com\\\/ellebicalzature\\\/?hl=it\"]}]}<\/script>\n<!-- \/ Yoast SEO plugin. -->","yoast_head_json":{"title":"Sandales homme tress\u00e9es en cuir su\u00e9d\u00e9 | Ellebi","description":"Sandales pour homme en cuir su\u00e9d\u00e9 avec tressage cage et semelle anatomique, r\u00e9glables et confortables. Id\u00e9ales pour un usage quotidien.","robots":{"index":"index","follow":"follow","max-snippet":"max-snippet:-1","max-image-preview":"max-image-preview:large","max-video-preview":"max-video-preview:-1"},"canonical":"https:\/\/ellebicalzature.it\/fr\/product\/sandales-homme-tressees-en-cuir-suede\/","og_locale":"fr_FR","og_type":"article","og_title":"Sandales homme tress\u00e9es en cuir su\u00e9d\u00e9 | Ellebi","og_description":"Sandales pour homme en cuir su\u00e9d\u00e9 avec tressage cage et semelle anatomique, r\u00e9glables et confortables. Id\u00e9ales pour un usage quotidien.","og_url":"https:\/\/ellebicalzature.it\/fr\/product\/sandales-homme-tressees-en-cuir-suede\/","og_site_name":"Ellebi","article_publisher":"https:\/\/www.facebook.com\/ellebisandaliartigianaligallipoli\/","og_image":[{"width":700,"height":723,"url":"https:\/\/ellebicalzature.it\/wp-content\/uploads\/2025\/12\/2554F77A-6CE3-4DD5-BE49-B22AAF737F98-700x723-1.webp","type":"image\/webp"}],"twitter_card":"summary_large_image","schema":{"@context":"https:\/\/schema.org","@graph":[{"@type":"WebPage","@id":"https:\/\/ellebicalzature.it\/fr\/product\/sandales-homme-tressees-en-cuir-suede\/","url":"https:\/\/ellebicalzature.it\/fr\/product\/sandales-homme-tressees-en-cuir-suede\/","name":"Sandales homme tress\u00e9es en cuir su\u00e9d\u00e9 | Ellebi","isPartOf":{"@id":"https:\/\/ellebicalzature.it\/fr\/#website"},"primaryImageOfPage":{"@id":"https:\/\/ellebicalzature.it\/fr\/product\/sandales-homme-tressees-en-cuir-suede\/#primaryimage"},"image":{"@id":"https:\/\/ellebicalzature.it\/fr\/product\/sandales-homme-tressees-en-cuir-suede\/#primaryimage"},"thumbnailUrl":"https:\/\/ellebicalzature.it\/wp-content\/uploads\/2025\/12\/2554F77A-6CE3-4DD5-BE49-B22AAF737F98-700x723-1.webp","datePublished":"2026-03-10T15:36:25+00:00","description":"Sandales pour homme en cuir su\u00e9d\u00e9 avec tressage cage et semelle anatomique, r\u00e9glables et confortables. Id\u00e9ales pour un usage quotidien.","breadcrumb":{"@id":"https:\/\/ellebicalzature.it\/fr\/product\/sandales-homme-tressees-en-cuir-suede\/#breadcrumb"},"inLanguage":"fr-FR","potentialAction":[{"@type":"ReadAction","target":["https:\/\/ellebicalzature.it\/fr\/product\/sandales-homme-tressees-en-cuir-suede\/"]}]},{"@type":"ImageObject","inLanguage":"fr-FR","@id":"https:\/\/ellebicalzature.it\/fr\/product\/sandales-homme-tressees-en-cuir-suede\/#primaryimage","url":"https:\/\/ellebicalzature.it\/wp-content\/uploads\/2025\/12\/2554F77A-6CE3-4DD5-BE49-B22AAF737F98-700x723-1.webp","contentUrl":"https:\/\/ellebicalzature.it\/wp-content\/uploads\/2025\/12\/2554F77A-6CE3-4DD5-BE49-B22AAF737F98-700x723-1.webp","width":700,"height":723},{"@type":"BreadcrumbList","@id":"https:\/\/ellebicalzature.it\/fr\/product\/sandales-homme-tressees-en-cuir-suede\/#breadcrumb","itemListElement":[{"@type":"ListItem","position":1,"name":"Home","item":"https:\/\/ellebicalzature.it\/fr\/"},{"@type":"ListItem","position":2,"name":"Boutique","item":"https:\/\/ellebicalzature.it\/fr\/boutique\/"},{"@type":"ListItem","position":3,"name":"Sandales homme tress\u00e9es en cuir su\u00e9d\u00e9"}]},{"@type":"WebSite","@id":"https:\/\/ellebicalzature.it\/fr\/#website","url":"https:\/\/ellebicalzature.it\/fr\/","name":"Elleb\u00ec","description":"Calzature e accessori Gallipoli","publisher":{"@id":"https:\/\/ellebicalzature.it\/fr\/#organization"},"alternateName":"Elleb\u00ec | Calzature Gallipoli","potentialAction":[{"@type":"SearchAction","target":{"@type":"EntryPoint","urlTemplate":"https:\/\/ellebicalzature.it\/fr\/?s={search_term_string}"},"query-input":{"@type":"PropertyValueSpecification","valueRequired":true,"valueName":"search_term_string"}}],"inLanguage":"fr-FR"},{"@type":"Organization","@id":"https:\/\/ellebicalzature.it\/fr\/#organization","name":"Ellebi","url":"https:\/\/ellebicalzature.it\/fr\/","logo":{"@type":"ImageObject","inLanguage":"fr-FR","@id":"https:\/\/ellebicalzature.it\/fr\/#\/schema\/logo\/image\/","url":"https:\/\/ellebicalzature.it\/wp-content\/uploads\/2024\/04\/logo-ellebi.png","contentUrl":"https:\/\/ellebicalzature.it\/wp-content\/uploads\/2024\/04\/logo-ellebi.png","width":221,"height":131,"caption":"Ellebi"},"image":{"@id":"https:\/\/ellebicalzature.it\/fr\/#\/schema\/logo\/image\/"},"sameAs":["https:\/\/www.facebook.com\/ellebisandaliartigianaligallipoli\/","https:\/\/www.instagram.com\/ellebicalzature\/?hl=it"]}]}},"_links":{"self":[{"href":"https:\/\/ellebicalzature.it\/fr\/wp-json\/wp\/v2\/product\/76114","targetHints":{"allow":["GET"]}}],"collection":[{"href":"https:\/\/ellebicalzature.it\/fr\/wp-json\/wp\/v2\/product"}],"about":[{"href":"https:\/\/ellebicalzature.it\/fr\/wp-json\/wp\/v2\/types\/product"}],"replies":[{"embeddable":true,"href":"https:\/\/ellebicalzature.it\/fr\/wp-json\/wp\/v2\/comments?post=76114"}],"version-history":[{"count":0,"href":"https:\/\/ellebicalzature.it\/fr\/wp-json\/wp\/v2\/product\/76114\/revisions"}],"wp:featuredmedia":[{"embeddable":true,"href":"https:\/\/ellebicalzature.it\/fr\/wp-json\/wp\/v2\/media\/69651"}],"wp:attachment":[{"href":"https:\/\/ellebicalzature.it\/fr\/wp-json\/wp\/v2\/media?parent=76114"}],"wp:term":[{"taxonomy":"product_brand","embeddable":true,"href":"https:\/\/ellebicalzature.it\/fr\/wp-json\/wp\/v2\/product_brand?post=76114"},{"taxonomy":"product_cat","embeddable":true,"href":"https:\/\/ellebicalzature.it\/fr\/wp-json\/wp\/v2\/product_cat?post=76114"},{"taxonomy":"product_tag","embeddable":true,"href":"https:\/\/ellebicalzature.it\/fr\/wp-json\/wp\/v2\/product_tag?post=76114"}],"curies":[{"name":"wp","href":"https:\/\/api.w.org\/{rel}","templated":true}]}}