{"id":76223,"date":"2026-03-12T13:04:28","date_gmt":"2026-03-12T12:04:28","guid":{"rendered":"https:\/\/ellebicalzature.it\/product\/menorquinas-artisanales-en-cuir-marron\/"},"modified":"2026-03-12T13:04:28","modified_gmt":"2026-03-12T12:04:28","slug":"menorquinas-artisanales-en-cuir-marron","status":"publish","type":"product","link":"https:\/\/ellebicalzature.it\/fr\/product\/menorquinas-artisanales-en-cuir-marron\/","title":{"rendered":"Menorquinas artisanales en cuir marron"},"content":{"rendered":"<p>Menorquinas artisanales en cuir marron.<\/p>\n","protected":false},"excerpt":{"rendered":"<p>Menorquinas artisanales pour femme en cuir marron. Semelle int\u00e9rieure en cuir et semelle en caoutchouc all\u00e9g\u00e9. Maintien \u00e0 la cheville avec \u00e9lastique.   R\u00e9alis\u00e9es \u00e0 la main par des artisans du Salento.<\/p>\n","protected":false},"featured_media":72478,"comment_status":"open","ping_status":"closed","template":"","meta":{"_monsterinsights_skip_tracking":false,"_monsterinsights_sitenote_active":false,"_monsterinsights_sitenote_note":"","_monsterinsights_sitenote_category":0},"product_brand":[],"product_cat":[1217,1239],"product_tag":[2747],"class_list":{"0":"post-76223","1":"product","2":"type-product","3":"status-publish","4":"has-post-thumbnail","6":"product_cat-chaussures-artisanales-femme","7":"product_cat-menorquinas-artisanales-pour-femme","8":"product_tag-menorquinas-artisanales","9":"pa_taglia-1756","10":"pa_taglia-1349","11":"pa_taglia-1356","12":"pa_taglia-1354","13":"pa_taglia-1357","14":"pa_taglia-1355","15":"pa_taglia-1353","16":"pa_taglia-1352","17":"pa_taglia-1351","19":"first","20":"instock","21":"taxable","22":"shipping-taxable","23":"purchasable","24":"product-type-variable"},"yoast_head":"<!-- This site is optimized with the Yoast SEO plugin v27.3 - https:\/\/yoast.com\/product\/yoast-seo-wordpress\/ -->\n<title>Menorquinas artisanales en cuir marron | Ellebi<\/title>\n<meta name=\"description\" content=\"Menorquinas artisanales pour femme en cuir marron. Semelle int\u00e9rieure en cuir et semelle en caoutchouc all\u00e9g\u00e9. R\u00e9alis\u00e9es \u00e0 la main par des artisans du Salento.\" \/>\n<meta name=\"robots\" content=\"index, follow, max-snippet:-1, max-image-preview:large, max-video-preview:-1\" \/>\n<link rel=\"canonical\" href=\"https:\/\/ellebicalzature.it\/fr\/product\/menorquinas-artisanales-en-cuir-marron\/\" \/>\n<meta property=\"og:locale\" content=\"fr_FR\" \/>\n<meta property=\"og:type\" content=\"article\" \/>\n<meta property=\"og:title\" content=\"Menorquinas artisanales en cuir marron | Ellebi\" \/>\n<meta property=\"og:description\" content=\"Menorquinas artisanales pour femme en cuir marron. Semelle int\u00e9rieure en cuir et semelle en caoutchouc all\u00e9g\u00e9. R\u00e9alis\u00e9es \u00e0 la main par des artisans du Salento.\" \/>\n<meta property=\"og:url\" content=\"https:\/\/ellebicalzature.it\/fr\/product\/menorquinas-artisanales-en-cuir-marron\/\" \/>\n<meta property=\"og:site_name\" content=\"Ellebi\" \/>\n<meta property=\"article:publisher\" content=\"https:\/\/www.facebook.com\/ellebisandaliartigianaligallipoli\/\" \/>\n<meta property=\"og:image\" content=\"https:\/\/ellebicalzature.it\/wp-content\/uploads\/2026\/03\/immagine_1773316987.webp\" \/>\n\t<meta property=\"og:image:width\" content=\"2080\" \/>\n\t<meta property=\"og:image:height\" content=\"2004\" \/>\n\t<meta property=\"og:image:type\" content=\"image\/webp\" \/>\n<meta name=\"twitter:card\" content=\"summary_large_image\" \/>\n<script type=\"application\/ld+json\" class=\"yoast-schema-graph\">{\"@context\":\"https:\\\/\\\/schema.org\",\"@graph\":[{\"@type\":\"WebPage\",\"@id\":\"https:\\\/\\\/ellebicalzature.it\\\/fr\\\/product\\\/menorquinas-artisanales-en-cuir-marron\\\/\",\"url\":\"https:\\\/\\\/ellebicalzature.it\\\/fr\\\/product\\\/menorquinas-artisanales-en-cuir-marron\\\/\",\"name\":\"Menorquinas artisanales en cuir marron | Ellebi\",\"isPartOf\":{\"@id\":\"https:\\\/\\\/ellebicalzature.it\\\/fr\\\/#website\"},\"primaryImageOfPage\":{\"@id\":\"https:\\\/\\\/ellebicalzature.it\\\/fr\\\/product\\\/menorquinas-artisanales-en-cuir-marron\\\/#primaryimage\"},\"image\":{\"@id\":\"https:\\\/\\\/ellebicalzature.it\\\/fr\\\/product\\\/menorquinas-artisanales-en-cuir-marron\\\/#primaryimage\"},\"thumbnailUrl\":\"https:\\\/\\\/ellebicalzature.it\\\/wp-content\\\/uploads\\\/2026\\\/03\\\/immagine_1773316987.webp\",\"datePublished\":\"2026-03-12T12:04:28+00:00\",\"description\":\"Menorquinas artisanales pour femme en cuir marron. Semelle int\u00e9rieure en cuir et semelle en caoutchouc all\u00e9g\u00e9. R\u00e9alis\u00e9es \u00e0 la main par des artisans du Salento.\",\"breadcrumb\":{\"@id\":\"https:\\\/\\\/ellebicalzature.it\\\/fr\\\/product\\\/menorquinas-artisanales-en-cuir-marron\\\/#breadcrumb\"},\"inLanguage\":\"fr-FR\",\"potentialAction\":[{\"@type\":\"ReadAction\",\"target\":[\"https:\\\/\\\/ellebicalzature.it\\\/fr\\\/product\\\/menorquinas-artisanales-en-cuir-marron\\\/\"]}]},{\"@type\":\"ImageObject\",\"inLanguage\":\"fr-FR\",\"@id\":\"https:\\\/\\\/ellebicalzature.it\\\/fr\\\/product\\\/menorquinas-artisanales-en-cuir-marron\\\/#primaryimage\",\"url\":\"https:\\\/\\\/ellebicalzature.it\\\/wp-content\\\/uploads\\\/2026\\\/03\\\/immagine_1773316987.webp\",\"contentUrl\":\"https:\\\/\\\/ellebicalzature.it\\\/wp-content\\\/uploads\\\/2026\\\/03\\\/immagine_1773316987.webp\",\"width\":2080,\"height\":2004},{\"@type\":\"BreadcrumbList\",\"@id\":\"https:\\\/\\\/ellebicalzature.it\\\/fr\\\/product\\\/menorquinas-artisanales-en-cuir-marron\\\/#breadcrumb\",\"itemListElement\":[{\"@type\":\"ListItem\",\"position\":1,\"name\":\"Home\",\"item\":\"https:\\\/\\\/ellebicalzature.it\\\/fr\\\/\"},{\"@type\":\"ListItem\",\"position\":2,\"name\":\"Boutique\",\"item\":\"https:\\\/\\\/ellebicalzature.it\\\/fr\\\/boutique\\\/\"},{\"@type\":\"ListItem\",\"position\":3,\"name\":\"Menorquinas artisanales en cuir marron\"}]},{\"@type\":\"WebSite\",\"@id\":\"https:\\\/\\\/ellebicalzature.it\\\/fr\\\/#website\",\"url\":\"https:\\\/\\\/ellebicalzature.it\\\/fr\\\/\",\"name\":\"Elleb\u00ec\",\"description\":\"Calzature e accessori Gallipoli\",\"publisher\":{\"@id\":\"https:\\\/\\\/ellebicalzature.it\\\/fr\\\/#organization\"},\"alternateName\":\"Elleb\u00ec | Calzature Gallipoli\",\"potentialAction\":[{\"@type\":\"SearchAction\",\"target\":{\"@type\":\"EntryPoint\",\"urlTemplate\":\"https:\\\/\\\/ellebicalzature.it\\\/fr\\\/?s={search_term_string}\"},\"query-input\":{\"@type\":\"PropertyValueSpecification\",\"valueRequired\":true,\"valueName\":\"search_term_string\"}}],\"inLanguage\":\"fr-FR\"},{\"@type\":\"Organization\",\"@id\":\"https:\\\/\\\/ellebicalzature.it\\\/fr\\\/#organization\",\"name\":\"Ellebi\",\"url\":\"https:\\\/\\\/ellebicalzature.it\\\/fr\\\/\",\"logo\":{\"@type\":\"ImageObject\",\"inLanguage\":\"fr-FR\",\"@id\":\"https:\\\/\\\/ellebicalzature.it\\\/fr\\\/#\\\/schema\\\/logo\\\/image\\\/\",\"url\":\"https:\\\/\\\/ellebicalzature.it\\\/wp-content\\\/uploads\\\/2024\\\/04\\\/logo-ellebi.png\",\"contentUrl\":\"https:\\\/\\\/ellebicalzature.it\\\/wp-content\\\/uploads\\\/2024\\\/04\\\/logo-ellebi.png\",\"width\":221,\"height\":131,\"caption\":\"Ellebi\"},\"image\":{\"@id\":\"https:\\\/\\\/ellebicalzature.it\\\/fr\\\/#\\\/schema\\\/logo\\\/image\\\/\"},\"sameAs\":[\"https:\\\/\\\/www.facebook.com\\\/ellebisandaliartigianaligallipoli\\\/\",\"https:\\\/\\\/www.instagram.com\\\/ellebicalzature\\\/?hl=it\"]}]}<\/script>\n<!-- \/ Yoast SEO plugin. -->","yoast_head_json":{"title":"Menorquinas artisanales en cuir marron | Ellebi","description":"Menorquinas artisanales pour femme en cuir marron. Semelle int\u00e9rieure en cuir et semelle en caoutchouc all\u00e9g\u00e9. R\u00e9alis\u00e9es \u00e0 la main par des artisans du Salento.","robots":{"index":"index","follow":"follow","max-snippet":"max-snippet:-1","max-image-preview":"max-image-preview:large","max-video-preview":"max-video-preview:-1"},"canonical":"https:\/\/ellebicalzature.it\/fr\/product\/menorquinas-artisanales-en-cuir-marron\/","og_locale":"fr_FR","og_type":"article","og_title":"Menorquinas artisanales en cuir marron | Ellebi","og_description":"Menorquinas artisanales pour femme en cuir marron. Semelle int\u00e9rieure en cuir et semelle en caoutchouc all\u00e9g\u00e9. R\u00e9alis\u00e9es \u00e0 la main par des artisans du Salento.","og_url":"https:\/\/ellebicalzature.it\/fr\/product\/menorquinas-artisanales-en-cuir-marron\/","og_site_name":"Ellebi","article_publisher":"https:\/\/www.facebook.com\/ellebisandaliartigianaligallipoli\/","og_image":[{"width":2080,"height":2004,"url":"https:\/\/ellebicalzature.it\/wp-content\/uploads\/2026\/03\/immagine_1773316987.webp","type":"image\/webp"}],"twitter_card":"summary_large_image","schema":{"@context":"https:\/\/schema.org","@graph":[{"@type":"WebPage","@id":"https:\/\/ellebicalzature.it\/fr\/product\/menorquinas-artisanales-en-cuir-marron\/","url":"https:\/\/ellebicalzature.it\/fr\/product\/menorquinas-artisanales-en-cuir-marron\/","name":"Menorquinas artisanales en cuir marron | Ellebi","isPartOf":{"@id":"https:\/\/ellebicalzature.it\/fr\/#website"},"primaryImageOfPage":{"@id":"https:\/\/ellebicalzature.it\/fr\/product\/menorquinas-artisanales-en-cuir-marron\/#primaryimage"},"image":{"@id":"https:\/\/ellebicalzature.it\/fr\/product\/menorquinas-artisanales-en-cuir-marron\/#primaryimage"},"thumbnailUrl":"https:\/\/ellebicalzature.it\/wp-content\/uploads\/2026\/03\/immagine_1773316987.webp","datePublished":"2026-03-12T12:04:28+00:00","description":"Menorquinas artisanales pour femme en cuir marron. Semelle int\u00e9rieure en cuir et semelle en caoutchouc all\u00e9g\u00e9. R\u00e9alis\u00e9es \u00e0 la main par des artisans du Salento.","breadcrumb":{"@id":"https:\/\/ellebicalzature.it\/fr\/product\/menorquinas-artisanales-en-cuir-marron\/#breadcrumb"},"inLanguage":"fr-FR","potentialAction":[{"@type":"ReadAction","target":["https:\/\/ellebicalzature.it\/fr\/product\/menorquinas-artisanales-en-cuir-marron\/"]}]},{"@type":"ImageObject","inLanguage":"fr-FR","@id":"https:\/\/ellebicalzature.it\/fr\/product\/menorquinas-artisanales-en-cuir-marron\/#primaryimage","url":"https:\/\/ellebicalzature.it\/wp-content\/uploads\/2026\/03\/immagine_1773316987.webp","contentUrl":"https:\/\/ellebicalzature.it\/wp-content\/uploads\/2026\/03\/immagine_1773316987.webp","width":2080,"height":2004},{"@type":"BreadcrumbList","@id":"https:\/\/ellebicalzature.it\/fr\/product\/menorquinas-artisanales-en-cuir-marron\/#breadcrumb","itemListElement":[{"@type":"ListItem","position":1,"name":"Home","item":"https:\/\/ellebicalzature.it\/fr\/"},{"@type":"ListItem","position":2,"name":"Boutique","item":"https:\/\/ellebicalzature.it\/fr\/boutique\/"},{"@type":"ListItem","position":3,"name":"Menorquinas artisanales en cuir marron"}]},{"@type":"WebSite","@id":"https:\/\/ellebicalzature.it\/fr\/#website","url":"https:\/\/ellebicalzature.it\/fr\/","name":"Elleb\u00ec","description":"Calzature e accessori Gallipoli","publisher":{"@id":"https:\/\/ellebicalzature.it\/fr\/#organization"},"alternateName":"Elleb\u00ec | Calzature Gallipoli","potentialAction":[{"@type":"SearchAction","target":{"@type":"EntryPoint","urlTemplate":"https:\/\/ellebicalzature.it\/fr\/?s={search_term_string}"},"query-input":{"@type":"PropertyValueSpecification","valueRequired":true,"valueName":"search_term_string"}}],"inLanguage":"fr-FR"},{"@type":"Organization","@id":"https:\/\/ellebicalzature.it\/fr\/#organization","name":"Ellebi","url":"https:\/\/ellebicalzature.it\/fr\/","logo":{"@type":"ImageObject","inLanguage":"fr-FR","@id":"https:\/\/ellebicalzature.it\/fr\/#\/schema\/logo\/image\/","url":"https:\/\/ellebicalzature.it\/wp-content\/uploads\/2024\/04\/logo-ellebi.png","contentUrl":"https:\/\/ellebicalzature.it\/wp-content\/uploads\/2024\/04\/logo-ellebi.png","width":221,"height":131,"caption":"Ellebi"},"image":{"@id":"https:\/\/ellebicalzature.it\/fr\/#\/schema\/logo\/image\/"},"sameAs":["https:\/\/www.facebook.com\/ellebisandaliartigianaligallipoli\/","https:\/\/www.instagram.com\/ellebicalzature\/?hl=it"]}]}},"_links":{"self":[{"href":"https:\/\/ellebicalzature.it\/fr\/wp-json\/wp\/v2\/product\/76223","targetHints":{"allow":["GET"]}}],"collection":[{"href":"https:\/\/ellebicalzature.it\/fr\/wp-json\/wp\/v2\/product"}],"about":[{"href":"https:\/\/ellebicalzature.it\/fr\/wp-json\/wp\/v2\/types\/product"}],"replies":[{"embeddable":true,"href":"https:\/\/ellebicalzature.it\/fr\/wp-json\/wp\/v2\/comments?post=76223"}],"version-history":[{"count":0,"href":"https:\/\/ellebicalzature.it\/fr\/wp-json\/wp\/v2\/product\/76223\/revisions"}],"wp:featuredmedia":[{"embeddable":true,"href":"https:\/\/ellebicalzature.it\/fr\/wp-json\/wp\/v2\/media\/72478"}],"wp:attachment":[{"href":"https:\/\/ellebicalzature.it\/fr\/wp-json\/wp\/v2\/media?parent=76223"}],"wp:term":[{"taxonomy":"product_brand","embeddable":true,"href":"https:\/\/ellebicalzature.it\/fr\/wp-json\/wp\/v2\/product_brand?post=76223"},{"taxonomy":"product_cat","embeddable":true,"href":"https:\/\/ellebicalzature.it\/fr\/wp-json\/wp\/v2\/product_cat?post=76223"},{"taxonomy":"product_tag","embeddable":true,"href":"https:\/\/ellebicalzature.it\/fr\/wp-json\/wp\/v2\/product_tag?post=76223"}],"curies":[{"name":"wp","href":"https:\/\/api.w.org\/{rel}","templated":true}]}}