{"id":76392,"date":"2026-03-10T16:35:33","date_gmt":"2026-03-10T15:35:33","guid":{"rendered":"https:\/\/ellebicalzature.it\/product\/sandales-bijoux-avec-poulpe-dore\/"},"modified":"2026-03-10T16:35:33","modified_gmt":"2026-03-10T15:35:33","slug":"sandales-bijoux-avec-poulpe-dore","status":"publish","type":"product","link":"https:\/\/ellebicalzature.it\/fr\/product\/sandales-bijoux-avec-poulpe-dore\/","title":{"rendered":"Sandales bijoux avec poulpe dor\u00e9"},"content":{"rendered":"<p>Sandales bijoux artisanales en cuir naturel avec application inspir\u00e9e du monde marin. Le d\u00e9tail poulpe apporte \u00e9l\u00e9gance et caract\u00e8re \u00e0 chaque look estival. <\/p>\n","protected":false},"excerpt":{"rendered":"<p>Sandales entre-doigts enti\u00e8rement r\u00e9alis\u00e9es en cuir italien de haute qualit\u00e9, travaill\u00e9es et finies \u00e0 la main. La tige est agr\u00e9ment\u00e9e dune \u00e9l\u00e9gante application bijou inspir\u00e9e du monde marin, avec un motif poulpe et des d\u00e9tails corail, con\u00e7ue pour apporter lumi\u00e8re et personnalit\u00e9 au design. La structure garantit confort et stabilit\u00e9, tandis que la semelle en cuir assure respirabilit\u00e9 et durabilit\u00e9.  <\/p>\n<p>Fabriqu\u00e9es artisanalement dans le Salento par des ma\u00eetres artisans, ces sandales repr\u00e9sentent lexcellence de la manufacture italienne, alliant tradition, soin du d\u00e9tail et style intemporel.<\/p>\n","protected":false},"featured_media":71488,"comment_status":"open","ping_status":"closed","template":"","meta":{"_monsterinsights_skip_tracking":false,"_monsterinsights_sitenote_active":false,"_monsterinsights_sitenote_note":"","_monsterinsights_sitenote_category":0},"product_brand":[],"product_cat":[1217,1221,1212],"product_tag":[1759],"class_list":{"0":"post-76392","1":"product","2":"type-product","3":"status-publish","4":"has-post-thumbnail","6":"product_cat-chaussures-artisanales-femme","7":"product_cat-nouveautes","8":"product_cat-sandales-artisanales-femme-bijoux","9":"product_tag-sandales-bijoux-artisanales","10":"pa_taglia-1757","11":"pa_taglia-1756","12":"pa_taglia-1349","13":"pa_taglia-1356","14":"pa_taglia-1354","15":"pa_taglia-1357","16":"pa_taglia-1355","17":"pa_taglia-1353","18":"pa_taglia-1352","19":"pa_taglia-1351","20":"pa_taglia-1350","22":"first","23":"instock","24":"taxable","25":"shipping-taxable","26":"purchasable","27":"product-type-variable"},"yoast_head":"<!-- This site is optimized with the Yoast SEO plugin v27.3 - https:\/\/yoast.com\/product\/yoast-seo-wordpress\/ -->\n<title>Sandales bijoux avec poulpe dor\u00e9 | Ellebi<\/title>\n<meta name=\"description\" content=\"Sandales entre-doigts en cuir avec bijou inspir\u00e9 de la mer et poulpe dor\u00e9. Fabrication artisanale du Salento, \u00e9l\u00e9gante et confortable.\" \/>\n<meta name=\"robots\" content=\"index, follow, max-snippet:-1, max-image-preview:large, max-video-preview:-1\" \/>\n<link rel=\"canonical\" href=\"https:\/\/ellebicalzature.it\/fr\/product\/sandales-bijoux-avec-poulpe-dore\/\" \/>\n<meta property=\"og:locale\" content=\"fr_FR\" \/>\n<meta property=\"og:type\" content=\"article\" \/>\n<meta property=\"og:title\" content=\"Sandales bijoux avec poulpe dor\u00e9 | Ellebi\" \/>\n<meta property=\"og:description\" content=\"Sandales entre-doigts en cuir avec bijou inspir\u00e9 de la mer et poulpe dor\u00e9. Fabrication artisanale du Salento, \u00e9l\u00e9gante et confortable.\" \/>\n<meta property=\"og:url\" content=\"https:\/\/ellebicalzature.it\/fr\/product\/sandales-bijoux-avec-poulpe-dore\/\" \/>\n<meta property=\"og:site_name\" content=\"Ellebi\" \/>\n<meta property=\"article:publisher\" content=\"https:\/\/www.facebook.com\/ellebisandaliartigianaligallipoli\/\" \/>\n<meta property=\"og:image\" content=\"https:\/\/ellebicalzature.it\/wp-content\/uploads\/2026\/01\/immagine_1768327626.webp\" \/>\n\t<meta property=\"og:image:width\" content=\"1666\" \/>\n\t<meta property=\"og:image:height\" content=\"2031\" \/>\n\t<meta property=\"og:image:type\" content=\"image\/webp\" \/>\n<meta name=\"twitter:card\" content=\"summary_large_image\" \/>\n<script type=\"application\/ld+json\" class=\"yoast-schema-graph\">{\"@context\":\"https:\\\/\\\/schema.org\",\"@graph\":[{\"@type\":\"WebPage\",\"@id\":\"https:\\\/\\\/ellebicalzature.it\\\/fr\\\/product\\\/sandales-bijoux-avec-poulpe-dore\\\/\",\"url\":\"https:\\\/\\\/ellebicalzature.it\\\/fr\\\/product\\\/sandales-bijoux-avec-poulpe-dore\\\/\",\"name\":\"Sandales bijoux avec poulpe dor\u00e9 | Ellebi\",\"isPartOf\":{\"@id\":\"https:\\\/\\\/ellebicalzature.it\\\/fr\\\/#website\"},\"primaryImageOfPage\":{\"@id\":\"https:\\\/\\\/ellebicalzature.it\\\/fr\\\/product\\\/sandales-bijoux-avec-poulpe-dore\\\/#primaryimage\"},\"image\":{\"@id\":\"https:\\\/\\\/ellebicalzature.it\\\/fr\\\/product\\\/sandales-bijoux-avec-poulpe-dore\\\/#primaryimage\"},\"thumbnailUrl\":\"https:\\\/\\\/ellebicalzature.it\\\/wp-content\\\/uploads\\\/2026\\\/01\\\/immagine_1768327626.webp\",\"datePublished\":\"2026-03-10T15:35:33+00:00\",\"description\":\"Sandales entre-doigts en cuir avec bijou inspir\u00e9 de la mer et poulpe dor\u00e9. Fabrication artisanale du Salento, \u00e9l\u00e9gante et confortable.\",\"breadcrumb\":{\"@id\":\"https:\\\/\\\/ellebicalzature.it\\\/fr\\\/product\\\/sandales-bijoux-avec-poulpe-dore\\\/#breadcrumb\"},\"inLanguage\":\"fr-FR\",\"potentialAction\":[{\"@type\":\"ReadAction\",\"target\":[\"https:\\\/\\\/ellebicalzature.it\\\/fr\\\/product\\\/sandales-bijoux-avec-poulpe-dore\\\/\"]}]},{\"@type\":\"ImageObject\",\"inLanguage\":\"fr-FR\",\"@id\":\"https:\\\/\\\/ellebicalzature.it\\\/fr\\\/product\\\/sandales-bijoux-avec-poulpe-dore\\\/#primaryimage\",\"url\":\"https:\\\/\\\/ellebicalzature.it\\\/wp-content\\\/uploads\\\/2026\\\/01\\\/immagine_1768327626.webp\",\"contentUrl\":\"https:\\\/\\\/ellebicalzature.it\\\/wp-content\\\/uploads\\\/2026\\\/01\\\/immagine_1768327626.webp\",\"width\":1666,\"height\":2031},{\"@type\":\"BreadcrumbList\",\"@id\":\"https:\\\/\\\/ellebicalzature.it\\\/fr\\\/product\\\/sandales-bijoux-avec-poulpe-dore\\\/#breadcrumb\",\"itemListElement\":[{\"@type\":\"ListItem\",\"position\":1,\"name\":\"Home\",\"item\":\"https:\\\/\\\/ellebicalzature.it\\\/fr\\\/\"},{\"@type\":\"ListItem\",\"position\":2,\"name\":\"Boutique\",\"item\":\"https:\\\/\\\/ellebicalzature.it\\\/fr\\\/boutique\\\/\"},{\"@type\":\"ListItem\",\"position\":3,\"name\":\"Sandales bijoux avec poulpe dor\u00e9\"}]},{\"@type\":\"WebSite\",\"@id\":\"https:\\\/\\\/ellebicalzature.it\\\/fr\\\/#website\",\"url\":\"https:\\\/\\\/ellebicalzature.it\\\/fr\\\/\",\"name\":\"Elleb\u00ec\",\"description\":\"Calzature e accessori Gallipoli\",\"publisher\":{\"@id\":\"https:\\\/\\\/ellebicalzature.it\\\/fr\\\/#organization\"},\"alternateName\":\"Elleb\u00ec | Calzature Gallipoli\",\"potentialAction\":[{\"@type\":\"SearchAction\",\"target\":{\"@type\":\"EntryPoint\",\"urlTemplate\":\"https:\\\/\\\/ellebicalzature.it\\\/fr\\\/?s={search_term_string}\"},\"query-input\":{\"@type\":\"PropertyValueSpecification\",\"valueRequired\":true,\"valueName\":\"search_term_string\"}}],\"inLanguage\":\"fr-FR\"},{\"@type\":\"Organization\",\"@id\":\"https:\\\/\\\/ellebicalzature.it\\\/fr\\\/#organization\",\"name\":\"Ellebi\",\"url\":\"https:\\\/\\\/ellebicalzature.it\\\/fr\\\/\",\"logo\":{\"@type\":\"ImageObject\",\"inLanguage\":\"fr-FR\",\"@id\":\"https:\\\/\\\/ellebicalzature.it\\\/fr\\\/#\\\/schema\\\/logo\\\/image\\\/\",\"url\":\"https:\\\/\\\/ellebicalzature.it\\\/wp-content\\\/uploads\\\/2024\\\/04\\\/logo-ellebi.png\",\"contentUrl\":\"https:\\\/\\\/ellebicalzature.it\\\/wp-content\\\/uploads\\\/2024\\\/04\\\/logo-ellebi.png\",\"width\":221,\"height\":131,\"caption\":\"Ellebi\"},\"image\":{\"@id\":\"https:\\\/\\\/ellebicalzature.it\\\/fr\\\/#\\\/schema\\\/logo\\\/image\\\/\"},\"sameAs\":[\"https:\\\/\\\/www.facebook.com\\\/ellebisandaliartigianaligallipoli\\\/\",\"https:\\\/\\\/www.instagram.com\\\/ellebicalzature\\\/?hl=it\"]}]}<\/script>\n<!-- \/ Yoast SEO plugin. -->","yoast_head_json":{"title":"Sandales bijoux avec poulpe dor\u00e9 | Ellebi","description":"Sandales entre-doigts en cuir avec bijou inspir\u00e9 de la mer et poulpe dor\u00e9. Fabrication artisanale du Salento, \u00e9l\u00e9gante et confortable.","robots":{"index":"index","follow":"follow","max-snippet":"max-snippet:-1","max-image-preview":"max-image-preview:large","max-video-preview":"max-video-preview:-1"},"canonical":"https:\/\/ellebicalzature.it\/fr\/product\/sandales-bijoux-avec-poulpe-dore\/","og_locale":"fr_FR","og_type":"article","og_title":"Sandales bijoux avec poulpe dor\u00e9 | Ellebi","og_description":"Sandales entre-doigts en cuir avec bijou inspir\u00e9 de la mer et poulpe dor\u00e9. Fabrication artisanale du Salento, \u00e9l\u00e9gante et confortable.","og_url":"https:\/\/ellebicalzature.it\/fr\/product\/sandales-bijoux-avec-poulpe-dore\/","og_site_name":"Ellebi","article_publisher":"https:\/\/www.facebook.com\/ellebisandaliartigianaligallipoli\/","og_image":[{"width":1666,"height":2031,"url":"https:\/\/ellebicalzature.it\/wp-content\/uploads\/2026\/01\/immagine_1768327626.webp","type":"image\/webp"}],"twitter_card":"summary_large_image","schema":{"@context":"https:\/\/schema.org","@graph":[{"@type":"WebPage","@id":"https:\/\/ellebicalzature.it\/fr\/product\/sandales-bijoux-avec-poulpe-dore\/","url":"https:\/\/ellebicalzature.it\/fr\/product\/sandales-bijoux-avec-poulpe-dore\/","name":"Sandales bijoux avec poulpe dor\u00e9 | Ellebi","isPartOf":{"@id":"https:\/\/ellebicalzature.it\/fr\/#website"},"primaryImageOfPage":{"@id":"https:\/\/ellebicalzature.it\/fr\/product\/sandales-bijoux-avec-poulpe-dore\/#primaryimage"},"image":{"@id":"https:\/\/ellebicalzature.it\/fr\/product\/sandales-bijoux-avec-poulpe-dore\/#primaryimage"},"thumbnailUrl":"https:\/\/ellebicalzature.it\/wp-content\/uploads\/2026\/01\/immagine_1768327626.webp","datePublished":"2026-03-10T15:35:33+00:00","description":"Sandales entre-doigts en cuir avec bijou inspir\u00e9 de la mer et poulpe dor\u00e9. Fabrication artisanale du Salento, \u00e9l\u00e9gante et confortable.","breadcrumb":{"@id":"https:\/\/ellebicalzature.it\/fr\/product\/sandales-bijoux-avec-poulpe-dore\/#breadcrumb"},"inLanguage":"fr-FR","potentialAction":[{"@type":"ReadAction","target":["https:\/\/ellebicalzature.it\/fr\/product\/sandales-bijoux-avec-poulpe-dore\/"]}]},{"@type":"ImageObject","inLanguage":"fr-FR","@id":"https:\/\/ellebicalzature.it\/fr\/product\/sandales-bijoux-avec-poulpe-dore\/#primaryimage","url":"https:\/\/ellebicalzature.it\/wp-content\/uploads\/2026\/01\/immagine_1768327626.webp","contentUrl":"https:\/\/ellebicalzature.it\/wp-content\/uploads\/2026\/01\/immagine_1768327626.webp","width":1666,"height":2031},{"@type":"BreadcrumbList","@id":"https:\/\/ellebicalzature.it\/fr\/product\/sandales-bijoux-avec-poulpe-dore\/#breadcrumb","itemListElement":[{"@type":"ListItem","position":1,"name":"Home","item":"https:\/\/ellebicalzature.it\/fr\/"},{"@type":"ListItem","position":2,"name":"Boutique","item":"https:\/\/ellebicalzature.it\/fr\/boutique\/"},{"@type":"ListItem","position":3,"name":"Sandales bijoux avec poulpe dor\u00e9"}]},{"@type":"WebSite","@id":"https:\/\/ellebicalzature.it\/fr\/#website","url":"https:\/\/ellebicalzature.it\/fr\/","name":"Elleb\u00ec","description":"Calzature e accessori Gallipoli","publisher":{"@id":"https:\/\/ellebicalzature.it\/fr\/#organization"},"alternateName":"Elleb\u00ec | Calzature Gallipoli","potentialAction":[{"@type":"SearchAction","target":{"@type":"EntryPoint","urlTemplate":"https:\/\/ellebicalzature.it\/fr\/?s={search_term_string}"},"query-input":{"@type":"PropertyValueSpecification","valueRequired":true,"valueName":"search_term_string"}}],"inLanguage":"fr-FR"},{"@type":"Organization","@id":"https:\/\/ellebicalzature.it\/fr\/#organization","name":"Ellebi","url":"https:\/\/ellebicalzature.it\/fr\/","logo":{"@type":"ImageObject","inLanguage":"fr-FR","@id":"https:\/\/ellebicalzature.it\/fr\/#\/schema\/logo\/image\/","url":"https:\/\/ellebicalzature.it\/wp-content\/uploads\/2024\/04\/logo-ellebi.png","contentUrl":"https:\/\/ellebicalzature.it\/wp-content\/uploads\/2024\/04\/logo-ellebi.png","width":221,"height":131,"caption":"Ellebi"},"image":{"@id":"https:\/\/ellebicalzature.it\/fr\/#\/schema\/logo\/image\/"},"sameAs":["https:\/\/www.facebook.com\/ellebisandaliartigianaligallipoli\/","https:\/\/www.instagram.com\/ellebicalzature\/?hl=it"]}]}},"_links":{"self":[{"href":"https:\/\/ellebicalzature.it\/fr\/wp-json\/wp\/v2\/product\/76392","targetHints":{"allow":["GET"]}}],"collection":[{"href":"https:\/\/ellebicalzature.it\/fr\/wp-json\/wp\/v2\/product"}],"about":[{"href":"https:\/\/ellebicalzature.it\/fr\/wp-json\/wp\/v2\/types\/product"}],"replies":[{"embeddable":true,"href":"https:\/\/ellebicalzature.it\/fr\/wp-json\/wp\/v2\/comments?post=76392"}],"version-history":[{"count":0,"href":"https:\/\/ellebicalzature.it\/fr\/wp-json\/wp\/v2\/product\/76392\/revisions"}],"wp:featuredmedia":[{"embeddable":true,"href":"https:\/\/ellebicalzature.it\/fr\/wp-json\/wp\/v2\/media\/71488"}],"wp:attachment":[{"href":"https:\/\/ellebicalzature.it\/fr\/wp-json\/wp\/v2\/media?parent=76392"}],"wp:term":[{"taxonomy":"product_brand","embeddable":true,"href":"https:\/\/ellebicalzature.it\/fr\/wp-json\/wp\/v2\/product_brand?post=76392"},{"taxonomy":"product_cat","embeddable":true,"href":"https:\/\/ellebicalzature.it\/fr\/wp-json\/wp\/v2\/product_cat?post=76392"},{"taxonomy":"product_tag","embeddable":true,"href":"https:\/\/ellebicalzature.it\/fr\/wp-json\/wp\/v2\/product_tag?post=76392"}],"curies":[{"name":"wp","href":"https:\/\/api.w.org\/{rel}","templated":true}]}}