{"id":76393,"date":"2026-03-10T16:35:23","date_gmt":"2026-03-10T15:35:23","guid":{"rendered":"https:\/\/ellebicalzature.it\/product\/sandales-bijoux-avec-poisson-marin\/"},"modified":"2026-03-10T16:35:23","modified_gmt":"2026-03-10T15:35:23","slug":"sandales-bijoux-avec-poisson-marin","status":"publish","type":"product","link":"https:\/\/ellebicalzature.it\/fr\/product\/sandales-bijoux-avec-poisson-marin\/","title":{"rendered":"Sandales bijoux avec poisson marin"},"content":{"rendered":"<p>Sandales bijoux artisanales faites main, agr\u00e9ment\u00e9es dun accessoire raffin\u00e9 inspir\u00e9 du poisson de mer.<\/p>\n","protected":false},"excerpt":{"rendered":"<p>Sandales bijoux fabriqu\u00e9es artisanalement par des ma\u00eetres artisans du Salento. Ce mod\u00e8le se caract\u00e9rise par une structure entre-doigts avec bride r\u00e9glable au talon. La tige est agr\u00e9ment\u00e9e dun accessoire bijou raffin\u00e9 inspir\u00e9 du monde marin, avec des applications lumineuses et des d\u00e9tails d\u00e9coratifs rappelant la forme dun poisson de mer. Tige, semelle int\u00e9rieure rembourr\u00e9e et semelle en cuir.   <\/p>\n","protected":false},"featured_media":71504,"comment_status":"open","ping_status":"closed","template":"","meta":{"_monsterinsights_skip_tracking":false,"_monsterinsights_sitenote_active":false,"_monsterinsights_sitenote_note":"","_monsterinsights_sitenote_category":0},"product_brand":[],"product_cat":[1217,1221,1212],"product_tag":[2762,1759],"class_list":{"0":"post-76393","1":"product","2":"type-product","3":"status-publish","4":"has-post-thumbnail","6":"product_cat-chaussures-artisanales-femme","7":"product_cat-nouveautes","8":"product_cat-sandales-artisanales-femme-bijoux","9":"product_tag-sandales-bijoux","10":"product_tag-sandales-bijoux-artisanales","11":"pa_taglia-1757","12":"pa_taglia-1756","13":"pa_taglia-1349","14":"pa_taglia-1356","15":"pa_taglia-1354","16":"pa_taglia-1357","17":"pa_taglia-1355","18":"pa_taglia-1353","19":"pa_taglia-1352","20":"pa_taglia-1351","21":"pa_taglia-1350","23":"first","24":"instock","25":"taxable","26":"shipping-taxable","27":"purchasable","28":"product-type-variable"},"yoast_head":"<!-- This site is optimized with the Yoast SEO plugin v27.3 - https:\/\/yoast.com\/product\/yoast-seo-wordpress\/ -->\n<title>Sandales bijoux avec poisson marin | Ellebi<\/title>\n<meta name=\"description\" content=\"Sandales bijoux entre-doigts artisanales du Salento avec bride au talon et accessoire marin en forme de poisson. \u00c9l\u00e9gance estivale faite main.\" \/>\n<meta name=\"robots\" content=\"index, follow, max-snippet:-1, max-image-preview:large, max-video-preview:-1\" \/>\n<link rel=\"canonical\" href=\"https:\/\/ellebicalzature.it\/fr\/product\/sandales-bijoux-avec-poisson-marin\/\" \/>\n<meta property=\"og:locale\" content=\"fr_FR\" \/>\n<meta property=\"og:type\" content=\"article\" \/>\n<meta property=\"og:title\" content=\"Sandales bijoux avec poisson marin | Ellebi\" \/>\n<meta property=\"og:description\" content=\"Sandales bijoux entre-doigts artisanales du Salento avec bride au talon et accessoire marin en forme de poisson. \u00c9l\u00e9gance estivale faite main.\" \/>\n<meta property=\"og:url\" content=\"https:\/\/ellebicalzature.it\/fr\/product\/sandales-bijoux-avec-poisson-marin\/\" \/>\n<meta property=\"og:site_name\" content=\"Ellebi\" \/>\n<meta property=\"article:publisher\" content=\"https:\/\/www.facebook.com\/ellebisandaliartigianaligallipoli\/\" \/>\n<meta property=\"og:image\" content=\"https:\/\/ellebicalzature.it\/wp-content\/uploads\/2026\/01\/immagine_1768480481.webp\" \/>\n\t<meta property=\"og:image:width\" content=\"1647\" \/>\n\t<meta property=\"og:image:height\" content=\"1887\" \/>\n\t<meta property=\"og:image:type\" content=\"image\/webp\" \/>\n<meta name=\"twitter:card\" content=\"summary_large_image\" \/>\n<script type=\"application\/ld+json\" class=\"yoast-schema-graph\">{\"@context\":\"https:\\\/\\\/schema.org\",\"@graph\":[{\"@type\":\"WebPage\",\"@id\":\"https:\\\/\\\/ellebicalzature.it\\\/fr\\\/product\\\/sandales-bijoux-avec-poisson-marin\\\/\",\"url\":\"https:\\\/\\\/ellebicalzature.it\\\/fr\\\/product\\\/sandales-bijoux-avec-poisson-marin\\\/\",\"name\":\"Sandales bijoux avec poisson marin | Ellebi\",\"isPartOf\":{\"@id\":\"https:\\\/\\\/ellebicalzature.it\\\/fr\\\/#website\"},\"primaryImageOfPage\":{\"@id\":\"https:\\\/\\\/ellebicalzature.it\\\/fr\\\/product\\\/sandales-bijoux-avec-poisson-marin\\\/#primaryimage\"},\"image\":{\"@id\":\"https:\\\/\\\/ellebicalzature.it\\\/fr\\\/product\\\/sandales-bijoux-avec-poisson-marin\\\/#primaryimage\"},\"thumbnailUrl\":\"https:\\\/\\\/ellebicalzature.it\\\/wp-content\\\/uploads\\\/2026\\\/01\\\/immagine_1768480481.webp\",\"datePublished\":\"2026-03-10T15:35:23+00:00\",\"description\":\"Sandales bijoux entre-doigts artisanales du Salento avec bride au talon et accessoire marin en forme de poisson. \u00c9l\u00e9gance estivale faite main.\",\"breadcrumb\":{\"@id\":\"https:\\\/\\\/ellebicalzature.it\\\/fr\\\/product\\\/sandales-bijoux-avec-poisson-marin\\\/#breadcrumb\"},\"inLanguage\":\"fr-FR\",\"potentialAction\":[{\"@type\":\"ReadAction\",\"target\":[\"https:\\\/\\\/ellebicalzature.it\\\/fr\\\/product\\\/sandales-bijoux-avec-poisson-marin\\\/\"]}]},{\"@type\":\"ImageObject\",\"inLanguage\":\"fr-FR\",\"@id\":\"https:\\\/\\\/ellebicalzature.it\\\/fr\\\/product\\\/sandales-bijoux-avec-poisson-marin\\\/#primaryimage\",\"url\":\"https:\\\/\\\/ellebicalzature.it\\\/wp-content\\\/uploads\\\/2026\\\/01\\\/immagine_1768480481.webp\",\"contentUrl\":\"https:\\\/\\\/ellebicalzature.it\\\/wp-content\\\/uploads\\\/2026\\\/01\\\/immagine_1768480481.webp\",\"width\":1647,\"height\":1887},{\"@type\":\"BreadcrumbList\",\"@id\":\"https:\\\/\\\/ellebicalzature.it\\\/fr\\\/product\\\/sandales-bijoux-avec-poisson-marin\\\/#breadcrumb\",\"itemListElement\":[{\"@type\":\"ListItem\",\"position\":1,\"name\":\"Home\",\"item\":\"https:\\\/\\\/ellebicalzature.it\\\/fr\\\/\"},{\"@type\":\"ListItem\",\"position\":2,\"name\":\"Boutique\",\"item\":\"https:\\\/\\\/ellebicalzature.it\\\/fr\\\/boutique\\\/\"},{\"@type\":\"ListItem\",\"position\":3,\"name\":\"Sandales bijoux avec poisson marin\"}]},{\"@type\":\"WebSite\",\"@id\":\"https:\\\/\\\/ellebicalzature.it\\\/fr\\\/#website\",\"url\":\"https:\\\/\\\/ellebicalzature.it\\\/fr\\\/\",\"name\":\"Elleb\u00ec\",\"description\":\"Calzature e accessori Gallipoli\",\"publisher\":{\"@id\":\"https:\\\/\\\/ellebicalzature.it\\\/fr\\\/#organization\"},\"alternateName\":\"Elleb\u00ec | Calzature Gallipoli\",\"potentialAction\":[{\"@type\":\"SearchAction\",\"target\":{\"@type\":\"EntryPoint\",\"urlTemplate\":\"https:\\\/\\\/ellebicalzature.it\\\/fr\\\/?s={search_term_string}\"},\"query-input\":{\"@type\":\"PropertyValueSpecification\",\"valueRequired\":true,\"valueName\":\"search_term_string\"}}],\"inLanguage\":\"fr-FR\"},{\"@type\":\"Organization\",\"@id\":\"https:\\\/\\\/ellebicalzature.it\\\/fr\\\/#organization\",\"name\":\"Ellebi\",\"url\":\"https:\\\/\\\/ellebicalzature.it\\\/fr\\\/\",\"logo\":{\"@type\":\"ImageObject\",\"inLanguage\":\"fr-FR\",\"@id\":\"https:\\\/\\\/ellebicalzature.it\\\/fr\\\/#\\\/schema\\\/logo\\\/image\\\/\",\"url\":\"https:\\\/\\\/ellebicalzature.it\\\/wp-content\\\/uploads\\\/2024\\\/04\\\/logo-ellebi.png\",\"contentUrl\":\"https:\\\/\\\/ellebicalzature.it\\\/wp-content\\\/uploads\\\/2024\\\/04\\\/logo-ellebi.png\",\"width\":221,\"height\":131,\"caption\":\"Ellebi\"},\"image\":{\"@id\":\"https:\\\/\\\/ellebicalzature.it\\\/fr\\\/#\\\/schema\\\/logo\\\/image\\\/\"},\"sameAs\":[\"https:\\\/\\\/www.facebook.com\\\/ellebisandaliartigianaligallipoli\\\/\",\"https:\\\/\\\/www.instagram.com\\\/ellebicalzature\\\/?hl=it\"]}]}<\/script>\n<!-- \/ Yoast SEO plugin. -->","yoast_head_json":{"title":"Sandales bijoux avec poisson marin | Ellebi","description":"Sandales bijoux entre-doigts artisanales du Salento avec bride au talon et accessoire marin en forme de poisson. \u00c9l\u00e9gance estivale faite main.","robots":{"index":"index","follow":"follow","max-snippet":"max-snippet:-1","max-image-preview":"max-image-preview:large","max-video-preview":"max-video-preview:-1"},"canonical":"https:\/\/ellebicalzature.it\/fr\/product\/sandales-bijoux-avec-poisson-marin\/","og_locale":"fr_FR","og_type":"article","og_title":"Sandales bijoux avec poisson marin | Ellebi","og_description":"Sandales bijoux entre-doigts artisanales du Salento avec bride au talon et accessoire marin en forme de poisson. \u00c9l\u00e9gance estivale faite main.","og_url":"https:\/\/ellebicalzature.it\/fr\/product\/sandales-bijoux-avec-poisson-marin\/","og_site_name":"Ellebi","article_publisher":"https:\/\/www.facebook.com\/ellebisandaliartigianaligallipoli\/","og_image":[{"width":1647,"height":1887,"url":"https:\/\/ellebicalzature.it\/wp-content\/uploads\/2026\/01\/immagine_1768480481.webp","type":"image\/webp"}],"twitter_card":"summary_large_image","schema":{"@context":"https:\/\/schema.org","@graph":[{"@type":"WebPage","@id":"https:\/\/ellebicalzature.it\/fr\/product\/sandales-bijoux-avec-poisson-marin\/","url":"https:\/\/ellebicalzature.it\/fr\/product\/sandales-bijoux-avec-poisson-marin\/","name":"Sandales bijoux avec poisson marin | Ellebi","isPartOf":{"@id":"https:\/\/ellebicalzature.it\/fr\/#website"},"primaryImageOfPage":{"@id":"https:\/\/ellebicalzature.it\/fr\/product\/sandales-bijoux-avec-poisson-marin\/#primaryimage"},"image":{"@id":"https:\/\/ellebicalzature.it\/fr\/product\/sandales-bijoux-avec-poisson-marin\/#primaryimage"},"thumbnailUrl":"https:\/\/ellebicalzature.it\/wp-content\/uploads\/2026\/01\/immagine_1768480481.webp","datePublished":"2026-03-10T15:35:23+00:00","description":"Sandales bijoux entre-doigts artisanales du Salento avec bride au talon et accessoire marin en forme de poisson. \u00c9l\u00e9gance estivale faite main.","breadcrumb":{"@id":"https:\/\/ellebicalzature.it\/fr\/product\/sandales-bijoux-avec-poisson-marin\/#breadcrumb"},"inLanguage":"fr-FR","potentialAction":[{"@type":"ReadAction","target":["https:\/\/ellebicalzature.it\/fr\/product\/sandales-bijoux-avec-poisson-marin\/"]}]},{"@type":"ImageObject","inLanguage":"fr-FR","@id":"https:\/\/ellebicalzature.it\/fr\/product\/sandales-bijoux-avec-poisson-marin\/#primaryimage","url":"https:\/\/ellebicalzature.it\/wp-content\/uploads\/2026\/01\/immagine_1768480481.webp","contentUrl":"https:\/\/ellebicalzature.it\/wp-content\/uploads\/2026\/01\/immagine_1768480481.webp","width":1647,"height":1887},{"@type":"BreadcrumbList","@id":"https:\/\/ellebicalzature.it\/fr\/product\/sandales-bijoux-avec-poisson-marin\/#breadcrumb","itemListElement":[{"@type":"ListItem","position":1,"name":"Home","item":"https:\/\/ellebicalzature.it\/fr\/"},{"@type":"ListItem","position":2,"name":"Boutique","item":"https:\/\/ellebicalzature.it\/fr\/boutique\/"},{"@type":"ListItem","position":3,"name":"Sandales bijoux avec poisson marin"}]},{"@type":"WebSite","@id":"https:\/\/ellebicalzature.it\/fr\/#website","url":"https:\/\/ellebicalzature.it\/fr\/","name":"Elleb\u00ec","description":"Calzature e accessori Gallipoli","publisher":{"@id":"https:\/\/ellebicalzature.it\/fr\/#organization"},"alternateName":"Elleb\u00ec | Calzature Gallipoli","potentialAction":[{"@type":"SearchAction","target":{"@type":"EntryPoint","urlTemplate":"https:\/\/ellebicalzature.it\/fr\/?s={search_term_string}"},"query-input":{"@type":"PropertyValueSpecification","valueRequired":true,"valueName":"search_term_string"}}],"inLanguage":"fr-FR"},{"@type":"Organization","@id":"https:\/\/ellebicalzature.it\/fr\/#organization","name":"Ellebi","url":"https:\/\/ellebicalzature.it\/fr\/","logo":{"@type":"ImageObject","inLanguage":"fr-FR","@id":"https:\/\/ellebicalzature.it\/fr\/#\/schema\/logo\/image\/","url":"https:\/\/ellebicalzature.it\/wp-content\/uploads\/2024\/04\/logo-ellebi.png","contentUrl":"https:\/\/ellebicalzature.it\/wp-content\/uploads\/2024\/04\/logo-ellebi.png","width":221,"height":131,"caption":"Ellebi"},"image":{"@id":"https:\/\/ellebicalzature.it\/fr\/#\/schema\/logo\/image\/"},"sameAs":["https:\/\/www.facebook.com\/ellebisandaliartigianaligallipoli\/","https:\/\/www.instagram.com\/ellebicalzature\/?hl=it"]}]}},"_links":{"self":[{"href":"https:\/\/ellebicalzature.it\/fr\/wp-json\/wp\/v2\/product\/76393","targetHints":{"allow":["GET"]}}],"collection":[{"href":"https:\/\/ellebicalzature.it\/fr\/wp-json\/wp\/v2\/product"}],"about":[{"href":"https:\/\/ellebicalzature.it\/fr\/wp-json\/wp\/v2\/types\/product"}],"replies":[{"embeddable":true,"href":"https:\/\/ellebicalzature.it\/fr\/wp-json\/wp\/v2\/comments?post=76393"}],"version-history":[{"count":0,"href":"https:\/\/ellebicalzature.it\/fr\/wp-json\/wp\/v2\/product\/76393\/revisions"}],"wp:featuredmedia":[{"embeddable":true,"href":"https:\/\/ellebicalzature.it\/fr\/wp-json\/wp\/v2\/media\/71504"}],"wp:attachment":[{"href":"https:\/\/ellebicalzature.it\/fr\/wp-json\/wp\/v2\/media?parent=76393"}],"wp:term":[{"taxonomy":"product_brand","embeddable":true,"href":"https:\/\/ellebicalzature.it\/fr\/wp-json\/wp\/v2\/product_brand?post=76393"},{"taxonomy":"product_cat","embeddable":true,"href":"https:\/\/ellebicalzature.it\/fr\/wp-json\/wp\/v2\/product_cat?post=76393"},{"taxonomy":"product_tag","embeddable":true,"href":"https:\/\/ellebicalzature.it\/fr\/wp-json\/wp\/v2\/product_tag?post=76393"}],"curies":[{"name":"wp","href":"https:\/\/api.w.org\/{rel}","templated":true}]}}